{"id":1040,"date":"2018-07-04T08:44:35","date_gmt":"2018-07-04T08:44:35","guid":{"rendered":"https:\/\/home.diakse.com\/?page_id=1040"},"modified":"2019-01-21T18:37:11","modified_gmt":"2019-01-21T18:37:11","slug":"en-savoir-plus-hotels","status":"publish","type":"page","link":"https:\/\/home.diakse.com\/en\/en-savoir-plus-hotels","title":{"rendered":"En savoir plus h\u00f4tels"},"content":{"rendered":"<div id=\"pl-1040\"  class=\"panel-layout\" ><div id=\"pg-1040-0\"  class=\"panel-grid panel-no-style\" ><div id=\"pgc-1040-0-0\"  class=\"panel-grid-cell\" ><div id=\"panel-1040-0-0-0\" class=\"so-panel widget widget_sow-headline panel-first-child\" data-index=\"0\" ><div\n\t\t\t\n\t\t\tclass=\"so-widget-sow-headline so-widget-sow-headline-default-ea0af4cf39ae-1040\"\n\t\t\t\n\t\t><div class=\"sow-headline-container\">\n\t\t\t\t\t\t\t<h1 class=\"sow-headline\">\n\t\t\t\t\t\tUne solution simple, sobre, esth\u00e9tique<a name=\"\u201cancre1\u201d\"><\/a>\t\t\t\t\t\t<\/h1>\n\t\t\t\t\t\t\t\t\t\t\t<div class=\"decoration\">\n\t\t\t\t\t\t<div class=\"decoration-inside\"><\/div>\n\t\t\t\t\t<\/div>\n\t\t\t\t\t<\/div>\n<\/div><\/div><div id=\"panel-1040-0-0-1\" class=\"so-panel widget widget_sow-icon\" data-index=\"1\" ><div\n\t\t\t\n\t\t\tclass=\"so-widget-sow-icon so-widget-sow-icon-default-c40bdd045566-1040\"\n\t\t\t\n\t\t>\n<div class=\"sow-icon-container sow-icon\">\n\t\t\t\t<\/div>\n<\/div><\/div><div id=\"panel-1040-0-0-2\" class=\"so-panel widget widget_sow-editor panel-last-child\" data-index=\"2\" ><div\n\t\t\t\n\t\t\tclass=\"so-widget-sow-editor so-widget-sow-editor-base\"\n\t\t\t\n\t\t>\n<div class=\"siteorigin-widget-tinymce textwidget\">\n\t<p style=\"text-align: center;\">Notre conception de la r\u00e9alit\u00e9 virtuelle est celle d'une <strong>r\u00e9alit\u00e9 immersive<\/strong>. Nos outils rendent la r\u00e9alit\u00e9 virtuelle sublim\u00e9e, plus que r\u00e9elle. Nous recr\u00e9ons une r\u00e9alit\u00e9, mais par assemblage de r\u00e9alit\u00e9s ; nos environnements virtuels proposent ainsi une r\u00e9alit\u00e9 am\u00e9lior\u00e9e.<\/p>\n<p style=\"text-align: center;\">Notre technologie fonctionne par assemblage de segments de r\u00e9alit\u00e9 qui cr\u00e9ent un univers d'un <strong>ach\u00e8vement esth\u00e9tique rare<\/strong>. Gr\u00e2ce \u00e0 notre connaissance de la photographie 360, et \u00e0 notre proc\u00e9d\u00e9 brevet\u00e9 (en savoir plus <a href=\"https:\/\/home.diakse.com\/en\/solutions \/#logiciels\"><strong>ici<\/strong><\/a>), nous pouvons faire ressentir aux visiteurs ce qui fait la personnalit\u00e9 propre de votre h\u00f4tel. Vous cr\u00e9ez donc une visite virtuelle qui montre votre raret\u00e9 et vous offre ainsi une opportunit\u00e9 de vous distinguer de vos concurrents.<\/p>\n<p style=\"text-align: center;\">Mais notre technologie est surtout <strong>simple d'utilisation<\/strong>. Une des valeurs auxquelles nous tenons le plus est notre <strong>pragmatisme<\/strong> : nos solutions sont simples \u00e0 cr\u00e9er et simples \u00e0 utiliser pour vos clients.<\/p>\n<p style=\"text-align: center;\">Ainsi ils peuvent facilement plonger au c\u0153ur de votre environnement, et d\u00e9couvrir en quoi vous \u00eates diff\u00e9rent. S\u00e9duit par vos d\u00e9corations, la qualit\u00e9 de vos services ou de votre spa, l'inspiration de votre terrasse, ils peuvent s'engager en toute qui\u00e9tude et r\u00e9server directement la chambre de leur r\u00eaves. Quel meilleur moyen pour les inciter \u00e0 r\u00e9server vos chambres haut de gamme que de leur faire visiter celles-ci avant leur visite? C'est cela que Diakse vous propose en cr\u00e9ant votre visite virtuelle d\u00e9di\u00e9e.<\/p>\n<p style=\"text-align: center;\">\n<\/div>\n<\/div><\/div><\/div><\/div><div id=\"pg-1040-1\"  class=\"panel-grid panel-no-style\" ><div id=\"pgc-1040-1-0\"  class=\"panel-grid-cell\" ><div id=\"panel-1040-1-0-0\" class=\"so-panel widget widget_sow-headline panel-first-child\" data-index=\"3\" ><div\n\t\t\t\n\t\t\tclass=\"so-widget-sow-headline so-widget-sow-headline-default-98dc6fff397f-1040\"\n\t\t\t\n\t\t><div class=\"sow-headline-container\">\n\t\t\t\t\t\t\t<h3 class=\"sow-headline\">\n\t\t\t\t\t\tUn exemple d'h\u00f4tel virtuel\t\t\t\t\t\t<\/h3>\n\t\t\t\t\t\t\t\t\t\t\t<div class=\"decoration\">\n\t\t\t\t\t\t<div class=\"decoration-inside\"><\/div>\n\t\t\t\t\t<\/div>\n\t\t\t\t\t<\/div>\n<\/div><\/div><div id=\"panel-1040-1-0-1\" class=\"so-panel widget widget_media_video panel-last-child\" data-index=\"4\" ><div class=\"panel-widget-style panel-widget-style-for-1040-1-0-1\" ><div style=\"width:100%;\" class=\"wp-video\"><video class=\"wp-video-shortcode\" id=\"video-1040-1\" preload=\"metadata\" controls=\"controls\"><source type=\"video\/youtube\" src=\"https:\/\/www.youtube.com\/watch?v=v8mCwBiGsBc&#038;_=1\" \/><a href=\"https:\/\/www.youtube.com\/watch?v=v8mCwBiGsBc\">https:\/\/www.youtube.com\/watch?v=v8mCwBiGsBc<\/a><\/video><\/div><\/div><\/div><\/div><\/div><div id=\"pg-1040-2\"  class=\"panel-grid panel-no-style\" ><div id=\"pgc-1040-2-0\"  class=\"panel-grid-cell\" ><div id=\"panel-1040-2-0-0\" class=\"so-panel widget widget_sow-headline panel-first-child\" data-index=\"5\" ><div\n\t\t\t\n\t\t\tclass=\"so-widget-sow-headline so-widget-sow-headline-default-ea0af4cf39ae-1040\"\n\t\t\t\n\t\t><div class=\"sow-headline-container\">\n\t\t\t\t\t\t\t<h1 class=\"sow-headline\">\n\t\t\t\t\t\tComment cr\u00e9er son h\u00f4tel virtuel\t\t\t\t\t\t<\/h1>\n\t\t\t\t\t\t\t\t\t\t\t<div class=\"decoration\">\n\t\t\t\t\t\t<div class=\"decoration-inside\"><\/div>\n\t\t\t\t\t<\/div>\n\t\t\t\t\t<\/div>\n<\/div><\/div><div id=\"panel-1040-2-0-1\" class=\"so-panel widget widget_sow-icon\" data-index=\"6\" ><div\n\t\t\t\n\t\t\tclass=\"so-widget-sow-icon so-widget-sow-icon-default-c40bdd045566-1040\"\n\t\t\t\n\t\t>\n<div class=\"sow-icon-container sow-icon\">\n\t\t\t<span class=\"sow-icon-ionicons\" data-sow-icon=\"&#xf448;\"\n\t\t \n\t\taria-hidden=\"true\"><\/span>\t<\/div>\n<\/div><\/div><div id=\"panel-1040-2-0-2\" class=\"so-panel widget widget_sow-editor panel-last-child\" data-index=\"7\" ><div\n\t\t\t\n\t\t\tclass=\"so-widget-sow-editor so-widget-sow-editor-base\"\n\t\t\t\n\t\t>\n<div class=\"siteorigin-widget-tinymce textwidget\">\n\t<div id=\"creer\">\n<p style=\"text-align: center;\"><strong>Premi\u00e8re \u00e9tape :\u00a0<\/strong>nous venons prendre les photographies des lieux que vous d\u00e9sirez montrer \u00e0 vos clients.<\/p>\n<p style=\"text-align: center;\"><strong>Deuxi\u00e8me \u00e9tape<\/strong> :\u00a0\u00e0 l'aide de nos logiciels et gr\u00e2ce au travail de nos d\u00e9veloppeurs nous cr\u00e9ons votre h\u00f4tel virtuel, dans lequel vos futurs clients peuvent naviguer librement.<\/p>\n<p style=\"text-align: center;\"><strong>Troisi\u00e8me \u00e9tape :\u00a0<\/strong>nous int\u00e9grons, si vous le d\u00e9sirez, un syst\u00e8me de r\u00e9servations. Le client peut alors, si la chambre qu'il visite lui pla\u00eet, la r\u00e9server en quelques clics.<\/p>\n<p style=\"text-align: center;\"><strong>Quatri\u00e8me \u00e9tape :<\/strong> vous mettez en ligne votre visite virtuelle sur votre site internet. Une autre option peut \u00eatre que <a href=\"https:\/\/home.diakse.com\/en\/creationdesite2d\/\"><span style=\"color: #ff6600;\"><strong>nous fassions enti\u00e8rement votre site internet<\/strong><\/span><\/a>. Vous disposez alors d'un site au design raffin\u00e9, simple d'utilisation, mettant parfaitement en valeur votre univers.<\/p>\n<\/div>\n<\/div>\n<\/div><\/div><\/div><\/div><div id=\"pg-1040-3\"  class=\"panel-grid panel-no-style\" ><div id=\"pgc-1040-3-0\"  class=\"panel-grid-cell\" ><div id=\"panel-1040-3-0-0\" class=\"so-panel widget widget_sow-headline panel-first-child\" data-index=\"8\" ><div\n\t\t\t\n\t\t\tclass=\"so-widget-sow-headline so-widget-sow-headline-default-ea0af4cf39ae-1040\"\n\t\t\t\n\t\t><div class=\"sow-headline-container\">\n\t\t\t\t\t\t\t<h1 class=\"sow-headline\">\n\t\t\t\t\t\tR\u00e9coltez et analysez des donn\u00e9es\t\t\t\t\t\t<\/h1>\n\t\t\t\t\t\t\t\t\t\t\t<div class=\"decoration\">\n\t\t\t\t\t\t<div class=\"decoration-inside\"><\/div>\n\t\t\t\t\t<\/div>\n\t\t\t\t\t<\/div>\n<\/div><\/div><div id=\"panel-1040-3-0-1\" class=\"so-panel widget widget_sow-icon\" data-index=\"9\" ><div\n\t\t\t\n\t\t\tclass=\"so-widget-sow-icon so-widget-sow-icon-default-c40bdd045566-1040\"\n\t\t\t\n\t\t>\n<div class=\"sow-icon-container sow-icon\">\n\t\t\t<span class=\"sow-icon-fontawesome sow-fas\" data-sow-icon=\"&#xf080;\"\n\t\t \n\t\taria-hidden=\"true\"><\/span>\t<\/div>\n<\/div><\/div><div id=\"panel-1040-3-0-2\" class=\"so-panel widget widget_sow-editor\" data-index=\"10\" ><div\n\t\t\t\n\t\t\tclass=\"so-widget-sow-editor so-widget-sow-editor-base\"\n\t\t\t\n\t\t>\n<div class=\"siteorigin-widget-tinymce textwidget\">\n\t<div id=\"donnees\">\n<p style=\"text-align: center;\">Nous sommes capables d'identifier les <strong>\"zones chaudes\"<\/strong> de vos h\u00f4tels, c'est-\u00e0-dire, l\u00e0 o\u00f9 vos visiteurs passent le plus de temps, et ce qu'ils regardent le plus. Le fait que nous analysions le <em>regard,\u00a0<\/em>et non le clic, nous permet de vous donner des donn\u00e9es d'une pr\u00e9cision encore plus fine.<\/p>\n<p style=\"text-align: center;\">Vous pouvez ainsi comprendre subtilement le comportement et les pr\u00e9f\u00e9rences de vos visiteurs, afin d'optimiser votre strat\u00e9gie de vente. Nous vous fournissons aussi \u00e0 cet \u00e9gard un service de <strong>conseil<\/strong>, pour vous permettre de comprendre et tirer tout le profit des donnez que vous cr\u00e9ez.<\/p>\n<p style=\"text-align: center;\">The <strong>personnalisation<\/strong> est au c\u0153ur de notre R&amp;D. Gr\u00e2ce aux technologies d'analyse comportementale et d'intelligence artificielle que nous d\u00e9veloppons, votre h\u00f4tel se reconfigure \u00e0 chaque arriv\u00e9e d'un nouveau client, lui permettant de vivre une exp\u00e9rience unique et adapt\u00e9e.<\/p>\n<\/div>\n<\/div>\n<\/div><\/div><\/div><\/div><div id=\"pg-1040-4\"  class=\"panel-grid panel-no-style\" ><div id=\"pgc-1040-4-0\"  class=\"panel-grid-cell\" ><div id=\"panel-1040-4-0-0\" class=\"so-panel widget widget_sow-button panel-first-child panel-last-child\" data-index=\"12\" ><div\n\t\t\t\n\t\t\tclass=\"so-widget-sow-button so-widget-sow-button-atom-fa7efa88d0a2-1040\"\n\t\t\t\n\t\t><div class=\"ow-button-base ow-button-align-center\"\n>\n\t\t\t<a\n\t\t\t\t\thref=\"https:\/\/home.diakse.com\/en\/tarifs\/\"\n\t\t\t\t\tclass=\"sowb-button ow-icon-placement-left ow-button-hover\" \t>\n\t\t<span>\n\t\t\t\n\t\t\tVOIR LES TARIFS\t\t<\/span>\n\t\t\t<\/a>\n\t<\/div>\n<\/div><\/div><\/div><div id=\"pgc-1040-4-1\"  class=\"panel-grid-cell\" ><div id=\"panel-1040-4-1-0\" class=\"so-panel widget widget_sow-button panel-first-child panel-last-child\" data-index=\"13\" ><div\n\t\t\t\n\t\t\tclass=\"so-widget-sow-button so-widget-sow-button-atom-4332860cdfef-1040\"\n\t\t\t\n\t\t><div class=\"ow-button-base ow-button-align-center\"\n>\n\t\t\t<a\n\t\t\t\t\thref=\"https:\/\/home.diakse.com\/en\/contact\/\"\n\t\t\t\t\tclass=\"sowb-button ow-icon-placement-left ow-button-hover\" \t>\n\t\t<span>\n\t\t\t\n\t\t\tCREER MON HOTEL VIRTUEL\t\t<\/span>\n\t\t\t<\/a>\n\t<\/div>\n<\/div><\/div><\/div><\/div><\/div>","protected":false},"excerpt":{"rendered":"<p>Notre conception de la r\u00e9alit\u00e9 virtuelle est celle d&rsquo;une r\u00e9alit\u00e9 immersive. Nos outils rendent la r\u00e9alit\u00e9 virtuelle sublim\u00e9e, plus que r\u00e9elle. Nous recr\u00e9ons une r\u00e9alit\u00e9, mais par assemblage de r\u00e9alit\u00e9s ; nos environnements virtuels proposent ainsi une r\u00e9alit\u00e9 am\u00e9lior\u00e9e. Notre technologie fonctionne par assemblage de segments de r\u00e9alit\u00e9 qui cr\u00e9ent un univers d&rsquo;un ach\u00e8vement esth\u00e9tique <a href=\"https:\/\/home.diakse.com\/en\/en-savoir-plus-hotels\" rel=\"nofollow\"><span class=\"sr-only\">Read more about En savoir plus h\u00f4tels<\/span>[&hellip;]<\/a><\/p>\n","protected":false},"author":1,"featured_media":0,"parent":0,"menu_order":0,"comment_status":"closed","ping_status":"closed","template":"template-fullwidth-no-title.php","meta":{"_exactmetrics_skip_tracking":false,"_exactmetrics_sitenote_active":false,"_exactmetrics_sitenote_note":"","_exactmetrics_sitenote_category":0,"footnotes":""},"class_list":["post-1040","page","type-page","status-publish","hentry"],"yoast_head":"<!-- This site is optimized with the Yoast SEO plugin v27.3 - https:\/\/yoast.com\/product\/yoast-seo-wordpress\/ -->\n<title>En savoir plus h\u00f4tels - Diakse<\/title>\n<meta name=\"robots\" content=\"index, follow, max-snippet:-1, max-image-preview:large, max-video-preview:-1\" \/>\n<link rel=\"canonical\" href=\"https:\/\/home.diakse.com\/en\/en-savoir-plus-hotels\" \/>\n<meta property=\"og:locale\" content=\"en_GB\" \/>\n<meta property=\"og:type\" content=\"article\" \/>\n<meta property=\"og:title\" content=\"En savoir plus h\u00f4tels - Diakse\" \/>\n<meta property=\"og:description\" content=\"Notre conception de la r\u00e9alit\u00e9 virtuelle est celle d&#039;une r\u00e9alit\u00e9 immersive. Nos outils rendent la r\u00e9alit\u00e9 virtuelle sublim\u00e9e, plus que r\u00e9elle. Nous recr\u00e9ons une r\u00e9alit\u00e9, mais par assemblage de r\u00e9alit\u00e9s ; nos environnements virtuels proposent ainsi une r\u00e9alit\u00e9 am\u00e9lior\u00e9e. Notre technologie fonctionne par assemblage de segments de r\u00e9alit\u00e9 qui cr\u00e9ent un univers d&#039;un ach\u00e8vement esth\u00e9tique Read more about En savoir plus h\u00f4tels[&hellip;]\" \/>\n<meta property=\"og:url\" content=\"https:\/\/home.diakse.com\/en\/en-savoir-plus-hotels\" \/>\n<meta property=\"og:site_name\" content=\"Diakse\" \/>\n<meta property=\"article:publisher\" content=\"https:\/\/www.facebook.com\/diakse\" \/>\n<meta property=\"article:modified_time\" content=\"2019-01-21T18:37:11+00:00\" \/>\n<meta name=\"twitter:card\" content=\"summary_large_image\" \/>\n<meta name=\"twitter:site\" content=\"@Diakse_France\" \/>\n<meta name=\"twitter:label1\" content=\"Estimated reading time\" \/>\n\t<meta name=\"twitter:data1\" content=\"3 minutes\" \/>\n<script type=\"application\/ld+json\" class=\"yoast-schema-graph\">{\"@context\":\"https:\\\/\\\/schema.org\",\"@graph\":[{\"@type\":\"WebPage\",\"@id\":\"https:\\\/\\\/home.diakse.com\\\/en\\\/en-savoir-plus-hotels\",\"url\":\"https:\\\/\\\/home.diakse.com\\\/en\\\/en-savoir-plus-hotels\",\"name\":\"En savoir plus h\u00f4tels - Diakse\",\"isPartOf\":{\"@id\":\"https:\\\/\\\/home.diakse.com\\\/fr_fr\\\/#website\"},\"datePublished\":\"2018-07-04T08:44:35+00:00\",\"dateModified\":\"2019-01-21T18:37:11+00:00\",\"breadcrumb\":{\"@id\":\"https:\\\/\\\/home.diakse.com\\\/en\\\/en-savoir-plus-hotels#breadcrumb\"},\"inLanguage\":\"en-GB\",\"potentialAction\":[{\"@type\":\"ReadAction\",\"target\":[\"https:\\\/\\\/home.diakse.com\\\/en\\\/en-savoir-plus-hotels\"]}]},{\"@type\":\"BreadcrumbList\",\"@id\":\"https:\\\/\\\/home.diakse.com\\\/en\\\/en-savoir-plus-hotels#breadcrumb\",\"itemListElement\":[{\"@type\":\"ListItem\",\"position\":1,\"name\":\"Accueil\",\"item\":\"https:\\\/\\\/home.diakse.com\\\/fr_fr\\\/\"},{\"@type\":\"ListItem\",\"position\":2,\"name\":\"En savoir plus h\u00f4tels\"}]},{\"@type\":\"WebSite\",\"@id\":\"https:\\\/\\\/home.diakse.com\\\/fr_fr\\\/#website\",\"url\":\"https:\\\/\\\/home.diakse.com\\\/fr_fr\\\/\",\"name\":\"Diakse\",\"description\":\"Virtual Shops - La solution de cr\u00e9ation de boutiques virtuelles\",\"publisher\":{\"@id\":\"https:\\\/\\\/home.diakse.com\\\/fr_fr\\\/#organization\"},\"potentialAction\":[{\"@type\":\"SearchAction\",\"target\":{\"@type\":\"EntryPoint\",\"urlTemplate\":\"https:\\\/\\\/home.diakse.com\\\/fr_fr\\\/?s={search_term_string}\"},\"query-input\":{\"@type\":\"PropertyValueSpecification\",\"valueRequired\":true,\"valueName\":\"search_term_string\"}}],\"inLanguage\":\"en-GB\"},{\"@type\":\"Organization\",\"@id\":\"https:\\\/\\\/home.diakse.com\\\/fr_fr\\\/#organization\",\"name\":\"Diakse\",\"url\":\"https:\\\/\\\/home.diakse.com\\\/fr_fr\\\/\",\"logo\":{\"@type\":\"ImageObject\",\"inLanguage\":\"en-GB\",\"@id\":\"https:\\\/\\\/home.diakse.com\\\/fr_fr\\\/#\\\/schema\\\/logo\\\/image\\\/\",\"url\":\"https:\\\/\\\/home.diakse.com\\\/wp-content\\\/uploads\\\/2018\\\/01\\\/Diakse-V-business-3.0-Blanc.jpg\",\"contentUrl\":\"https:\\\/\\\/home.diakse.com\\\/wp-content\\\/uploads\\\/2018\\\/01\\\/Diakse-V-business-3.0-Blanc.jpg\",\"width\":1000,\"height\":440,\"caption\":\"Diakse\"},\"image\":{\"@id\":\"https:\\\/\\\/home.diakse.com\\\/fr_fr\\\/#\\\/schema\\\/logo\\\/image\\\/\"},\"sameAs\":[\"https:\\\/\\\/www.facebook.com\\\/diakse\",\"https:\\\/\\\/x.com\\\/Diakse_France\",\"https:\\\/\\\/www.instagram.com\\\/diakse.france\\\/\",\"https:\\\/\\\/www.linkedin.com\\\/company\\\/diakse\",\"https:\\\/\\\/www.youtube.com\\\/channel\\\/UCbymWs9j6MjXmcYDcU-LVJA\"]}]}<\/script>\n<!-- \/ Yoast SEO plugin. -->","yoast_head_json":{"title":"En savoir plus h\u00f4tels - Diakse","robots":{"index":"index","follow":"follow","max-snippet":"max-snippet:-1","max-image-preview":"max-image-preview:large","max-video-preview":"max-video-preview:-1"},"canonical":"https:\/\/home.diakse.com\/en\/en-savoir-plus-hotels","og_locale":"en_GB","og_type":"article","og_title":"En savoir plus h\u00f4tels - Diakse","og_description":"Notre conception de la r\u00e9alit\u00e9 virtuelle est celle d'une r\u00e9alit\u00e9 immersive. Nos outils rendent la r\u00e9alit\u00e9 virtuelle sublim\u00e9e, plus que r\u00e9elle. Nous recr\u00e9ons une r\u00e9alit\u00e9, mais par assemblage de r\u00e9alit\u00e9s ; nos environnements virtuels proposent ainsi une r\u00e9alit\u00e9 am\u00e9lior\u00e9e. Notre technologie fonctionne par assemblage de segments de r\u00e9alit\u00e9 qui cr\u00e9ent un univers d'un ach\u00e8vement esth\u00e9tique Read more about En savoir plus h\u00f4tels[&hellip;]","og_url":"https:\/\/home.diakse.com\/en\/en-savoir-plus-hotels","og_site_name":"Diakse","article_publisher":"https:\/\/www.facebook.com\/diakse","article_modified_time":"2019-01-21T18:37:11+00:00","twitter_card":"summary_large_image","twitter_site":"@Diakse_France","twitter_misc":{"Estimated reading time":"3 minutes"},"schema":{"@context":"https:\/\/schema.org","@graph":[{"@type":"WebPage","@id":"https:\/\/home.diakse.com\/en\/en-savoir-plus-hotels","url":"https:\/\/home.diakse.com\/en\/en-savoir-plus-hotels","name":"En savoir plus h\u00f4tels - Diakse","isPartOf":{"@id":"https:\/\/home.diakse.com\/fr_fr\/#website"},"datePublished":"2018-07-04T08:44:35+00:00","dateModified":"2019-01-21T18:37:11+00:00","breadcrumb":{"@id":"https:\/\/home.diakse.com\/en\/en-savoir-plus-hotels#breadcrumb"},"inLanguage":"en-GB","potentialAction":[{"@type":"ReadAction","target":["https:\/\/home.diakse.com\/en\/en-savoir-plus-hotels"]}]},{"@type":"BreadcrumbList","@id":"https:\/\/home.diakse.com\/en\/en-savoir-plus-hotels#breadcrumb","itemListElement":[{"@type":"ListItem","position":1,"name":"Accueil","item":"https:\/\/home.diakse.com\/fr_fr\/"},{"@type":"ListItem","position":2,"name":"En savoir plus h\u00f4tels"}]},{"@type":"WebSite","@id":"https:\/\/home.diakse.com\/fr_fr\/#website","url":"https:\/\/home.diakse.com\/fr_fr\/","name":"Diakse","description":"Virtual Shops - La solution de cr\u00e9ation de boutiques virtuelles","publisher":{"@id":"https:\/\/home.diakse.com\/fr_fr\/#organization"},"potentialAction":[{"@type":"SearchAction","target":{"@type":"EntryPoint","urlTemplate":"https:\/\/home.diakse.com\/fr_fr\/?s={search_term_string}"},"query-input":{"@type":"PropertyValueSpecification","valueRequired":true,"valueName":"search_term_string"}}],"inLanguage":"en-GB"},{"@type":"Organization","@id":"https:\/\/home.diakse.com\/fr_fr\/#organization","name":"Diakse","url":"https:\/\/home.diakse.com\/fr_fr\/","logo":{"@type":"ImageObject","inLanguage":"en-GB","@id":"https:\/\/home.diakse.com\/fr_fr\/#\/schema\/logo\/image\/","url":"https:\/\/home.diakse.com\/wp-content\/uploads\/2018\/01\/Diakse-V-business-3.0-Blanc.jpg","contentUrl":"https:\/\/home.diakse.com\/wp-content\/uploads\/2018\/01\/Diakse-V-business-3.0-Blanc.jpg","width":1000,"height":440,"caption":"Diakse"},"image":{"@id":"https:\/\/home.diakse.com\/fr_fr\/#\/schema\/logo\/image\/"},"sameAs":["https:\/\/www.facebook.com\/diakse","https:\/\/x.com\/Diakse_France","https:\/\/www.instagram.com\/diakse.france\/","https:\/\/www.linkedin.com\/company\/diakse","https:\/\/www.youtube.com\/channel\/UCbymWs9j6MjXmcYDcU-LVJA"]}]}},"_links":{"self":[{"href":"https:\/\/home.diakse.com\/en\/wp-json\/wp\/v2\/pages\/1040","targetHints":{"allow":["GET"]}}],"collection":[{"href":"https:\/\/home.diakse.com\/en\/wp-json\/wp\/v2\/pages"}],"about":[{"href":"https:\/\/home.diakse.com\/en\/wp-json\/wp\/v2\/types\/page"}],"author":[{"embeddable":true,"href":"https:\/\/home.diakse.com\/en\/wp-json\/wp\/v2\/users\/1"}],"replies":[{"embeddable":true,"href":"https:\/\/home.diakse.com\/en\/wp-json\/wp\/v2\/comments?post=1040"}],"version-history":[{"count":65,"href":"https:\/\/home.diakse.com\/en\/wp-json\/wp\/v2\/pages\/1040\/revisions"}],"predecessor-version":[{"id":2036,"href":"https:\/\/home.diakse.com\/en\/wp-json\/wp\/v2\/pages\/1040\/revisions\/2036"}],"wp:attachment":[{"href":"https:\/\/home.diakse.com\/en\/wp-json\/wp\/v2\/media?parent=1040"}],"curies":[{"name":"wp","href":"https:\/\/api.w.org\/{rel}","templated":true}]}}