{"id":3707,"date":"2020-01-24T16:15:09","date_gmt":"2020-01-24T16:15:09","guid":{"rendered":"https:\/\/home.diakse.com\/?page_id=3707"},"modified":"2022-03-30T09:38:40","modified_gmt":"2022-03-30T09:38:40","slug":"faq","status":"publish","type":"page","link":"https:\/\/home.diakse.com\/en\/faq","title":{"rendered":"Q&amp;A"},"content":{"rendered":"<div id=\"pl-3707\"  class=\"panel-layout\" ><div id=\"pg-3707-0\"  class=\"panel-grid panel-no-style\" ><div id=\"pgc-3707-0-0\"  class=\"panel-grid-cell\" ><div id=\"panel-3707-0-0-0\" class=\"so-panel widget widget_sow-headline panel-first-child\" data-index=\"0\" ><div\n\t\t\t\n\t\t\tclass=\"so-widget-sow-headline so-widget-sow-headline-default-ea0af4cf39ae-3707\"\n\t\t\t\n\t\t><div class=\"sow-headline-container\">\n\t\t\t\t\t\t\t<h1 class=\"sow-headline\">\n\t\t\t\t\t\tComment cr\u00e9er une boutique ou un showroom virtuel ?\t\t\t\t\t\t<\/h1>\n\t\t\t\t\t\t\t\t\t\t\t<div class=\"decoration\">\n\t\t\t\t\t\t<div class=\"decoration-inside\"><\/div>\n\t\t\t\t\t<\/div>\n\t\t\t\t\t<\/div>\n<\/div><\/div><div id=\"panel-3707-0-0-1\" class=\"so-panel widget widget_sow-headline\" data-index=\"1\" ><div\n\t\t\t\n\t\t\tclass=\"so-widget-sow-headline so-widget-sow-headline-default-eb58c90b4a68-3707\"\n\t\t\t\n\t\t><div class=\"sow-headline-container\">\n\t\t\t\t\t\t\t<h2 class=\"sow-headline\">\n\t\t\t\t\t\tComment cr\u00e9er un showroom virtuel ? Pour le cr\u00e9er, est-il possible de construire des locaux, d\u00e9corations et d\u2019autres \u00e9l\u00e9ments \u00e0 partir d'images de synth\u00e8se ou bien faut il se baser sur des choses vraies ?\t\t\t\t\t\t<\/h2>\n\t\t\t\t\t\t\t\t\t\t\t<div class=\"decoration\">\n\t\t\t\t\t\t<div class=\"decoration-inside\"><\/div>\n\t\t\t\t\t<\/div>\n\t\t\t\t\t<\/div>\n<\/div><\/div><div id=\"panel-3707-0-0-2\" class=\"so-panel widget widget_text\" data-index=\"2\" >\t\t\t<div class=\"textwidget\"><p>Nous pouvons travailler \u00e0 partir d\u2019un faux showroom r\u00e9alis\u00e9 enti\u00e8rement en 3D si vous en avez d\u00e9j\u00e0 un, sinon il faut le concevoir et c\u2019est tr\u00e8s co\u00fbteux (pr\u00e9voir 10 000 Euros minimum pour une d\u00e9coration de qualit\u00e9). Nous le d\u00e9conseillons car notre exp\u00e9rience nous a montr\u00e9 que les clients ont besoin de se d\u00e9placer dans un lieu r\u00e9el et l\u2019\u0153il de vos client est tr\u00e8s \u00e9duqu\u00e9 aujourd\u2019hui. Malheureusement, un client qui percevra le lieu comme virtuel, aura un doute dans l\u2019esprit sur la r\u00e9alit\u00e9 du produit qu&rsquo;il est venu acheter et les ventes ne seront pas aussi bonnes que dans un lieu r\u00e9el. C&rsquo;est pour cela et apr\u00e8s plusieurs essais d&rsquo;image de synth\u00e8se que nous avons finalement d\u00e9velopp\u00e9 notre technologie \u00e0 partir de <a href=\"https:\/\/home.diakse.com\/en\/\">360\u00b0 photography<\/a>.<\/p>\n<p>With a real place (any place that you know or one that we can pick together) we can create a charming story and scenery for your boutique. For example, we can use an appartement, a house, an existing boutique, a museum, everything is possible !<\/p>\n<p>Vous pouvez d\u00e9couvrir un exemple de showroom virtuel fait \u00e0 partir de cette technologie juste <a href=\"https:\/\/www.youtube.com\/watch?v=x_xZeZXHOWc\">ici<\/a><\/p>\n<\/div>\n\t\t<\/div><div id=\"panel-3707-0-0-3\" class=\"so-panel widget widget_sow-headline\" data-index=\"3\" ><div\n\t\t\t\n\t\t\tclass=\"so-widget-sow-headline so-widget-sow-headline-default-eb58c90b4a68-3707\"\n\t\t\t\n\t\t><div class=\"sow-headline-container\">\n\t\t\t\t\t\t\t<h2 class=\"sow-headline\">\n\t\t\t\t\t\tHow can I use my virtual boutique and link it to my social media ?\t\t\t\t\t\t<\/h2>\n\t\t\t\t\t\t\t\t\t\t\t<div class=\"decoration\">\n\t\t\t\t\t\t<div class=\"decoration-inside\"><\/div>\n\t\t\t\t\t<\/div>\n\t\t\t\t\t<\/div>\n<\/div><\/div><div id=\"panel-3707-0-0-4\" class=\"so-panel widget widget_text\" data-index=\"4\" >\t\t\t<div class=\"textwidget\"><p>Our virtual boutiques can be integrated like YouTube videos. To do so, all of our projects have 2 URLs :<\/p>\n<ul>\n<li>A private URL to communicate with our customers and test the modifications done to our boutiques, for example, demo.clientname.diakse.com.<\/li>\n<li>A public URL to put it on your website, for example, clientname.diakse.com<\/li>\n<\/ul>\n<p>The private URL can be protected by a password and login if you wish.<\/p>\n<p>Afterwards, it is very simple to make our virtual boutiques available on every platform connected to the internet :<\/p>\n<p>&nbsp;<\/p>\n<p><strong><u>OPTION 1 \u2013 Using the URL directly<\/u><\/strong><\/p>\n<p>We can open the virtual boutique with a click on a button or an image and adding the URL in the \u201conclick\u201d of the button or image.<\/p>\n<p>We can open the virtual boutique with a short video teaser that we supply to our customer once the project is done and adding the URL in the \u201conclick\u201d of the video.<\/p>\n<p>&nbsp;<\/p>\n<p><strong><u>OPTION 2 \u2013 We can open them from a social media post<\/u><\/strong><\/p>\n<p>We just have to link the post to the URL supplied at the delivery of the project.<\/p>\n<p>&nbsp;<\/p>\n<p><span style=\"text-decoration: underline;\"><strong>OPTION 3 \u2013 Integrating the virtual boutique directly on our customer\u2019s website<\/strong><\/span><\/p>\n<p>It is possible to integrate it directly on our customers website with an iframe tag.<\/p>\n<p>Here is the code for it :<\/p>\n<p>&lt;iframe width=\u00a0\u00bb560&Prime; height=\u00a0\u00bb315&Prime; src=\u00a0\u00bbhttps:\/\/nomclient.diakse.com\u00a0\u00bb frameborder=\u00a0\u00bb0&Prime; allow=\u00a0\u00bbaccelerometer; autoplay; encrypted-media; gyroscope; picture-in-picture\u00a0\u00bb allowfullscreen&gt;&lt;\/iframe&gt;<\/p>\n<p>&nbsp;<\/p>\n<p>When our customers have difficulties or to avoid them additional costs, we offer to integrate the virtual boutique on their website ourselves, for free. To do so we need their access code (host, login, and password) to their server FTP on which their website is hosted.<\/p>\n<\/div>\n\t\t<\/div><div id=\"panel-3707-0-0-5\" class=\"so-panel widget widget_sow-headline\" data-index=\"5\" ><div\n\t\t\t\n\t\t\tclass=\"so-widget-sow-headline so-widget-sow-headline-default-eb58c90b4a68-3707\"\n\t\t\t\n\t\t><div class=\"sow-headline-container\">\n\t\t\t\t\t\t\t<h2 class=\"sow-headline\">\n\t\t\t\t\t\tComment cela se passe-t-il pour ajouter ou retirer des produits dans mon showroom virtuel ?\t\t\t\t\t\t<\/h2>\n\t\t\t\t\t\t\t\t\t\t\t<div class=\"decoration\">\n\t\t\t\t\t\t<div class=\"decoration-inside\"><\/div>\n\t\t\t\t\t<\/div>\n\t\t\t\t\t<\/div>\n<\/div><\/div><div id=\"panel-3707-0-0-6\" class=\"so-panel widget widget_text\" data-index=\"6\" >\t\t\t<div class=\"textwidget\"><p>Par exemple, quand je re\u00e7ois les photos de mes fournisseurs, je vous les envoie et vous les ins\u00e9rez dans le showroom virtuel, comme s\u2019ils \u00e9taient vraiment l\u00e0?<\/p>\n<p>Yes, exactly, the subscription mentioned earlier includes the fact that we add\/remove up to 100 products per year. Generally, our customers have 2 collections per year, every 6 months.<\/p>\n<p>To do this, do you need normal photos of the products ? Or your photograph takes photos of them ?<\/p>\n<p>Oui, il suffit juste de quelques photos de vos produits que vous pouvez faire avec un t\u00e9l\u00e9phone portable de bonne qualit\u00e9. C\u2019est tout la puissance de notre logiciel et technologie brevet\u00e9e, nous pouvons \u00e0 partir de quelques photos positionner le produit en tout endroit d\u2019un showroom virtuel.<\/p>\n<\/div>\n\t\t<\/div><div id=\"panel-3707-0-0-7\" class=\"so-panel widget widget_sow-headline\" data-index=\"7\" ><div\n\t\t\t\n\t\t\tclass=\"so-widget-sow-headline so-widget-sow-headline-default-eb58c90b4a68-3707\"\n\t\t\t\n\t\t><div class=\"sow-headline-container\">\n\t\t\t\t\t\t\t<h2 class=\"sow-headline\">\n\t\t\t\t\t\tAs soon as the website and the virtual boutique are ready, does Diakse handle the maintenance of the virtual boutique ?\t\t\t\t\t\t<\/h2>\n\t\t\t\t\t\t\t\t\t\t\t<div class=\"decoration\">\n\t\t\t\t\t\t<div class=\"decoration-inside\"><\/div>\n\t\t\t\t\t<\/div>\n\t\t\t\t\t<\/div>\n<\/div><\/div><div id=\"panel-3707-0-0-8\" class=\"so-panel widget widget_text\" data-index=\"8\" >\t\t\t<div class=\"textwidget\"><p>&nbsp;<\/p>\n<p>Yes, it\u2019s hosted in one of our servers et we ensure its maintenance in the initial operating conditions.<\/p>\n<p>About that, all of our updates are done automatically on your boutique and are tested by us before implementation.<\/p>\n<p>Our solution is hosted by our servers in 2 different suppliers. As such, if one of our suppliers shuts down, which can happen, we can transfer on the other one and guarantee a continuity of our services from 1 hour to 72 hours (depending on the chosen option). This solid infrastructure was put in place for well-known enterprises for which the financial issue of a one-hour shutdown is very important. Our quotations include a maintenance \u201cclassic\u201d in 72 hours, but other options can be considered.<\/p>\n<p>In the last 5 years, we have only had 2 shutdowns (the hosts that we use (OVH, Microsoft, IONOS) put in place secure rebound systems). In the 2 shutdowns, even if our contract granted us an extended time period, we transferred in less than 2 hours towards the backup structure after identification of the problem.<\/p>\n<\/div>\n\t\t<\/div><div id=\"panel-3707-0-0-9\" class=\"so-panel widget widget_sow-headline\" data-index=\"9\" ><div\n\t\t\t\n\t\t\tclass=\"so-widget-sow-headline so-widget-sow-headline-default-eb58c90b4a68-3707\"\n\t\t\t\n\t\t><div class=\"sow-headline-container\">\n\t\t\t\t\t\t\t<h2 class=\"sow-headline\">\n\t\t\t\t\t\tOu puis-je trouver vos mentions l\u00e9gales et votre politique de confidentialit\u00e9 des donn\u00e9es ?\t\t\t\t\t\t<\/h2>\n\t\t\t\t\t\t\t\t\t\t\t<div class=\"decoration\">\n\t\t\t\t\t\t<div class=\"decoration-inside\"><\/div>\n\t\t\t\t\t<\/div>\n\t\t\t\t\t<\/div>\n<\/div><\/div><div id=\"panel-3707-0-0-10\" class=\"so-panel widget widget_text panel-last-child\" data-index=\"10\" >\t\t\t<div class=\"textwidget\"><p>&nbsp;<\/p>\n<p>You can find them in these pages :<\/p>\n<p><a href=\"https:\/\/home.diakse.com\/en\/mentions-legales\/\">Legal Notices<\/a><\/p>\n<p><a href=\"https:\/\/home.diakse.com\/en\/confidentialite\/\">Privacy Policy<\/a><\/p>\n<\/div>\n\t\t<\/div><\/div><\/div><\/div>","protected":false},"excerpt":{"rendered":"<p>Nous pouvons travailler \u00e0 partir d\u2019un faux showroom r\u00e9alis\u00e9 enti\u00e8rement en 3D si vous en avez d\u00e9j\u00e0 un, sinon il faut le concevoir et c\u2019est tr\u00e8s co\u00fbteux (pr\u00e9voir 10 000 Euros minimum pour une d\u00e9coration de qualit\u00e9). Nous le d\u00e9conseillons car notre exp\u00e9rience nous a montr\u00e9 que les clients ont besoin de se d\u00e9placer dans <a href=\"https:\/\/home.diakse.com\/en\/faq\" rel=\"nofollow\"><span class=\"sr-only\">Read more about FAQ<\/span>[&hellip;]<\/a><\/p>\n","protected":false},"author":1,"featured_media":0,"parent":0,"menu_order":0,"comment_status":"closed","ping_status":"closed","template":"template-fullwidth-no-title.php","meta":{"_exactmetrics_skip_tracking":false,"_exactmetrics_sitenote_active":false,"_exactmetrics_sitenote_note":"","_exactmetrics_sitenote_category":0,"footnotes":""},"class_list":["post-3707","page","type-page","status-publish","hentry"],"yoast_head":"<!-- This site is optimized with the Yoast SEO plugin v27.3 - https:\/\/yoast.com\/product\/yoast-seo-wordpress\/ -->\n<title>Questions comment cr\u00e9er une boutique ou un showroom virtuel ? | Diakse<\/title>\n<meta name=\"description\" content=\"Comment cr\u00e9er une boutique ou un showroom virtuel ? Comment l&#039;ins\u00e9rer sur mon site web ? Comment la relier \u00e0 mes r\u00e9seaux sociaux ?\" \/>\n<meta name=\"robots\" content=\"index, follow, max-snippet:-1, max-image-preview:large, max-video-preview:-1\" \/>\n<link rel=\"canonical\" href=\"https:\/\/home.diakse.com\/en\/faq\/\" \/>\n<meta property=\"og:locale\" content=\"en_GB\" \/>\n<meta property=\"og:type\" content=\"article\" \/>\n<meta property=\"og:title\" content=\"Questions comment cr\u00e9er une boutique ou un showroom virtuel ? | Diakse\" \/>\n<meta property=\"og:description\" content=\"Comment cr\u00e9er une boutique ou un showroom virtuel ? Comment l&#039;ins\u00e9rer sur mon site web ? Comment la relier \u00e0 mes r\u00e9seaux sociaux ?\" \/>\n<meta property=\"og:url\" content=\"https:\/\/home.diakse.com\/en\/faq\/\" \/>\n<meta property=\"og:site_name\" content=\"Diakse\" \/>\n<meta property=\"article:publisher\" content=\"https:\/\/www.facebook.com\/diakse\" \/>\n<meta property=\"article:modified_time\" content=\"2022-03-30T09:38:40+00:00\" \/>\n<meta name=\"twitter:card\" content=\"summary_large_image\" \/>\n<meta name=\"twitter:site\" content=\"@Diakse_France\" \/>\n<meta name=\"twitter:label1\" content=\"Estimated reading time\" \/>\n\t<meta name=\"twitter:data1\" content=\"4 minutes\" \/>\n<script type=\"application\/ld+json\" class=\"yoast-schema-graph\">{\"@context\":\"https:\\\/\\\/schema.org\",\"@graph\":[{\"@type\":\"WebPage\",\"@id\":\"https:\\\/\\\/home.diakse.com\\\/fr_fr\\\/faq\",\"url\":\"https:\\\/\\\/home.diakse.com\\\/fr_fr\\\/faq\",\"name\":\"Questions comment cr\u00e9er une boutique ou un showroom virtuel ? | Diakse\",\"isPartOf\":{\"@id\":\"https:\\\/\\\/home.diakse.com\\\/fr_fr\\\/#website\"},\"datePublished\":\"2020-01-24T16:15:09+00:00\",\"dateModified\":\"2022-03-30T09:38:40+00:00\",\"description\":\"Comment cr\u00e9er une boutique ou un showroom virtuel ? Comment l'ins\u00e9rer sur mon site web ? Comment la relier \u00e0 mes r\u00e9seaux sociaux ?\",\"breadcrumb\":{\"@id\":\"https:\\\/\\\/home.diakse.com\\\/fr_fr\\\/faq#breadcrumb\"},\"inLanguage\":\"en-GB\",\"potentialAction\":[{\"@type\":\"ReadAction\",\"target\":[\"https:\\\/\\\/home.diakse.com\\\/fr_fr\\\/faq\"]}]},{\"@type\":\"BreadcrumbList\",\"@id\":\"https:\\\/\\\/home.diakse.com\\\/fr_fr\\\/faq#breadcrumb\",\"itemListElement\":[{\"@type\":\"ListItem\",\"position\":1,\"name\":\"Accueil\",\"item\":\"https:\\\/\\\/home.diakse.com\\\/fr_fr\\\/\"},{\"@type\":\"ListItem\",\"position\":2,\"name\":\"FAQ\"}]},{\"@type\":\"WebSite\",\"@id\":\"https:\\\/\\\/home.diakse.com\\\/fr_fr\\\/#website\",\"url\":\"https:\\\/\\\/home.diakse.com\\\/fr_fr\\\/\",\"name\":\"Diakse\",\"description\":\"Virtual Shops - La solution de cr\u00e9ation de boutiques virtuelles\",\"publisher\":{\"@id\":\"https:\\\/\\\/home.diakse.com\\\/fr_fr\\\/#organization\"},\"potentialAction\":[{\"@type\":\"SearchAction\",\"target\":{\"@type\":\"EntryPoint\",\"urlTemplate\":\"https:\\\/\\\/home.diakse.com\\\/fr_fr\\\/?s={search_term_string}\"},\"query-input\":{\"@type\":\"PropertyValueSpecification\",\"valueRequired\":true,\"valueName\":\"search_term_string\"}}],\"inLanguage\":\"en-GB\"},{\"@type\":\"Organization\",\"@id\":\"https:\\\/\\\/home.diakse.com\\\/fr_fr\\\/#organization\",\"name\":\"Diakse\",\"url\":\"https:\\\/\\\/home.diakse.com\\\/fr_fr\\\/\",\"logo\":{\"@type\":\"ImageObject\",\"inLanguage\":\"en-GB\",\"@id\":\"https:\\\/\\\/home.diakse.com\\\/fr_fr\\\/#\\\/schema\\\/logo\\\/image\\\/\",\"url\":\"https:\\\/\\\/home.diakse.com\\\/wp-content\\\/uploads\\\/2018\\\/01\\\/Diakse-V-business-3.0-Blanc.jpg\",\"contentUrl\":\"https:\\\/\\\/home.diakse.com\\\/wp-content\\\/uploads\\\/2018\\\/01\\\/Diakse-V-business-3.0-Blanc.jpg\",\"width\":1000,\"height\":440,\"caption\":\"Diakse\"},\"image\":{\"@id\":\"https:\\\/\\\/home.diakse.com\\\/fr_fr\\\/#\\\/schema\\\/logo\\\/image\\\/\"},\"sameAs\":[\"https:\\\/\\\/www.facebook.com\\\/diakse\",\"https:\\\/\\\/x.com\\\/Diakse_France\",\"https:\\\/\\\/www.instagram.com\\\/diakse.france\\\/\",\"https:\\\/\\\/www.linkedin.com\\\/company\\\/diakse\",\"https:\\\/\\\/www.youtube.com\\\/channel\\\/UCbymWs9j6MjXmcYDcU-LVJA\"]}]}<\/script>\n<!-- \/ Yoast SEO plugin. -->","yoast_head_json":{"title":"Questions comment cr\u00e9er une boutique ou un showroom virtuel ? | Diakse","description":"Comment cr\u00e9er une boutique ou un showroom virtuel ? Comment l'ins\u00e9rer sur mon site web ? Comment la relier \u00e0 mes r\u00e9seaux sociaux ?","robots":{"index":"index","follow":"follow","max-snippet":"max-snippet:-1","max-image-preview":"max-image-preview:large","max-video-preview":"max-video-preview:-1"},"canonical":"https:\/\/home.diakse.com\/en\/faq\/","og_locale":"en_GB","og_type":"article","og_title":"Questions comment cr\u00e9er une boutique ou un showroom virtuel ? | Diakse","og_description":"Comment cr\u00e9er une boutique ou un showroom virtuel ? Comment l'ins\u00e9rer sur mon site web ? Comment la relier \u00e0 mes r\u00e9seaux sociaux ?","og_url":"https:\/\/home.diakse.com\/en\/faq\/","og_site_name":"Diakse","article_publisher":"https:\/\/www.facebook.com\/diakse","article_modified_time":"2022-03-30T09:38:40+00:00","twitter_card":"summary_large_image","twitter_site":"@Diakse_France","twitter_misc":{"Estimated reading time":"4 minutes"},"schema":{"@context":"https:\/\/schema.org","@graph":[{"@type":"WebPage","@id":"https:\/\/home.diakse.com\/fr_fr\/faq","url":"https:\/\/home.diakse.com\/fr_fr\/faq","name":"Questions comment cr\u00e9er une boutique ou un showroom virtuel ? | Diakse","isPartOf":{"@id":"https:\/\/home.diakse.com\/fr_fr\/#website"},"datePublished":"2020-01-24T16:15:09+00:00","dateModified":"2022-03-30T09:38:40+00:00","description":"Comment cr\u00e9er une boutique ou un showroom virtuel ? Comment l'ins\u00e9rer sur mon site web ? Comment la relier \u00e0 mes r\u00e9seaux sociaux ?","breadcrumb":{"@id":"https:\/\/home.diakse.com\/fr_fr\/faq#breadcrumb"},"inLanguage":"en-GB","potentialAction":[{"@type":"ReadAction","target":["https:\/\/home.diakse.com\/fr_fr\/faq"]}]},{"@type":"BreadcrumbList","@id":"https:\/\/home.diakse.com\/fr_fr\/faq#breadcrumb","itemListElement":[{"@type":"ListItem","position":1,"name":"Accueil","item":"https:\/\/home.diakse.com\/fr_fr\/"},{"@type":"ListItem","position":2,"name":"FAQ"}]},{"@type":"WebSite","@id":"https:\/\/home.diakse.com\/fr_fr\/#website","url":"https:\/\/home.diakse.com\/fr_fr\/","name":"Diakse","description":"Virtual Shops - La solution de cr\u00e9ation de boutiques virtuelles","publisher":{"@id":"https:\/\/home.diakse.com\/fr_fr\/#organization"},"potentialAction":[{"@type":"SearchAction","target":{"@type":"EntryPoint","urlTemplate":"https:\/\/home.diakse.com\/fr_fr\/?s={search_term_string}"},"query-input":{"@type":"PropertyValueSpecification","valueRequired":true,"valueName":"search_term_string"}}],"inLanguage":"en-GB"},{"@type":"Organization","@id":"https:\/\/home.diakse.com\/fr_fr\/#organization","name":"Diakse","url":"https:\/\/home.diakse.com\/fr_fr\/","logo":{"@type":"ImageObject","inLanguage":"en-GB","@id":"https:\/\/home.diakse.com\/fr_fr\/#\/schema\/logo\/image\/","url":"https:\/\/home.diakse.com\/wp-content\/uploads\/2018\/01\/Diakse-V-business-3.0-Blanc.jpg","contentUrl":"https:\/\/home.diakse.com\/wp-content\/uploads\/2018\/01\/Diakse-V-business-3.0-Blanc.jpg","width":1000,"height":440,"caption":"Diakse"},"image":{"@id":"https:\/\/home.diakse.com\/fr_fr\/#\/schema\/logo\/image\/"},"sameAs":["https:\/\/www.facebook.com\/diakse","https:\/\/x.com\/Diakse_France","https:\/\/www.instagram.com\/diakse.france\/","https:\/\/www.linkedin.com\/company\/diakse","https:\/\/www.youtube.com\/channel\/UCbymWs9j6MjXmcYDcU-LVJA"]}]}},"_links":{"self":[{"href":"https:\/\/home.diakse.com\/en\/wp-json\/wp\/v2\/pages\/3707","targetHints":{"allow":["GET"]}}],"collection":[{"href":"https:\/\/home.diakse.com\/en\/wp-json\/wp\/v2\/pages"}],"about":[{"href":"https:\/\/home.diakse.com\/en\/wp-json\/wp\/v2\/types\/page"}],"author":[{"embeddable":true,"href":"https:\/\/home.diakse.com\/en\/wp-json\/wp\/v2\/users\/1"}],"replies":[{"embeddable":true,"href":"https:\/\/home.diakse.com\/en\/wp-json\/wp\/v2\/comments?post=3707"}],"version-history":[{"count":41,"href":"https:\/\/home.diakse.com\/en\/wp-json\/wp\/v2\/pages\/3707\/revisions"}],"predecessor-version":[{"id":4884,"href":"https:\/\/home.diakse.com\/en\/wp-json\/wp\/v2\/pages\/3707\/revisions\/4884"}],"wp:attachment":[{"href":"https:\/\/home.diakse.com\/en\/wp-json\/wp\/v2\/media?parent=3707"}],"curies":[{"name":"wp","href":"https:\/\/api.w.org\/{rel}","templated":true}]}}