{"id":3888,"date":"2021-05-07T16:44:30","date_gmt":"2021-05-07T16:44:30","guid":{"rendered":"https:\/\/home.diakse.com\/?page_id=3888"},"modified":"2022-10-25T21:09:33","modified_gmt":"2022-10-25T21:09:33","slug":"cas-client-maitre-orfevre","status":"publish","type":"page","link":"https:\/\/home.diakse.com\/en\/cas-client-maitre-orfevre","title":{"rendered":"Christofle : The new collection, unveiled to a boutique network"},"content":{"rendered":"<div id=\"pl-3888\"  class=\"panel-layout\" ><div id=\"pg-3888-0\"  class=\"panel-grid panel-no-style\" ><div id=\"pgc-3888-0-0\"  class=\"panel-grid-cell\" ><div id=\"panel-3888-0-0-0\" class=\"so-panel widget widget_sow-image panel-first-child panel-last-child\" data-index=\"0\" ><div\n\t\t\t\n\t\t\tclass=\"so-widget-sow-image so-widget-sow-image-default-a258e6bfa2d8-3888\"\n\t\t\t\n\t\t>\n<div class=\"sow-image-container\">\n\t\t\t<a href=\"https:\/\/youtu.be\/wDZwsVy85BA\"\n\t\t\ttarget=\"_blank\" rel=\"noopener noreferrer\" \t\t>\n\t\t\t<img fetchpriority=\"high\" \n\tsrc=\"https:\/\/home.diakse.com\/wp-content\/uploads\/2021\/02\/Capture-decran-2021-02-10-a-03.08.54.png\" width=\"1440\" height=\"790\" srcset=\"https:\/\/home.diakse.com\/wp-content\/uploads\/2021\/02\/Capture-decran-2021-02-10-a-03.08.54.png 1440w, https:\/\/home.diakse.com\/wp-content\/uploads\/2021\/02\/Capture-decran-2021-02-10-a-03.08.54-300x165.png 300w, https:\/\/home.diakse.com\/wp-content\/uploads\/2021\/02\/Capture-decran-2021-02-10-a-03.08.54-1024x562.png 1024w, https:\/\/home.diakse.com\/wp-content\/uploads\/2021\/02\/Capture-decran-2021-02-10-a-03.08.54-768x421.png 768w, https:\/\/home.diakse.com\/wp-content\/uploads\/2021\/02\/Capture-decran-2021-02-10-a-03.08.54-16x9.png 16w\" sizes=\"(max-width: 1440px) 100vw, 1440px\" title=\"Capture d\u2019\u00e9cran 2021-02-10 \u00e0 03.08.54\" alt=\"\" \t\tclass=\"so-widget-image\"\/>\n\t\t\t<\/a><\/div>\n\n<\/div><\/div><\/div><\/div><div id=\"pg-3888-1\"  class=\"panel-grid panel-no-style\" ><div id=\"pgc-3888-1-0\"  class=\"panel-grid-cell\" ><div id=\"panel-3888-1-0-0\" class=\"so-panel widget widget_sow-headline panel-first-child panel-last-child\" data-index=\"1\" ><div\n\t\t\t\n\t\t\tclass=\"so-widget-sow-headline so-widget-sow-headline-default-ea0af4cf39ae-3888\"\n\t\t\t\n\t\t><div class=\"sow-headline-container\">\n\t\t\t\t\t\t\t<h1 class=\"sow-headline\">\n\t\t\t\t\t\tChristofle : The new collection, unveiled to a boutique network\t\t\t\t\t\t<\/h1>\n\t\t\t\t\t\t\t\t\t\t\t<div class=\"decoration\">\n\t\t\t\t\t\t<div class=\"decoration-inside\"><\/div>\n\t\t\t\t\t<\/div>\n\t\t\t\t\t<\/div>\n<\/div><\/div><\/div><\/div><div id=\"pg-3888-2\"  class=\"panel-grid panel-no-style\" ><div id=\"pgc-3888-2-0\"  class=\"panel-grid-cell\" ><div id=\"panel-3888-2-0-0\" class=\"so-panel widget widget_sow-editor panel-first-child panel-last-child\" data-index=\"2\" ><div\n\t\t\t\n\t\t\tclass=\"so-widget-sow-editor so-widget-sow-editor-base\"\n\t\t\t\n\t\t>\n<div class=\"siteorigin-widget-tinymce textwidget\">\n\t<h3 style=\"text-align: center;\"><em>For the launch of its future collections, Christofle wanted to look to the future by offering its employees an immersive and innovative experience.<\/em><\/h3>\n<\/div>\n<\/div><\/div><\/div><\/div><div id=\"pg-3888-3\"  class=\"panel-grid panel-no-style\" ><div id=\"pgc-3888-3-0\"  class=\"panel-grid-cell\" ><div id=\"panel-3888-3-0-0\" class=\"so-panel widget widget_sow-image panel-first-child panel-last-child\" data-index=\"3\" ><div\n\t\t\t\n\t\t\tclass=\"so-widget-sow-image so-widget-sow-image-default-c67d20f9f743-3888\"\n\t\t\t\n\t\t>\n<div class=\"sow-image-container\">\n\t\t<img \n\tsrc=\"https:\/\/home.diakse.com\/wp-content\/uploads\/2021\/02\/Capture-decran-2021-02-10-a-03.09.14-1024x562.png\" width=\"640\" height=\"351\" srcset=\"https:\/\/home.diakse.com\/wp-content\/uploads\/2021\/02\/Capture-decran-2021-02-10-a-03.09.14-1024x562.png 1024w, https:\/\/home.diakse.com\/wp-content\/uploads\/2021\/02\/Capture-decran-2021-02-10-a-03.09.14-300x165.png 300w, https:\/\/home.diakse.com\/wp-content\/uploads\/2021\/02\/Capture-decran-2021-02-10-a-03.09.14-768x422.png 768w, https:\/\/home.diakse.com\/wp-content\/uploads\/2021\/02\/Capture-decran-2021-02-10-a-03.09.14-16x9.png 16w, https:\/\/home.diakse.com\/wp-content\/uploads\/2021\/02\/Capture-decran-2021-02-10-a-03.09.14.png 1440w\" sizes=\"(max-width: 640px) 100vw, 640px\" title=\"Capture d\u2019\u00e9cran 2021-02-10 \u00e0 03.09.14\" alt=\"\" \t\tclass=\"so-widget-image\"\/>\n\t<\/div>\n\n<\/div><\/div><\/div><div id=\"pgc-3888-3-1\"  class=\"panel-grid-cell\" ><div id=\"panel-3888-3-1-0\" class=\"so-panel widget widget_sow-image panel-first-child\" data-index=\"4\" ><div\n\t\t\t\n\t\t\tclass=\"so-widget-sow-image so-widget-sow-image-default-c67d20f9f743-3888\"\n\t\t\t\n\t\t>\n<div class=\"sow-image-container\">\n\t\t<img \n\tsrc=\"https:\/\/home.diakse.com\/wp-content\/uploads\/2021\/02\/Capture-decran-2021-02-10-a-03.07.16-300x165.png\" width=\"300\" height=\"165\" srcset=\"https:\/\/home.diakse.com\/wp-content\/uploads\/2021\/02\/Capture-decran-2021-02-10-a-03.07.16-300x165.png 300w, https:\/\/home.diakse.com\/wp-content\/uploads\/2021\/02\/Capture-decran-2021-02-10-a-03.07.16-1024x562.png 1024w, https:\/\/home.diakse.com\/wp-content\/uploads\/2021\/02\/Capture-decran-2021-02-10-a-03.07.16-768x422.png 768w, https:\/\/home.diakse.com\/wp-content\/uploads\/2021\/02\/Capture-decran-2021-02-10-a-03.07.16-16x9.png 16w, https:\/\/home.diakse.com\/wp-content\/uploads\/2021\/02\/Capture-decran-2021-02-10-a-03.07.16.png 1440w\" sizes=\"(max-width: 300px) 100vw, 300px\" title=\"Capture d\u2019\u00e9cran 2021-02-10 \u00e0 03.07.16\" alt=\"\" \t\tclass=\"so-widget-image\"\/>\n\t<\/div>\n\n<\/div><\/div><div id=\"panel-3888-3-1-1\" class=\"so-panel widget widget_sow-editor panel-last-child\" data-index=\"5\" ><div\n\t\t\t\n\t\t\tclass=\"so-widget-sow-editor so-widget-sow-editor-base\"\n\t\t\t\n\t\t>\n<div class=\"siteorigin-widget-tinymce textwidget\">\n\t<h5 style=\"text-align: left;\">Christofle, Master Goldsmith since 1830, creates refined jewelry and home accessories. Their vocation is to make the art of sharing a true art of living, and to continually reinvent the conviviality of today and tomorrow.<\/h5>\n<\/div>\n<\/div><\/div><\/div><\/div><div id=\"pg-3888-4\"  class=\"panel-grid panel-no-style\" ><div id=\"pgc-3888-4-0\"  class=\"panel-grid-cell\" ><div id=\"panel-3888-4-0-0\" class=\"so-panel widget widget_sow-editor panel-first-child panel-last-child\" data-index=\"6\" ><div\n\t\t\t\n\t\t\tclass=\"so-widget-sow-editor so-widget-sow-editor-base\"\n\t\t\t\n\t\t>\n<div class=\"siteorigin-widget-tinymce textwidget\">\n\t<h1 style=\"text-align: center;\">3x<\/h1>\n<h4 style=\"text-align: center;\">More time spent on the boutique<\/h4>\n<\/div>\n<\/div><\/div><\/div><div id=\"pgc-3888-4-1\"  class=\"panel-grid-cell\" ><div id=\"panel-3888-4-1-0\" class=\"so-panel widget widget_sow-editor panel-first-child panel-last-child\" data-index=\"7\" ><div\n\t\t\t\n\t\t\tclass=\"so-widget-sow-editor so-widget-sow-editor-base\"\n\t\t\t\n\t\t>\n<div class=\"siteorigin-widget-tinymce textwidget\">\n\t<h1 style=\"text-align: center;\">&gt; 1 month<\/h1>\n<h4 style=\"text-align: center;\">to make the boutique<\/h4>\n<\/div>\n<\/div><\/div><\/div><div id=\"pgc-3888-4-2\"  class=\"panel-grid-cell\" ><div id=\"panel-3888-4-2-0\" class=\"so-panel widget widget_sow-editor panel-first-child panel-last-child\" data-index=\"8\" ><div\n\t\t\t\n\t\t\tclass=\"so-widget-sow-editor so-widget-sow-editor-base\"\n\t\t\t\n\t\t>\n<div class=\"siteorigin-widget-tinymce textwidget\">\n\t<h1 style=\"text-align: center;\">100%<\/h1>\n<h4 style=\"text-align: center;\">differentiation compared to competing websites<\/h4>\n<\/div>\n<\/div><\/div><\/div><\/div><div id=\"pg-3888-5\"  class=\"panel-grid panel-no-style\" ><div id=\"pgc-3888-5-0\"  class=\"panel-grid-cell\" ><div id=\"panel-3888-5-0-0\" class=\"so-panel widget widget_sow-headline panel-first-child panel-last-child\" data-index=\"9\" ><div\n\t\t\t\n\t\t\tclass=\"so-widget-sow-headline so-widget-sow-headline-default-ea0af4cf39ae-3888\"\n\t\t\t\n\t\t><div class=\"sow-headline-container\">\n\t\t\t\t\t\t\t<h1 class=\"sow-headline\">\n\t\t\t\t\t\tThe Christofle project\t\t\t\t\t\t<\/h1>\n\t\t\t\t\t\t\t\t\t\t\t<div class=\"decoration\">\n\t\t\t\t\t\t<div class=\"decoration-inside\"><\/div>\n\t\t\t\t\t<\/div>\n\t\t\t\t\t<\/div>\n<\/div><\/div><\/div><\/div><div id=\"pg-3888-6\"  class=\"panel-grid panel-no-style\" ><div id=\"pgc-3888-6-0\"  class=\"panel-grid-cell\" ><div id=\"panel-3888-6-0-0\" class=\"so-panel widget widget_sow-editor panel-first-child panel-last-child\" data-index=\"10\" ><div\n\t\t\t\n\t\t\tclass=\"so-widget-sow-editor so-widget-sow-editor-base\"\n\t\t\t\n\t\t>\n<div class=\"siteorigin-widget-tinymce textwidget\">\n\t<h3 style=\"text-align: center;\"><strong>Context and objectives <\/strong><\/h3>\n<p style=\"text-align: center;\" class=\"translation-block\">Christofle had already tested this technology with a virtual visit, and wanted to take it a step further with a virtual showroom to present its products to employees. That's why the Master Goldsmith called on <a href=\"https:\/\/home.diakse.com\/en\/solutions\/\" target=\"_self\">Diakse<\/a> to create a virtual boutique for innovative and effective B2B exchanges.<\/p>\n<\/div>\n<\/div><\/div><\/div><div id=\"pgc-3888-6-1\"  class=\"panel-grid-cell\" ><div id=\"panel-3888-6-1-0\" class=\"so-panel widget widget_sow-editor panel-first-child panel-last-child\" data-index=\"11\" ><div\n\t\t\t\n\t\t\tclass=\"so-widget-sow-editor so-widget-sow-editor-base\"\n\t\t\t\n\t\t>\n<div class=\"siteorigin-widget-tinymce textwidget\">\n\t<h3 style=\"text-align: center;\"><strong>Realization <\/strong><\/h3>\n<p style=\"text-align: center;\">This virtual boutique has been designed as a cozy apartment overlooking the rooftops of Paris, the decor is a remodeling of several boutiques to showcase the collections, notably within a cabinet of curiosities. Diakse's latest innovation, integrated into the Christofle virtual showroom, is the ability to contact a Christofle representative by video for a guided experience.<\/p>\n<p>&nbsp;<\/p>\n<\/div>\n<\/div><\/div><\/div><div id=\"pgc-3888-6-2\"  class=\"panel-grid-cell\" ><div id=\"panel-3888-6-2-0\" class=\"so-panel widget widget_sow-editor panel-first-child panel-last-child\" data-index=\"12\" ><div\n\t\t\t\n\t\t\tclass=\"so-widget-sow-editor so-widget-sow-editor-base\"\n\t\t\t\n\t\t>\n<div class=\"siteorigin-widget-tinymce textwidget\">\n\t<h3 style=\"text-align: center;\"><strong>Results <\/strong><\/h3>\n<p style=\"text-align: center;\">An ultra realistic experience with visualisation of contextualised products,<\/p>\n<p style=\"text-align: center;\">A reinvented, original and differentiating experience.<\/p>\n<\/div>\n<\/div><\/div><\/div><\/div><div id=\"pg-3888-7\"  class=\"panel-grid panel-no-style\" ><div id=\"pgc-3888-7-0\"  class=\"panel-grid-cell panel-grid-cell-empty\" ><\/div><div id=\"pgc-3888-7-1\"  class=\"panel-grid-cell panel-grid-cell-mobile-last\" ><div id=\"panel-3888-7-1-0\" class=\"so-panel widget widget_sow-button panel-first-child panel-last-child\" data-index=\"13\" ><div\n\t\t\t\n\t\t\tclass=\"so-widget-sow-button so-widget-sow-button-atom-ddfc18db71d7-3888\"\n\t\t\t\n\t\t><div class=\"ow-button-base ow-button-align-center\"\n>\n\t\t\t<a\n\t\t\t\t\thref=\"https:\/\/home.diakse.com\/en\/contact\/\"\n\t\t\t\t\tclass=\"sowb-button ow-icon-placement-left ow-button-hover\" \t>\n\t\t<span>\n\t\t\t\n\t\t\t<div id=\"undevis\">GET A QUOTE<\/div>\t\t<\/span>\n\t\t\t<\/a>\n\t<\/div>\n<\/div><\/div><\/div><div id=\"pgc-3888-7-2\"  class=\"panel-grid-cell panel-grid-cell-empty\" ><\/div><\/div><div id=\"pg-3888-8\"  class=\"panel-grid panel-no-style\" ><div id=\"pgc-3888-8-0\"  class=\"panel-grid-cell panel-grid-cell-empty\" ><\/div><div id=\"pgc-3888-8-1\"  class=\"panel-grid-cell panel-grid-cell-empty panel-grid-cell-mobile-last\" ><\/div><div id=\"pgc-3888-8-2\"  class=\"panel-grid-cell panel-grid-cell-empty\" ><\/div><\/div><\/div>","protected":false},"excerpt":{"rendered":"<p>Ma\u00eetre Orf\u00e8vre : La nouvelle collection, d\u00e9voil\u00e9e au r\u00e9seau de boutiques Pour le lancement de ses futur collections Christofle souhaitait se tourner vers l\u2019avenir en proposant \u00e0 ses collaborateurs une exp\u00e9rience immersive et innovante. Christofle, Ma\u00eetre Orf\u00e8vre depuis 1830, cr\u00e9er des bijoux raffin\u00e9s et des accessoires de maison. Leur vocation est de faire de l\u2019art <a href=\"https:\/\/home.diakse.com\/en\/cas-client-maitre-orfevre\" rel=\"nofollow\"><span class=\"sr-only\">Read more about Ma\u00eetre Orf\u00e8vre : La nouvelle collection, d\u00e9voil\u00e9e au r\u00e9seau de boutiques<\/span>[&hellip;]<\/a><\/p>\n","protected":false},"author":1,"featured_media":0,"parent":0,"menu_order":0,"comment_status":"closed","ping_status":"closed","template":"template-fullwidth-no-title.php","meta":{"_exactmetrics_skip_tracking":false,"_exactmetrics_sitenote_active":false,"_exactmetrics_sitenote_note":"","_exactmetrics_sitenote_category":0,"footnotes":""},"class_list":["post-3888","page","type-page","status-publish","hentry"],"yoast_head":"<!-- This site is optimized with the Yoast SEO plugin v27.3 - https:\/\/yoast.com\/product\/yoast-seo-wordpress\/ -->\n<title>Ma\u00eetre Orf\u00e8vre : La nouvelle collection, d\u00e9voil\u00e9e au r\u00e9seau de boutiques<\/title>\n<meta name=\"description\" content=\"Comment Christofle propose \u00e0 ses collaborateurs une exp\u00e9rience immersive. Comment cr\u00e9er une boutique virtuelle d&#039;orf\u00e8vre ?\" \/>\n<meta name=\"robots\" content=\"index, follow, max-snippet:-1, max-image-preview:large, max-video-preview:-1\" \/>\n<link rel=\"canonical\" href=\"https:\/\/home.diakse.com\/en\/cas-client-maitre-orfevre\/\" \/>\n<meta property=\"og:locale\" content=\"en_GB\" \/>\n<meta property=\"og:type\" content=\"article\" \/>\n<meta property=\"og:title\" content=\"Ma\u00eetre Orf\u00e8vre : La nouvelle collection, d\u00e9voil\u00e9e au r\u00e9seau de boutiques\" \/>\n<meta property=\"og:description\" content=\"Comment Christofle propose \u00e0 ses collaborateurs une exp\u00e9rience immersive. Comment cr\u00e9er une boutique virtuelle d&#039;orf\u00e8vre ?\" \/>\n<meta property=\"og:url\" content=\"https:\/\/home.diakse.com\/en\/cas-client-maitre-orfevre\/\" \/>\n<meta property=\"og:site_name\" content=\"Diakse\" \/>\n<meta property=\"article:publisher\" content=\"https:\/\/www.facebook.com\/diakse\" \/>\n<meta property=\"article:modified_time\" content=\"2022-10-25T21:09:33+00:00\" \/>\n<meta name=\"twitter:card\" content=\"summary_large_image\" \/>\n<meta name=\"twitter:site\" content=\"@Diakse_France\" \/>\n<meta name=\"twitter:label1\" content=\"Estimated reading time\" \/>\n\t<meta name=\"twitter:data1\" content=\"2 minutes\" \/>\n<script type=\"application\/ld+json\" class=\"yoast-schema-graph\">{\"@context\":\"https:\\\/\\\/schema.org\",\"@graph\":[{\"@type\":\"WebPage\",\"@id\":\"https:\\\/\\\/home.diakse.com\\\/cas-client-maitre-orfevre\",\"url\":\"https:\\\/\\\/home.diakse.com\\\/cas-client-maitre-orfevre\",\"name\":\"Ma\u00eetre Orf\u00e8vre : La nouvelle collection, d\u00e9voil\u00e9e au r\u00e9seau de boutiques\",\"isPartOf\":{\"@id\":\"https:\\\/\\\/home.diakse.com\\\/fr_fr\\\/#website\"},\"datePublished\":\"2021-05-07T16:44:30+00:00\",\"dateModified\":\"2022-10-25T21:09:33+00:00\",\"description\":\"Comment Christofle propose \u00e0 ses collaborateurs une exp\u00e9rience immersive. Comment cr\u00e9er une boutique virtuelle d'orf\u00e8vre ?\",\"breadcrumb\":{\"@id\":\"https:\\\/\\\/home.diakse.com\\\/cas-client-maitre-orfevre#breadcrumb\"},\"inLanguage\":\"en-GB\",\"potentialAction\":[{\"@type\":\"ReadAction\",\"target\":[\"https:\\\/\\\/home.diakse.com\\\/cas-client-maitre-orfevre\"]}]},{\"@type\":\"BreadcrumbList\",\"@id\":\"https:\\\/\\\/home.diakse.com\\\/cas-client-maitre-orfevre#breadcrumb\",\"itemListElement\":[{\"@type\":\"ListItem\",\"position\":1,\"name\":\"Accueil\",\"item\":\"https:\\\/\\\/home.diakse.com\\\/fr_fr\\\/\"},{\"@type\":\"ListItem\",\"position\":2,\"name\":\"Ma\u00eetre Orf\u00e8vre : La nouvelle collection, d\u00e9voil\u00e9e au r\u00e9seau de boutiques\"}]},{\"@type\":\"WebSite\",\"@id\":\"https:\\\/\\\/home.diakse.com\\\/fr_fr\\\/#website\",\"url\":\"https:\\\/\\\/home.diakse.com\\\/fr_fr\\\/\",\"name\":\"Diakse\",\"description\":\"Virtual Shops - La solution de cr\u00e9ation de boutiques virtuelles\",\"publisher\":{\"@id\":\"https:\\\/\\\/home.diakse.com\\\/fr_fr\\\/#organization\"},\"potentialAction\":[{\"@type\":\"SearchAction\",\"target\":{\"@type\":\"EntryPoint\",\"urlTemplate\":\"https:\\\/\\\/home.diakse.com\\\/fr_fr\\\/?s={search_term_string}\"},\"query-input\":{\"@type\":\"PropertyValueSpecification\",\"valueRequired\":true,\"valueName\":\"search_term_string\"}}],\"inLanguage\":\"en-GB\"},{\"@type\":\"Organization\",\"@id\":\"https:\\\/\\\/home.diakse.com\\\/fr_fr\\\/#organization\",\"name\":\"Diakse\",\"url\":\"https:\\\/\\\/home.diakse.com\\\/fr_fr\\\/\",\"logo\":{\"@type\":\"ImageObject\",\"inLanguage\":\"en-GB\",\"@id\":\"https:\\\/\\\/home.diakse.com\\\/fr_fr\\\/#\\\/schema\\\/logo\\\/image\\\/\",\"url\":\"https:\\\/\\\/home.diakse.com\\\/wp-content\\\/uploads\\\/2018\\\/01\\\/Diakse-V-business-3.0-Blanc.jpg\",\"contentUrl\":\"https:\\\/\\\/home.diakse.com\\\/wp-content\\\/uploads\\\/2018\\\/01\\\/Diakse-V-business-3.0-Blanc.jpg\",\"width\":1000,\"height\":440,\"caption\":\"Diakse\"},\"image\":{\"@id\":\"https:\\\/\\\/home.diakse.com\\\/fr_fr\\\/#\\\/schema\\\/logo\\\/image\\\/\"},\"sameAs\":[\"https:\\\/\\\/www.facebook.com\\\/diakse\",\"https:\\\/\\\/x.com\\\/Diakse_France\",\"https:\\\/\\\/www.instagram.com\\\/diakse.france\\\/\",\"https:\\\/\\\/www.linkedin.com\\\/company\\\/diakse\",\"https:\\\/\\\/www.youtube.com\\\/channel\\\/UCbymWs9j6MjXmcYDcU-LVJA\"]}]}<\/script>\n<!-- \/ Yoast SEO plugin. -->","yoast_head_json":{"title":"Christofle : The new collection, unveiled to a boutique network","description":"Comment Christofle propose \u00e0 ses collaborateurs une exp\u00e9rience immersive. Comment cr\u00e9er une boutique virtuelle d'orf\u00e8vre ?","robots":{"index":"index","follow":"follow","max-snippet":"max-snippet:-1","max-image-preview":"max-image-preview:large","max-video-preview":"max-video-preview:-1"},"canonical":"https:\/\/home.diakse.com\/en\/cas-client-maitre-orfevre\/","og_locale":"en_GB","og_type":"article","og_title":"Ma\u00eetre Orf\u00e8vre : La nouvelle collection, d\u00e9voil\u00e9e au r\u00e9seau de boutiques","og_description":"Comment Christofle propose \u00e0 ses collaborateurs une exp\u00e9rience immersive. Comment cr\u00e9er une boutique virtuelle d'orf\u00e8vre ?","og_url":"https:\/\/home.diakse.com\/en\/cas-client-maitre-orfevre\/","og_site_name":"Diakse","article_publisher":"https:\/\/www.facebook.com\/diakse","article_modified_time":"2022-10-25T21:09:33+00:00","twitter_card":"summary_large_image","twitter_site":"@Diakse_France","twitter_misc":{"Estimated reading time":"2 minutes"},"schema":{"@context":"https:\/\/schema.org","@graph":[{"@type":"WebPage","@id":"https:\/\/home.diakse.com\/cas-client-maitre-orfevre","url":"https:\/\/home.diakse.com\/cas-client-maitre-orfevre","name":"Christofle : The new collection, unveiled to a boutique network","isPartOf":{"@id":"https:\/\/home.diakse.com\/fr_fr\/#website"},"datePublished":"2021-05-07T16:44:30+00:00","dateModified":"2022-10-25T21:09:33+00:00","description":"Comment Christofle propose \u00e0 ses collaborateurs une exp\u00e9rience immersive. Comment cr\u00e9er une boutique virtuelle d'orf\u00e8vre ?","breadcrumb":{"@id":"https:\/\/home.diakse.com\/cas-client-maitre-orfevre#breadcrumb"},"inLanguage":"en-GB","potentialAction":[{"@type":"ReadAction","target":["https:\/\/home.diakse.com\/cas-client-maitre-orfevre"]}]},{"@type":"BreadcrumbList","@id":"https:\/\/home.diakse.com\/cas-client-maitre-orfevre#breadcrumb","itemListElement":[{"@type":"ListItem","position":1,"name":"Accueil","item":"https:\/\/home.diakse.com\/fr_fr\/"},{"@type":"ListItem","position":2,"name":"Ma\u00eetre Orf\u00e8vre : La nouvelle collection, d\u00e9voil\u00e9e au r\u00e9seau de boutiques"}]},{"@type":"WebSite","@id":"https:\/\/home.diakse.com\/fr_fr\/#website","url":"https:\/\/home.diakse.com\/fr_fr\/","name":"Diakse","description":"Virtual Shops - La solution de cr\u00e9ation de boutiques virtuelles","publisher":{"@id":"https:\/\/home.diakse.com\/fr_fr\/#organization"},"potentialAction":[{"@type":"SearchAction","target":{"@type":"EntryPoint","urlTemplate":"https:\/\/home.diakse.com\/fr_fr\/?s={search_term_string}"},"query-input":{"@type":"PropertyValueSpecification","valueRequired":true,"valueName":"search_term_string"}}],"inLanguage":"en-GB"},{"@type":"Organization","@id":"https:\/\/home.diakse.com\/fr_fr\/#organization","name":"Diakse","url":"https:\/\/home.diakse.com\/fr_fr\/","logo":{"@type":"ImageObject","inLanguage":"en-GB","@id":"https:\/\/home.diakse.com\/fr_fr\/#\/schema\/logo\/image\/","url":"https:\/\/home.diakse.com\/wp-content\/uploads\/2018\/01\/Diakse-V-business-3.0-Blanc.jpg","contentUrl":"https:\/\/home.diakse.com\/wp-content\/uploads\/2018\/01\/Diakse-V-business-3.0-Blanc.jpg","width":1000,"height":440,"caption":"Diakse"},"image":{"@id":"https:\/\/home.diakse.com\/fr_fr\/#\/schema\/logo\/image\/"},"sameAs":["https:\/\/www.facebook.com\/diakse","https:\/\/x.com\/Diakse_France","https:\/\/www.instagram.com\/diakse.france\/","https:\/\/www.linkedin.com\/company\/diakse","https:\/\/www.youtube.com\/channel\/UCbymWs9j6MjXmcYDcU-LVJA"]}]}},"_links":{"self":[{"href":"https:\/\/home.diakse.com\/en\/wp-json\/wp\/v2\/pages\/3888","targetHints":{"allow":["GET"]}}],"collection":[{"href":"https:\/\/home.diakse.com\/en\/wp-json\/wp\/v2\/pages"}],"about":[{"href":"https:\/\/home.diakse.com\/en\/wp-json\/wp\/v2\/types\/page"}],"author":[{"embeddable":true,"href":"https:\/\/home.diakse.com\/en\/wp-json\/wp\/v2\/users\/1"}],"replies":[{"embeddable":true,"href":"https:\/\/home.diakse.com\/en\/wp-json\/wp\/v2\/comments?post=3888"}],"version-history":[{"count":60,"href":"https:\/\/home.diakse.com\/en\/wp-json\/wp\/v2\/pages\/3888\/revisions"}],"predecessor-version":[{"id":4917,"href":"https:\/\/home.diakse.com\/en\/wp-json\/wp\/v2\/pages\/3888\/revisions\/4917"}],"wp:attachment":[{"href":"https:\/\/home.diakse.com\/en\/wp-json\/wp\/v2\/media?parent=3888"}],"curies":[{"name":"wp","href":"https:\/\/api.w.org\/{rel}","templated":true}]}}