{"id":3953,"date":"2021-02-21T07:16:15","date_gmt":"2021-02-21T07:16:15","guid":{"rendered":"https:\/\/home.diakse.com\/?page_id=3953"},"modified":"2021-12-09T14:24:39","modified_gmt":"2021-12-09T14:24:39","slug":"confidentialite","status":"publish","type":"page","link":"https:\/\/home.diakse.com\/en\/confidentialite","title":{"rendered":"Politique de confidentialit\u00e9"},"content":{"rendered":"<p>Diakse (\"Diakse\" or \"we\") takes your privacy very seriously. This Policy describes Mirakl\u2019s privacy practices regarding the use of personal data in its websites. More precisely, it explains what data we collect, how we use, store and\/or transfer it.<\/p>\n<p>This Policy applies to individuals who visit (\u201cvisitor\u201d, \u201cyou\u201d or \u201cyours\u201d) Diakse\u2019s Websites (\u201cwebsites\u201d) and covers the following websites:<\/p>\n<ul>\n<li>diakse.com,<\/li>\n<li>diakse.fr,<\/li>\n<\/ul>\n<p>Our websites contain links to other websites. The privacy practices of other websites are covered by their own privacy policies. Please visit their privacy policies if you wish to know more.<\/p>\n<p><strong>What data we collect and how we use it<\/strong><\/p>\n<p><strong>Forms<\/strong><\/p>\n<p>Our websites contain contact forms. When you \u201cbook a demo\u201d or you try to \u201ccontact us\u201d via these forms, we require you to submit your contact information which contain personal data such as: full name, email, phone number. We may use your contact information to send you offers about our services. You can opt-out of future mailings at any time by clicking on the \u201cunsubscribe\u201d button located at the bottom of the emails you receive.<\/p>\n<p><strong>Blog mailing list<\/strong><\/p>\n<p>If you subscribe to the email updates service via our blog, you voluntarily provide us with your email address. We use this service to keep you informed on the latest marketplace-related news.We may also use the<br \/>\ndata you provide to us for marketing purposes. You can unsubscribe from it at any time by clicking on the \u201cunsubscribe\u201d button located at the bottom of the emails you receive.<\/p>\n<p><strong>Browsing data<\/strong><\/p>\n<p>When you visit our websites, we automatically collect your browsing data that may include your IP address, device, your region, your browser type, your internet service provider and\/or mobile carrier, the pages and files you viewed, your searches, your operating system and system configuration data, and the date and time of your visit.<\/p>\n<p>Some of the above data is used to create general statistics which allow us to assess the number of visitors to our website, identify what pages are visited most frequently and, ultimately, make the website more user friendly.<\/p>\n<p><strong>Cookies<\/strong><\/p>\n<p>Cookies are small text files that are placed in your computer by the websites you visit. They are widely used in order to makes websites work, or work more efficiently, as well as to provide information to the owners of the website.<\/p>\n<p><strong>Our cookies<\/strong><\/p>\n<p>We mainly use cookies that are session-based. They typically store data in the form of a session identification that does not personally identify you. Session cookies exist during one session. They disappear from your computer or device when you close your browser software or turn off your computer.<\/p>\n<p>You can control the use of cookies at the individual browser level, but if you choose to disable cookies, it may limit your use of certain features or functions on our websites.<\/p>\n<p><strong>Third-party cookies<\/strong><\/p>\n<p>We also use cookies delivered by third parties for statistical and advertising purposes. These cookies are governed by their own privacy policies. If you wish to opt-out third-party cookies, please check their privacy policies by clicking on the links below.<\/p>\n<table>\n<tbody>\n<tr>\n<td><strong>TYPE OF COOKIE<\/strong><\/td>\n<td><strong>PURPOSE<\/strong><\/td>\n<td><strong>MORE INFORMATION<\/strong><\/td>\n<\/tr>\n<tr>\n<td>Google Analytics<\/td>\n<td>These cookies are used to collect information about how visitors use our websites. They<br \/>\nprovide information regarding the number of visitors to the sites, where visitors have come to the site from and the pages they visited. We use this information to<br \/>\ncompile reports and to help us improve the way our websites work.<\/td>\n<td><a href=\"https:\/\/support.google.com\/analytics\/answer\/6004245\">Click here for an overview of privacy practices at Google.<\/a><\/p>\n<p>To opt-out being tracked by Google Analytics across all websites, visit&nbsp;<a href=\"https:\/\/tools.google.com\/dlpage\/gaoptout\">Google<\/a><\/td>\n<\/tr>\n<tr>\n<td>Hubspot<\/td>\n<td>These cookies are used to show you ads for Diakse solutions that we think may interest you on any device you may use and track the performance of Diakse advertisements.<\/td>\n<td><a href=\"https:\/\/knowledge.hubspot.com\/articles\/kcs_article\/reports\/what-cookies-does-hubspot-set-in-a-visitor-s-browser?__hstc=130058960.efc595021576da77c1ddc2651b782eb1.1613889514640.1613889514640.1613889514640.1&amp;__hssc=130058960.4.1613889514643&amp;__hsfp=3669310752\">&nbsp;Click here for more information about cookies set by Hubspot.<\/a><\/td>\n<\/tr>\n<tr>\n<td>AppNexus<\/td>\n<td>These cookies are used to build group of users (segments) for target advertising. They provide information about the types of websites your browser has visited. This information is not matched to personally identifiable information.<\/td>\n<td><a href=\"https:\/\/www.appnexus.com\/en\/company\/platform-privacy-policy\">Click here for more information about cookies set by AppNexus.<\/a><\/td>\n<\/tr>\n<tr>\n<td>Social media<\/td>\n<td>We embed social media buttons in our websites to redirect you to our social media accounts. They may set cookies on your computer when you click on them.<\/td>\n<td><a href=\"https:\/\/www.linkedin.com\/legal\/cookie-table\">Click here for an overview of the cookies policy at Linkedin<\/a><\/p>\n<p><a href=\"https:\/\/help.twitter.com\/en\/rules-and-policies\/twitter-cookies\">Click here for an overview of the cookies policy at Twitter<\/a><\/td>\n<\/tr>\n<\/tbody>\n<\/table>\n<p><strong>Web beacons<\/strong><\/p>\n<p>Diakse uses web beacons alone or in conjunction with cookies to compile information about prospects and visitors\u2019 usage of its websites and interaction with emails from Diakse. Web beacons are clear electronic images that can recognize certain types of information on your computer, such as cookies, when you viewed a particular website tied to the web beacon, and a description of a website tied to the web beacon. For example, Diakse may place web beacons in marketing emails that notify it when you click on a link in the email that directs you to one of the Diakse\u2019s websites. We use web beacons to operate and improve Diakse\u2019s websites and email communications.<\/p>\n<p><strong>Customer testimonials<\/strong><\/p>\n<p>Diakse posts customer testimonials videos on the websites that contain data such as customer names and titles. Diakse has obtained the consent of each customer before posting any data on such testimonials.<\/p>\n<p><strong>With whom we share it<\/strong><\/p>\n<p><strong>Diakse affiliates<\/strong><\/p>\n<p>Diakse may share data, notably contact details, about its prospects with its affiliates in order to work with them. For example, Diakse may need to share data with its affiliates for marketing and account management purposes. Diakse does not sell data to any third parties.<\/p>\n<p><strong>Third-parties<\/strong><\/p>\n<p>Sections \u201cCookies\u201d and \u201cWeb beacons\u201d of this Policy, specifically address the data we or third parties collect through cookies and web beacons, and how you can control cookies through your web browser.<\/p>\n<p><strong>Compelled disclosure<\/strong><\/p>\n<p>Diakse reserves the right to use or disclose information if required by law or if Diakse reasonably believes that use or disclosure is necessary to protect Diakse\u2019s rights and\/or to comply with a judicial proceeding, court order, or legal process.<\/p>\n<p><strong>Retention<\/strong><\/p>\n<p>We retain personal data only as long as necessary for using it in accordance with the purposes described in this Policy, or as otherwise necessary to comply with applicable laws. When your data is no longer necessary or relevant for our purposes, or required by applicable laws, we take steps to have it deleted or made anonymous.<\/p>\n<p><strong>How we protect your data<\/strong><\/p>\n<p>Diakse puts in place all the necessary measures to protect your data form unauthorized access to, disclosure, alteration, or loss. In particular, we use SSL certificates to encrypt our websites and only a limited number of staff have access to the data we use. We review and update our practices regularly to enhance your privacy and ensure that our internal policies are followed.<\/p>\n<p>If you have found a vulnerability or would like to report a security incident, you may send an email to&nbsp;<a href=\"mailto:security@mirakl.com\">security@Diakse.com<\/a>.<\/p>\n<p>The security of our applications and infrastructure is paramount to us and our clients. At Diakse, we value coordinated disclosure when it comes to security issues. That is why we encourage reporters to privately disclose their findings and provide us with a reasonable time frame so that we can investigate, develop and deploy any necessary fix.<\/p>\n<p><strong>Data transfer<\/strong><\/p>\n<p>Diakse primarily stores data in the European Union. To facilitate Diakse\u2019s global operations, Diakse may sometimes transfer data to our affiliate located in the United States. This Policy applies to those transfers.<\/p>\n<p><strong>Contact<\/strong><\/p>\n<p>In compliance with the Privacy Shield Principles, Diakse commits to resolve complaints about our collection or use of your personal information. EU and Swiss individuals with inquiries or complaints regarding our Privacy Shield policy should first contact Diakse at:&nbsp;<a href=\"https:\/\/www.mirakl.fr\/confidentialite\/_wp_link_placeholder\">legal@Diakse.com<\/a>.<\/p>\n<p>Diakse has further committed to cooperate with the panel established by the EU data protection authorities (DPAs) with regard to unresolved Privacy Shield complaints data transferred from the EU.<\/p>\n<p><strong>Changes<\/strong><\/p>\n<p>Diakse may change this policy from time to time. Make sure to check our Privacy Policy regularly.<\/p>\n<p><strong>Applicable law and assigned juridiction<\/strong><\/p>\n<p>All litigation regarding the use of Diakse website is submitted to french law. Outside cases where the law doesn't permit it, it is made exclusif juridiction assignation to the competent tribunals of Paris.<\/p>","protected":false},"excerpt":{"rendered":"<p>DIAKSE (\u201cDiakse\u201d ou \u201cnous\u201d) prend la confidentialit\u00e9 de vos donn\u00e9es tr\u00e8s au s\u00e9rieux. Cette Politique d\u00e9crit les pratiques de confidentialit\u00e9 de Diakse concernant l\u2019utilisation de vos donn\u00e9es personnelles sur ses sites internet. Plus pr\u00e9cis\u00e9ment, celle-ci pr\u00e9cise les donn\u00e9es que nous collectons, l\u2019utilisation que nous en faisons et comment nous les conservons et\/ou les transf\u00e9rons. Cette <a href=\"https:\/\/home.diakse.com\/en\/confidentialite\" rel=\"nofollow\"><span class=\"sr-only\">Read more about Politique de confidentialit\u00e9<\/span>[&hellip;]<\/a><\/p>\n","protected":false},"author":1,"featured_media":0,"parent":0,"menu_order":0,"comment_status":"closed","ping_status":"closed","template":"template-fullwidth-no-title.php","meta":{"_exactmetrics_skip_tracking":false,"_exactmetrics_sitenote_active":false,"_exactmetrics_sitenote_note":"","_exactmetrics_sitenote_category":0,"footnotes":""},"class_list":["post-3953","page","type-page","status-publish","hentry"],"yoast_head":"<!-- This site is optimized with the Yoast SEO plugin v27.3 - https:\/\/yoast.com\/product\/yoast-seo-wordpress\/ -->\n<title>Politique de confidentialit\u00e9 - Diakse<\/title>\n<meta name=\"description\" content=\"Politique de confidentialit\u00e9 DIAKSE\" \/>\n<meta name=\"robots\" content=\"noindex, nofollow\" \/>\n<meta property=\"og:locale\" content=\"en_GB\" \/>\n<meta property=\"og:type\" content=\"article\" \/>\n<meta property=\"og:title\" content=\"Politique de confidentialit\u00e9 - Diakse\" \/>\n<meta property=\"og:description\" content=\"Politique de confidentialit\u00e9 DIAKSE\" \/>\n<meta property=\"og:url\" content=\"https:\/\/home.diakse.com\/en\/confidentialite\" \/>\n<meta property=\"og:site_name\" content=\"Diakse\" \/>\n<meta property=\"article:publisher\" content=\"https:\/\/www.facebook.com\/diakse\" \/>\n<meta property=\"article:modified_time\" content=\"2021-12-09T14:24:39+00:00\" \/>\n<meta name=\"twitter:card\" content=\"summary_large_image\" \/>\n<meta name=\"twitter:site\" content=\"@Diakse_France\" \/>\n<meta name=\"twitter:label1\" content=\"Estimated reading time\" \/>\n\t<meta name=\"twitter:data1\" content=\"7 minutes\" \/>\n<script type=\"application\/ld+json\" class=\"yoast-schema-graph\">{\"@context\":\"https:\\\/\\\/schema.org\",\"@graph\":[{\"@type\":\"WebPage\",\"@id\":\"https:\\\/\\\/home.diakse.com\\\/en\\\/confidentialite\",\"url\":\"https:\\\/\\\/home.diakse.com\\\/en\\\/confidentialite\",\"name\":\"Politique de confidentialit\u00e9 - Diakse\",\"isPartOf\":{\"@id\":\"https:\\\/\\\/home.diakse.com\\\/fr_fr\\\/#website\"},\"datePublished\":\"2021-02-21T07:16:15+00:00\",\"dateModified\":\"2021-12-09T14:24:39+00:00\",\"description\":\"Politique de confidentialit\u00e9 DIAKSE\",\"breadcrumb\":{\"@id\":\"https:\\\/\\\/home.diakse.com\\\/en\\\/confidentialite#breadcrumb\"},\"inLanguage\":\"en-GB\",\"potentialAction\":[{\"@type\":\"ReadAction\",\"target\":[\"https:\\\/\\\/home.diakse.com\\\/en\\\/confidentialite\"]}]},{\"@type\":\"BreadcrumbList\",\"@id\":\"https:\\\/\\\/home.diakse.com\\\/en\\\/confidentialite#breadcrumb\",\"itemListElement\":[{\"@type\":\"ListItem\",\"position\":1,\"name\":\"Accueil\",\"item\":\"https:\\\/\\\/home.diakse.com\\\/fr_fr\\\/\"},{\"@type\":\"ListItem\",\"position\":2,\"name\":\"Politique de confidentialit\u00e9\"}]},{\"@type\":\"WebSite\",\"@id\":\"https:\\\/\\\/home.diakse.com\\\/fr_fr\\\/#website\",\"url\":\"https:\\\/\\\/home.diakse.com\\\/fr_fr\\\/\",\"name\":\"Diakse\",\"description\":\"Virtual Shops - La solution de cr\u00e9ation de boutiques virtuelles\",\"publisher\":{\"@id\":\"https:\\\/\\\/home.diakse.com\\\/fr_fr\\\/#organization\"},\"potentialAction\":[{\"@type\":\"SearchAction\",\"target\":{\"@type\":\"EntryPoint\",\"urlTemplate\":\"https:\\\/\\\/home.diakse.com\\\/fr_fr\\\/?s={search_term_string}\"},\"query-input\":{\"@type\":\"PropertyValueSpecification\",\"valueRequired\":true,\"valueName\":\"search_term_string\"}}],\"inLanguage\":\"en-GB\"},{\"@type\":\"Organization\",\"@id\":\"https:\\\/\\\/home.diakse.com\\\/fr_fr\\\/#organization\",\"name\":\"Diakse\",\"url\":\"https:\\\/\\\/home.diakse.com\\\/fr_fr\\\/\",\"logo\":{\"@type\":\"ImageObject\",\"inLanguage\":\"en-GB\",\"@id\":\"https:\\\/\\\/home.diakse.com\\\/fr_fr\\\/#\\\/schema\\\/logo\\\/image\\\/\",\"url\":\"https:\\\/\\\/home.diakse.com\\\/wp-content\\\/uploads\\\/2018\\\/01\\\/Diakse-V-business-3.0-Blanc.jpg\",\"contentUrl\":\"https:\\\/\\\/home.diakse.com\\\/wp-content\\\/uploads\\\/2018\\\/01\\\/Diakse-V-business-3.0-Blanc.jpg\",\"width\":1000,\"height\":440,\"caption\":\"Diakse\"},\"image\":{\"@id\":\"https:\\\/\\\/home.diakse.com\\\/fr_fr\\\/#\\\/schema\\\/logo\\\/image\\\/\"},\"sameAs\":[\"https:\\\/\\\/www.facebook.com\\\/diakse\",\"https:\\\/\\\/x.com\\\/Diakse_France\",\"https:\\\/\\\/www.instagram.com\\\/diakse.france\\\/\",\"https:\\\/\\\/www.linkedin.com\\\/company\\\/diakse\",\"https:\\\/\\\/www.youtube.com\\\/channel\\\/UCbymWs9j6MjXmcYDcU-LVJA\"]}]}<\/script>\n<!-- \/ Yoast SEO plugin. -->","yoast_head_json":{"title":"Politique de confidentialit\u00e9 - Diakse","description":"Politique de confidentialit\u00e9 DIAKSE","robots":{"index":"noindex","follow":"nofollow"},"og_locale":"en_GB","og_type":"article","og_title":"Politique de confidentialit\u00e9 - Diakse","og_description":"Politique de confidentialit\u00e9 DIAKSE","og_url":"https:\/\/home.diakse.com\/en\/confidentialite","og_site_name":"Diakse","article_publisher":"https:\/\/www.facebook.com\/diakse","article_modified_time":"2021-12-09T14:24:39+00:00","twitter_card":"summary_large_image","twitter_site":"@Diakse_France","twitter_misc":{"Estimated reading time":"7 minutes"},"schema":{"@context":"https:\/\/schema.org","@graph":[{"@type":"WebPage","@id":"https:\/\/home.diakse.com\/en\/confidentialite","url":"https:\/\/home.diakse.com\/en\/confidentialite","name":"Politique de confidentialit\u00e9 - Diakse","isPartOf":{"@id":"https:\/\/home.diakse.com\/fr_fr\/#website"},"datePublished":"2021-02-21T07:16:15+00:00","dateModified":"2021-12-09T14:24:39+00:00","description":"Politique de confidentialit\u00e9 DIAKSE","breadcrumb":{"@id":"https:\/\/home.diakse.com\/en\/confidentialite#breadcrumb"},"inLanguage":"en-GB","potentialAction":[{"@type":"ReadAction","target":["https:\/\/home.diakse.com\/en\/confidentialite"]}]},{"@type":"BreadcrumbList","@id":"https:\/\/home.diakse.com\/en\/confidentialite#breadcrumb","itemListElement":[{"@type":"ListItem","position":1,"name":"Accueil","item":"https:\/\/home.diakse.com\/fr_fr\/"},{"@type":"ListItem","position":2,"name":"Politique de confidentialit\u00e9"}]},{"@type":"WebSite","@id":"https:\/\/home.diakse.com\/fr_fr\/#website","url":"https:\/\/home.diakse.com\/fr_fr\/","name":"Diakse","description":"Virtual Shops - La solution de cr\u00e9ation de boutiques virtuelles","publisher":{"@id":"https:\/\/home.diakse.com\/fr_fr\/#organization"},"potentialAction":[{"@type":"SearchAction","target":{"@type":"EntryPoint","urlTemplate":"https:\/\/home.diakse.com\/fr_fr\/?s={search_term_string}"},"query-input":{"@type":"PropertyValueSpecification","valueRequired":true,"valueName":"search_term_string"}}],"inLanguage":"en-GB"},{"@type":"Organization","@id":"https:\/\/home.diakse.com\/fr_fr\/#organization","name":"Diakse","url":"https:\/\/home.diakse.com\/fr_fr\/","logo":{"@type":"ImageObject","inLanguage":"en-GB","@id":"https:\/\/home.diakse.com\/fr_fr\/#\/schema\/logo\/image\/","url":"https:\/\/home.diakse.com\/wp-content\/uploads\/2018\/01\/Diakse-V-business-3.0-Blanc.jpg","contentUrl":"https:\/\/home.diakse.com\/wp-content\/uploads\/2018\/01\/Diakse-V-business-3.0-Blanc.jpg","width":1000,"height":440,"caption":"Diakse"},"image":{"@id":"https:\/\/home.diakse.com\/fr_fr\/#\/schema\/logo\/image\/"},"sameAs":["https:\/\/www.facebook.com\/diakse","https:\/\/x.com\/Diakse_France","https:\/\/www.instagram.com\/diakse.france\/","https:\/\/www.linkedin.com\/company\/diakse","https:\/\/www.youtube.com\/channel\/UCbymWs9j6MjXmcYDcU-LVJA"]}]}},"_links":{"self":[{"href":"https:\/\/home.diakse.com\/en\/wp-json\/wp\/v2\/pages\/3953","targetHints":{"allow":["GET"]}}],"collection":[{"href":"https:\/\/home.diakse.com\/en\/wp-json\/wp\/v2\/pages"}],"about":[{"href":"https:\/\/home.diakse.com\/en\/wp-json\/wp\/v2\/types\/page"}],"author":[{"embeddable":true,"href":"https:\/\/home.diakse.com\/en\/wp-json\/wp\/v2\/users\/1"}],"replies":[{"embeddable":true,"href":"https:\/\/home.diakse.com\/en\/wp-json\/wp\/v2\/comments?post=3953"}],"version-history":[{"count":5,"href":"https:\/\/home.diakse.com\/en\/wp-json\/wp\/v2\/pages\/3953\/revisions"}],"predecessor-version":[{"id":4256,"href":"https:\/\/home.diakse.com\/en\/wp-json\/wp\/v2\/pages\/3953\/revisions\/4256"}],"wp:attachment":[{"href":"https:\/\/home.diakse.com\/en\/wp-json\/wp\/v2\/media?parent=3953"}],"curies":[{"name":"wp","href":"https:\/\/api.w.org\/{rel}","templated":true}]}}