{"id":3980,"date":"2021-05-07T16:38:38","date_gmt":"2021-05-07T16:38:38","guid":{"rendered":"https:\/\/home.diakse.com\/?page_id=3980"},"modified":"2022-10-25T21:13:48","modified_gmt":"2022-10-25T21:13:48","slug":"cas-client-axa","status":"publish","type":"page","link":"https:\/\/home.diakse.com\/en\/cas-client-axa","title":{"rendered":"Axa"},"content":{"rendered":"<div id=\"pl-3980\"  class=\"panel-layout\" ><div id=\"pg-3980-0\"  class=\"panel-grid panel-no-style\" ><div id=\"pgc-3980-0-0\"  class=\"panel-grid-cell\" ><div id=\"panel-3980-0-0-0\" class=\"so-panel widget widget_sow-image panel-first-child panel-last-child\" data-index=\"0\" ><div\n\t\t\t\n\t\t\tclass=\"so-widget-sow-image so-widget-sow-image-default-a258e6bfa2d8-3980\"\n\t\t\t\n\t\t>\n<div class=\"sow-image-container\">\n\t\t\t<a href=\"https:\/\/www.youtube.com\/watch?v=hBEOIbdDHnY\"\n\t\t\ttarget=\"_blank\" rel=\"noopener noreferrer\" \t\t>\n\t\t\t<img fetchpriority=\"high\" \n\tsrc=\"https:\/\/home.diakse.com\/wp-content\/uploads\/2021\/04\/MicrosoftTeams-image-5.jpg\" width=\"1124\" height=\"615\" srcset=\"https:\/\/home.diakse.com\/wp-content\/uploads\/2021\/04\/MicrosoftTeams-image-5.jpg 1124w, https:\/\/home.diakse.com\/wp-content\/uploads\/2021\/04\/MicrosoftTeams-image-5-300x164.jpg 300w, https:\/\/home.diakse.com\/wp-content\/uploads\/2021\/04\/MicrosoftTeams-image-5-1024x560.jpg 1024w, https:\/\/home.diakse.com\/wp-content\/uploads\/2021\/04\/MicrosoftTeams-image-5-768x420.jpg 768w, https:\/\/home.diakse.com\/wp-content\/uploads\/2021\/04\/MicrosoftTeams-image-5-16x9.jpg 16w\" sizes=\"(max-width: 1124px) 100vw, 1124px\" title=\"MicrosoftTeams-image (5)\" alt=\"Axa\" \t\tclass=\"so-widget-image\"\/>\n\t\t\t<\/a><\/div>\n\n<\/div><\/div><\/div><\/div><div id=\"pg-3980-1\"  class=\"panel-grid panel-no-style\" ><div id=\"pgc-3980-1-0\"  class=\"panel-grid-cell\" ><div id=\"panel-3980-1-0-0\" class=\"so-panel widget widget_sow-headline panel-first-child panel-last-child\" data-index=\"1\" ><div\n\t\t\t\n\t\t\tclass=\"so-widget-sow-headline so-widget-sow-headline-default-ea0af4cf39ae-3980\"\n\t\t\t\n\t\t><div class=\"sow-headline-container\">\n\t\t\t\t\t\t\t<h1 class=\"sow-headline\">\n\t\t\t\t\t\tAxa\t\t\t\t\t\t<\/h1>\n\t\t\t\t\t\t\t\t\t\t\t<div class=\"decoration\">\n\t\t\t\t\t\t<div class=\"decoration-inside\"><\/div>\n\t\t\t\t\t<\/div>\n\t\t\t\t\t<\/div>\n<\/div><\/div><\/div><\/div><div id=\"pg-3980-2\"  class=\"panel-grid panel-no-style\" ><div id=\"pgc-3980-2-0\"  class=\"panel-grid-cell\" ><div id=\"panel-3980-2-0-0\" class=\"so-panel widget widget_sow-editor panel-first-child panel-last-child\" data-index=\"2\" ><div\n\t\t\t\n\t\t\tclass=\"so-widget-sow-editor so-widget-sow-editor-base\"\n\t\t\t\n\t\t>\n<div class=\"siteorigin-widget-tinymce textwidget\">\n\t<h3 style=\"text-align: center;\"><em>For the launch of their new insurance contract, Axa wanted to show the different options it proposes.<\/em><\/h3>\n<\/div>\n<\/div><\/div><\/div><\/div><div id=\"pg-3980-3\"  class=\"panel-grid panel-no-style\" ><div id=\"pgc-3980-3-0\"  class=\"panel-grid-cell\" ><div id=\"panel-3980-3-0-0\" class=\"so-panel widget widget_sow-image panel-first-child panel-last-child\" data-index=\"3\" ><div\n\t\t\t\n\t\t\tclass=\"so-widget-sow-image so-widget-sow-image-default-c67d20f9f743-3980\"\n\t\t\t\n\t\t>\n<div class=\"sow-image-container\">\n\t\t<img \n\tsrc=\"https:\/\/home.diakse.com\/wp-content\/uploads\/2021\/04\/MicrosoftTeams-image-1-1024x625.jpg\" width=\"640\" height=\"391\" srcset=\"https:\/\/home.diakse.com\/wp-content\/uploads\/2021\/04\/MicrosoftTeams-image-1-1024x625.jpg 1024w, https:\/\/home.diakse.com\/wp-content\/uploads\/2021\/04\/MicrosoftTeams-image-1-300x183.jpg 300w, https:\/\/home.diakse.com\/wp-content\/uploads\/2021\/04\/MicrosoftTeams-image-1-768x469.jpg 768w, https:\/\/home.diakse.com\/wp-content\/uploads\/2021\/04\/MicrosoftTeams-image-1-16x10.jpg 16w, https:\/\/home.diakse.com\/wp-content\/uploads\/2021\/04\/MicrosoftTeams-image-1.jpg 1124w\" sizes=\"(max-width: 640px) 100vw, 640px\" title=\"MicrosoftTeams-image (1)\" alt=\"\" \t\tclass=\"so-widget-image\"\/>\n\t<\/div>\n\n<\/div><\/div><\/div><div id=\"pgc-3980-3-1\"  class=\"panel-grid-cell\" ><div id=\"panel-3980-3-1-0\" class=\"so-panel widget widget_sow-image panel-first-child\" data-index=\"4\" ><div\n\t\t\t\n\t\t\tclass=\"so-widget-sow-image so-widget-sow-image-default-c67d20f9f743-3980\"\n\t\t\t\n\t\t>\n<div class=\"sow-image-container\">\n\t\t<img \n\tsrc=\"https:\/\/home.diakse.com\/wp-content\/uploads\/2021\/04\/MicrosoftTeams-image-4-300x246.jpg\" width=\"300\" height=\"246\" srcset=\"https:\/\/home.diakse.com\/wp-content\/uploads\/2021\/04\/MicrosoftTeams-image-4-300x246.jpg 300w, https:\/\/home.diakse.com\/wp-content\/uploads\/2021\/04\/MicrosoftTeams-image-4-1024x841.jpg 1024w, https:\/\/home.diakse.com\/wp-content\/uploads\/2021\/04\/MicrosoftTeams-image-4-768x631.jpg 768w, https:\/\/home.diakse.com\/wp-content\/uploads\/2021\/04\/MicrosoftTeams-image-4-16x12.jpg 16w, https:\/\/home.diakse.com\/wp-content\/uploads\/2021\/04\/MicrosoftTeams-image-4.jpg 1124w\" sizes=\"(max-width: 300px) 100vw, 300px\" title=\"MicrosoftTeams-image (4)\" alt=\"\" \t\tclass=\"so-widget-image\"\/>\n\t<\/div>\n\n<\/div><\/div><div id=\"panel-3980-3-1-1\" class=\"so-panel widget widget_sow-editor panel-last-child\" data-index=\"5\" ><div\n\t\t\t\n\t\t\tclass=\"so-widget-sow-editor so-widget-sow-editor-base\"\n\t\t\t\n\t\t>\n<div class=\"siteorigin-widget-tinymce textwidget\">\n\t<h5 style=\"text-align: left;\">The Axa insurance company offers all kinds of insurance contracts, but today it's turning to technological innovations with Diakse.<\/h5>\n<\/div>\n<\/div><\/div><\/div><\/div><div id=\"pg-3980-4\"  class=\"panel-grid panel-no-style\" ><div id=\"pgc-3980-4-0\"  class=\"panel-grid-cell\" ><div id=\"panel-3980-4-0-0\" class=\"so-panel widget widget_sow-editor panel-first-child panel-last-child\" data-index=\"6\" ><div\n\t\t\t\n\t\t\tclass=\"so-widget-sow-editor so-widget-sow-editor-base\"\n\t\t\t\n\t\t>\n<div class=\"siteorigin-widget-tinymce textwidget\">\n\t<h1 style=\"text-align: center;\">100%<\/h1>\n<h4 style=\"text-align: center;\">Increase in generated leads compared to the website's 2D version<\/h4>\n<\/div>\n<\/div><\/div><\/div><div id=\"pgc-3980-4-1\"  class=\"panel-grid-cell\" ><div id=\"panel-3980-4-1-0\" class=\"so-panel widget widget_sow-editor panel-first-child panel-last-child\" data-index=\"7\" ><div\n\t\t\t\n\t\t\tclass=\"so-widget-sow-editor so-widget-sow-editor-base\"\n\t\t\t\n\t\t>\n<div class=\"siteorigin-widget-tinymce textwidget\">\n\t<h1 style=\"text-align: center;\">100%<\/h1>\n<h4 style=\"text-align: center;\">Of customer satisfaction<\/h4>\n<\/div>\n<\/div><\/div><\/div><div id=\"pgc-3980-4-2\"  class=\"panel-grid-cell\" ><div id=\"panel-3980-4-2-0\" class=\"so-panel widget widget_sow-editor panel-first-child panel-last-child\" data-index=\"8\" ><div\n\t\t\t\n\t\t\tclass=\"so-widget-sow-editor so-widget-sow-editor-base\"\n\t\t\t\n\t\t>\n<div class=\"siteorigin-widget-tinymce textwidget\">\n\t<h1 style=\"text-align: center;\">30%<\/h1>\n<h4 style=\"text-align: center;\">More options subscribed<\/h4>\n<\/div>\n<\/div><\/div><\/div><\/div><div id=\"pg-3980-5\"  class=\"panel-grid panel-no-style\" ><div id=\"pgc-3980-5-0\"  class=\"panel-grid-cell\" ><div id=\"panel-3980-5-0-0\" class=\"so-panel widget widget_sow-headline panel-first-child panel-last-child\" data-index=\"9\" ><div\n\t\t\t\n\t\t\tclass=\"so-widget-sow-headline so-widget-sow-headline-default-ea0af4cf39ae-3980\"\n\t\t\t\n\t\t><div class=\"sow-headline-container\">\n\t\t\t\t\t\t\t<h1 class=\"sow-headline\">\n\t\t\t\t\t\tThe Axa project\t\t\t\t\t\t<\/h1>\n\t\t\t\t\t\t\t\t\t\t\t<div class=\"decoration\">\n\t\t\t\t\t\t<div class=\"decoration-inside\"><\/div>\n\t\t\t\t\t<\/div>\n\t\t\t\t\t<\/div>\n<\/div><\/div><\/div><\/div><div id=\"pg-3980-6\"  class=\"panel-grid panel-no-style\" ><div id=\"pgc-3980-6-0\"  class=\"panel-grid-cell\" ><div id=\"panel-3980-6-0-0\" class=\"so-panel widget widget_sow-editor panel-first-child panel-last-child\" data-index=\"10\" ><div\n\t\t\t\n\t\t\tclass=\"so-widget-sow-editor so-widget-sow-editor-base\"\n\t\t\t\n\t\t>\n<div class=\"siteorigin-widget-tinymce textwidget\">\n\t<h3 style=\"text-align: center;\"><strong>Context and objectives <\/strong><\/h3>\n<p class=\"translation-block\">For its new home insurance contract, Axa offers a range of different options, and wanted to present them to its customers in a playful context. <a href=\"https:\/\/home.diakse.com\/en\/solutions\/\" target=\"_self\">Diakse's solution<\/a> was the obvious choice for an immersive, unique and entertaining experience.<\/p>\n<\/div>\n<\/div><\/div><\/div><div id=\"pgc-3980-6-1\"  class=\"panel-grid-cell\" ><div id=\"panel-3980-6-1-0\" class=\"so-panel widget widget_sow-editor panel-first-child panel-last-child\" data-index=\"11\" ><div\n\t\t\t\n\t\t\tclass=\"so-widget-sow-editor so-widget-sow-editor-base\"\n\t\t\t\n\t\t>\n<div class=\"siteorigin-widget-tinymce textwidget\">\n\t<h3 style=\"text-align: center;\"><strong>Realization <\/strong><\/h3>\n<p>For this virtual visit it was important to make sure that the customer could project themselves. A beautiful house was selected and modified with Diakse's technology.<\/p>\n<p>&nbsp;<\/p>\n<\/div>\n<\/div><\/div><\/div><div id=\"pgc-3980-6-2\"  class=\"panel-grid-cell\" ><div id=\"panel-3980-6-2-0\" class=\"so-panel widget widget_sow-editor panel-first-child panel-last-child\" data-index=\"12\" ><div\n\t\t\t\n\t\t\tclass=\"so-widget-sow-editor so-widget-sow-editor-base\"\n\t\t\t\n\t\t>\n<div class=\"siteorigin-widget-tinymce textwidget\">\n\t<h3 style=\"text-align: center;\"><strong>Results <\/strong><\/h3>\n<p style=\"text-align: center;\">A realistic visualisation of the options,<\/p>\n<p style=\"text-align: center;\">A reinvented, original and differentiating experience,<\/p>\n<p style=\"text-align: center;\">Increase in leads and decrease by 2 of the generated lead's price.<\/p>\n<\/div>\n<\/div><\/div><\/div><\/div><div id=\"pg-3980-7\"  class=\"panel-grid panel-no-style\" ><div id=\"pgc-3980-7-0\"  class=\"panel-grid-cell panel-grid-cell-empty\" ><\/div><div id=\"pgc-3980-7-1\"  class=\"panel-grid-cell panel-grid-cell-mobile-last\" ><div id=\"panel-3980-7-1-0\" class=\"so-panel widget widget_sow-button panel-first-child panel-last-child\" data-index=\"13\" ><div\n\t\t\t\n\t\t\tclass=\"so-widget-sow-button so-widget-sow-button-atom-ddfc18db71d7-3980\"\n\t\t\t\n\t\t><div class=\"ow-button-base ow-button-align-center\"\n>\n\t\t\t<a\n\t\t\t\t\thref=\"https:\/\/home.diakse.com\/en\/contact\/\"\n\t\t\t\t\tclass=\"sowb-button ow-icon-placement-left ow-button-hover\" \t>\n\t\t<span>\n\t\t\t\n\t\t\t<div id=\"undevis\">GET A QUOTE<\/div>\t\t<\/span>\n\t\t\t<\/a>\n\t<\/div>\n<\/div><\/div><\/div><div id=\"pgc-3980-7-2\"  class=\"panel-grid-cell panel-grid-cell-empty\" ><\/div><\/div><div id=\"pg-3980-8\"  class=\"panel-grid panel-no-style\" ><div id=\"pgc-3980-8-0\"  class=\"panel-grid-cell panel-grid-cell-empty\" ><\/div><div id=\"pgc-3980-8-1\"  class=\"panel-grid-cell panel-grid-cell-empty panel-grid-cell-mobile-last\" ><\/div><div id=\"pgc-3980-8-2\"  class=\"panel-grid-cell panel-grid-cell-empty\" ><\/div><\/div><\/div>","protected":false},"excerpt":{"rendered":"<p>Axa Pour le lancement de son nouveau contrat s\u2019assurance, Axa a voulu illustrer les diff\u00e9rentes options qu&rsquo;il propose. La compagnie d\u2019assurance Axa, propose toute sorte de contrat d\u2019assurance, aujourd\u2019hui elle se tourne vers les innovations technologique avec Diakse. 100% d&rsquo;augmentation des leads g\u00e9n\u00e9r\u00e9 par rapport \u00e0 la version 2D du site web 100% de satisfaction <a href=\"https:\/\/home.diakse.com\/en\/cas-client-axa\" rel=\"nofollow\"><span class=\"sr-only\">Read more about Axa<\/span>[&hellip;]<\/a><\/p>\n","protected":false},"author":1,"featured_media":0,"parent":0,"menu_order":0,"comment_status":"closed","ping_status":"closed","template":"template-fullwidth-no-title.php","meta":{"_exactmetrics_skip_tracking":false,"_exactmetrics_sitenote_active":false,"_exactmetrics_sitenote_note":"","_exactmetrics_sitenote_category":0,"footnotes":""},"class_list":["post-3980","page","type-page","status-publish","hentry"],"yoast_head":"<!-- This site is optimized with the Yoast SEO plugin v27.3 - https:\/\/yoast.com\/product\/yoast-seo-wordpress\/ -->\n<title>Axa - Diakse visite virtuelle maison Axa<\/title>\n<meta name=\"description\" content=\"Axa innove en proposant une visite virtuelle d&#039;une maison catastroph\u00e9e \u00e0 ses clients pour leur montrer les options du contrat d&#039;assurance.\" \/>\n<meta name=\"robots\" content=\"index, follow, max-snippet:-1, max-image-preview:large, max-video-preview:-1\" \/>\n<link rel=\"canonical\" href=\"https:\/\/home.diakse.com\/en\/cas-client-axa\/\" \/>\n<meta property=\"og:locale\" content=\"en_GB\" \/>\n<meta property=\"og:type\" content=\"article\" \/>\n<meta property=\"og:title\" content=\"Axa - Diakse visite virtuelle maison Axa\" \/>\n<meta property=\"og:description\" content=\"Axa innove en proposant une visite virtuelle d&#039;une maison catastroph\u00e9e \u00e0 ses clients pour leur montrer les options du contrat d&#039;assurance.\" \/>\n<meta property=\"og:url\" content=\"https:\/\/home.diakse.com\/en\/cas-client-axa\/\" \/>\n<meta property=\"og:site_name\" content=\"Diakse\" \/>\n<meta property=\"article:publisher\" content=\"https:\/\/www.facebook.com\/diakse\" \/>\n<meta property=\"article:modified_time\" content=\"2022-10-25T21:13:48+00:00\" \/>\n<meta name=\"twitter:card\" content=\"summary_large_image\" \/>\n<meta name=\"twitter:site\" content=\"@Diakse_France\" \/>\n<meta name=\"twitter:label1\" content=\"Estimated reading time\" \/>\n\t<meta name=\"twitter:data1\" content=\"1 minute\" \/>\n<script type=\"application\/ld+json\" class=\"yoast-schema-graph\">{\"@context\":\"https:\\\/\\\/schema.org\",\"@graph\":[{\"@type\":\"WebPage\",\"@id\":\"https:\\\/\\\/home.diakse.com\\\/cas-client-axa\",\"url\":\"https:\\\/\\\/home.diakse.com\\\/cas-client-axa\",\"name\":\"Axa - Diakse visite virtuelle maison Axa\",\"isPartOf\":{\"@id\":\"https:\\\/\\\/home.diakse.com\\\/fr_fr\\\/#website\"},\"datePublished\":\"2021-05-07T16:38:38+00:00\",\"dateModified\":\"2022-10-25T21:13:48+00:00\",\"description\":\"Axa innove en proposant une visite virtuelle d'une maison catastroph\u00e9e \u00e0 ses clients pour leur montrer les options du contrat d'assurance.\",\"breadcrumb\":{\"@id\":\"https:\\\/\\\/home.diakse.com\\\/cas-client-axa#breadcrumb\"},\"inLanguage\":\"en-GB\",\"potentialAction\":[{\"@type\":\"ReadAction\",\"target\":[\"https:\\\/\\\/home.diakse.com\\\/cas-client-axa\"]}]},{\"@type\":\"BreadcrumbList\",\"@id\":\"https:\\\/\\\/home.diakse.com\\\/cas-client-axa#breadcrumb\",\"itemListElement\":[{\"@type\":\"ListItem\",\"position\":1,\"name\":\"Accueil\",\"item\":\"https:\\\/\\\/home.diakse.com\\\/fr_fr\\\/\"},{\"@type\":\"ListItem\",\"position\":2,\"name\":\"Axa\"}]},{\"@type\":\"WebSite\",\"@id\":\"https:\\\/\\\/home.diakse.com\\\/fr_fr\\\/#website\",\"url\":\"https:\\\/\\\/home.diakse.com\\\/fr_fr\\\/\",\"name\":\"Diakse\",\"description\":\"Virtual Shops - La solution de cr\u00e9ation de boutiques virtuelles\",\"publisher\":{\"@id\":\"https:\\\/\\\/home.diakse.com\\\/fr_fr\\\/#organization\"},\"potentialAction\":[{\"@type\":\"SearchAction\",\"target\":{\"@type\":\"EntryPoint\",\"urlTemplate\":\"https:\\\/\\\/home.diakse.com\\\/fr_fr\\\/?s={search_term_string}\"},\"query-input\":{\"@type\":\"PropertyValueSpecification\",\"valueRequired\":true,\"valueName\":\"search_term_string\"}}],\"inLanguage\":\"en-GB\"},{\"@type\":\"Organization\",\"@id\":\"https:\\\/\\\/home.diakse.com\\\/fr_fr\\\/#organization\",\"name\":\"Diakse\",\"url\":\"https:\\\/\\\/home.diakse.com\\\/fr_fr\\\/\",\"logo\":{\"@type\":\"ImageObject\",\"inLanguage\":\"en-GB\",\"@id\":\"https:\\\/\\\/home.diakse.com\\\/fr_fr\\\/#\\\/schema\\\/logo\\\/image\\\/\",\"url\":\"https:\\\/\\\/home.diakse.com\\\/wp-content\\\/uploads\\\/2018\\\/01\\\/Diakse-V-business-3.0-Blanc.jpg\",\"contentUrl\":\"https:\\\/\\\/home.diakse.com\\\/wp-content\\\/uploads\\\/2018\\\/01\\\/Diakse-V-business-3.0-Blanc.jpg\",\"width\":1000,\"height\":440,\"caption\":\"Diakse\"},\"image\":{\"@id\":\"https:\\\/\\\/home.diakse.com\\\/fr_fr\\\/#\\\/schema\\\/logo\\\/image\\\/\"},\"sameAs\":[\"https:\\\/\\\/www.facebook.com\\\/diakse\",\"https:\\\/\\\/x.com\\\/Diakse_France\",\"https:\\\/\\\/www.instagram.com\\\/diakse.france\\\/\",\"https:\\\/\\\/www.linkedin.com\\\/company\\\/diakse\",\"https:\\\/\\\/www.youtube.com\\\/channel\\\/UCbymWs9j6MjXmcYDcU-LVJA\"]}]}<\/script>\n<!-- \/ Yoast SEO plugin. -->","yoast_head_json":{"title":"Axa - Diakse visite virtuelle maison Axa","description":"Axa innove en proposant une visite virtuelle d'une maison catastroph\u00e9e \u00e0 ses clients pour leur montrer les options du contrat d'assurance.","robots":{"index":"index","follow":"follow","max-snippet":"max-snippet:-1","max-image-preview":"max-image-preview:large","max-video-preview":"max-video-preview:-1"},"canonical":"https:\/\/home.diakse.com\/en\/cas-client-axa\/","og_locale":"en_GB","og_type":"article","og_title":"Axa - Diakse visite virtuelle maison Axa","og_description":"Axa innove en proposant une visite virtuelle d'une maison catastroph\u00e9e \u00e0 ses clients pour leur montrer les options du contrat d'assurance.","og_url":"https:\/\/home.diakse.com\/en\/cas-client-axa\/","og_site_name":"Diakse","article_publisher":"https:\/\/www.facebook.com\/diakse","article_modified_time":"2022-10-25T21:13:48+00:00","twitter_card":"summary_large_image","twitter_site":"@Diakse_France","twitter_misc":{"Estimated reading time":"1 minute"},"schema":{"@context":"https:\/\/schema.org","@graph":[{"@type":"WebPage","@id":"https:\/\/home.diakse.com\/cas-client-axa","url":"https:\/\/home.diakse.com\/cas-client-axa","name":"Axa - Diakse visite virtuelle maison Axa","isPartOf":{"@id":"https:\/\/home.diakse.com\/fr_fr\/#website"},"datePublished":"2021-05-07T16:38:38+00:00","dateModified":"2022-10-25T21:13:48+00:00","description":"Axa innove en proposant une visite virtuelle d'une maison catastroph\u00e9e \u00e0 ses clients pour leur montrer les options du contrat d'assurance.","breadcrumb":{"@id":"https:\/\/home.diakse.com\/cas-client-axa#breadcrumb"},"inLanguage":"en-GB","potentialAction":[{"@type":"ReadAction","target":["https:\/\/home.diakse.com\/cas-client-axa"]}]},{"@type":"BreadcrumbList","@id":"https:\/\/home.diakse.com\/cas-client-axa#breadcrumb","itemListElement":[{"@type":"ListItem","position":1,"name":"Accueil","item":"https:\/\/home.diakse.com\/fr_fr\/"},{"@type":"ListItem","position":2,"name":"Axa"}]},{"@type":"WebSite","@id":"https:\/\/home.diakse.com\/fr_fr\/#website","url":"https:\/\/home.diakse.com\/fr_fr\/","name":"Diakse","description":"Virtual Shops - La solution de cr\u00e9ation de boutiques virtuelles","publisher":{"@id":"https:\/\/home.diakse.com\/fr_fr\/#organization"},"potentialAction":[{"@type":"SearchAction","target":{"@type":"EntryPoint","urlTemplate":"https:\/\/home.diakse.com\/fr_fr\/?s={search_term_string}"},"query-input":{"@type":"PropertyValueSpecification","valueRequired":true,"valueName":"search_term_string"}}],"inLanguage":"en-GB"},{"@type":"Organization","@id":"https:\/\/home.diakse.com\/fr_fr\/#organization","name":"Diakse","url":"https:\/\/home.diakse.com\/fr_fr\/","logo":{"@type":"ImageObject","inLanguage":"en-GB","@id":"https:\/\/home.diakse.com\/fr_fr\/#\/schema\/logo\/image\/","url":"https:\/\/home.diakse.com\/wp-content\/uploads\/2018\/01\/Diakse-V-business-3.0-Blanc.jpg","contentUrl":"https:\/\/home.diakse.com\/wp-content\/uploads\/2018\/01\/Diakse-V-business-3.0-Blanc.jpg","width":1000,"height":440,"caption":"Diakse"},"image":{"@id":"https:\/\/home.diakse.com\/fr_fr\/#\/schema\/logo\/image\/"},"sameAs":["https:\/\/www.facebook.com\/diakse","https:\/\/x.com\/Diakse_France","https:\/\/www.instagram.com\/diakse.france\/","https:\/\/www.linkedin.com\/company\/diakse","https:\/\/www.youtube.com\/channel\/UCbymWs9j6MjXmcYDcU-LVJA"]}]}},"_links":{"self":[{"href":"https:\/\/home.diakse.com\/en\/wp-json\/wp\/v2\/pages\/3980","targetHints":{"allow":["GET"]}}],"collection":[{"href":"https:\/\/home.diakse.com\/en\/wp-json\/wp\/v2\/pages"}],"about":[{"href":"https:\/\/home.diakse.com\/en\/wp-json\/wp\/v2\/types\/page"}],"author":[{"embeddable":true,"href":"https:\/\/home.diakse.com\/en\/wp-json\/wp\/v2\/users\/1"}],"replies":[{"embeddable":true,"href":"https:\/\/home.diakse.com\/en\/wp-json\/wp\/v2\/comments?post=3980"}],"version-history":[{"count":45,"href":"https:\/\/home.diakse.com\/en\/wp-json\/wp\/v2\/pages\/3980\/revisions"}],"predecessor-version":[{"id":4915,"href":"https:\/\/home.diakse.com\/en\/wp-json\/wp\/v2\/pages\/3980\/revisions\/4915"}],"wp:attachment":[{"href":"https:\/\/home.diakse.com\/en\/wp-json\/wp\/v2\/media?parent=3980"}],"curies":[{"name":"wp","href":"https:\/\/api.w.org\/{rel}","templated":true}]}}