{"id":4061,"date":"2021-05-07T16:56:15","date_gmt":"2021-05-07T16:56:15","guid":{"rendered":"https:\/\/home.diakse.com\/?page_id=4061"},"modified":"2022-10-25T21:05:02","modified_gmt":"2022-10-25T21:05:02","slug":"cas-client-audrey-alexandre","status":"publish","type":"page","link":"https:\/\/home.diakse.com\/en\/cas-client-audrey-alexandre","title":{"rendered":"Audrey Alexandre : Ma boutique virtuelle sur WordPress, Shopify,&#8230;"},"content":{"rendered":"<div id=\"pl-4061\"  class=\"panel-layout\" ><div id=\"pg-4061-0\"  class=\"panel-grid panel-no-style\" ><div id=\"pgc-4061-0-0\"  class=\"panel-grid-cell\" ><div id=\"panel-4061-0-0-0\" class=\"so-panel widget widget_sow-image panel-first-child panel-last-child\" data-index=\"0\" ><div\n\t\t\t\n\t\t\tclass=\"so-widget-sow-image so-widget-sow-image-default-a258e6bfa2d8-4061\"\n\t\t\t\n\t\t>\n<div class=\"sow-image-container\">\n\t\t\t<a href=\"https:\/\/www.youtube.com\/watch?v=Q4kpwknoPWI\"\n\t\t\ttarget=\"_blank\" rel=\"noopener noreferrer\" \t\t>\n\t\t\t<img fetchpriority=\"high\" \n\tsrc=\"https:\/\/home.diakse.com\/wp-content\/uploads\/2021\/04\/Capture-decran-28.png\" width=\"1366\" height=\"768\" srcset=\"https:\/\/home.diakse.com\/wp-content\/uploads\/2021\/04\/Capture-decran-28.png 1366w, https:\/\/home.diakse.com\/wp-content\/uploads\/2021\/04\/Capture-decran-28-300x169.png 300w, https:\/\/home.diakse.com\/wp-content\/uploads\/2021\/04\/Capture-decran-28-1024x576.png 1024w, https:\/\/home.diakse.com\/wp-content\/uploads\/2021\/04\/Capture-decran-28-768x432.png 768w, https:\/\/home.diakse.com\/wp-content\/uploads\/2021\/04\/Capture-decran-28-16x9.png 16w\" sizes=\"(max-width: 1366px) 100vw, 1366px\" title=\"Audrey Alexandre\" alt=\"Audrey Alexandre\" \t\tclass=\"so-widget-image\"\/>\n\t\t\t<\/a><\/div>\n\n<\/div><\/div><\/div><\/div><div id=\"pg-4061-1\"  class=\"panel-grid panel-no-style\" ><div id=\"pgc-4061-1-0\"  class=\"panel-grid-cell\" ><div id=\"panel-4061-1-0-0\" class=\"so-panel widget widget_sow-headline panel-first-child panel-last-child\" data-index=\"1\" ><div\n\t\t\t\n\t\t\tclass=\"so-widget-sow-headline so-widget-sow-headline-default-ea0af4cf39ae-4061\"\n\t\t\t\n\t\t><div class=\"sow-headline-container\">\n\t\t\t\t\t\t\t<h1 class=\"sow-headline\">\n\t\t\t\t\t\tProject: Audrey Alexandre : My online store on WordPress, Shopify,...\t\t\t\t\t\t<\/h1>\n\t\t\t\t\t\t\t\t\t\t\t<div class=\"decoration\">\n\t\t\t\t\t\t<div class=\"decoration-inside\"><\/div>\n\t\t\t\t\t<\/div>\n\t\t\t\t\t<\/div>\n<\/div><\/div><\/div><\/div><div id=\"pg-4061-2\"  class=\"panel-grid panel-no-style\" ><div id=\"pgc-4061-2-0\"  class=\"panel-grid-cell\" ><div id=\"panel-4061-2-0-0\" class=\"so-panel widget widget_sow-editor panel-first-child panel-last-child\" data-index=\"2\" ><div\n\t\t\t\n\t\t\tclass=\"so-widget-sow-editor so-widget-sow-editor-base\"\n\t\t\t\n\t\t>\n<div class=\"siteorigin-widget-tinymce textwidget\">\n\t<h3 style=\"text-align: center;\"><em>Audrey Alexandre wanted to showcase her expertise and offer an original shopping experience accessible to as many people as possible.\u00a0<\/em><\/h3>\n<\/div>\n<\/div><\/div><\/div><\/div><div id=\"pg-4061-3\"  class=\"panel-grid panel-no-style\" ><div id=\"pgc-4061-3-0\"  class=\"panel-grid-cell\" ><div id=\"panel-4061-3-0-0\" class=\"so-panel widget widget_sow-image panel-first-child panel-last-child\" data-index=\"3\" ><div\n\t\t\t\n\t\t\tclass=\"so-widget-sow-image so-widget-sow-image-default-c67d20f9f743-4061\"\n\t\t\t\n\t\t>\n<div class=\"sow-image-container\">\n\t\t<img \n\tsrc=\"https:\/\/home.diakse.com\/wp-content\/uploads\/2021\/04\/Capture-decran-27-1024x576.png\" width=\"640\" height=\"360\" srcset=\"https:\/\/home.diakse.com\/wp-content\/uploads\/2021\/04\/Capture-decran-27-1024x576.png 1024w, https:\/\/home.diakse.com\/wp-content\/uploads\/2021\/04\/Capture-decran-27-300x169.png 300w, https:\/\/home.diakse.com\/wp-content\/uploads\/2021\/04\/Capture-decran-27-768x432.png 768w, https:\/\/home.diakse.com\/wp-content\/uploads\/2021\/04\/Capture-decran-27-16x9.png 16w, https:\/\/home.diakse.com\/wp-content\/uploads\/2021\/04\/Capture-decran-27.png 1366w\" sizes=\"(max-width: 640px) 100vw, 640px\" title=\"Capture d\u2019\u00e9cran (27)\" alt=\"\" \t\tclass=\"so-widget-image\"\/>\n\t<\/div>\n\n<\/div><\/div><\/div><div id=\"pgc-4061-3-1\"  class=\"panel-grid-cell\" ><div id=\"panel-4061-3-1-0\" class=\"so-panel widget widget_sow-image panel-first-child\" data-index=\"4\" ><div\n\t\t\t\n\t\t\tclass=\"so-widget-sow-image so-widget-sow-image-default-c67d20f9f743-4061\"\n\t\t\t\n\t\t>\n<div class=\"sow-image-container\">\n\t\t<img \n\tsrc=\"https:\/\/home.diakse.com\/wp-content\/uploads\/2021\/04\/Capture-decran-30-300x169.png\" width=\"300\" height=\"169\" srcset=\"https:\/\/home.diakse.com\/wp-content\/uploads\/2021\/04\/Capture-decran-30-300x169.png 300w, https:\/\/home.diakse.com\/wp-content\/uploads\/2021\/04\/Capture-decran-30-1024x576.png 1024w, https:\/\/home.diakse.com\/wp-content\/uploads\/2021\/04\/Capture-decran-30-768x432.png 768w, https:\/\/home.diakse.com\/wp-content\/uploads\/2021\/04\/Capture-decran-30-16x9.png 16w, https:\/\/home.diakse.com\/wp-content\/uploads\/2021\/04\/Capture-decran-30.png 1366w\" sizes=\"(max-width: 300px) 100vw, 300px\" title=\"Capture d\u2019\u00e9cran (30)\" alt=\"\" \t\tclass=\"so-widget-image\"\/>\n\t<\/div>\n\n<\/div><\/div><div id=\"panel-4061-3-1-1\" class=\"so-panel widget widget_sow-editor panel-last-child\" data-index=\"5\" ><div\n\t\t\t\n\t\t\tclass=\"so-widget-sow-editor so-widget-sow-editor-base\"\n\t\t\t\n\t\t>\n<div class=\"siteorigin-widget-tinymce textwidget\">\n\t<h5 style=\"text-align: left;\">Audrey Alexandre is an independant high-end, made in France hand-bag designer, who commercialises her creations to international customers. The enteprise based in Quimper wanted to have the atmosphere of a Parisian flat.<\/h5>\n<\/div>\n<\/div><\/div><\/div><\/div><div id=\"pg-4061-4\"  class=\"panel-grid panel-no-style\" ><div id=\"pgc-4061-4-0\"  class=\"panel-grid-cell\" ><div id=\"panel-4061-4-0-0\" class=\"so-panel widget widget_sow-editor panel-first-child panel-last-child\" data-index=\"6\" ><div\n\t\t\t\n\t\t\tclass=\"so-widget-sow-editor so-widget-sow-editor-base\"\n\t\t\t\n\t\t>\n<div class=\"siteorigin-widget-tinymce textwidget\">\n\t<h1 style=\"text-align: center;\">200%<\/h1>\n<h4 style=\"text-align: center;\">More trafic<\/h4>\n<\/div>\n<\/div><\/div><\/div><div id=\"pgc-4061-4-1\"  class=\"panel-grid-cell\" ><div id=\"panel-4061-4-1-0\" class=\"so-panel widget widget_sow-editor panel-first-child panel-last-child\" data-index=\"7\" ><div\n\t\t\t\n\t\t\tclass=\"so-widget-sow-editor so-widget-sow-editor-base\"\n\t\t\t\n\t\t>\n<div class=\"siteorigin-widget-tinymce textwidget\">\n\t<h1 style=\"text-align: center;\">3x<\/h1>\n<h4 style=\"text-align: center;\">More time spent in the boutique than on the website<\/h4>\n<\/div>\n<\/div><\/div><\/div><div id=\"pgc-4061-4-2\"  class=\"panel-grid-cell\" ><div id=\"panel-4061-4-2-0\" class=\"so-panel widget widget_sow-editor panel-first-child panel-last-child\" data-index=\"8\" ><div\n\t\t\t\n\t\t\tclass=\"so-widget-sow-editor so-widget-sow-editor-base\"\n\t\t\t\n\t\t>\n<div class=\"siteorigin-widget-tinymce textwidget\">\n\t<h1 style=\"text-align: center;\">100%<\/h1>\n<h4 style=\"text-align: center;\">differentiation compared to competing websites<\/h4>\n<\/div>\n<\/div><\/div><\/div><\/div><div id=\"pg-4061-5\"  class=\"panel-grid panel-no-style\" ><div id=\"pgc-4061-5-0\"  class=\"panel-grid-cell\" ><div id=\"panel-4061-5-0-0\" class=\"so-panel widget widget_sow-headline panel-first-child panel-last-child\" data-index=\"9\" ><div\n\t\t\t\n\t\t\tclass=\"so-widget-sow-headline so-widget-sow-headline-default-ea0af4cf39ae-4061\"\n\t\t\t\n\t\t><div class=\"sow-headline-container\">\n\t\t\t\t\t\t\t<h1 class=\"sow-headline\">\n\t\t\t\t\t\tThe Audrey Alexandre project\t\t\t\t\t\t<\/h1>\n\t\t\t\t\t\t\t\t\t\t\t<div class=\"decoration\">\n\t\t\t\t\t\t<div class=\"decoration-inside\"><\/div>\n\t\t\t\t\t<\/div>\n\t\t\t\t\t<\/div>\n<\/div><\/div><\/div><\/div><div id=\"pg-4061-6\"  class=\"panel-grid panel-no-style\" ><div id=\"pgc-4061-6-0\"  class=\"panel-grid-cell\" ><div id=\"panel-4061-6-0-0\" class=\"so-panel widget widget_sow-editor panel-first-child panel-last-child\" data-index=\"10\" ><div\n\t\t\t\n\t\t\tclass=\"so-widget-sow-editor so-widget-sow-editor-base\"\n\t\t\t\n\t\t>\n<div class=\"siteorigin-widget-tinymce textwidget\">\n\t<h3 style=\"text-align: center;\"><strong>Context and objectives <\/strong><\/h3>\n<p class=\"translation-block\">Audrey Alexandre is a 100% digital Maison. To give consistency to this House that designs and manufactures very high quality products. <a href=\"https:\/\/home.diakse.com\/en\/solutions\/\" target=\"_self\">Diakse's virtual boutique solution<\/a> was the obvious choice to recreate an atmosphere and an immersive shopping experience. We were thus able to create a virtual leather goods boutique.<\/p>\n<\/div>\n<\/div><\/div><\/div><div id=\"pgc-4061-6-1\"  class=\"panel-grid-cell\" ><div id=\"panel-4061-6-1-0\" class=\"so-panel widget widget_sow-editor panel-first-child panel-last-child\" data-index=\"11\" ><div\n\t\t\t\n\t\t\tclass=\"so-widget-sow-editor so-widget-sow-editor-base\"\n\t\t\t\n\t\t>\n<div class=\"siteorigin-widget-tinymce textwidget\">\n\t<h3 style=\"text-align: center;\"><strong>Realization <\/strong><\/h3>\n<p>To create a virtual leather goods boutique, we took our inspiration from a Parisian apartment and reinvented it in baroque style. Customers can discover the new collection in an inspiring and elegant setting.<\/p>\n<p>&nbsp;<\/p>\n<\/div>\n<\/div><\/div><\/div><div id=\"pgc-4061-6-2\"  class=\"panel-grid-cell\" ><div id=\"panel-4061-6-2-0\" class=\"so-panel widget widget_sow-editor panel-first-child panel-last-child\" data-index=\"12\" ><div\n\t\t\t\n\t\t\tclass=\"so-widget-sow-editor so-widget-sow-editor-base\"\n\t\t\t\n\t\t>\n<div class=\"siteorigin-widget-tinymce textwidget\">\n\t<h3 style=\"text-align: center;\"><strong>Results <\/strong><\/h3>\n<p style=\"text-align: center;\">This virtual boutique sublimates the online purchase experience,<\/p>\n<p style=\"text-align: center;\">3D visualisation of contextualised products.<\/p>\n<p style=\"text-align: center;\">A reinvented, original and differentiating purchase experience,<\/p>\n<\/div>\n<\/div><\/div><\/div><\/div><div id=\"pg-4061-7\"  class=\"panel-grid panel-no-style\" ><div id=\"pgc-4061-7-0\"  class=\"panel-grid-cell panel-grid-cell-empty\" ><\/div><div id=\"pgc-4061-7-1\"  class=\"panel-grid-cell panel-grid-cell-mobile-last\" ><div id=\"panel-4061-7-1-0\" class=\"so-panel widget widget_sow-button panel-first-child panel-last-child\" data-index=\"13\" ><div\n\t\t\t\n\t\t\tclass=\"so-widget-sow-button so-widget-sow-button-atom-ddfc18db71d7-4061\"\n\t\t\t\n\t\t><div class=\"ow-button-base ow-button-align-center\"\n>\n\t\t\t<a\n\t\t\t\t\thref=\"https:\/\/home.diakse.com\/en\/contact\/\"\n\t\t\t\t\tclass=\"sowb-button ow-icon-placement-left ow-button-hover\" \t>\n\t\t<span>\n\t\t\t\n\t\t\t<div id=\"undevis\">GET A QUOTE<\/div>\t\t<\/span>\n\t\t\t<\/a>\n\t<\/div>\n<\/div><\/div><\/div><div id=\"pgc-4061-7-2\"  class=\"panel-grid-cell panel-grid-cell-empty\" ><\/div><\/div><div id=\"pg-4061-8\"  class=\"panel-grid panel-no-style\" ><div id=\"pgc-4061-8-0\"  class=\"panel-grid-cell panel-grid-cell-empty\" ><\/div><div id=\"pgc-4061-8-1\"  class=\"panel-grid-cell panel-grid-cell-empty panel-grid-cell-mobile-last\" ><\/div><div id=\"pgc-4061-8-2\"  class=\"panel-grid-cell panel-grid-cell-empty\" ><\/div><\/div><\/div>","protected":false},"excerpt":{"rendered":"<p>Cas client : Audrey Alexandre : Ma boutique virtuelle sur WordPress, Shopify,&#8230; Audrey Alexandre souhaitait mettre en avant son savoir-faire et offrir une exp\u00e9rience d&rsquo;achat originale et accessible au plus grand nombre.\u00a0 Audrey Alexandre est une cr\u00e9atrice ind\u00e9pendante de sacs \u00e0 main haute gamme, made in France qui commercialise ses cr\u00e9ations aupr\u00e8s\u00a0 d&rsquo;une client\u00e8le internationale. <a href=\"https:\/\/home.diakse.com\/en\/cas-client-audrey-alexandre\" rel=\"nofollow\"><span class=\"sr-only\">Read more about Audrey Alexandre : Ma boutique virtuelle sur WordPress, Shopify,&#8230;<\/span>[&hellip;]<\/a><\/p>\n","protected":false},"author":1,"featured_media":0,"parent":0,"menu_order":0,"comment_status":"closed","ping_status":"closed","template":"template-fullwidth-no-title.php","meta":{"_exactmetrics_skip_tracking":false,"_exactmetrics_sitenote_active":false,"_exactmetrics_sitenote_note":"","_exactmetrics_sitenote_category":0,"footnotes":""},"class_list":["post-4061","page","type-page","status-publish","hentry"],"yoast_head":"<!-- This site is optimized with the Yoast SEO plugin v27.3 - https:\/\/yoast.com\/product\/yoast-seo-wordpress\/ -->\n<title>Audrey Alexandre : Ma boutique virtuelle sur WordPress, Shopify,...<\/title>\n<meta name=\"description\" content=\"Comment Audrey Alexandre propose \u00e0 ses clients une exp\u00e9rience de shopping immersive. Comment cr\u00e9er une boutique virtuelle de maroquinerie\" \/>\n<meta name=\"robots\" content=\"index, follow, max-snippet:-1, max-image-preview:large, max-video-preview:-1\" \/>\n<link rel=\"canonical\" href=\"https:\/\/home.diakse.com\/en\/cas-client-audrey-alexandre\/\" \/>\n<meta property=\"og:locale\" content=\"en_GB\" \/>\n<meta property=\"og:type\" content=\"article\" \/>\n<meta property=\"og:title\" content=\"Audrey Alexandre : Ma boutique virtuelle sur WordPress, Shopify,...\" \/>\n<meta property=\"og:description\" content=\"Comment Audrey Alexandre propose \u00e0 ses clients une exp\u00e9rience de shopping immersive. Comment cr\u00e9er une boutique virtuelle de maroquinerie\" \/>\n<meta property=\"og:url\" content=\"https:\/\/home.diakse.com\/en\/cas-client-audrey-alexandre\/\" \/>\n<meta property=\"og:site_name\" content=\"Diakse\" \/>\n<meta property=\"article:publisher\" content=\"https:\/\/www.facebook.com\/diakse\" \/>\n<meta property=\"article:modified_time\" content=\"2022-10-25T21:05:02+00:00\" \/>\n<meta name=\"twitter:card\" content=\"summary_large_image\" \/>\n<meta name=\"twitter:site\" content=\"@Diakse_France\" \/>\n<meta name=\"twitter:label1\" content=\"Estimated reading time\" \/>\n\t<meta name=\"twitter:data1\" content=\"1 minute\" \/>\n<script type=\"application\/ld+json\" class=\"yoast-schema-graph\">{\"@context\":\"https:\\\/\\\/schema.org\",\"@graph\":[{\"@type\":\"WebPage\",\"@id\":\"https:\\\/\\\/home.diakse.com\\\/cas-client-audrey-alexandre\",\"url\":\"https:\\\/\\\/home.diakse.com\\\/cas-client-audrey-alexandre\",\"name\":\"Audrey Alexandre : Ma boutique virtuelle sur WordPress, Shopify,...\",\"isPartOf\":{\"@id\":\"https:\\\/\\\/home.diakse.com\\\/fr_fr\\\/#website\"},\"datePublished\":\"2021-05-07T16:56:15+00:00\",\"dateModified\":\"2022-10-25T21:05:02+00:00\",\"description\":\"Comment Audrey Alexandre propose \u00e0 ses clients une exp\u00e9rience de shopping immersive. Comment cr\u00e9er une boutique virtuelle de maroquinerie\",\"breadcrumb\":{\"@id\":\"https:\\\/\\\/home.diakse.com\\\/cas-client-audrey-alexandre#breadcrumb\"},\"inLanguage\":\"en-GB\",\"potentialAction\":[{\"@type\":\"ReadAction\",\"target\":[\"https:\\\/\\\/home.diakse.com\\\/cas-client-audrey-alexandre\"]}]},{\"@type\":\"BreadcrumbList\",\"@id\":\"https:\\\/\\\/home.diakse.com\\\/cas-client-audrey-alexandre#breadcrumb\",\"itemListElement\":[{\"@type\":\"ListItem\",\"position\":1,\"name\":\"Accueil\",\"item\":\"https:\\\/\\\/home.diakse.com\\\/fr_fr\\\/\"},{\"@type\":\"ListItem\",\"position\":2,\"name\":\"Audrey Alexandre : Ma boutique virtuelle sur WordPress, Shopify,&#8230;\"}]},{\"@type\":\"WebSite\",\"@id\":\"https:\\\/\\\/home.diakse.com\\\/fr_fr\\\/#website\",\"url\":\"https:\\\/\\\/home.diakse.com\\\/fr_fr\\\/\",\"name\":\"Diakse\",\"description\":\"Virtual Shops - La solution de cr\u00e9ation de boutiques virtuelles\",\"publisher\":{\"@id\":\"https:\\\/\\\/home.diakse.com\\\/fr_fr\\\/#organization\"},\"potentialAction\":[{\"@type\":\"SearchAction\",\"target\":{\"@type\":\"EntryPoint\",\"urlTemplate\":\"https:\\\/\\\/home.diakse.com\\\/fr_fr\\\/?s={search_term_string}\"},\"query-input\":{\"@type\":\"PropertyValueSpecification\",\"valueRequired\":true,\"valueName\":\"search_term_string\"}}],\"inLanguage\":\"en-GB\"},{\"@type\":\"Organization\",\"@id\":\"https:\\\/\\\/home.diakse.com\\\/fr_fr\\\/#organization\",\"name\":\"Diakse\",\"url\":\"https:\\\/\\\/home.diakse.com\\\/fr_fr\\\/\",\"logo\":{\"@type\":\"ImageObject\",\"inLanguage\":\"en-GB\",\"@id\":\"https:\\\/\\\/home.diakse.com\\\/fr_fr\\\/#\\\/schema\\\/logo\\\/image\\\/\",\"url\":\"https:\\\/\\\/home.diakse.com\\\/wp-content\\\/uploads\\\/2018\\\/01\\\/Diakse-V-business-3.0-Blanc.jpg\",\"contentUrl\":\"https:\\\/\\\/home.diakse.com\\\/wp-content\\\/uploads\\\/2018\\\/01\\\/Diakse-V-business-3.0-Blanc.jpg\",\"width\":1000,\"height\":440,\"caption\":\"Diakse\"},\"image\":{\"@id\":\"https:\\\/\\\/home.diakse.com\\\/fr_fr\\\/#\\\/schema\\\/logo\\\/image\\\/\"},\"sameAs\":[\"https:\\\/\\\/www.facebook.com\\\/diakse\",\"https:\\\/\\\/x.com\\\/Diakse_France\",\"https:\\\/\\\/www.instagram.com\\\/diakse.france\\\/\",\"https:\\\/\\\/www.linkedin.com\\\/company\\\/diakse\",\"https:\\\/\\\/www.youtube.com\\\/channel\\\/UCbymWs9j6MjXmcYDcU-LVJA\"]}]}<\/script>\n<!-- \/ Yoast SEO plugin. -->","yoast_head_json":{"title":"Audrey Alexandre : Ma boutique virtuelle sur WordPress, Shopify,...","description":"Comment Audrey Alexandre propose \u00e0 ses clients une exp\u00e9rience de shopping immersive. Comment cr\u00e9er une boutique virtuelle de maroquinerie","robots":{"index":"index","follow":"follow","max-snippet":"max-snippet:-1","max-image-preview":"max-image-preview:large","max-video-preview":"max-video-preview:-1"},"canonical":"https:\/\/home.diakse.com\/en\/cas-client-audrey-alexandre\/","og_locale":"en_GB","og_type":"article","og_title":"Audrey Alexandre : Ma boutique virtuelle sur WordPress, Shopify,...","og_description":"Comment Audrey Alexandre propose \u00e0 ses clients une exp\u00e9rience de shopping immersive. Comment cr\u00e9er une boutique virtuelle de maroquinerie","og_url":"https:\/\/home.diakse.com\/en\/cas-client-audrey-alexandre\/","og_site_name":"Diakse","article_publisher":"https:\/\/www.facebook.com\/diakse","article_modified_time":"2022-10-25T21:05:02+00:00","twitter_card":"summary_large_image","twitter_site":"@Diakse_France","twitter_misc":{"Estimated reading time":"1 minute"},"schema":{"@context":"https:\/\/schema.org","@graph":[{"@type":"WebPage","@id":"https:\/\/home.diakse.com\/cas-client-audrey-alexandre","url":"https:\/\/home.diakse.com\/cas-client-audrey-alexandre","name":"Audrey Alexandre : Ma boutique virtuelle sur WordPress, Shopify,...","isPartOf":{"@id":"https:\/\/home.diakse.com\/fr_fr\/#website"},"datePublished":"2021-05-07T16:56:15+00:00","dateModified":"2022-10-25T21:05:02+00:00","description":"Comment Audrey Alexandre propose \u00e0 ses clients une exp\u00e9rience de shopping immersive. Comment cr\u00e9er une boutique virtuelle de maroquinerie","breadcrumb":{"@id":"https:\/\/home.diakse.com\/cas-client-audrey-alexandre#breadcrumb"},"inLanguage":"en-GB","potentialAction":[{"@type":"ReadAction","target":["https:\/\/home.diakse.com\/cas-client-audrey-alexandre"]}]},{"@type":"BreadcrumbList","@id":"https:\/\/home.diakse.com\/cas-client-audrey-alexandre#breadcrumb","itemListElement":[{"@type":"ListItem","position":1,"name":"Accueil","item":"https:\/\/home.diakse.com\/fr_fr\/"},{"@type":"ListItem","position":2,"name":"Audrey Alexandre : Ma boutique virtuelle sur WordPress, Shopify,&#8230;"}]},{"@type":"WebSite","@id":"https:\/\/home.diakse.com\/fr_fr\/#website","url":"https:\/\/home.diakse.com\/fr_fr\/","name":"Diakse","description":"Virtual Shops - La solution de cr\u00e9ation de boutiques virtuelles","publisher":{"@id":"https:\/\/home.diakse.com\/fr_fr\/#organization"},"potentialAction":[{"@type":"SearchAction","target":{"@type":"EntryPoint","urlTemplate":"https:\/\/home.diakse.com\/fr_fr\/?s={search_term_string}"},"query-input":{"@type":"PropertyValueSpecification","valueRequired":true,"valueName":"search_term_string"}}],"inLanguage":"en-GB"},{"@type":"Organization","@id":"https:\/\/home.diakse.com\/fr_fr\/#organization","name":"Diakse","url":"https:\/\/home.diakse.com\/fr_fr\/","logo":{"@type":"ImageObject","inLanguage":"en-GB","@id":"https:\/\/home.diakse.com\/fr_fr\/#\/schema\/logo\/image\/","url":"https:\/\/home.diakse.com\/wp-content\/uploads\/2018\/01\/Diakse-V-business-3.0-Blanc.jpg","contentUrl":"https:\/\/home.diakse.com\/wp-content\/uploads\/2018\/01\/Diakse-V-business-3.0-Blanc.jpg","width":1000,"height":440,"caption":"Diakse"},"image":{"@id":"https:\/\/home.diakse.com\/fr_fr\/#\/schema\/logo\/image\/"},"sameAs":["https:\/\/www.facebook.com\/diakse","https:\/\/x.com\/Diakse_France","https:\/\/www.instagram.com\/diakse.france\/","https:\/\/www.linkedin.com\/company\/diakse","https:\/\/www.youtube.com\/channel\/UCbymWs9j6MjXmcYDcU-LVJA"]}]}},"_links":{"self":[{"href":"https:\/\/home.diakse.com\/en\/wp-json\/wp\/v2\/pages\/4061","targetHints":{"allow":["GET"]}}],"collection":[{"href":"https:\/\/home.diakse.com\/en\/wp-json\/wp\/v2\/pages"}],"about":[{"href":"https:\/\/home.diakse.com\/en\/wp-json\/wp\/v2\/types\/page"}],"author":[{"embeddable":true,"href":"https:\/\/home.diakse.com\/en\/wp-json\/wp\/v2\/users\/1"}],"replies":[{"embeddable":true,"href":"https:\/\/home.diakse.com\/en\/wp-json\/wp\/v2\/comments?post=4061"}],"version-history":[{"count":38,"href":"https:\/\/home.diakse.com\/en\/wp-json\/wp\/v2\/pages\/4061\/revisions"}],"predecessor-version":[{"id":4871,"href":"https:\/\/home.diakse.com\/en\/wp-json\/wp\/v2\/pages\/4061\/revisions\/4871"}],"wp:attachment":[{"href":"https:\/\/home.diakse.com\/en\/wp-json\/wp\/v2\/media?parent=4061"}],"curies":[{"name":"wp","href":"https:\/\/api.w.org\/{rel}","templated":true}]}}