{"id":4197,"date":"2021-09-22T08:15:26","date_gmt":"2021-09-22T08:15:26","guid":{"rendered":"https:\/\/home.diakse.com\/?page_id=4197"},"modified":"2022-10-25T21:06:10","modified_gmt":"2022-10-25T21:06:10","slug":"cas-client-mission-patrimoine-fdj","status":"publish","type":"page","link":"https:\/\/home.diakse.com\/en\/cas-client-mission-patrimoine-fdj","title":{"rendered":"Mission Patrimoine &#8211; FDJ : Valorisez le patrimoine fran\u00e7ais"},"content":{"rendered":"<div id=\"pl-4197\"  class=\"panel-layout\" ><div id=\"pg-4197-0\"  class=\"panel-grid panel-no-style\" ><div id=\"pgc-4197-0-0\"  class=\"panel-grid-cell\" ><div id=\"panel-4197-0-0-0\" class=\"so-panel widget widget_sow-image panel-first-child panel-last-child\" data-index=\"0\" ><div\n\t\t\t\n\t\t\tclass=\"so-widget-sow-image so-widget-sow-image-default-a258e6bfa2d8-4197\"\n\t\t\t\n\t\t>\n<div class=\"sow-image-container\">\n\t\t\t<a href=\"https:\/\/youtu.be\/6tMrjarhE9U\"\n\t\t\ttarget=\"_blank\" rel=\"noopener noreferrer\" \t\t>\n\t\t\t<img fetchpriority=\"high\" \n\tsrc=\"https:\/\/home.diakse.com\/wp-content\/uploads\/2021\/09\/image-FDJ.jpg\" width=\"1276\" height=\"550\" srcset=\"https:\/\/home.diakse.com\/wp-content\/uploads\/2021\/09\/image-FDJ.jpg 1276w, https:\/\/home.diakse.com\/wp-content\/uploads\/2021\/09\/image-FDJ-300x129.jpg 300w, https:\/\/home.diakse.com\/wp-content\/uploads\/2021\/09\/image-FDJ-1024x441.jpg 1024w, https:\/\/home.diakse.com\/wp-content\/uploads\/2021\/09\/image-FDJ-768x331.jpg 768w, https:\/\/home.diakse.com\/wp-content\/uploads\/2021\/09\/image-FDJ-16x7.jpg 16w\" sizes=\"(max-width: 1276px) 100vw, 1276px\" title=\"image FDJ\" alt=\"Audrey Alexandre\" \t\tclass=\"so-widget-image\"\/>\n\t\t\t<\/a><\/div>\n\n<\/div><\/div><\/div><\/div><div id=\"pg-4197-1\"  class=\"panel-grid panel-no-style\" ><div id=\"pgc-4197-1-0\"  class=\"panel-grid-cell\" ><div id=\"panel-4197-1-0-0\" class=\"so-panel widget widget_sow-headline panel-first-child panel-last-child\" data-index=\"1\" ><div\n\t\t\t\n\t\t\tclass=\"so-widget-sow-headline so-widget-sow-headline-default-ea0af4cf39ae-4197\"\n\t\t\t\n\t\t><div class=\"sow-headline-container\">\n\t\t\t\t\t\t\t<h1 class=\"sow-headline\">\n\t\t\t\t\t\tMission Patrimoine - FDJ: Promote French heritage\t\t\t\t\t\t<\/h1>\n\t\t\t\t\t\t\t\t\t\t\t<div class=\"decoration\">\n\t\t\t\t\t\t<div class=\"decoration-inside\"><\/div>\n\t\t\t\t\t<\/div>\n\t\t\t\t\t<\/div>\n<\/div><\/div><\/div><\/div><div id=\"pg-4197-2\"  class=\"panel-grid panel-no-style\" ><div id=\"pgc-4197-2-0\"  class=\"panel-grid-cell\" ><div id=\"panel-4197-2-0-0\" class=\"so-panel widget widget_sow-editor panel-first-child panel-last-child\" data-index=\"2\" ><div\n\t\t\t\n\t\t\tclass=\"so-widget-sow-editor so-widget-sow-editor-base\"\n\t\t\t\n\t\t>\n<div class=\"siteorigin-widget-tinymce textwidget\">\n\t<h3 style=\"text-align: center;\"><em>For this 2021 edition, FDJ wanted to innovate by giving more visibility to the emblematic sites of the Bern Mission, and making the visits more concrete for players.<\/em><\/h3>\n<\/div>\n<\/div><\/div><\/div><\/div><div id=\"pg-4197-3\"  class=\"panel-grid panel-no-style\" ><div id=\"pgc-4197-3-0\"  class=\"panel-grid-cell\" ><div id=\"panel-4197-3-0-0\" class=\"so-panel widget widget_sow-image panel-first-child panel-last-child\" data-index=\"3\" ><div\n\t\t\t\n\t\t\tclass=\"so-widget-sow-image so-widget-sow-image-default-c67d20f9f743-4197\"\n\t\t\t\n\t\t>\n<div class=\"sow-image-container\">\n\t\t<img \n\tsrc=\"https:\/\/home.diakse.com\/wp-content\/uploads\/2021\/09\/Capture-decran-44-1024x576.png\" width=\"640\" height=\"360\" srcset=\"https:\/\/home.diakse.com\/wp-content\/uploads\/2021\/09\/Capture-decran-44-1024x576.png 1024w, https:\/\/home.diakse.com\/wp-content\/uploads\/2021\/09\/Capture-decran-44-300x169.png 300w, https:\/\/home.diakse.com\/wp-content\/uploads\/2021\/09\/Capture-decran-44-768x432.png 768w, https:\/\/home.diakse.com\/wp-content\/uploads\/2021\/09\/Capture-decran-44-16x9.png 16w, https:\/\/home.diakse.com\/wp-content\/uploads\/2021\/09\/Capture-decran-44.png 1366w\" sizes=\"(max-width: 640px) 100vw, 640px\" title=\"FDJ\" alt=\"visite virtuelle\" \t\tclass=\"so-widget-image\"\/>\n\t<\/div>\n\n<\/div><\/div><\/div><div id=\"pgc-4197-3-1\"  class=\"panel-grid-cell\" ><div id=\"panel-4197-3-1-0\" class=\"so-panel widget widget_sow-image panel-first-child\" data-index=\"4\" ><div\n\t\t\t\n\t\t\tclass=\"so-widget-sow-image so-widget-sow-image-default-c67d20f9f743-4197\"\n\t\t\t\n\t\t>\n<div class=\"sow-image-container\">\n\t\t<img \n\tsrc=\"https:\/\/home.diakse.com\/wp-content\/uploads\/2021\/09\/Capture-decran-45-300x169.png\" width=\"300\" height=\"169\" srcset=\"https:\/\/home.diakse.com\/wp-content\/uploads\/2021\/09\/Capture-decran-45-300x169.png 300w, https:\/\/home.diakse.com\/wp-content\/uploads\/2021\/09\/Capture-decran-45-1024x576.png 1024w, https:\/\/home.diakse.com\/wp-content\/uploads\/2021\/09\/Capture-decran-45-768x432.png 768w, https:\/\/home.diakse.com\/wp-content\/uploads\/2021\/09\/Capture-decran-45-16x9.png 16w, https:\/\/home.diakse.com\/wp-content\/uploads\/2021\/09\/Capture-decran-45.png 1366w\" sizes=\"(max-width: 300px) 100vw, 300px\" title=\"FDJ\" alt=\"\" \t\tclass=\"so-widget-image\"\/>\n\t<\/div>\n\n<\/div><\/div><div id=\"panel-4197-3-1-1\" class=\"so-panel widget widget_sow-editor panel-last-child\" data-index=\"5\" ><div\n\t\t\t\n\t\t\tclass=\"so-widget-sow-editor so-widget-sow-editor-base\"\n\t\t\t\n\t\t>\n<div class=\"siteorigin-widget-tinymce textwidget\">\n\t<h5 style=\"text-align: left;\">FDJ launched the fourth edition of Mission Patrimoine games on Monday August 30. Mission Patrimoine launched scratch tickets in August 2020. Since then, nearly 22 million euros have been donated by the French government to the Fondation du Patrimoine.<\/h5>\n<\/div>\n<\/div><\/div><\/div><\/div><div id=\"pg-4197-4\"  class=\"panel-grid panel-no-style\" ><div id=\"pgc-4197-4-0\"  class=\"panel-grid-cell\" ><div id=\"panel-4197-4-0-0\" class=\"so-panel widget widget_sow-editor panel-first-child panel-last-child\" data-index=\"6\" ><div\n\t\t\t\n\t\t\tclass=\"so-widget-sow-editor so-widget-sow-editor-base\"\n\t\t\t\n\t\t>\n<div class=\"siteorigin-widget-tinymce textwidget\">\n\t<h1 style=\"text-align: center;\">9 mois<\/h1>\n<h4 style=\"text-align: center;\">of hard work<\/h4>\n<\/div>\n<\/div><\/div><\/div><div id=\"pgc-4197-4-1\"  class=\"panel-grid-cell\" ><div id=\"panel-4197-4-1-0\" class=\"so-panel widget widget_sow-editor panel-first-child panel-last-child\" data-index=\"7\" ><div\n\t\t\t\n\t\t\tclass=\"so-widget-sow-editor so-widget-sow-editor-base\"\n\t\t\t\n\t\t>\n<div class=\"siteorigin-widget-tinymce textwidget\">\n\t<h1 style=\"text-align: center;\">11 398<\/h1>\n<h4 style=\"text-align: center;\">Visits in the first week!<\/h4>\n<\/div>\n<\/div><\/div><\/div><div id=\"pgc-4197-4-2\"  class=\"panel-grid-cell\" ><div id=\"panel-4197-4-2-0\" class=\"so-panel widget widget_sow-editor panel-first-child panel-last-child\" data-index=\"8\" ><div\n\t\t\t\n\t\t\tclass=\"so-widget-sow-editor so-widget-sow-editor-base\"\n\t\t\t\n\t\t>\n<div class=\"siteorigin-widget-tinymce textwidget\">\n\t<h1 style=\"text-align: center;\">50,09%<\/h1>\n<h4 style=\"text-align: center;\">of visitors return to the experience at least a 2nd time<\/h4>\n<\/div>\n<\/div><\/div><\/div><\/div><div id=\"pg-4197-5\"  class=\"panel-grid panel-no-style\" ><div id=\"pgc-4197-5-0\"  class=\"panel-grid-cell\" ><div id=\"panel-4197-5-0-0\" class=\"so-panel widget widget_sow-headline panel-first-child panel-last-child\" data-index=\"9\" ><div\n\t\t\t\n\t\t\tclass=\"so-widget-sow-headline so-widget-sow-headline-default-ea0af4cf39ae-4197\"\n\t\t\t\n\t\t><div class=\"sow-headline-container\">\n\t\t\t\t\t\t\t<h1 class=\"sow-headline\">\n\t\t\t\t\t\tThe Mission Patrimoine project - FDJ\t\t\t\t\t\t<\/h1>\n\t\t\t\t\t\t\t\t\t\t\t<div class=\"decoration\">\n\t\t\t\t\t\t<div class=\"decoration-inside\"><\/div>\n\t\t\t\t\t<\/div>\n\t\t\t\t\t<\/div>\n<\/div><\/div><\/div><\/div><div id=\"pg-4197-6\"  class=\"panel-grid panel-no-style\" ><div id=\"pgc-4197-6-0\"  class=\"panel-grid-cell\" ><div id=\"panel-4197-6-0-0\" class=\"so-panel widget widget_sow-editor panel-first-child panel-last-child\" data-index=\"10\" ><div\n\t\t\t\n\t\t\tclass=\"so-widget-sow-editor so-widget-sow-editor-base\"\n\t\t\t\n\t\t>\n<div class=\"siteorigin-widget-tinymce textwidget\">\n\t<h3 style=\"text-align: center;\"><strong>Context and objectives <\/strong><\/h3>\n<p class=\"translation-block\">FDJ killed two birds with one stone by calling on Diakse to virtualize the 18 selected sites and save France's heritage in a fun way, while trying to involve as many people as possible. <a href=\"https:\/\/home.diakse.com\/en\/solutions\/\" target=\"_self\">Diakse's solution<\/a> enables all French people to visit the sites without having to go to the sites themselves, while still having access to the necessary information on each building in the virtual visit. This includes informative posters and an introductory video at the start of each visit.<\/p>\n<\/div>\n<\/div><\/div><\/div><div id=\"pgc-4197-6-1\"  class=\"panel-grid-cell\" ><div id=\"panel-4197-6-1-0\" class=\"so-panel widget widget_sow-editor panel-first-child panel-last-child\" data-index=\"11\" ><div\n\t\t\t\n\t\t\tclass=\"so-widget-sow-editor so-widget-sow-editor-base\"\n\t\t\t\n\t\t>\n<div class=\"siteorigin-widget-tinymce textwidget\">\n\t<h3 style=\"text-align: center;\"><strong>Realization <\/strong><\/h3>\n<p>To create these virtual visits, we had to show all visitors what each building might look like after renovation. So we added an icon with a magic wand to a room in each tour to show what that room might look like once the renovations were complete.<\/p>\n<p>&nbsp;<\/p>\n<\/div>\n<\/div><\/div><\/div><div id=\"pgc-4197-6-2\"  class=\"panel-grid-cell\" ><div id=\"panel-4197-6-2-0\" class=\"so-panel widget widget_sow-editor panel-first-child panel-last-child\" data-index=\"12\" ><div\n\t\t\t\n\t\t\tclass=\"so-widget-sow-editor so-widget-sow-editor-base\"\n\t\t\t\n\t\t>\n<div class=\"siteorigin-widget-tinymce textwidget\">\n\t<h3 style=\"text-align: center;\"><strong>Results <\/strong><\/h3>\n<p style=\"text-align: center;\">An ultra-realistic, reinvented and original experience,<\/p>\n<p style=\"text-align: center;\">Visualization of the renovation result.<\/p>\n<\/div>\n<\/div><\/div><\/div><\/div><div id=\"pg-4197-7\"  class=\"panel-grid panel-no-style\" ><div id=\"pgc-4197-7-0\"  class=\"panel-grid-cell panel-grid-cell-empty\" ><\/div><div id=\"pgc-4197-7-1\"  class=\"panel-grid-cell panel-grid-cell-mobile-last\" ><div id=\"panel-4197-7-1-0\" class=\"so-panel widget widget_sow-button panel-first-child panel-last-child\" data-index=\"13\" ><div\n\t\t\t\n\t\t\tclass=\"so-widget-sow-button so-widget-sow-button-atom-ddfc18db71d7-4197\"\n\t\t\t\n\t\t><div class=\"ow-button-base ow-button-align-center\"\n>\n\t\t\t<a\n\t\t\t\t\thref=\"https:\/\/home.diakse.com\/en\/contact\/\"\n\t\t\t\t\tclass=\"sowb-button ow-icon-placement-left ow-button-hover\" \t>\n\t\t<span>\n\t\t\t\n\t\t\t<div id=\"undevis\">GET A QUOTE<\/div>\t\t<\/span>\n\t\t\t<\/a>\n\t<\/div>\n<\/div><\/div><\/div><div id=\"pgc-4197-7-2\"  class=\"panel-grid-cell panel-grid-cell-empty\" ><\/div><\/div><div id=\"pg-4197-8\"  class=\"panel-grid panel-no-style\" ><div id=\"pgc-4197-8-0\"  class=\"panel-grid-cell panel-grid-cell-empty\" ><\/div><div id=\"pgc-4197-8-1\"  class=\"panel-grid-cell panel-grid-cell-empty panel-grid-cell-mobile-last\" ><\/div><div id=\"pgc-4197-8-2\"  class=\"panel-grid-cell panel-grid-cell-empty\" ><\/div><\/div><\/div>","protected":false},"excerpt":{"rendered":"<p>Mission Patrimoine &#8211; FDJ : Valorisez le patrimoine fran\u00e7ais Pour cette \u00e9dition 2021, FDJ a voulu innover en donnant plus de visibilit\u00e9 aux sites embl\u00e9matiques de la Mission Bern, et en rendant les visites plus concr\u00e8tes pour les joueurs. FDJ a lanc\u00e9 la quatri\u00e8me \u00e9dition des jeux Mission Patrimoine lundi 30 ao\u00fbt. Mission Patrimoine a <a href=\"https:\/\/home.diakse.com\/en\/cas-client-mission-patrimoine-fdj\" rel=\"nofollow\"><span class=\"sr-only\">Read more about Mission Patrimoine &#8211; FDJ : Valorisez le patrimoine fran\u00e7ais<\/span>[&hellip;]<\/a><\/p>\n","protected":false},"author":1,"featured_media":4198,"parent":0,"menu_order":0,"comment_status":"closed","ping_status":"closed","template":"template-fullwidth-no-title.php","meta":{"_exactmetrics_skip_tracking":false,"_exactmetrics_sitenote_active":false,"_exactmetrics_sitenote_note":"","_exactmetrics_sitenote_category":0,"footnotes":""},"class_list":["post-4197","page","type-page","status-publish","has-post-thumbnail","hentry"],"yoast_head":"<!-- This site is optimized with the Yoast SEO plugin v27.3 - https:\/\/yoast.com\/product\/yoast-seo-wordpress\/ -->\n<title>Mission Patrimoine - FDJ : Valorisez le patrimoine fran\u00e7ais - Diakse<\/title>\n<meta name=\"description\" content=\"Comment FDJ innove pour cette nouvelle \u00e9dition des jeux Mission Patrimoine, en proposant des visites virtuelles informatives aux Fran\u00e7ais.\" \/>\n<meta name=\"robots\" content=\"index, follow, max-snippet:-1, max-image-preview:large, max-video-preview:-1\" \/>\n<link rel=\"canonical\" href=\"https:\/\/home.diakse.com\/en\/cas-client-mission-patrimoine-fdj\/\" \/>\n<meta property=\"og:locale\" content=\"en_GB\" \/>\n<meta property=\"og:type\" content=\"article\" \/>\n<meta property=\"og:title\" content=\"Mission Patrimoine - FDJ : Valorisez le patrimoine fran\u00e7ais - Diakse\" \/>\n<meta property=\"og:description\" content=\"Comment FDJ innove pour cette nouvelle \u00e9dition des jeux Mission Patrimoine, en proposant des visites virtuelles informatives aux Fran\u00e7ais.\" \/>\n<meta property=\"og:url\" content=\"https:\/\/home.diakse.com\/en\/cas-client-mission-patrimoine-fdj\/\" \/>\n<meta property=\"og:site_name\" content=\"Diakse\" \/>\n<meta property=\"article:publisher\" content=\"https:\/\/www.facebook.com\/diakse\" \/>\n<meta property=\"article:modified_time\" content=\"2022-10-25T21:06:10+00:00\" \/>\n<meta property=\"og:image\" content=\"https:\/\/home.diakse.com\/wp-content\/uploads\/2021\/09\/image-FDJ.jpg\" \/>\n\t<meta property=\"og:image:width\" content=\"1276\" \/>\n\t<meta property=\"og:image:height\" content=\"550\" \/>\n\t<meta property=\"og:image:type\" content=\"image\/jpeg\" \/>\n<meta name=\"twitter:card\" content=\"summary_large_image\" \/>\n<meta name=\"twitter:site\" content=\"@Diakse_France\" \/>\n<meta name=\"twitter:label1\" content=\"Estimated reading time\" \/>\n\t<meta name=\"twitter:data1\" content=\"2 minutes\" \/>\n<script type=\"application\/ld+json\" class=\"yoast-schema-graph\">{\"@context\":\"https:\\\/\\\/schema.org\",\"@graph\":[{\"@type\":\"WebPage\",\"@id\":\"https:\\\/\\\/home.diakse.com\\\/cas-client-mission-patrimoine-fdj\",\"url\":\"https:\\\/\\\/home.diakse.com\\\/cas-client-mission-patrimoine-fdj\",\"name\":\"Mission Patrimoine - FDJ : Valorisez le patrimoine fran\u00e7ais - Diakse\",\"isPartOf\":{\"@id\":\"https:\\\/\\\/home.diakse.com\\\/fr_fr\\\/#website\"},\"primaryImageOfPage\":{\"@id\":\"https:\\\/\\\/home.diakse.com\\\/cas-client-mission-patrimoine-fdj#primaryimage\"},\"image\":{\"@id\":\"https:\\\/\\\/home.diakse.com\\\/cas-client-mission-patrimoine-fdj#primaryimage\"},\"thumbnailUrl\":\"https:\\\/\\\/home.diakse.com\\\/wp-content\\\/uploads\\\/2021\\\/09\\\/image-FDJ.jpg\",\"datePublished\":\"2021-09-22T08:15:26+00:00\",\"dateModified\":\"2022-10-25T21:06:10+00:00\",\"description\":\"Comment FDJ innove pour cette nouvelle \u00e9dition des jeux Mission Patrimoine, en proposant des visites virtuelles informatives aux Fran\u00e7ais.\",\"breadcrumb\":{\"@id\":\"https:\\\/\\\/home.diakse.com\\\/cas-client-mission-patrimoine-fdj#breadcrumb\"},\"inLanguage\":\"en-GB\",\"potentialAction\":[{\"@type\":\"ReadAction\",\"target\":[\"https:\\\/\\\/home.diakse.com\\\/cas-client-mission-patrimoine-fdj\"]}]},{\"@type\":\"ImageObject\",\"inLanguage\":\"en-GB\",\"@id\":\"https:\\\/\\\/home.diakse.com\\\/cas-client-mission-patrimoine-fdj#primaryimage\",\"url\":\"https:\\\/\\\/home.diakse.com\\\/wp-content\\\/uploads\\\/2021\\\/09\\\/image-FDJ.jpg\",\"contentUrl\":\"https:\\\/\\\/home.diakse.com\\\/wp-content\\\/uploads\\\/2021\\\/09\\\/image-FDJ.jpg\",\"width\":1276,\"height\":550},{\"@type\":\"BreadcrumbList\",\"@id\":\"https:\\\/\\\/home.diakse.com\\\/cas-client-mission-patrimoine-fdj#breadcrumb\",\"itemListElement\":[{\"@type\":\"ListItem\",\"position\":1,\"name\":\"Accueil\",\"item\":\"https:\\\/\\\/home.diakse.com\\\/fr_fr\\\/\"},{\"@type\":\"ListItem\",\"position\":2,\"name\":\"Mission Patrimoine &#8211; FDJ : Valorisez le patrimoine fran\u00e7ais\"}]},{\"@type\":\"WebSite\",\"@id\":\"https:\\\/\\\/home.diakse.com\\\/fr_fr\\\/#website\",\"url\":\"https:\\\/\\\/home.diakse.com\\\/fr_fr\\\/\",\"name\":\"Diakse\",\"description\":\"Virtual Shops - La solution de cr\u00e9ation de boutiques virtuelles\",\"publisher\":{\"@id\":\"https:\\\/\\\/home.diakse.com\\\/fr_fr\\\/#organization\"},\"potentialAction\":[{\"@type\":\"SearchAction\",\"target\":{\"@type\":\"EntryPoint\",\"urlTemplate\":\"https:\\\/\\\/home.diakse.com\\\/fr_fr\\\/?s={search_term_string}\"},\"query-input\":{\"@type\":\"PropertyValueSpecification\",\"valueRequired\":true,\"valueName\":\"search_term_string\"}}],\"inLanguage\":\"en-GB\"},{\"@type\":\"Organization\",\"@id\":\"https:\\\/\\\/home.diakse.com\\\/fr_fr\\\/#organization\",\"name\":\"Diakse\",\"url\":\"https:\\\/\\\/home.diakse.com\\\/fr_fr\\\/\",\"logo\":{\"@type\":\"ImageObject\",\"inLanguage\":\"en-GB\",\"@id\":\"https:\\\/\\\/home.diakse.com\\\/fr_fr\\\/#\\\/schema\\\/logo\\\/image\\\/\",\"url\":\"https:\\\/\\\/home.diakse.com\\\/wp-content\\\/uploads\\\/2018\\\/01\\\/Diakse-V-business-3.0-Blanc.jpg\",\"contentUrl\":\"https:\\\/\\\/home.diakse.com\\\/wp-content\\\/uploads\\\/2018\\\/01\\\/Diakse-V-business-3.0-Blanc.jpg\",\"width\":1000,\"height\":440,\"caption\":\"Diakse\"},\"image\":{\"@id\":\"https:\\\/\\\/home.diakse.com\\\/fr_fr\\\/#\\\/schema\\\/logo\\\/image\\\/\"},\"sameAs\":[\"https:\\\/\\\/www.facebook.com\\\/diakse\",\"https:\\\/\\\/x.com\\\/Diakse_France\",\"https:\\\/\\\/www.instagram.com\\\/diakse.france\\\/\",\"https:\\\/\\\/www.linkedin.com\\\/company\\\/diakse\",\"https:\\\/\\\/www.youtube.com\\\/channel\\\/UCbymWs9j6MjXmcYDcU-LVJA\"]}]}<\/script>\n<!-- \/ Yoast SEO plugin. -->","yoast_head_json":{"title":"Mission Patrimoine - FDJ : Valorisez le patrimoine fran\u00e7ais - Diakse","description":"Comment FDJ innove pour cette nouvelle \u00e9dition des jeux Mission Patrimoine, en proposant des visites virtuelles informatives aux Fran\u00e7ais.","robots":{"index":"index","follow":"follow","max-snippet":"max-snippet:-1","max-image-preview":"max-image-preview:large","max-video-preview":"max-video-preview:-1"},"canonical":"https:\/\/home.diakse.com\/en\/cas-client-mission-patrimoine-fdj\/","og_locale":"en_GB","og_type":"article","og_title":"Mission Patrimoine - FDJ : Valorisez le patrimoine fran\u00e7ais - Diakse","og_description":"Comment FDJ innove pour cette nouvelle \u00e9dition des jeux Mission Patrimoine, en proposant des visites virtuelles informatives aux Fran\u00e7ais.","og_url":"https:\/\/home.diakse.com\/en\/cas-client-mission-patrimoine-fdj\/","og_site_name":"Diakse","article_publisher":"https:\/\/www.facebook.com\/diakse","article_modified_time":"2022-10-25T21:06:10+00:00","og_image":[{"width":1276,"height":550,"url":"https:\/\/home.diakse.com\/wp-content\/uploads\/2021\/09\/image-FDJ.jpg","type":"image\/jpeg"}],"twitter_card":"summary_large_image","twitter_site":"@Diakse_France","twitter_misc":{"Estimated reading time":"2 minutes"},"schema":{"@context":"https:\/\/schema.org","@graph":[{"@type":"WebPage","@id":"https:\/\/home.diakse.com\/cas-client-mission-patrimoine-fdj","url":"https:\/\/home.diakse.com\/cas-client-mission-patrimoine-fdj","name":"Mission Patrimoine - FDJ : Valorisez le patrimoine fran\u00e7ais - Diakse","isPartOf":{"@id":"https:\/\/home.diakse.com\/fr_fr\/#website"},"primaryImageOfPage":{"@id":"https:\/\/home.diakse.com\/cas-client-mission-patrimoine-fdj#primaryimage"},"image":{"@id":"https:\/\/home.diakse.com\/cas-client-mission-patrimoine-fdj#primaryimage"},"thumbnailUrl":"https:\/\/home.diakse.com\/wp-content\/uploads\/2021\/09\/image-FDJ.jpg","datePublished":"2021-09-22T08:15:26+00:00","dateModified":"2022-10-25T21:06:10+00:00","description":"Comment FDJ innove pour cette nouvelle \u00e9dition des jeux Mission Patrimoine, en proposant des visites virtuelles informatives aux Fran\u00e7ais.","breadcrumb":{"@id":"https:\/\/home.diakse.com\/cas-client-mission-patrimoine-fdj#breadcrumb"},"inLanguage":"en-GB","potentialAction":[{"@type":"ReadAction","target":["https:\/\/home.diakse.com\/cas-client-mission-patrimoine-fdj"]}]},{"@type":"ImageObject","inLanguage":"en-GB","@id":"https:\/\/home.diakse.com\/cas-client-mission-patrimoine-fdj#primaryimage","url":"https:\/\/home.diakse.com\/wp-content\/uploads\/2021\/09\/image-FDJ.jpg","contentUrl":"https:\/\/home.diakse.com\/wp-content\/uploads\/2021\/09\/image-FDJ.jpg","width":1276,"height":550},{"@type":"BreadcrumbList","@id":"https:\/\/home.diakse.com\/cas-client-mission-patrimoine-fdj#breadcrumb","itemListElement":[{"@type":"ListItem","position":1,"name":"Accueil","item":"https:\/\/home.diakse.com\/fr_fr\/"},{"@type":"ListItem","position":2,"name":"Mission Patrimoine &#8211; FDJ : Valorisez le patrimoine fran\u00e7ais"}]},{"@type":"WebSite","@id":"https:\/\/home.diakse.com\/fr_fr\/#website","url":"https:\/\/home.diakse.com\/fr_fr\/","name":"Diakse","description":"Virtual Shops - La solution de cr\u00e9ation de boutiques virtuelles","publisher":{"@id":"https:\/\/home.diakse.com\/fr_fr\/#organization"},"potentialAction":[{"@type":"SearchAction","target":{"@type":"EntryPoint","urlTemplate":"https:\/\/home.diakse.com\/fr_fr\/?s={search_term_string}"},"query-input":{"@type":"PropertyValueSpecification","valueRequired":true,"valueName":"search_term_string"}}],"inLanguage":"en-GB"},{"@type":"Organization","@id":"https:\/\/home.diakse.com\/fr_fr\/#organization","name":"Diakse","url":"https:\/\/home.diakse.com\/fr_fr\/","logo":{"@type":"ImageObject","inLanguage":"en-GB","@id":"https:\/\/home.diakse.com\/fr_fr\/#\/schema\/logo\/image\/","url":"https:\/\/home.diakse.com\/wp-content\/uploads\/2018\/01\/Diakse-V-business-3.0-Blanc.jpg","contentUrl":"https:\/\/home.diakse.com\/wp-content\/uploads\/2018\/01\/Diakse-V-business-3.0-Blanc.jpg","width":1000,"height":440,"caption":"Diakse"},"image":{"@id":"https:\/\/home.diakse.com\/fr_fr\/#\/schema\/logo\/image\/"},"sameAs":["https:\/\/www.facebook.com\/diakse","https:\/\/x.com\/Diakse_France","https:\/\/www.instagram.com\/diakse.france\/","https:\/\/www.linkedin.com\/company\/diakse","https:\/\/www.youtube.com\/channel\/UCbymWs9j6MjXmcYDcU-LVJA"]}]}},"_links":{"self":[{"href":"https:\/\/home.diakse.com\/en\/wp-json\/wp\/v2\/pages\/4197","targetHints":{"allow":["GET"]}}],"collection":[{"href":"https:\/\/home.diakse.com\/en\/wp-json\/wp\/v2\/pages"}],"about":[{"href":"https:\/\/home.diakse.com\/en\/wp-json\/wp\/v2\/types\/page"}],"author":[{"embeddable":true,"href":"https:\/\/home.diakse.com\/en\/wp-json\/wp\/v2\/users\/1"}],"replies":[{"embeddable":true,"href":"https:\/\/home.diakse.com\/en\/wp-json\/wp\/v2\/comments?post=4197"}],"version-history":[{"count":34,"href":"https:\/\/home.diakse.com\/en\/wp-json\/wp\/v2\/pages\/4197\/revisions"}],"predecessor-version":[{"id":5296,"href":"https:\/\/home.diakse.com\/en\/wp-json\/wp\/v2\/pages\/4197\/revisions\/5296"}],"wp:featuredmedia":[{"embeddable":true,"href":"https:\/\/home.diakse.com\/en\/wp-json\/wp\/v2\/media\/4198"}],"wp:attachment":[{"href":"https:\/\/home.diakse.com\/en\/wp-json\/wp\/v2\/media?parent=4197"}],"curies":[{"name":"wp","href":"https:\/\/api.w.org\/{rel}","templated":true}]}}