{"id":4294,"date":"2022-02-02T10:13:09","date_gmt":"2022-02-02T10:13:09","guid":{"rendered":"https:\/\/home.diakse.com\/?page_id=4294"},"modified":"2022-10-25T21:04:23","modified_gmt":"2022-10-25T21:04:23","slug":"cas-client-elancia","status":"publish","type":"page","link":"https:\/\/home.diakse.com\/en\/cas-client-elancia","title":{"rendered":"Elancia : Develop your franchise network"},"content":{"rendered":"<div id=\"pl-4294\"  class=\"panel-layout\" ><div id=\"pg-4294-0\"  class=\"panel-grid panel-no-style\" ><div id=\"pgc-4294-0-0\"  class=\"panel-grid-cell\" ><div id=\"panel-4294-0-0-0\" class=\"so-panel widget widget_sow-image panel-first-child panel-last-child\" data-index=\"0\" ><div\n\t\t\t\n\t\t\tclass=\"so-widget-sow-image so-widget-sow-image-default-a258e6bfa2d8-4294\"\n\t\t\t\n\t\t>\n<div class=\"sow-image-container\">\n\t\t\t<a href=\"https:\/\/youtu.be\/zlPpnM-0n2g\"\n\t\t\ttarget=\"_blank\" rel=\"noopener noreferrer\" \t\t>\n\t\t\t<img fetchpriority=\"high\" \n\tsrc=\"https:\/\/home.diakse.com\/wp-content\/uploads\/2022\/02\/image-cc-Elancia-v3.jpg\" width=\"907\" height=\"510\" srcset=\"https:\/\/home.diakse.com\/wp-content\/uploads\/2022\/02\/image-cc-Elancia-v3.jpg 907w, https:\/\/home.diakse.com\/wp-content\/uploads\/2022\/02\/image-cc-Elancia-v3-300x169.jpg 300w, https:\/\/home.diakse.com\/wp-content\/uploads\/2022\/02\/image-cc-Elancia-v3-768x432.jpg 768w, https:\/\/home.diakse.com\/wp-content\/uploads\/2022\/02\/image-cc-Elancia-v3-18x10.jpg 18w\" sizes=\"(max-width: 907px) 100vw, 907px\" title=\"image cc Elancia v3\" alt=\"Elancia\" \t\tclass=\"so-widget-image\"\/>\n\t\t\t<\/a><\/div>\n\n<\/div><\/div><\/div><\/div><div id=\"pg-4294-1\"  class=\"panel-grid panel-no-style\" ><div id=\"pgc-4294-1-0\"  class=\"panel-grid-cell\" ><div id=\"panel-4294-1-0-0\" class=\"so-panel widget widget_sow-headline panel-first-child panel-last-child\" data-index=\"1\" ><div\n\t\t\t\n\t\t\tclass=\"so-widget-sow-headline so-widget-sow-headline-default-ea0af4cf39ae-4294\"\n\t\t\t\n\t\t><div class=\"sow-headline-container\">\n\t\t\t\t\t\t\t<h1 class=\"sow-headline\">\n\t\t\t\t\t\tElancia : Develop your franchise network\t\t\t\t\t\t<\/h1>\n\t\t\t\t\t\t\t\t\t\t\t<div class=\"decoration\">\n\t\t\t\t\t\t<div class=\"decoration-inside\"><\/div>\n\t\t\t\t\t<\/div>\n\t\t\t\t\t<\/div>\n<\/div><\/div><\/div><\/div><div id=\"pg-4294-2\"  class=\"panel-grid panel-no-style\" ><div id=\"pgc-4294-2-0\"  class=\"panel-grid-cell\" ><div id=\"panel-4294-2-0-0\" class=\"so-panel widget widget_sow-editor panel-first-child panel-last-child\" data-index=\"2\" ><div\n\t\t\t\n\t\t\tclass=\"so-widget-sow-editor so-widget-sow-editor-base\"\n\t\t\t\n\t\t>\n<div class=\"siteorigin-widget-tinymce textwidget\">\n\t<h3 style=\"text-align: center;\"><em>Elancia entrusted DIAKSE to create a virtual showroom in its image.<\/em><\/h3>\n<\/div>\n<\/div><\/div><\/div><\/div><div id=\"pg-4294-3\"  class=\"panel-grid panel-no-style\" ><div id=\"pgc-4294-3-0\"  class=\"panel-grid-cell\" ><div id=\"panel-4294-3-0-0\" class=\"so-panel widget widget_sow-image panel-first-child panel-last-child\" data-index=\"3\" ><div\n\t\t\t\n\t\t\tclass=\"so-widget-sow-image so-widget-sow-image-default-c67d20f9f743-4294\"\n\t\t\t\n\t\t>\n<div class=\"sow-image-container\">\n\t\t<img \n\tsrc=\"https:\/\/home.diakse.com\/wp-content\/uploads\/2022\/02\/Capture-decran-104-1024x576.png\" width=\"640\" height=\"360\" srcset=\"https:\/\/home.diakse.com\/wp-content\/uploads\/2022\/02\/Capture-decran-104-1024x576.png 1024w, https:\/\/home.diakse.com\/wp-content\/uploads\/2022\/02\/Capture-decran-104-300x169.png 300w, https:\/\/home.diakse.com\/wp-content\/uploads\/2022\/02\/Capture-decran-104-768x432.png 768w, https:\/\/home.diakse.com\/wp-content\/uploads\/2022\/02\/Capture-decran-104-18x10.png 18w, https:\/\/home.diakse.com\/wp-content\/uploads\/2022\/02\/Capture-decran-104.png 1366w\" sizes=\"(max-width: 640px) 100vw, 640px\" title=\"Capture d\u2019\u00e9cran (104)\" alt=\"\" \t\tclass=\"so-widget-image\"\/>\n\t<\/div>\n\n<\/div><\/div><\/div><div id=\"pgc-4294-3-1\"  class=\"panel-grid-cell\" ><div id=\"panel-4294-3-1-0\" class=\"so-panel widget widget_sow-image panel-first-child\" data-index=\"4\" ><div\n\t\t\t\n\t\t\tclass=\"so-widget-sow-image so-widget-sow-image-default-c67d20f9f743-4294\"\n\t\t\t\n\t\t>\n<div class=\"sow-image-container\">\n\t\t<img \n\tsrc=\"https:\/\/home.diakse.com\/wp-content\/uploads\/2022\/02\/Capture-decran-98-300x169.png\" width=\"300\" height=\"169\" srcset=\"https:\/\/home.diakse.com\/wp-content\/uploads\/2022\/02\/Capture-decran-98-300x169.png 300w, https:\/\/home.diakse.com\/wp-content\/uploads\/2022\/02\/Capture-decran-98-1024x576.png 1024w, https:\/\/home.diakse.com\/wp-content\/uploads\/2022\/02\/Capture-decran-98-768x432.png 768w, https:\/\/home.diakse.com\/wp-content\/uploads\/2022\/02\/Capture-decran-98-18x10.png 18w, https:\/\/home.diakse.com\/wp-content\/uploads\/2022\/02\/Capture-decran-98.png 1366w\" sizes=\"(max-width: 300px) 100vw, 300px\" title=\"Elancia\" alt=\"\" \t\tclass=\"so-widget-image\"\/>\n\t<\/div>\n\n<\/div><\/div><div id=\"panel-4294-3-1-1\" class=\"so-panel widget widget_sow-editor panel-last-child\" data-index=\"5\" ><div\n\t\t\t\n\t\t\tclass=\"so-widget-sow-editor so-widget-sow-editor-base\"\n\t\t\t\n\t\t>\n<div class=\"siteorigin-widget-tinymce textwidget\">\n\t<h5 style=\"text-align: left;\">Elancia is a free of complexes gym that proposes a customised coaching. After a first coaching session, you will be able to discover the innovative system of USB stick, that allows you to access customised sport sessions and monitor your progress.<\/h5>\n<\/div>\n<\/div><\/div><\/div><\/div><div id=\"pg-4294-4\"  class=\"panel-grid panel-no-style\" ><div id=\"pgc-4294-4-0\"  class=\"panel-grid-cell\" ><div id=\"panel-4294-4-0-0\" class=\"so-panel widget widget_sow-editor panel-first-child panel-last-child\" data-index=\"6\" ><div\n\t\t\t\n\t\t\tclass=\"so-widget-sow-editor so-widget-sow-editor-base\"\n\t\t\t\n\t\t>\n<div class=\"siteorigin-widget-tinymce textwidget\">\n\t<h1 style=\"text-align: center;\">30%<\/h1>\n<h4 style=\"text-align: center;\">of people visit the showroom multiple times<\/h4>\n<\/div>\n<\/div><\/div><\/div><div id=\"pgc-4294-4-1\"  class=\"panel-grid-cell\" ><div id=\"panel-4294-4-1-0\" class=\"so-panel widget widget_sow-editor panel-first-child panel-last-child\" data-index=\"7\" ><div\n\t\t\t\n\t\t\tclass=\"so-widget-sow-editor so-widget-sow-editor-base\"\n\t\t\t\n\t\t>\n<div class=\"siteorigin-widget-tinymce textwidget\">\n\t<h1 style=\"text-align: center;\">100%<\/h1>\n<h4 style=\"text-align: center;\">of differentiation<\/h4>\n<\/div>\n<\/div><\/div><\/div><div id=\"pgc-4294-4-2\"  class=\"panel-grid-cell\" ><div id=\"panel-4294-4-2-0\" class=\"so-panel widget widget_sow-editor panel-first-child panel-last-child\" data-index=\"8\" ><div\n\t\t\t\n\t\t\tclass=\"so-widget-sow-editor so-widget-sow-editor-base\"\n\t\t\t\n\t\t>\n<div class=\"siteorigin-widget-tinymce textwidget\">\n\t<h1 style=\"text-align: center;\">2x<\/h1>\n<h4 style=\"text-align: center;\">more interactions than on a 2D web site<\/h4>\n<\/div>\n<\/div><\/div><\/div><\/div><div id=\"pg-4294-5\"  class=\"panel-grid panel-no-style\" ><div id=\"pgc-4294-5-0\"  class=\"panel-grid-cell\" ><div id=\"panel-4294-5-0-0\" class=\"so-panel widget widget_sow-headline panel-first-child panel-last-child\" data-index=\"9\" ><div\n\t\t\t\n\t\t\tclass=\"so-widget-sow-headline so-widget-sow-headline-default-ea0af4cf39ae-4294\"\n\t\t\t\n\t\t><div class=\"sow-headline-container\">\n\t\t\t\t\t\t\t<h1 class=\"sow-headline\">\n\t\t\t\t\t\tThe Elancia project\t\t\t\t\t\t<\/h1>\n\t\t\t\t\t\t\t\t\t\t\t<div class=\"decoration\">\n\t\t\t\t\t\t<div class=\"decoration-inside\"><\/div>\n\t\t\t\t\t<\/div>\n\t\t\t\t\t<\/div>\n<\/div><\/div><\/div><\/div><div id=\"pg-4294-6\"  class=\"panel-grid panel-no-style\" ><div id=\"pgc-4294-6-0\"  class=\"panel-grid-cell\" ><div id=\"panel-4294-6-0-0\" class=\"so-panel widget widget_sow-editor panel-first-child panel-last-child\" data-index=\"10\" ><div\n\t\t\t\n\t\t\tclass=\"so-widget-sow-editor so-widget-sow-editor-base\"\n\t\t\t\n\t\t>\n<div class=\"siteorigin-widget-tinymce textwidget\">\n\t<h3 style=\"text-align: center;\"><strong>Context and objectives <\/strong><\/h3>\n<p>In this showroom, Elancia wanted to highlight its know-how with its innovative coaching concept via a USB key containing sessions and personalized follow-up. Elancia is using this showroom to recruit new franchisees with a passion for sport, and to develop its B2C communication.<\/p>\n<\/div>\n<\/div><\/div><\/div><div id=\"pgc-4294-6-1\"  class=\"panel-grid-cell\" ><div id=\"panel-4294-6-1-0\" class=\"so-panel widget widget_sow-editor panel-first-child panel-last-child\" data-index=\"11\" ><div\n\t\t\t\n\t\t\tclass=\"so-widget-sow-editor so-widget-sow-editor-base\"\n\t\t\t\n\t\t>\n<div class=\"siteorigin-widget-tinymce textwidget\">\n\t<h3 style=\"text-align: center;\"><strong>Realization <\/strong><\/h3>\n<p>This showroom, based on an Elancia gym, offers a fun way to discover all the benefits of Elancia. You'll find video presentations by our trainers, interactive screens where you can test the USB key concept, and information books.<\/p>\n<p>&nbsp;<\/p>\n<\/div>\n<\/div><\/div><\/div><div id=\"pgc-4294-6-2\"  class=\"panel-grid-cell\" ><div id=\"panel-4294-6-2-0\" class=\"so-panel widget widget_sow-editor panel-first-child panel-last-child\" data-index=\"12\" ><div\n\t\t\t\n\t\t\tclass=\"so-widget-sow-editor so-widget-sow-editor-base\"\n\t\t\t\n\t\t>\n<div class=\"siteorigin-widget-tinymce textwidget\">\n\t<h3 style=\"text-align: center;\"><strong>Results <\/strong><\/h3>\n<p style=\"text-align: center;\">Ultra realistic and contextualized exp\u00e9rience,<\/p>\n<p style=\"text-align: center;\">A reinvented, original and differentiating experience.<\/p>\n<\/div>\n<\/div><\/div><\/div><\/div><div id=\"pg-4294-7\"  class=\"panel-grid panel-no-style\" ><div id=\"pgc-4294-7-0\"  class=\"panel-grid-cell panel-grid-cell-empty\" ><\/div><div id=\"pgc-4294-7-1\"  class=\"panel-grid-cell panel-grid-cell-mobile-last\" ><div id=\"panel-4294-7-1-0\" class=\"so-panel widget widget_sow-button panel-first-child panel-last-child\" data-index=\"13\" ><div\n\t\t\t\n\t\t\tclass=\"so-widget-sow-button so-widget-sow-button-atom-ddfc18db71d7-4294\"\n\t\t\t\n\t\t><div class=\"ow-button-base ow-button-align-center\"\n>\n\t\t\t<a\n\t\t\t\t\thref=\"https:\/\/home.diakse.com\/en\/contact\/\"\n\t\t\t\t\tclass=\"sowb-button ow-icon-placement-left ow-button-hover\" \t>\n\t\t<span>\n\t\t\t\n\t\t\t<div id=\"undevis\">GET A QUOTE<\/div>\t\t<\/span>\n\t\t\t<\/a>\n\t<\/div>\n<\/div><\/div><\/div><div id=\"pgc-4294-7-2\"  class=\"panel-grid-cell panel-grid-cell-empty\" ><\/div><\/div><div id=\"pg-4294-8\"  class=\"panel-grid panel-no-style\" ><div id=\"pgc-4294-8-0\"  class=\"panel-grid-cell panel-grid-cell-empty\" ><\/div><div id=\"pgc-4294-8-1\"  class=\"panel-grid-cell panel-grid-cell-empty panel-grid-cell-mobile-last\" ><\/div><div id=\"pgc-4294-8-2\"  class=\"panel-grid-cell panel-grid-cell-empty\" ><\/div><\/div><\/div>","protected":false},"excerpt":{"rendered":"<p>Elancia : D\u00e9veloppez votre r\u00e9seau de franchise Elancia a fait confiance \u00e0 DIAKSE pour r\u00e9aliser un Showroom virtuel \u00e0 son image. Elancia est une salle de sport d\u00e9complex\u00e9e qui propose un coaching sur-mesure. A la suite d\u2019une premi\u00e8re s\u00e9ance de coaching, vous pourrez d\u00e9couvrir le syst\u00e8me innovant de cl\u00e9 USB qui vous permet d\u2019acc\u00e9der \u00e0 <a href=\"https:\/\/home.diakse.com\/en\/cas-client-elancia\" rel=\"nofollow\"><span class=\"sr-only\">Read more about Elancia : D\u00e9veloppez votre r\u00e9seau de franchise<\/span>[&hellip;]<\/a><\/p>\n","protected":false},"author":1,"featured_media":4312,"parent":0,"menu_order":0,"comment_status":"closed","ping_status":"closed","template":"template-fullwidth-no-title.php","meta":{"_exactmetrics_skip_tracking":false,"_exactmetrics_sitenote_active":false,"_exactmetrics_sitenote_note":"","_exactmetrics_sitenote_category":0,"footnotes":""},"class_list":["post-4294","page","type-page","status-publish","has-post-thumbnail","hentry"],"yoast_head":"<!-- This site is optimized with the Yoast SEO plugin v27.3 - https:\/\/yoast.com\/product\/yoast-seo-wordpress\/ -->\n<title>Elancia : D\u00e9veloppez votre r\u00e9seau de franchise - Diakse<\/title>\n<meta name=\"description\" content=\"D\u00e9couvrez le showroom virtuel Elancia avec son concept de sport d\u00e9complex\u00e9 et son syst\u00e8me de coaching innovant via une cl\u00e9 USB\" \/>\n<meta name=\"robots\" content=\"index, follow, max-snippet:-1, max-image-preview:large, max-video-preview:-1\" \/>\n<link rel=\"canonical\" href=\"https:\/\/home.diakse.com\/en\/cas-client-elancia\/\" \/>\n<meta property=\"og:locale\" content=\"en_GB\" \/>\n<meta property=\"og:type\" content=\"article\" \/>\n<meta property=\"og:title\" content=\"Elancia : D\u00e9veloppez votre r\u00e9seau de franchise - Diakse\" \/>\n<meta property=\"og:description\" content=\"D\u00e9couvrez le showroom virtuel Elancia avec son concept de sport d\u00e9complex\u00e9 et son syst\u00e8me de coaching innovant via une cl\u00e9 USB\" \/>\n<meta property=\"og:url\" content=\"https:\/\/home.diakse.com\/en\/cas-client-elancia\/\" \/>\n<meta property=\"og:site_name\" content=\"Diakse\" \/>\n<meta property=\"article:publisher\" content=\"https:\/\/www.facebook.com\/diakse\" \/>\n<meta property=\"article:modified_time\" content=\"2022-10-25T21:04:23+00:00\" \/>\n<meta property=\"og:image\" content=\"https:\/\/home.diakse.com\/wp-content\/uploads\/2022\/02\/image-cc-Elancia-v2-1.jpg\" \/>\n\t<meta property=\"og:image:width\" content=\"1148\" \/>\n\t<meta property=\"og:image:height\" content=\"645\" \/>\n\t<meta property=\"og:image:type\" content=\"image\/jpeg\" \/>\n<meta name=\"twitter:card\" content=\"summary_large_image\" \/>\n<meta name=\"twitter:site\" content=\"@Diakse_France\" \/>\n<meta name=\"twitter:label1\" content=\"Estimated reading time\" \/>\n\t<meta name=\"twitter:data1\" content=\"1 minute\" \/>\n<script type=\"application\/ld+json\" class=\"yoast-schema-graph\">{\"@context\":\"https:\\\/\\\/schema.org\",\"@graph\":[{\"@type\":\"WebPage\",\"@id\":\"https:\\\/\\\/home.diakse.com\\\/cas-client-elancia\",\"url\":\"https:\\\/\\\/home.diakse.com\\\/cas-client-elancia\",\"name\":\"Elancia : D\u00e9veloppez votre r\u00e9seau de franchise - Diakse\",\"isPartOf\":{\"@id\":\"https:\\\/\\\/home.diakse.com\\\/fr_fr\\\/#website\"},\"primaryImageOfPage\":{\"@id\":\"https:\\\/\\\/home.diakse.com\\\/cas-client-elancia#primaryimage\"},\"image\":{\"@id\":\"https:\\\/\\\/home.diakse.com\\\/cas-client-elancia#primaryimage\"},\"thumbnailUrl\":\"https:\\\/\\\/home.diakse.com\\\/wp-content\\\/uploads\\\/2022\\\/02\\\/image-cc-Elancia-v2-1.jpg\",\"datePublished\":\"2022-02-02T10:13:09+00:00\",\"dateModified\":\"2022-10-25T21:04:23+00:00\",\"description\":\"D\u00e9couvrez le showroom virtuel Elancia avec son concept de sport d\u00e9complex\u00e9 et son syst\u00e8me de coaching innovant via une cl\u00e9 USB\",\"breadcrumb\":{\"@id\":\"https:\\\/\\\/home.diakse.com\\\/cas-client-elancia#breadcrumb\"},\"inLanguage\":\"en-GB\",\"potentialAction\":[{\"@type\":\"ReadAction\",\"target\":[\"https:\\\/\\\/home.diakse.com\\\/cas-client-elancia\"]}]},{\"@type\":\"ImageObject\",\"inLanguage\":\"en-GB\",\"@id\":\"https:\\\/\\\/home.diakse.com\\\/cas-client-elancia#primaryimage\",\"url\":\"https:\\\/\\\/home.diakse.com\\\/wp-content\\\/uploads\\\/2022\\\/02\\\/image-cc-Elancia-v2-1.jpg\",\"contentUrl\":\"https:\\\/\\\/home.diakse.com\\\/wp-content\\\/uploads\\\/2022\\\/02\\\/image-cc-Elancia-v2-1.jpg\",\"width\":1148,\"height\":645},{\"@type\":\"BreadcrumbList\",\"@id\":\"https:\\\/\\\/home.diakse.com\\\/cas-client-elancia#breadcrumb\",\"itemListElement\":[{\"@type\":\"ListItem\",\"position\":1,\"name\":\"Accueil\",\"item\":\"https:\\\/\\\/home.diakse.com\\\/fr_fr\\\/\"},{\"@type\":\"ListItem\",\"position\":2,\"name\":\"Elancia : D\u00e9veloppez votre r\u00e9seau de franchise\"}]},{\"@type\":\"WebSite\",\"@id\":\"https:\\\/\\\/home.diakse.com\\\/fr_fr\\\/#website\",\"url\":\"https:\\\/\\\/home.diakse.com\\\/fr_fr\\\/\",\"name\":\"Diakse\",\"description\":\"Virtual Shops - La solution de cr\u00e9ation de boutiques virtuelles\",\"publisher\":{\"@id\":\"https:\\\/\\\/home.diakse.com\\\/fr_fr\\\/#organization\"},\"potentialAction\":[{\"@type\":\"SearchAction\",\"target\":{\"@type\":\"EntryPoint\",\"urlTemplate\":\"https:\\\/\\\/home.diakse.com\\\/fr_fr\\\/?s={search_term_string}\"},\"query-input\":{\"@type\":\"PropertyValueSpecification\",\"valueRequired\":true,\"valueName\":\"search_term_string\"}}],\"inLanguage\":\"en-GB\"},{\"@type\":\"Organization\",\"@id\":\"https:\\\/\\\/home.diakse.com\\\/fr_fr\\\/#organization\",\"name\":\"Diakse\",\"url\":\"https:\\\/\\\/home.diakse.com\\\/fr_fr\\\/\",\"logo\":{\"@type\":\"ImageObject\",\"inLanguage\":\"en-GB\",\"@id\":\"https:\\\/\\\/home.diakse.com\\\/fr_fr\\\/#\\\/schema\\\/logo\\\/image\\\/\",\"url\":\"https:\\\/\\\/home.diakse.com\\\/wp-content\\\/uploads\\\/2018\\\/01\\\/Diakse-V-business-3.0-Blanc.jpg\",\"contentUrl\":\"https:\\\/\\\/home.diakse.com\\\/wp-content\\\/uploads\\\/2018\\\/01\\\/Diakse-V-business-3.0-Blanc.jpg\",\"width\":1000,\"height\":440,\"caption\":\"Diakse\"},\"image\":{\"@id\":\"https:\\\/\\\/home.diakse.com\\\/fr_fr\\\/#\\\/schema\\\/logo\\\/image\\\/\"},\"sameAs\":[\"https:\\\/\\\/www.facebook.com\\\/diakse\",\"https:\\\/\\\/x.com\\\/Diakse_France\",\"https:\\\/\\\/www.instagram.com\\\/diakse.france\\\/\",\"https:\\\/\\\/www.linkedin.com\\\/company\\\/diakse\",\"https:\\\/\\\/www.youtube.com\\\/channel\\\/UCbymWs9j6MjXmcYDcU-LVJA\"]}]}<\/script>\n<!-- \/ Yoast SEO plugin. -->","yoast_head_json":{"title":"Elancia : D\u00e9veloppez votre r\u00e9seau de franchise - Diakse","description":"D\u00e9couvrez le showroom virtuel Elancia avec son concept de sport d\u00e9complex\u00e9 et son syst\u00e8me de coaching innovant via une cl\u00e9 USB","robots":{"index":"index","follow":"follow","max-snippet":"max-snippet:-1","max-image-preview":"max-image-preview:large","max-video-preview":"max-video-preview:-1"},"canonical":"https:\/\/home.diakse.com\/en\/cas-client-elancia\/","og_locale":"en_GB","og_type":"article","og_title":"Elancia : D\u00e9veloppez votre r\u00e9seau de franchise - Diakse","og_description":"D\u00e9couvrez le showroom virtuel Elancia avec son concept de sport d\u00e9complex\u00e9 et son syst\u00e8me de coaching innovant via une cl\u00e9 USB","og_url":"https:\/\/home.diakse.com\/en\/cas-client-elancia\/","og_site_name":"Diakse","article_publisher":"https:\/\/www.facebook.com\/diakse","article_modified_time":"2022-10-25T21:04:23+00:00","og_image":[{"width":1148,"height":645,"url":"https:\/\/home.diakse.com\/wp-content\/uploads\/2022\/02\/image-cc-Elancia-v2-1.jpg","type":"image\/jpeg"}],"twitter_card":"summary_large_image","twitter_site":"@Diakse_France","twitter_misc":{"Estimated reading time":"1 minute"},"schema":{"@context":"https:\/\/schema.org","@graph":[{"@type":"WebPage","@id":"https:\/\/home.diakse.com\/cas-client-elancia","url":"https:\/\/home.diakse.com\/cas-client-elancia","name":"Elancia : D\u00e9veloppez votre r\u00e9seau de franchise - Diakse","isPartOf":{"@id":"https:\/\/home.diakse.com\/fr_fr\/#website"},"primaryImageOfPage":{"@id":"https:\/\/home.diakse.com\/cas-client-elancia#primaryimage"},"image":{"@id":"https:\/\/home.diakse.com\/cas-client-elancia#primaryimage"},"thumbnailUrl":"https:\/\/home.diakse.com\/wp-content\/uploads\/2022\/02\/image-cc-Elancia-v2-1.jpg","datePublished":"2022-02-02T10:13:09+00:00","dateModified":"2022-10-25T21:04:23+00:00","description":"D\u00e9couvrez le showroom virtuel Elancia avec son concept de sport d\u00e9complex\u00e9 et son syst\u00e8me de coaching innovant via une cl\u00e9 USB","breadcrumb":{"@id":"https:\/\/home.diakse.com\/cas-client-elancia#breadcrumb"},"inLanguage":"en-GB","potentialAction":[{"@type":"ReadAction","target":["https:\/\/home.diakse.com\/cas-client-elancia"]}]},{"@type":"ImageObject","inLanguage":"en-GB","@id":"https:\/\/home.diakse.com\/cas-client-elancia#primaryimage","url":"https:\/\/home.diakse.com\/wp-content\/uploads\/2022\/02\/image-cc-Elancia-v2-1.jpg","contentUrl":"https:\/\/home.diakse.com\/wp-content\/uploads\/2022\/02\/image-cc-Elancia-v2-1.jpg","width":1148,"height":645},{"@type":"BreadcrumbList","@id":"https:\/\/home.diakse.com\/cas-client-elancia#breadcrumb","itemListElement":[{"@type":"ListItem","position":1,"name":"Accueil","item":"https:\/\/home.diakse.com\/fr_fr\/"},{"@type":"ListItem","position":2,"name":"Elancia : D\u00e9veloppez votre r\u00e9seau de franchise"}]},{"@type":"WebSite","@id":"https:\/\/home.diakse.com\/fr_fr\/#website","url":"https:\/\/home.diakse.com\/fr_fr\/","name":"Diakse","description":"Virtual Shops - La solution de cr\u00e9ation de boutiques virtuelles","publisher":{"@id":"https:\/\/home.diakse.com\/fr_fr\/#organization"},"potentialAction":[{"@type":"SearchAction","target":{"@type":"EntryPoint","urlTemplate":"https:\/\/home.diakse.com\/fr_fr\/?s={search_term_string}"},"query-input":{"@type":"PropertyValueSpecification","valueRequired":true,"valueName":"search_term_string"}}],"inLanguage":"en-GB"},{"@type":"Organization","@id":"https:\/\/home.diakse.com\/fr_fr\/#organization","name":"Diakse","url":"https:\/\/home.diakse.com\/fr_fr\/","logo":{"@type":"ImageObject","inLanguage":"en-GB","@id":"https:\/\/home.diakse.com\/fr_fr\/#\/schema\/logo\/image\/","url":"https:\/\/home.diakse.com\/wp-content\/uploads\/2018\/01\/Diakse-V-business-3.0-Blanc.jpg","contentUrl":"https:\/\/home.diakse.com\/wp-content\/uploads\/2018\/01\/Diakse-V-business-3.0-Blanc.jpg","width":1000,"height":440,"caption":"Diakse"},"image":{"@id":"https:\/\/home.diakse.com\/fr_fr\/#\/schema\/logo\/image\/"},"sameAs":["https:\/\/www.facebook.com\/diakse","https:\/\/x.com\/Diakse_France","https:\/\/www.instagram.com\/diakse.france\/","https:\/\/www.linkedin.com\/company\/diakse","https:\/\/www.youtube.com\/channel\/UCbymWs9j6MjXmcYDcU-LVJA"]}]}},"_links":{"self":[{"href":"https:\/\/home.diakse.com\/en\/wp-json\/wp\/v2\/pages\/4294","targetHints":{"allow":["GET"]}}],"collection":[{"href":"https:\/\/home.diakse.com\/en\/wp-json\/wp\/v2\/pages"}],"about":[{"href":"https:\/\/home.diakse.com\/en\/wp-json\/wp\/v2\/types\/page"}],"author":[{"embeddable":true,"href":"https:\/\/home.diakse.com\/en\/wp-json\/wp\/v2\/users\/1"}],"replies":[{"embeddable":true,"href":"https:\/\/home.diakse.com\/en\/wp-json\/wp\/v2\/comments?post=4294"}],"version-history":[{"count":27,"href":"https:\/\/home.diakse.com\/en\/wp-json\/wp\/v2\/pages\/4294\/revisions"}],"predecessor-version":[{"id":4781,"href":"https:\/\/home.diakse.com\/en\/wp-json\/wp\/v2\/pages\/4294\/revisions\/4781"}],"wp:featuredmedia":[{"embeddable":true,"href":"https:\/\/home.diakse.com\/en\/wp-json\/wp\/v2\/media\/4312"}],"wp:attachment":[{"href":"https:\/\/home.diakse.com\/en\/wp-json\/wp\/v2\/media?parent=4294"}],"curies":[{"name":"wp","href":"https:\/\/api.w.org\/{rel}","templated":true}]}}