{"id":4645,"date":"2022-03-16T16:07:18","date_gmt":"2022-03-16T16:07:18","guid":{"rendered":"https:\/\/home.diakse.com\/?page_id=4645"},"modified":"2022-10-25T20:57:59","modified_gmt":"2022-10-25T20:57:59","slug":"cas-client-mathilde-m","status":"publish","type":"page","link":"https:\/\/home.diakse.com\/en\/cas-client-mathilde-m","title":{"rendered":"Mathilde M : The BtoB and BtoC virtual showrooms under one roof"},"content":{"rendered":"<div id=\"pl-4645\"  class=\"panel-layout\" ><div id=\"pg-4645-0\"  class=\"panel-grid panel-no-style\" ><div id=\"pgc-4645-0-0\"  class=\"panel-grid-cell\" ><div id=\"panel-4645-0-0-0\" class=\"so-panel widget widget_sow-image panel-first-child panel-last-child\" data-index=\"0\" ><div\n\t\t\t\n\t\t\tclass=\"so-widget-sow-image so-widget-sow-image-default-a258e6bfa2d8-4645\"\n\t\t\t\n\t\t>\n<div class=\"sow-image-container\">\n\t\t\t<a href=\"https:\/\/www.youtube.com\/watch?v=x_xZeZXHOWc\"\n\t\t\ttarget=\"_blank\" rel=\"noopener noreferrer\" \t\t>\n\t\t\t<img fetchpriority=\"high\" \n\tsrc=\"https:\/\/home.diakse.com\/wp-content\/uploads\/2022\/03\/Image-article-mm.jpg\" width=\"605\" height=\"340\" srcset=\"https:\/\/home.diakse.com\/wp-content\/uploads\/2022\/03\/Image-article-mm.jpg 605w, https:\/\/home.diakse.com\/wp-content\/uploads\/2022\/03\/Image-article-mm-300x169.jpg 300w, https:\/\/home.diakse.com\/wp-content\/uploads\/2022\/03\/Image-article-mm-18x10.jpg 18w\" sizes=\"(max-width: 605px) 100vw, 605px\" title=\"Mathilde M\" alt=\"Audrey Alexandre\" \t\tclass=\"so-widget-image\"\/>\n\t\t\t<\/a><\/div>\n\n<\/div><\/div><\/div><\/div><div id=\"pg-4645-1\"  class=\"panel-grid panel-no-style\" ><div id=\"pgc-4645-1-0\"  class=\"panel-grid-cell\" ><div id=\"panel-4645-1-0-0\" class=\"so-panel widget widget_sow-headline panel-first-child panel-last-child\" data-index=\"1\" ><div\n\t\t\t\n\t\t\tclass=\"so-widget-sow-headline so-widget-sow-headline-default-ea0af4cf39ae-4645\"\n\t\t\t\n\t\t><div class=\"sow-headline-container\">\n\t\t\t\t\t\t\t<h1 class=\"sow-headline\">\n\t\t\t\t\t\tMathilde M : The BtoB and BtoC virtual showrooms under one roof\t\t\t\t\t\t<\/h1>\n\t\t\t\t\t\t\t\t\t\t\t<div class=\"decoration\">\n\t\t\t\t\t\t<div class=\"decoration-inside\"><\/div>\n\t\t\t\t\t<\/div>\n\t\t\t\t\t<\/div>\n<\/div><\/div><\/div><\/div><div id=\"pg-4645-2\"  class=\"panel-grid panel-no-style\" ><div id=\"pgc-4645-2-0\"  class=\"panel-grid-cell\" ><div id=\"panel-4645-2-0-0\" class=\"so-panel widget widget_sow-editor panel-first-child panel-last-child\" data-index=\"2\" ><div\n\t\t\t\n\t\t\tclass=\"so-widget-sow-editor so-widget-sow-editor-base\"\n\t\t\t\n\t\t>\n<div class=\"siteorigin-widget-tinymce textwidget\">\n\t<h3 style=\"text-align: center;\"><em>Give the ultimate international prospection tool to your field agents and salespersons : The virtual showroom.<\/em><\/h3>\n<\/div>\n<\/div><\/div><\/div><\/div><div id=\"pg-4645-3\"  class=\"panel-grid panel-no-style\" ><div id=\"pgc-4645-3-0\"  class=\"panel-grid-cell\" ><div id=\"panel-4645-3-0-0\" class=\"so-panel widget widget_sow-image panel-first-child panel-last-child\" data-index=\"3\" ><div\n\t\t\t\n\t\t\tclass=\"so-widget-sow-image so-widget-sow-image-default-c67d20f9f743-4645\"\n\t\t\t\n\t\t>\n<div class=\"sow-image-container\">\n\t\t<img \n\tsrc=\"https:\/\/home.diakse.com\/wp-content\/uploads\/2022\/03\/Capture-decran-115-1024x576.png\" width=\"640\" height=\"360\" srcset=\"https:\/\/home.diakse.com\/wp-content\/uploads\/2022\/03\/Capture-decran-115-1024x576.png 1024w, https:\/\/home.diakse.com\/wp-content\/uploads\/2022\/03\/Capture-decran-115-300x169.png 300w, https:\/\/home.diakse.com\/wp-content\/uploads\/2022\/03\/Capture-decran-115-768x432.png 768w, https:\/\/home.diakse.com\/wp-content\/uploads\/2022\/03\/Capture-decran-115-18x10.png 18w, https:\/\/home.diakse.com\/wp-content\/uploads\/2022\/03\/Capture-decran-115.png 1366w\" sizes=\"(max-width: 640px) 100vw, 640px\" title=\"Mathilde M\" alt=\"\" \t\tclass=\"so-widget-image\"\/>\n\t<\/div>\n\n<\/div><\/div><\/div><div id=\"pgc-4645-3-1\"  class=\"panel-grid-cell\" ><div id=\"panel-4645-3-1-0\" class=\"so-panel widget widget_sow-image panel-first-child\" data-index=\"4\" ><div\n\t\t\t\n\t\t\tclass=\"so-widget-sow-image so-widget-sow-image-default-c67d20f9f743-4645\"\n\t\t\t\n\t\t>\n<div class=\"sow-image-container\">\n\t\t<img \n\tsrc=\"https:\/\/home.diakse.com\/wp-content\/uploads\/2022\/03\/Capture-decran-117-300x169.png\" width=\"300\" height=\"169\" srcset=\"https:\/\/home.diakse.com\/wp-content\/uploads\/2022\/03\/Capture-decran-117-300x169.png 300w, https:\/\/home.diakse.com\/wp-content\/uploads\/2022\/03\/Capture-decran-117-1024x576.png 1024w, https:\/\/home.diakse.com\/wp-content\/uploads\/2022\/03\/Capture-decran-117-768x432.png 768w, https:\/\/home.diakse.com\/wp-content\/uploads\/2022\/03\/Capture-decran-117-18x10.png 18w, https:\/\/home.diakse.com\/wp-content\/uploads\/2022\/03\/Capture-decran-117.png 1366w\" sizes=\"(max-width: 300px) 100vw, 300px\" title=\"Mathilde M\" alt=\"Mathilde M\" \t\tclass=\"so-widget-image\"\/>\n\t<\/div>\n\n<\/div><\/div><div id=\"panel-4645-3-1-1\" class=\"so-panel widget widget_sow-editor panel-last-child\" data-index=\"5\" ><div\n\t\t\t\n\t\t\tclass=\"so-widget-sow-editor so-widget-sow-editor-base\"\n\t\t\t\n\t\t>\n<div class=\"siteorigin-widget-tinymce textwidget\">\n\t<h5 style=\"text-align: left;\">Gone are the days of paper catalogs and boring IPads for your orders. Our software gives your sales force a modern tool to help them sell.<\/h5>\n<p class=\"translation-block\">Take a <a href=\"https:\/\/home.diakse.com\/en\/solutions\/\" target=\"_self\"> virtual visit<\/a> to our showroom<\/p>\n<\/div>\n<\/div><\/div><\/div><\/div><div id=\"pg-4645-4\"  class=\"panel-grid panel-no-style\" ><div id=\"pgc-4645-4-0\"  class=\"panel-grid-cell\" ><div id=\"panel-4645-4-0-0\" class=\"so-panel widget widget_sow-editor panel-first-child panel-last-child\" data-index=\"6\" ><div\n\t\t\t\n\t\t\tclass=\"so-widget-sow-editor so-widget-sow-editor-base\"\n\t\t\t\n\t\t>\n<div class=\"siteorigin-widget-tinymce textwidget\">\n\t<h1 style=\"text-align: center;\">27<\/h1>\n<h4 style=\"text-align: center;\">agents and salespeople to use the showroom<\/h4>\n<\/div>\n<\/div><\/div><\/div><div id=\"pgc-4645-4-1\"  class=\"panel-grid-cell\" ><div id=\"panel-4645-4-1-0\" class=\"so-panel widget widget_sow-editor panel-first-child panel-last-child\" data-index=\"7\" ><div\n\t\t\t\n\t\t\tclass=\"so-widget-sow-editor so-widget-sow-editor-base\"\n\t\t\t\n\t\t>\n<div class=\"siteorigin-widget-tinymce textwidget\">\n\t<h1 style=\"text-align: center;\">3<\/h1>\n<h4 style=\"text-align: center;\" class=\"translation-block\">this is already the 3<sup>rd<\/sup> season in which we've presented this virtual collection<\/h4>\n<\/div>\n<\/div><\/div><\/div><div id=\"pgc-4645-4-2\"  class=\"panel-grid-cell\" ><div id=\"panel-4645-4-2-0\" class=\"so-panel widget widget_sow-editor panel-first-child panel-last-child\" data-index=\"8\" ><div\n\t\t\t\n\t\t\tclass=\"so-widget-sow-editor so-widget-sow-editor-base\"\n\t\t\t\n\t\t>\n<div class=\"siteorigin-widget-tinymce textwidget\">\n\t<h1 style=\"text-align: center;\">1008<\/h1>\n<h4 style=\"text-align: center;\">is the number of products displayed<\/h4>\n<\/div>\n<\/div><\/div><\/div><\/div><div id=\"pg-4645-5\"  class=\"panel-grid panel-no-style\" ><div id=\"pgc-4645-5-0\"  class=\"panel-grid-cell\" ><div id=\"panel-4645-5-0-0\" class=\"so-panel widget widget_sow-headline panel-first-child panel-last-child\" data-index=\"9\" ><div\n\t\t\t\n\t\t\tclass=\"so-widget-sow-headline so-widget-sow-headline-default-ea0af4cf39ae-4645\"\n\t\t\t\n\t\t><div class=\"sow-headline-container\">\n\t\t\t\t\t\t\t<h1 class=\"sow-headline\">\n\t\t\t\t\t\tThe Mathilde M project\t\t\t\t\t\t<\/h1>\n\t\t\t\t\t\t\t\t\t\t\t<div class=\"decoration\">\n\t\t\t\t\t\t<div class=\"decoration-inside\"><\/div>\n\t\t\t\t\t<\/div>\n\t\t\t\t\t<\/div>\n<\/div><\/div><\/div><\/div><div id=\"pg-4645-6\"  class=\"panel-grid panel-no-style\" ><div id=\"pgc-4645-6-0\"  class=\"panel-grid-cell\" ><div id=\"panel-4645-6-0-0\" class=\"so-panel widget widget_sow-editor panel-first-child panel-last-child\" data-index=\"10\" ><div\n\t\t\t\n\t\t\tclass=\"so-widget-sow-editor so-widget-sow-editor-base\"\n\t\t\t\n\t\t>\n<div class=\"siteorigin-widget-tinymce textwidget\">\n\t<h3 style=\"text-align: center;\"><strong>Context and objectives <\/strong><\/h3>\n<p class=\"translation-block\"><a href=\"https:\/\/home.diakse.com\/en\/solutions\/\" target=\"_self\">Diakse's solution<\/a>  allows you to contextualize your showroom while giving your customers and prospects an immersive digital experience. Make them want to discover your products and find out more about them through our virtual showrooms. Mathilde M understands this, and this is already the third season in which we've presented this collection in a virtual showroom.<\/p>\n<\/div>\n<\/div><\/div><\/div><div id=\"pgc-4645-6-1\"  class=\"panel-grid-cell\" ><div id=\"panel-4645-6-1-0\" class=\"so-panel widget widget_sow-editor panel-first-child panel-last-child\" data-index=\"11\" ><div\n\t\t\t\n\t\t\tclass=\"so-widget-sow-editor so-widget-sow-editor-base\"\n\t\t\t\n\t\t>\n<div class=\"siteorigin-widget-tinymce textwidget\">\n\t<h3 style=\"text-align: center;\"><strong>Realization <\/strong><\/h3>\n<p>Racking functionalities linked to your ERP ideally complement the showroom, enabling them to generate quotes and orders directly, or manage replenishment in boutiques and stores. This new technology, which has been adopted by some of the world's biggest brands, also enables you to standardize your merchandising and ensure that your network of stores complies with your recommendations for merchandising.<\/p>\n<p class=\"translation-block\"><strong>No need to travel abroad<\/strong>: your virtual showroom, which is now accessible via the Internet using a secure login and password, can also be used to <strong>prospect by videoconference<\/strong> and invite your customers directly into your showroom.<\/p>\n<p>&nbsp;<\/p>\n<\/div>\n<\/div><\/div><\/div><div id=\"pgc-4645-6-2\"  class=\"panel-grid-cell\" ><div id=\"panel-4645-6-2-0\" class=\"so-panel widget widget_sow-editor panel-first-child panel-last-child\" data-index=\"12\" ><div\n\t\t\t\n\t\t\tclass=\"so-widget-sow-editor so-widget-sow-editor-base\"\n\t\t\t\n\t\t>\n<div class=\"siteorigin-widget-tinymce textwidget\">\n\t<h3 style=\"text-align: center;\"><strong>Results <\/strong><\/h3>\n<p style=\"text-align: center;\">3D visualisation of contextualised products.<\/p>\n<p style=\"text-align: center;\">A reinvented, original and differentiating purchase experience,<\/p>\n<\/div>\n<\/div><\/div><\/div><\/div><div id=\"pg-4645-7\"  class=\"panel-grid panel-no-style\" ><div id=\"pgc-4645-7-0\"  class=\"panel-grid-cell panel-grid-cell-empty\" ><\/div><div id=\"pgc-4645-7-1\"  class=\"panel-grid-cell panel-grid-cell-mobile-last\" ><div id=\"panel-4645-7-1-0\" class=\"so-panel widget widget_sow-button panel-first-child panel-last-child\" data-index=\"13\" ><div\n\t\t\t\n\t\t\tclass=\"so-widget-sow-button so-widget-sow-button-atom-ddfc18db71d7-4645\"\n\t\t\t\n\t\t><div class=\"ow-button-base ow-button-align-center\"\n>\n\t\t\t<a\n\t\t\t\t\thref=\"https:\/\/home.diakse.com\/en\/contact\/\"\n\t\t\t\t\tclass=\"sowb-button ow-icon-placement-left ow-button-hover\" \t>\n\t\t<span>\n\t\t\t\n\t\t\t<div id=\"undevis\">GET A QUOTE<\/div>\t\t<\/span>\n\t\t\t<\/a>\n\t<\/div>\n<\/div><\/div><\/div><div id=\"pgc-4645-7-2\"  class=\"panel-grid-cell panel-grid-cell-empty\" ><\/div><\/div><div id=\"pg-4645-8\"  class=\"panel-grid panel-no-style\" ><div id=\"pgc-4645-8-0\"  class=\"panel-grid-cell panel-grid-cell-empty\" ><\/div><div id=\"pgc-4645-8-1\"  class=\"panel-grid-cell panel-grid-cell-empty panel-grid-cell-mobile-last\" ><\/div><div id=\"pgc-4645-8-2\"  class=\"panel-grid-cell panel-grid-cell-empty\" ><\/div><\/div><\/div>","protected":false},"excerpt":{"rendered":"<p>Mathilde M : Les showrooms virtuels BtoB et BtoC sous un m\u00eame toit Donner l\u2019outil ultime de prospection \u00e0 l\u2019international pour vos agents et commerciaux de terrain\u00a0: le showroom virtuel. Fini les catalogues papier et autre IPad r\u00e9barbatifs pour vos commandes. Nos logiciels permettent de doter votre flotte de commerciaux d\u2019un outil moderne pour les <a href=\"https:\/\/home.diakse.com\/en\/cas-client-mathilde-m\" rel=\"nofollow\"><span class=\"sr-only\">Read more about Mathilde M : Les showrooms virtuels BtoB et BtoC sous un m\u00eame toit<\/span>[&hellip;]<\/a><\/p>\n","protected":false},"author":1,"featured_media":0,"parent":0,"menu_order":0,"comment_status":"closed","ping_status":"closed","template":"template-fullwidth-no-title.php","meta":{"_exactmetrics_skip_tracking":false,"_exactmetrics_sitenote_active":false,"_exactmetrics_sitenote_note":"","_exactmetrics_sitenote_category":0,"footnotes":""},"class_list":["post-4645","page","type-page","status-publish","hentry"],"yoast_head":"<!-- This site is optimized with the Yoast SEO plugin v27.3 - https:\/\/yoast.com\/product\/yoast-seo-wordpress\/ -->\n<title>Mathilde M : Les showrooms virtuels BtoB et BtoC sous un m\u00eame toit<\/title>\n<meta name=\"description\" content=\"Comment Mathilde M propose \u00e0 ses clients une exp\u00e9rience de shopping immersive. Ainsi qu&#039;\u00e0 ses prospects avec un syst\u00e8me de visio.\" \/>\n<meta name=\"robots\" content=\"index, follow, max-snippet:-1, max-image-preview:large, max-video-preview:-1\" \/>\n<link rel=\"canonical\" href=\"https:\/\/home.diakse.com\/en\/cas-client-mathilde-m\/\" \/>\n<meta property=\"og:locale\" content=\"en_GB\" \/>\n<meta property=\"og:type\" content=\"article\" \/>\n<meta property=\"og:title\" content=\"Mathilde M : Les showrooms virtuels BtoB et BtoC sous un m\u00eame toit\" \/>\n<meta property=\"og:description\" content=\"Comment Mathilde M propose \u00e0 ses clients une exp\u00e9rience de shopping immersive. Ainsi qu&#039;\u00e0 ses prospects avec un syst\u00e8me de visio.\" \/>\n<meta property=\"og:url\" content=\"https:\/\/home.diakse.com\/en\/cas-client-mathilde-m\/\" \/>\n<meta property=\"og:site_name\" content=\"Diakse\" \/>\n<meta property=\"article:publisher\" content=\"https:\/\/www.facebook.com\/diakse\" \/>\n<meta property=\"article:modified_time\" content=\"2022-10-25T20:57:59+00:00\" \/>\n<meta name=\"twitter:card\" content=\"summary_large_image\" \/>\n<meta name=\"twitter:site\" content=\"@Diakse_France\" \/>\n<meta name=\"twitter:label1\" content=\"Estimated reading time\" \/>\n\t<meta name=\"twitter:data1\" content=\"2 minutes\" \/>\n<script type=\"application\/ld+json\" class=\"yoast-schema-graph\">{\"@context\":\"https:\\\/\\\/schema.org\",\"@graph\":[{\"@type\":\"WebPage\",\"@id\":\"https:\\\/\\\/home.diakse.com\\\/cas-client-mathilde-m\",\"url\":\"https:\\\/\\\/home.diakse.com\\\/cas-client-mathilde-m\",\"name\":\"Mathilde M : Les showrooms virtuels BtoB et BtoC sous un m\u00eame toit\",\"isPartOf\":{\"@id\":\"https:\\\/\\\/home.diakse.com\\\/fr_fr\\\/#website\"},\"datePublished\":\"2022-03-16T16:07:18+00:00\",\"dateModified\":\"2022-10-25T20:57:59+00:00\",\"description\":\"Comment Mathilde M propose \u00e0 ses clients une exp\u00e9rience de shopping immersive. Ainsi qu'\u00e0 ses prospects avec un syst\u00e8me de visio.\",\"breadcrumb\":{\"@id\":\"https:\\\/\\\/home.diakse.com\\\/cas-client-mathilde-m#breadcrumb\"},\"inLanguage\":\"en-GB\",\"potentialAction\":[{\"@type\":\"ReadAction\",\"target\":[\"https:\\\/\\\/home.diakse.com\\\/cas-client-mathilde-m\"]}]},{\"@type\":\"BreadcrumbList\",\"@id\":\"https:\\\/\\\/home.diakse.com\\\/cas-client-mathilde-m#breadcrumb\",\"itemListElement\":[{\"@type\":\"ListItem\",\"position\":1,\"name\":\"Accueil\",\"item\":\"https:\\\/\\\/home.diakse.com\\\/fr_fr\\\/\"},{\"@type\":\"ListItem\",\"position\":2,\"name\":\"Mathilde M : Les showrooms virtuels BtoB et BtoC sous un m\u00eame toit\"}]},{\"@type\":\"WebSite\",\"@id\":\"https:\\\/\\\/home.diakse.com\\\/fr_fr\\\/#website\",\"url\":\"https:\\\/\\\/home.diakse.com\\\/fr_fr\\\/\",\"name\":\"Diakse\",\"description\":\"Virtual Shops - La solution de cr\u00e9ation de boutiques virtuelles\",\"publisher\":{\"@id\":\"https:\\\/\\\/home.diakse.com\\\/fr_fr\\\/#organization\"},\"potentialAction\":[{\"@type\":\"SearchAction\",\"target\":{\"@type\":\"EntryPoint\",\"urlTemplate\":\"https:\\\/\\\/home.diakse.com\\\/fr_fr\\\/?s={search_term_string}\"},\"query-input\":{\"@type\":\"PropertyValueSpecification\",\"valueRequired\":true,\"valueName\":\"search_term_string\"}}],\"inLanguage\":\"en-GB\"},{\"@type\":\"Organization\",\"@id\":\"https:\\\/\\\/home.diakse.com\\\/fr_fr\\\/#organization\",\"name\":\"Diakse\",\"url\":\"https:\\\/\\\/home.diakse.com\\\/fr_fr\\\/\",\"logo\":{\"@type\":\"ImageObject\",\"inLanguage\":\"en-GB\",\"@id\":\"https:\\\/\\\/home.diakse.com\\\/fr_fr\\\/#\\\/schema\\\/logo\\\/image\\\/\",\"url\":\"https:\\\/\\\/home.diakse.com\\\/wp-content\\\/uploads\\\/2018\\\/01\\\/Diakse-V-business-3.0-Blanc.jpg\",\"contentUrl\":\"https:\\\/\\\/home.diakse.com\\\/wp-content\\\/uploads\\\/2018\\\/01\\\/Diakse-V-business-3.0-Blanc.jpg\",\"width\":1000,\"height\":440,\"caption\":\"Diakse\"},\"image\":{\"@id\":\"https:\\\/\\\/home.diakse.com\\\/fr_fr\\\/#\\\/schema\\\/logo\\\/image\\\/\"},\"sameAs\":[\"https:\\\/\\\/www.facebook.com\\\/diakse\",\"https:\\\/\\\/x.com\\\/Diakse_France\",\"https:\\\/\\\/www.instagram.com\\\/diakse.france\\\/\",\"https:\\\/\\\/www.linkedin.com\\\/company\\\/diakse\",\"https:\\\/\\\/www.youtube.com\\\/channel\\\/UCbymWs9j6MjXmcYDcU-LVJA\"]}]}<\/script>\n<!-- \/ Yoast SEO plugin. -->","yoast_head_json":{"title":"Mathilde M : The BtoB and BtoC virtual showrooms under one roof","description":"Comment Mathilde M propose \u00e0 ses clients une exp\u00e9rience de shopping immersive. Ainsi qu'\u00e0 ses prospects avec un syst\u00e8me de visio.","robots":{"index":"index","follow":"follow","max-snippet":"max-snippet:-1","max-image-preview":"max-image-preview:large","max-video-preview":"max-video-preview:-1"},"canonical":"https:\/\/home.diakse.com\/en\/cas-client-mathilde-m\/","og_locale":"en_GB","og_type":"article","og_title":"Mathilde M : Les showrooms virtuels BtoB et BtoC sous un m\u00eame toit","og_description":"Comment Mathilde M propose \u00e0 ses clients une exp\u00e9rience de shopping immersive. Ainsi qu'\u00e0 ses prospects avec un syst\u00e8me de visio.","og_url":"https:\/\/home.diakse.com\/en\/cas-client-mathilde-m\/","og_site_name":"Diakse","article_publisher":"https:\/\/www.facebook.com\/diakse","article_modified_time":"2022-10-25T20:57:59+00:00","twitter_card":"summary_large_image","twitter_site":"@Diakse_France","twitter_misc":{"Estimated reading time":"2 minutes"},"schema":{"@context":"https:\/\/schema.org","@graph":[{"@type":"WebPage","@id":"https:\/\/home.diakse.com\/cas-client-mathilde-m","url":"https:\/\/home.diakse.com\/cas-client-mathilde-m","name":"Mathilde M : The BtoB and BtoC virtual showrooms under one roof","isPartOf":{"@id":"https:\/\/home.diakse.com\/fr_fr\/#website"},"datePublished":"2022-03-16T16:07:18+00:00","dateModified":"2022-10-25T20:57:59+00:00","description":"Comment Mathilde M propose \u00e0 ses clients une exp\u00e9rience de shopping immersive. Ainsi qu'\u00e0 ses prospects avec un syst\u00e8me de visio.","breadcrumb":{"@id":"https:\/\/home.diakse.com\/cas-client-mathilde-m#breadcrumb"},"inLanguage":"en-GB","potentialAction":[{"@type":"ReadAction","target":["https:\/\/home.diakse.com\/cas-client-mathilde-m"]}]},{"@type":"BreadcrumbList","@id":"https:\/\/home.diakse.com\/cas-client-mathilde-m#breadcrumb","itemListElement":[{"@type":"ListItem","position":1,"name":"Accueil","item":"https:\/\/home.diakse.com\/fr_fr\/"},{"@type":"ListItem","position":2,"name":"Mathilde M : Les showrooms virtuels BtoB et BtoC sous un m\u00eame toit"}]},{"@type":"WebSite","@id":"https:\/\/home.diakse.com\/fr_fr\/#website","url":"https:\/\/home.diakse.com\/fr_fr\/","name":"Diakse","description":"Virtual Shops - La solution de cr\u00e9ation de boutiques virtuelles","publisher":{"@id":"https:\/\/home.diakse.com\/fr_fr\/#organization"},"potentialAction":[{"@type":"SearchAction","target":{"@type":"EntryPoint","urlTemplate":"https:\/\/home.diakse.com\/fr_fr\/?s={search_term_string}"},"query-input":{"@type":"PropertyValueSpecification","valueRequired":true,"valueName":"search_term_string"}}],"inLanguage":"en-GB"},{"@type":"Organization","@id":"https:\/\/home.diakse.com\/fr_fr\/#organization","name":"Diakse","url":"https:\/\/home.diakse.com\/fr_fr\/","logo":{"@type":"ImageObject","inLanguage":"en-GB","@id":"https:\/\/home.diakse.com\/fr_fr\/#\/schema\/logo\/image\/","url":"https:\/\/home.diakse.com\/wp-content\/uploads\/2018\/01\/Diakse-V-business-3.0-Blanc.jpg","contentUrl":"https:\/\/home.diakse.com\/wp-content\/uploads\/2018\/01\/Diakse-V-business-3.0-Blanc.jpg","width":1000,"height":440,"caption":"Diakse"},"image":{"@id":"https:\/\/home.diakse.com\/fr_fr\/#\/schema\/logo\/image\/"},"sameAs":["https:\/\/www.facebook.com\/diakse","https:\/\/x.com\/Diakse_France","https:\/\/www.instagram.com\/diakse.france\/","https:\/\/www.linkedin.com\/company\/diakse","https:\/\/www.youtube.com\/channel\/UCbymWs9j6MjXmcYDcU-LVJA"]}]}},"_links":{"self":[{"href":"https:\/\/home.diakse.com\/en\/wp-json\/wp\/v2\/pages\/4645","targetHints":{"allow":["GET"]}}],"collection":[{"href":"https:\/\/home.diakse.com\/en\/wp-json\/wp\/v2\/pages"}],"about":[{"href":"https:\/\/home.diakse.com\/en\/wp-json\/wp\/v2\/types\/page"}],"author":[{"embeddable":true,"href":"https:\/\/home.diakse.com\/en\/wp-json\/wp\/v2\/users\/1"}],"replies":[{"embeddable":true,"href":"https:\/\/home.diakse.com\/en\/wp-json\/wp\/v2\/comments?post=4645"}],"version-history":[{"count":23,"href":"https:\/\/home.diakse.com\/en\/wp-json\/wp\/v2\/pages\/4645\/revisions"}],"predecessor-version":[{"id":5290,"href":"https:\/\/home.diakse.com\/en\/wp-json\/wp\/v2\/pages\/4645\/revisions\/5290"}],"wp:attachment":[{"href":"https:\/\/home.diakse.com\/en\/wp-json\/wp\/v2\/media?parent=4645"}],"curies":[{"name":"wp","href":"https:\/\/api.w.org\/{rel}","templated":true}]}}