{"id":4667,"date":"2022-03-23T15:20:43","date_gmt":"2022-03-23T15:20:43","guid":{"rendered":"https:\/\/home.diakse.com\/?page_id=4667"},"modified":"2022-10-25T21:03:48","modified_gmt":"2022-10-25T21:03:48","slug":"cas-client-d4pack","status":"publish","type":"page","link":"https:\/\/home.diakse.com\/en\/cas-client-d4pack","title":{"rendered":"D4PACK : Virtual showroom: a powerful tool in a niche market"},"content":{"rendered":"<div id=\"pl-4667\"  class=\"panel-layout\" ><div id=\"pg-4667-0\"  class=\"panel-grid panel-no-style\" ><div id=\"pgc-4667-0-0\"  class=\"panel-grid-cell\" ><div id=\"panel-4667-0-0-0\" class=\"so-panel widget widget_sow-image panel-first-child panel-last-child\" data-index=\"0\" ><div\n\t\t\t\n\t\t\tclass=\"so-widget-sow-image so-widget-sow-image-default-a258e6bfa2d8-4667\"\n\t\t\t\n\t\t>\n<div class=\"sow-image-container\">\n\t\t\t<a href=\"https:\/\/www.youtube.com\/watch?v=36CMVq1hypU\"\n\t\t\ttarget=\"_blank\" rel=\"noopener noreferrer\" \t\t>\n\t\t\t<img fetchpriority=\"high\" \n\tsrc=\"https:\/\/home.diakse.com\/wp-content\/uploads\/2022\/03\/image-article-D4PACK.jpg\" width=\"1280\" height=\"720\" srcset=\"https:\/\/home.diakse.com\/wp-content\/uploads\/2022\/03\/image-article-D4PACK.jpg 1280w, https:\/\/home.diakse.com\/wp-content\/uploads\/2022\/03\/image-article-D4PACK-300x169.jpg 300w, https:\/\/home.diakse.com\/wp-content\/uploads\/2022\/03\/image-article-D4PACK-1024x576.jpg 1024w, https:\/\/home.diakse.com\/wp-content\/uploads\/2022\/03\/image-article-D4PACK-768x432.jpg 768w, https:\/\/home.diakse.com\/wp-content\/uploads\/2022\/03\/image-article-D4PACK-18x10.jpg 18w\" sizes=\"(max-width: 1280px) 100vw, 1280px\" title=\"D4PACK\" alt=\"D4PACK\" \t\tclass=\"so-widget-image\"\/>\n\t\t\t<\/a><\/div>\n\n<\/div><\/div><\/div><\/div><div id=\"pg-4667-1\"  class=\"panel-grid panel-no-style\" ><div id=\"pgc-4667-1-0\"  class=\"panel-grid-cell\" ><div id=\"panel-4667-1-0-0\" class=\"so-panel widget widget_sow-headline panel-first-child panel-last-child\" data-index=\"1\" ><div\n\t\t\t\n\t\t\tclass=\"so-widget-sow-headline so-widget-sow-headline-default-ea0af4cf39ae-4667\"\n\t\t\t\n\t\t><div class=\"sow-headline-container\">\n\t\t\t\t\t\t\t<h1 class=\"sow-headline\">\n\t\t\t\t\t\tD4PACK : Virtual showroom: a powerful tool in a niche market\t\t\t\t\t\t<\/h1>\n\t\t\t\t\t\t\t\t\t\t\t<div class=\"decoration\">\n\t\t\t\t\t\t<div class=\"decoration-inside\"><\/div>\n\t\t\t\t\t<\/div>\n\t\t\t\t\t<\/div>\n<\/div><\/div><\/div><\/div><div id=\"pg-4667-2\"  class=\"panel-grid panel-no-style\" ><div id=\"pgc-4667-2-0\"  class=\"panel-grid-cell\" ><div id=\"panel-4667-2-0-0\" class=\"so-panel widget widget_sow-editor panel-first-child panel-last-child\" data-index=\"2\" ><div\n\t\t\t\n\t\t\tclass=\"so-widget-sow-editor so-widget-sow-editor-base\"\n\t\t\t\n\t\t>\n<div class=\"siteorigin-widget-tinymce textwidget\">\n\t<h3 style=\"text-align: center;\"><em>Equip yourself with a powerful tool for a niche market : The virtual showroom<\/em><\/h3>\n<\/div>\n<\/div><\/div><\/div><\/div><div id=\"pg-4667-3\"  class=\"panel-grid panel-no-style\" ><div id=\"pgc-4667-3-0\"  class=\"panel-grid-cell\" ><div id=\"panel-4667-3-0-0\" class=\"so-panel widget widget_sow-image panel-first-child panel-last-child\" data-index=\"3\" ><div\n\t\t\t\n\t\t\tclass=\"so-widget-sow-image so-widget-sow-image-default-c67d20f9f743-4667\"\n\t\t\t\n\t\t>\n<div class=\"sow-image-container\">\n\t\t<img \n\tsrc=\"https:\/\/home.diakse.com\/wp-content\/uploads\/2022\/03\/Capture-decran-153-1024x576.png\" width=\"640\" height=\"360\" srcset=\"https:\/\/home.diakse.com\/wp-content\/uploads\/2022\/03\/Capture-decran-153-1024x576.png 1024w, https:\/\/home.diakse.com\/wp-content\/uploads\/2022\/03\/Capture-decran-153-300x169.png 300w, https:\/\/home.diakse.com\/wp-content\/uploads\/2022\/03\/Capture-decran-153-768x432.png 768w, https:\/\/home.diakse.com\/wp-content\/uploads\/2022\/03\/Capture-decran-153-18x10.png 18w, https:\/\/home.diakse.com\/wp-content\/uploads\/2022\/03\/Capture-decran-153.png 1366w\" sizes=\"(max-width: 640px) 100vw, 640px\" title=\"D4PACK\" alt=\"D4PACK\" \t\tclass=\"so-widget-image\"\/>\n\t<\/div>\n\n<\/div><\/div><\/div><div id=\"pgc-4667-3-1\"  class=\"panel-grid-cell\" ><div id=\"panel-4667-3-1-0\" class=\"so-panel widget widget_sow-image panel-first-child\" data-index=\"4\" ><div\n\t\t\t\n\t\t\tclass=\"so-widget-sow-image so-widget-sow-image-default-c67d20f9f743-4667\"\n\t\t\t\n\t\t>\n<div class=\"sow-image-container\">\n\t\t<img \n\tsrc=\"https:\/\/home.diakse.com\/wp-content\/uploads\/2022\/03\/Capture-decran-155-300x169.png\" width=\"300\" height=\"169\" srcset=\"https:\/\/home.diakse.com\/wp-content\/uploads\/2022\/03\/Capture-decran-155-300x169.png 300w, https:\/\/home.diakse.com\/wp-content\/uploads\/2022\/03\/Capture-decran-155-1024x576.png 1024w, https:\/\/home.diakse.com\/wp-content\/uploads\/2022\/03\/Capture-decran-155-768x432.png 768w, https:\/\/home.diakse.com\/wp-content\/uploads\/2022\/03\/Capture-decran-155-18x10.png 18w, https:\/\/home.diakse.com\/wp-content\/uploads\/2022\/03\/Capture-decran-155.png 1366w\" sizes=\"(max-width: 300px) 100vw, 300px\" title=\"D4PACK\" alt=\"D4PACK\" \t\tclass=\"so-widget-image\"\/>\n\t<\/div>\n\n<\/div><\/div><div id=\"panel-4667-3-1-1\" class=\"so-panel widget widget_sow-editor panel-last-child\" data-index=\"5\" ><div\n\t\t\t\n\t\t\tclass=\"so-widget-sow-editor so-widget-sow-editor-base\"\n\t\t\t\n\t\t>\n<div class=\"siteorigin-widget-tinymce textwidget\">\n\t<h5 style=\"text-align: left;\">D4PACK, the leader in screen printing on glass bottles and cans showcase their expertise in a virtual showroom.<\/h5>\n<\/div>\n<\/div><\/div><\/div><\/div><div id=\"pg-4667-4\"  class=\"panel-grid panel-no-style\" ><div id=\"pgc-4667-4-0\"  class=\"panel-grid-cell\" ><div id=\"panel-4667-4-0-0\" class=\"so-panel widget widget_sow-editor panel-first-child panel-last-child\" data-index=\"6\" ><div\n\t\t\t\n\t\t\tclass=\"so-widget-sow-editor so-widget-sow-editor-base\"\n\t\t\t\n\t\t>\n<div class=\"siteorigin-widget-tinymce textwidget\">\n\t<h1 style=\"text-align: center;\">100%<\/h1>\n<h4 style=\"text-align: center;\">of differentiation<\/h4>\n<\/div>\n<\/div><\/div><\/div><div id=\"pgc-4667-4-1\"  class=\"panel-grid-cell\" ><div id=\"panel-4667-4-1-0\" class=\"so-panel widget widget_sow-editor panel-first-child panel-last-child\" data-index=\"7\" ><div\n\t\t\t\n\t\t\tclass=\"so-widget-sow-editor so-widget-sow-editor-base\"\n\t\t\t\n\t\t>\n<div class=\"siteorigin-widget-tinymce textwidget\">\n\t<h1 style=\"text-align: center;\">2x<\/h1>\n<h4 style=\"text-align: center;\">more interactions than on a 2D web site<\/h4>\n<\/div>\n<\/div><\/div><\/div><div id=\"pgc-4667-4-2\"  class=\"panel-grid-cell\" ><div id=\"panel-4667-4-2-0\" class=\"so-panel widget widget_sow-editor panel-first-child panel-last-child\" data-index=\"8\" ><div\n\t\t\t\n\t\t\tclass=\"so-widget-sow-editor so-widget-sow-editor-base\"\n\t\t\t\n\t\t>\n<div class=\"siteorigin-widget-tinymce textwidget\">\n\t<h1 style=\"text-align: center;\">&gt;50<\/h1>\n<h4 style=\"text-align: center;\">products displayed in the virtual showroom<\/h4>\n<\/div>\n<\/div><\/div><\/div><\/div><div id=\"pg-4667-5\"  class=\"panel-grid panel-no-style\" ><div id=\"pgc-4667-5-0\"  class=\"panel-grid-cell\" ><div id=\"panel-4667-5-0-0\" class=\"so-panel widget widget_sow-headline panel-first-child panel-last-child\" data-index=\"9\" ><div\n\t\t\t\n\t\t\tclass=\"so-widget-sow-headline so-widget-sow-headline-default-ea0af4cf39ae-4667\"\n\t\t\t\n\t\t><div class=\"sow-headline-container\">\n\t\t\t\t\t\t\t<h1 class=\"sow-headline\">\n\t\t\t\t\t\tThe D4PACK project\t\t\t\t\t\t<\/h1>\n\t\t\t\t\t\t\t\t\t\t\t<div class=\"decoration\">\n\t\t\t\t\t\t<div class=\"decoration-inside\"><\/div>\n\t\t\t\t\t<\/div>\n\t\t\t\t\t<\/div>\n<\/div><\/div><\/div><\/div><div id=\"pg-4667-6\"  class=\"panel-grid panel-no-style\" ><div id=\"pgc-4667-6-0\"  class=\"panel-grid-cell\" ><div id=\"panel-4667-6-0-0\" class=\"so-panel widget widget_sow-editor panel-first-child panel-last-child\" data-index=\"10\" ><div\n\t\t\t\n\t\t\tclass=\"so-widget-sow-editor so-widget-sow-editor-base\"\n\t\t\t\n\t\t>\n<div class=\"siteorigin-widget-tinymce textwidget\">\n\t<h3 style=\"text-align: center;\"><strong>Context and objectives <\/strong><\/h3>\n<p class=\"translation-block\">L\u2019enjeu \u00e9tait de montrer le savoir-faire et les diff\u00e9rents types de s\u00e9rigraphie sur des canettes. <a href=\"https:\/\/home.diakse.com\/en\/solutions\/\" target=\"_self\">La solution de DIAKSE<\/a>&nbsp;: le showroom virtuel, il permet de contextualiser les produits et d\u2019avoir des informations d\u00e9taill\u00e9es sur les diff\u00e9rents types de s\u00e9rigraphie.<br>\r\nDans un march\u00e9 de niche, les petites structures comme celle-ci ont maintenant la possibilit\u00e9 d\u2019atteindre leurs cibles \u00e0 l\u2019international gr\u00e2ce \u00e0 cet outil.<\/p>\n<\/div>\n<\/div><\/div><\/div><div id=\"pgc-4667-6-1\"  class=\"panel-grid-cell\" ><div id=\"panel-4667-6-1-0\" class=\"so-panel widget widget_sow-editor panel-first-child panel-last-child\" data-index=\"11\" ><div\n\t\t\t\n\t\t\tclass=\"so-widget-sow-editor so-widget-sow-editor-base\"\n\t\t\t\n\t\t>\n<div class=\"siteorigin-widget-tinymce textwidget\">\n\t<h3 style=\"text-align: center;\"><strong>Realization <\/strong><\/h3>\n<p class=\"translation-block\">This <a href=\"https:\/\/home.diakse.com\/en\/solutions\/\" target=\"_self\">virtual showroom<\/a> has been created in the image of a brewery, with the aim of contextualizing the cans. Customized product sheets are associated with the cans, with detailed descriptions of the type of printing and a contact button.<\/p>\n<p>&nbsp;<\/p>\n<\/div>\n<\/div><\/div><\/div><div id=\"pgc-4667-6-2\"  class=\"panel-grid-cell\" ><div id=\"panel-4667-6-2-0\" class=\"so-panel widget widget_sow-editor panel-first-child panel-last-child\" data-index=\"12\" ><div\n\t\t\t\n\t\t\tclass=\"so-widget-sow-editor so-widget-sow-editor-base\"\n\t\t\t\n\t\t>\n<div class=\"siteorigin-widget-tinymce textwidget\">\n\t<h3 style=\"text-align: center;\"><strong>Results <\/strong><\/h3>\n<p style=\"text-align: center;\">An ultra realistic experience with visualisation of contextualised products.<\/p>\n<\/div>\n<\/div><\/div><\/div><\/div><div id=\"pg-4667-7\"  class=\"panel-grid panel-no-style\" ><div id=\"pgc-4667-7-0\"  class=\"panel-grid-cell panel-grid-cell-empty\" ><\/div><div id=\"pgc-4667-7-1\"  class=\"panel-grid-cell panel-grid-cell-mobile-last\" ><div id=\"panel-4667-7-1-0\" class=\"so-panel widget widget_sow-button panel-first-child panel-last-child\" data-index=\"13\" ><div\n\t\t\t\n\t\t\tclass=\"so-widget-sow-button so-widget-sow-button-atom-ddfc18db71d7-4667\"\n\t\t\t\n\t\t><div class=\"ow-button-base ow-button-align-center\"\n>\n\t\t\t<a\n\t\t\t\t\thref=\"https:\/\/home.diakse.com\/en\/contact\/\"\n\t\t\t\t\tclass=\"sowb-button ow-icon-placement-left ow-button-hover\" \t>\n\t\t<span>\n\t\t\t\n\t\t\t<div id=\"undevis\">GET A QUOTE<\/div>\t\t<\/span>\n\t\t\t<\/a>\n\t<\/div>\n<\/div><\/div><\/div><div id=\"pgc-4667-7-2\"  class=\"panel-grid-cell panel-grid-cell-empty\" ><\/div><\/div><div id=\"pg-4667-8\"  class=\"panel-grid panel-no-style\" ><div id=\"pgc-4667-8-0\"  class=\"panel-grid-cell panel-grid-cell-empty\" ><\/div><div id=\"pgc-4667-8-1\"  class=\"panel-grid-cell panel-grid-cell-empty panel-grid-cell-mobile-last\" ><\/div><div id=\"pgc-4667-8-2\"  class=\"panel-grid-cell panel-grid-cell-empty\" ><\/div><\/div><\/div>","protected":false},"excerpt":{"rendered":"<p>D4PACK : Showroom virtuel : outil puissant dans un march\u00e9 de niche Dotez-vous d\u2019un outil puissant pour un march\u00e9 de niche\u00a0: le showroom virtuel D4PACK, le chef de file de la s\u00e9rigraphie sur bouteilles de verre et canettes montre son savoir-faire dans un showroom virtuel. 100% de diff\u00e9renciation 2x plus d&rsquo;interactions qu&rsquo;un site web 2D <a href=\"https:\/\/home.diakse.com\/en\/cas-client-d4pack\" rel=\"nofollow\"><span class=\"sr-only\">Read more about D4PACK : Showroom virtuel : outil puissant dans un march\u00e9 de niche<\/span>[&hellip;]<\/a><\/p>\n","protected":false},"author":1,"featured_media":0,"parent":0,"menu_order":0,"comment_status":"closed","ping_status":"closed","template":"template-fullwidth-no-title.php","meta":{"_exactmetrics_skip_tracking":false,"_exactmetrics_sitenote_active":false,"_exactmetrics_sitenote_note":"","_exactmetrics_sitenote_category":0,"footnotes":""},"class_list":["post-4667","page","type-page","status-publish","hentry"],"yoast_head":"<!-- This site is optimized with the Yoast SEO plugin v27.3 - https:\/\/yoast.com\/product\/yoast-seo-wordpress\/ -->\n<title>D4PACK : Showroom virtuel : outil puissant dans un march\u00e9 de niche<\/title>\n<meta name=\"description\" content=\"Comment D4PACK fait d\u00e9couvrir l&#039;art de la s\u00e9rigraphie dans un showroom virtuel \u00e0 l&#039;image d&#039;une microbrasserie.\" \/>\n<meta name=\"robots\" content=\"index, follow, max-snippet:-1, max-image-preview:large, max-video-preview:-1\" \/>\n<link rel=\"canonical\" href=\"https:\/\/home.diakse.com\/en\/cas-client-d4pack\/\" \/>\n<meta property=\"og:locale\" content=\"en_GB\" \/>\n<meta property=\"og:type\" content=\"article\" \/>\n<meta property=\"og:title\" content=\"D4PACK : Showroom virtuel : outil puissant dans un march\u00e9 de niche\" \/>\n<meta property=\"og:description\" content=\"Comment D4PACK fait d\u00e9couvrir l&#039;art de la s\u00e9rigraphie dans un showroom virtuel \u00e0 l&#039;image d&#039;une microbrasserie.\" \/>\n<meta property=\"og:url\" content=\"https:\/\/home.diakse.com\/en\/cas-client-d4pack\/\" \/>\n<meta property=\"og:site_name\" content=\"Diakse\" \/>\n<meta property=\"article:publisher\" content=\"https:\/\/www.facebook.com\/diakse\" \/>\n<meta property=\"article:modified_time\" content=\"2022-10-25T21:03:48+00:00\" \/>\n<meta name=\"twitter:card\" content=\"summary_large_image\" \/>\n<meta name=\"twitter:site\" content=\"@Diakse_France\" \/>\n<meta name=\"twitter:label1\" content=\"Estimated reading time\" \/>\n\t<meta name=\"twitter:data1\" content=\"1 minute\" \/>\n<script type=\"application\/ld+json\" class=\"yoast-schema-graph\">{\"@context\":\"https:\\\/\\\/schema.org\",\"@graph\":[{\"@type\":\"WebPage\",\"@id\":\"https:\\\/\\\/home.diakse.com\\\/cas-client-d4pack\",\"url\":\"https:\\\/\\\/home.diakse.com\\\/cas-client-d4pack\",\"name\":\"D4PACK : Showroom virtuel : outil puissant dans un march\u00e9 de niche\",\"isPartOf\":{\"@id\":\"https:\\\/\\\/home.diakse.com\\\/fr_fr\\\/#website\"},\"datePublished\":\"2022-03-23T15:20:43+00:00\",\"dateModified\":\"2022-10-25T21:03:48+00:00\",\"description\":\"Comment D4PACK fait d\u00e9couvrir l'art de la s\u00e9rigraphie dans un showroom virtuel \u00e0 l'image d'une microbrasserie.\",\"breadcrumb\":{\"@id\":\"https:\\\/\\\/home.diakse.com\\\/cas-client-d4pack#breadcrumb\"},\"inLanguage\":\"en-GB\",\"potentialAction\":[{\"@type\":\"ReadAction\",\"target\":[\"https:\\\/\\\/home.diakse.com\\\/cas-client-d4pack\"]}]},{\"@type\":\"BreadcrumbList\",\"@id\":\"https:\\\/\\\/home.diakse.com\\\/cas-client-d4pack#breadcrumb\",\"itemListElement\":[{\"@type\":\"ListItem\",\"position\":1,\"name\":\"Accueil\",\"item\":\"https:\\\/\\\/home.diakse.com\\\/fr_fr\\\/\"},{\"@type\":\"ListItem\",\"position\":2,\"name\":\"D4PACK : Showroom virtuel : outil puissant dans un march\u00e9 de niche\"}]},{\"@type\":\"WebSite\",\"@id\":\"https:\\\/\\\/home.diakse.com\\\/fr_fr\\\/#website\",\"url\":\"https:\\\/\\\/home.diakse.com\\\/fr_fr\\\/\",\"name\":\"Diakse\",\"description\":\"Virtual Shops - La solution de cr\u00e9ation de boutiques virtuelles\",\"publisher\":{\"@id\":\"https:\\\/\\\/home.diakse.com\\\/fr_fr\\\/#organization\"},\"potentialAction\":[{\"@type\":\"SearchAction\",\"target\":{\"@type\":\"EntryPoint\",\"urlTemplate\":\"https:\\\/\\\/home.diakse.com\\\/fr_fr\\\/?s={search_term_string}\"},\"query-input\":{\"@type\":\"PropertyValueSpecification\",\"valueRequired\":true,\"valueName\":\"search_term_string\"}}],\"inLanguage\":\"en-GB\"},{\"@type\":\"Organization\",\"@id\":\"https:\\\/\\\/home.diakse.com\\\/fr_fr\\\/#organization\",\"name\":\"Diakse\",\"url\":\"https:\\\/\\\/home.diakse.com\\\/fr_fr\\\/\",\"logo\":{\"@type\":\"ImageObject\",\"inLanguage\":\"en-GB\",\"@id\":\"https:\\\/\\\/home.diakse.com\\\/fr_fr\\\/#\\\/schema\\\/logo\\\/image\\\/\",\"url\":\"https:\\\/\\\/home.diakse.com\\\/wp-content\\\/uploads\\\/2018\\\/01\\\/Diakse-V-business-3.0-Blanc.jpg\",\"contentUrl\":\"https:\\\/\\\/home.diakse.com\\\/wp-content\\\/uploads\\\/2018\\\/01\\\/Diakse-V-business-3.0-Blanc.jpg\",\"width\":1000,\"height\":440,\"caption\":\"Diakse\"},\"image\":{\"@id\":\"https:\\\/\\\/home.diakse.com\\\/fr_fr\\\/#\\\/schema\\\/logo\\\/image\\\/\"},\"sameAs\":[\"https:\\\/\\\/www.facebook.com\\\/diakse\",\"https:\\\/\\\/x.com\\\/Diakse_France\",\"https:\\\/\\\/www.instagram.com\\\/diakse.france\\\/\",\"https:\\\/\\\/www.linkedin.com\\\/company\\\/diakse\",\"https:\\\/\\\/www.youtube.com\\\/channel\\\/UCbymWs9j6MjXmcYDcU-LVJA\"]}]}<\/script>\n<!-- \/ Yoast SEO plugin. -->","yoast_head_json":{"title":"D4PACK : Virtual showroom: a powerful tool in a niche market","description":"Comment D4PACK fait d\u00e9couvrir l'art de la s\u00e9rigraphie dans un showroom virtuel \u00e0 l'image d'une microbrasserie.","robots":{"index":"index","follow":"follow","max-snippet":"max-snippet:-1","max-image-preview":"max-image-preview:large","max-video-preview":"max-video-preview:-1"},"canonical":"https:\/\/home.diakse.com\/en\/cas-client-d4pack\/","og_locale":"en_GB","og_type":"article","og_title":"D4PACK : Showroom virtuel : outil puissant dans un march\u00e9 de niche","og_description":"Comment D4PACK fait d\u00e9couvrir l'art de la s\u00e9rigraphie dans un showroom virtuel \u00e0 l'image d'une microbrasserie.","og_url":"https:\/\/home.diakse.com\/en\/cas-client-d4pack\/","og_site_name":"Diakse","article_publisher":"https:\/\/www.facebook.com\/diakse","article_modified_time":"2022-10-25T21:03:48+00:00","twitter_card":"summary_large_image","twitter_site":"@Diakse_France","twitter_misc":{"Estimated reading time":"1 minute"},"schema":{"@context":"https:\/\/schema.org","@graph":[{"@type":"WebPage","@id":"https:\/\/home.diakse.com\/cas-client-d4pack","url":"https:\/\/home.diakse.com\/cas-client-d4pack","name":"D4PACK : Virtual showroom: a powerful tool in a niche market","isPartOf":{"@id":"https:\/\/home.diakse.com\/fr_fr\/#website"},"datePublished":"2022-03-23T15:20:43+00:00","dateModified":"2022-10-25T21:03:48+00:00","description":"Comment D4PACK fait d\u00e9couvrir l'art de la s\u00e9rigraphie dans un showroom virtuel \u00e0 l'image d'une microbrasserie.","breadcrumb":{"@id":"https:\/\/home.diakse.com\/cas-client-d4pack#breadcrumb"},"inLanguage":"en-GB","potentialAction":[{"@type":"ReadAction","target":["https:\/\/home.diakse.com\/cas-client-d4pack"]}]},{"@type":"BreadcrumbList","@id":"https:\/\/home.diakse.com\/cas-client-d4pack#breadcrumb","itemListElement":[{"@type":"ListItem","position":1,"name":"Accueil","item":"https:\/\/home.diakse.com\/fr_fr\/"},{"@type":"ListItem","position":2,"name":"D4PACK : Showroom virtuel : outil puissant dans un march\u00e9 de niche"}]},{"@type":"WebSite","@id":"https:\/\/home.diakse.com\/fr_fr\/#website","url":"https:\/\/home.diakse.com\/fr_fr\/","name":"Diakse","description":"Virtual Shops - La solution de cr\u00e9ation de boutiques virtuelles","publisher":{"@id":"https:\/\/home.diakse.com\/fr_fr\/#organization"},"potentialAction":[{"@type":"SearchAction","target":{"@type":"EntryPoint","urlTemplate":"https:\/\/home.diakse.com\/fr_fr\/?s={search_term_string}"},"query-input":{"@type":"PropertyValueSpecification","valueRequired":true,"valueName":"search_term_string"}}],"inLanguage":"en-GB"},{"@type":"Organization","@id":"https:\/\/home.diakse.com\/fr_fr\/#organization","name":"Diakse","url":"https:\/\/home.diakse.com\/fr_fr\/","logo":{"@type":"ImageObject","inLanguage":"en-GB","@id":"https:\/\/home.diakse.com\/fr_fr\/#\/schema\/logo\/image\/","url":"https:\/\/home.diakse.com\/wp-content\/uploads\/2018\/01\/Diakse-V-business-3.0-Blanc.jpg","contentUrl":"https:\/\/home.diakse.com\/wp-content\/uploads\/2018\/01\/Diakse-V-business-3.0-Blanc.jpg","width":1000,"height":440,"caption":"Diakse"},"image":{"@id":"https:\/\/home.diakse.com\/fr_fr\/#\/schema\/logo\/image\/"},"sameAs":["https:\/\/www.facebook.com\/diakse","https:\/\/x.com\/Diakse_France","https:\/\/www.instagram.com\/diakse.france\/","https:\/\/www.linkedin.com\/company\/diakse","https:\/\/www.youtube.com\/channel\/UCbymWs9j6MjXmcYDcU-LVJA"]}]}},"_links":{"self":[{"href":"https:\/\/home.diakse.com\/en\/wp-json\/wp\/v2\/pages\/4667","targetHints":{"allow":["GET"]}}],"collection":[{"href":"https:\/\/home.diakse.com\/en\/wp-json\/wp\/v2\/pages"}],"about":[{"href":"https:\/\/home.diakse.com\/en\/wp-json\/wp\/v2\/types\/page"}],"author":[{"embeddable":true,"href":"https:\/\/home.diakse.com\/en\/wp-json\/wp\/v2\/users\/1"}],"replies":[{"embeddable":true,"href":"https:\/\/home.diakse.com\/en\/wp-json\/wp\/v2\/comments?post=4667"}],"version-history":[{"count":19,"href":"https:\/\/home.diakse.com\/en\/wp-json\/wp\/v2\/pages\/4667\/revisions"}],"predecessor-version":[{"id":5198,"href":"https:\/\/home.diakse.com\/en\/wp-json\/wp\/v2\/pages\/4667\/revisions\/5198"}],"wp:attachment":[{"href":"https:\/\/home.diakse.com\/en\/wp-json\/wp\/v2\/media?parent=4667"}],"curies":[{"name":"wp","href":"https:\/\/api.w.org\/{rel}","templated":true}]}}