{"id":5038,"date":"2022-05-18T13:04:24","date_gmt":"2022-05-18T13:04:24","guid":{"rendered":"https:\/\/home.diakse.com\/?page_id=5038"},"modified":"2022-10-25T20:59:19","modified_gmt":"2022-10-25T20:59:19","slug":"argellies-rp-showroom-virtuel","status":"publish","type":"page","link":"https:\/\/home.diakse.com\/en\/argellies-rp-showroom-virtuel","title":{"rendered":"Argellies RP : Improve your visibility with a virtual showroom"},"content":{"rendered":"<div id=\"pl-5038\"  class=\"panel-layout\" ><div id=\"pg-5038-0\"  class=\"panel-grid panel-no-style\" ><div id=\"pgc-5038-0-0\"  class=\"panel-grid-cell\" ><div id=\"panel-5038-0-0-0\" class=\"so-panel widget widget_sow-image panel-first-child panel-last-child\" data-index=\"0\" ><div\n\t\t\t\n\t\t\tclass=\"so-widget-sow-image so-widget-sow-image-default-a258e6bfa2d8-5038\"\n\t\t\t\n\t\t>\n<div class=\"sow-image-container\">\n\t\t\t<a href=\"https:\/\/www.youtube.com\/watch?v=Dhtc0XBboqs\"\n\t\t\ttarget=\"_blank\" rel=\"noopener noreferrer\" \t\t>\n\t\t\t<img fetchpriority=\"high\" \n\tsrc=\"https:\/\/home.diakse.com\/wp-content\/uploads\/2022\/05\/image-argelliesrp.jpg\" width=\"1280\" height=\"720\" srcset=\"https:\/\/home.diakse.com\/wp-content\/uploads\/2022\/05\/image-argelliesrp.jpg 1280w, https:\/\/home.diakse.com\/wp-content\/uploads\/2022\/05\/image-argelliesrp-300x169.jpg 300w, https:\/\/home.diakse.com\/wp-content\/uploads\/2022\/05\/image-argelliesrp-1024x576.jpg 1024w, https:\/\/home.diakse.com\/wp-content\/uploads\/2022\/05\/image-argelliesrp-768x432.jpg 768w, https:\/\/home.diakse.com\/wp-content\/uploads\/2022\/05\/image-argelliesrp-18x10.jpg 18w\" sizes=\"(max-width: 1280px) 100vw, 1280px\" title=\"Argellies RP\" alt=\"Argellies RP\" \t\tclass=\"so-widget-image\"\/>\n\t\t\t<\/a><\/div>\n\n<\/div><\/div><\/div><\/div><div id=\"pg-5038-1\"  class=\"panel-grid panel-no-style\" ><div id=\"pgc-5038-1-0\"  class=\"panel-grid-cell\" ><div id=\"panel-5038-1-0-0\" class=\"so-panel widget widget_sow-headline panel-first-child panel-last-child\" data-index=\"1\" ><div\n\t\t\t\n\t\t\tclass=\"so-widget-sow-headline so-widget-sow-headline-default-ea0af4cf39ae-5038\"\n\t\t\t\n\t\t><div class=\"sow-headline-container\">\n\t\t\t\t\t\t\t<h1 class=\"sow-headline\">\n\t\t\t\t\t\tArgellies RP : Improve your visibility with a virtual showroom \t\t\t\t\t\t<\/h1>\n\t\t\t\t\t\t\t\t\t\t\t<div class=\"decoration\">\n\t\t\t\t\t\t<div class=\"decoration-inside\"><\/div>\n\t\t\t\t\t<\/div>\n\t\t\t\t\t<\/div>\n<\/div><\/div><\/div><\/div><div id=\"pg-5038-2\"  class=\"panel-grid panel-no-style\" ><div id=\"pgc-5038-2-0\"  class=\"panel-grid-cell\" ><div id=\"panel-5038-2-0-0\" class=\"so-panel widget widget_sow-editor panel-first-child panel-last-child\" data-index=\"2\" ><div\n\t\t\t\n\t\t\tclass=\"so-widget-sow-editor so-widget-sow-editor-base\"\n\t\t\t\n\t\t>\n<div class=\"siteorigin-widget-tinymce textwidget\">\n\t<h3 style=\"text-align: center;\"><em>Argellies helps its customers go digital with DIAKSE!<\/em><\/h3>\n<\/div>\n<\/div><\/div><\/div><\/div><div id=\"pg-5038-3\"  class=\"panel-grid panel-no-style\" ><div id=\"pgc-5038-3-0\"  class=\"panel-grid-cell\" ><div id=\"panel-5038-3-0-0\" class=\"so-panel widget widget_sow-image panel-first-child panel-last-child\" data-index=\"3\" ><div\n\t\t\t\n\t\t\tclass=\"so-widget-sow-image so-widget-sow-image-default-c67d20f9f743-5038\"\n\t\t\t\n\t\t>\n<div class=\"sow-image-container\">\n\t\t<img \n\tsrc=\"https:\/\/home.diakse.com\/wp-content\/uploads\/2022\/05\/Capture-decran-180-1024x576.png\" width=\"640\" height=\"360\" srcset=\"https:\/\/home.diakse.com\/wp-content\/uploads\/2022\/05\/Capture-decran-180-1024x576.png 1024w, https:\/\/home.diakse.com\/wp-content\/uploads\/2022\/05\/Capture-decran-180-300x169.png 300w, https:\/\/home.diakse.com\/wp-content\/uploads\/2022\/05\/Capture-decran-180-768x432.png 768w, https:\/\/home.diakse.com\/wp-content\/uploads\/2022\/05\/Capture-decran-180-18x10.png 18w, https:\/\/home.diakse.com\/wp-content\/uploads\/2022\/05\/Capture-decran-180.png 1366w\" sizes=\"(max-width: 640px) 100vw, 640px\" title=\"Argellies RP\" alt=\"\" \t\tclass=\"so-widget-image\"\/>\n\t<\/div>\n\n<\/div><\/div><\/div><div id=\"pgc-5038-3-1\"  class=\"panel-grid-cell\" ><div id=\"panel-5038-3-1-0\" class=\"so-panel widget widget_sow-image panel-first-child\" data-index=\"4\" ><div\n\t\t\t\n\t\t\tclass=\"so-widget-sow-image so-widget-sow-image-default-c67d20f9f743-5038\"\n\t\t\t\n\t\t>\n<div class=\"sow-image-container\">\n\t\t<img \n\tsrc=\"https:\/\/home.diakse.com\/wp-content\/uploads\/2022\/05\/Capture-decran-175-300x169.png\" width=\"300\" height=\"169\" srcset=\"https:\/\/home.diakse.com\/wp-content\/uploads\/2022\/05\/Capture-decran-175-300x169.png 300w, https:\/\/home.diakse.com\/wp-content\/uploads\/2022\/05\/Capture-decran-175-1024x576.png 1024w, https:\/\/home.diakse.com\/wp-content\/uploads\/2022\/05\/Capture-decran-175-768x432.png 768w, https:\/\/home.diakse.com\/wp-content\/uploads\/2022\/05\/Capture-decran-175-18x10.png 18w, https:\/\/home.diakse.com\/wp-content\/uploads\/2022\/05\/Capture-decran-175.png 1366w\" sizes=\"(max-width: 300px) 100vw, 300px\" title=\"Argellies RP\" alt=\"Argellies RP\" \t\tclass=\"so-widget-image\"\/>\n\t<\/div>\n\n<\/div><\/div><div id=\"panel-5038-3-1-1\" class=\"so-panel widget widget_sow-editor panel-last-child\" data-index=\"5\" ><div\n\t\t\t\n\t\t\tclass=\"so-widget-sow-editor so-widget-sow-editor-base\"\n\t\t\t\n\t\t>\n<div class=\"siteorigin-widget-tinymce textwidget\">\n\t<p class=\"translation-block\">Argellies RP, the marketing and press relations agency, gives visibility to the brands it represents among the media and influencers. Today, the agency showcases its brands in a<a href=\"https:\/\/home.diakse.com\/en\/solutions\/\" target=\"_self\"> virtual showroom <\/a> inspired by their Paris showroom.<\/p>\n<\/div>\n<\/div><\/div><\/div><\/div><div id=\"pg-5038-4\"  class=\"panel-grid panel-no-style\" ><div id=\"pgc-5038-4-0\"  class=\"panel-grid-cell\" ><div id=\"panel-5038-4-0-0\" class=\"so-panel widget widget_sow-editor panel-first-child panel-last-child\" data-index=\"6\" ><div\n\t\t\t\n\t\t\tclass=\"so-widget-sow-editor so-widget-sow-editor-base\"\n\t\t\t\n\t\t>\n<div class=\"siteorigin-widget-tinymce textwidget\">\n\t<h1 style=\"text-align: center;\">+1000<\/h1>\n<h4 style=\"text-align: center;\">products in the virtual showroom<\/h4>\n<\/div>\n<\/div><\/div><\/div><div id=\"pgc-5038-4-1\"  class=\"panel-grid-cell\" ><div id=\"panel-5038-4-1-0\" class=\"so-panel widget widget_sow-editor panel-first-child panel-last-child\" data-index=\"7\" ><div\n\t\t\t\n\t\t\tclass=\"so-widget-sow-editor so-widget-sow-editor-base\"\n\t\t\t\n\t\t>\n<div class=\"siteorigin-widget-tinymce textwidget\">\n\t<h1 style=\"text-align: center;\">14<\/h1>\n<h4 style=\"text-align: center;\">brands displayed<\/h4>\n<\/div>\n<\/div><\/div><\/div><div id=\"pgc-5038-4-2\"  class=\"panel-grid-cell\" ><div id=\"panel-5038-4-2-0\" class=\"so-panel widget widget_sow-editor panel-first-child panel-last-child\" data-index=\"8\" ><div\n\t\t\t\n\t\t\tclass=\"so-widget-sow-editor so-widget-sow-editor-base\"\n\t\t\t\n\t\t>\n<div class=\"siteorigin-widget-tinymce textwidget\">\n\t<h1 style=\"text-align: center;\">100%<\/h1>\n<h4 style=\"text-align: center;\">of differentiation<\/h4>\n<\/div>\n<\/div><\/div><\/div><\/div><div id=\"pg-5038-5\"  class=\"panel-grid panel-no-style\" ><div id=\"pgc-5038-5-0\"  class=\"panel-grid-cell\" ><div id=\"panel-5038-5-0-0\" class=\"so-panel widget widget_sow-headline panel-first-child panel-last-child\" data-index=\"9\" ><div\n\t\t\t\n\t\t\tclass=\"so-widget-sow-headline so-widget-sow-headline-default-ea0af4cf39ae-5038\"\n\t\t\t\n\t\t><div class=\"sow-headline-container\">\n\t\t\t\t\t\t\t<h1 class=\"sow-headline\">\n\t\t\t\t\t\tThe Argellies RP project\t\t\t\t\t\t<\/h1>\n\t\t\t\t\t\t\t\t\t\t\t<div class=\"decoration\">\n\t\t\t\t\t\t<div class=\"decoration-inside\"><\/div>\n\t\t\t\t\t<\/div>\n\t\t\t\t\t<\/div>\n<\/div><\/div><\/div><\/div><div id=\"pg-5038-6\"  class=\"panel-grid panel-no-style\" ><div id=\"pgc-5038-6-0\"  class=\"panel-grid-cell\" ><div id=\"panel-5038-6-0-0\" class=\"so-panel widget widget_sow-editor panel-first-child panel-last-child\" data-index=\"10\" ><div\n\t\t\t\n\t\t\tclass=\"so-widget-sow-editor so-widget-sow-editor-base\"\n\t\t\t\n\t\t>\n<div class=\"siteorigin-widget-tinymce textwidget\">\n\t<h3 style=\"text-align: center;\"><strong>Context and objectives <\/strong><\/h3>\n<p class=\"translation-block\">Argellies RP wanted to broaden its reach to improve the visibility of its customers. To achieve this, the Paris-based agency called on <a href=\"https:\/\/home.diakse.com\/en\/solutions\/\" target=\"_self\">DIAKSE<\/a>'s virtual showroom solution, which enables brands to be promoted in an immersive environment.<\/p>\n<\/div>\n<\/div><\/div><\/div><div id=\"pgc-5038-6-1\"  class=\"panel-grid-cell\" ><div id=\"panel-5038-6-1-0\" class=\"so-panel widget widget_sow-editor panel-first-child panel-last-child\" data-index=\"11\" ><div\n\t\t\t\n\t\t\tclass=\"so-widget-sow-editor so-widget-sow-editor-base\"\n\t\t\t\n\t\t>\n<div class=\"siteorigin-widget-tinymce textwidget\">\n\t<h3 style=\"text-align: center;\"><strong>Realization <\/strong><\/h3>\n<p>This virtual showroom was made to facilitate the discovery of the brands : the products are displayed in sections to discover them all, catalogues are also avalaible and can be downloaded from the virtual showroom. All while visiting the \"digital twin\" created from the actual Argellies showroom in Paris.<\/p>\n<p>&nbsp;<\/p>\n<\/div>\n<\/div><\/div><\/div><div id=\"pgc-5038-6-2\"  class=\"panel-grid-cell\" ><div id=\"panel-5038-6-2-0\" class=\"so-panel widget widget_sow-editor panel-first-child panel-last-child\" data-index=\"12\" ><div\n\t\t\t\n\t\t\tclass=\"so-widget-sow-editor so-widget-sow-editor-base\"\n\t\t\t\n\t\t>\n<div class=\"siteorigin-widget-tinymce textwidget\">\n\t<h3 style=\"text-align: center;\"><strong>Results <\/strong><\/h3>\n<p style=\"text-align: center;\">3D visualisation of contextualised products.<\/p>\n<p style=\"text-align: center;\">A reinvented, original and differentiating experience.<\/p>\n<\/div>\n<\/div><\/div><\/div><\/div><div id=\"pg-5038-7\"  class=\"panel-grid panel-no-style\" ><div id=\"pgc-5038-7-0\"  class=\"panel-grid-cell panel-grid-cell-empty\" ><\/div><div id=\"pgc-5038-7-1\"  class=\"panel-grid-cell panel-grid-cell-mobile-last\" ><div id=\"panel-5038-7-1-0\" class=\"so-panel widget widget_sow-button panel-first-child panel-last-child\" data-index=\"13\" ><div\n\t\t\t\n\t\t\tclass=\"so-widget-sow-button so-widget-sow-button-atom-ddfc18db71d7-5038\"\n\t\t\t\n\t\t><div class=\"ow-button-base ow-button-align-center\"\n>\n\t\t\t<a\n\t\t\t\t\thref=\"https:\/\/home.diakse.com\/en\/contact\/\"\n\t\t\t\t\tclass=\"sowb-button ow-icon-placement-left ow-button-hover\" \t>\n\t\t<span>\n\t\t\t\n\t\t\t<div id=\"undevis\">GET A QUOTE<\/div>\t\t<\/span>\n\t\t\t<\/a>\n\t<\/div>\n<\/div><\/div><\/div><div id=\"pgc-5038-7-2\"  class=\"panel-grid-cell panel-grid-cell-empty\" ><\/div><\/div><div id=\"pg-5038-8\"  class=\"panel-grid panel-no-style\" ><div id=\"pgc-5038-8-0\"  class=\"panel-grid-cell panel-grid-cell-empty\" ><\/div><div id=\"pgc-5038-8-1\"  class=\"panel-grid-cell panel-grid-cell-empty panel-grid-cell-mobile-last\" ><\/div><div id=\"pgc-5038-8-2\"  class=\"panel-grid-cell panel-grid-cell-empty\" ><\/div><\/div><\/div>","protected":false},"excerpt":{"rendered":"<p>Argellies RP : Am\u00e9liorez votre visibilit\u00e9 avec un showroom virtuel Argellies aide ses clients \u00e0 passer le cap du digital avec DIAKSE ! Argellies RP, l\u2019agence de marketing et relation presse, donne de la visibilit\u00e9 aux marques qu\u2019elle repr\u00e9sente aupr\u00e8s des m\u00e9dias et des influenceurs. Aujourd\u2019hui elle fait d\u00e9couvrir ses marques dans un showroom virtuel <a href=\"https:\/\/home.diakse.com\/en\/argellies-rp-showroom-virtuel\" rel=\"nofollow\"><span class=\"sr-only\">Read more about Argellies RP : Am\u00e9liorez votre visibilit\u00e9 avec un showroom virtuel<\/span>[&hellip;]<\/a><\/p>\n","protected":false},"author":1,"featured_media":0,"parent":0,"menu_order":0,"comment_status":"closed","ping_status":"closed","template":"template-fullwidth-no-title.php","meta":{"_exactmetrics_skip_tracking":false,"_exactmetrics_sitenote_active":false,"_exactmetrics_sitenote_note":"","_exactmetrics_sitenote_category":0,"footnotes":""},"class_list":["post-5038","page","type-page","status-publish","hentry"],"yoast_head":"<!-- This site is optimized with the Yoast SEO plugin v27.3 - https:\/\/yoast.com\/product\/yoast-seo-wordpress\/ -->\n<title>Argellies RP : Am\u00e9liorez votre visibilit\u00e9 avec un showroom virtuel<\/title>\n<meta name=\"description\" content=\"Comment Argellies RP propose une nouvelle fa\u00e7on de faire d\u00e9couvrir des marques avec un showroom virtuel immersif et informatif\" \/>\n<meta name=\"robots\" content=\"index, follow, max-snippet:-1, max-image-preview:large, max-video-preview:-1\" \/>\n<link rel=\"canonical\" href=\"https:\/\/home.diakse.com\/en\/argellies-rp-showroom-virtuel\/\" \/>\n<meta property=\"og:locale\" content=\"en_GB\" \/>\n<meta property=\"og:type\" content=\"article\" \/>\n<meta property=\"og:title\" content=\"Argellies RP : Am\u00e9liorez votre visibilit\u00e9 avec un showroom virtuel\" \/>\n<meta property=\"og:description\" content=\"Comment Argellies RP propose une nouvelle fa\u00e7on de faire d\u00e9couvrir des marques avec un showroom virtuel immersif et informatif\" \/>\n<meta property=\"og:url\" content=\"https:\/\/home.diakse.com\/en\/argellies-rp-showroom-virtuel\/\" \/>\n<meta property=\"og:site_name\" content=\"Diakse\" \/>\n<meta property=\"article:publisher\" content=\"https:\/\/www.facebook.com\/diakse\" \/>\n<meta property=\"article:modified_time\" content=\"2022-10-25T20:59:19+00:00\" \/>\n<meta name=\"twitter:card\" content=\"summary_large_image\" \/>\n<meta name=\"twitter:site\" content=\"@Diakse_France\" \/>\n<meta name=\"twitter:label1\" content=\"Estimated reading time\" \/>\n\t<meta name=\"twitter:data1\" content=\"2 minutes\" \/>\n<script type=\"application\/ld+json\" class=\"yoast-schema-graph\">{\"@context\":\"https:\\\/\\\/schema.org\",\"@graph\":[{\"@type\":\"WebPage\",\"@id\":\"https:\\\/\\\/home.diakse.com\\\/argellies-rp-showroom-virtuel\",\"url\":\"https:\\\/\\\/home.diakse.com\\\/argellies-rp-showroom-virtuel\",\"name\":\"Argellies RP : Am\u00e9liorez votre visibilit\u00e9 avec un showroom virtuel\",\"isPartOf\":{\"@id\":\"https:\\\/\\\/home.diakse.com\\\/fr_fr\\\/#website\"},\"datePublished\":\"2022-05-18T13:04:24+00:00\",\"dateModified\":\"2022-10-25T20:59:19+00:00\",\"description\":\"Comment Argellies RP propose une nouvelle fa\u00e7on de faire d\u00e9couvrir des marques avec un showroom virtuel immersif et informatif\",\"breadcrumb\":{\"@id\":\"https:\\\/\\\/home.diakse.com\\\/argellies-rp-showroom-virtuel#breadcrumb\"},\"inLanguage\":\"en-GB\",\"potentialAction\":[{\"@type\":\"ReadAction\",\"target\":[\"https:\\\/\\\/home.diakse.com\\\/argellies-rp-showroom-virtuel\"]}]},{\"@type\":\"BreadcrumbList\",\"@id\":\"https:\\\/\\\/home.diakse.com\\\/argellies-rp-showroom-virtuel#breadcrumb\",\"itemListElement\":[{\"@type\":\"ListItem\",\"position\":1,\"name\":\"Accueil\",\"item\":\"https:\\\/\\\/home.diakse.com\\\/fr_fr\\\/\"},{\"@type\":\"ListItem\",\"position\":2,\"name\":\"Argellies RP : Am\u00e9liorez votre visibilit\u00e9 avec un showroom virtuel\"}]},{\"@type\":\"WebSite\",\"@id\":\"https:\\\/\\\/home.diakse.com\\\/fr_fr\\\/#website\",\"url\":\"https:\\\/\\\/home.diakse.com\\\/fr_fr\\\/\",\"name\":\"Diakse\",\"description\":\"Virtual Shops - La solution de cr\u00e9ation de boutiques virtuelles\",\"publisher\":{\"@id\":\"https:\\\/\\\/home.diakse.com\\\/fr_fr\\\/#organization\"},\"potentialAction\":[{\"@type\":\"SearchAction\",\"target\":{\"@type\":\"EntryPoint\",\"urlTemplate\":\"https:\\\/\\\/home.diakse.com\\\/fr_fr\\\/?s={search_term_string}\"},\"query-input\":{\"@type\":\"PropertyValueSpecification\",\"valueRequired\":true,\"valueName\":\"search_term_string\"}}],\"inLanguage\":\"en-GB\"},{\"@type\":\"Organization\",\"@id\":\"https:\\\/\\\/home.diakse.com\\\/fr_fr\\\/#organization\",\"name\":\"Diakse\",\"url\":\"https:\\\/\\\/home.diakse.com\\\/fr_fr\\\/\",\"logo\":{\"@type\":\"ImageObject\",\"inLanguage\":\"en-GB\",\"@id\":\"https:\\\/\\\/home.diakse.com\\\/fr_fr\\\/#\\\/schema\\\/logo\\\/image\\\/\",\"url\":\"https:\\\/\\\/home.diakse.com\\\/wp-content\\\/uploads\\\/2018\\\/01\\\/Diakse-V-business-3.0-Blanc.jpg\",\"contentUrl\":\"https:\\\/\\\/home.diakse.com\\\/wp-content\\\/uploads\\\/2018\\\/01\\\/Diakse-V-business-3.0-Blanc.jpg\",\"width\":1000,\"height\":440,\"caption\":\"Diakse\"},\"image\":{\"@id\":\"https:\\\/\\\/home.diakse.com\\\/fr_fr\\\/#\\\/schema\\\/logo\\\/image\\\/\"},\"sameAs\":[\"https:\\\/\\\/www.facebook.com\\\/diakse\",\"https:\\\/\\\/x.com\\\/Diakse_France\",\"https:\\\/\\\/www.instagram.com\\\/diakse.france\\\/\",\"https:\\\/\\\/www.linkedin.com\\\/company\\\/diakse\",\"https:\\\/\\\/www.youtube.com\\\/channel\\\/UCbymWs9j6MjXmcYDcU-LVJA\"]}]}<\/script>\n<!-- \/ Yoast SEO plugin. -->","yoast_head_json":{"title":"Argellies RP : Improve your visibility with a virtual showroom","description":"Comment Argellies RP propose une nouvelle fa\u00e7on de faire d\u00e9couvrir des marques avec un showroom virtuel immersif et informatif","robots":{"index":"index","follow":"follow","max-snippet":"max-snippet:-1","max-image-preview":"max-image-preview:large","max-video-preview":"max-video-preview:-1"},"canonical":"https:\/\/home.diakse.com\/en\/argellies-rp-showroom-virtuel\/","og_locale":"en_GB","og_type":"article","og_title":"Argellies RP : Am\u00e9liorez votre visibilit\u00e9 avec un showroom virtuel","og_description":"Comment Argellies RP propose une nouvelle fa\u00e7on de faire d\u00e9couvrir des marques avec un showroom virtuel immersif et informatif","og_url":"https:\/\/home.diakse.com\/en\/argellies-rp-showroom-virtuel\/","og_site_name":"Diakse","article_publisher":"https:\/\/www.facebook.com\/diakse","article_modified_time":"2022-10-25T20:59:19+00:00","twitter_card":"summary_large_image","twitter_site":"@Diakse_France","twitter_misc":{"Estimated reading time":"2 minutes"},"schema":{"@context":"https:\/\/schema.org","@graph":[{"@type":"WebPage","@id":"https:\/\/home.diakse.com\/argellies-rp-showroom-virtuel","url":"https:\/\/home.diakse.com\/argellies-rp-showroom-virtuel","name":"Argellies RP : Improve your visibility with a virtual showroom","isPartOf":{"@id":"https:\/\/home.diakse.com\/fr_fr\/#website"},"datePublished":"2022-05-18T13:04:24+00:00","dateModified":"2022-10-25T20:59:19+00:00","description":"Comment Argellies RP propose une nouvelle fa\u00e7on de faire d\u00e9couvrir des marques avec un showroom virtuel immersif et informatif","breadcrumb":{"@id":"https:\/\/home.diakse.com\/argellies-rp-showroom-virtuel#breadcrumb"},"inLanguage":"en-GB","potentialAction":[{"@type":"ReadAction","target":["https:\/\/home.diakse.com\/argellies-rp-showroom-virtuel"]}]},{"@type":"BreadcrumbList","@id":"https:\/\/home.diakse.com\/argellies-rp-showroom-virtuel#breadcrumb","itemListElement":[{"@type":"ListItem","position":1,"name":"Accueil","item":"https:\/\/home.diakse.com\/fr_fr\/"},{"@type":"ListItem","position":2,"name":"Argellies RP : Am\u00e9liorez votre visibilit\u00e9 avec un showroom virtuel"}]},{"@type":"WebSite","@id":"https:\/\/home.diakse.com\/fr_fr\/#website","url":"https:\/\/home.diakse.com\/fr_fr\/","name":"Diakse","description":"Virtual Shops - La solution de cr\u00e9ation de boutiques virtuelles","publisher":{"@id":"https:\/\/home.diakse.com\/fr_fr\/#organization"},"potentialAction":[{"@type":"SearchAction","target":{"@type":"EntryPoint","urlTemplate":"https:\/\/home.diakse.com\/fr_fr\/?s={search_term_string}"},"query-input":{"@type":"PropertyValueSpecification","valueRequired":true,"valueName":"search_term_string"}}],"inLanguage":"en-GB"},{"@type":"Organization","@id":"https:\/\/home.diakse.com\/fr_fr\/#organization","name":"Diakse","url":"https:\/\/home.diakse.com\/fr_fr\/","logo":{"@type":"ImageObject","inLanguage":"en-GB","@id":"https:\/\/home.diakse.com\/fr_fr\/#\/schema\/logo\/image\/","url":"https:\/\/home.diakse.com\/wp-content\/uploads\/2018\/01\/Diakse-V-business-3.0-Blanc.jpg","contentUrl":"https:\/\/home.diakse.com\/wp-content\/uploads\/2018\/01\/Diakse-V-business-3.0-Blanc.jpg","width":1000,"height":440,"caption":"Diakse"},"image":{"@id":"https:\/\/home.diakse.com\/fr_fr\/#\/schema\/logo\/image\/"},"sameAs":["https:\/\/www.facebook.com\/diakse","https:\/\/x.com\/Diakse_France","https:\/\/www.instagram.com\/diakse.france\/","https:\/\/www.linkedin.com\/company\/diakse","https:\/\/www.youtube.com\/channel\/UCbymWs9j6MjXmcYDcU-LVJA"]}]}},"_links":{"self":[{"href":"https:\/\/home.diakse.com\/en\/wp-json\/wp\/v2\/pages\/5038","targetHints":{"allow":["GET"]}}],"collection":[{"href":"https:\/\/home.diakse.com\/en\/wp-json\/wp\/v2\/pages"}],"about":[{"href":"https:\/\/home.diakse.com\/en\/wp-json\/wp\/v2\/types\/page"}],"author":[{"embeddable":true,"href":"https:\/\/home.diakse.com\/en\/wp-json\/wp\/v2\/users\/1"}],"replies":[{"embeddable":true,"href":"https:\/\/home.diakse.com\/en\/wp-json\/wp\/v2\/comments?post=5038"}],"version-history":[{"count":11,"href":"https:\/\/home.diakse.com\/en\/wp-json\/wp\/v2\/pages\/5038\/revisions"}],"predecessor-version":[{"id":5282,"href":"https:\/\/home.diakse.com\/en\/wp-json\/wp\/v2\/pages\/5038\/revisions\/5282"}],"wp:attachment":[{"href":"https:\/\/home.diakse.com\/en\/wp-json\/wp\/v2\/media?parent=5038"}],"curies":[{"name":"wp","href":"https:\/\/api.w.org\/{rel}","templated":true}]}}