{"id":5112,"date":"2022-08-02T14:28:42","date_gmt":"2022-08-02T14:28:42","guid":{"rendered":"https:\/\/home.diakse.com\/?page_id=5112"},"modified":"2022-10-25T20:59:45","modified_gmt":"2022-10-25T20:59:45","slug":"tata2022","status":"publish","type":"page","link":"https:\/\/home.diakse.com\/en\/tata2022","title":{"rendered":"TATA STEEL : le rapport financier en 3D&#8230;captivant !"},"content":{"rendered":"<div id=\"pl-5112\"  class=\"panel-layout\" ><div id=\"pg-5112-0\"  class=\"panel-grid panel-no-style\" ><div id=\"pgc-5112-0-0\"  class=\"panel-grid-cell\" ><div id=\"panel-5112-0-0-0\" class=\"so-panel widget widget_sow-image panel-first-child panel-last-child\" data-index=\"0\" ><div\n\t\t\t\n\t\t\tclass=\"so-widget-sow-image so-widget-sow-image-default-a258e6bfa2d8-5112\"\n\t\t\t\n\t\t>\n<div class=\"sow-image-container\">\n\t\t\t<a href=\"https:\/\/youtu.be\/CLR1dD5CAqY\"\n\t\t\ttarget=\"_blank\" rel=\"noopener noreferrer\" \t\t>\n\t\t\t<img fetchpriority=\"high\" \n\tsrc=\"https:\/\/home.diakse.com\/wp-content\/uploads\/2022\/09\/image-article-Tata2nov22.jpg\" width=\"1280\" height=\"720\" srcset=\"https:\/\/home.diakse.com\/wp-content\/uploads\/2022\/09\/image-article-Tata2nov22.jpg 1280w, https:\/\/home.diakse.com\/wp-content\/uploads\/2022\/09\/image-article-Tata2nov22-300x169.jpg 300w, https:\/\/home.diakse.com\/wp-content\/uploads\/2022\/09\/image-article-Tata2nov22-1024x576.jpg 1024w, https:\/\/home.diakse.com\/wp-content\/uploads\/2022\/09\/image-article-Tata2nov22-768x432.jpg 768w, https:\/\/home.diakse.com\/wp-content\/uploads\/2022\/09\/image-article-Tata2nov22-18x10.jpg 18w\" sizes=\"(max-width: 1280px) 100vw, 1280px\" title=\"image article Tata2nov22\" alt=\"Argellies RP\" \t\tclass=\"so-widget-image\"\/>\n\t\t\t<\/a><\/div>\n\n<\/div><\/div><\/div><\/div><div id=\"pg-5112-1\"  class=\"panel-grid panel-no-style\" ><div id=\"pgc-5112-1-0\"  class=\"panel-grid-cell\" ><div id=\"panel-5112-1-0-0\" class=\"so-panel widget widget_sow-headline panel-first-child panel-last-child\" data-index=\"1\" ><div\n\t\t\t\n\t\t\tclass=\"so-widget-sow-headline so-widget-sow-headline-default-ea0af4cf39ae-5112\"\n\t\t\t\n\t\t><div class=\"sow-headline-container\">\n\t\t\t\t\t\t\t<h1 class=\"sow-headline\">\n\t\t\t\t\t\tTATA STEEL: when one of the world's largest companies calls on DIAKSE\t\t\t\t\t\t<\/h1>\n\t\t\t\t\t\t\t\t\t\t\t<div class=\"decoration\">\n\t\t\t\t\t\t<div class=\"decoration-inside\"><\/div>\n\t\t\t\t\t<\/div>\n\t\t\t\t\t<\/div>\n<\/div><\/div><\/div><\/div><div id=\"pg-5112-2\"  class=\"panel-grid panel-no-style\" ><div id=\"pgc-5112-2-0\"  class=\"panel-grid-cell panel-grid-cell-empty\" ><\/div><\/div><div id=\"pg-5112-3\"  class=\"panel-grid panel-no-style\" ><div id=\"pgc-5112-3-0\"  class=\"panel-grid-cell\" ><div id=\"panel-5112-3-0-0\" class=\"so-panel widget widget_sow-image panel-first-child panel-last-child\" data-index=\"2\" ><div\n\t\t\t\n\t\t\tclass=\"so-widget-sow-image so-widget-sow-image-default-c67d20f9f743-5112\"\n\t\t\t\n\t\t>\n<div class=\"sow-image-container\">\n\t\t<img \n\tsrc=\"https:\/\/home.diakse.com\/wp-content\/uploads\/2022\/09\/tata-steel-1024x576.jpg\" width=\"640\" height=\"360\" srcset=\"https:\/\/home.diakse.com\/wp-content\/uploads\/2022\/09\/tata-steel-1024x576.jpg 1024w, https:\/\/home.diakse.com\/wp-content\/uploads\/2022\/09\/tata-steel-300x169.jpg 300w, https:\/\/home.diakse.com\/wp-content\/uploads\/2022\/09\/tata-steel-768x432.jpg 768w, https:\/\/home.diakse.com\/wp-content\/uploads\/2022\/09\/tata-steel-18x10.jpg 18w, https:\/\/home.diakse.com\/wp-content\/uploads\/2022\/09\/tata-steel.jpg 1280w\" sizes=\"(max-width: 640px) 100vw, 640px\" title=\"tata steel\" alt=\"\" \t\tclass=\"so-widget-image\"\/>\n\t<\/div>\n\n<\/div><\/div><\/div><div id=\"pgc-5112-3-1\"  class=\"panel-grid-cell\" ><div id=\"panel-5112-3-1-0\" class=\"so-panel widget widget_sow-image panel-first-child\" data-index=\"3\" ><div\n\t\t\t\n\t\t\tclass=\"so-widget-sow-image so-widget-sow-image-default-c67d20f9f743-5112\"\n\t\t\t\n\t\t>\n<div class=\"sow-image-container\">\n\t\t<img \n\tsrc=\"https:\/\/home.diakse.com\/wp-content\/uploads\/2022\/09\/voiture-300x133.jpg\" width=\"300\" height=\"133\" srcset=\"https:\/\/home.diakse.com\/wp-content\/uploads\/2022\/09\/voiture-300x133.jpg 300w, https:\/\/home.diakse.com\/wp-content\/uploads\/2022\/09\/voiture-1024x455.jpg 1024w, https:\/\/home.diakse.com\/wp-content\/uploads\/2022\/09\/voiture-768x342.jpg 768w, https:\/\/home.diakse.com\/wp-content\/uploads\/2022\/09\/voiture-1536x683.jpg 1536w, https:\/\/home.diakse.com\/wp-content\/uploads\/2022\/09\/voiture-18x8.jpg 18w, https:\/\/home.diakse.com\/wp-content\/uploads\/2022\/09\/voiture.jpg 1691w\" sizes=\"(max-width: 300px) 100vw, 300px\" alt=\"\" \t\tclass=\"so-widget-image\"\/>\n\t<\/div>\n\n<\/div><\/div><div id=\"panel-5112-3-1-1\" class=\"so-panel widget widget_sow-editor panel-last-child\" data-index=\"4\" ><div\n\t\t\t\n\t\t\tclass=\"so-widget-sow-editor so-widget-sow-editor-base\"\n\t\t\t\n\t\t>\n<div class=\"siteorigin-widget-tinymce textwidget\">\n\t<h5>Created for shareholders and all the company's 32,000 employees, this incredible discovery of the TATA empire is a compendium of the best features deployed by DIAKSE.<\/h5>\n<\/div>\n<\/div><\/div><\/div><\/div><div id=\"pg-5112-4\"  class=\"panel-grid panel-no-style\" ><div id=\"pgc-5112-4-0\"  class=\"panel-grid-cell\" ><div id=\"panel-5112-4-0-0\" class=\"so-panel widget widget_sow-editor panel-first-child panel-last-child\" data-index=\"5\" ><div\n\t\t\t\n\t\t\tclass=\"so-widget-sow-editor so-widget-sow-editor-base\"\n\t\t\t\n\t\t>\n<div class=\"siteorigin-widget-tinymce textwidget\">\n\t<h1 style=\"text-align: center;\">+ than 30<\/h1>\n<h4 style=\"text-align: center;\">the number of scenes to discover<\/h4>\n<\/div>\n<\/div><\/div><\/div><div id=\"pgc-5112-4-1\"  class=\"panel-grid-cell\" ><div id=\"panel-5112-4-1-0\" class=\"so-panel widget widget_sow-editor panel-first-child panel-last-child\" data-index=\"6\" ><div\n\t\t\t\n\t\t\tclass=\"so-widget-sow-editor so-widget-sow-editor-base\"\n\t\t\t\n\t\t>\n<div class=\"siteorigin-widget-tinymce textwidget\">\n\t<h1 style=\"text-align: center;\">13 minutes<\/h1>\n<h4 style=\"text-align: center;\">average visit time<\/h4>\n<\/div>\n<\/div><\/div><\/div><div id=\"pgc-5112-4-2\"  class=\"panel-grid-cell\" ><div id=\"panel-5112-4-2-0\" class=\"so-panel widget widget_sow-editor panel-first-child panel-last-child\" data-index=\"7\" ><div\n\t\t\t\n\t\t\tclass=\"so-widget-sow-editor so-widget-sow-editor-base\"\n\t\t\t\n\t\t>\n<div class=\"siteorigin-widget-tinymce textwidget\">\n\t<h1 style=\"text-align: center;\">100% Immersive<\/h1>\n<h4 style=\"text-align: center;\"><\/h4>\n<\/div>\n<\/div><\/div><\/div><\/div><div id=\"pg-5112-5\"  class=\"panel-grid panel-no-style\" ><div id=\"pgc-5112-5-0\"  class=\"panel-grid-cell\" ><div id=\"panel-5112-5-0-0\" class=\"so-panel widget widget_sow-headline panel-first-child panel-last-child\" data-index=\"8\" ><div\n\t\t\t\n\t\t\tclass=\"so-widget-sow-headline so-widget-sow-headline-default-ea0af4cf39ae-5112\"\n\t\t\t\n\t\t><div class=\"sow-headline-container\">\n\t\t\t\t\t\t\t<h1 class=\"sow-headline\">\n\t\t\t\t\t\tThe TATA STEEL project\t\t\t\t\t\t<\/h1>\n\t\t\t\t\t\t\t\t\t\t\t<div class=\"decoration\">\n\t\t\t\t\t\t<div class=\"decoration-inside\"><\/div>\n\t\t\t\t\t<\/div>\n\t\t\t\t\t<\/div>\n<\/div><\/div><\/div><\/div><div id=\"pg-5112-6\"  class=\"panel-grid panel-no-style\" ><div id=\"pgc-5112-6-0\"  class=\"panel-grid-cell\" ><div id=\"panel-5112-6-0-0\" class=\"so-panel widget widget_sow-editor panel-first-child panel-last-child\" data-index=\"9\" ><div\n\t\t\t\n\t\t\tclass=\"so-widget-sow-editor so-widget-sow-editor-base\"\n\t\t\t\n\t\t>\n<div class=\"siteorigin-widget-tinymce textwidget\">\n\t<h3 style=\"text-align: center;\"><strong>Context and objectives <\/strong><\/h3>\n<p>For the second time, India's largest company calls on DIAKSE for its virtual showrooms. Objective: to make the publication of the Annual Report exciting and differentiating.<\/p>\n<\/div>\n<\/div><\/div><\/div><div id=\"pgc-5112-6-1\"  class=\"panel-grid-cell\" ><div id=\"panel-5112-6-1-0\" class=\"so-panel widget widget_sow-editor panel-first-child panel-last-child\" data-index=\"10\" ><div\n\t\t\t\n\t\t\tclass=\"so-widget-sow-editor so-widget-sow-editor-base\"\n\t\t\t\n\t\t>\n<div class=\"siteorigin-widget-tinymce textwidget\">\n\t<h3 style=\"text-align: center;\"><strong>Realization <\/strong><\/h3>\n<p>When the Virtual Showrooms take us to India, it's to introduce you to one of the world's largest metallurgical companies: Tata Steel.<\/p>\n<p>Building on their initial experience, TATA's teams use the best of DIAKSE's virtual showroom technologies :<\/p>\n<ul>\n<li>- Multimedia content inserts,<\/li>\n<li>- 3D animation,<\/li>\n<li>- Graphic visualization of financial documents,<\/li>\n<li>- Discovering unusual places,<\/li>\n<li>- Team presentations,<\/li>\n<\/ul>\n<p>And much more...<\/p>\n<p>&nbsp;<\/p>\n<\/div>\n<\/div><\/div><\/div><div id=\"pgc-5112-6-2\"  class=\"panel-grid-cell\" ><div id=\"panel-5112-6-2-0\" class=\"so-panel widget widget_sow-editor panel-first-child panel-last-child\" data-index=\"11\" ><div\n\t\t\t\n\t\t\tclass=\"so-widget-sow-editor so-widget-sow-editor-base\"\n\t\t\t\n\t\t>\n<div class=\"siteorigin-widget-tinymce textwidget\">\n\t<h3 style=\"text-align: center;\"><strong>Results <\/strong><\/h3>\n<p>What could be \u201cvery boring\u201d, the Annual Report, becomes, thanks to the Virtual Showroom, an unprecedented experience of discovery and immersion in places that are by turns unusual and surprising.<\/p>\n<\/div>\n<\/div><\/div><\/div><\/div><div id=\"pg-5112-7\"  class=\"panel-grid panel-no-style\" ><div id=\"pgc-5112-7-0\"  class=\"panel-grid-cell panel-grid-cell-empty\" ><\/div><div id=\"pgc-5112-7-1\"  class=\"panel-grid-cell panel-grid-cell-mobile-last\" ><div id=\"panel-5112-7-1-0\" class=\"so-panel widget widget_sow-button panel-first-child panel-last-child\" data-index=\"12\" ><div\n\t\t\t\n\t\t\tclass=\"so-widget-sow-button so-widget-sow-button-atom-be17bef34c92-5112\"\n\t\t\t\n\t\t><div class=\"ow-button-base ow-button-align-center\"\n>\n\t\t\t<a\n\t\t\t\t\thref=\"https:\/\/calendly.com\/showroom-virtuel\/demo-boutique-et-showroom-virtuel\"\n\t\t\t\t\tclass=\"sowb-button ow-icon-placement-left ow-button-hover\" target=\"_blank\" rel=\"noopener noreferrer\" \t>\n\t\t<span>\n\t\t\t\n\t\t\t<div id=\"undevis\">GET A QUOTE<\/div>\t\t<\/span>\n\t\t\t<\/a>\n\t<\/div>\n<\/div><\/div><\/div><div id=\"pgc-5112-7-2\"  class=\"panel-grid-cell panel-grid-cell-empty\" ><\/div><\/div><div id=\"pg-5112-8\"  class=\"panel-grid panel-no-style\" ><div id=\"pgc-5112-8-0\"  class=\"panel-grid-cell panel-grid-cell-empty\" ><\/div><div id=\"pgc-5112-8-1\"  class=\"panel-grid-cell panel-grid-cell-empty panel-grid-cell-mobile-last\" ><\/div><div id=\"pgc-5112-8-2\"  class=\"panel-grid-cell panel-grid-cell-empty\" ><\/div><\/div><\/div>","protected":false},"excerpt":{"rendered":"<p>TATA STEEL : quand l\u2019une des plus grandes entreprises mondiales fait appel \u00e0 DIAKSE pour la creation de son showroom virtuel Cr\u00e9\u00e9 \u00e0 l\u2019attention des actionnaires et de l\u2019ensemble des 32,000 employ\u00e9s de la soci\u00e9t\u00e9, cette incroyable d\u00e9couverte de l\u2019empire TATA est un condens\u00e9 du meilleur des fonctionnalit\u00e9s d\u00e9ploy\u00e9es par DIAKSE. + de 30 le <a href=\"https:\/\/home.diakse.com\/en\/tata2022\" rel=\"nofollow\"><span class=\"sr-only\">Read more about TATA STEEL : le rapport financier en 3D&#8230;captivant !<\/span>[&hellip;]<\/a><\/p>\n","protected":false},"author":1,"featured_media":0,"parent":0,"menu_order":0,"comment_status":"closed","ping_status":"closed","template":"template-fullwidth-no-title.php","meta":{"_exactmetrics_skip_tracking":false,"_exactmetrics_sitenote_active":false,"_exactmetrics_sitenote_note":"","_exactmetrics_sitenote_category":0,"footnotes":""},"class_list":["post-5112","page","type-page","status-publish","hentry"],"yoast_head":"<!-- This site is optimized with the Yoast SEO plugin v27.3 - https:\/\/yoast.com\/product\/yoast-seo-wordpress\/ -->\n<title>TATA STEEL : le rapport financier en 3D...captivant !<\/title>\n<meta name=\"description\" content=\"Comment Argellies RP propose une nouvelle fa\u00e7on de faire d\u00e9couvrir des marques avec un showroom virtuel immersif et informatif\" \/>\n<meta name=\"robots\" content=\"index, follow, max-snippet:-1, max-image-preview:large, max-video-preview:-1\" \/>\n<link rel=\"canonical\" href=\"https:\/\/home.diakse.com\/en\/tata2022\/\" \/>\n<meta property=\"og:locale\" content=\"en_GB\" \/>\n<meta property=\"og:type\" content=\"article\" \/>\n<meta property=\"og:title\" content=\"TATA STEEL : le rapport financier en 3D...captivant !\" \/>\n<meta property=\"og:description\" content=\"Comment Argellies RP propose une nouvelle fa\u00e7on de faire d\u00e9couvrir des marques avec un showroom virtuel immersif et informatif\" \/>\n<meta property=\"og:url\" content=\"https:\/\/home.diakse.com\/en\/tata2022\/\" \/>\n<meta property=\"og:site_name\" content=\"Diakse\" \/>\n<meta property=\"article:publisher\" content=\"https:\/\/www.facebook.com\/diakse\" \/>\n<meta property=\"article:modified_time\" content=\"2022-10-25T20:59:45+00:00\" \/>\n<meta name=\"twitter:card\" content=\"summary_large_image\" \/>\n<meta name=\"twitter:site\" content=\"@Diakse_France\" \/>\n<meta name=\"twitter:label1\" content=\"Estimated reading time\" \/>\n\t<meta name=\"twitter:data1\" content=\"1 minute\" \/>\n<script type=\"application\/ld+json\" class=\"yoast-schema-graph\">{\"@context\":\"https:\\\/\\\/schema.org\",\"@graph\":[{\"@type\":\"WebPage\",\"@id\":\"https:\\\/\\\/home.diakse.com\\\/tata2022\",\"url\":\"https:\\\/\\\/home.diakse.com\\\/tata2022\",\"name\":\"TATA STEEL : le rapport financier en 3D...captivant !\",\"isPartOf\":{\"@id\":\"https:\\\/\\\/home.diakse.com\\\/fr_fr\\\/#website\"},\"datePublished\":\"2022-08-02T14:28:42+00:00\",\"dateModified\":\"2022-10-25T20:59:45+00:00\",\"description\":\"Comment Argellies RP propose une nouvelle fa\u00e7on de faire d\u00e9couvrir des marques avec un showroom virtuel immersif et informatif\",\"breadcrumb\":{\"@id\":\"https:\\\/\\\/home.diakse.com\\\/tata2022#breadcrumb\"},\"inLanguage\":\"en-GB\",\"potentialAction\":[{\"@type\":\"ReadAction\",\"target\":[\"https:\\\/\\\/home.diakse.com\\\/tata2022\"]}]},{\"@type\":\"BreadcrumbList\",\"@id\":\"https:\\\/\\\/home.diakse.com\\\/tata2022#breadcrumb\",\"itemListElement\":[{\"@type\":\"ListItem\",\"position\":1,\"name\":\"Accueil\",\"item\":\"https:\\\/\\\/home.diakse.com\\\/fr_fr\\\/\"},{\"@type\":\"ListItem\",\"position\":2,\"name\":\"TATA STEEL : le rapport financier en 3D&#8230;captivant !\"}]},{\"@type\":\"WebSite\",\"@id\":\"https:\\\/\\\/home.diakse.com\\\/fr_fr\\\/#website\",\"url\":\"https:\\\/\\\/home.diakse.com\\\/fr_fr\\\/\",\"name\":\"Diakse\",\"description\":\"Virtual Shops - La solution de cr\u00e9ation de boutiques virtuelles\",\"publisher\":{\"@id\":\"https:\\\/\\\/home.diakse.com\\\/fr_fr\\\/#organization\"},\"potentialAction\":[{\"@type\":\"SearchAction\",\"target\":{\"@type\":\"EntryPoint\",\"urlTemplate\":\"https:\\\/\\\/home.diakse.com\\\/fr_fr\\\/?s={search_term_string}\"},\"query-input\":{\"@type\":\"PropertyValueSpecification\",\"valueRequired\":true,\"valueName\":\"search_term_string\"}}],\"inLanguage\":\"en-GB\"},{\"@type\":\"Organization\",\"@id\":\"https:\\\/\\\/home.diakse.com\\\/fr_fr\\\/#organization\",\"name\":\"Diakse\",\"url\":\"https:\\\/\\\/home.diakse.com\\\/fr_fr\\\/\",\"logo\":{\"@type\":\"ImageObject\",\"inLanguage\":\"en-GB\",\"@id\":\"https:\\\/\\\/home.diakse.com\\\/fr_fr\\\/#\\\/schema\\\/logo\\\/image\\\/\",\"url\":\"https:\\\/\\\/home.diakse.com\\\/wp-content\\\/uploads\\\/2018\\\/01\\\/Diakse-V-business-3.0-Blanc.jpg\",\"contentUrl\":\"https:\\\/\\\/home.diakse.com\\\/wp-content\\\/uploads\\\/2018\\\/01\\\/Diakse-V-business-3.0-Blanc.jpg\",\"width\":1000,\"height\":440,\"caption\":\"Diakse\"},\"image\":{\"@id\":\"https:\\\/\\\/home.diakse.com\\\/fr_fr\\\/#\\\/schema\\\/logo\\\/image\\\/\"},\"sameAs\":[\"https:\\\/\\\/www.facebook.com\\\/diakse\",\"https:\\\/\\\/x.com\\\/Diakse_France\",\"https:\\\/\\\/www.instagram.com\\\/diakse.france\\\/\",\"https:\\\/\\\/www.linkedin.com\\\/company\\\/diakse\",\"https:\\\/\\\/www.youtube.com\\\/channel\\\/UCbymWs9j6MjXmcYDcU-LVJA\"]}]}<\/script>\n<!-- \/ Yoast SEO plugin. -->","yoast_head_json":{"title":"TATA STEEL : le rapport financier en 3D...captivant !","description":"Comment Argellies RP propose une nouvelle fa\u00e7on de faire d\u00e9couvrir des marques avec un showroom virtuel immersif et informatif","robots":{"index":"index","follow":"follow","max-snippet":"max-snippet:-1","max-image-preview":"max-image-preview:large","max-video-preview":"max-video-preview:-1"},"canonical":"https:\/\/home.diakse.com\/en\/tata2022\/","og_locale":"en_GB","og_type":"article","og_title":"TATA STEEL : le rapport financier en 3D...captivant !","og_description":"Comment Argellies RP propose une nouvelle fa\u00e7on de faire d\u00e9couvrir des marques avec un showroom virtuel immersif et informatif","og_url":"https:\/\/home.diakse.com\/en\/tata2022\/","og_site_name":"Diakse","article_publisher":"https:\/\/www.facebook.com\/diakse","article_modified_time":"2022-10-25T20:59:45+00:00","twitter_card":"summary_large_image","twitter_site":"@Diakse_France","twitter_misc":{"Estimated reading time":"1 minute"},"schema":{"@context":"https:\/\/schema.org","@graph":[{"@type":"WebPage","@id":"https:\/\/home.diakse.com\/tata2022","url":"https:\/\/home.diakse.com\/tata2022","name":"TATA STEEL : le rapport financier en 3D...captivant !","isPartOf":{"@id":"https:\/\/home.diakse.com\/fr_fr\/#website"},"datePublished":"2022-08-02T14:28:42+00:00","dateModified":"2022-10-25T20:59:45+00:00","description":"Comment Argellies RP propose une nouvelle fa\u00e7on de faire d\u00e9couvrir des marques avec un showroom virtuel immersif et informatif","breadcrumb":{"@id":"https:\/\/home.diakse.com\/tata2022#breadcrumb"},"inLanguage":"en-GB","potentialAction":[{"@type":"ReadAction","target":["https:\/\/home.diakse.com\/tata2022"]}]},{"@type":"BreadcrumbList","@id":"https:\/\/home.diakse.com\/tata2022#breadcrumb","itemListElement":[{"@type":"ListItem","position":1,"name":"Accueil","item":"https:\/\/home.diakse.com\/fr_fr\/"},{"@type":"ListItem","position":2,"name":"TATA STEEL : le rapport financier en 3D&#8230;captivant !"}]},{"@type":"WebSite","@id":"https:\/\/home.diakse.com\/fr_fr\/#website","url":"https:\/\/home.diakse.com\/fr_fr\/","name":"Diakse","description":"Virtual Shops - La solution de cr\u00e9ation de boutiques virtuelles","publisher":{"@id":"https:\/\/home.diakse.com\/fr_fr\/#organization"},"potentialAction":[{"@type":"SearchAction","target":{"@type":"EntryPoint","urlTemplate":"https:\/\/home.diakse.com\/fr_fr\/?s={search_term_string}"},"query-input":{"@type":"PropertyValueSpecification","valueRequired":true,"valueName":"search_term_string"}}],"inLanguage":"en-GB"},{"@type":"Organization","@id":"https:\/\/home.diakse.com\/fr_fr\/#organization","name":"Diakse","url":"https:\/\/home.diakse.com\/fr_fr\/","logo":{"@type":"ImageObject","inLanguage":"en-GB","@id":"https:\/\/home.diakse.com\/fr_fr\/#\/schema\/logo\/image\/","url":"https:\/\/home.diakse.com\/wp-content\/uploads\/2018\/01\/Diakse-V-business-3.0-Blanc.jpg","contentUrl":"https:\/\/home.diakse.com\/wp-content\/uploads\/2018\/01\/Diakse-V-business-3.0-Blanc.jpg","width":1000,"height":440,"caption":"Diakse"},"image":{"@id":"https:\/\/home.diakse.com\/fr_fr\/#\/schema\/logo\/image\/"},"sameAs":["https:\/\/www.facebook.com\/diakse","https:\/\/x.com\/Diakse_France","https:\/\/www.instagram.com\/diakse.france\/","https:\/\/www.linkedin.com\/company\/diakse","https:\/\/www.youtube.com\/channel\/UCbymWs9j6MjXmcYDcU-LVJA"]}]}},"_links":{"self":[{"href":"https:\/\/home.diakse.com\/en\/wp-json\/wp\/v2\/pages\/5112","targetHints":{"allow":["GET"]}}],"collection":[{"href":"https:\/\/home.diakse.com\/en\/wp-json\/wp\/v2\/pages"}],"about":[{"href":"https:\/\/home.diakse.com\/en\/wp-json\/wp\/v2\/types\/page"}],"author":[{"embeddable":true,"href":"https:\/\/home.diakse.com\/en\/wp-json\/wp\/v2\/users\/1"}],"replies":[{"embeddable":true,"href":"https:\/\/home.diakse.com\/en\/wp-json\/wp\/v2\/comments?post=5112"}],"version-history":[{"count":49,"href":"https:\/\/home.diakse.com\/en\/wp-json\/wp\/v2\/pages\/5112\/revisions"}],"predecessor-version":[{"id":5280,"href":"https:\/\/home.diakse.com\/en\/wp-json\/wp\/v2\/pages\/5112\/revisions\/5280"}],"wp:attachment":[{"href":"https:\/\/home.diakse.com\/en\/wp-json\/wp\/v2\/media?parent=5112"}],"curies":[{"name":"wp","href":"https:\/\/api.w.org\/{rel}","templated":true}]}}