{"id":6180,"date":"2024-07-17T09:26:44","date_gmt":"2024-07-17T09:26:44","guid":{"rendered":"https:\/\/home.diakse.com\/?page_id=6180"},"modified":"2024-07-17T09:26:44","modified_gmt":"2024-07-17T09:26:44","slug":"decathlon-une-nouvelle-facette-du-showroom-virtuel","status":"publish","type":"page","link":"https:\/\/home.diakse.com\/en\/decathlon-une-nouvelle-facette-du-showroom-virtuel","title":{"rendered":"Decathlon : Une nouvelle facette du showroom virtuel"},"content":{"rendered":"<div id=\"pl-6180\"  class=\"panel-layout\" ><div id=\"pg-6180-0\"  class=\"panel-grid panel-no-style\" ><div id=\"pgc-6180-0-0\"  class=\"panel-grid-cell\" ><div id=\"panel-6180-0-0-0\" class=\"so-panel widget widget_sow-image panel-first-child panel-last-child\" data-index=\"0\" ><div\n\t\t\t\n\t\t\tclass=\"so-widget-sow-image so-widget-sow-image-default-a258e6bfa2d8-6180\"\n\t\t\t\n\t\t>\n<div class=\"sow-image-container\">\n\t\t\t<a href=\"https:\/\/www.youtube.com\/watch?v=kCpDd-tRZ-M\"\n\t\t\ttarget=\"_blank\" rel=\"noopener noreferrer\" \t\t>\n\t\t\t<img fetchpriority=\"high\" \n\tsrc=\"https:\/\/home.diakse.com\/wp-content\/uploads\/2024\/05\/full-image-1.png\" width=\"1280\" height=\"720\" srcset=\"https:\/\/home.diakse.com\/wp-content\/uploads\/2024\/05\/full-image-1.png 1280w, https:\/\/home.diakse.com\/wp-content\/uploads\/2024\/05\/full-image-1-300x169.png 300w, https:\/\/home.diakse.com\/wp-content\/uploads\/2024\/05\/full-image-1-1024x576.png 1024w, https:\/\/home.diakse.com\/wp-content\/uploads\/2024\/05\/full-image-1-768x432.png 768w, https:\/\/home.diakse.com\/wp-content\/uploads\/2024\/05\/full-image-1-18x10.png 18w\" sizes=\"(max-width: 1280px) 100vw, 1280px\" title=\"full image 1\" alt=\"Blanc d&#039;Ivoire\" \t\tclass=\"so-widget-image\"\/>\n\t\t\t<\/a><\/div>\n\n<\/div><\/div><\/div><\/div><div id=\"pg-6180-1\"  class=\"panel-grid panel-no-style\" ><div id=\"pgc-6180-1-0\"  class=\"panel-grid-cell\" ><div id=\"panel-6180-1-0-0\" class=\"so-panel widget widget_sow-headline panel-first-child panel-last-child\" data-index=\"1\" ><div\n\t\t\t\n\t\t\tclass=\"so-widget-sow-headline so-widget-sow-headline-default-08ca780a4db4-6180\"\n\t\t\t\n\t\t><div class=\"sow-headline-container\">\n\t\t\t\t\t\t\t<h1 class=\"sow-headline\">\n\t\t\t\t\t\tDecathlon : Une nouvelle facette du showroom virtuel\t\t\t\t\t\t<\/h1>\n\t\t\t\t\t\t\t\t\t\t\t<div class=\"decoration\">\n\t\t\t\t\t\t<div class=\"decoration-inside\"><\/div>\n\t\t\t\t\t<\/div>\n\t\t\t\t\t<\/div>\n<\/div><\/div><\/div><\/div><div id=\"pg-6180-2\"  class=\"panel-grid panel-no-style\" ><div id=\"pgc-6180-2-0\"  class=\"panel-grid-cell panel-grid-cell-empty\" ><\/div><\/div><div id=\"pg-6180-3\"  class=\"panel-grid panel-no-style\" ><div id=\"pgc-6180-3-0\"  class=\"panel-grid-cell\" ><div id=\"panel-6180-3-0-0\" class=\"so-panel widget widget_sow-image panel-first-child panel-last-child\" data-index=\"2\" ><div\n\t\t\t\n\t\t\tclass=\"so-widget-sow-image so-widget-sow-image-default-c67d20f9f743-6180\"\n\t\t\t\n\t\t>\n<div class=\"sow-image-container\">\n\t\t<img \n\tsrc=\"https:\/\/home.diakse.com\/wp-content\/uploads\/2024\/06\/mec-decat-1.png\" width=\"640\" height=\"437\" srcset=\"https:\/\/home.diakse.com\/wp-content\/uploads\/2024\/06\/mec-decat-1.png 936w, https:\/\/home.diakse.com\/wp-content\/uploads\/2024\/06\/mec-decat-1-300x205.png 300w, https:\/\/home.diakse.com\/wp-content\/uploads\/2024\/06\/mec-decat-1-768x524.png 768w, https:\/\/home.diakse.com\/wp-content\/uploads\/2024\/06\/mec-decat-1-18x12.png 18w\" sizes=\"(max-width: 640px) 100vw, 640px\" title=\"mec decat\" alt=\"\" \t\tclass=\"so-widget-image\"\/>\n\t<\/div>\n\n<\/div><\/div><\/div><div id=\"pgc-6180-3-1\"  class=\"panel-grid-cell\" ><div id=\"panel-6180-3-1-0\" class=\"so-panel widget widget_sow-image panel-first-child\" data-index=\"3\" ><div\n\t\t\t\n\t\t\tclass=\"so-widget-sow-image so-widget-sow-image-default-c67d20f9f743-6180\"\n\t\t\t\n\t\t>\n<div class=\"sow-image-container\">\n\t\t<img \n\tsrc=\"https:\/\/home.diakse.com\/wp-content\/uploads\/2024\/06\/nv-co-decat-300x168.png\" width=\"300\" height=\"168\" srcset=\"https:\/\/home.diakse.com\/wp-content\/uploads\/2024\/06\/nv-co-decat-300x168.png 300w, https:\/\/home.diakse.com\/wp-content\/uploads\/2024\/06\/nv-co-decat-1024x573.png 1024w, https:\/\/home.diakse.com\/wp-content\/uploads\/2024\/06\/nv-co-decat-768x430.png 768w, https:\/\/home.diakse.com\/wp-content\/uploads\/2024\/06\/nv-co-decat-18x10.png 18w, https:\/\/home.diakse.com\/wp-content\/uploads\/2024\/06\/nv-co-decat.png 1425w\" sizes=\"(max-width: 300px) 100vw, 300px\" title=\"nv co decat\" alt=\"\" \t\tclass=\"so-widget-image\"\/>\n\t<\/div>\n\n<\/div><\/div><div id=\"panel-6180-3-1-1\" class=\"so-panel widget widget_sow-editor panel-last-child\" data-index=\"4\" ><div\n\t\t\t\n\t\t\tclass=\"so-widget-sow-editor so-widget-sow-editor-base\"\n\t\t\t\n\t\t>\n<div class=\"siteorigin-widget-tinymce textwidget\">\n\t<p>A l\u2019attention des directeurs r\u00e9gionaux de Decathlon, KIPRUN, sa marque embl\u00e9matique de trail running fait appel \u00e0 Diakse pour pr\u00e9senter ses nouvelles collections.<\/p>\n<\/div>\n<\/div><\/div><\/div><\/div><div id=\"pg-6180-4\"  class=\"panel-grid panel-no-style\" ><div id=\"pgc-6180-4-0\"  class=\"panel-grid-cell\" ><div id=\"panel-6180-4-0-0\" class=\"so-panel widget widget_sow-editor panel-first-child panel-last-child\" data-index=\"5\" ><div\n\t\t\t\n\t\t\tclass=\"so-widget-sow-editor so-widget-sow-editor-base\"\n\t\t\t\n\t\t>\n<div class=\"siteorigin-widget-tinymce textwidget\">\n\t<h1 style=\"text-align: center;\">+350<\/h1>\n<h4 style=\"text-align: center;\">contenus diff\u00e9rents<\/h4>\n<\/div>\n<\/div><\/div><\/div><div id=\"pgc-6180-4-1\"  class=\"panel-grid-cell\" ><div id=\"panel-6180-4-1-0\" class=\"so-panel widget widget_sow-editor panel-first-child panel-last-child\" data-index=\"6\" ><div\n\t\t\t\n\t\t\tclass=\"so-widget-sow-editor so-widget-sow-editor-base\"\n\t\t\t\n\t\t>\n<div class=\"siteorigin-widget-tinymce textwidget\">\n\t<h1 style=\"text-align: center;\">65<\/h1>\n<h4 style=\"text-align: center;\">pays qui ont acc\u00e8s au showroom<\/h4>\n<\/div>\n<\/div><\/div><\/div><div id=\"pgc-6180-4-2\"  class=\"panel-grid-cell\" ><div id=\"panel-6180-4-2-0\" class=\"so-panel widget widget_sow-editor panel-first-child panel-last-child\" data-index=\"7\" ><div\n\t\t\t\n\t\t\tclass=\"so-widget-sow-editor so-widget-sow-editor-base\"\n\t\t\t\n\t\t>\n<div class=\"siteorigin-widget-tinymce textwidget\">\n\t<h1 style=\"text-align: center;\">2x<\/h1>\n<h4 style=\"text-align: center;\">more interactions than on a 2D web site<\/h4>\n<\/div>\n<\/div><\/div><\/div><\/div><div id=\"pg-6180-5\"  class=\"panel-grid panel-no-style\" ><div id=\"pgc-6180-5-0\"  class=\"panel-grid-cell\" ><div id=\"panel-6180-5-0-0\" class=\"so-panel widget widget_sow-headline panel-first-child panel-last-child\" data-index=\"8\" ><div\n\t\t\t\n\t\t\tclass=\"so-widget-sow-headline so-widget-sow-headline-default-08ca780a4db4-6180\"\n\t\t\t\n\t\t><div class=\"sow-headline-container\">\n\t\t\t\t\t\t\t<h1 class=\"sow-headline\">\n\t\t\t\t\t\tLe projet KIPRUN\t\t\t\t\t\t<\/h1>\n\t\t\t\t\t\t\t\t\t\t\t<div class=\"decoration\">\n\t\t\t\t\t\t<div class=\"decoration-inside\"><\/div>\n\t\t\t\t\t<\/div>\n\t\t\t\t\t<\/div>\n<\/div><\/div><\/div><\/div><div id=\"pg-6180-6\"  class=\"panel-grid panel-no-style\" ><div id=\"pgc-6180-6-0\"  class=\"panel-grid-cell\" ><div id=\"panel-6180-6-0-0\" class=\"so-panel widget widget_sow-editor panel-first-child panel-last-child\" data-index=\"9\" ><div\n\t\t\t\n\t\t\tclass=\"so-widget-sow-editor so-widget-sow-editor-base\"\n\t\t\t\n\t\t>\n<div class=\"siteorigin-widget-tinymce textwidget\">\n\t<h3 style=\"text-align: center;\"><strong>Context and objectives <\/strong><\/h3>\n<p>Kiprun, marque embl\u00e9matique de Decathlon avait besoin de cr\u00e9er un espace pour pr\u00e9senter ses nouvelles chaussures, v\u00eatements et \u00e9quipements \u00e0 ses directeurs r\u00e9gionaux, ce qui a \u00e9t\u00e9 r\u00e9alis\u00e9 avec succ\u00e8s gr\u00e2ce \u00e0 la technologie de <a href=\"https:\/\/home.diakse.com\/en\/solutions\/\">DIAKSE<\/a> .<\/p>\n<\/div>\n<\/div><\/div><\/div><div id=\"pgc-6180-6-1\"  class=\"panel-grid-cell\" ><div id=\"panel-6180-6-1-0\" class=\"so-panel widget widget_sow-editor panel-first-child panel-last-child\" data-index=\"10\" ><div\n\t\t\t\n\t\t\tclass=\"so-widget-sow-editor so-widget-sow-editor-base\"\n\t\t\t\n\t\t>\n<div class=\"siteorigin-widget-tinymce textwidget\">\n\t<h3 style=\"text-align: center;\"><strong>Realization <\/strong><\/h3>\n<p>Le showroom pr\u00e9sente \u00e0 la fois un tr\u00e8s grand nombre d\u2019articles diff\u00e9rents mais aussi la strat\u00e9gie de march\u00e9 de la marque mise en avant par des avatars de personnes r\u00e9elles et des tutoriels.<\/p>\n<p>&nbsp;<\/p>\n<\/div>\n<\/div><\/div><\/div><div id=\"pgc-6180-6-2\"  class=\"panel-grid-cell\" ><div id=\"panel-6180-6-2-0\" class=\"so-panel widget widget_sow-editor panel-first-child panel-last-child\" data-index=\"11\" ><div\n\t\t\t\n\t\t\tclass=\"so-widget-sow-editor so-widget-sow-editor-base\"\n\t\t\t\n\t\t>\n<div class=\"siteorigin-widget-tinymce textwidget\">\n\t<h3 style=\"text-align: center;\"><strong>Results <\/strong><\/h3>\n<p style=\"text-align: center;\">Cette immersion totale permet aux directeurs de pr\u00e9parer leur s\u00e9lection que vous d\u00e9couvrirez en 2025.<\/p>\n<\/div>\n<\/div><\/div><\/div><\/div><div id=\"pg-6180-7\"  class=\"panel-grid panel-no-style\" ><div id=\"pgc-6180-7-0\"  class=\"panel-grid-cell panel-grid-cell-empty\" ><\/div><div id=\"pgc-6180-7-1\"  class=\"panel-grid-cell panel-grid-cell-mobile-last\" ><div id=\"panel-6180-7-1-0\" class=\"so-panel widget widget_sow-button panel-first-child panel-last-child\" data-index=\"12\" ><div\n\t\t\t\n\t\t\tclass=\"so-widget-sow-button so-widget-sow-button-atom-ddfc18db71d7-6180\"\n\t\t\t\n\t\t><div class=\"ow-button-base ow-button-align-center\"\n>\n\t\t\t<a\n\t\t\t\t\thref=\"https:\/\/home.diakse.com\/en\/contact\/\"\n\t\t\t\t\tclass=\"sowb-button ow-icon-placement-left ow-button-hover\" \t>\n\t\t<span>\n\t\t\t\n\t\t\t<div id=\"undevis\">GET A QUOTE<\/div>\t\t<\/span>\n\t\t\t<\/a>\n\t<\/div>\n<\/div><\/div><\/div><div id=\"pgc-6180-7-2\"  class=\"panel-grid-cell panel-grid-cell-empty\" ><\/div><\/div><div id=\"pg-6180-8\"  class=\"panel-grid panel-no-style\" ><div id=\"pgc-6180-8-0\"  class=\"panel-grid-cell panel-grid-cell-empty\" ><\/div><div id=\"pgc-6180-8-1\"  class=\"panel-grid-cell panel-grid-cell-empty panel-grid-cell-mobile-last\" ><\/div><div id=\"pgc-6180-8-2\"  class=\"panel-grid-cell panel-grid-cell-empty\" ><\/div><\/div><\/div>","protected":false},"excerpt":{"rendered":"<p>Decathlon : Une nouvelle facette du showroom virtuel A l\u2019attention des directeurs r\u00e9gionaux de Decathlon, KIPRUN, sa marque embl\u00e9matique de trail running fait appel \u00e0 Diakse pour pr\u00e9senter ses nouvelles collections. +350 contenus diff\u00e9rents 65 pays qui ont acc\u00e8s au showroom 2x plus d&rsquo;interactions que sur un site 2D Le projet KIPRUN Contexte et objectifs <a href=\"https:\/\/home.diakse.com\/en\/decathlon-une-nouvelle-facette-du-showroom-virtuel\" rel=\"nofollow\"><span class=\"sr-only\">Read more about Decathlon : Une nouvelle facette du showroom virtuel<\/span>[&hellip;]<\/a><\/p>\n","protected":false},"author":1,"featured_media":0,"parent":0,"menu_order":0,"comment_status":"closed","ping_status":"closed","template":"template-fullwidth-no-title.php","meta":{"_exactmetrics_skip_tracking":false,"_exactmetrics_sitenote_active":false,"_exactmetrics_sitenote_note":"","_exactmetrics_sitenote_category":0,"footnotes":""},"class_list":["post-6180","page","type-page","status-publish","hentry"],"yoast_head":"<!-- This site is optimized with the Yoast SEO plugin v27.3 - https:\/\/yoast.com\/product\/yoast-seo-wordpress\/ -->\n<title>Decathlon : Une nouvelle facette du showroom virtuel<\/title>\n<meta name=\"description\" content=\"Comment Blanc d&#039;Ivoire propose \u00e0 ses clients une exp\u00e9rience de shopping immersive. Ainsi qu&#039;\u00e0 ses prospects avec un syst\u00e8me de visio.\" \/>\n<meta name=\"robots\" content=\"index, follow, max-snippet:-1, max-image-preview:large, max-video-preview:-1\" \/>\n<link rel=\"canonical\" href=\"https:\/\/home.diakse.com\/en\/decathlon-une-nouvelle-facette-du-showroom-virtuel\/\" \/>\n<meta property=\"og:locale\" content=\"en_GB\" \/>\n<meta property=\"og:type\" content=\"article\" \/>\n<meta property=\"og:title\" content=\"Decathlon : Une nouvelle facette du showroom virtuel\" \/>\n<meta property=\"og:description\" content=\"Comment Blanc d&#039;Ivoire propose \u00e0 ses clients une exp\u00e9rience de shopping immersive. Ainsi qu&#039;\u00e0 ses prospects avec un syst\u00e8me de visio.\" \/>\n<meta property=\"og:url\" content=\"https:\/\/home.diakse.com\/en\/decathlon-une-nouvelle-facette-du-showroom-virtuel\/\" \/>\n<meta property=\"og:site_name\" content=\"Diakse\" \/>\n<meta property=\"article:publisher\" content=\"https:\/\/www.facebook.com\/diakse\" \/>\n<meta name=\"twitter:card\" content=\"summary_large_image\" \/>\n<meta name=\"twitter:site\" content=\"@Diakse_France\" \/>\n<meta name=\"twitter:label1\" content=\"Estimated reading time\" \/>\n\t<meta name=\"twitter:data1\" content=\"2 minutes\" \/>\n<script type=\"application\/ld+json\" class=\"yoast-schema-graph\">{\"@context\":\"https:\\\/\\\/schema.org\",\"@graph\":[{\"@type\":\"WebPage\",\"@id\":\"https:\\\/\\\/home.diakse.com\\\/decathlon-une-nouvelle-facette-du-showroom-virtuel\",\"url\":\"https:\\\/\\\/home.diakse.com\\\/decathlon-une-nouvelle-facette-du-showroom-virtuel\",\"name\":\"Decathlon : Une nouvelle facette du showroom virtuel\",\"isPartOf\":{\"@id\":\"https:\\\/\\\/home.diakse.com\\\/fr_fr\\\/#website\"},\"datePublished\":\"2024-07-17T09:26:44+00:00\",\"description\":\"Comment Blanc d'Ivoire propose \u00e0 ses clients une exp\u00e9rience de shopping immersive. Ainsi qu'\u00e0 ses prospects avec un syst\u00e8me de visio.\",\"breadcrumb\":{\"@id\":\"https:\\\/\\\/home.diakse.com\\\/decathlon-une-nouvelle-facette-du-showroom-virtuel#breadcrumb\"},\"inLanguage\":\"en-GB\",\"potentialAction\":[{\"@type\":\"ReadAction\",\"target\":[\"https:\\\/\\\/home.diakse.com\\\/decathlon-une-nouvelle-facette-du-showroom-virtuel\"]}]},{\"@type\":\"BreadcrumbList\",\"@id\":\"https:\\\/\\\/home.diakse.com\\\/decathlon-une-nouvelle-facette-du-showroom-virtuel#breadcrumb\",\"itemListElement\":[{\"@type\":\"ListItem\",\"position\":1,\"name\":\"Accueil\",\"item\":\"https:\\\/\\\/home.diakse.com\\\/fr_fr\\\/\"},{\"@type\":\"ListItem\",\"position\":2,\"name\":\"Decathlon : Une nouvelle facette du showroom virtuel\"}]},{\"@type\":\"WebSite\",\"@id\":\"https:\\\/\\\/home.diakse.com\\\/fr_fr\\\/#website\",\"url\":\"https:\\\/\\\/home.diakse.com\\\/fr_fr\\\/\",\"name\":\"Diakse\",\"description\":\"Virtual Shops - La solution de cr\u00e9ation de boutiques virtuelles\",\"publisher\":{\"@id\":\"https:\\\/\\\/home.diakse.com\\\/fr_fr\\\/#organization\"},\"potentialAction\":[{\"@type\":\"SearchAction\",\"target\":{\"@type\":\"EntryPoint\",\"urlTemplate\":\"https:\\\/\\\/home.diakse.com\\\/fr_fr\\\/?s={search_term_string}\"},\"query-input\":{\"@type\":\"PropertyValueSpecification\",\"valueRequired\":true,\"valueName\":\"search_term_string\"}}],\"inLanguage\":\"en-GB\"},{\"@type\":\"Organization\",\"@id\":\"https:\\\/\\\/home.diakse.com\\\/fr_fr\\\/#organization\",\"name\":\"Diakse\",\"url\":\"https:\\\/\\\/home.diakse.com\\\/fr_fr\\\/\",\"logo\":{\"@type\":\"ImageObject\",\"inLanguage\":\"en-GB\",\"@id\":\"https:\\\/\\\/home.diakse.com\\\/fr_fr\\\/#\\\/schema\\\/logo\\\/image\\\/\",\"url\":\"https:\\\/\\\/home.diakse.com\\\/wp-content\\\/uploads\\\/2018\\\/01\\\/Diakse-V-business-3.0-Blanc.jpg\",\"contentUrl\":\"https:\\\/\\\/home.diakse.com\\\/wp-content\\\/uploads\\\/2018\\\/01\\\/Diakse-V-business-3.0-Blanc.jpg\",\"width\":1000,\"height\":440,\"caption\":\"Diakse\"},\"image\":{\"@id\":\"https:\\\/\\\/home.diakse.com\\\/fr_fr\\\/#\\\/schema\\\/logo\\\/image\\\/\"},\"sameAs\":[\"https:\\\/\\\/www.facebook.com\\\/diakse\",\"https:\\\/\\\/x.com\\\/Diakse_France\",\"https:\\\/\\\/www.instagram.com\\\/diakse.france\\\/\",\"https:\\\/\\\/www.linkedin.com\\\/company\\\/diakse\",\"https:\\\/\\\/www.youtube.com\\\/channel\\\/UCbymWs9j6MjXmcYDcU-LVJA\"]}]}<\/script>\n<!-- \/ Yoast SEO plugin. -->","yoast_head_json":{"title":"Decathlon : Une nouvelle facette du showroom virtuel","description":"Comment Blanc d'Ivoire propose \u00e0 ses clients une exp\u00e9rience de shopping immersive. Ainsi qu'\u00e0 ses prospects avec un syst\u00e8me de visio.","robots":{"index":"index","follow":"follow","max-snippet":"max-snippet:-1","max-image-preview":"max-image-preview:large","max-video-preview":"max-video-preview:-1"},"canonical":"https:\/\/home.diakse.com\/en\/decathlon-une-nouvelle-facette-du-showroom-virtuel\/","og_locale":"en_GB","og_type":"article","og_title":"Decathlon : Une nouvelle facette du showroom virtuel","og_description":"Comment Blanc d'Ivoire propose \u00e0 ses clients une exp\u00e9rience de shopping immersive. Ainsi qu'\u00e0 ses prospects avec un syst\u00e8me de visio.","og_url":"https:\/\/home.diakse.com\/en\/decathlon-une-nouvelle-facette-du-showroom-virtuel\/","og_site_name":"Diakse","article_publisher":"https:\/\/www.facebook.com\/diakse","twitter_card":"summary_large_image","twitter_site":"@Diakse_France","twitter_misc":{"Estimated reading time":"2 minutes"},"schema":{"@context":"https:\/\/schema.org","@graph":[{"@type":"WebPage","@id":"https:\/\/home.diakse.com\/decathlon-une-nouvelle-facette-du-showroom-virtuel","url":"https:\/\/home.diakse.com\/decathlon-une-nouvelle-facette-du-showroom-virtuel","name":"Decathlon : Une nouvelle facette du showroom virtuel","isPartOf":{"@id":"https:\/\/home.diakse.com\/fr_fr\/#website"},"datePublished":"2024-07-17T09:26:44+00:00","description":"Comment Blanc d'Ivoire propose \u00e0 ses clients une exp\u00e9rience de shopping immersive. Ainsi qu'\u00e0 ses prospects avec un syst\u00e8me de visio.","breadcrumb":{"@id":"https:\/\/home.diakse.com\/decathlon-une-nouvelle-facette-du-showroom-virtuel#breadcrumb"},"inLanguage":"en-GB","potentialAction":[{"@type":"ReadAction","target":["https:\/\/home.diakse.com\/decathlon-une-nouvelle-facette-du-showroom-virtuel"]}]},{"@type":"BreadcrumbList","@id":"https:\/\/home.diakse.com\/decathlon-une-nouvelle-facette-du-showroom-virtuel#breadcrumb","itemListElement":[{"@type":"ListItem","position":1,"name":"Accueil","item":"https:\/\/home.diakse.com\/fr_fr\/"},{"@type":"ListItem","position":2,"name":"Decathlon : Une nouvelle facette du showroom virtuel"}]},{"@type":"WebSite","@id":"https:\/\/home.diakse.com\/fr_fr\/#website","url":"https:\/\/home.diakse.com\/fr_fr\/","name":"Diakse","description":"Virtual Shops - La solution de cr\u00e9ation de boutiques virtuelles","publisher":{"@id":"https:\/\/home.diakse.com\/fr_fr\/#organization"},"potentialAction":[{"@type":"SearchAction","target":{"@type":"EntryPoint","urlTemplate":"https:\/\/home.diakse.com\/fr_fr\/?s={search_term_string}"},"query-input":{"@type":"PropertyValueSpecification","valueRequired":true,"valueName":"search_term_string"}}],"inLanguage":"en-GB"},{"@type":"Organization","@id":"https:\/\/home.diakse.com\/fr_fr\/#organization","name":"Diakse","url":"https:\/\/home.diakse.com\/fr_fr\/","logo":{"@type":"ImageObject","inLanguage":"en-GB","@id":"https:\/\/home.diakse.com\/fr_fr\/#\/schema\/logo\/image\/","url":"https:\/\/home.diakse.com\/wp-content\/uploads\/2018\/01\/Diakse-V-business-3.0-Blanc.jpg","contentUrl":"https:\/\/home.diakse.com\/wp-content\/uploads\/2018\/01\/Diakse-V-business-3.0-Blanc.jpg","width":1000,"height":440,"caption":"Diakse"},"image":{"@id":"https:\/\/home.diakse.com\/fr_fr\/#\/schema\/logo\/image\/"},"sameAs":["https:\/\/www.facebook.com\/diakse","https:\/\/x.com\/Diakse_France","https:\/\/www.instagram.com\/diakse.france\/","https:\/\/www.linkedin.com\/company\/diakse","https:\/\/www.youtube.com\/channel\/UCbymWs9j6MjXmcYDcU-LVJA"]}]}},"_links":{"self":[{"href":"https:\/\/home.diakse.com\/en\/wp-json\/wp\/v2\/pages\/6180","targetHints":{"allow":["GET"]}}],"collection":[{"href":"https:\/\/home.diakse.com\/en\/wp-json\/wp\/v2\/pages"}],"about":[{"href":"https:\/\/home.diakse.com\/en\/wp-json\/wp\/v2\/types\/page"}],"author":[{"embeddable":true,"href":"https:\/\/home.diakse.com\/en\/wp-json\/wp\/v2\/users\/1"}],"replies":[{"embeddable":true,"href":"https:\/\/home.diakse.com\/en\/wp-json\/wp\/v2\/comments?post=6180"}],"version-history":[{"count":25,"href":"https:\/\/home.diakse.com\/en\/wp-json\/wp\/v2\/pages\/6180\/revisions"}],"predecessor-version":[{"id":6231,"href":"https:\/\/home.diakse.com\/en\/wp-json\/wp\/v2\/pages\/6180\/revisions\/6231"}],"wp:attachment":[{"href":"https:\/\/home.diakse.com\/en\/wp-json\/wp\/v2\/media?parent=6180"}],"curies":[{"name":"wp","href":"https:\/\/api.w.org\/{rel}","templated":true}]}}