{"id":6252,"date":"2024-07-17T09:43:26","date_gmt":"2024-07-17T09:43:26","guid":{"rendered":"https:\/\/home.diakse.com\/?page_id=6252"},"modified":"2024-07-17T09:43:26","modified_gmt":"2024-07-17T09:43:26","slug":"norba-choisissez-lamenagement-de-votre-futur-appartement","status":"publish","type":"page","link":"https:\/\/home.diakse.com\/en\/norba-choisissez-lamenagement-de-votre-futur-appartement","title":{"rendered":"Norba : Choisissez l\u2019am\u00e9nagement de votre futur appartement"},"content":{"rendered":"<div id=\"pl-6252\"  class=\"panel-layout\" ><div id=\"pg-6252-0\"  class=\"panel-grid panel-no-style\" ><div id=\"pgc-6252-0-0\"  class=\"panel-grid-cell\" ><div id=\"panel-6252-0-0-0\" class=\"so-panel widget widget_sow-image panel-first-child panel-last-child\" data-index=\"0\" ><div\n\t\t\t\n\t\t\tclass=\"so-widget-sow-image so-widget-sow-image-default-a258e6bfa2d8-6252\"\n\t\t\t\n\t\t>\n<div class=\"sow-image-container\">\n\t\t\t<a href=\"https:\/\/youtu.be\/CLR1dD5CAqY\"\n\t\t\ttarget=\"_blank\" rel=\"noopener noreferrer\" \t\t>\n\t\t\t<img fetchpriority=\"high\" \n\tsrc=\"https:\/\/home.diakse.com\/wp-content\/uploads\/2024\/07\/full-image-norba.jpg\" width=\"1280\" height=\"720\" srcset=\"https:\/\/home.diakse.com\/wp-content\/uploads\/2024\/07\/full-image-norba.jpg 1280w, https:\/\/home.diakse.com\/wp-content\/uploads\/2024\/07\/full-image-norba-300x169.jpg 300w, https:\/\/home.diakse.com\/wp-content\/uploads\/2024\/07\/full-image-norba-1024x576.jpg 1024w, https:\/\/home.diakse.com\/wp-content\/uploads\/2024\/07\/full-image-norba-768x432.jpg 768w, https:\/\/home.diakse.com\/wp-content\/uploads\/2024\/07\/full-image-norba-18x10.jpg 18w\" sizes=\"(max-width: 1280px) 100vw, 1280px\" title=\"full image norba\" alt=\"Argellies RP\" \t\tclass=\"so-widget-image\"\/>\n\t\t\t<\/a><\/div>\n\n<\/div><\/div><\/div><\/div><div id=\"pg-6252-1\"  class=\"panel-grid panel-no-style\" ><div id=\"pgc-6252-1-0\"  class=\"panel-grid-cell\" ><div id=\"panel-6252-1-0-0\" class=\"so-panel widget widget_sow-headline panel-first-child panel-last-child\" data-index=\"1\" ><div\n\t\t\t\n\t\t\tclass=\"so-widget-sow-headline so-widget-sow-headline-default-08ca780a4db4-6252\"\n\t\t\t\n\t\t><div class=\"sow-headline-container\">\n\t\t\t\t\t\t\t<h1 class=\"sow-headline\">\n\t\t\t\t\t\tNorba : Choisissez l'am\u00e9nagement de votre futur appartement\t\t\t\t\t\t<\/h1>\n\t\t\t\t\t\t\t\t\t\t\t<div class=\"decoration\">\n\t\t\t\t\t\t<div class=\"decoration-inside\"><\/div>\n\t\t\t\t\t<\/div>\n\t\t\t\t\t<\/div>\n<\/div><\/div><\/div><\/div><div id=\"pg-6252-2\"  class=\"panel-grid panel-no-style\" ><div id=\"pgc-6252-2-0\"  class=\"panel-grid-cell panel-grid-cell-empty\" ><\/div><\/div><div id=\"pg-6252-3\"  class=\"panel-grid panel-no-style\" ><div id=\"pgc-6252-3-0\"  class=\"panel-grid-cell\" ><div id=\"panel-6252-3-0-0\" class=\"so-panel widget widget_sow-image panel-first-child panel-last-child\" data-index=\"2\" ><div\n\t\t\t\n\t\t\tclass=\"so-widget-sow-image so-widget-sow-image-default-c67d20f9f743-6252\"\n\t\t\t\n\t\t>\n<div class=\"sow-image-container\">\n\t\t<img \n\tsrc=\"https:\/\/home.diakse.com\/wp-content\/uploads\/2024\/07\/appartement-1024x667.png\" width=\"640\" height=\"417\" srcset=\"https:\/\/home.diakse.com\/wp-content\/uploads\/2024\/07\/appartement-1024x667.png 1024w, https:\/\/home.diakse.com\/wp-content\/uploads\/2024\/07\/appartement-300x196.png 300w, https:\/\/home.diakse.com\/wp-content\/uploads\/2024\/07\/appartement-768x501.png 768w, https:\/\/home.diakse.com\/wp-content\/uploads\/2024\/07\/appartement-18x12.png 18w, https:\/\/home.diakse.com\/wp-content\/uploads\/2024\/07\/appartement.png 1447w\" sizes=\"(max-width: 640px) 100vw, 640px\" alt=\"\" \t\tclass=\"so-widget-image\"\/>\n\t<\/div>\n\n<\/div><\/div><\/div><div id=\"pgc-6252-3-1\"  class=\"panel-grid-cell\" ><div id=\"panel-6252-3-1-0\" class=\"so-panel widget widget_sow-image panel-first-child\" data-index=\"3\" ><div\n\t\t\t\n\t\t\tclass=\"so-widget-sow-image so-widget-sow-image-default-c67d20f9f743-6252\"\n\t\t\t\n\t\t>\n<div class=\"sow-image-container\">\n\t\t<img \n\tsrc=\"https:\/\/home.diakse.com\/wp-content\/uploads\/2024\/07\/poignees-239x300.jpg\" width=\"239\" height=\"300\" srcset=\"https:\/\/home.diakse.com\/wp-content\/uploads\/2024\/07\/poignees-239x300.jpg 239w, https:\/\/home.diakse.com\/wp-content\/uploads\/2024\/07\/poignees-816x1024.jpg 816w, https:\/\/home.diakse.com\/wp-content\/uploads\/2024\/07\/poignees-768x964.jpg 768w, https:\/\/home.diakse.com\/wp-content\/uploads\/2024\/07\/poignees-10x12.jpg 10w, https:\/\/home.diakse.com\/wp-content\/uploads\/2024\/07\/poignees.jpg 1071w\" sizes=\"(max-width: 239px) 100vw, 239px\" title=\"poign\u00e9es\" alt=\"\" \t\tclass=\"so-widget-image\"\/>\n\t<\/div>\n\n<\/div><\/div><div id=\"panel-6252-3-1-1\" class=\"so-panel widget widget_sow-editor panel-last-child\" data-index=\"4\" ><div\n\t\t\t\n\t\t\tclass=\"so-widget-sow-editor so-widget-sow-editor-base\"\n\t\t\t\n\t\t>\n<div class=\"siteorigin-widget-tinymce textwidget\">\n\t<h5>Norba, sp\u00e9cialiste de la menuiserie fait appel \u00e0 Diakse pour simplifier les \u00e9changes avec ses clients. Cette collaboration permet aux futurs propri\u00e9taires d'am\u00e9nager leur futur appartement comme ils le d\u00e9sirent.<\/h5>\n<\/div>\n<\/div><\/div><\/div><\/div><div id=\"pg-6252-4\"  class=\"panel-grid panel-no-style\" ><div id=\"pgc-6252-4-0\"  class=\"panel-grid-cell\" ><div id=\"panel-6252-4-0-0\" class=\"so-panel widget widget_sow-editor panel-first-child panel-last-child\" data-index=\"5\" ><div\n\t\t\t\n\t\t\tclass=\"so-widget-sow-editor so-widget-sow-editor-base\"\n\t\t\t\n\t\t>\n<div class=\"siteorigin-widget-tinymce textwidget\">\n\t<h1 style=\"text-align: center;\">+ de 5000<\/h1>\n<h4 style=\"text-align: center;\">configurations de portes et d'armoires diff\u00e9rentes<\/h4>\n<\/div>\n<\/div><\/div><\/div><div id=\"pgc-6252-4-1\"  class=\"panel-grid-cell\" ><div id=\"panel-6252-4-1-0\" class=\"so-panel widget widget_sow-editor panel-first-child panel-last-child\" data-index=\"6\" ><div\n\t\t\t\n\t\t\tclass=\"so-widget-sow-editor so-widget-sow-editor-base\"\n\t\t\t\n\t\t>\n<div class=\"siteorigin-widget-tinymce textwidget\">\n\t<h1 style=\"text-align: center;\">Economie de temps et d'argent<\/h1>\n<h4 style=\"text-align: center;\"><\/h4>\n<\/div>\n<\/div><\/div><\/div><div id=\"pgc-6252-4-2\"  class=\"panel-grid-cell\" ><div id=\"panel-6252-4-2-0\" class=\"so-panel widget widget_sow-editor panel-first-child panel-last-child\" data-index=\"7\" ><div\n\t\t\t\n\t\t\tclass=\"so-widget-sow-editor so-widget-sow-editor-base\"\n\t\t\t\n\t\t>\n<div class=\"siteorigin-widget-tinymce textwidget\">\n\t<h1 style=\"text-align: center;\">2x<\/h1>\n<h4 style=\"text-align: center;\">Plus d'interactions que sur un site 2D<\/h4>\n<\/div>\n<\/div><\/div><\/div><\/div><div id=\"pg-6252-5\"  class=\"panel-grid panel-no-style\" ><div id=\"pgc-6252-5-0\"  class=\"panel-grid-cell\" ><div id=\"panel-6252-5-0-0\" class=\"so-panel widget widget_sow-headline panel-first-child panel-last-child\" data-index=\"8\" ><div\n\t\t\t\n\t\t\tclass=\"so-widget-sow-headline so-widget-sow-headline-default-08ca780a4db4-6252\"\n\t\t\t\n\t\t><div class=\"sow-headline-container\">\n\t\t\t\t\t\t\t<h1 class=\"sow-headline\">\n\t\t\t\t\t\tLe projet Norba\t\t\t\t\t\t<\/h1>\n\t\t\t\t\t\t\t\t\t\t\t<div class=\"decoration\">\n\t\t\t\t\t\t<div class=\"decoration-inside\"><\/div>\n\t\t\t\t\t<\/div>\n\t\t\t\t\t<\/div>\n<\/div><\/div><\/div><\/div><div id=\"pg-6252-6\"  class=\"panel-grid panel-no-style\" ><div id=\"pgc-6252-6-0\"  class=\"panel-grid-cell\" ><div id=\"panel-6252-6-0-0\" class=\"so-panel widget widget_sow-editor panel-first-child panel-last-child\" data-index=\"9\" ><div\n\t\t\t\n\t\t\tclass=\"so-widget-sow-editor so-widget-sow-editor-base\"\n\t\t\t\n\t\t>\n<div class=\"siteorigin-widget-tinymce textwidget\">\n\t<h3 style=\"text-align: center;\"><strong>Context and objectives <\/strong><\/h3>\n<p>Norba veut offrir la possibilit\u00e9 \u00e0 ses clients d\u2019am\u00e9nager leur futur appartement. Pour cela un large choix de portes et armoires s\u2019offre \u00e0 eux.<\/p>\n<\/div>\n<\/div><\/div><\/div><div id=\"pgc-6252-6-1\"  class=\"panel-grid-cell\" ><div id=\"panel-6252-6-1-0\" class=\"so-panel widget widget_sow-editor panel-first-child panel-last-child\" data-index=\"10\" ><div\n\t\t\t\n\t\t\tclass=\"so-widget-sow-editor so-widget-sow-editor-base\"\n\t\t\t\n\t\t>\n<div class=\"siteorigin-widget-tinymce textwidget\">\n\t<h3 style=\"text-align: center;\"><strong>Realization <\/strong><\/h3>\n<p>Diakse a cr\u00e9\u00e9 une interface simple et intuitive permettant aux acqu\u00e9reurs de configurer facilement leur appartement avec les options propos\u00e9es.<\/p>\n<p>Cette interface g\u00e9n\u00e8re ensuite un showroom virtuel qui reproduit le futur appartement de l'acheteur.<\/p>\n<\/div>\n<\/div><\/div><\/div><div id=\"pgc-6252-6-2\"  class=\"panel-grid-cell\" ><div id=\"panel-6252-6-2-0\" class=\"so-panel widget widget_sow-editor panel-first-child panel-last-child\" data-index=\"11\" ><div\n\t\t\t\n\t\t\tclass=\"so-widget-sow-editor so-widget-sow-editor-base\"\n\t\t\t\n\t\t>\n<div class=\"siteorigin-widget-tinymce textwidget\">\n\t<h3 style=\"text-align: center;\"><strong>Results <\/strong><\/h3>\n<p>La cr\u00e9ation de l\u2019appartement am\u00e9nag\u00e9 par l\u2019interface de configuration permet \u00e0 Norba une \u00e9conomie de temps et d\u2019argent. L\u2019entreprise peut organiser des rendez-vous \u00e0 distance pour pr\u00e9senter l\u2019am\u00e9nagement du futur lieu de vie de ses clients.<\/p>\n<p>Fort de cette exp\u00e9rience, Diakse d\u00e9veloppe maintenant une IA qui propose des configurations parmi les plus tendances du moment. Norba peut \u00e9galement s\u2019y r\u00e9f\u00e9rer pour anticiper ses commandes de mat\u00e9riaux.<\/p>\n<\/div>\n<\/div><\/div><\/div><\/div><div id=\"pg-6252-7\"  class=\"panel-grid panel-no-style\" ><div id=\"pgc-6252-7-0\"  class=\"panel-grid-cell panel-grid-cell-empty\" ><\/div><div id=\"pgc-6252-7-1\"  class=\"panel-grid-cell panel-grid-cell-mobile-last\" ><div id=\"panel-6252-7-1-0\" class=\"so-panel widget widget_sow-button panel-first-child panel-last-child\" data-index=\"12\" ><div\n\t\t\t\n\t\t\tclass=\"so-widget-sow-button so-widget-sow-button-atom-be17bef34c92-6252\"\n\t\t\t\n\t\t><div class=\"ow-button-base ow-button-align-center\"\n>\n\t\t\t<a\n\t\t\t\t\thref=\"https:\/\/calendly.com\/showroom-virtuel\/demo-boutique-et-showroom-virtuel\"\n\t\t\t\t\tclass=\"sowb-button ow-icon-placement-left ow-button-hover\" target=\"_blank\" rel=\"noopener noreferrer\" \t>\n\t\t<span>\n\t\t\t\n\t\t\t<div id=\"undevis\">GET A QUOTE<\/div>\t\t<\/span>\n\t\t\t<\/a>\n\t<\/div>\n<\/div><\/div><\/div><div id=\"pgc-6252-7-2\"  class=\"panel-grid-cell panel-grid-cell-empty\" ><\/div><\/div><div id=\"pg-6252-8\"  class=\"panel-grid panel-no-style\" ><div id=\"pgc-6252-8-0\"  class=\"panel-grid-cell panel-grid-cell-empty\" ><\/div><div id=\"pgc-6252-8-1\"  class=\"panel-grid-cell panel-grid-cell-empty panel-grid-cell-mobile-last\" ><\/div><div id=\"pgc-6252-8-2\"  class=\"panel-grid-cell panel-grid-cell-empty\" ><\/div><\/div><\/div>","protected":false},"excerpt":{"rendered":"<p>Norba : Choisissez l&rsquo;am\u00e9nagement de votre futur appartement Norba, sp\u00e9cialiste de la menuiserie fait appel \u00e0 Diakse pour simplifier les \u00e9changes avec ses clients. Cette collaboration permet aux futurs propri\u00e9taires d&rsquo;am\u00e9nager leur futur appartement comme ils le d\u00e9sirent. + de 5000 configurations de portes et d&rsquo;armoires diff\u00e9rentes Economie de temps et d&rsquo;argent 2x Plus d&rsquo;interactions <a href=\"https:\/\/home.diakse.com\/en\/norba-choisissez-lamenagement-de-votre-futur-appartement\" rel=\"nofollow\"><span class=\"sr-only\">Read more about Norba : Choisissez l\u2019am\u00e9nagement de votre futur appartement<\/span>[&hellip;]<\/a><\/p>\n","protected":false},"author":1,"featured_media":0,"parent":0,"menu_order":0,"comment_status":"closed","ping_status":"closed","template":"template-fullwidth-no-title.php","meta":{"_exactmetrics_skip_tracking":false,"_exactmetrics_sitenote_active":false,"_exactmetrics_sitenote_note":"","_exactmetrics_sitenote_category":0,"footnotes":""},"class_list":["post-6252","page","type-page","status-publish","hentry"],"yoast_head":"<!-- This site is optimized with the Yoast SEO plugin v27.3 - https:\/\/yoast.com\/product\/yoast-seo-wordpress\/ -->\n<title>Norba : Choisissez l\u2019am\u00e9nagement de votre futur appartement<\/title>\n<meta name=\"description\" content=\"Comment Argellies RP propose une nouvelle fa\u00e7on de faire d\u00e9couvrir des marques avec un showroom virtuel immersif et informatif\" \/>\n<meta name=\"robots\" content=\"index, follow, max-snippet:-1, max-image-preview:large, max-video-preview:-1\" \/>\n<link rel=\"canonical\" href=\"https:\/\/home.diakse.com\/en\/norba-choisissez-lamenagement-de-votre-futur-appartement\/\" \/>\n<meta property=\"og:locale\" content=\"en_GB\" \/>\n<meta property=\"og:type\" content=\"article\" \/>\n<meta property=\"og:title\" content=\"Norba : Choisissez l\u2019am\u00e9nagement de votre futur appartement\" \/>\n<meta property=\"og:description\" content=\"Comment Argellies RP propose une nouvelle fa\u00e7on de faire d\u00e9couvrir des marques avec un showroom virtuel immersif et informatif\" \/>\n<meta property=\"og:url\" content=\"https:\/\/home.diakse.com\/en\/norba-choisissez-lamenagement-de-votre-futur-appartement\/\" \/>\n<meta property=\"og:site_name\" content=\"Diakse\" \/>\n<meta property=\"article:publisher\" content=\"https:\/\/www.facebook.com\/diakse\" \/>\n<meta name=\"twitter:card\" content=\"summary_large_image\" \/>\n<meta name=\"twitter:site\" content=\"@Diakse_France\" \/>\n<meta name=\"twitter:label1\" content=\"Estimated reading time\" \/>\n\t<meta name=\"twitter:data1\" content=\"2 minutes\" \/>\n<script type=\"application\/ld+json\" class=\"yoast-schema-graph\">{\"@context\":\"https:\\\/\\\/schema.org\",\"@graph\":[{\"@type\":\"WebPage\",\"@id\":\"https:\\\/\\\/home.diakse.com\\\/norba-choisissez-lamenagement-de-votre-futur-appartement\",\"url\":\"https:\\\/\\\/home.diakse.com\\\/norba-choisissez-lamenagement-de-votre-futur-appartement\",\"name\":\"Norba : Choisissez l\u2019am\u00e9nagement de votre futur appartement\",\"isPartOf\":{\"@id\":\"https:\\\/\\\/home.diakse.com\\\/fr_fr\\\/#website\"},\"datePublished\":\"2024-07-17T09:43:26+00:00\",\"description\":\"Comment Argellies RP propose une nouvelle fa\u00e7on de faire d\u00e9couvrir des marques avec un showroom virtuel immersif et informatif\",\"breadcrumb\":{\"@id\":\"https:\\\/\\\/home.diakse.com\\\/norba-choisissez-lamenagement-de-votre-futur-appartement#breadcrumb\"},\"inLanguage\":\"en-GB\",\"potentialAction\":[{\"@type\":\"ReadAction\",\"target\":[\"https:\\\/\\\/home.diakse.com\\\/norba-choisissez-lamenagement-de-votre-futur-appartement\"]}]},{\"@type\":\"BreadcrumbList\",\"@id\":\"https:\\\/\\\/home.diakse.com\\\/norba-choisissez-lamenagement-de-votre-futur-appartement#breadcrumb\",\"itemListElement\":[{\"@type\":\"ListItem\",\"position\":1,\"name\":\"Accueil\",\"item\":\"https:\\\/\\\/home.diakse.com\\\/fr_fr\\\/\"},{\"@type\":\"ListItem\",\"position\":2,\"name\":\"Norba : Choisissez l\u2019am\u00e9nagement de votre futur appartement\"}]},{\"@type\":\"WebSite\",\"@id\":\"https:\\\/\\\/home.diakse.com\\\/fr_fr\\\/#website\",\"url\":\"https:\\\/\\\/home.diakse.com\\\/fr_fr\\\/\",\"name\":\"Diakse\",\"description\":\"Virtual Shops - La solution de cr\u00e9ation de boutiques virtuelles\",\"publisher\":{\"@id\":\"https:\\\/\\\/home.diakse.com\\\/fr_fr\\\/#organization\"},\"potentialAction\":[{\"@type\":\"SearchAction\",\"target\":{\"@type\":\"EntryPoint\",\"urlTemplate\":\"https:\\\/\\\/home.diakse.com\\\/fr_fr\\\/?s={search_term_string}\"},\"query-input\":{\"@type\":\"PropertyValueSpecification\",\"valueRequired\":true,\"valueName\":\"search_term_string\"}}],\"inLanguage\":\"en-GB\"},{\"@type\":\"Organization\",\"@id\":\"https:\\\/\\\/home.diakse.com\\\/fr_fr\\\/#organization\",\"name\":\"Diakse\",\"url\":\"https:\\\/\\\/home.diakse.com\\\/fr_fr\\\/\",\"logo\":{\"@type\":\"ImageObject\",\"inLanguage\":\"en-GB\",\"@id\":\"https:\\\/\\\/home.diakse.com\\\/fr_fr\\\/#\\\/schema\\\/logo\\\/image\\\/\",\"url\":\"https:\\\/\\\/home.diakse.com\\\/wp-content\\\/uploads\\\/2018\\\/01\\\/Diakse-V-business-3.0-Blanc.jpg\",\"contentUrl\":\"https:\\\/\\\/home.diakse.com\\\/wp-content\\\/uploads\\\/2018\\\/01\\\/Diakse-V-business-3.0-Blanc.jpg\",\"width\":1000,\"height\":440,\"caption\":\"Diakse\"},\"image\":{\"@id\":\"https:\\\/\\\/home.diakse.com\\\/fr_fr\\\/#\\\/schema\\\/logo\\\/image\\\/\"},\"sameAs\":[\"https:\\\/\\\/www.facebook.com\\\/diakse\",\"https:\\\/\\\/x.com\\\/Diakse_France\",\"https:\\\/\\\/www.instagram.com\\\/diakse.france\\\/\",\"https:\\\/\\\/www.linkedin.com\\\/company\\\/diakse\",\"https:\\\/\\\/www.youtube.com\\\/channel\\\/UCbymWs9j6MjXmcYDcU-LVJA\"]}]}<\/script>\n<!-- \/ Yoast SEO plugin. -->","yoast_head_json":{"title":"Norba : Choisissez l\u2019am\u00e9nagement de votre futur appartement","description":"Comment Argellies RP propose une nouvelle fa\u00e7on de faire d\u00e9couvrir des marques avec un showroom virtuel immersif et informatif","robots":{"index":"index","follow":"follow","max-snippet":"max-snippet:-1","max-image-preview":"max-image-preview:large","max-video-preview":"max-video-preview:-1"},"canonical":"https:\/\/home.diakse.com\/en\/norba-choisissez-lamenagement-de-votre-futur-appartement\/","og_locale":"en_GB","og_type":"article","og_title":"Norba : Choisissez l\u2019am\u00e9nagement de votre futur appartement","og_description":"Comment Argellies RP propose une nouvelle fa\u00e7on de faire d\u00e9couvrir des marques avec un showroom virtuel immersif et informatif","og_url":"https:\/\/home.diakse.com\/en\/norba-choisissez-lamenagement-de-votre-futur-appartement\/","og_site_name":"Diakse","article_publisher":"https:\/\/www.facebook.com\/diakse","twitter_card":"summary_large_image","twitter_site":"@Diakse_France","twitter_misc":{"Estimated reading time":"2 minutes"},"schema":{"@context":"https:\/\/schema.org","@graph":[{"@type":"WebPage","@id":"https:\/\/home.diakse.com\/norba-choisissez-lamenagement-de-votre-futur-appartement","url":"https:\/\/home.diakse.com\/norba-choisissez-lamenagement-de-votre-futur-appartement","name":"Norba : Choisissez l\u2019am\u00e9nagement de votre futur appartement","isPartOf":{"@id":"https:\/\/home.diakse.com\/fr_fr\/#website"},"datePublished":"2024-07-17T09:43:26+00:00","description":"Comment Argellies RP propose une nouvelle fa\u00e7on de faire d\u00e9couvrir des marques avec un showroom virtuel immersif et informatif","breadcrumb":{"@id":"https:\/\/home.diakse.com\/norba-choisissez-lamenagement-de-votre-futur-appartement#breadcrumb"},"inLanguage":"en-GB","potentialAction":[{"@type":"ReadAction","target":["https:\/\/home.diakse.com\/norba-choisissez-lamenagement-de-votre-futur-appartement"]}]},{"@type":"BreadcrumbList","@id":"https:\/\/home.diakse.com\/norba-choisissez-lamenagement-de-votre-futur-appartement#breadcrumb","itemListElement":[{"@type":"ListItem","position":1,"name":"Accueil","item":"https:\/\/home.diakse.com\/fr_fr\/"},{"@type":"ListItem","position":2,"name":"Norba : Choisissez l\u2019am\u00e9nagement de votre futur appartement"}]},{"@type":"WebSite","@id":"https:\/\/home.diakse.com\/fr_fr\/#website","url":"https:\/\/home.diakse.com\/fr_fr\/","name":"Diakse","description":"Virtual Shops - La solution de cr\u00e9ation de boutiques virtuelles","publisher":{"@id":"https:\/\/home.diakse.com\/fr_fr\/#organization"},"potentialAction":[{"@type":"SearchAction","target":{"@type":"EntryPoint","urlTemplate":"https:\/\/home.diakse.com\/fr_fr\/?s={search_term_string}"},"query-input":{"@type":"PropertyValueSpecification","valueRequired":true,"valueName":"search_term_string"}}],"inLanguage":"en-GB"},{"@type":"Organization","@id":"https:\/\/home.diakse.com\/fr_fr\/#organization","name":"Diakse","url":"https:\/\/home.diakse.com\/fr_fr\/","logo":{"@type":"ImageObject","inLanguage":"en-GB","@id":"https:\/\/home.diakse.com\/fr_fr\/#\/schema\/logo\/image\/","url":"https:\/\/home.diakse.com\/wp-content\/uploads\/2018\/01\/Diakse-V-business-3.0-Blanc.jpg","contentUrl":"https:\/\/home.diakse.com\/wp-content\/uploads\/2018\/01\/Diakse-V-business-3.0-Blanc.jpg","width":1000,"height":440,"caption":"Diakse"},"image":{"@id":"https:\/\/home.diakse.com\/fr_fr\/#\/schema\/logo\/image\/"},"sameAs":["https:\/\/www.facebook.com\/diakse","https:\/\/x.com\/Diakse_France","https:\/\/www.instagram.com\/diakse.france\/","https:\/\/www.linkedin.com\/company\/diakse","https:\/\/www.youtube.com\/channel\/UCbymWs9j6MjXmcYDcU-LVJA"]}]}},"_links":{"self":[{"href":"https:\/\/home.diakse.com\/en\/wp-json\/wp\/v2\/pages\/6252","targetHints":{"allow":["GET"]}}],"collection":[{"href":"https:\/\/home.diakse.com\/en\/wp-json\/wp\/v2\/pages"}],"about":[{"href":"https:\/\/home.diakse.com\/en\/wp-json\/wp\/v2\/types\/page"}],"author":[{"embeddable":true,"href":"https:\/\/home.diakse.com\/en\/wp-json\/wp\/v2\/users\/1"}],"replies":[{"embeddable":true,"href":"https:\/\/home.diakse.com\/en\/wp-json\/wp\/v2\/comments?post=6252"}],"version-history":[{"count":3,"href":"https:\/\/home.diakse.com\/en\/wp-json\/wp\/v2\/pages\/6252\/revisions"}],"predecessor-version":[{"id":6258,"href":"https:\/\/home.diakse.com\/en\/wp-json\/wp\/v2\/pages\/6252\/revisions\/6258"}],"wp:attachment":[{"href":"https:\/\/home.diakse.com\/en\/wp-json\/wp\/v2\/media?parent=6252"}],"curies":[{"name":"wp","href":"https:\/\/api.w.org\/{rel}","templated":true}]}}