{"id":1078,"date":"2018-07-04T10:41:15","date_gmt":"2018-07-04T10:41:15","guid":{"rendered":"https:\/\/home.diakse.com\/?page_id=1078"},"modified":"2019-01-21T18:53:09","modified_gmt":"2019-01-21T18:53:09","slug":"en-savoir-plus-sieges","status":"publish","type":"page","link":"https:\/\/home.diakse.com\/fr_fr\/en-savoir-plus-sieges","title":{"rendered":"En savoir plus si\u00e8ges"},"content":{"rendered":"<div id=\"pl-1078\"  class=\"panel-layout\" ><div id=\"pg-1078-0\"  class=\"panel-grid panel-no-style\" ><div id=\"pgc-1078-0-0\"  class=\"panel-grid-cell\" ><div id=\"panel-1078-0-0-0\" class=\"so-panel widget widget_sow-headline panel-first-child\" data-index=\"0\" ><div\n\t\t\t\n\t\t\tclass=\"so-widget-sow-headline so-widget-sow-headline-default-ea0af4cf39ae-1078\"\n\t\t\t\n\t\t><div class=\"sow-headline-container \">\n\t\t\t\t\t\t\t<h1 class=\"sow-headline\">\n\t\t\t\t\t\t<div id=\"comment\">Comment fonctionnent nos fauteuils<\/div>\t\t\t\t\t\t<\/h1>\n\t\t\t\t\t\t\t\t\t\t\t<div class=\"decoration\">\n\t\t\t\t\t\t<div class=\"decoration-inside\"><\/div>\n\t\t\t\t\t<\/div>\n\t\t\t\t\t<\/div>\n<\/div><\/div><div id=\"panel-1078-0-0-1\" class=\"so-panel widget widget_sow-icon\" data-index=\"1\" ><div\n\t\t\t\n\t\t\tclass=\"so-widget-sow-icon so-widget-sow-icon-default-c40bdd045566-1078\"\n\t\t\t\n\t\t>\n<div class=\"sow-icon-container sow-icon\">\n\t\t\t<span class=\"sow-icon-fontawesome sow-fas\" data-sow-icon=\"&#xf085;\"\n\t\t \n\t\taria-hidden=\"true\"><\/span>\t<\/div>\n<\/div><\/div><div id=\"panel-1078-0-0-2\" class=\"so-panel widget widget_sow-editor panel-last-child\" data-index=\"2\" ><div\n\t\t\t\n\t\t\tclass=\"so-widget-sow-editor so-widget-sow-editor-base\"\n\t\t\t\n\t\t>\n<div class=\"siteorigin-widget-tinymce textwidget\">\n\t<p style=\"text-align: center;\">Vous n'avez pas la place au sein de votre hotel pour une multitude de boutiques et souhaitez pourtant offrir ce service \u00e0 vos clients, nos si\u00e8ges vous permettent de disposer d'une <strong>surface de vente illimit\u00e9e!<\/strong><\/p>\n<p>Le concept est simple : dans vos chambres de high standing ou dans votre lobby, vous installez un si\u00e8ge \u00e9quip\u00e9 d'un masque de r\u00e9alit\u00e9 virtuelle. Ce masque donne acc\u00e8s \u00e0 des boutiques virtuelles. En fait, quand votre client met son masque, il se retrouve dans un espace (un peu comme une galerie de centre commercial) depuis lequel il peut choisir d'aller dans diff\u00e9rentes boutiques. Il \u00e9volue alors totalement en r\u00e9alit\u00e9 virtuelle, rentre, sort, se balade \u00e0 son gr\u00e9 dans les boutiques que vous avez choisies pour lui.<\/p>\n<p style=\"text-align: center;\">C'est en effet vous qui choisissez vos commer\u00e7ants partenaires. Vous pouvez m\u00eame ajouter jusqu'\u00e0 3 commer\u00e7ants locaux, pour <strong>mettre en valeur le savoir-faire r\u00e9gional<\/strong>, puis les autres parmi nos partenaires. Une telle exp\u00e9rience vous permet ainsi de vous inscrire dans une d\u00e9marche de <strong>promotion des marchands locaux<\/strong> et donc de proposer une exp\u00e9rience unique \u00e0 vos clients. Dans la m\u00eame id\u00e9e, nous pouvons mettre en place des <strong>visites virtuelles de sites touristiques locaux<\/strong>, accessibles depuis les fauteuils de votre h\u00f4tel ou <strong>commercialiser des billets<\/strong> pour des expositions ou mus\u00e9es r\u00e9gionaux.<\/p>\n<p style=\"text-align: center;\">Les possibilit\u00e9s de nos si\u00e8ges \u00e9quip\u00e9s de masques sont innombrables. Escape-game personnalis\u00e9\u2026 R\u00e9servation de votre spa depuis la chambre du client\u2026 Nous avons chaque jour de nouvelles id\u00e9es pour faire de l'exp\u00e9rience d'achat dans votre h\u00f4tel une exp\u00e9rience unique.<\/p>\n<p style=\"text-align: center;\">\n<\/div>\n<\/div><\/div><\/div><\/div><div id=\"pg-1078-1\"  class=\"panel-grid panel-no-style\" ><div id=\"pgc-1078-1-0\"  class=\"panel-grid-cell\" ><div id=\"panel-1078-1-0-0\" class=\"so-panel widget widget_sow-headline panel-first-child\" data-index=\"3\" ><div\n\t\t\t\n\t\t\tclass=\"so-widget-sow-headline so-widget-sow-headline-default-ea0af4cf39ae-1078\"\n\t\t\t\n\t\t><div class=\"sow-headline-container \">\n\t\t\t\t\t\t\t<h1 class=\"sow-headline\">\n\t\t\t\t\t\t<div id=\"solution\">Une solution \u00e9prouv\u00e9e et \u00e9l\u00e9gante<\/div>\t\t\t\t\t\t<\/h1>\n\t\t\t\t\t\t\t\t\t\t\t<div class=\"decoration\">\n\t\t\t\t\t\t<div class=\"decoration-inside\"><\/div>\n\t\t\t\t\t<\/div>\n\t\t\t\t\t<\/div>\n<\/div><\/div><div id=\"panel-1078-1-0-1\" class=\"so-panel widget widget_sow-icon\" data-index=\"4\" ><div\n\t\t\t\n\t\t\tclass=\"so-widget-sow-icon so-widget-sow-icon-default-c40bdd045566-1078\"\n\t\t\t\n\t\t>\n<div class=\"sow-icon-container sow-icon\">\n\t\t\t<span class=\"sow-icon-fontawesome sow-fas\" data-sow-icon=\"&#xf27e;\"\n\t\t \n\t\taria-hidden=\"true\"><\/span>\t<\/div>\n<\/div><\/div><div id=\"panel-1078-1-0-2\" class=\"so-panel widget widget_sow-editor panel-last-child\" data-index=\"5\" ><div\n\t\t\t\n\t\t\tclass=\"so-widget-sow-editor so-widget-sow-editor-base\"\n\t\t\t\n\t\t>\n<div class=\"siteorigin-widget-tinymce textwidget\">\n\t<p style=\"text-align: center;\">Notre syst\u00e8me, d\u00e9j\u00e0 \u00e9prouv\u00e9 et test\u00e9, vous est <strong>livr\u00e9 cl\u00e9 en main<\/strong>. Vous n'avez qu'\u00e0 positionner vos fauteuils et laisser vos clients profiter de l'exp\u00e9rience exceptionnelle que vous leur offrez. Tout est expliqu\u00e9 dans le masque.<\/p>\n<p style=\"text-align: center;\">La navigation dans les univers virtuels est tout ce qu'il y a de plus <strong>simple et intuitif<\/strong>. Elle est con\u00e7ue pour que quelqu'un qui n'a pas l'habitude des univers digitaux puisse parfaitement s'y retrouver.<\/p>\n<p style=\"text-align: center;\">La qualit\u00e9 visuelle de nos solutions vous permet d'offrir une exp\u00e9rience visuelle d'une \u00e9l\u00e9gance rare. Tout ceci b\u00e9n\u00e9ficie \u00e0 <strong>votre image de marque<\/strong> : vous mettez en avant les savoir faire locaux et une technologie novatrice, aujourd'hui parfaitement op\u00e9rationnelle, et qui lib\u00e8re l'\u00e9motion inoubliable d'une exp\u00e9rience en r\u00e9alit\u00e9 virtuelle.<\/p>\n<\/div>\n<\/div><\/div><\/div><\/div><div id=\"pg-1078-2\"  class=\"panel-grid panel-no-style\" ><div id=\"pgc-1078-2-0\"  class=\"panel-grid-cell\" ><div id=\"panel-1078-2-0-0\" class=\"so-panel widget widget_sow-headline panel-first-child\" data-index=\"6\" ><div\n\t\t\t\n\t\t\tclass=\"so-widget-sow-headline so-widget-sow-headline-default-ea0af4cf39ae-1078\"\n\t\t\t\n\t\t><div class=\"sow-headline-container \">\n\t\t\t\t\t\t\t<h1 class=\"sow-headline\">\n\t\t\t\t\t\t<div id=\"offre\">Notre offre<\/div>\t\t\t\t\t\t<\/h1>\n\t\t\t\t\t\t\t\t\t\t\t<div class=\"decoration\">\n\t\t\t\t\t\t<div class=\"decoration-inside\"><\/div>\n\t\t\t\t\t<\/div>\n\t\t\t\t\t<\/div>\n<\/div><\/div><div id=\"panel-1078-2-0-1\" class=\"so-panel widget widget_sow-icon\" data-index=\"7\" ><div\n\t\t\t\n\t\t\tclass=\"so-widget-sow-icon so-widget-sow-icon-default-c40bdd045566-1078\"\n\t\t\t\n\t\t>\n<div class=\"sow-icon-container sow-icon\">\n\t\t\t<span class=\"sow-icon-fontawesome sow-far\" data-sow-icon=\"&#xf2b5;\"\n\t\t \n\t\taria-hidden=\"true\"><\/span>\t<\/div>\n<\/div><\/div><div id=\"panel-1078-2-0-2\" class=\"so-panel widget widget_sow-editor panel-last-child\" data-index=\"8\" ><div\n\t\t\t\n\t\t\tclass=\"so-widget-sow-editor so-widget-sow-editor-base\"\n\t\t\t\n\t\t>\n<div class=\"siteorigin-widget-tinymce textwidget\">\n\t<p style=\"text-align: center;\">Notre offre comprend l'installation d'un si\u00e8ge et la fourniture de masques de r\u00e9alit\u00e9 virtuelle que vous pouvez placer dans vos suites ou chambres haut de gamme.<\/p>\n<p style=\"text-align: center;\">Vous pouvez \u00e9galement choisir 3 boutiques partenaires que vous souhaitez mettre en avant et qui sont int\u00e9ress\u00e9es pour vendre leurs produits au sein de votre h\u00f4tel (sites touristiques, vins, ...). Une fois contact\u00e9es, vous n'avez plus rien \u00e0 faire,\u00a0 nous nous occupons de tout: la cr\u00e9ation et l'ajout des boutiques s'effectue en moins d'un mois.<\/p>\n<\/div>\n<\/div><\/div><\/div><\/div><div id=\"pg-1078-3\"  class=\"panel-grid panel-no-style\" ><div id=\"pgc-1078-3-0\"  class=\"panel-grid-cell\" ><div id=\"panel-1078-3-0-0\" class=\"so-panel widget widget_sow-button panel-first-child panel-last-child\" data-index=\"9\" ><div\n\t\t\t\n\t\t\tclass=\"so-widget-sow-button so-widget-sow-button-atom-fa7efa88d0a2-1078\"\n\t\t\t\n\t\t><div class=\"ow-button-base ow-button-align-center\"\n>\n\t\t\t<a\n\t\t\t\t\thref=\"https:\/\/home.diakse.com\/tarifs\"\n\t\t\t\t\tclass=\"sowb-button ow-icon-placement-left ow-button-hover\" \t>\n\t\t<span>\n\t\t\t\n\t\t\tVOIR LES TARIFS\t\t<\/span>\n\t\t\t<\/a>\n\t<\/div>\n<\/div><\/div><\/div><div id=\"pgc-1078-3-1\"  class=\"panel-grid-cell\" ><div id=\"panel-1078-3-1-0\" class=\"so-panel widget widget_sow-button panel-first-child panel-last-child\" data-index=\"10\" ><div\n\t\t\t\n\t\t\tclass=\"so-widget-sow-button so-widget-sow-button-atom-4332860cdfef-1078\"\n\t\t\t\n\t\t><div class=\"ow-button-base ow-button-align-center\"\n>\n\t\t\t<a\n\t\t\t\t\thref=\"https:\/\/home.diakse.com\/contact\"\n\t\t\t\t\tclass=\"sowb-button ow-icon-placement-left ow-button-hover\" \t>\n\t\t<span>\n\t\t\t\n\t\t\tBENEFICIER DE L'OFFRE\t\t<\/span>\n\t\t\t<\/a>\n\t<\/div>\n<\/div><\/div><\/div><\/div><\/div>","protected":false},"excerpt":{"rendered":"<p>Vous n&rsquo;avez pas la place au sein de votre hotel pour une multitude de boutiques et souhaitez pourtant offrir ce service \u00e0 vos clients, nos si\u00e8ges vous permettent de disposer d&rsquo;une surface de vente illimit\u00e9e! Le concept est simple : dans vos chambres de high standing ou dans votre lobby, vous installez un si\u00e8ge \u00e9quip\u00e9 <a href=\"https:\/\/home.diakse.com\/fr_fr\/en-savoir-plus-sieges\" rel=\"nofollow\"><span class=\"sr-only\">En savoir plus surEn savoir plus si\u00e8ges<\/span>[&hellip;]<\/a><\/p>\n","protected":false},"author":1,"featured_media":0,"parent":0,"menu_order":0,"comment_status":"closed","ping_status":"closed","template":"template-fullwidth-no-title.php","meta":{"_exactmetrics_skip_tracking":false,"_exactmetrics_sitenote_active":false,"_exactmetrics_sitenote_note":"","_exactmetrics_sitenote_category":0,"footnotes":""},"class_list":["post-1078","page","type-page","status-publish","hentry"],"yoast_head":"<!-- This site is optimized with the Yoast SEO plugin v27.3 - https:\/\/yoast.com\/product\/yoast-seo-wordpress\/ -->\n<title>En savoir plus si\u00e8ges - Diakse<\/title>\n<meta name=\"robots\" content=\"index, follow, max-snippet:-1, max-image-preview:large, max-video-preview:-1\" \/>\n<link rel=\"canonical\" href=\"https:\/\/home.diakse.com\/fr_fr\/en-savoir-plus-sieges\/\" \/>\n<meta property=\"og:locale\" content=\"fr_FR\" \/>\n<meta property=\"og:type\" content=\"article\" \/>\n<meta property=\"og:title\" content=\"En savoir plus si\u00e8ges - Diakse\" \/>\n<meta property=\"og:description\" content=\"Vous n&#039;avez pas la place au sein de votre hotel pour une multitude de boutiques et souhaitez pourtant offrir ce service \u00e0 vos clients, nos si\u00e8ges vous permettent de disposer d&#039;une surface de vente illimit\u00e9e! Le concept est simple : dans vos chambres de high standing ou dans votre lobby, vous installez un si\u00e8ge \u00e9quip\u00e9 En savoir plus surEn savoir plus si\u00e8ges[&hellip;]\" \/>\n<meta property=\"og:url\" content=\"https:\/\/home.diakse.com\/fr_fr\/en-savoir-plus-sieges\/\" \/>\n<meta property=\"og:site_name\" content=\"Diakse\" \/>\n<meta property=\"article:publisher\" content=\"https:\/\/www.facebook.com\/diakse\" \/>\n<meta property=\"article:modified_time\" content=\"2019-01-21T18:53:09+00:00\" \/>\n<meta name=\"twitter:card\" content=\"summary_large_image\" \/>\n<meta name=\"twitter:site\" content=\"@Diakse_France\" \/>\n<meta name=\"twitter:label1\" content=\"Dur\u00e9e de lecture estim\u00e9e\" \/>\n\t<meta name=\"twitter:data1\" content=\"3 minutes\" \/>\n<script type=\"application\/ld+json\" class=\"yoast-schema-graph\">{\"@context\":\"https:\\\/\\\/schema.org\",\"@graph\":[{\"@type\":\"WebPage\",\"@id\":\"https:\\\/\\\/home.diakse.com\\\/en\\\/en-savoir-plus-sieges\",\"url\":\"https:\\\/\\\/home.diakse.com\\\/en\\\/en-savoir-plus-sieges\",\"name\":\"En savoir plus si\u00e8ges - Diakse\",\"isPartOf\":{\"@id\":\"https:\\\/\\\/home.diakse.com\\\/fr_fr\\\/#website\"},\"datePublished\":\"2018-07-04T10:41:15+00:00\",\"dateModified\":\"2019-01-21T18:53:09+00:00\",\"breadcrumb\":{\"@id\":\"https:\\\/\\\/home.diakse.com\\\/en\\\/en-savoir-plus-sieges#breadcrumb\"},\"inLanguage\":\"fr-FR\",\"potentialAction\":[{\"@type\":\"ReadAction\",\"target\":[\"https:\\\/\\\/home.diakse.com\\\/en\\\/en-savoir-plus-sieges\"]}]},{\"@type\":\"BreadcrumbList\",\"@id\":\"https:\\\/\\\/home.diakse.com\\\/en\\\/en-savoir-plus-sieges#breadcrumb\",\"itemListElement\":[{\"@type\":\"ListItem\",\"position\":1,\"name\":\"Accueil\",\"item\":\"https:\\\/\\\/home.diakse.com\\\/fr_fr\\\/\"},{\"@type\":\"ListItem\",\"position\":2,\"name\":\"En savoir plus si\u00e8ges\"}]},{\"@type\":\"WebSite\",\"@id\":\"https:\\\/\\\/home.diakse.com\\\/fr_fr\\\/#website\",\"url\":\"https:\\\/\\\/home.diakse.com\\\/fr_fr\\\/\",\"name\":\"Diakse\",\"description\":\"Virtual Shops - La solution de cr\u00e9ation de boutiques virtuelles\",\"publisher\":{\"@id\":\"https:\\\/\\\/home.diakse.com\\\/fr_fr\\\/#organization\"},\"potentialAction\":[{\"@type\":\"SearchAction\",\"target\":{\"@type\":\"EntryPoint\",\"urlTemplate\":\"https:\\\/\\\/home.diakse.com\\\/fr_fr\\\/?s={search_term_string}\"},\"query-input\":{\"@type\":\"PropertyValueSpecification\",\"valueRequired\":true,\"valueName\":\"search_term_string\"}}],\"inLanguage\":\"fr-FR\"},{\"@type\":\"Organization\",\"@id\":\"https:\\\/\\\/home.diakse.com\\\/fr_fr\\\/#organization\",\"name\":\"Diakse\",\"url\":\"https:\\\/\\\/home.diakse.com\\\/fr_fr\\\/\",\"logo\":{\"@type\":\"ImageObject\",\"inLanguage\":\"fr-FR\",\"@id\":\"https:\\\/\\\/home.diakse.com\\\/fr_fr\\\/#\\\/schema\\\/logo\\\/image\\\/\",\"url\":\"https:\\\/\\\/home.diakse.com\\\/wp-content\\\/uploads\\\/2018\\\/01\\\/Diakse-V-business-3.0-Blanc.jpg\",\"contentUrl\":\"https:\\\/\\\/home.diakse.com\\\/wp-content\\\/uploads\\\/2018\\\/01\\\/Diakse-V-business-3.0-Blanc.jpg\",\"width\":1000,\"height\":440,\"caption\":\"Diakse\"},\"image\":{\"@id\":\"https:\\\/\\\/home.diakse.com\\\/fr_fr\\\/#\\\/schema\\\/logo\\\/image\\\/\"},\"sameAs\":[\"https:\\\/\\\/www.facebook.com\\\/diakse\",\"https:\\\/\\\/x.com\\\/Diakse_France\",\"https:\\\/\\\/www.instagram.com\\\/diakse.france\\\/\",\"https:\\\/\\\/www.linkedin.com\\\/company\\\/diakse\",\"https:\\\/\\\/www.youtube.com\\\/channel\\\/UCbymWs9j6MjXmcYDcU-LVJA\"]}]}<\/script>\n<!-- \/ Yoast SEO plugin. -->","yoast_head_json":{"title":"En savoir plus si\u00e8ges - Diakse","robots":{"index":"index","follow":"follow","max-snippet":"max-snippet:-1","max-image-preview":"max-image-preview:large","max-video-preview":"max-video-preview:-1"},"canonical":"https:\/\/home.diakse.com\/fr_fr\/en-savoir-plus-sieges\/","og_locale":"fr_FR","og_type":"article","og_title":"En savoir plus si\u00e8ges - Diakse","og_description":"Vous n'avez pas la place au sein de votre hotel pour une multitude de boutiques et souhaitez pourtant offrir ce service \u00e0 vos clients, nos si\u00e8ges vous permettent de disposer d'une surface de vente illimit\u00e9e! Le concept est simple : dans vos chambres de high standing ou dans votre lobby, vous installez un si\u00e8ge \u00e9quip\u00e9 En savoir plus surEn savoir plus si\u00e8ges[&hellip;]","og_url":"https:\/\/home.diakse.com\/fr_fr\/en-savoir-plus-sieges\/","og_site_name":"Diakse","article_publisher":"https:\/\/www.facebook.com\/diakse","article_modified_time":"2019-01-21T18:53:09+00:00","twitter_card":"summary_large_image","twitter_site":"@Diakse_France","twitter_misc":{"Dur\u00e9e de lecture estim\u00e9e":"3 minutes"},"schema":{"@context":"https:\/\/schema.org","@graph":[{"@type":"WebPage","@id":"https:\/\/home.diakse.com\/en\/en-savoir-plus-sieges","url":"https:\/\/home.diakse.com\/en\/en-savoir-plus-sieges","name":"En savoir plus si\u00e8ges - Diakse","isPartOf":{"@id":"https:\/\/home.diakse.com\/fr_fr\/#website"},"datePublished":"2018-07-04T10:41:15+00:00","dateModified":"2019-01-21T18:53:09+00:00","breadcrumb":{"@id":"https:\/\/home.diakse.com\/en\/en-savoir-plus-sieges#breadcrumb"},"inLanguage":"fr-FR","potentialAction":[{"@type":"ReadAction","target":["https:\/\/home.diakse.com\/en\/en-savoir-plus-sieges"]}]},{"@type":"BreadcrumbList","@id":"https:\/\/home.diakse.com\/en\/en-savoir-plus-sieges#breadcrumb","itemListElement":[{"@type":"ListItem","position":1,"name":"Accueil","item":"https:\/\/home.diakse.com\/fr_fr\/"},{"@type":"ListItem","position":2,"name":"En savoir plus si\u00e8ges"}]},{"@type":"WebSite","@id":"https:\/\/home.diakse.com\/fr_fr\/#website","url":"https:\/\/home.diakse.com\/fr_fr\/","name":"Diakse","description":"Virtual Shops - La solution de cr\u00e9ation de boutiques virtuelles","publisher":{"@id":"https:\/\/home.diakse.com\/fr_fr\/#organization"},"potentialAction":[{"@type":"SearchAction","target":{"@type":"EntryPoint","urlTemplate":"https:\/\/home.diakse.com\/fr_fr\/?s={search_term_string}"},"query-input":{"@type":"PropertyValueSpecification","valueRequired":true,"valueName":"search_term_string"}}],"inLanguage":"fr-FR"},{"@type":"Organization","@id":"https:\/\/home.diakse.com\/fr_fr\/#organization","name":"Diakse","url":"https:\/\/home.diakse.com\/fr_fr\/","logo":{"@type":"ImageObject","inLanguage":"fr-FR","@id":"https:\/\/home.diakse.com\/fr_fr\/#\/schema\/logo\/image\/","url":"https:\/\/home.diakse.com\/wp-content\/uploads\/2018\/01\/Diakse-V-business-3.0-Blanc.jpg","contentUrl":"https:\/\/home.diakse.com\/wp-content\/uploads\/2018\/01\/Diakse-V-business-3.0-Blanc.jpg","width":1000,"height":440,"caption":"Diakse"},"image":{"@id":"https:\/\/home.diakse.com\/fr_fr\/#\/schema\/logo\/image\/"},"sameAs":["https:\/\/www.facebook.com\/diakse","https:\/\/x.com\/Diakse_France","https:\/\/www.instagram.com\/diakse.france\/","https:\/\/www.linkedin.com\/company\/diakse","https:\/\/www.youtube.com\/channel\/UCbymWs9j6MjXmcYDcU-LVJA"]}]}},"_links":{"self":[{"href":"https:\/\/home.diakse.com\/fr_fr\/wp-json\/wp\/v2\/pages\/1078","targetHints":{"allow":["GET"]}}],"collection":[{"href":"https:\/\/home.diakse.com\/fr_fr\/wp-json\/wp\/v2\/pages"}],"about":[{"href":"https:\/\/home.diakse.com\/fr_fr\/wp-json\/wp\/v2\/types\/page"}],"author":[{"embeddable":true,"href":"https:\/\/home.diakse.com\/fr_fr\/wp-json\/wp\/v2\/users\/1"}],"replies":[{"embeddable":true,"href":"https:\/\/home.diakse.com\/fr_fr\/wp-json\/wp\/v2\/comments?post=1078"}],"version-history":[{"count":55,"href":"https:\/\/home.diakse.com\/fr_fr\/wp-json\/wp\/v2\/pages\/1078\/revisions"}],"predecessor-version":[{"id":2048,"href":"https:\/\/home.diakse.com\/fr_fr\/wp-json\/wp\/v2\/pages\/1078\/revisions\/2048"}],"wp:attachment":[{"href":"https:\/\/home.diakse.com\/fr_fr\/wp-json\/wp\/v2\/media?parent=1078"}],"curies":[{"name":"wp","href":"https:\/\/api.w.org\/{rel}","templated":true}]}}