{"id":1104,"date":"2018-07-04T12:34:48","date_gmt":"2018-07-04T12:34:48","guid":{"rendered":"https:\/\/home.diakse.com\/?page_id=1104"},"modified":"2019-01-21T18:35:33","modified_gmt":"2019-01-21T18:35:33","slug":"en-savoir-plus-galeries","status":"publish","type":"page","link":"https:\/\/home.diakse.com\/fr_fr\/en-savoir-plus-galeries","title":{"rendered":"En savoir plus galeries"},"content":{"rendered":"<div id=\"pl-1104\"  class=\"panel-layout\" ><div id=\"pg-1104-0\"  class=\"panel-grid panel-no-style\" ><div id=\"pgc-1104-0-0\"  class=\"panel-grid-cell\" ><div id=\"panel-1104-0-0-0\" class=\"so-panel widget widget_sow-headline panel-first-child\" data-index=\"0\" ><div\n\t\t\t\n\t\t\tclass=\"so-widget-sow-headline so-widget-sow-headline-default-ea0af4cf39ae-1104\"\n\t\t\t\n\t\t><div class=\"sow-headline-container \">\n\t\t\t\t\t\t\t<h1 class=\"sow-headline\">\n\t\t\t\t\t\t<div id=\"comment creer sa galerie d art virtuelle\">Comment cr\u00e9er sa galerie d'art virtuelle<\/div> \t\t\t\t\t\t<\/h1>\n\t\t\t\t\t\t\t\t\t\t\t<div class=\"decoration\">\n\t\t\t\t\t\t<div class=\"decoration-inside\"><\/div>\n\t\t\t\t\t<\/div>\n\t\t\t\t\t<\/div>\n<\/div><\/div><div id=\"panel-1104-0-0-1\" class=\"so-panel widget widget_sow-icon\" data-index=\"1\" ><div\n\t\t\t\n\t\t\tclass=\"so-widget-sow-icon so-widget-sow-icon-default-c40bdd045566-1104\"\n\t\t\t\n\t\t>\n<div class=\"sow-icon-container sow-icon\">\n\t\t\t\t<\/div>\n<\/div><\/div><div id=\"panel-1104-0-0-2\" class=\"so-panel widget widget_sow-editor panel-last-child\" data-index=\"2\" ><div\n\t\t\t\n\t\t\tclass=\"so-widget-sow-editor so-widget-sow-editor-base\"\n\t\t\t\n\t\t>\n<div class=\"siteorigin-widget-tinymce textwidget\">\n\t<p style=\"text-align: center;\">Tout commence par un simple appel ou email. Vous proposez un endroit pour mettre en avant les oeuvres de vos artistes et nous choisissons ensemble la meilleure galerie virtuelle parmi notre liste de galeries disponibles. Vous pouvez \u00e9galement nous indiquer un lieu \u00e0 photographier si l'inspiration vous vient. Nous pr\u00e9parons votre galerie virtuelle et vous donnons acc\u00e8s \u00e0 notre plateforme d'\u00e9dition.<\/p>\n<p style=\"text-align: center;\">Vous pouvez <strong>ajouter ou retirer vos oeuvres vous-m\u00eame<\/strong> au moyen d'un logiciel. Cela vous permet de pr\u00e9senter les oeuvres de votre choix au visiteur.<\/p>\n<p style=\"text-align: center;\">Vous choisissez enfin une de nos deux options. La premi\u00e8re option est de<a href=\"https:\/\/home.diakse.com\/creationdesite2d\"><strong> nous laisser compl\u00e8tement cr\u00e9er votre site internet<\/strong><\/a> aussi \u00e9l\u00e9gant et simple que personnalis\u00e9 et efficace. La deuxi\u00e8me est de relier votre galerie virtuelle \u00e0 un site existant au moyen d'une image, d'une vid\u00e9o ou d'une fen\u00eatre (iframe) sur votre site internet.<\/p>\n<p style=\"text-align: center;\">Dans tous les cas notre syst\u00e8me est <strong>simple, efficace, et nous vous accompagnons \u00e0 chaque \u00e9tape.<\/strong><\/p>\n<p>&nbsp;<\/p>\n<\/div>\n<\/div><\/div><\/div><\/div><div id=\"pg-1104-1\"  class=\"panel-grid panel-no-style\" ><div id=\"pgc-1104-1-0\"  class=\"panel-grid-cell\" ><div id=\"panel-1104-1-0-0\" class=\"so-panel widget widget_sow-headline panel-first-child\" data-index=\"3\" ><div\n\t\t\t\n\t\t\tclass=\"so-widget-sow-headline so-widget-sow-headline-default-ea0af4cf39ae-1104\"\n\t\t\t\n\t\t><div class=\"sow-headline-container \">\n\t\t\t\t\t\t\t<h1 class=\"sow-headline\">\n\t\t\t\t\t\t<div id=\"le potentiel de la realite virtuelle\">Le potentiel de la r\u00e9alit\u00e9 virtuelle<\/div>\t\t\t\t\t\t<\/h1>\n\t\t\t\t\t\t\t\t\t\t\t<div class=\"decoration\">\n\t\t\t\t\t\t<div class=\"decoration-inside\"><\/div>\n\t\t\t\t\t<\/div>\n\t\t\t\t\t<\/div>\n<\/div><\/div><div id=\"panel-1104-1-0-1\" class=\"so-panel widget widget_sow-icon\" data-index=\"4\" ><div\n\t\t\t\n\t\t\tclass=\"so-widget-sow-icon so-widget-sow-icon-default-c40bdd045566-1104\"\n\t\t\t\n\t\t>\n<div class=\"sow-icon-container sow-icon\">\n\t\t\t<span class=\"sow-icon-fontawesome sow-fas\" data-sow-icon=\"&#xf2a8;\"\n\t\t \n\t\taria-hidden=\"true\"><\/span>\t<\/div>\n<\/div><\/div><div id=\"panel-1104-1-0-2\" class=\"so-panel widget widget_sow-editor panel-last-child\" data-index=\"5\" ><div\n\t\t\t\n\t\t\tclass=\"so-widget-sow-editor so-widget-sow-editor-base\"\n\t\t\t\n\t\t>\n<div class=\"siteorigin-widget-tinymce textwidget\">\n\t<p style=\"text-align: center;\">Nos outils rendent la r\u00e9alit\u00e9 virtuelle <strong>immersive<\/strong>, sublim\u00e9e, plus que r\u00e9elle. Nous recr\u00e9ons une r\u00e9alit\u00e9, mais par assemblage de r\u00e9alit\u00e9s ; nos environnements virtuels proposent ainsi une r\u00e9alit\u00e9 am\u00e9lior\u00e9e. Vos oeuvres y sont \u00e9videmment mis en valeur : une r\u00e9alit\u00e9 virtuelle qui rend les choses plus que r\u00e9elles leur donne toute leur concr\u00e9tude, et les int\u00e8gre \u00e0 un environnement unique qui fascine votre client.<\/p>\n<p style=\"text-align: center;\">Nous sommes convaincus que la r\u00e9alit\u00e9 virtuelle a un immense potentiel. Ce potentiel ne se donne pas seulement dans le secteur du divertissement ; l'effet \"waouh\" que la r\u00e9alit\u00e9 virtuelle est aussi naturellement utilisable dans le secteur de l'art. Il est ind\u00e9niable que la r\u00e9alit\u00e9 virtuelle fait \u00e9prouver <strong>de puissantes \u00e9motions<\/strong>. C'est pour cela que la solution de Diakse s'affirme comme un puissant acc\u00e9l\u00e9rateur de ventes.<\/p>\n<p style=\"text-align: center;\">Vous pouvez personnaliser au maximum votre galerie d'art virtuelle pour donner toute son identit\u00e9 \u00e0 votre collection et cr\u00e9er un endroit qui vous correspond. Parce qu'ils seront immerg\u00e9s et subjugu\u00e9s par votre univers, vos visiteurs resteront plus longtemps dans votre galerie, passeront plus de temps \u00e0 d\u00e9couvrir vos oeuvres, et seront donc plus susceptibles de les acheter. Votre galerie d'art virtuelle prend <strong>toute sa place dans le parcours client<\/strong>, du moment o\u00f9 votre prospect voit votre \u0153uvre pour la premi\u00e8re fois (en galerie physique ou virtuelle) au moment o\u00f9 il l'ach\u00e8te.<\/p>\n<p>&nbsp;<\/p>\n<p>&nbsp;<\/p>\n<\/div>\n<\/div><\/div><\/div><\/div><div id=\"pg-1104-2\"  class=\"panel-grid panel-no-style\" ><div id=\"pgc-1104-2-0\"  class=\"panel-grid-cell\" ><div id=\"panel-1104-2-0-0\" class=\"so-panel widget widget_sow-headline panel-first-child\" data-index=\"6\" ><div\n\t\t\t\n\t\t\tclass=\"so-widget-sow-headline so-widget-sow-headline-default-ea0af4cf39ae-1104\"\n\t\t\t\n\t\t><div class=\"sow-headline-container \">\n\t\t\t\t\t\t\t<h1 class=\"sow-headline\">\n\t\t\t\t\t\t<div id=\"offre\">Notre offre<\/div>\t\t\t\t\t\t<\/h1>\n\t\t\t\t\t\t\t\t\t\t\t<div class=\"decoration\">\n\t\t\t\t\t\t<div class=\"decoration-inside\"><\/div>\n\t\t\t\t\t<\/div>\n\t\t\t\t\t<\/div>\n<\/div><\/div><div id=\"panel-1104-2-0-1\" class=\"so-panel widget widget_sow-icon\" data-index=\"7\" ><div\n\t\t\t\n\t\t\tclass=\"so-widget-sow-icon so-widget-sow-icon-default-c40bdd045566-1104\"\n\t\t\t\n\t\t>\n<div class=\"sow-icon-container sow-icon\">\n\t\t\t<span class=\"sow-icon-fontawesome sow-far\" data-sow-icon=\"&#xf2b5;\"\n\t\t \n\t\taria-hidden=\"true\"><\/span>\t<\/div>\n<\/div><\/div><div id=\"panel-1104-2-0-2\" class=\"so-panel widget widget_sow-editor panel-last-child\" data-index=\"8\" ><div\n\t\t\t\n\t\t\tclass=\"so-widget-sow-editor so-widget-sow-editor-base\"\n\t\t\t\n\t\t>\n<div class=\"siteorigin-widget-tinymce textwidget\">\n\t<p style=\"text-align: center;\">Une fois votre galerie virtuelle cr\u00e9\u00e9e au moyen de notre technologie, vous pouvez l'utiliser au c\u0153ur d'un simple <strong>showroom<\/strong>\u00a0de pr\u00e9sentation des \u0153uvres ou bien exploiter un<strong>\u00a0site de vente en ligne complet.<\/strong>\u00a0Si le showroom vous permet de pr\u00e9senter vos \u0153uvres avec \u00e9l\u00e9gance et originalit\u00e9 \u00e9motionnelle, le site de vente vous permettra \u00e9galement de g\u00e9n\u00e9rer des ventes.<\/p>\n<p style=\"text-align: center;\">Dans les deux cas,<strong><a href=\"https:\/\/home.diakse.com\/creationsite2d\"> nous pouvons compl\u00e8tement vous cr\u00e9er votre site internet<\/a>\u00a0<\/strong>si vous n'en avez pas encore. Une page web, un site internet ou une marketplace sont importants pour vous parce qu'ils jouent un r\u00f4le cl\u00e9 dans le processus d'achat : il permettent \u00e0 vos \u0153uvres d'\u00eatre r\u00e9f\u00e9renc\u00e9es par les moteurs de recherche qui scrutent le web. Par ailleurs, vous accroissez votre notori\u00e9t\u00e9 par votre pr\u00e9sence sur le web, que vous pouvez \u00e9galement cultiver via les r\u00e9seaux sociaux.<\/p>\n<p style=\"text-align: center;\">En plus de cr\u00e9er votre galerie virtuelle, nous vous donnons acc\u00e8s \u00e0 toutes les donn\u00e9es que nous y collectons. Parce que nous n'analysons pas les clics mais le regard, <strong>ces donn\u00e9es sont d'une finesse rare<\/strong> et vous permettent de comprendre le comportement de vos visiteurs. Nous fournissons aussi une expertise de conseil pour vous permettre de comprendre ces donn\u00e9es afin d'optimiser votre strat\u00e9gie de vente. Nous travaillons en partenariat avec des laboratoires de renom pour d\u00e9velopper les technologies d'analyse comportementale qui nous permettront de reconfigurer nos galeries pour chaque visiteur afin de lui offrir une exp\u00e9rience personnalis\u00e9e.<\/p>\n<p>&nbsp;<\/p>\n<\/div>\n<\/div><\/div><\/div><\/div><div id=\"pg-1104-3\"  class=\"panel-grid panel-no-style\" ><div id=\"pgc-1104-3-0\"  class=\"panel-grid-cell\" ><div id=\"panel-1104-3-0-0\" class=\"so-panel widget widget_sow-button panel-first-child panel-last-child\" data-index=\"9\" ><div\n\t\t\t\n\t\t\tclass=\"so-widget-sow-button so-widget-sow-button-atom-fa7efa88d0a2-1104\"\n\t\t\t\n\t\t><div class=\"ow-button-base ow-button-align-center\"\n>\n\t\t\t<a\n\t\t\t\t\thref=\"https:\/\/home.diakse.com\/tarifs\"\n\t\t\t\t\tclass=\"sowb-button ow-icon-placement-left ow-button-hover\" \t>\n\t\t<span>\n\t\t\t\n\t\t\tVOIR LES TARIFS\t\t<\/span>\n\t\t\t<\/a>\n\t<\/div>\n<\/div><\/div><\/div><div id=\"pgc-1104-3-1\"  class=\"panel-grid-cell\" ><div id=\"panel-1104-3-1-0\" class=\"so-panel widget widget_sow-button panel-first-child panel-last-child\" data-index=\"10\" ><div\n\t\t\t\n\t\t\tclass=\"so-widget-sow-button so-widget-sow-button-atom-4332860cdfef-1104\"\n\t\t\t\n\t\t><div class=\"ow-button-base ow-button-align-center\"\n>\n\t\t\t<a\n\t\t\t\t\thref=\"https:\/\/home.diakse.com\/contact\"\n\t\t\t\t\tclass=\"sowb-button ow-icon-placement-left ow-button-hover\" \t>\n\t\t<span>\n\t\t\t\n\t\t\tCREER MA GALERIE\t\t<\/span>\n\t\t\t<\/a>\n\t<\/div>\n<\/div><\/div><\/div><\/div><\/div>","protected":false},"excerpt":{"rendered":"<p>Tout commence par un simple appel ou email. Vous proposez un endroit pour mettre en avant les oeuvres de vos artistes et nous choisissons ensemble la meilleure galerie virtuelle parmi notre liste de galeries disponibles. Vous pouvez \u00e9galement nous indiquer un lieu \u00e0 photographier si l&rsquo;inspiration vous vient. Nous pr\u00e9parons votre galerie virtuelle et vous <a href=\"https:\/\/home.diakse.com\/fr_fr\/en-savoir-plus-galeries\" rel=\"nofollow\"><span class=\"sr-only\">En savoir plus surEn savoir plus galeries<\/span>[&hellip;]<\/a><\/p>\n","protected":false},"author":1,"featured_media":0,"parent":0,"menu_order":0,"comment_status":"closed","ping_status":"closed","template":"template-fullwidth-no-title.php","meta":{"_exactmetrics_skip_tracking":false,"_exactmetrics_sitenote_active":false,"_exactmetrics_sitenote_note":"","_exactmetrics_sitenote_category":0,"footnotes":""},"class_list":["post-1104","page","type-page","status-publish","hentry"],"yoast_head":"<!-- This site is optimized with the Yoast SEO plugin v27.3 - https:\/\/yoast.com\/product\/yoast-seo-wordpress\/ -->\n<title>En savoir plus galeries - Diakse<\/title>\n<meta name=\"robots\" content=\"index, follow, max-snippet:-1, max-image-preview:large, max-video-preview:-1\" \/>\n<link rel=\"canonical\" href=\"https:\/\/home.diakse.com\/fr_fr\/en-savoir-plus-galeries\/\" \/>\n<meta property=\"og:locale\" content=\"fr_FR\" \/>\n<meta property=\"og:type\" content=\"article\" \/>\n<meta property=\"og:title\" content=\"En savoir plus galeries - Diakse\" \/>\n<meta property=\"og:description\" content=\"Tout commence par un simple appel ou email. Vous proposez un endroit pour mettre en avant les oeuvres de vos artistes et nous choisissons ensemble la meilleure galerie virtuelle parmi notre liste de galeries disponibles. Vous pouvez \u00e9galement nous indiquer un lieu \u00e0 photographier si l&#039;inspiration vous vient. Nous pr\u00e9parons votre galerie virtuelle et vous En savoir plus surEn savoir plus galeries[&hellip;]\" \/>\n<meta property=\"og:url\" content=\"https:\/\/home.diakse.com\/fr_fr\/en-savoir-plus-galeries\/\" \/>\n<meta property=\"og:site_name\" content=\"Diakse\" \/>\n<meta property=\"article:publisher\" content=\"https:\/\/www.facebook.com\/diakse\" \/>\n<meta property=\"article:modified_time\" content=\"2019-01-21T18:35:33+00:00\" \/>\n<meta name=\"twitter:card\" content=\"summary_large_image\" \/>\n<meta name=\"twitter:site\" content=\"@Diakse_France\" \/>\n<meta name=\"twitter:label1\" content=\"Dur\u00e9e de lecture estim\u00e9e\" \/>\n\t<meta name=\"twitter:data1\" content=\"4 minutes\" \/>\n<script type=\"application\/ld+json\" class=\"yoast-schema-graph\">{\"@context\":\"https:\\\/\\\/schema.org\",\"@graph\":[{\"@type\":\"WebPage\",\"@id\":\"https:\\\/\\\/home.diakse.com\\\/en\\\/en-savoir-plus-galeries\",\"url\":\"https:\\\/\\\/home.diakse.com\\\/en\\\/en-savoir-plus-galeries\",\"name\":\"En savoir plus galeries - Diakse\",\"isPartOf\":{\"@id\":\"https:\\\/\\\/home.diakse.com\\\/fr_fr\\\/#website\"},\"datePublished\":\"2018-07-04T12:34:48+00:00\",\"dateModified\":\"2019-01-21T18:35:33+00:00\",\"breadcrumb\":{\"@id\":\"https:\\\/\\\/home.diakse.com\\\/en\\\/en-savoir-plus-galeries#breadcrumb\"},\"inLanguage\":\"fr-FR\",\"potentialAction\":[{\"@type\":\"ReadAction\",\"target\":[\"https:\\\/\\\/home.diakse.com\\\/en\\\/en-savoir-plus-galeries\"]}]},{\"@type\":\"BreadcrumbList\",\"@id\":\"https:\\\/\\\/home.diakse.com\\\/en\\\/en-savoir-plus-galeries#breadcrumb\",\"itemListElement\":[{\"@type\":\"ListItem\",\"position\":1,\"name\":\"Accueil\",\"item\":\"https:\\\/\\\/home.diakse.com\\\/fr_fr\\\/\"},{\"@type\":\"ListItem\",\"position\":2,\"name\":\"En savoir plus galeries\"}]},{\"@type\":\"WebSite\",\"@id\":\"https:\\\/\\\/home.diakse.com\\\/fr_fr\\\/#website\",\"url\":\"https:\\\/\\\/home.diakse.com\\\/fr_fr\\\/\",\"name\":\"Diakse\",\"description\":\"Virtual Shops - La solution de cr\u00e9ation de boutiques virtuelles\",\"publisher\":{\"@id\":\"https:\\\/\\\/home.diakse.com\\\/fr_fr\\\/#organization\"},\"potentialAction\":[{\"@type\":\"SearchAction\",\"target\":{\"@type\":\"EntryPoint\",\"urlTemplate\":\"https:\\\/\\\/home.diakse.com\\\/fr_fr\\\/?s={search_term_string}\"},\"query-input\":{\"@type\":\"PropertyValueSpecification\",\"valueRequired\":true,\"valueName\":\"search_term_string\"}}],\"inLanguage\":\"fr-FR\"},{\"@type\":\"Organization\",\"@id\":\"https:\\\/\\\/home.diakse.com\\\/fr_fr\\\/#organization\",\"name\":\"Diakse\",\"url\":\"https:\\\/\\\/home.diakse.com\\\/fr_fr\\\/\",\"logo\":{\"@type\":\"ImageObject\",\"inLanguage\":\"fr-FR\",\"@id\":\"https:\\\/\\\/home.diakse.com\\\/fr_fr\\\/#\\\/schema\\\/logo\\\/image\\\/\",\"url\":\"https:\\\/\\\/home.diakse.com\\\/wp-content\\\/uploads\\\/2018\\\/01\\\/Diakse-V-business-3.0-Blanc.jpg\",\"contentUrl\":\"https:\\\/\\\/home.diakse.com\\\/wp-content\\\/uploads\\\/2018\\\/01\\\/Diakse-V-business-3.0-Blanc.jpg\",\"width\":1000,\"height\":440,\"caption\":\"Diakse\"},\"image\":{\"@id\":\"https:\\\/\\\/home.diakse.com\\\/fr_fr\\\/#\\\/schema\\\/logo\\\/image\\\/\"},\"sameAs\":[\"https:\\\/\\\/www.facebook.com\\\/diakse\",\"https:\\\/\\\/x.com\\\/Diakse_France\",\"https:\\\/\\\/www.instagram.com\\\/diakse.france\\\/\",\"https:\\\/\\\/www.linkedin.com\\\/company\\\/diakse\",\"https:\\\/\\\/www.youtube.com\\\/channel\\\/UCbymWs9j6MjXmcYDcU-LVJA\"]}]}<\/script>\n<!-- \/ Yoast SEO plugin. -->","yoast_head_json":{"title":"En savoir plus galeries - Diakse","robots":{"index":"index","follow":"follow","max-snippet":"max-snippet:-1","max-image-preview":"max-image-preview:large","max-video-preview":"max-video-preview:-1"},"canonical":"https:\/\/home.diakse.com\/fr_fr\/en-savoir-plus-galeries\/","og_locale":"fr_FR","og_type":"article","og_title":"En savoir plus galeries - Diakse","og_description":"Tout commence par un simple appel ou email. Vous proposez un endroit pour mettre en avant les oeuvres de vos artistes et nous choisissons ensemble la meilleure galerie virtuelle parmi notre liste de galeries disponibles. Vous pouvez \u00e9galement nous indiquer un lieu \u00e0 photographier si l'inspiration vous vient. Nous pr\u00e9parons votre galerie virtuelle et vous En savoir plus surEn savoir plus galeries[&hellip;]","og_url":"https:\/\/home.diakse.com\/fr_fr\/en-savoir-plus-galeries\/","og_site_name":"Diakse","article_publisher":"https:\/\/www.facebook.com\/diakse","article_modified_time":"2019-01-21T18:35:33+00:00","twitter_card":"summary_large_image","twitter_site":"@Diakse_France","twitter_misc":{"Dur\u00e9e de lecture estim\u00e9e":"4 minutes"},"schema":{"@context":"https:\/\/schema.org","@graph":[{"@type":"WebPage","@id":"https:\/\/home.diakse.com\/en\/en-savoir-plus-galeries","url":"https:\/\/home.diakse.com\/en\/en-savoir-plus-galeries","name":"En savoir plus galeries - Diakse","isPartOf":{"@id":"https:\/\/home.diakse.com\/fr_fr\/#website"},"datePublished":"2018-07-04T12:34:48+00:00","dateModified":"2019-01-21T18:35:33+00:00","breadcrumb":{"@id":"https:\/\/home.diakse.com\/en\/en-savoir-plus-galeries#breadcrumb"},"inLanguage":"fr-FR","potentialAction":[{"@type":"ReadAction","target":["https:\/\/home.diakse.com\/en\/en-savoir-plus-galeries"]}]},{"@type":"BreadcrumbList","@id":"https:\/\/home.diakse.com\/en\/en-savoir-plus-galeries#breadcrumb","itemListElement":[{"@type":"ListItem","position":1,"name":"Accueil","item":"https:\/\/home.diakse.com\/fr_fr\/"},{"@type":"ListItem","position":2,"name":"En savoir plus galeries"}]},{"@type":"WebSite","@id":"https:\/\/home.diakse.com\/fr_fr\/#website","url":"https:\/\/home.diakse.com\/fr_fr\/","name":"Diakse","description":"Virtual Shops - La solution de cr\u00e9ation de boutiques virtuelles","publisher":{"@id":"https:\/\/home.diakse.com\/fr_fr\/#organization"},"potentialAction":[{"@type":"SearchAction","target":{"@type":"EntryPoint","urlTemplate":"https:\/\/home.diakse.com\/fr_fr\/?s={search_term_string}"},"query-input":{"@type":"PropertyValueSpecification","valueRequired":true,"valueName":"search_term_string"}}],"inLanguage":"fr-FR"},{"@type":"Organization","@id":"https:\/\/home.diakse.com\/fr_fr\/#organization","name":"Diakse","url":"https:\/\/home.diakse.com\/fr_fr\/","logo":{"@type":"ImageObject","inLanguage":"fr-FR","@id":"https:\/\/home.diakse.com\/fr_fr\/#\/schema\/logo\/image\/","url":"https:\/\/home.diakse.com\/wp-content\/uploads\/2018\/01\/Diakse-V-business-3.0-Blanc.jpg","contentUrl":"https:\/\/home.diakse.com\/wp-content\/uploads\/2018\/01\/Diakse-V-business-3.0-Blanc.jpg","width":1000,"height":440,"caption":"Diakse"},"image":{"@id":"https:\/\/home.diakse.com\/fr_fr\/#\/schema\/logo\/image\/"},"sameAs":["https:\/\/www.facebook.com\/diakse","https:\/\/x.com\/Diakse_France","https:\/\/www.instagram.com\/diakse.france\/","https:\/\/www.linkedin.com\/company\/diakse","https:\/\/www.youtube.com\/channel\/UCbymWs9j6MjXmcYDcU-LVJA"]}]}},"_links":{"self":[{"href":"https:\/\/home.diakse.com\/fr_fr\/wp-json\/wp\/v2\/pages\/1104","targetHints":{"allow":["GET"]}}],"collection":[{"href":"https:\/\/home.diakse.com\/fr_fr\/wp-json\/wp\/v2\/pages"}],"about":[{"href":"https:\/\/home.diakse.com\/fr_fr\/wp-json\/wp\/v2\/types\/page"}],"author":[{"embeddable":true,"href":"https:\/\/home.diakse.com\/fr_fr\/wp-json\/wp\/v2\/users\/1"}],"replies":[{"embeddable":true,"href":"https:\/\/home.diakse.com\/fr_fr\/wp-json\/wp\/v2\/comments?post=1104"}],"version-history":[{"count":66,"href":"https:\/\/home.diakse.com\/fr_fr\/wp-json\/wp\/v2\/pages\/1104\/revisions"}],"predecessor-version":[{"id":2034,"href":"https:\/\/home.diakse.com\/fr_fr\/wp-json\/wp\/v2\/pages\/1104\/revisions\/2034"}],"wp:attachment":[{"href":"https:\/\/home.diakse.com\/fr_fr\/wp-json\/wp\/v2\/media?parent=1104"}],"curies":[{"name":"wp","href":"https:\/\/api.w.org\/{rel}","templated":true}]}}