{"id":174,"date":"2018-02-06T00:24:50","date_gmt":"2018-02-06T00:24:50","guid":{"rendered":"http:\/\/home.diakse.com\/?page_id=174"},"modified":"2022-03-23T16:40:12","modified_gmt":"2022-03-23T16:40:12","slug":"contact","status":"publish","type":"page","link":"https:\/\/home.diakse.com\/fr_fr\/contact","title":{"rendered":"Contact"},"content":{"rendered":"\t\t<div data-elementor-type=\"wp-page\" data-elementor-id=\"174\" class=\"elementor elementor-174\">\n\t\t\t\t\t\t<section class=\"elementor-section elementor-top-section elementor-element elementor-element-2e70efef elementor-section-boxed elementor-section-height-default elementor-section-height-default\" data-id=\"2e70efef\" data-element_type=\"section\" data-e-type=\"section\">\n\t\t\t\t\t\t<div class=\"elementor-container elementor-column-gap-default\">\n\t\t\t\t\t<div class=\"elementor-column elementor-col-100 elementor-top-column elementor-element elementor-element-6ed605cb\" data-id=\"6ed605cb\" data-element_type=\"column\" data-e-type=\"column\">\n\t\t\t<div class=\"elementor-widget-wrap elementor-element-populated\">\n\t\t\t\t\t\t<div class=\"elementor-element elementor-element-5bd4068b elementor-widget elementor-widget-text-editor\" data-id=\"5bd4068b\" data-element_type=\"widget\" data-e-type=\"widget\" data-widget_type=\"text-editor.default\">\n\t\t\t\t<div class=\"elementor-widget-container\">\n\t\t\t\t\t\t\t\t\t<p><\/p>\n<div class=\"wp-block-image\">\n<figure class=\"aligncenter\"><img fetchpriority=\"high\" decoding=\"async\" width=\"958\" height=\"169\" class=\"wp-image-3137\" src=\"https:\/\/home.diakse.com\/wp-content\/uploads\/2019\/06\/banniereIcon-1.png\" alt=\"\" srcset=\"https:\/\/home.diakse.com\/wp-content\/uploads\/2019\/06\/banniereIcon-1.png 958w, https:\/\/home.diakse.com\/wp-content\/uploads\/2019\/06\/banniereIcon-1-300x53.png 300w, https:\/\/home.diakse.com\/wp-content\/uploads\/2019\/06\/banniereIcon-1-768x135.png 768w\" sizes=\"(max-width: 958px) 100vw, 958px\" \/><\/figure>\n<\/div>\n<p><\/p>\n<p><\/p>\n<h4 class=\"has-text-align-center wp-block-heading\"><strong> Vous souhaitez en savoir plus sur DIAKSE <a href=\"https:\/\/home.diakse.com\/fr_fr\/\">entreprise digitale de solutions uniques de showroom virtuel<\/a> ou nous soumettre un projet ? N&rsquo;h\u00e9sitez pas \u00e0 nous contacter ou appeler au num\u00e9ro ci dessous! On vous r\u00e9pond sous 24h !<\/strong><\/h4>\n<p><\/p>\n<p><\/p>\n<div class=\"wpforms-container wpforms-container-full\" id=\"wpforms-2151\">\n<form id=\"wpforms-form-2151\" class=\"wpforms-validate wpforms-form\" data-formid=\"2151\" method=\"post\" enctype=\"multipart\/form-data\" action=\"\/fr_fr\/wp-json\/wp\/v2\/pages\/174\" data-token=\"deb35c8f5b26ebd11c4e4cfdffe2cbb1\" data-token-time=\"1775726234\"><noscript class=\"wpforms-error-noscript\">Veuillez activer JavaScript dans votre navigateur pour remplir ce formulaire.<\/noscript><\/p>\n<div class=\"wpforms-field-container\">\n<div id=\"wpforms-2151-field_6-container\" class=\"wpforms-field wpforms-field-text\" data-field-id=\"6\"><label class=\"wpforms-field-label\" for=\"wpforms-2151-field_6\">Votre nom <span class=\"wpforms-required-label\">*<\/span><\/label><input type=\"text\" id=\"wpforms-2151-field_6\" class=\"wpforms-field-large wpforms-field-required\" name=\"wpforms[fields][6]\" required><\/div>\n<div id=\"wpforms-2151-field_7-container\" class=\"wpforms-field wpforms-field-text\" data-field-id=\"7\"><label class=\"wpforms-field-label\" for=\"wpforms-2151-field_7\">Votre adresse de messagerie <span class=\"wpforms-required-label\">*<\/span><\/label><input type=\"text\" id=\"wpforms-2151-field_7\" class=\"wpforms-field-large wpforms-field-required\" name=\"wpforms[fields][7]\" required><\/div>\n<div id=\"wpforms-2151-field_9-container\" class=\"wpforms-field wpforms-field-text\" data-field-id=\"9\"><label class=\"wpforms-field-label\" for=\"wpforms-2151-field_9\">Votre num\u00e9ro de t\u00e9l\u00e9phone<\/label><input type=\"text\" id=\"wpforms-2151-field_9\" class=\"wpforms-field-medium\" name=\"wpforms[fields][9]\" ><\/div>\n<div id=\"wpforms-2151-field_5-container\" class=\"wpforms-field wpforms-field-select wpforms-field-select-style-classic\" data-field-id=\"5\"><label class=\"wpforms-field-label\" for=\"wpforms-2151-field_5\">Votre demande concerne<\/label><select id=\"wpforms-2151-field_5\" class=\"wpforms-field-large\" name=\"wpforms[fields][5]\"><option value=\"Commercant\"  class=\"choice-1 depth-1\"  >Commercant<\/option><option value=\"H\u00f4tel\"  class=\"choice-2 depth-1\"  >H\u00f4tel<\/option><option value=\"Galerie d&#039;art\"  class=\"choice-3 depth-1\"  >Galerie d&rsquo;art<\/option><option value=\"Site touristique\"  class=\"choice-4 depth-1\"  >Site touristique<\/option><option value=\"Cr\u00e9ation de site\"  class=\"choice-5 depth-1\"  >Cr\u00e9ation de site<\/option><option value=\"Partenariat\"  class=\"choice-6 depth-1\"  >Partenariat<\/option><option value=\"Demande de devis\"  class=\"choice-7 depth-1\"  >Demande de devis<\/option><\/select><\/div>\n<div id=\"wpforms-2151-field_8-container\" class=\"wpforms-field wpforms-field-textarea\" data-field-id=\"8\"><label class=\"wpforms-field-label\" for=\"wpforms-2151-field_8\">Message<\/label><textarea id=\"wpforms-2151-field_8\" class=\"wpforms-field-medium\" name=\"wpforms[fields][8]\" ><\/textarea><\/div>\n<\/div>\n<p><!-- .wpforms-field-container --><\/p>\n<div class=\"wpforms-field wpforms-field-hp\"><label for=\"wpforms-2151-field-hp\" class=\"wpforms-field-label\">Message<\/label><input type=\"text\" name=\"wpforms[hp]\" id=\"wpforms-2151-field-hp\" class=\"wpforms-field-medium\"><\/div>\n<div class=\"wpforms-recaptcha-container wpforms-is-recaptcha wpforms-is-recaptcha-type-v2\" >\n<div class=\"g-recaptcha\" data-sitekey=\"6Le5Ec0UAAAAAPWwpWAjx1_vBXqMB3z5-eYp_QOC\"><\/div>\n<p><input type=\"text\" name=\"g-recaptcha-hidden\" class=\"wpforms-recaptcha-hidden\" style=\"position:absolute!important;clip:rect(0,0,0,0)!important;height:1px!important;width:1px!important;border:0!important;overflow:hidden!important;padding:0!important;margin:0!important;\" data-rule-recaptcha=\"1\"><\/div>\n<div class=\"wpforms-submit-container\" ><input type=\"hidden\" name=\"wpforms[id]\" value=\"2151\"><input type=\"hidden\" name=\"page_title\" value=\"\"><input type=\"hidden\" name=\"page_url\" value=\"https:\/\/home.diakse.com\/fr_fr\/wp-json\/wp\/v2\/pages\/174\"><input type=\"hidden\" name=\"url_referer\" value=\"\"><button type=\"submit\" name=\"wpforms[submit]\" id=\"wpforms-submit-2151\" class=\"wpforms-submit\" data-alt-text=\"Sending...\" data-submit-text=\"Envoyer\" aria-live=\"assertive\" value=\"wpforms-submit\">Envoyer<\/button><\/div>\n<\/form>\n<\/div>\n<p>  <!-- .wpforms-container --><\/p>\n<p>\n<\/p>\n<p><\/p>\n<div class=\"wp-block-image\">\n<figure class=\"aligncenter is-resized\"><img decoding=\"async\" class=\"wp-image-2970\" src=\"https:\/\/home.diakse.com\/wp-content\/uploads\/2019\/06\/NEW_GIF2.gif\" alt=\"\" width=\"1087\" height=\"504\" \/><\/figure>\n<\/div>\n<p><\/p>\t\t\t\t\t\t\t\t<\/div>\n\t\t\t\t<\/div>\n\t\t\t\t\t<\/div>\n\t\t<\/div>\n\t\t\t\t\t<\/div>\n\t\t<\/section>\n\t\t\t\t<\/div>\n\t\t","protected":false},"excerpt":{"rendered":"<p>Vous souhaitez en savoir plus sur DIAKSE entreprise digitale de solutions uniques de showroom virtuel ou nous soumettre un projet ? N&rsquo;h\u00e9sitez pas \u00e0 nous contacter ou appeler au num\u00e9ro ci dessous! On vous r\u00e9pond sous 24h !<\/p>\n","protected":false},"author":1,"featured_media":0,"parent":0,"menu_order":0,"comment_status":"closed","ping_status":"closed","template":"template-fullwidth.php","meta":{"_exactmetrics_skip_tracking":false,"_exactmetrics_sitenote_active":false,"_exactmetrics_sitenote_note":"","_exactmetrics_sitenote_category":0,"footnotes":""},"class_list":["post-174","page","type-page","status-publish","hentry"],"yoast_head":"<!-- This site is optimized with the Yoast SEO plugin v27.3 - https:\/\/yoast.com\/product\/yoast-seo-wordpress\/ -->\n<title>Contactez votre entreprise digitale de solutions uniques de showroom virtuel<\/title>\n<meta name=\"description\" content=\"ous souhaitez en savoir plus sur DIAKSE ou nous soumettre un projet ? N\u2019h\u00e9sitez pas \u00e0 nous contacter ! On vous r\u00e9pond sous 24h !\" \/>\n<meta name=\"robots\" content=\"index, follow, max-snippet:-1, max-image-preview:large, max-video-preview:-1\" \/>\n<link rel=\"canonical\" href=\"https:\/\/home.diakse.com\/fr_fr\/contact\" \/>\n<meta property=\"og:locale\" content=\"fr_FR\" \/>\n<meta property=\"og:type\" content=\"article\" \/>\n<meta property=\"og:title\" content=\"Contactez votre entreprise digitale de solutions uniques de showroom virtuel\" \/>\n<meta property=\"og:description\" content=\"ous souhaitez en savoir plus sur DIAKSE ou nous soumettre un projet ? N\u2019h\u00e9sitez pas \u00e0 nous contacter ! On vous r\u00e9pond sous 24h !\" \/>\n<meta property=\"og:url\" content=\"https:\/\/home.diakse.com\/fr_fr\/contact\" \/>\n<meta property=\"og:site_name\" content=\"Diakse\" \/>\n<meta property=\"article:publisher\" content=\"https:\/\/www.facebook.com\/diakse\" \/>\n<meta property=\"article:modified_time\" content=\"2022-03-23T16:40:12+00:00\" \/>\n<meta property=\"og:image\" content=\"https:\/\/home.diakse.com\/wp-content\/uploads\/2019\/06\/banniereIcon-1.png\" \/>\n<meta name=\"twitter:card\" content=\"summary_large_image\" \/>\n<meta name=\"twitter:site\" content=\"@Diakse_France\" \/>\n<meta name=\"twitter:label1\" content=\"Dur\u00e9e de lecture estim\u00e9e\" \/>\n\t<meta name=\"twitter:data1\" content=\"1 minute\" \/>\n<script type=\"application\/ld+json\" class=\"yoast-schema-graph\">{\"@context\":\"https:\\\/\\\/schema.org\",\"@graph\":[{\"@type\":\"WebPage\",\"@id\":\"https:\\\/\\\/home.diakse.com\\\/fr_fr\\\/contact\",\"url\":\"https:\\\/\\\/home.diakse.com\\\/fr_fr\\\/contact\",\"name\":\"Contactez votre entreprise digitale de solutions uniques de showroom virtuel\",\"isPartOf\":{\"@id\":\"https:\\\/\\\/home.diakse.com\\\/fr_fr\\\/#website\"},\"primaryImageOfPage\":{\"@id\":\"https:\\\/\\\/home.diakse.com\\\/fr_fr\\\/contact#primaryimage\"},\"image\":{\"@id\":\"https:\\\/\\\/home.diakse.com\\\/fr_fr\\\/contact#primaryimage\"},\"thumbnailUrl\":\"https:\\\/\\\/home.diakse.com\\\/wp-content\\\/uploads\\\/2019\\\/06\\\/banniereIcon-1.png\",\"datePublished\":\"2018-02-06T00:24:50+00:00\",\"dateModified\":\"2022-03-23T16:40:12+00:00\",\"description\":\"ous souhaitez en savoir plus sur DIAKSE ou nous soumettre un projet ? N\u2019h\u00e9sitez pas \u00e0 nous contacter ! On vous r\u00e9pond sous 24h !\",\"breadcrumb\":{\"@id\":\"https:\\\/\\\/home.diakse.com\\\/fr_fr\\\/contact#breadcrumb\"},\"inLanguage\":\"fr-FR\",\"potentialAction\":[{\"@type\":\"ReadAction\",\"target\":[\"https:\\\/\\\/home.diakse.com\\\/fr_fr\\\/contact\"]}]},{\"@type\":\"ImageObject\",\"inLanguage\":\"fr-FR\",\"@id\":\"https:\\\/\\\/home.diakse.com\\\/fr_fr\\\/contact#primaryimage\",\"url\":\"https:\\\/\\\/home.diakse.com\\\/wp-content\\\/uploads\\\/2019\\\/06\\\/banniereIcon-1.png\",\"contentUrl\":\"https:\\\/\\\/home.diakse.com\\\/wp-content\\\/uploads\\\/2019\\\/06\\\/banniereIcon-1.png\"},{\"@type\":\"BreadcrumbList\",\"@id\":\"https:\\\/\\\/home.diakse.com\\\/fr_fr\\\/contact#breadcrumb\",\"itemListElement\":[{\"@type\":\"ListItem\",\"position\":1,\"name\":\"Accueil\",\"item\":\"https:\\\/\\\/home.diakse.com\\\/fr_fr\\\/\"},{\"@type\":\"ListItem\",\"position\":2,\"name\":\"Contact\"}]},{\"@type\":\"WebSite\",\"@id\":\"https:\\\/\\\/home.diakse.com\\\/fr_fr\\\/#website\",\"url\":\"https:\\\/\\\/home.diakse.com\\\/fr_fr\\\/\",\"name\":\"Diakse\",\"description\":\"Virtual Shops - La solution de cr\u00e9ation de boutiques virtuelles\",\"publisher\":{\"@id\":\"https:\\\/\\\/home.diakse.com\\\/fr_fr\\\/#organization\"},\"potentialAction\":[{\"@type\":\"SearchAction\",\"target\":{\"@type\":\"EntryPoint\",\"urlTemplate\":\"https:\\\/\\\/home.diakse.com\\\/fr_fr\\\/?s={search_term_string}\"},\"query-input\":{\"@type\":\"PropertyValueSpecification\",\"valueRequired\":true,\"valueName\":\"search_term_string\"}}],\"inLanguage\":\"fr-FR\"},{\"@type\":\"Organization\",\"@id\":\"https:\\\/\\\/home.diakse.com\\\/fr_fr\\\/#organization\",\"name\":\"Diakse\",\"url\":\"https:\\\/\\\/home.diakse.com\\\/fr_fr\\\/\",\"logo\":{\"@type\":\"ImageObject\",\"inLanguage\":\"fr-FR\",\"@id\":\"https:\\\/\\\/home.diakse.com\\\/fr_fr\\\/#\\\/schema\\\/logo\\\/image\\\/\",\"url\":\"https:\\\/\\\/home.diakse.com\\\/wp-content\\\/uploads\\\/2018\\\/01\\\/Diakse-V-business-3.0-Blanc.jpg\",\"contentUrl\":\"https:\\\/\\\/home.diakse.com\\\/wp-content\\\/uploads\\\/2018\\\/01\\\/Diakse-V-business-3.0-Blanc.jpg\",\"width\":1000,\"height\":440,\"caption\":\"Diakse\"},\"image\":{\"@id\":\"https:\\\/\\\/home.diakse.com\\\/fr_fr\\\/#\\\/schema\\\/logo\\\/image\\\/\"},\"sameAs\":[\"https:\\\/\\\/www.facebook.com\\\/diakse\",\"https:\\\/\\\/x.com\\\/Diakse_France\",\"https:\\\/\\\/www.instagram.com\\\/diakse.france\\\/\",\"https:\\\/\\\/www.linkedin.com\\\/company\\\/diakse\",\"https:\\\/\\\/www.youtube.com\\\/channel\\\/UCbymWs9j6MjXmcYDcU-LVJA\"]}]}<\/script>\n<!-- \/ Yoast SEO plugin. -->","yoast_head_json":{"title":"Contactez votre entreprise digitale de solutions uniques de showroom virtuel","description":"ous souhaitez en savoir plus sur DIAKSE ou nous soumettre un projet ? N\u2019h\u00e9sitez pas \u00e0 nous contacter ! On vous r\u00e9pond sous 24h !","robots":{"index":"index","follow":"follow","max-snippet":"max-snippet:-1","max-image-preview":"max-image-preview:large","max-video-preview":"max-video-preview:-1"},"canonical":"https:\/\/home.diakse.com\/fr_fr\/contact","og_locale":"fr_FR","og_type":"article","og_title":"Contactez votre entreprise digitale de solutions uniques de showroom virtuel","og_description":"ous souhaitez en savoir plus sur DIAKSE ou nous soumettre un projet ? N\u2019h\u00e9sitez pas \u00e0 nous contacter ! On vous r\u00e9pond sous 24h !","og_url":"https:\/\/home.diakse.com\/fr_fr\/contact","og_site_name":"Diakse","article_publisher":"https:\/\/www.facebook.com\/diakse","article_modified_time":"2022-03-23T16:40:12+00:00","og_image":[{"url":"https:\/\/home.diakse.com\/wp-content\/uploads\/2019\/06\/banniereIcon-1.png","type":"","width":"","height":""}],"twitter_card":"summary_large_image","twitter_site":"@Diakse_France","twitter_misc":{"Dur\u00e9e de lecture estim\u00e9e":"1 minute"},"schema":{"@context":"https:\/\/schema.org","@graph":[{"@type":"WebPage","@id":"https:\/\/home.diakse.com\/fr_fr\/contact","url":"https:\/\/home.diakse.com\/fr_fr\/contact","name":"Contactez votre entreprise digitale de solutions uniques de showroom virtuel","isPartOf":{"@id":"https:\/\/home.diakse.com\/fr_fr\/#website"},"primaryImageOfPage":{"@id":"https:\/\/home.diakse.com\/fr_fr\/contact#primaryimage"},"image":{"@id":"https:\/\/home.diakse.com\/fr_fr\/contact#primaryimage"},"thumbnailUrl":"https:\/\/home.diakse.com\/wp-content\/uploads\/2019\/06\/banniereIcon-1.png","datePublished":"2018-02-06T00:24:50+00:00","dateModified":"2022-03-23T16:40:12+00:00","description":"ous souhaitez en savoir plus sur DIAKSE ou nous soumettre un projet ? N\u2019h\u00e9sitez pas \u00e0 nous contacter ! On vous r\u00e9pond sous 24h !","breadcrumb":{"@id":"https:\/\/home.diakse.com\/fr_fr\/contact#breadcrumb"},"inLanguage":"fr-FR","potentialAction":[{"@type":"ReadAction","target":["https:\/\/home.diakse.com\/fr_fr\/contact"]}]},{"@type":"ImageObject","inLanguage":"fr-FR","@id":"https:\/\/home.diakse.com\/fr_fr\/contact#primaryimage","url":"https:\/\/home.diakse.com\/wp-content\/uploads\/2019\/06\/banniereIcon-1.png","contentUrl":"https:\/\/home.diakse.com\/wp-content\/uploads\/2019\/06\/banniereIcon-1.png"},{"@type":"BreadcrumbList","@id":"https:\/\/home.diakse.com\/fr_fr\/contact#breadcrumb","itemListElement":[{"@type":"ListItem","position":1,"name":"Accueil","item":"https:\/\/home.diakse.com\/fr_fr\/"},{"@type":"ListItem","position":2,"name":"Contact"}]},{"@type":"WebSite","@id":"https:\/\/home.diakse.com\/fr_fr\/#website","url":"https:\/\/home.diakse.com\/fr_fr\/","name":"Diakse","description":"Virtual Shops - La solution de cr\u00e9ation de boutiques virtuelles","publisher":{"@id":"https:\/\/home.diakse.com\/fr_fr\/#organization"},"potentialAction":[{"@type":"SearchAction","target":{"@type":"EntryPoint","urlTemplate":"https:\/\/home.diakse.com\/fr_fr\/?s={search_term_string}"},"query-input":{"@type":"PropertyValueSpecification","valueRequired":true,"valueName":"search_term_string"}}],"inLanguage":"fr-FR"},{"@type":"Organization","@id":"https:\/\/home.diakse.com\/fr_fr\/#organization","name":"Diakse","url":"https:\/\/home.diakse.com\/fr_fr\/","logo":{"@type":"ImageObject","inLanguage":"fr-FR","@id":"https:\/\/home.diakse.com\/fr_fr\/#\/schema\/logo\/image\/","url":"https:\/\/home.diakse.com\/wp-content\/uploads\/2018\/01\/Diakse-V-business-3.0-Blanc.jpg","contentUrl":"https:\/\/home.diakse.com\/wp-content\/uploads\/2018\/01\/Diakse-V-business-3.0-Blanc.jpg","width":1000,"height":440,"caption":"Diakse"},"image":{"@id":"https:\/\/home.diakse.com\/fr_fr\/#\/schema\/logo\/image\/"},"sameAs":["https:\/\/www.facebook.com\/diakse","https:\/\/x.com\/Diakse_France","https:\/\/www.instagram.com\/diakse.france\/","https:\/\/www.linkedin.com\/company\/diakse","https:\/\/www.youtube.com\/channel\/UCbymWs9j6MjXmcYDcU-LVJA"]}]}},"_links":{"self":[{"href":"https:\/\/home.diakse.com\/fr_fr\/wp-json\/wp\/v2\/pages\/174","targetHints":{"allow":["GET"]}}],"collection":[{"href":"https:\/\/home.diakse.com\/fr_fr\/wp-json\/wp\/v2\/pages"}],"about":[{"href":"https:\/\/home.diakse.com\/fr_fr\/wp-json\/wp\/v2\/types\/page"}],"author":[{"embeddable":true,"href":"https:\/\/home.diakse.com\/fr_fr\/wp-json\/wp\/v2\/users\/1"}],"replies":[{"embeddable":true,"href":"https:\/\/home.diakse.com\/fr_fr\/wp-json\/wp\/v2\/comments?post=174"}],"version-history":[{"count":118,"href":"https:\/\/home.diakse.com\/fr_fr\/wp-json\/wp\/v2\/pages\/174\/revisions"}],"predecessor-version":[{"id":4692,"href":"https:\/\/home.diakse.com\/fr_fr\/wp-json\/wp\/v2\/pages\/174\/revisions\/4692"}],"wp:attachment":[{"href":"https:\/\/home.diakse.com\/fr_fr\/wp-json\/wp\/v2\/media?parent=174"}],"curies":[{"name":"wp","href":"https:\/\/api.w.org\/{rel}","templated":true}]}}