{"id":1799,"date":"2019-01-09T09:25:22","date_gmt":"2019-01-09T09:25:22","guid":{"rendered":"https:\/\/home.diakse.com\/?page_id=1799"},"modified":"2022-10-12T13:30:31","modified_gmt":"2022-10-12T13:30:31","slug":"tarifs","status":"publish","type":"page","link":"https:\/\/home.diakse.com\/fr_fr\/tarifs","title":{"rendered":"Tarifs"},"content":{"rendered":"<div id=\"pl-1799\"  class=\"panel-layout\" ><div id=\"pg-1799-0\"  class=\"panel-grid panel-no-style\" ><div id=\"pgc-1799-0-0\"  class=\"panel-grid-cell\" ><div id=\"panel-1799-0-0-0\" class=\"so-panel widget widget_sow-headline panel-first-child panel-last-child\" data-index=\"0\" ><div\n\t\t\t\n\t\t\tclass=\"so-widget-sow-headline so-widget-sow-headline-default-e4103c262b36-1799\"\n\t\t\t\n\t\t><div class=\"sow-headline-container \">\n\t\t\t\t\t\t\t<h1 class=\"sow-headline\">\n\t\t\t\t\t\tCombien co\u00fbte un showroom virtuel ?\t\t\t\t\t\t<\/h1>\n\t\t\t\t\t\t\t\t\t\t\t<div class=\"decoration\">\n\t\t\t\t\t\t<div class=\"decoration-inside\"><\/div>\n\t\t\t\t\t<\/div>\n\t\t\t\t\t<\/div>\n<\/div><\/div><\/div><\/div><div id=\"pg-1799-1\"  class=\"panel-grid panel-no-style\" ><div id=\"pgc-1799-1-0\"  class=\"panel-grid-cell\" ><div id=\"panel-1799-1-0-0\" class=\"so-panel widget widget_siteorigin-panels-builder panel-first-child panel-last-child\" data-index=\"1\" ><div class=\"panel-widget-style panel-widget-style-for-1799-1-0-0\" ><div id=\"pl-w6346c177b213e\"  class=\"panel-layout\" ><div id=\"pg-w6346c177b213e-0\"  class=\"panel-grid panel-no-style\" ><div id=\"pgc-w6346c177b213e-0-0\"  class=\"panel-grid-cell\" ><div id=\"panel-w6346c177b213e-0-0-0\" class=\"so-panel widget widget_sow-headline panel-first-child\" data-index=\"0\" ><div\n\t\t\t\n\t\t\tclass=\"so-widget-sow-headline so-widget-sow-headline-default-ea0af4cf39ae\"\n\t\t\t\n\t\t><div class=\"sow-headline-container \">\n\t\t\t\t\t\t\t<h1 class=\"sow-headline\">\n\t\t\t\t\t\tBoutique\t\t\t\t\t\t<\/h1>\n\t\t\t\t\t\t\t\t\t\t\t<div class=\"decoration\">\n\t\t\t\t\t\t<div class=\"decoration-inside\"><\/div>\n\t\t\t\t\t<\/div>\n\t\t\t\t\t<\/div>\n<\/div><\/div><div id=\"panel-w6346c177b213e-0-0-1\" class=\"so-panel widget widget_sow-editor\" data-index=\"1\" ><div\n\t\t\t\n\t\t\tclass=\"so-widget-sow-editor so-widget-sow-editor-base\"\n\t\t\t\n\t\t>\n<div class=\"siteorigin-widget-tinymce textwidget\">\n\t<h3 style=\"text-align: center;\"><span style=\"color: #333333;\">A partir de 2500\u20ac + 80\u20ac\/mois<\/span><\/h3>\n<p style=\"text-align: center;\">Ce prix comprend:<\/p>\n<p style=\"text-align: center;\">La <a href=\"https:\/\/home.diakse.com\/fr_fr\/solutions\">cr\u00e9ation d'une boutique virtuelle<\/a> : Prise de vues de n'importe quel lieu, insertion jusqu'\u00e0 100 produits puis int\u00e9gration sur votre site web.<\/p>\n<p style=\"text-align: center;\">L'h\u00e9bergement annuel et maintien en conditions<\/p>\n<p style=\"text-align: center;\">L'acc\u00e8s \u00e0 une plateforme en ligne permettant l'analyse des comportements de vos clients et l'ajout\/retrait de produits dans la boutique.<\/p>\n<p style=\"text-align: center;\">En Option :<\/p>\n<p style=\"text-align: center;\">La Cr\u00e9ation et insertion de Vid\u00e9o<\/p>\n<p style=\"text-align: center;\">La mise a disposition de borne, si\u00e8ge ou Masque de R\u00e9alit\u00e9 Virtuelle pour vos magasins<\/p>\n<\/div>\n<\/div><\/div><div id=\"panel-w6346c177b213e-0-0-2\" class=\"so-panel widget widget_sow-button\" data-index=\"2\" ><div\n\t\t\t\n\t\t\tclass=\"so-widget-sow-button so-widget-sow-button-atom-8f1fed335865\"\n\t\t\t\n\t\t><div class=\"ow-button-base ow-button-align-center\"\n>\n\t\t\t<a\n\t\t\t\t\thref=\"https:\/\/home.diakse.com\/contact\"\n\t\t\t\t\tclass=\"sowb-button ow-icon-placement-left ow-button-hover\" \t>\n\t\t<span>\n\t\t\t\n\t\t\tEn b\u00e9n\u00e9ficier\t\t<\/span>\n\t\t\t<\/a>\n\t<\/div>\n<\/div><\/div><div id=\"panel-w6346c177b213e-0-0-3\" class=\"so-panel widget widget_sow-headline panel-last-child\" data-index=\"3\" ><div\n\t\t\t\n\t\t\tclass=\"so-widget-sow-headline so-widget-sow-headline-default-ea0af4cf39ae\"\n\t\t\t\n\t\t><div class=\"sow-headline-container \">\n\t\t\t\t\t\t<div class=\"decoration\">\n\t\t\t\t\t\t<div class=\"decoration-inside\"><\/div>\n\t\t\t\t\t<\/div>\n\t\t\t\t\t<\/div>\n<\/div><\/div><\/div><\/div><\/div><\/div><\/div><\/div><div id=\"pgc-1799-1-1\"  class=\"panel-grid-cell\" ><div id=\"panel-1799-1-1-0\" class=\"so-panel widget widget_siteorigin-panels-builder panel-first-child panel-last-child\" data-index=\"2\" ><div class=\"panel-widget-style panel-widget-style-for-1799-1-1-0\" ><div id=\"pl-w6346c177b2417\"  class=\"panel-layout\" ><div id=\"pg-w6346c177b2417-0\"  class=\"panel-grid panel-no-style\" ><div id=\"pgc-w6346c177b2417-0-0\"  class=\"panel-grid-cell\" ><div id=\"panel-w6346c177b2417-0-0-0\" class=\"so-panel widget widget_sow-headline panel-first-child\" data-index=\"0\" ><div\n\t\t\t\n\t\t\tclass=\"so-widget-sow-headline so-widget-sow-headline-default-ea0af4cf39ae\"\n\t\t\t\n\t\t><div class=\"sow-headline-container \">\n\t\t\t\t\t\t\t<h1 class=\"sow-headline\">\n\t\t\t\t\t\t H\u00f4tel\t\t\t\t\t\t<\/h1>\n\t\t\t\t\t\t\t\t\t\t\t<div class=\"decoration\">\n\t\t\t\t\t\t<div class=\"decoration-inside\"><\/div>\n\t\t\t\t\t<\/div>\n\t\t\t\t\t<\/div>\n<\/div><\/div><div id=\"panel-w6346c177b2417-0-0-1\" class=\"so-panel widget widget_sow-editor\" data-index=\"1\" ><div\n\t\t\t\n\t\t\tclass=\"so-widget-sow-editor so-widget-sow-editor-base\"\n\t\t\t\n\t\t>\n<div class=\"siteorigin-widget-tinymce textwidget\">\n\t<h3 style=\"text-align: center;\"><span style=\"color: #333333;\">A partir de 2500\u20ac + 100\u20ac\/mois<\/span><\/h3>\n<p style=\"text-align: center;\">Ce prix comprend:<\/p>\n<p style=\"text-align: center;\">La mise \u00e0 disposition et maintenance d'un si\u00e8ge de r\u00e9alit\u00e9 virtuelle dans votre Lobby.<\/p>\n<p style=\"text-align: center;\">La mise \u00e0 disposition de masques de r\u00e9alit\u00e9 virtuelle pour vos chambres.<\/p>\n<p style=\"text-align: center;\">La r\u00e9alisation de la<a href=\"https:\/\/home.diakse.com\/fr_fr\/solutions\"> visite show room virtuelle<\/a> de votre h\u00f4tel, comprenant le Lobby, 2 salles sp\u00e9cifiques (sport, spa, ou autre), et jusque 4 types de chambre\u00a0 ou suite avec SdB.<\/p>\n<p style=\"text-align: center;\">L'acc\u00e8s \u00e0 une plateforme d'analyse statistiques.<\/p>\n<p style=\"text-align: center;\">La possibilit\u00e9 de r\u00e9aliser jusque 3 boutiques partenaires de l'h\u00f4tel avec 50% de r\u00e9duction sur le tarif \"Boutique\".<\/p>\n<p style=\"text-align: center;\">\n<\/p><\/div>\n<\/div><\/div><div id=\"panel-w6346c177b2417-0-0-2\" class=\"so-panel widget widget_sow-button\" data-index=\"2\" ><div\n\t\t\t\n\t\t\tclass=\"so-widget-sow-button so-widget-sow-button-atom-8f1fed335865\"\n\t\t\t\n\t\t><div class=\"ow-button-base ow-button-align-center\"\n>\n\t\t\t<a\n\t\t\t\t\thref=\"https:\/\/home.diakse.com\/contact\"\n\t\t\t\t\tclass=\"sowb-button ow-icon-placement-left ow-button-hover\" \t>\n\t\t<span>\n\t\t\t\n\t\t\tEn b\u00e9n\u00e9ficier\t\t<\/span>\n\t\t\t<\/a>\n\t<\/div>\n<\/div><\/div><div id=\"panel-w6346c177b2417-0-0-3\" class=\"so-panel widget widget_sow-headline panel-last-child\" data-index=\"3\" ><div\n\t\t\t\n\t\t\tclass=\"so-widget-sow-headline so-widget-sow-headline-default-ea0af4cf39ae\"\n\t\t\t\n\t\t><div class=\"sow-headline-container \">\n\t\t\t\t\t\t<div class=\"decoration\">\n\t\t\t\t\t\t<div class=\"decoration-inside\"><\/div>\n\t\t\t\t\t<\/div>\n\t\t\t\t\t<\/div>\n<\/div><\/div><\/div><\/div><\/div><\/div><\/div><\/div><div id=\"pgc-1799-1-2\"  class=\"panel-grid-cell\" ><div id=\"panel-1799-1-2-0\" class=\"so-panel widget widget_siteorigin-panels-builder panel-first-child panel-last-child\" data-index=\"3\" ><div class=\"panel-widget-style panel-widget-style-for-1799-1-2-0\" ><div id=\"pl-w602948433fa1f\"  class=\"panel-layout\" ><div id=\"pg-w602948433fa1f-0\"  class=\"panel-grid panel-no-style\" ><div id=\"pgc-w602948433fa1f-0-0\"  class=\"panel-grid-cell\" ><div id=\"panel-w602948433fa1f-0-0-0\" class=\"so-panel widget widget_sow-headline panel-first-child\" data-index=\"0\" ><div\n\t\t\t\n\t\t\tclass=\"so-widget-sow-headline so-widget-sow-headline-default-ea0af4cf39ae\"\n\t\t\t\n\t\t><div class=\"sow-headline-container \">\n\t\t\t\t\t\t\t<h1 class=\"sow-headline\">\n\t\t\t\t\t\tGalerie\t\t\t\t\t\t<\/h1>\n\t\t\t\t\t\t\t\t\t\t\t<div class=\"decoration\">\n\t\t\t\t\t\t<div class=\"decoration-inside\"><\/div>\n\t\t\t\t\t<\/div>\n\t\t\t\t\t<\/div>\n<\/div><\/div><div id=\"panel-w602948433fa1f-0-0-1\" class=\"so-panel widget widget_sow-editor\" data-index=\"1\" ><div\n\t\t\t\n\t\t\tclass=\"so-widget-sow-editor so-widget-sow-editor-base\"\n\t\t\t\n\t\t>\n<div class=\"siteorigin-widget-tinymce textwidget\">\n\t<h3 style=\"text-align: center;\"><span style=\"color: #333333;\">A partir de 80\u20ac\/mois<\/span><\/h3>\n<p style=\"text-align: center;\">Ce prix comprend:<\/p>\n<p style=\"text-align: center;\">Le choix et la mise en ligne d'une galerie virtuelle parmi notre liste de galeries disponibles.<\/p>\n<p style=\"text-align: center;\">L'h\u00e9bergement annuel et maintien en conditions<\/p>\n<p style=\"text-align: center;\">L'acc\u00e8s \u00e0 une plateforme d'analyse des comportements et l'ajout\/retrait de tableaux, peintures, photographies d'art dans votre galerie virtuelle.<\/p>\n<p style=\"text-align: center;\">En Option :<\/p>\n<p style=\"text-align: center;\">La cr\u00e9ation et insertion d'une Vid\u00e9o de l'Artiste<\/p>\n<p style=\"text-align: center;\">La mise \u00e0 disposition d'une borne ou Masque de r\u00e9alit\u00e9 Virtuelle pour votre Galerie<\/p>\n<\/div>\n<\/div><\/div><div id=\"panel-w602948433fa1f-0-0-2\" class=\"so-panel widget widget_sow-button\" data-index=\"2\" ><div\n\t\t\t\n\t\t\tclass=\"so-widget-sow-button so-widget-sow-button-atom-8f1fed335865\"\n\t\t\t\n\t\t><div class=\"ow-button-base ow-button-align-center\"\n>\n\t\t\t<a\n\t\t\t\t\thref=\"https:\/\/home.diakse.com\/contact\"\n\t\t\t\t\tclass=\"sowb-button ow-icon-placement-left ow-button-hover\" \t>\n\t\t<span>\n\t\t\t\n\t\t\tEn b\u00e9n\u00e9ficier\t\t<\/span>\n\t\t\t<\/a>\n\t<\/div>\n<\/div><\/div><div id=\"panel-w602948433fa1f-0-0-3\" class=\"so-panel widget widget_sow-headline panel-last-child\" data-index=\"3\" ><div\n\t\t\t\n\t\t\tclass=\"so-widget-sow-headline so-widget-sow-headline-default-ea0af4cf39ae\"\n\t\t\t\n\t\t><div class=\"sow-headline-container \">\n\t\t\t\t\t\t<div class=\"decoration\">\n\t\t\t\t\t\t<div class=\"decoration-inside\"><\/div>\n\t\t\t\t\t<\/div>\n\t\t\t\t\t<\/div>\n<\/div><\/div><\/div><\/div><\/div><\/div><\/div><\/div><\/div><div id=\"pg-1799-2\"  class=\"panel-grid panel-no-style\" ><div id=\"pgc-1799-2-0\"  class=\"panel-grid-cell panel-grid-cell-empty\" ><\/div><div id=\"pgc-1799-2-1\"  class=\"panel-grid-cell\" ><div id=\"panel-1799-2-1-0\" class=\"so-panel widget widget_siteorigin-panels-builder panel-first-child panel-last-child\" data-index=\"4\" ><div class=\"panel-widget-style panel-widget-style-for-1799-2-1-0\" ><div id=\"pl-w602948b414fa2\"  class=\"panel-layout\" ><div id=\"pg-w602948b414fa2-0\"  class=\"panel-grid panel-no-style\" ><div id=\"pgc-w602948b414fa2-0-0\"  class=\"panel-grid-cell\" ><div id=\"panel-w602948b414fa2-0-0-0\" class=\"so-panel widget widget_sow-headline panel-first-child\" data-index=\"0\" ><div\n\t\t\t\n\t\t\tclass=\"so-widget-sow-headline so-widget-sow-headline-default-ea0af4cf39ae\"\n\t\t\t\n\t\t><div class=\"sow-headline-container \">\n\t\t\t\t\t\t\t<h1 class=\"sow-headline\">\n\t\t\t\t\t\tTourisme\t\t\t\t\t\t<\/h1>\n\t\t\t\t\t\t\t\t\t\t\t<div class=\"decoration\">\n\t\t\t\t\t\t<div class=\"decoration-inside\"><\/div>\n\t\t\t\t\t<\/div>\n\t\t\t\t\t<\/div>\n<\/div><\/div><div id=\"panel-w602948b414fa2-0-0-1\" class=\"so-panel widget widget_sow-editor\" data-index=\"1\" ><div\n\t\t\t\n\t\t\tclass=\"so-widget-sow-editor so-widget-sow-editor-base\"\n\t\t\t\n\t\t>\n<div class=\"siteorigin-widget-tinymce textwidget\">\n\t<h3 style=\"text-align: center;\"><span style=\"color: #333333;\">A partir de 2000\u20ac+50\u20ac par mois<\/span><\/h3>\n<p style=\"text-align: center;\">Ce prix comprend:<\/p>\n<p style=\"text-align: center;\">La prise de vue en photographie 360\u00b0 \u00e0 tr\u00e8s haute d\u00e9finition d'une partie de votre site touristique et l'insertion de messages de bienvenue et livres explicatifs. L'insertion de notre syst\u00e8me de vente de billets en lien avec le prestataire de votre choix.<\/p>\n<p style=\"text-align: center;\">L'h\u00e9bergement annuel et maintien en conditions<\/p>\n<p style=\"text-align: center;\">L'acc\u00e8s \u00e0 une plateforme d'analyse comportementale des utilisateurs<\/p>\n<p style=\"text-align: center;\">En option :<\/p>\n<p style=\"text-align: center;\">La cr\u00e9ation et insertion d'une Vid\u00e9o<\/p>\n<p style=\"text-align: center;\">La fourniture de borne, si\u00e8ge ou masque de R\u00e9alit\u00e9 Virtuelle pour votre site<\/p>\n<\/div>\n<\/div><\/div><div id=\"panel-w602948b414fa2-0-0-2\" class=\"so-panel widget widget_sow-button\" data-index=\"2\" ><div\n\t\t\t\n\t\t\tclass=\"so-widget-sow-button so-widget-sow-button-atom-8f1fed335865\"\n\t\t\t\n\t\t><div class=\"ow-button-base ow-button-align-center\"\n>\n\t\t\t<a\n\t\t\t\t\thref=\"https:\/\/home.diakse.com\/contact\"\n\t\t\t\t\tclass=\"sowb-button ow-icon-placement-left ow-button-hover\" \t>\n\t\t<span>\n\t\t\t\n\t\t\tEn b\u00e9n\u00e9ficier\t\t<\/span>\n\t\t\t<\/a>\n\t<\/div>\n<\/div><\/div><div id=\"panel-w602948b414fa2-0-0-3\" class=\"so-panel widget widget_sow-headline panel-last-child\" data-index=\"3\" ><div\n\t\t\t\n\t\t\tclass=\"so-widget-sow-headline so-widget-sow-headline-default-ea0af4cf39ae\"\n\t\t\t\n\t\t><div class=\"sow-headline-container \">\n\t\t\t\t\t\t<div class=\"decoration\">\n\t\t\t\t\t\t<div class=\"decoration-inside\"><\/div>\n\t\t\t\t\t<\/div>\n\t\t\t\t\t<\/div>\n<\/div><\/div><\/div><\/div><\/div><\/div><\/div><\/div><div id=\"pgc-1799-2-2\"  class=\"panel-grid-cell panel-grid-cell-mobile-last\" ><div id=\"panel-1799-2-2-0\" class=\"so-panel widget widget_siteorigin-panels-builder panel-first-child panel-last-child\" data-index=\"5\" ><div class=\"panel-widget-style panel-widget-style-for-1799-2-2-0\" ><div id=\"pl-w5fb52838aacec\"  class=\"panel-layout\" ><div id=\"pg-w5fb52838aacec-0\"  class=\"panel-grid panel-no-style\" ><div id=\"pgc-w5fb52838aacec-0-0\"  class=\"panel-grid-cell\" ><div id=\"panel-w5fb52838aacec-0-0-0\" class=\"so-panel widget widget_sow-headline panel-first-child\" data-index=\"0\" ><div\n\t\t\t\n\t\t\tclass=\"so-widget-sow-headline so-widget-sow-headline-default-ea0af4cf39ae\"\n\t\t\t\n\t\t><div class=\"sow-headline-container \">\n\t\t\t\t\t\t\t<h1 class=\"sow-headline\">\n\t\t\t\t\t\tSite web\t\t\t\t\t\t<\/h1>\n\t\t\t\t\t\t\t\t\t\t\t<div class=\"decoration\">\n\t\t\t\t\t\t<div class=\"decoration-inside\"><\/div>\n\t\t\t\t\t<\/div>\n\t\t\t\t\t<\/div>\n<\/div><\/div><div id=\"panel-w5fb52838aacec-0-0-1\" class=\"so-panel widget widget_sow-editor\" data-index=\"1\" ><div\n\t\t\t\n\t\t\tclass=\"so-widget-sow-editor so-widget-sow-editor-base\"\n\t\t\t\n\t\t>\n<div class=\"siteorigin-widget-tinymce textwidget\">\n\t<h3 style=\"text-align: center;\"><span style=\"color: #333333;\">A partir de 2500\u20ac + 250\u20ac\/an<\/span><\/h3>\n<p style=\"text-align: center;\">Ce prix comprend:<\/p>\n<p style=\"text-align: center;\">La cr\u00e9ation d'un site web 2D avec les onglets principaux (accueil, produits, qui sommes nous, contact)<\/p>\n<p style=\"text-align: center;\">La cr\u00e9ation et mise en ligne d'une visite virtuelle de votre boutique (ou atelier de fabrication) et de votre page Google+<\/p>\n<p style=\"text-align: center;\">La mise en ligne et l'h\u00e9bergement annuel de votre site sur un nom de domaine de votre choix (sous r\u00e9serve de disponibilit\u00e9).<\/p>\n<p style=\"text-align: center;\">Une demi journ\u00e9e de formation \u00e0 l'ajout de contenus sur votre site (images, produits, articles de blog, ...) et la gestion de votre catalogue de produits.<\/p>\n<p>&nbsp;<\/p>\n<\/div>\n<\/div><\/div><div id=\"panel-w5fb52838aacec-0-0-2\" class=\"so-panel widget widget_sow-button\" data-index=\"2\" ><div\n\t\t\t\n\t\t\tclass=\"so-widget-sow-button so-widget-sow-button-atom-8f1fed335865\"\n\t\t\t\n\t\t><div class=\"ow-button-base ow-button-align-center\"\n>\n\t\t\t<a\n\t\t\t\t\thref=\"https:\/\/home.diakse.com\/contact\"\n\t\t\t\t\tclass=\"sowb-button ow-icon-placement-left ow-button-hover\" \t>\n\t\t<span>\n\t\t\t\n\t\t\tEn b\u00e9n\u00e9ficier\t\t<\/span>\n\t\t\t<\/a>\n\t<\/div>\n<\/div><\/div><div id=\"panel-w5fb52838aacec-0-0-3\" class=\"so-panel widget widget_sow-headline panel-last-child\" data-index=\"3\" ><div\n\t\t\t\n\t\t\tclass=\"so-widget-sow-headline so-widget-sow-headline-default-ea0af4cf39ae\"\n\t\t\t\n\t\t><div class=\"sow-headline-container \">\n\t\t\t\t\t\t<div class=\"decoration\">\n\t\t\t\t\t\t<div class=\"decoration-inside\"><\/div>\n\t\t\t\t\t<\/div>\n\t\t\t\t\t<\/div>\n<\/div><\/div><\/div><\/div><\/div><\/div><\/div><\/div><div id=\"pgc-1799-2-3\"  class=\"panel-grid-cell panel-grid-cell-empty\" ><\/div><\/div><\/div>","protected":false},"excerpt":{"rendered":"<p>Combien co\u00fbte un showroom virtuel ? Boutique A partir de 2500\u20ac + 80\u20ac\/mois Ce prix comprend: La cr\u00e9ation d&rsquo;une boutique virtuelle : Prise de vues de n&rsquo;importe quel lieu, insertion jusqu&rsquo;\u00e0 100 produits puis int\u00e9gration sur votre site web. L&rsquo;h\u00e9bergement annuel et maintien en conditions L&rsquo;acc\u00e8s \u00e0 une plateforme en ligne permettant l&rsquo;analyse des comportements <a href=\"https:\/\/home.diakse.com\/fr_fr\/tarifs\" rel=\"nofollow\"><span class=\"sr-only\">En savoir plus surTarifs<\/span>[&hellip;]<\/a><\/p>\n","protected":false},"author":1,"featured_media":0,"parent":0,"menu_order":0,"comment_status":"closed","ping_status":"closed","template":"template-fullwidth-no-title.php","meta":{"_exactmetrics_skip_tracking":false,"_exactmetrics_sitenote_active":false,"_exactmetrics_sitenote_note":"","_exactmetrics_sitenote_category":0,"footnotes":""},"class_list":["post-1799","page","type-page","status-publish","hentry"],"yoast_head":"<!-- This site is optimized with the Yoast SEO plugin v27.3 - https:\/\/yoast.com\/product\/yoast-seo-wordpress\/ -->\n<title>Les tarifs d&#039;un show room virtuel - Diakse<\/title>\n<meta name=\"description\" content=\"Nous proposons 2 solutions logicielles: une version sur abonnement ou vous cr\u00e9ez vous m\u00eame votre site 3D immersif et une solution sur mesure.\" \/>\n<meta name=\"robots\" content=\"index, follow, max-snippet:-1, max-image-preview:large, max-video-preview:-1\" \/>\n<link rel=\"canonical\" href=\"https:\/\/home.diakse.com\/fr_fr\/tarifs\/\" \/>\n<meta property=\"og:locale\" content=\"fr_FR\" \/>\n<meta property=\"og:type\" content=\"article\" \/>\n<meta property=\"og:title\" content=\"Les tarifs d&#039;un show room virtuel - Diakse\" \/>\n<meta property=\"og:description\" content=\"Nous proposons 2 solutions logicielles: une version sur abonnement ou vous cr\u00e9ez vous m\u00eame votre site 3D immersif et une solution sur mesure.\" \/>\n<meta property=\"og:url\" content=\"https:\/\/home.diakse.com\/fr_fr\/tarifs\/\" \/>\n<meta property=\"og:site_name\" content=\"Diakse\" \/>\n<meta property=\"article:publisher\" content=\"https:\/\/www.facebook.com\/diakse\" \/>\n<meta property=\"article:modified_time\" content=\"2022-10-12T13:30:31+00:00\" \/>\n<meta name=\"twitter:card\" content=\"summary_large_image\" \/>\n<meta name=\"twitter:site\" content=\"@Diakse_France\" \/>\n<meta name=\"twitter:label1\" content=\"Dur\u00e9e de lecture estim\u00e9e\" \/>\n\t<meta name=\"twitter:data1\" content=\"3 minutes\" \/>\n<script type=\"application\/ld+json\" class=\"yoast-schema-graph\">{\"@context\":\"https:\\\/\\\/schema.org\",\"@graph\":[{\"@type\":\"WebPage\",\"@id\":\"https:\\\/\\\/home.diakse.com\\\/tarifs\",\"url\":\"https:\\\/\\\/home.diakse.com\\\/tarifs\",\"name\":\"Les tarifs d'un show room virtuel - Diakse\",\"isPartOf\":{\"@id\":\"https:\\\/\\\/home.diakse.com\\\/fr_fr\\\/#website\"},\"datePublished\":\"2019-01-09T09:25:22+00:00\",\"dateModified\":\"2022-10-12T13:30:31+00:00\",\"description\":\"Nous proposons 2 solutions logicielles: une version sur abonnement ou vous cr\u00e9ez vous m\u00eame votre site 3D immersif et une solution sur mesure.\",\"breadcrumb\":{\"@id\":\"https:\\\/\\\/home.diakse.com\\\/tarifs#breadcrumb\"},\"inLanguage\":\"fr-FR\",\"potentialAction\":[{\"@type\":\"ReadAction\",\"target\":[\"https:\\\/\\\/home.diakse.com\\\/tarifs\"]}]},{\"@type\":\"BreadcrumbList\",\"@id\":\"https:\\\/\\\/home.diakse.com\\\/tarifs#breadcrumb\",\"itemListElement\":[{\"@type\":\"ListItem\",\"position\":1,\"name\":\"Accueil\",\"item\":\"https:\\\/\\\/home.diakse.com\\\/fr_fr\\\/\"},{\"@type\":\"ListItem\",\"position\":2,\"name\":\"Tarifs\"}]},{\"@type\":\"WebSite\",\"@id\":\"https:\\\/\\\/home.diakse.com\\\/fr_fr\\\/#website\",\"url\":\"https:\\\/\\\/home.diakse.com\\\/fr_fr\\\/\",\"name\":\"Diakse\",\"description\":\"Virtual Shops - La solution de cr\u00e9ation de boutiques virtuelles\",\"publisher\":{\"@id\":\"https:\\\/\\\/home.diakse.com\\\/fr_fr\\\/#organization\"},\"potentialAction\":[{\"@type\":\"SearchAction\",\"target\":{\"@type\":\"EntryPoint\",\"urlTemplate\":\"https:\\\/\\\/home.diakse.com\\\/fr_fr\\\/?s={search_term_string}\"},\"query-input\":{\"@type\":\"PropertyValueSpecification\",\"valueRequired\":true,\"valueName\":\"search_term_string\"}}],\"inLanguage\":\"fr-FR\"},{\"@type\":\"Organization\",\"@id\":\"https:\\\/\\\/home.diakse.com\\\/fr_fr\\\/#organization\",\"name\":\"Diakse\",\"url\":\"https:\\\/\\\/home.diakse.com\\\/fr_fr\\\/\",\"logo\":{\"@type\":\"ImageObject\",\"inLanguage\":\"fr-FR\",\"@id\":\"https:\\\/\\\/home.diakse.com\\\/fr_fr\\\/#\\\/schema\\\/logo\\\/image\\\/\",\"url\":\"https:\\\/\\\/home.diakse.com\\\/wp-content\\\/uploads\\\/2018\\\/01\\\/Diakse-V-business-3.0-Blanc.jpg\",\"contentUrl\":\"https:\\\/\\\/home.diakse.com\\\/wp-content\\\/uploads\\\/2018\\\/01\\\/Diakse-V-business-3.0-Blanc.jpg\",\"width\":1000,\"height\":440,\"caption\":\"Diakse\"},\"image\":{\"@id\":\"https:\\\/\\\/home.diakse.com\\\/fr_fr\\\/#\\\/schema\\\/logo\\\/image\\\/\"},\"sameAs\":[\"https:\\\/\\\/www.facebook.com\\\/diakse\",\"https:\\\/\\\/x.com\\\/Diakse_France\",\"https:\\\/\\\/www.instagram.com\\\/diakse.france\\\/\",\"https:\\\/\\\/www.linkedin.com\\\/company\\\/diakse\",\"https:\\\/\\\/www.youtube.com\\\/channel\\\/UCbymWs9j6MjXmcYDcU-LVJA\"]}]}<\/script>\n<!-- \/ Yoast SEO plugin. -->","yoast_head_json":{"title":"Les tarifs d'un show room virtuel - Diakse","description":"Nous proposons 2 solutions logicielles: une version sur abonnement ou vous cr\u00e9ez vous m\u00eame votre site 3D immersif et une solution sur mesure.","robots":{"index":"index","follow":"follow","max-snippet":"max-snippet:-1","max-image-preview":"max-image-preview:large","max-video-preview":"max-video-preview:-1"},"canonical":"https:\/\/home.diakse.com\/fr_fr\/tarifs\/","og_locale":"fr_FR","og_type":"article","og_title":"Les tarifs d'un show room virtuel - Diakse","og_description":"Nous proposons 2 solutions logicielles: une version sur abonnement ou vous cr\u00e9ez vous m\u00eame votre site 3D immersif et une solution sur mesure.","og_url":"https:\/\/home.diakse.com\/fr_fr\/tarifs\/","og_site_name":"Diakse","article_publisher":"https:\/\/www.facebook.com\/diakse","article_modified_time":"2022-10-12T13:30:31+00:00","twitter_card":"summary_large_image","twitter_site":"@Diakse_France","twitter_misc":{"Dur\u00e9e de lecture estim\u00e9e":"3 minutes"},"schema":{"@context":"https:\/\/schema.org","@graph":[{"@type":"WebPage","@id":"https:\/\/home.diakse.com\/tarifs","url":"https:\/\/home.diakse.com\/tarifs","name":"Les tarifs d'un show room virtuel - Diakse","isPartOf":{"@id":"https:\/\/home.diakse.com\/fr_fr\/#website"},"datePublished":"2019-01-09T09:25:22+00:00","dateModified":"2022-10-12T13:30:31+00:00","description":"Nous proposons 2 solutions logicielles: une version sur abonnement ou vous cr\u00e9ez vous m\u00eame votre site 3D immersif et une solution sur mesure.","breadcrumb":{"@id":"https:\/\/home.diakse.com\/tarifs#breadcrumb"},"inLanguage":"fr-FR","potentialAction":[{"@type":"ReadAction","target":["https:\/\/home.diakse.com\/tarifs"]}]},{"@type":"BreadcrumbList","@id":"https:\/\/home.diakse.com\/tarifs#breadcrumb","itemListElement":[{"@type":"ListItem","position":1,"name":"Accueil","item":"https:\/\/home.diakse.com\/fr_fr\/"},{"@type":"ListItem","position":2,"name":"Tarifs"}]},{"@type":"WebSite","@id":"https:\/\/home.diakse.com\/fr_fr\/#website","url":"https:\/\/home.diakse.com\/fr_fr\/","name":"Diakse","description":"Virtual Shops - La solution de cr\u00e9ation de boutiques virtuelles","publisher":{"@id":"https:\/\/home.diakse.com\/fr_fr\/#organization"},"potentialAction":[{"@type":"SearchAction","target":{"@type":"EntryPoint","urlTemplate":"https:\/\/home.diakse.com\/fr_fr\/?s={search_term_string}"},"query-input":{"@type":"PropertyValueSpecification","valueRequired":true,"valueName":"search_term_string"}}],"inLanguage":"fr-FR"},{"@type":"Organization","@id":"https:\/\/home.diakse.com\/fr_fr\/#organization","name":"Diakse","url":"https:\/\/home.diakse.com\/fr_fr\/","logo":{"@type":"ImageObject","inLanguage":"fr-FR","@id":"https:\/\/home.diakse.com\/fr_fr\/#\/schema\/logo\/image\/","url":"https:\/\/home.diakse.com\/wp-content\/uploads\/2018\/01\/Diakse-V-business-3.0-Blanc.jpg","contentUrl":"https:\/\/home.diakse.com\/wp-content\/uploads\/2018\/01\/Diakse-V-business-3.0-Blanc.jpg","width":1000,"height":440,"caption":"Diakse"},"image":{"@id":"https:\/\/home.diakse.com\/fr_fr\/#\/schema\/logo\/image\/"},"sameAs":["https:\/\/www.facebook.com\/diakse","https:\/\/x.com\/Diakse_France","https:\/\/www.instagram.com\/diakse.france\/","https:\/\/www.linkedin.com\/company\/diakse","https:\/\/www.youtube.com\/channel\/UCbymWs9j6MjXmcYDcU-LVJA"]}]}},"_links":{"self":[{"href":"https:\/\/home.diakse.com\/fr_fr\/wp-json\/wp\/v2\/pages\/1799","targetHints":{"allow":["GET"]}}],"collection":[{"href":"https:\/\/home.diakse.com\/fr_fr\/wp-json\/wp\/v2\/pages"}],"about":[{"href":"https:\/\/home.diakse.com\/fr_fr\/wp-json\/wp\/v2\/types\/page"}],"author":[{"embeddable":true,"href":"https:\/\/home.diakse.com\/fr_fr\/wp-json\/wp\/v2\/users\/1"}],"replies":[{"embeddable":true,"href":"https:\/\/home.diakse.com\/fr_fr\/wp-json\/wp\/v2\/comments?post=1799"}],"version-history":[{"count":101,"href":"https:\/\/home.diakse.com\/fr_fr\/wp-json\/wp\/v2\/pages\/1799\/revisions"}],"predecessor-version":[{"id":5200,"href":"https:\/\/home.diakse.com\/fr_fr\/wp-json\/wp\/v2\/pages\/1799\/revisions\/5200"}],"wp:attachment":[{"href":"https:\/\/home.diakse.com\/fr_fr\/wp-json\/wp\/v2\/media?parent=1799"}],"curies":[{"name":"wp","href":"https:\/\/api.w.org\/{rel}","templated":true}]}}