{"id":1842,"date":"2019-01-10T09:28:47","date_gmt":"2019-01-10T09:28:47","guid":{"rendered":"https:\/\/home.diakse.com\/?page_id=1842"},"modified":"2022-02-15T14:30:02","modified_gmt":"2022-02-15T14:30:02","slug":"vous-etes-une-agence","status":"publish","type":"page","link":"https:\/\/home.diakse.com\/fr_fr\/vous-etes-une-agence","title":{"rendered":"Agence"},"content":{"rendered":"<div id=\"pl-1842\"  class=\"panel-layout\" ><div id=\"pg-1842-0\"  class=\"panel-grid panel-no-style\" ><div id=\"pgc-1842-0-0\"  class=\"panel-grid-cell\" ><div id=\"panel-1842-0-0-0\" class=\"so-panel widget widget_sow-slider panel-first-child panel-last-child\" data-index=\"0\" ><div\n\t\t\t\n\t\t\tclass=\"so-widget-sow-slider so-widget-sow-slider-default-6d39609536fd-1842\"\n\t\t\t\n\t\t>\t\t\t\t<div class=\"sow-slider-base\" style=\"display: none\" tabindex=\"0\">\n\t\t\t\t\t<ul\n\t\t\t\t\tclass=\"sow-slider-images\"\n\t\t\t\t\tdata-settings=\"{&quot;pagination&quot;:true,&quot;speed&quot;:800,&quot;timeout&quot;:8000,&quot;paused&quot;:false,&quot;pause_on_hover&quot;:false,&quot;swipe&quot;:false,&quot;nav_always_show_desktop&quot;:&quot;&quot;,&quot;nav_always_show_mobile&quot;:&quot;&quot;,&quot;breakpoint&quot;:&quot;780px&quot;,&quot;unmute&quot;:false,&quot;anchor&quot;:null}\"\n\t\t\t\t\t\t\t\t\t\tdata-anchor-id=\"\"\n\t\t\t\t>\t\t<li class=\"sow-slider-image  sow-slider-image-cover\" style=\"visibility: visible;;background-image: url(https:\/\/home.diakse.com\/wp-content\/uploads\/2019\/06\/connect-316638_640.jpg)\" >\n\t\t\t\t\t\t<div class=\"sow-slider-image-container\">\n\t\t\t\t<div class=\"sow-slider-image-wrapper\" style=\"max-width: 700px\">\n\t\t\t\t\t\t\t\t\t\t<div class=\"sow-slider-image-foreground-wrapper\">\n\t\t\t\t\t\t<img fetchpriority=\"high\" decoding=\"async\" width=\"700\" height=\"408\" src=\"https:\/\/home.diakse.com\/wp-content\/uploads\/2019\/06\/Partenaires5-e1560434917356.png\" class=\"sow-slider-foreground-image\" alt=\"Devenez partenaire de DIAKSE !\" style=\"\" \/>\t\t\t\t\t<\/div>\n\t\t\t\t\t\t\t\t\t<\/div>\n\t\t\t<\/div>\n\t\t\t\t\t<\/li>\n\t\t<\/ul>\t\t\t\t<ol class=\"sow-slider-pagination\">\n\t\t\t\t\t\t\t\t\t\t\t<li><a href=\"#\" data-goto=\"0\" aria-label=\"Display slide 1\"><\/a><\/li>\n\t\t\t\t\t\t\t\t\t<\/ol>\n\n\t\t\t\t<div class=\"sow-slide-nav sow-slide-nav-next\">\n\t\t\t\t\t<a href=\"#\" data-goto=\"next\" aria-label=\"Next slide\" data-action=\"next\">\n\t\t\t\t\t\t<em class=\"sow-sld-icon-thin-right\"><\/em>\n\t\t\t\t\t<\/a>\n\t\t\t\t<\/div>\n\n\t\t\t\t<div class=\"sow-slide-nav sow-slide-nav-prev\">\n\t\t\t\t\t<a href=\"#\" data-goto=\"previous\" aria-label=\"Previous slide\" data-action=\"prev\">\n\t\t\t\t\t\t<em class=\"sow-sld-icon-thin-left\"><\/em>\n\t\t\t\t\t<\/a>\n\t\t\t\t<\/div>\n\t\t\t\t<\/div><\/div><\/div><\/div><\/div><div id=\"pg-1842-1\"  class=\"panel-grid panel-no-style\" ><div id=\"pgc-1842-1-0\"  class=\"panel-grid-cell\" ><div id=\"panel-1842-1-0-0\" class=\"so-panel widget widget_sow-headline panel-first-child panel-last-child\" data-index=\"1\" ><div class=\"panel-widget-style panel-widget-style-for-1842-1-0-0\" ><div\n\t\t\t\n\t\t\tclass=\"so-widget-sow-headline so-widget-sow-headline-default-ea0af4cf39ae-1842\"\n\t\t\t\n\t\t><div class=\"sow-headline-container \">\n\t\t\t\t\t\t\t<h1 class=\"sow-headline\">\n\t\t\t\t\t\tPourquoi choisir notre solution de e-commerce ?\t\t\t\t\t\t<\/h1>\n\t\t\t\t\t\t\t\t\t\t\t<div class=\"decoration\">\n\t\t\t\t\t\t<div class=\"decoration-inside\"><\/div>\n\t\t\t\t\t<\/div>\n\t\t\t\t\t<\/div>\n<\/div><\/div><\/div><\/div><\/div><div id=\"pg-1842-2\"  class=\"panel-grid panel-no-style\" ><div id=\"pgc-1842-2-0\"  class=\"panel-grid-cell\" ><div id=\"panel-1842-2-0-0\" class=\"so-panel widget widget_sow-editor panel-first-child panel-last-child\" data-index=\"2\" ><div\n\t\t\t\n\t\t\tclass=\"so-widget-sow-editor so-widget-sow-editor-base\"\n\t\t\t\n\t\t>\n<div class=\"siteorigin-widget-tinymce textwidget\">\n\t<h3 style=\"text-align: center;\">Choisissez une solution innovante pour vos clients en vous d\u00e9marquant de la concurrence<\/h3>\n<\/div>\n<\/div><\/div><\/div><div id=\"pgc-1842-2-1\"  class=\"panel-grid-cell\" ><div id=\"panel-1842-2-1-0\" class=\"so-panel widget widget_sow-editor panel-first-child panel-last-child\" data-index=\"3\" ><div\n\t\t\t\n\t\t\tclass=\"so-widget-sow-editor so-widget-sow-editor-base\"\n\t\t\t\n\t\t>\n<div class=\"siteorigin-widget-tinymce textwidget\">\n\t<h3 style=\"text-align: center;\">Boostez les ventes de vos clients et garantissez leur satisfaction \u00e0\u00a0l'aide de la solution de DIAKSE<\/h3>\n<\/div>\n<\/div><\/div><\/div><div id=\"pgc-1842-2-2\"  class=\"panel-grid-cell\" ><div id=\"panel-1842-2-2-0\" class=\"so-panel widget widget_sow-editor panel-first-child panel-last-child\" data-index=\"4\" ><div\n\t\t\t\n\t\t\tclass=\"so-widget-sow-editor so-widget-sow-editor-base\"\n\t\t\t\n\t\t>\n<div class=\"siteorigin-widget-tinymce textwidget\">\n\t<h3 style=\"text-align: center;\">Am\u00e9liorez votre chiffre d'affaires par la commercialisation de notre licence<\/h3>\n<\/div>\n<\/div><\/div><\/div><\/div><div id=\"pg-1842-3\"  class=\"panel-grid panel-no-style\" ><div id=\"pgc-1842-3-0\"  class=\"panel-grid-cell\" ><div id=\"panel-1842-3-0-0\" class=\"so-panel widget widget_sow-editor panel-first-child panel-last-child\" data-index=\"5\" ><div\n\t\t\t\n\t\t\tclass=\"so-widget-sow-editor so-widget-sow-editor-base\"\n\t\t\t\n\t\t>\n<div class=\"siteorigin-widget-tinymce textwidget\">\n\t<h3 class=\"cube-subheading\" style=\"text-align: center;\">Nous vous accompagnons depuis les premi\u00e8res prises de vues de la boutique jusqu'\u00e0 sa mise en ligne sur le site web de votre client<\/h3>\n<\/div>\n<\/div><\/div><\/div><\/div><div id=\"pg-1842-4\"  class=\"panel-grid panel-no-style\" ><div id=\"pgc-1842-4-0\"  class=\"panel-grid-cell panel-grid-cell-empty\" ><\/div><\/div><div id=\"pg-1842-5\"  class=\"panel-grid panel-has-style\" ><div class=\"panel-row-style panel-row-style-for-1842-5\" ><div id=\"pgc-1842-5-0\"  class=\"panel-grid-cell panel-grid-cell-mobile-last\" ><div id=\"panel-1842-5-0-0\" class=\"so-panel widget widget_sow-image panel-first-child panel-last-child\" data-index=\"6\" ><div\n\t\t\t\n\t\t\tclass=\"so-widget-sow-image so-widget-sow-image-default-8b5b6f678277-1842\"\n\t\t\t\n\t\t>\n<div class=\"sow-image-container\">\n\t\t<img \n\tsrc=\"https:\/\/home.diakse.com\/wp-content\/uploads\/2022\/02\/Capture-decran-104.png\" width=\"1366\" height=\"768\" srcset=\"https:\/\/home.diakse.com\/wp-content\/uploads\/2022\/02\/Capture-decran-104.png 1366w, https:\/\/home.diakse.com\/wp-content\/uploads\/2022\/02\/Capture-decran-104-300x169.png 300w, https:\/\/home.diakse.com\/wp-content\/uploads\/2022\/02\/Capture-decran-104-1024x576.png 1024w, https:\/\/home.diakse.com\/wp-content\/uploads\/2022\/02\/Capture-decran-104-768x432.png 768w, https:\/\/home.diakse.com\/wp-content\/uploads\/2022\/02\/Capture-decran-104-18x10.png 18w\" sizes=\"(max-width: 1366px) 100vw, 1366px\" title=\"Capture d\u2019\u00e9cran (104)\" alt=\"\" \t\tclass=\"so-widget-image\"\/>\n\t<\/div>\n\n<\/div><\/div><\/div><div id=\"pgc-1842-5-1\"  class=\"panel-grid-cell panel-grid-cell-empty\" ><\/div><\/div><\/div><div id=\"pg-1842-6\"  class=\"panel-grid panel-no-style\" ><div id=\"pgc-1842-6-0\"  class=\"panel-grid-cell\" ><div id=\"panel-1842-6-0-0\" class=\"so-panel widget widget_sow-headline panel-first-child panel-last-child\" data-index=\"7\" ><div class=\"panel-widget-style panel-widget-style-for-1842-6-0-0\" ><div\n\t\t\t\n\t\t\tclass=\"so-widget-sow-headline so-widget-sow-headline-default-ea0af4cf39ae-1842\"\n\t\t\t\n\t\t><div class=\"sow-headline-container \">\n\t\t\t\t\t\t\t<h1 class=\"sow-headline\">\n\t\t\t\t\t\tComment \u00e7a marche ?\t\t\t\t\t\t<\/h1>\n\t\t\t\t\t\t\t\t\t\t\t<div class=\"decoration\">\n\t\t\t\t\t\t<div class=\"decoration-inside\"><\/div>\n\t\t\t\t\t<\/div>\n\t\t\t\t\t<\/div>\n<\/div><\/div><\/div><\/div><\/div><div id=\"pg-1842-7\"  class=\"panel-grid panel-no-style\" ><div id=\"pgc-1842-7-0\"  class=\"panel-grid-cell\" ><div id=\"panel-1842-7-0-0\" class=\"so-panel widget widget_sow-editor panel-first-child panel-last-child\" data-index=\"8\" ><div\n\t\t\t\n\t\t\tclass=\"so-widget-sow-editor so-widget-sow-editor-base\"\n\t\t\t\n\t\t>\n<div class=\"siteorigin-widget-tinymce textwidget\">\n\t<p style=\"text-align: center;\">1\/ Vous imaginez un concept en accord avec votre client et ses envies, qui le diff\u00e9renciera de ses concurrents. Cet univers pourra \u00eatre inspir\u00e9 d'une boutique existante ou de votre imagination. Vous pouvez \u00e9galement choisir parmi nos environnements disponibles.<\/p>\n<\/div>\n<\/div><\/div><\/div><div id=\"pgc-1842-7-1\"  class=\"panel-grid-cell\" ><div id=\"panel-1842-7-1-0\" class=\"so-panel widget widget_sow-editor panel-first-child panel-last-child\" data-index=\"9\" ><div\n\t\t\t\n\t\t\tclass=\"so-widget-sow-editor so-widget-sow-editor-base\"\n\t\t\t\n\t\t>\n<div class=\"siteorigin-widget-tinymce textwidget\">\n\t<p style=\"text-align: center;\">2\/ Vous cr\u00e9ez un site de e-commerce avec la technologie dont vous avez l\u2019habitude (WordPress, PrestaShop ou autre).<\/p>\n<\/div>\n<\/div><\/div><\/div><div id=\"pgc-1842-7-2\"  class=\"panel-grid-cell\" ><div id=\"panel-1842-7-2-0\" class=\"so-panel widget widget_sow-editor panel-first-child panel-last-child\" data-index=\"10\" ><div\n\t\t\t\n\t\t\tclass=\"so-widget-sow-editor so-widget-sow-editor-base\"\n\t\t\t\n\t\t>\n<div class=\"siteorigin-widget-tinymce textwidget\">\n\t<p style=\"text-align: center;\">3\/ Vous s\u00e9lectionnez les produits \u00e0 int\u00e9grer dans la boutique virtuelle et connectez cette derni\u00e8re au site 2D au moyen d\u2019un de nos plug-in.<\/p>\n<\/div>\n<\/div><\/div><\/div><\/div><div id=\"pg-1842-8\"  class=\"panel-grid panel-no-style\" ><div id=\"pgc-1842-8-0\"  class=\"panel-grid-cell\" ><div id=\"panel-1842-8-0-0\" class=\"so-panel widget widget_sow-editor panel-first-child panel-last-child\" data-index=\"11\" ><div\n\t\t\t\n\t\t\tclass=\"so-widget-sow-editor so-widget-sow-editor-base\"\n\t\t\t\n\t\t>\n<div class=\"siteorigin-widget-tinymce textwidget\">\n\t<h3 style=\"text-align: center;\"><span style=\"color: #e07033;\">Et voil\u00e0 !<\/span><\/h3>\n<\/div>\n<\/div><\/div><\/div><\/div><div id=\"pg-1842-9\"  class=\"panel-grid panel-no-style\" ><div id=\"pgc-1842-9-0\"  class=\"panel-grid-cell\" ><div id=\"panel-1842-9-0-0\" class=\"so-panel widget widget_sow-button panel-first-child\" data-index=\"12\" ><div\n\t\t\t\n\t\t\tclass=\"so-widget-sow-button so-widget-sow-button-atom-19be5879a440-1842\"\n\t\t\t\n\t\t><div class=\"ow-button-base ow-button-align-center\"\n>\n\t\t\t<a\n\t\t\t\t\thref=\"https:\/\/home.diakse.com\/contact\"\n\t\t\t\t\tclass=\"sowb-button ow-icon-placement-left ow-button-hover\" \t>\n\t\t<span>\n\t\t\t\n\t\t\tCONTACTEZ NOUS\t\t<\/span>\n\t\t\t<\/a>\n\t<\/div>\n<\/div><\/div><div id=\"panel-1842-9-0-1\" class=\"so-panel widget widget_sow-headline panel-last-child\" data-index=\"13\" ><div class=\"panel-widget-style panel-widget-style-for-1842-9-0-1\" ><div\n\t\t\t\n\t\t\tclass=\"so-widget-sow-headline so-widget-sow-headline-default-ea0af4cf39ae-1842\"\n\t\t\t\n\t\t><div class=\"sow-headline-container \">\n\t\t\t\t\t\t<div class=\"decoration\">\n\t\t\t\t\t\t<div class=\"decoration-inside\"><\/div>\n\t\t\t\t\t<\/div>\n\t\t\t\t\t<\/div>\n<\/div><\/div><\/div><\/div><\/div><div id=\"pg-1842-10\"  class=\"panel-grid panel-has-style\" ><div class=\"panel-row-style panel-row-style-for-1842-10\" ><div id=\"pgc-1842-10-0\"  class=\"panel-grid-cell panel-grid-cell-empty\" ><\/div><\/div><\/div><\/div>","protected":false},"excerpt":{"rendered":"<p>Pourquoi choisir notre solution de e-commerce ? Choisissez une solution innovante pour vos clients en vous d\u00e9marquant de la concurrence Boostez les ventes de vos clients et garantissez leur satisfaction \u00e0\u00a0l&rsquo;aide de la solution de DIAKSE Am\u00e9liorez votre chiffre d&rsquo;affaires par la commercialisation de notre licence Nous vous accompagnons depuis les premi\u00e8res prises de vues <a href=\"https:\/\/home.diakse.com\/fr_fr\/vous-etes-une-agence\" rel=\"nofollow\"><span class=\"sr-only\">En savoir plus surAgence<\/span>[&hellip;]<\/a><\/p>\n","protected":false},"author":1,"featured_media":0,"parent":0,"menu_order":0,"comment_status":"closed","ping_status":"closed","template":"template-fullwidth-no-title.php","meta":{"_exactmetrics_skip_tracking":false,"_exactmetrics_sitenote_active":false,"_exactmetrics_sitenote_note":"","_exactmetrics_sitenote_category":0,"footnotes":""},"class_list":["post-1842","page","type-page","status-publish","hentry"],"yoast_head":"<!-- This site is optimized with the Yoast SEO plugin v27.4 - https:\/\/yoast.com\/product\/yoast-seo-wordpress\/ -->\n<title>Agence - Diakse<\/title>\n<meta name=\"description\" content=\"Devenez partenaire de DIAKSE et adopter notre solution de e-commerce !\" \/>\n<meta name=\"robots\" content=\"index, follow, max-snippet:-1, max-image-preview:large, max-video-preview:-1\" \/>\n<link rel=\"canonical\" href=\"https:\/\/home.diakse.com\/fr_fr\/vous-etes-une-agence\/\" \/>\n<meta property=\"og:locale\" content=\"fr_FR\" \/>\n<meta property=\"og:type\" content=\"article\" \/>\n<meta property=\"og:title\" content=\"Agence - Diakse\" \/>\n<meta property=\"og:description\" content=\"Devenez partenaire de DIAKSE et adopter notre solution de e-commerce !\" \/>\n<meta property=\"og:url\" content=\"https:\/\/home.diakse.com\/fr_fr\/vous-etes-une-agence\/\" \/>\n<meta property=\"og:site_name\" content=\"Diakse\" \/>\n<meta property=\"article:publisher\" content=\"https:\/\/www.facebook.com\/diakse\" \/>\n<meta property=\"article:modified_time\" content=\"2022-02-15T14:30:02+00:00\" \/>\n<meta name=\"twitter:card\" content=\"summary_large_image\" \/>\n<meta name=\"twitter:site\" content=\"@Diakse_France\" \/>\n<meta name=\"twitter:label1\" content=\"Dur\u00e9e de lecture estim\u00e9e\" \/>\n\t<meta name=\"twitter:data1\" content=\"1 minute\" \/>\n<script type=\"application\/ld+json\" class=\"yoast-schema-graph\">{\"@context\":\"https:\\\/\\\/schema.org\",\"@graph\":[{\"@type\":\"WebPage\",\"@id\":\"https:\\\/\\\/home.diakse.com\\\/vous-etes-une-agence\",\"url\":\"https:\\\/\\\/home.diakse.com\\\/vous-etes-une-agence\",\"name\":\"Agence - Diakse\",\"isPartOf\":{\"@id\":\"https:\\\/\\\/home.diakse.com\\\/fr_fr\\\/#website\"},\"datePublished\":\"2019-01-10T09:28:47+00:00\",\"dateModified\":\"2022-02-15T14:30:02+00:00\",\"description\":\"Devenez partenaire de DIAKSE et adopter notre solution de e-commerce !\",\"breadcrumb\":{\"@id\":\"https:\\\/\\\/home.diakse.com\\\/vous-etes-une-agence#breadcrumb\"},\"inLanguage\":\"fr-FR\",\"potentialAction\":[{\"@type\":\"ReadAction\",\"target\":[\"https:\\\/\\\/home.diakse.com\\\/vous-etes-une-agence\"]}]},{\"@type\":\"BreadcrumbList\",\"@id\":\"https:\\\/\\\/home.diakse.com\\\/vous-etes-une-agence#breadcrumb\",\"itemListElement\":[{\"@type\":\"ListItem\",\"position\":1,\"name\":\"Accueil\",\"item\":\"https:\\\/\\\/home.diakse.com\\\/fr_fr\\\/\"},{\"@type\":\"ListItem\",\"position\":2,\"name\":\"Agence\"}]},{\"@type\":\"WebSite\",\"@id\":\"https:\\\/\\\/home.diakse.com\\\/fr_fr\\\/#website\",\"url\":\"https:\\\/\\\/home.diakse.com\\\/fr_fr\\\/\",\"name\":\"Diakse\",\"description\":\"Virtual Shops - La solution de cr\u00e9ation de boutiques virtuelles\",\"publisher\":{\"@id\":\"https:\\\/\\\/home.diakse.com\\\/fr_fr\\\/#organization\"},\"potentialAction\":[{\"@type\":\"SearchAction\",\"target\":{\"@type\":\"EntryPoint\",\"urlTemplate\":\"https:\\\/\\\/home.diakse.com\\\/fr_fr\\\/?s={search_term_string}\"},\"query-input\":{\"@type\":\"PropertyValueSpecification\",\"valueRequired\":true,\"valueName\":\"search_term_string\"}}],\"inLanguage\":\"fr-FR\"},{\"@type\":\"Organization\",\"@id\":\"https:\\\/\\\/home.diakse.com\\\/fr_fr\\\/#organization\",\"name\":\"Diakse\",\"url\":\"https:\\\/\\\/home.diakse.com\\\/fr_fr\\\/\",\"logo\":{\"@type\":\"ImageObject\",\"inLanguage\":\"fr-FR\",\"@id\":\"https:\\\/\\\/home.diakse.com\\\/fr_fr\\\/#\\\/schema\\\/logo\\\/image\\\/\",\"url\":\"https:\\\/\\\/home.diakse.com\\\/wp-content\\\/uploads\\\/2018\\\/01\\\/Diakse-V-business-3.0-Blanc.jpg\",\"contentUrl\":\"https:\\\/\\\/home.diakse.com\\\/wp-content\\\/uploads\\\/2018\\\/01\\\/Diakse-V-business-3.0-Blanc.jpg\",\"width\":1000,\"height\":440,\"caption\":\"Diakse\"},\"image\":{\"@id\":\"https:\\\/\\\/home.diakse.com\\\/fr_fr\\\/#\\\/schema\\\/logo\\\/image\\\/\"},\"sameAs\":[\"https:\\\/\\\/www.facebook.com\\\/diakse\",\"https:\\\/\\\/x.com\\\/Diakse_France\",\"https:\\\/\\\/www.instagram.com\\\/diakse.france\\\/\",\"https:\\\/\\\/www.linkedin.com\\\/company\\\/diakse\",\"https:\\\/\\\/www.youtube.com\\\/channel\\\/UCbymWs9j6MjXmcYDcU-LVJA\"]}]}<\/script>\n<!-- \/ Yoast SEO plugin. -->","yoast_head_json":{"title":"Agence - Diakse","description":"Devenez partenaire de DIAKSE et adopter notre solution de e-commerce !","robots":{"index":"index","follow":"follow","max-snippet":"max-snippet:-1","max-image-preview":"max-image-preview:large","max-video-preview":"max-video-preview:-1"},"canonical":"https:\/\/home.diakse.com\/fr_fr\/vous-etes-une-agence\/","og_locale":"fr_FR","og_type":"article","og_title":"Agence - Diakse","og_description":"Devenez partenaire de DIAKSE et adopter notre solution de e-commerce !","og_url":"https:\/\/home.diakse.com\/fr_fr\/vous-etes-une-agence\/","og_site_name":"Diakse","article_publisher":"https:\/\/www.facebook.com\/diakse","article_modified_time":"2022-02-15T14:30:02+00:00","twitter_card":"summary_large_image","twitter_site":"@Diakse_France","twitter_misc":{"Dur\u00e9e de lecture estim\u00e9e":"1 minute"},"schema":{"@context":"https:\/\/schema.org","@graph":[{"@type":"WebPage","@id":"https:\/\/home.diakse.com\/vous-etes-une-agence","url":"https:\/\/home.diakse.com\/vous-etes-une-agence","name":"Agence - Diakse","isPartOf":{"@id":"https:\/\/home.diakse.com\/fr_fr\/#website"},"datePublished":"2019-01-10T09:28:47+00:00","dateModified":"2022-02-15T14:30:02+00:00","description":"Devenez partenaire de DIAKSE et adopter notre solution de e-commerce !","breadcrumb":{"@id":"https:\/\/home.diakse.com\/vous-etes-une-agence#breadcrumb"},"inLanguage":"fr-FR","potentialAction":[{"@type":"ReadAction","target":["https:\/\/home.diakse.com\/vous-etes-une-agence"]}]},{"@type":"BreadcrumbList","@id":"https:\/\/home.diakse.com\/vous-etes-une-agence#breadcrumb","itemListElement":[{"@type":"ListItem","position":1,"name":"Accueil","item":"https:\/\/home.diakse.com\/fr_fr\/"},{"@type":"ListItem","position":2,"name":"Agence"}]},{"@type":"WebSite","@id":"https:\/\/home.diakse.com\/fr_fr\/#website","url":"https:\/\/home.diakse.com\/fr_fr\/","name":"Diakse","description":"Virtual Shops - La solution de cr\u00e9ation de boutiques virtuelles","publisher":{"@id":"https:\/\/home.diakse.com\/fr_fr\/#organization"},"potentialAction":[{"@type":"SearchAction","target":{"@type":"EntryPoint","urlTemplate":"https:\/\/home.diakse.com\/fr_fr\/?s={search_term_string}"},"query-input":{"@type":"PropertyValueSpecification","valueRequired":true,"valueName":"search_term_string"}}],"inLanguage":"fr-FR"},{"@type":"Organization","@id":"https:\/\/home.diakse.com\/fr_fr\/#organization","name":"Diakse","url":"https:\/\/home.diakse.com\/fr_fr\/","logo":{"@type":"ImageObject","inLanguage":"fr-FR","@id":"https:\/\/home.diakse.com\/fr_fr\/#\/schema\/logo\/image\/","url":"https:\/\/home.diakse.com\/wp-content\/uploads\/2018\/01\/Diakse-V-business-3.0-Blanc.jpg","contentUrl":"https:\/\/home.diakse.com\/wp-content\/uploads\/2018\/01\/Diakse-V-business-3.0-Blanc.jpg","width":1000,"height":440,"caption":"Diakse"},"image":{"@id":"https:\/\/home.diakse.com\/fr_fr\/#\/schema\/logo\/image\/"},"sameAs":["https:\/\/www.facebook.com\/diakse","https:\/\/x.com\/Diakse_France","https:\/\/www.instagram.com\/diakse.france\/","https:\/\/www.linkedin.com\/company\/diakse","https:\/\/www.youtube.com\/channel\/UCbymWs9j6MjXmcYDcU-LVJA"]}]}},"_links":{"self":[{"href":"https:\/\/home.diakse.com\/fr_fr\/wp-json\/wp\/v2\/pages\/1842","targetHints":{"allow":["GET"]}}],"collection":[{"href":"https:\/\/home.diakse.com\/fr_fr\/wp-json\/wp\/v2\/pages"}],"about":[{"href":"https:\/\/home.diakse.com\/fr_fr\/wp-json\/wp\/v2\/types\/page"}],"author":[{"embeddable":true,"href":"https:\/\/home.diakse.com\/fr_fr\/wp-json\/wp\/v2\/users\/1"}],"replies":[{"embeddable":true,"href":"https:\/\/home.diakse.com\/fr_fr\/wp-json\/wp\/v2\/comments?post=1842"}],"version-history":[{"count":63,"href":"https:\/\/home.diakse.com\/fr_fr\/wp-json\/wp\/v2\/pages\/1842\/revisions"}],"predecessor-version":[{"id":4455,"href":"https:\/\/home.diakse.com\/fr_fr\/wp-json\/wp\/v2\/pages\/1842\/revisions\/4455"}],"wp:attachment":[{"href":"https:\/\/home.diakse.com\/fr_fr\/wp-json\/wp\/v2\/media?parent=1842"}],"curies":[{"name":"wp","href":"https:\/\/api.w.org\/{rel}","templated":true}]}}