{"id":1984,"date":"2019-01-21T16:41:31","date_gmt":"2019-01-21T16:41:31","guid":{"rendered":"https:\/\/home.diakse.com\/?page_id=1984"},"modified":"2019-01-21T16:47:49","modified_gmt":"2019-01-21T16:47:49","slug":"creationdesite2d","status":"publish","type":"page","link":"https:\/\/home.diakse.com\/fr_fr\/creationdesite2d","title":{"rendered":"Titre par d\u00e9faut"},"content":{"rendered":"<div id=\"pl-1984\"  class=\"panel-layout\" ><div id=\"pg-1984-0\"  class=\"panel-grid panel-no-style\" ><div id=\"pgc-1984-0-0\"  class=\"panel-grid-cell\" ><div id=\"panel-1984-0-0-0\" class=\"so-panel widget widget_sow-headline panel-first-child\" data-index=\"0\" ><div\n\t\t\t\n\t\t\tclass=\"so-widget-sow-headline so-widget-sow-headline-default-ea0af4cf39ae-1984\"\n\t\t\t\n\t\t><div class=\"sow-headline-container \">\n\t\t\t\t\t\t\t<h1 class=\"sow-headline\">\n\t\t\t\t\t\tUne solution simple, sobre, esth\u00e9tique<a name=\"\u201cancre1\u201d\"><\/a>\t\t\t\t\t\t<\/h1>\n\t\t\t\t\t\t\t\t\t\t\t<div class=\"decoration\">\n\t\t\t\t\t\t<div class=\"decoration-inside\"><\/div>\n\t\t\t\t\t<\/div>\n\t\t\t\t\t<\/div>\n<\/div><\/div><div id=\"panel-1984-0-0-1\" class=\"so-panel widget widget_sow-icon\" data-index=\"1\" ><div\n\t\t\t\n\t\t\tclass=\"so-widget-sow-icon so-widget-sow-icon-default-c40bdd045566-1984\"\n\t\t\t\n\t\t>\n<div class=\"sow-icon-container sow-icon\">\n\t\t\t\t<\/div>\n<\/div><\/div><div id=\"panel-1984-0-0-2\" class=\"so-panel widget widget_sow-editor panel-last-child\" data-index=\"2\" ><div\n\t\t\t\n\t\t\tclass=\"so-widget-sow-editor so-widget-sow-editor-base\"\n\t\t\t\n\t\t>\n<div class=\"siteorigin-widget-tinymce textwidget\">\n\t<p style=\"text-align: center;\">Notre conception d'internet est celle d'une <strong>r\u00e9alit\u00e9 simple et immersive<\/strong>. Si vous pensez qu'il vous est encore possible de vous diff\u00e9rencier sur le Web en choisissant un design sp\u00e9cifique, une couleur et en utilisant des coins arrondis et de belles images, ne perdez plus de temps sur notre site. L'UX est une science aujourd'hui ma\u00eetris\u00e9e et tous les sites web se ressemblent. Toute originalit\u00e9 dans le design se fera malheureusement souvent au d\u00e9triment de l'efficacit\u00e9 et vous ne pouvez pas prendre le risque qu'un client ne trouve pas le produit qu'il recherche et l'ach\u00e8te rapidement s'il est press\u00e9. Pour autant, rien ne vous oblige de leur proposer une petite visite de votre boutique ou ils pourront d\u00e9couvrir en r\u00e9alit\u00e9 virtuelle vos derni\u00e8res collections et red\u00e9couvrir le plaisir d'acheter en ligne!<\/p>\n<p style=\"text-align: center;\">\n<p style=\"text-align: center;\">C'est l\u00e0 tout ce que Diakse offre. Et pour vous qui n'avez pas encore de site web 2D pour vendre vos produits, nous avons pens\u00e9 \u00e0 tout!<\/p>\n<p style=\"text-align: center;\">Diakse propose en effet en partenariat avec des agences web sp\u00e9cialis\u00e9es, service de cr\u00e9ation simple, intelligent et \u00e0 co\u00fbt r\u00e9duit qui vous permettra de disposer d'un site 2D efficace et performant. Vous pouvez ainsi concentrer votre budget et \u00e9nergie sur l'essentiel: faire venir vos clients sur votre site et leur offrir une exp\u00e9rience personnalis\u00e9e au sein d'une boutique Virtuelle DIAKSE!<\/p>\n<p style=\"text-align: center;\">\n<p style=\"text-align: center;\">\n<p>&nbsp;<\/p>\n<p style=\"text-align: center;\">\n<\/div>\n<\/div><\/div><\/div><\/div><div id=\"pg-1984-1\"  class=\"panel-grid panel-no-style\" ><div id=\"pgc-1984-1-0\"  class=\"panel-grid-cell\" ><div id=\"panel-1984-1-0-0\" class=\"so-panel widget widget_sow-headline panel-first-child\" data-index=\"3\" ><div\n\t\t\t\n\t\t\tclass=\"so-widget-sow-headline so-widget-sow-headline-default-ea0af4cf39ae-1984\"\n\t\t\t\n\t\t><div class=\"sow-headline-container \">\n\t\t\t\t\t\t\t<h1 class=\"sow-headline\">\n\t\t\t\t\t\tComment cr\u00e9er son site de e-commerce\t\t\t\t\t\t<\/h1>\n\t\t\t\t\t\t\t\t\t\t\t<div class=\"decoration\">\n\t\t\t\t\t\t<div class=\"decoration-inside\"><\/div>\n\t\t\t\t\t<\/div>\n\t\t\t\t\t<\/div>\n<\/div><\/div><div id=\"panel-1984-1-0-1\" class=\"so-panel widget widget_sow-icon\" data-index=\"4\" ><div\n\t\t\t\n\t\t\tclass=\"so-widget-sow-icon so-widget-sow-icon-default-c40bdd045566-1984\"\n\t\t\t\n\t\t>\n<div class=\"sow-icon-container sow-icon\">\n\t\t\t<span class=\"sow-icon-ionicons\" data-sow-icon=\"&#xf37e;\"\n\t\t \n\t\taria-hidden=\"true\"><\/span>\t<\/div>\n<\/div><\/div><div id=\"panel-1984-1-0-2\" class=\"so-panel widget widget_sow-editor panel-last-child\" data-index=\"5\" ><div\n\t\t\t\n\t\t\tclass=\"so-widget-sow-editor so-widget-sow-editor-base\"\n\t\t\t\n\t\t>\n<div class=\"siteorigin-widget-tinymce textwidget\">\n\t<div id=\"creer\">\n<p style=\"text-align: center;\"><strong>Premi\u00e8re \u00e9tape :\u00a0<\/strong>vous nous envoyez un mail avec un exemple de site dont le design vous pla\u00eet (ne vous inqui\u00e9tez pas pour la performance, nous traiterons cela avec vous!).<\/p>\n<p style=\"text-align: center;\"><strong>Deuxi\u00e8me \u00e9tape<\/strong> : Nous choisissons ensemble la mise en forme le plus ad\u00e9quate \u00e0 votre m\u00e9tier et param\u00e9trons votre site pour que vous puissiez y mettre votre contenu \u00e9ditorial (images, textes).<\/p>\n<p style=\"text-align: center;\"><strong>Troisi\u00e8me \u00e9tape :\u00a0<\/strong>Nous vous formons en 1 demie-journ\u00e9e \u00e0 l'insertion de produits et au suivi de vos commandes. Pour ce qui est de l'administration et de tous les aspects techniques, DIAKSE s'en charge pour vous.<\/p>\n<p style=\"text-align: center;\"><strong>Quatri\u00e8me \u00e9tape :<\/strong>\u00a0Nous mettons en ligne votre site 2D, en y ajoutant la boutique virtuelle que nous avons cr\u00e9\u00e9e en parall\u00e8le pour vous.<\/p>\n<\/div>\n<\/div>\n<\/div><\/div><\/div><\/div><div id=\"pg-1984-2\"  class=\"panel-grid panel-no-style\" ><div id=\"pgc-1984-2-0\"  class=\"panel-grid-cell\" ><div id=\"panel-1984-2-0-0\" class=\"so-panel widget widget_sow-button panel-first-child panel-last-child\" data-index=\"6\" ><div\n\t\t\t\n\t\t\tclass=\"so-widget-sow-button so-widget-sow-button-atom-fa7efa88d0a2-1984\"\n\t\t\t\n\t\t><div class=\"ow-button-base ow-button-align-center\"\n>\n\t\t\t<a\n\t\t\t\t\thref=\"https:\/\/home.diakse.com\/contact\"\n\t\t\t\t\tclass=\"sowb-button ow-icon-placement-left ow-button-hover\" \t>\n\t\t<span>\n\t\t\t\n\t\t\tCREER MON SITE\t\t<\/span>\n\t\t\t<\/a>\n\t<\/div>\n<\/div><\/div><\/div><div id=\"pgc-1984-2-1\"  class=\"panel-grid-cell\" ><div id=\"panel-1984-2-1-0\" class=\"so-panel widget widget_sow-button panel-first-child panel-last-child\" data-index=\"7\" ><div\n\t\t\t\n\t\t\tclass=\"so-widget-sow-button so-widget-sow-button-atom-fa7efa88d0a2-1984\"\n\t\t\t\n\t\t><div class=\"ow-button-base ow-button-align-center\"\n>\n\t\t\t<a\n\t\t\t\t\thref=\"https:\/\/home.diakse.com\/tarifs\"\n\t\t\t\t\tclass=\"sowb-button ow-icon-placement-left ow-button-hover\" \t>\n\t\t<span>\n\t\t\t\n\t\t\tTARIFS\t\t<\/span>\n\t\t\t<\/a>\n\t<\/div>\n<\/div><\/div><\/div><\/div><\/div>","protected":false},"excerpt":{"rendered":"<p>Notre conception d&rsquo;internet est celle d&rsquo;une r\u00e9alit\u00e9 simple et immersive. Si vous pensez qu&rsquo;il vous est encore possible de vous diff\u00e9rencier sur le Web en choisissant un design sp\u00e9cifique, une couleur et en utilisant des coins arrondis et de belles images, ne perdez plus de temps sur notre site. L&rsquo;UX est une science aujourd&rsquo;hui ma\u00eetris\u00e9e <a href=\"https:\/\/home.diakse.com\/fr_fr\/creationdesite2d\" rel=\"nofollow\"><span class=\"sr-only\">En savoir plus surTitre par d\u00e9faut<\/span>[&hellip;]<\/a><\/p>\n","protected":false},"author":1,"featured_media":0,"parent":0,"menu_order":0,"comment_status":"closed","ping_status":"closed","template":"template-fullwidth-no-title.php","meta":{"_exactmetrics_skip_tracking":false,"_exactmetrics_sitenote_active":false,"_exactmetrics_sitenote_note":"","_exactmetrics_sitenote_category":0,"footnotes":""},"class_list":["post-1984","page","type-page","status-publish","hentry"],"yoast_head":"<!-- This site is optimized with the Yoast SEO plugin v27.3 - https:\/\/yoast.com\/product\/yoast-seo-wordpress\/ -->\n<title>- Diakse<\/title>\n<meta name=\"robots\" content=\"index, follow, max-snippet:-1, max-image-preview:large, max-video-preview:-1\" \/>\n<link rel=\"canonical\" href=\"https:\/\/home.diakse.com\/fr_fr\/creationdesite2d\/\" \/>\n<meta property=\"og:locale\" content=\"fr_FR\" \/>\n<meta property=\"og:type\" content=\"article\" \/>\n<meta property=\"og:title\" content=\"- Diakse\" \/>\n<meta property=\"og:description\" content=\"Notre conception d&#039;internet est celle d&#039;une r\u00e9alit\u00e9 simple et immersive. Si vous pensez qu&#039;il vous est encore possible de vous diff\u00e9rencier sur le Web en choisissant un design sp\u00e9cifique, une couleur et en utilisant des coins arrondis et de belles images, ne perdez plus de temps sur notre site. L&#039;UX est une science aujourd&#039;hui ma\u00eetris\u00e9e En savoir plus surTitre par d\u00e9faut[&hellip;]\" \/>\n<meta property=\"og:url\" content=\"https:\/\/home.diakse.com\/fr_fr\/creationdesite2d\/\" \/>\n<meta property=\"og:site_name\" content=\"Diakse\" \/>\n<meta property=\"article:publisher\" content=\"https:\/\/www.facebook.com\/diakse\" \/>\n<meta property=\"article:modified_time\" content=\"2019-01-21T16:47:49+00:00\" \/>\n<meta name=\"twitter:card\" content=\"summary_large_image\" \/>\n<meta name=\"twitter:site\" content=\"@Diakse_France\" \/>\n<meta name=\"twitter:label1\" content=\"Dur\u00e9e de lecture estim\u00e9e\" \/>\n\t<meta name=\"twitter:data1\" content=\"2 minutes\" \/>\n<script type=\"application\/ld+json\" class=\"yoast-schema-graph\">{\"@context\":\"https:\\\/\\\/schema.org\",\"@graph\":[{\"@type\":\"WebPage\",\"@id\":\"https:\\\/\\\/home.diakse.com\\\/creationdesite2d\",\"url\":\"https:\\\/\\\/home.diakse.com\\\/creationdesite2d\",\"name\":\"- Diakse\",\"isPartOf\":{\"@id\":\"https:\\\/\\\/home.diakse.com\\\/fr_fr\\\/#website\"},\"datePublished\":\"2019-01-21T16:41:31+00:00\",\"dateModified\":\"2019-01-21T16:47:49+00:00\",\"breadcrumb\":{\"@id\":\"https:\\\/\\\/home.diakse.com\\\/creationdesite2d#breadcrumb\"},\"inLanguage\":\"fr-FR\",\"potentialAction\":[{\"@type\":\"ReadAction\",\"target\":[\"https:\\\/\\\/home.diakse.com\\\/creationdesite2d\"]}]},{\"@type\":\"BreadcrumbList\",\"@id\":\"https:\\\/\\\/home.diakse.com\\\/creationdesite2d#breadcrumb\",\"itemListElement\":[{\"@type\":\"ListItem\",\"position\":1,\"name\":\"Accueil\",\"item\":\"https:\\\/\\\/home.diakse.com\\\/fr_fr\\\/\"},{\"@type\":\"ListItem\",\"position\":2,\"name\":\"Titre par d\u00e9faut\"}]},{\"@type\":\"WebSite\",\"@id\":\"https:\\\/\\\/home.diakse.com\\\/fr_fr\\\/#website\",\"url\":\"https:\\\/\\\/home.diakse.com\\\/fr_fr\\\/\",\"name\":\"Diakse\",\"description\":\"Virtual Shops - La solution de cr\u00e9ation de boutiques virtuelles\",\"publisher\":{\"@id\":\"https:\\\/\\\/home.diakse.com\\\/fr_fr\\\/#organization\"},\"potentialAction\":[{\"@type\":\"SearchAction\",\"target\":{\"@type\":\"EntryPoint\",\"urlTemplate\":\"https:\\\/\\\/home.diakse.com\\\/fr_fr\\\/?s={search_term_string}\"},\"query-input\":{\"@type\":\"PropertyValueSpecification\",\"valueRequired\":true,\"valueName\":\"search_term_string\"}}],\"inLanguage\":\"fr-FR\"},{\"@type\":\"Organization\",\"@id\":\"https:\\\/\\\/home.diakse.com\\\/fr_fr\\\/#organization\",\"name\":\"Diakse\",\"url\":\"https:\\\/\\\/home.diakse.com\\\/fr_fr\\\/\",\"logo\":{\"@type\":\"ImageObject\",\"inLanguage\":\"fr-FR\",\"@id\":\"https:\\\/\\\/home.diakse.com\\\/fr_fr\\\/#\\\/schema\\\/logo\\\/image\\\/\",\"url\":\"https:\\\/\\\/home.diakse.com\\\/wp-content\\\/uploads\\\/2018\\\/01\\\/Diakse-V-business-3.0-Blanc.jpg\",\"contentUrl\":\"https:\\\/\\\/home.diakse.com\\\/wp-content\\\/uploads\\\/2018\\\/01\\\/Diakse-V-business-3.0-Blanc.jpg\",\"width\":1000,\"height\":440,\"caption\":\"Diakse\"},\"image\":{\"@id\":\"https:\\\/\\\/home.diakse.com\\\/fr_fr\\\/#\\\/schema\\\/logo\\\/image\\\/\"},\"sameAs\":[\"https:\\\/\\\/www.facebook.com\\\/diakse\",\"https:\\\/\\\/x.com\\\/Diakse_France\",\"https:\\\/\\\/www.instagram.com\\\/diakse.france\\\/\",\"https:\\\/\\\/www.linkedin.com\\\/company\\\/diakse\",\"https:\\\/\\\/www.youtube.com\\\/channel\\\/UCbymWs9j6MjXmcYDcU-LVJA\"]}]}<\/script>\n<!-- \/ Yoast SEO plugin. -->","yoast_head_json":{"title":"- Diakse","robots":{"index":"index","follow":"follow","max-snippet":"max-snippet:-1","max-image-preview":"max-image-preview:large","max-video-preview":"max-video-preview:-1"},"canonical":"https:\/\/home.diakse.com\/fr_fr\/creationdesite2d\/","og_locale":"fr_FR","og_type":"article","og_title":"- Diakse","og_description":"Notre conception d'internet est celle d'une r\u00e9alit\u00e9 simple et immersive. Si vous pensez qu'il vous est encore possible de vous diff\u00e9rencier sur le Web en choisissant un design sp\u00e9cifique, une couleur et en utilisant des coins arrondis et de belles images, ne perdez plus de temps sur notre site. L'UX est une science aujourd'hui ma\u00eetris\u00e9e En savoir plus surTitre par d\u00e9faut[&hellip;]","og_url":"https:\/\/home.diakse.com\/fr_fr\/creationdesite2d\/","og_site_name":"Diakse","article_publisher":"https:\/\/www.facebook.com\/diakse","article_modified_time":"2019-01-21T16:47:49+00:00","twitter_card":"summary_large_image","twitter_site":"@Diakse_France","twitter_misc":{"Dur\u00e9e de lecture estim\u00e9e":"2 minutes"},"schema":{"@context":"https:\/\/schema.org","@graph":[{"@type":"WebPage","@id":"https:\/\/home.diakse.com\/creationdesite2d","url":"https:\/\/home.diakse.com\/creationdesite2d","name":"- Diakse","isPartOf":{"@id":"https:\/\/home.diakse.com\/fr_fr\/#website"},"datePublished":"2019-01-21T16:41:31+00:00","dateModified":"2019-01-21T16:47:49+00:00","breadcrumb":{"@id":"https:\/\/home.diakse.com\/creationdesite2d#breadcrumb"},"inLanguage":"fr-FR","potentialAction":[{"@type":"ReadAction","target":["https:\/\/home.diakse.com\/creationdesite2d"]}]},{"@type":"BreadcrumbList","@id":"https:\/\/home.diakse.com\/creationdesite2d#breadcrumb","itemListElement":[{"@type":"ListItem","position":1,"name":"Accueil","item":"https:\/\/home.diakse.com\/fr_fr\/"},{"@type":"ListItem","position":2,"name":"Titre par d\u00e9faut"}]},{"@type":"WebSite","@id":"https:\/\/home.diakse.com\/fr_fr\/#website","url":"https:\/\/home.diakse.com\/fr_fr\/","name":"Diakse","description":"Virtual Shops - La solution de cr\u00e9ation de boutiques virtuelles","publisher":{"@id":"https:\/\/home.diakse.com\/fr_fr\/#organization"},"potentialAction":[{"@type":"SearchAction","target":{"@type":"EntryPoint","urlTemplate":"https:\/\/home.diakse.com\/fr_fr\/?s={search_term_string}"},"query-input":{"@type":"PropertyValueSpecification","valueRequired":true,"valueName":"search_term_string"}}],"inLanguage":"fr-FR"},{"@type":"Organization","@id":"https:\/\/home.diakse.com\/fr_fr\/#organization","name":"Diakse","url":"https:\/\/home.diakse.com\/fr_fr\/","logo":{"@type":"ImageObject","inLanguage":"fr-FR","@id":"https:\/\/home.diakse.com\/fr_fr\/#\/schema\/logo\/image\/","url":"https:\/\/home.diakse.com\/wp-content\/uploads\/2018\/01\/Diakse-V-business-3.0-Blanc.jpg","contentUrl":"https:\/\/home.diakse.com\/wp-content\/uploads\/2018\/01\/Diakse-V-business-3.0-Blanc.jpg","width":1000,"height":440,"caption":"Diakse"},"image":{"@id":"https:\/\/home.diakse.com\/fr_fr\/#\/schema\/logo\/image\/"},"sameAs":["https:\/\/www.facebook.com\/diakse","https:\/\/x.com\/Diakse_France","https:\/\/www.instagram.com\/diakse.france\/","https:\/\/www.linkedin.com\/company\/diakse","https:\/\/www.youtube.com\/channel\/UCbymWs9j6MjXmcYDcU-LVJA"]}]}},"_links":{"self":[{"href":"https:\/\/home.diakse.com\/fr_fr\/wp-json\/wp\/v2\/pages\/1984","targetHints":{"allow":["GET"]}}],"collection":[{"href":"https:\/\/home.diakse.com\/fr_fr\/wp-json\/wp\/v2\/pages"}],"about":[{"href":"https:\/\/home.diakse.com\/fr_fr\/wp-json\/wp\/v2\/types\/page"}],"author":[{"embeddable":true,"href":"https:\/\/home.diakse.com\/fr_fr\/wp-json\/wp\/v2\/users\/1"}],"replies":[{"embeddable":true,"href":"https:\/\/home.diakse.com\/fr_fr\/wp-json\/wp\/v2\/comments?post=1984"}],"version-history":[{"count":11,"href":"https:\/\/home.diakse.com\/fr_fr\/wp-json\/wp\/v2\/pages\/1984\/revisions"}],"predecessor-version":[{"id":1995,"href":"https:\/\/home.diakse.com\/fr_fr\/wp-json\/wp\/v2\/pages\/1984\/revisions\/1995"}],"wp:attachment":[{"href":"https:\/\/home.diakse.com\/fr_fr\/wp-json\/wp\/v2\/media?parent=1984"}],"curies":[{"name":"wp","href":"https:\/\/api.w.org\/{rel}","templated":true}]}}