{"id":3370,"date":"2019-06-28T14:24:48","date_gmt":"2019-06-28T14:24:48","guid":{"rendered":"https:\/\/home.diakse.com\/?page_id=3370"},"modified":"2019-06-28T16:18:44","modified_gmt":"2019-06-28T16:18:44","slug":"photographes","status":"publish","type":"page","link":"https:\/\/home.diakse.com\/fr_fr\/photographes","title":{"rendered":"Photographes"},"content":{"rendered":"<div id=\"pl-3370\"  class=\"panel-layout\" ><div id=\"pg-3370-0\"  class=\"panel-grid panel-no-style\" ><div id=\"pgc-3370-0-0\"  class=\"panel-grid-cell\" ><div id=\"panel-3370-0-0-0\" class=\"so-panel widget widget_sow-headline panel-first-child\" data-index=\"0\" ><div\n\t\t\t\n\t\t\tclass=\"so-widget-sow-headline so-widget-sow-headline-default-ea0af4cf39ae-3370\"\n\t\t\t\n\t\t><div class=\"sow-headline-container \">\n\t\t\t\t\t\t\t<h1 class=\"sow-headline\">\n\t\t\t\t\t\tEnvoyez nous vos photographies 360\u00b0 !\t\t\t\t\t\t<\/h1>\n\t\t\t\t\t\t\t\t\t\t\t<div class=\"decoration\">\n\t\t\t\t\t\t<div class=\"decoration-inside\"><\/div>\n\t\t\t\t\t<\/div>\n\t\t\t\t\t<\/div>\n<\/div><\/div><div id=\"panel-3370-0-0-1\" class=\"so-panel widget widget_sow-editor\" data-index=\"1\" ><div\n\t\t\t\n\t\t\tclass=\"so-widget-sow-editor so-widget-sow-editor-base\"\n\t\t\t\n\t\t>\n<div class=\"siteorigin-widget-tinymce textwidget\">\n\t<p>A l'aide de la photographie 360\u00b0 Diakse cr\u00e9\u00e9 des boutiques personnalis\u00e9es pour ses clients. Gr\u00e2ce \u00e0 notre technologie brevet\u00e9e, vos photographies deviennent des boutiques virtuelles au r\u00e9alisme \u00e9patant. Elles permettent au visiteur de se sentir comme dans un vrai magasin, se d\u00e9pla\u00e7ant \u00e0 plusieurs points de la boutique ! Aujourd'hui, nous souhaitons mettre en avant le travail des photographes et donner la possibilit\u00e9 \u00e0 certains d'entre d'eux de voir leurs photographies utilis\u00e9es par une marque de renomm\u00e9e internationale afin de cr\u00e9er une boutique virtuelle dans un lieu insolite et impactant.<\/p>\n<p>Nous proposons \u00e0 nos clients un catalogue d'environnements afin de cr\u00e9er une boutique virtuelle la plus personnalis\u00e9e possible. Si vos photos sont s\u00e9lectionn\u00e9es nous vous accorderons\u00a0une r\u00e9mun\u00e9ration pouvant aller jusqu'\u00e0 400\u20ac.<\/p>\n<p>Pour b\u00e9n\u00e9ficier de cette opportunit\u00e9 il vous suffit de nous transmettre <strong>vos coordonn\u00e9es<\/strong>, ainsi qu'<strong>un\u00a0<a href=\"https:\/\/wetransfer.com\/\">lien We Transfer<\/a><\/strong>\u00a0nous permettant de t\u00e9l\u00e9charger vos photographies*. C<em>hoisir sur We Transfer \u00e0 gauche du bouton \"transf\u00e9rer\" l'option \"lien\" et non pas \"mail\".<\/em><\/p>\n<p>Il vous est possible d'utiliser un environnement d\u00e9j\u00e0 fait si vos photos sont originales et que vous en poss\u00e9dez les droits d'auteur.<\/p>\n<p><em>*Photographies 360\u00b0 :<\/em><\/p>\n<ul>\n<li><em>Nous cr\u00e9ons des <strong>visites<\/strong> virtuelles, nous favorisons donc les photographies 360\u00b0 de diff\u00e9rents points d'un m\u00eame lieu afin d'offrir au visiteur l'exp\u00e9rience la plus immersive possible.<\/em><\/li>\n<li><em>Pour une visite d'une dur\u00e9e suffisante il est n\u00e9cessaire d'avoir un minimum de 5 points diff\u00e9rents.<\/em><\/li>\n<li><em>Photo panoramique \u00e0 360\u00b0 de 6000px par 3000px en 120dpi<\/em><\/li>\n<li><em>Format jpg<\/em><\/li>\n<li><em>Taille : entre 10Mo et 30 Mo<\/em><\/li>\n<li><em>Une description de votre environnement est appr\u00e9ci\u00e9e, afin que nous puissions le pr\u00e9senter de la meilleure mani\u00e8re possible \u00e0 nos clients.\u00a0<\/em><\/li>\n<\/ul>\n<\/div>\n<\/div><\/div><div id=\"panel-3370-0-0-2\" class=\"so-panel widget widget_sow-editor panel-last-child\" data-index=\"2\" ><div\n\t\t\t\n\t\t\tclass=\"so-widget-sow-editor so-widget-sow-editor-base\"\n\t\t\t\n\t\t>\n<div class=\"siteorigin-widget-tinymce textwidget\">\n\t\n<div class=\"wpcf7 no-js\" id=\"wpcf7-f3369-o1\" lang=\"fr-FR\" dir=\"ltr\" data-wpcf7-id=\"3369\">\n<div class=\"screen-reader-response\"><p role=\"status\" aria-live=\"polite\" aria-atomic=\"true\"><\/p> <ul><\/ul><\/div>\n<form action=\"\/fr_fr\/wp-json\/wp\/v2\/pages\/3370#wpcf7-f3369-o1\" method=\"post\" class=\"wpcf7-form init\" aria-label=\"Formulaire de contact\" novalidate=\"novalidate\" data-status=\"init\">\n<fieldset class=\"hidden-fields-container\"><input type=\"hidden\" name=\"_wpcf7\" value=\"3369\" \/><input type=\"hidden\" name=\"_wpcf7_version\" value=\"6.1.5\" \/><input type=\"hidden\" name=\"_wpcf7_locale\" value=\"fr_FR\" \/><input type=\"hidden\" name=\"_wpcf7_unit_tag\" value=\"wpcf7-f3369-o1\" \/><input type=\"hidden\" name=\"_wpcf7_container_post\" value=\"0\" \/><input type=\"hidden\" name=\"_wpcf7_posted_data_hash\" value=\"\" \/>\n<\/fieldset>\n<p><label> Nom (obligatoire)<br \/>\n<span class=\"wpcf7-form-control-wrap\" data-name=\"your-name\"><input size=\"40\" maxlength=\"400\" class=\"wpcf7-form-control wpcf7-text wpcf7-validates-as-required\" aria-required=\"true\" aria-invalid=\"false\" value=\"\" type=\"text\" name=\"your-name\" \/><\/span> <\/label>\n<\/p>\n<p><label> Pr\u00e9nom (obligatoire)<br \/>\n<span class=\"wpcf7-form-control-wrap\" data-name=\"first-name\"><input size=\"40\" maxlength=\"400\" class=\"wpcf7-form-control wpcf7-text wpcf7-validates-as-required\" aria-required=\"true\" aria-invalid=\"false\" value=\"\" type=\"text\" name=\"first-name\" \/><\/span> <\/label>\n<\/p>\n<p><label> Adresse de messagerie (obligatoire)<br \/>\n<span class=\"wpcf7-form-control-wrap\" data-name=\"your-email\"><input size=\"40\" maxlength=\"400\" class=\"wpcf7-form-control wpcf7-email wpcf7-validates-as-required wpcf7-text wpcf7-validates-as-email\" aria-required=\"true\" aria-invalid=\"false\" value=\"\" type=\"email\" name=\"your-email\" \/><\/span> <\/label>\n<\/p>\n<p><span class=\"wpcf7-form-control-wrap\" data-name=\"tel\"><input size=\"40\" maxlength=\"400\" class=\"wpcf7-form-control wpcf7-tel wpcf7-validates-as-required wpcf7-text wpcf7-validates-as-tel\" aria-required=\"true\" aria-invalid=\"false\" placeholder=\"Num\u00e9ro de t\u00e9l\u00e9phone\" value=\"\" type=\"tel\" name=\"tel\" \/><\/span>\n<\/p>\n<p><label> Votre environnement : lien WeTranfer (obligatoire)<br \/>\n<span class=\"wpcf7-form-control-wrap\" data-name=\"LienWeTransfer\"><input size=\"40\" maxlength=\"400\" class=\"wpcf7-form-control wpcf7-text wpcf7-validates-as-required\" aria-required=\"true\" aria-invalid=\"false\" value=\"\" type=\"text\" name=\"LienWeTransfer\" \/><\/span> <\/label>\n<\/p>\n<p><label> Description de votre environnement<br \/>\n<span class=\"wpcf7-form-control-wrap\" data-name=\"Description\"><textarea cols=\"40\" rows=\"10\" maxlength=\"2000\" class=\"wpcf7-form-control wpcf7-textarea wpcf7-validates-as-required\" aria-required=\"true\" aria-invalid=\"false\" name=\"Description\"><\/textarea><\/span> <\/label>\n<\/p>\n<p><input class=\"wpcf7-form-control wpcf7-submit has-spinner\" type=\"submit\" value=\"Envoyer\" \/>\n<\/p><p style=\"display: none !important;\" class=\"akismet-fields-container\" data-prefix=\"_wpcf7_ak_\"><label>&#916;<textarea name=\"_wpcf7_ak_hp_textarea\" cols=\"45\" rows=\"8\" maxlength=\"100\"><\/textarea><\/label><input type=\"hidden\" id=\"ak_js_1\" name=\"_wpcf7_ak_js\" value=\"242\"\/><script type=\"text\/javascript\">\n\/* <![CDATA[ *\/\ndocument.getElementById( \"ak_js_1\" ).setAttribute( \"value\", ( new Date() ).getTime() );\n\/* ]]> *\/\n<\/script>\n<\/p><div class=\"wpcf7-response-output\" aria-hidden=\"true\"><\/div>\n<\/form>\n<\/div>\n\n<\/div>\n<\/div><\/div><\/div><\/div><\/div>","protected":false},"excerpt":{"rendered":"<p>A l&rsquo;aide de la photographie 360\u00b0 Diakse cr\u00e9\u00e9 des boutiques personnalis\u00e9es pour ses clients. Gr\u00e2ce \u00e0 notre technologie brevet\u00e9e, vos photographies deviennent des boutiques virtuelles au r\u00e9alisme \u00e9patant. Elles permettent au visiteur de se sentir comme dans un vrai magasin, se d\u00e9pla\u00e7ant \u00e0 plusieurs points de la boutique ! Aujourd&rsquo;hui, nous souhaitons mettre en avant <a href=\"https:\/\/home.diakse.com\/fr_fr\/photographes\" rel=\"nofollow\"><span class=\"sr-only\">En savoir plus surPhotographes<\/span>[&hellip;]<\/a><\/p>\n","protected":false},"author":1,"featured_media":0,"parent":0,"menu_order":0,"comment_status":"closed","ping_status":"closed","template":"template-fullwidth-no-title.php","meta":{"_exactmetrics_skip_tracking":false,"_exactmetrics_sitenote_active":false,"_exactmetrics_sitenote_note":"","_exactmetrics_sitenote_category":0,"footnotes":""},"class_list":["post-3370","page","type-page","status-publish","hentry"],"yoast_head":"<!-- This site is optimized with the Yoast SEO plugin v27.5 - https:\/\/yoast.com\/product\/yoast-seo-wordpress\/ -->\n<title>Photographes - Diakse<\/title>\n<meta name=\"description\" content=\"A l&#039;aide de la photographie 360 Diakse cr\u00e9\u00e9 des boutiques personnalis\u00e9es pour ses clients. Gr\u00e2ce \u00e0 notre technologie brevet\u00e9e, les boutiques deviennent des visites et sont d&#039;un r\u00e9alisme \u00e9patant. Elles permettent au visiteur de se sentir comme dans un vrai magasin, se d\u00e9pla\u00e7ant \u00e0 plusieurs points de la boutique ! Aujourd&#039;hui, nous souhaitons mettre en avant le travail des photographes et donner la possibilit\u00e9 \u00e0 certains d&#039;entre d&#039;eux de voir leurs photographies utilis\u00e9es par une marque de renomm\u00e9e internationale afin de cr\u00e9er une boutique virtuelle dans un lieu insolite et impactant.\" \/>\n<meta name=\"robots\" content=\"index, follow, max-snippet:-1, max-image-preview:large, max-video-preview:-1\" \/>\n<link rel=\"canonical\" href=\"https:\/\/home.diakse.com\/fr_fr\/photographes\" \/>\n<meta property=\"og:locale\" content=\"fr_FR\" \/>\n<meta property=\"og:type\" content=\"article\" \/>\n<meta property=\"og:title\" content=\"Photographes - Diakse\" \/>\n<meta property=\"og:description\" content=\"A l&#039;aide de la photographie 360 Diakse cr\u00e9\u00e9 des boutiques personnalis\u00e9es pour ses clients. Gr\u00e2ce \u00e0 notre technologie brevet\u00e9e, les boutiques deviennent des visites et sont d&#039;un r\u00e9alisme \u00e9patant. Elles permettent au visiteur de se sentir comme dans un vrai magasin, se d\u00e9pla\u00e7ant \u00e0 plusieurs points de la boutique ! Aujourd&#039;hui, nous souhaitons mettre en avant le travail des photographes et donner la possibilit\u00e9 \u00e0 certains d&#039;entre d&#039;eux de voir leurs photographies utilis\u00e9es par une marque de renomm\u00e9e internationale afin de cr\u00e9er une boutique virtuelle dans un lieu insolite et impactant.\" \/>\n<meta property=\"og:url\" content=\"https:\/\/home.diakse.com\/fr_fr\/photographes\" \/>\n<meta property=\"og:site_name\" content=\"Diakse\" \/>\n<meta property=\"article:publisher\" content=\"https:\/\/www.facebook.com\/diakse\" \/>\n<meta property=\"article:modified_time\" content=\"2019-06-28T16:18:44+00:00\" \/>\n<meta name=\"twitter:card\" content=\"summary_large_image\" \/>\n<meta name=\"twitter:site\" content=\"@Diakse_France\" \/>\n<meta name=\"twitter:label1\" content=\"Dur\u00e9e de lecture estim\u00e9e\" \/>\n\t<meta name=\"twitter:data1\" content=\"1 minute\" \/>\n<script type=\"application\/ld+json\" class=\"yoast-schema-graph\">{\"@context\":\"https:\\\/\\\/schema.org\",\"@graph\":[{\"@type\":\"WebPage\",\"@id\":\"https:\\\/\\\/home.diakse.com\\\/fr_fr\\\/photographes\",\"url\":\"https:\\\/\\\/home.diakse.com\\\/fr_fr\\\/photographes\",\"name\":\"Photographes - Diakse\",\"isPartOf\":{\"@id\":\"https:\\\/\\\/home.diakse.com\\\/fr_fr\\\/#website\"},\"datePublished\":\"2019-06-28T14:24:48+00:00\",\"dateModified\":\"2019-06-28T16:18:44+00:00\",\"description\":\"A l'aide de la photographie 360 Diakse cr\u00e9\u00e9 des boutiques personnalis\u00e9es pour ses clients. Gr\u00e2ce \u00e0 notre technologie brevet\u00e9e, les boutiques deviennent des visites et sont d'un r\u00e9alisme \u00e9patant. Elles permettent au visiteur de se sentir comme dans un vrai magasin, se d\u00e9pla\u00e7ant \u00e0 plusieurs points de la boutique ! Aujourd'hui, nous souhaitons mettre en avant le travail des photographes et donner la possibilit\u00e9 \u00e0 certains d'entre d'eux de voir leurs photographies utilis\u00e9es par une marque de renomm\u00e9e internationale afin de cr\u00e9er une boutique virtuelle dans un lieu insolite et impactant.\",\"breadcrumb\":{\"@id\":\"https:\\\/\\\/home.diakse.com\\\/fr_fr\\\/photographes#breadcrumb\"},\"inLanguage\":\"fr-FR\",\"potentialAction\":[{\"@type\":\"ReadAction\",\"target\":[\"https:\\\/\\\/home.diakse.com\\\/fr_fr\\\/photographes\"]}]},{\"@type\":\"BreadcrumbList\",\"@id\":\"https:\\\/\\\/home.diakse.com\\\/fr_fr\\\/photographes#breadcrumb\",\"itemListElement\":[{\"@type\":\"ListItem\",\"position\":1,\"name\":\"Accueil\",\"item\":\"https:\\\/\\\/home.diakse.com\\\/\"},{\"@type\":\"ListItem\",\"position\":2,\"name\":\"Photographes\"}]},{\"@type\":\"WebSite\",\"@id\":\"https:\\\/\\\/home.diakse.com\\\/fr_fr\\\/#website\",\"url\":\"https:\\\/\\\/home.diakse.com\\\/fr_fr\\\/\",\"name\":\"Diakse\",\"description\":\"Virtual Shops - La solution de cr\u00e9ation de boutiques virtuelles\",\"publisher\":{\"@id\":\"https:\\\/\\\/home.diakse.com\\\/fr_fr\\\/#organization\"},\"potentialAction\":[{\"@type\":\"SearchAction\",\"target\":{\"@type\":\"EntryPoint\",\"urlTemplate\":\"https:\\\/\\\/home.diakse.com\\\/fr_fr\\\/?s={search_term_string}\"},\"query-input\":{\"@type\":\"PropertyValueSpecification\",\"valueRequired\":true,\"valueName\":\"search_term_string\"}}],\"inLanguage\":\"fr-FR\"},{\"@type\":\"Organization\",\"@id\":\"https:\\\/\\\/home.diakse.com\\\/fr_fr\\\/#organization\",\"name\":\"Diakse\",\"url\":\"https:\\\/\\\/home.diakse.com\\\/fr_fr\\\/\",\"logo\":{\"@type\":\"ImageObject\",\"inLanguage\":\"fr-FR\",\"@id\":\"https:\\\/\\\/home.diakse.com\\\/fr_fr\\\/#\\\/schema\\\/logo\\\/image\\\/\",\"url\":\"https:\\\/\\\/home.diakse.com\\\/wp-content\\\/uploads\\\/2018\\\/01\\\/Diakse-V-business-3.0-Blanc.jpg\",\"contentUrl\":\"https:\\\/\\\/home.diakse.com\\\/wp-content\\\/uploads\\\/2018\\\/01\\\/Diakse-V-business-3.0-Blanc.jpg\",\"width\":1000,\"height\":440,\"caption\":\"Diakse\"},\"image\":{\"@id\":\"https:\\\/\\\/home.diakse.com\\\/fr_fr\\\/#\\\/schema\\\/logo\\\/image\\\/\"},\"sameAs\":[\"https:\\\/\\\/www.facebook.com\\\/diakse\",\"https:\\\/\\\/x.com\\\/Diakse_France\",\"https:\\\/\\\/www.instagram.com\\\/diakse.france\\\/\",\"https:\\\/\\\/www.linkedin.com\\\/company\\\/diakse\",\"https:\\\/\\\/www.youtube.com\\\/channel\\\/UCbymWs9j6MjXmcYDcU-LVJA\"]}]}<\/script>\n<!-- \/ Yoast SEO plugin. -->","yoast_head_json":{"title":"Photographes - Diakse","description":"A l'aide de la photographie 360 Diakse cr\u00e9\u00e9 des boutiques personnalis\u00e9es pour ses clients. Gr\u00e2ce \u00e0 notre technologie brevet\u00e9e, les boutiques deviennent des visites et sont d'un r\u00e9alisme \u00e9patant. Elles permettent au visiteur de se sentir comme dans un vrai magasin, se d\u00e9pla\u00e7ant \u00e0 plusieurs points de la boutique ! Aujourd'hui, nous souhaitons mettre en avant le travail des photographes et donner la possibilit\u00e9 \u00e0 certains d'entre d'eux de voir leurs photographies utilis\u00e9es par une marque de renomm\u00e9e internationale afin de cr\u00e9er une boutique virtuelle dans un lieu insolite et impactant.","robots":{"index":"index","follow":"follow","max-snippet":"max-snippet:-1","max-image-preview":"max-image-preview:large","max-video-preview":"max-video-preview:-1"},"canonical":"https:\/\/home.diakse.com\/fr_fr\/photographes","og_locale":"fr_FR","og_type":"article","og_title":"Photographes - Diakse","og_description":"A l'aide de la photographie 360 Diakse cr\u00e9\u00e9 des boutiques personnalis\u00e9es pour ses clients. Gr\u00e2ce \u00e0 notre technologie brevet\u00e9e, les boutiques deviennent des visites et sont d'un r\u00e9alisme \u00e9patant. Elles permettent au visiteur de se sentir comme dans un vrai magasin, se d\u00e9pla\u00e7ant \u00e0 plusieurs points de la boutique ! Aujourd'hui, nous souhaitons mettre en avant le travail des photographes et donner la possibilit\u00e9 \u00e0 certains d'entre d'eux de voir leurs photographies utilis\u00e9es par une marque de renomm\u00e9e internationale afin de cr\u00e9er une boutique virtuelle dans un lieu insolite et impactant.","og_url":"https:\/\/home.diakse.com\/fr_fr\/photographes","og_site_name":"Diakse","article_publisher":"https:\/\/www.facebook.com\/diakse","article_modified_time":"2019-06-28T16:18:44+00:00","twitter_card":"summary_large_image","twitter_site":"@Diakse_France","twitter_misc":{"Dur\u00e9e de lecture estim\u00e9e":"1 minute"},"schema":{"@context":"https:\/\/schema.org","@graph":[{"@type":"WebPage","@id":"https:\/\/home.diakse.com\/fr_fr\/photographes","url":"https:\/\/home.diakse.com\/fr_fr\/photographes","name":"Photographes - Diakse","isPartOf":{"@id":"https:\/\/home.diakse.com\/fr_fr\/#website"},"datePublished":"2019-06-28T14:24:48+00:00","dateModified":"2019-06-28T16:18:44+00:00","description":"A l'aide de la photographie 360 Diakse cr\u00e9\u00e9 des boutiques personnalis\u00e9es pour ses clients. Gr\u00e2ce \u00e0 notre technologie brevet\u00e9e, les boutiques deviennent des visites et sont d'un r\u00e9alisme \u00e9patant. Elles permettent au visiteur de se sentir comme dans un vrai magasin, se d\u00e9pla\u00e7ant \u00e0 plusieurs points de la boutique ! Aujourd'hui, nous souhaitons mettre en avant le travail des photographes et donner la possibilit\u00e9 \u00e0 certains d'entre d'eux de voir leurs photographies utilis\u00e9es par une marque de renomm\u00e9e internationale afin de cr\u00e9er une boutique virtuelle dans un lieu insolite et impactant.","breadcrumb":{"@id":"https:\/\/home.diakse.com\/fr_fr\/photographes#breadcrumb"},"inLanguage":"fr-FR","potentialAction":[{"@type":"ReadAction","target":["https:\/\/home.diakse.com\/fr_fr\/photographes"]}]},{"@type":"BreadcrumbList","@id":"https:\/\/home.diakse.com\/fr_fr\/photographes#breadcrumb","itemListElement":[{"@type":"ListItem","position":1,"name":"Accueil","item":"https:\/\/home.diakse.com\/"},{"@type":"ListItem","position":2,"name":"Photographes"}]},{"@type":"WebSite","@id":"https:\/\/home.diakse.com\/fr_fr\/#website","url":"https:\/\/home.diakse.com\/fr_fr\/","name":"Diakse","description":"Virtual Shops - La solution de cr\u00e9ation de boutiques virtuelles","publisher":{"@id":"https:\/\/home.diakse.com\/fr_fr\/#organization"},"potentialAction":[{"@type":"SearchAction","target":{"@type":"EntryPoint","urlTemplate":"https:\/\/home.diakse.com\/fr_fr\/?s={search_term_string}"},"query-input":{"@type":"PropertyValueSpecification","valueRequired":true,"valueName":"search_term_string"}}],"inLanguage":"fr-FR"},{"@type":"Organization","@id":"https:\/\/home.diakse.com\/fr_fr\/#organization","name":"Diakse","url":"https:\/\/home.diakse.com\/fr_fr\/","logo":{"@type":"ImageObject","inLanguage":"fr-FR","@id":"https:\/\/home.diakse.com\/fr_fr\/#\/schema\/logo\/image\/","url":"https:\/\/home.diakse.com\/wp-content\/uploads\/2018\/01\/Diakse-V-business-3.0-Blanc.jpg","contentUrl":"https:\/\/home.diakse.com\/wp-content\/uploads\/2018\/01\/Diakse-V-business-3.0-Blanc.jpg","width":1000,"height":440,"caption":"Diakse"},"image":{"@id":"https:\/\/home.diakse.com\/fr_fr\/#\/schema\/logo\/image\/"},"sameAs":["https:\/\/www.facebook.com\/diakse","https:\/\/x.com\/Diakse_France","https:\/\/www.instagram.com\/diakse.france\/","https:\/\/www.linkedin.com\/company\/diakse","https:\/\/www.youtube.com\/channel\/UCbymWs9j6MjXmcYDcU-LVJA"]}]}},"_links":{"self":[{"href":"https:\/\/home.diakse.com\/fr_fr\/wp-json\/wp\/v2\/pages\/3370","targetHints":{"allow":["GET"]}}],"collection":[{"href":"https:\/\/home.diakse.com\/fr_fr\/wp-json\/wp\/v2\/pages"}],"about":[{"href":"https:\/\/home.diakse.com\/fr_fr\/wp-json\/wp\/v2\/types\/page"}],"author":[{"embeddable":true,"href":"https:\/\/home.diakse.com\/fr_fr\/wp-json\/wp\/v2\/users\/1"}],"replies":[{"embeddable":true,"href":"https:\/\/home.diakse.com\/fr_fr\/wp-json\/wp\/v2\/comments?post=3370"}],"version-history":[{"count":24,"href":"https:\/\/home.diakse.com\/fr_fr\/wp-json\/wp\/v2\/pages\/3370\/revisions"}],"predecessor-version":[{"id":3390,"href":"https:\/\/home.diakse.com\/fr_fr\/wp-json\/wp\/v2\/pages\/3370\/revisions\/3390"}],"wp:attachment":[{"href":"https:\/\/home.diakse.com\/fr_fr\/wp-json\/wp\/v2\/media?parent=3370"}],"curies":[{"name":"wp","href":"https:\/\/api.w.org\/{rel}","templated":true}]}}