{"id":3616,"date":"2019-09-11T22:18:10","date_gmt":"2019-09-11T22:18:10","guid":{"rendered":"https:\/\/home.diakse.com\/?page_id=3616"},"modified":"2022-10-25T21:13:03","modified_gmt":"2022-10-25T21:13:03","slug":"concession-automobile","status":"publish","type":"page","link":"https:\/\/home.diakse.com\/fr_fr\/concession-automobile","title":{"rendered":"Concession automobile"},"content":{"rendered":"<div id=\"pl-3616\"  class=\"panel-layout\" ><div id=\"pg-3616-0\"  class=\"panel-grid panel-no-style\" ><div id=\"pgc-3616-0-0\"  class=\"panel-grid-cell\" ><div id=\"panel-3616-0-0-0\" class=\"so-panel widget widget_sow-image panel-first-child panel-last-child\" data-index=\"0\" ><div\n\t\t\t\n\t\t\tclass=\"so-widget-sow-image so-widget-sow-image-default-a258e6bfa2d8-3616\"\n\t\t\t\n\t\t>\n<div class=\"sow-image-container\">\n\t\t\t<a href=\"https:\/\/www.youtube.com\/watch?v=sxc4K1duO5I&#038;t=7s\"\n\t\t\ttarget=\"_blank\" rel=\"noopener noreferrer\" \t\t>\n\t\t\t<img fetchpriority=\"high\" \n\tsrc=\"https:\/\/home.diakse.com\/wp-content\/uploads\/2019\/08\/Capture.jpg\" width=\"1279\" height=\"564\" srcset=\"https:\/\/home.diakse.com\/wp-content\/uploads\/2019\/08\/Capture.jpg 1279w, https:\/\/home.diakse.com\/wp-content\/uploads\/2019\/08\/Capture-300x132.jpg 300w, https:\/\/home.diakse.com\/wp-content\/uploads\/2019\/08\/Capture-768x339.jpg 768w, https:\/\/home.diakse.com\/wp-content\/uploads\/2019\/08\/Capture-1024x452.jpg 1024w\" sizes=\"(max-width: 1279px) 100vw, 1279px\" alt=\"\" \t\tclass=\"so-widget-image\"\/>\n\t\t\t<\/a><\/div>\n\n<\/div><\/div><\/div><\/div><div id=\"pg-3616-1\"  class=\"panel-grid panel-no-style\" ><div id=\"pgc-3616-1-0\"  class=\"panel-grid-cell\" ><div id=\"panel-3616-1-0-0\" class=\"so-panel widget widget_sow-image panel-first-child\" data-index=\"1\" ><div\n\t\t\t\n\t\t\tclass=\"so-widget-sow-image so-widget-sow-image-default-c67d20f9f743-3616\"\n\t\t\t\n\t\t>\n<div class=\"sow-image-container\">\n\t\t<img \n\tsrc=\"https:\/\/home.diakse.com\/wp-content\/uploads\/2019\/08\/logo-autosphere-300x65.png\" width=\"300\" height=\"65\" srcset=\"https:\/\/home.diakse.com\/wp-content\/uploads\/2019\/08\/logo-autosphere-300x65.png 300w, https:\/\/home.diakse.com\/wp-content\/uploads\/2019\/08\/logo-autosphere-768x166.png 768w, https:\/\/home.diakse.com\/wp-content\/uploads\/2019\/08\/logo-autosphere.png 1000w\" sizes=\"(max-width: 300px) 100vw, 300px\" alt=\"\" \t\tclass=\"so-widget-image\"\/>\n\t<\/div>\n\n<\/div><\/div><div id=\"panel-3616-1-0-1\" class=\"so-panel widget widget_sow-headline\" data-index=\"2\" ><div\n\t\t\t\n\t\t\tclass=\"so-widget-sow-headline so-widget-sow-headline-default-ea0af4cf39ae-3616\"\n\t\t\t\n\t\t><div class=\"sow-headline-container \">\n\t\t\t\t\t\t\t<h1 class=\"sow-headline\">\n\t\t\t\t\t\tConcession automobile \t\t\t\t\t\t<\/h1>\n\t\t\t\t\t\t\t\t\t\t\t<div class=\"decoration\">\n\t\t\t\t\t\t<div class=\"decoration-inside\"><\/div>\n\t\t\t\t\t<\/div>\n\t\t\t\t\t<\/div>\n<\/div><\/div><div id=\"panel-3616-1-0-2\" class=\"so-panel widget widget_sow-editor panel-last-child\" data-index=\"3\" ><div\n\t\t\t\n\t\t\tclass=\"so-widget-sow-editor so-widget-sow-editor-base\"\n\t\t\t\n\t\t>\n<div class=\"siteorigin-widget-tinymce textwidget\">\n\t<p><strong>Autosph\u00e8re.fr, le site du 1er groupe de distribution automobile de France.\u00a0<\/strong><\/p>\n<\/div>\n<\/div><\/div><\/div><\/div><div id=\"pg-3616-2\"  class=\"panel-grid panel-no-style\" ><div id=\"pgc-3616-2-0\"  class=\"panel-grid-cell\" ><div id=\"panel-3616-2-0-0\" class=\"so-panel widget widget_sow-editor panel-first-child panel-last-child\" data-index=\"4\" ><div\n\t\t\t\n\t\t\tclass=\"so-widget-sow-editor so-widget-sow-editor-base\"\n\t\t\t\n\t\t>\n<div class=\"siteorigin-widget-tinymce textwidget\">\n\t<h3 style=\"text-align: center;\"><em>Pour l'ouverture de sa premi\u00e8re concession physique, Autosph\u00e8re.fr souhaitait proposer une nouvelle mani\u00e8re d'accompagner ses clients dans leur recherche et d\u00e9ployer une strat\u00e9gie phygitale totalement innovante. Nous avons donc d\u00e9ploy\u00e9 notre technologie afin de cr\u00e9er une boutique virtuelle de vente de voitures.<\/em><\/h3>\n<\/div>\n<\/div><\/div><\/div><\/div><div id=\"pg-3616-3\"  class=\"panel-grid panel-no-style\" ><div id=\"pgc-3616-3-0\"  class=\"panel-grid-cell\" ><div id=\"panel-3616-3-0-0\" class=\"so-panel widget widget_sow-image panel-first-child panel-last-child\" data-index=\"5\" ><div\n\t\t\t\n\t\t\tclass=\"so-widget-sow-image so-widget-sow-image-default-c67d20f9f743-3616\"\n\t\t\t\n\t\t>\n<div class=\"sow-image-container\">\n\t\t<img \n\tsrc=\"https:\/\/home.diakse.com\/wp-content\/uploads\/2019\/08\/Recherche-1024x616.jpg\" width=\"640\" height=\"385\" srcset=\"https:\/\/home.diakse.com\/wp-content\/uploads\/2019\/08\/Recherche-1024x616.jpg 1024w, https:\/\/home.diakse.com\/wp-content\/uploads\/2019\/08\/Recherche-300x180.jpg 300w, https:\/\/home.diakse.com\/wp-content\/uploads\/2019\/08\/Recherche-768x462.jpg 768w, https:\/\/home.diakse.com\/wp-content\/uploads\/2019\/08\/Recherche.jpg 1082w\" sizes=\"(max-width: 640px) 100vw, 640px\" alt=\"\" \t\tclass=\"so-widget-image\"\/>\n\t<\/div>\n\n<\/div><\/div><\/div><div id=\"pgc-3616-3-1\"  class=\"panel-grid-cell\" ><div id=\"panel-3616-3-1-0\" class=\"so-panel widget widget_sow-image panel-first-child panel-last-child\" data-index=\"6\" ><div\n\t\t\t\n\t\t\tclass=\"so-widget-sow-image so-widget-sow-image-default-c67d20f9f743-3616\"\n\t\t\t\n\t\t>\n<div class=\"sow-image-container\">\n\t\t<img loading=\"lazy\" \n\tsrc=\"https:\/\/home.diakse.com\/wp-content\/uploads\/2020\/05\/carcenteriegeavecpresentoir-1024x614.jpg\" width=\"640\" height=\"384\" srcset=\"https:\/\/home.diakse.com\/wp-content\/uploads\/2020\/05\/carcenteriegeavecpresentoir-1024x614.jpg 1024w, https:\/\/home.diakse.com\/wp-content\/uploads\/2020\/05\/carcenteriegeavecpresentoir-300x180.jpg 300w, https:\/\/home.diakse.com\/wp-content\/uploads\/2020\/05\/carcenteriegeavecpresentoir-768x461.jpg 768w, https:\/\/home.diakse.com\/wp-content\/uploads\/2020\/05\/carcenteriegeavecpresentoir.jpg 1082w\" sizes=\"(max-width: 640px) 100vw, 640px\" alt=\"\" \t\tclass=\"so-widget-image\"\/>\n\t<\/div>\n\n<\/div><\/div><\/div><\/div><div id=\"pg-3616-4\"  class=\"panel-grid panel-no-style\" ><div id=\"pgc-3616-4-0\"  class=\"panel-grid-cell\" ><div id=\"panel-3616-4-0-0\" class=\"so-panel widget widget_sow-editor panel-first-child panel-last-child\" data-index=\"7\" ><div\n\t\t\t\n\t\t\tclass=\"so-widget-sow-editor so-widget-sow-editor-base\"\n\t\t\t\n\t\t>\n<div class=\"siteorigin-widget-tinymce textwidget\">\n\t<h2 style=\"text-align: center;\">20 000<\/h2>\n<p style=\"text-align: center;\"><strong>v\u00e9hicules ins\u00e9r\u00e9s dans la boutique<\/strong><\/p>\n<\/div>\n<\/div><\/div><\/div><div id=\"pgc-3616-4-1\"  class=\"panel-grid-cell\" ><div id=\"panel-3616-4-1-0\" class=\"so-panel widget widget_sow-editor panel-first-child panel-last-child\" data-index=\"8\" ><div\n\t\t\t\n\t\t\tclass=\"so-widget-sow-editor so-widget-sow-editor-base\"\n\t\t\t\n\t\t>\n<div class=\"siteorigin-widget-tinymce textwidget\">\n\t<h2 style=\"text-align: center;\">3x<\/h2>\n<p style=\"text-align: center;\"><strong>plus de temps pass\u00e9 sur une voiture que sur un site classique<\/strong><\/p>\n<\/div>\n<\/div><\/div><\/div><div id=\"pgc-3616-4-2\"  class=\"panel-grid-cell\" ><div id=\"panel-3616-4-2-0\" class=\"so-panel widget widget_sow-editor panel-first-child panel-last-child\" data-index=\"9\" ><div\n\t\t\t\n\t\t\tclass=\"so-widget-sow-editor so-widget-sow-editor-base\"\n\t\t\t\n\t\t>\n<div class=\"siteorigin-widget-tinymce textwidget\">\n\t<h2>100%<\/h2>\n<p>en immersion dans la voiture<\/p>\n<\/div>\n<\/div><\/div><\/div><\/div><div id=\"pg-3616-5\"  class=\"panel-grid panel-no-style\" ><div id=\"pgc-3616-5-0\"  class=\"panel-grid-cell\" ><div id=\"panel-3616-5-0-0\" class=\"so-panel widget widget_sow-headline panel-first-child panel-last-child\" data-index=\"10\" ><div\n\t\t\t\n\t\t\tclass=\"so-widget-sow-headline so-widget-sow-headline-default-ea0af4cf39ae-3616\"\n\t\t\t\n\t\t><div class=\"sow-headline-container \">\n\t\t\t\t\t\t\t<h1 class=\"sow-headline\">\n\t\t\t\t\t\tLe projet Autosph\u00e8re\t\t\t\t\t\t<\/h1>\n\t\t\t\t\t\t\t\t\t\t\t<div class=\"decoration\">\n\t\t\t\t\t\t<div class=\"decoration-inside\"><\/div>\n\t\t\t\t\t<\/div>\n\t\t\t\t\t<\/div>\n<\/div><\/div><\/div><\/div><div id=\"pg-3616-6\"  class=\"panel-grid panel-no-style\" ><div id=\"pgc-3616-6-0\"  class=\"panel-grid-cell\" ><div id=\"panel-3616-6-0-0\" class=\"so-panel widget widget_sow-editor panel-first-child panel-last-child\" data-index=\"11\" ><div\n\t\t\t\n\t\t\tclass=\"so-widget-sow-editor so-widget-sow-editor-base\"\n\t\t\t\n\t\t>\n<div class=\"siteorigin-widget-tinymce textwidget\">\n\t<h3 style=\"text-align: center;\">Contexte et objectifs<\/h3>\n<p>S'inscrivant dans la dynamique actuelle des plus grands pure-players partant \u00e0 la conqu\u00eate du retail, Autosph\u00e8re, leader fran\u00e7ais de la vente de v\u00e9hicules d'occasion en ligne, a ouvert en juin 2019 un \"<a href=\"https:\/\/www.autosphere.fr\/center\">Autosphere Center<\/a>\" dans la r\u00e9gion nantaise, un espace d\u2019exception de plus de 20 000 m\u00b2 pr\u00e9sentant un vaste choix de 500 v\u00e9hicules d\u2019occasion.<\/p>\n<p>L'id\u00e9e : un tout nouveau concept de concession de v\u00e9hicules d'occasion avec un v\u00e9ritable \"coaching automobile\" afin d'aider les clients \u00e0 trouver LA voiture faite pour eux parmi les 12 000 v\u00e9hicules disponibles dans le r\u00e9seau Autosph\u00e8re.<\/p>\n<p>Toujours \u00e0 la pointe de l'innovation, Autosph\u00e8re a souhait\u00e9 mettre en place une strat\u00e9gie 100% phygitale efficace et attractive afin de multiplier les connexions entre son espace de vente nantais et son site internet en repensant compl\u00e8tement l'exp\u00e9rience client.<\/p>\n<\/div>\n<\/div><\/div><\/div><div id=\"pgc-3616-6-1\"  class=\"panel-grid-cell\" ><div id=\"panel-3616-6-1-0\" class=\"so-panel widget widget_sow-editor panel-first-child panel-last-child\" data-index=\"12\" ><div\n\t\t\t\n\t\t\tclass=\"so-widget-sow-editor so-widget-sow-editor-base\"\n\t\t\t\n\t\t>\n<div class=\"siteorigin-widget-tinymce textwidget\">\n\t<h3 style=\"text-align: center;\">R\u00e9alisation<\/h3>\n<p>Dans la concession physique, confortablement install\u00e9s dans des si\u00e8ges avec masques de VR, une solution unique cr\u00e9\u00e9e par <a href=\"https:\/\/home.diakse.com\">Diakse<\/a>, le client peut d\u00e9couvrir l'ensemble des v\u00e9hicules disponibles selon ses propres crit\u00e8res de choix (prix, ann\u00e9e, marque, kilom\u00e9trage...) et dans des univers attractifs et hyper r\u00e9alistes de mise en situation (bord de mer, ville, campagne, etc.) correspondant \u00e0 la cat\u00e9gorie de la voiture recherch\u00e9e.<\/p>\n<p>Le client a ainsi acc\u00e8s \u00e0 la totalit\u00e9 des v\u00e9hicules disponibles sur Autosph\u00e8re.fr. La concession s'affranchit de toutes limites physiques et \u00e9largit son offre \u00e0 la hauteur de celle de la boutique en ligne.<\/p>\n<p>Sur le site internet, le client est invit\u00e9 \u00e0 se promener de fa\u00e7on virtuelle dans la concession nantaise et \u00e0 ne voir appara\u00eetre que les v\u00e9hicules r\u00e9pondant \u00e0 ses crit\u00e8res de recherche.<\/p>\n<p>Pour tous les v\u00e9hicules, l'acc\u00e8s \u00e0 une vue \u00e0 360\u00b0 et la possibilit\u00e9 d'entrer \u00e0 l'int\u00e9rieur de la voiture rend la visite hyper r\u00e9aliste. L'exp\u00e9rience d'achat propos\u00e9e par Autosph\u00e8re est alors rassurante, totalement innovante et diff\u00e9renciante.<\/p>\n<p>L'ensemble des contenus digitaux de la marque sont int\u00e9gr\u00e9s sur les 2 canaux de distribution et contribuent \u00e0 la cr\u00e9ation d'une identit\u00e9 forte et coh\u00e9rente.<\/p>\n<p>&nbsp;<\/p>\n<\/div>\n<\/div><\/div><\/div><div id=\"pgc-3616-6-2\"  class=\"panel-grid-cell\" ><div id=\"panel-3616-6-2-0\" class=\"so-panel widget widget_sow-editor panel-first-child panel-last-child\" data-index=\"13\" ><div\n\t\t\t\n\t\t\tclass=\"so-widget-sow-editor so-widget-sow-editor-base\"\n\t\t\t\n\t\t>\n<div class=\"siteorigin-widget-tinymce textwidget\">\n\t<h3 style=\"text-align: center;\">R\u00e9sultats<\/h3>\n<p style=\"text-align: center;\">Exp\u00e9rience ultra r\u00e9aliste d'une visite de la concession sans bouger de chez soi,<\/p>\n<p style=\"text-align: center;\">Dans la concession, une offre de v\u00e9hicules d\u00e9multipli\u00e9e (l'ensemble des voitures du r\u00e9seau),<\/p>\n<p style=\"text-align: center;\">Une exp\u00e9rience d'achat r\u00e9invent\u00e9e, originale et diff\u00e9renciante,<\/p>\n<p style=\"text-align: center;\">Une image de marque multi-canale coh\u00e9rente et forte,<\/p>\n<p style=\"text-align: center;\">\n<\/div>\n<\/div><\/div><\/div><\/div><div id=\"pg-3616-7\"  class=\"panel-grid panel-no-style\" ><div id=\"pgc-3616-7-0\"  class=\"panel-grid-cell panel-grid-cell-empty\" ><\/div><div id=\"pgc-3616-7-1\"  class=\"panel-grid-cell panel-grid-cell-mobile-last\" ><div id=\"panel-3616-7-1-0\" class=\"so-panel widget widget_sow-button panel-first-child panel-last-child\" data-index=\"14\" ><div\n\t\t\t\n\t\t\tclass=\"so-widget-sow-button so-widget-sow-button-atom-ddfc18db71d7-3616\"\n\t\t\t\n\t\t><div class=\"ow-button-base ow-button-align-center\"\n>\n\t\t\t<a\n\t\t\t\t\thref=\"https:\/\/home.diakse.com\/contact\"\n\t\t\t\t\tclass=\"sowb-button ow-icon-placement-left ow-button-hover\" \t>\n\t\t<span>\n\t\t\t\n\t\t\t<div id=\"undevis\">OBTENIR UN DEVIS<\/div>\t\t<\/span>\n\t\t\t<\/a>\n\t<\/div>\n<\/div><\/div><\/div><div id=\"pgc-3616-7-2\"  class=\"panel-grid-cell panel-grid-cell-empty\" ><\/div><\/div><div id=\"pg-3616-8\"  class=\"panel-grid panel-no-style\" ><div id=\"pgc-3616-8-0\"  class=\"panel-grid-cell panel-grid-cell-empty\" ><\/div><div id=\"pgc-3616-8-1\"  class=\"panel-grid-cell panel-grid-cell-empty panel-grid-cell-mobile-last\" ><\/div><div id=\"pgc-3616-8-2\"  class=\"panel-grid-cell panel-grid-cell-empty\" ><\/div><\/div><\/div>","protected":false},"excerpt":{"rendered":"<p>Autosph\u00e8re.fr, le site du 1er groupe de distribution automobile de France.\u00a0<\/p>\n","protected":false},"author":1,"featured_media":0,"parent":0,"menu_order":0,"comment_status":"closed","ping_status":"closed","template":"template-fullwidth-no-title.php","meta":{"_exactmetrics_skip_tracking":false,"_exactmetrics_sitenote_active":false,"_exactmetrics_sitenote_note":"","_exactmetrics_sitenote_category":0,"footnotes":""},"class_list":["post-3616","page","type-page","status-publish","hentry"],"yoast_head":"<!-- This site is optimized with the Yoast SEO plugin v27.3 - https:\/\/yoast.com\/product\/yoast-seo-wordpress\/ -->\n<title>Concession automobile - Diakse concession auto virtuelle<\/title>\n<meta name=\"description\" content=\"Diakse cr\u00e9e la premi\u00e8re concession automobile virtuelle, en partenariat avec autosphere.fr site leader de la vente de voitures d&#039;occasion\" \/>\n<meta name=\"robots\" content=\"index, follow, max-snippet:-1, max-image-preview:large, max-video-preview:-1\" \/>\n<link rel=\"canonical\" href=\"https:\/\/home.diakse.com\/fr_fr\/concession-automobile\/\" \/>\n<meta property=\"og:locale\" content=\"fr_FR\" \/>\n<meta property=\"og:type\" content=\"article\" \/>\n<meta property=\"og:title\" content=\"Concession automobile - Diakse concession auto virtuelle\" \/>\n<meta property=\"og:description\" content=\"Diakse cr\u00e9e la premi\u00e8re concession automobile virtuelle, en partenariat avec autosphere.fr site leader de la vente de voitures d&#039;occasion\" \/>\n<meta property=\"og:url\" content=\"https:\/\/home.diakse.com\/fr_fr\/concession-automobile\/\" \/>\n<meta property=\"og:site_name\" content=\"Diakse\" \/>\n<meta property=\"article:publisher\" content=\"https:\/\/www.facebook.com\/diakse\" \/>\n<meta property=\"article:modified_time\" content=\"2022-10-25T21:13:03+00:00\" \/>\n<meta name=\"twitter:card\" content=\"summary_large_image\" \/>\n<meta name=\"twitter:site\" content=\"@Diakse_France\" \/>\n<meta name=\"twitter:label1\" content=\"Dur\u00e9e de lecture estim\u00e9e\" \/>\n\t<meta name=\"twitter:data1\" content=\"3 minutes\" \/>\n<script type=\"application\/ld+json\" class=\"yoast-schema-graph\">{\"@context\":\"https:\\\/\\\/schema.org\",\"@graph\":[{\"@type\":\"WebPage\",\"@id\":\"https:\\\/\\\/home.diakse.com\\\/concession-automobile\",\"url\":\"https:\\\/\\\/home.diakse.com\\\/concession-automobile\",\"name\":\"Concession automobile - Diakse concession auto virtuelle\",\"isPartOf\":{\"@id\":\"https:\\\/\\\/home.diakse.com\\\/fr_fr\\\/#website\"},\"datePublished\":\"2019-09-11T22:18:10+00:00\",\"dateModified\":\"2022-10-25T21:13:03+00:00\",\"description\":\"Diakse cr\u00e9e la premi\u00e8re concession automobile virtuelle, en partenariat avec autosphere.fr site leader de la vente de voitures d'occasion\",\"breadcrumb\":{\"@id\":\"https:\\\/\\\/home.diakse.com\\\/concession-automobile#breadcrumb\"},\"inLanguage\":\"fr-FR\",\"potentialAction\":[{\"@type\":\"ReadAction\",\"target\":[\"https:\\\/\\\/home.diakse.com\\\/concession-automobile\"]}]},{\"@type\":\"BreadcrumbList\",\"@id\":\"https:\\\/\\\/home.diakse.com\\\/concession-automobile#breadcrumb\",\"itemListElement\":[{\"@type\":\"ListItem\",\"position\":1,\"name\":\"Accueil\",\"item\":\"https:\\\/\\\/home.diakse.com\\\/fr_fr\\\/\"},{\"@type\":\"ListItem\",\"position\":2,\"name\":\"Concession automobile\"}]},{\"@type\":\"WebSite\",\"@id\":\"https:\\\/\\\/home.diakse.com\\\/fr_fr\\\/#website\",\"url\":\"https:\\\/\\\/home.diakse.com\\\/fr_fr\\\/\",\"name\":\"Diakse\",\"description\":\"Virtual Shops - La solution de cr\u00e9ation de boutiques virtuelles\",\"publisher\":{\"@id\":\"https:\\\/\\\/home.diakse.com\\\/fr_fr\\\/#organization\"},\"potentialAction\":[{\"@type\":\"SearchAction\",\"target\":{\"@type\":\"EntryPoint\",\"urlTemplate\":\"https:\\\/\\\/home.diakse.com\\\/fr_fr\\\/?s={search_term_string}\"},\"query-input\":{\"@type\":\"PropertyValueSpecification\",\"valueRequired\":true,\"valueName\":\"search_term_string\"}}],\"inLanguage\":\"fr-FR\"},{\"@type\":\"Organization\",\"@id\":\"https:\\\/\\\/home.diakse.com\\\/fr_fr\\\/#organization\",\"name\":\"Diakse\",\"url\":\"https:\\\/\\\/home.diakse.com\\\/fr_fr\\\/\",\"logo\":{\"@type\":\"ImageObject\",\"inLanguage\":\"fr-FR\",\"@id\":\"https:\\\/\\\/home.diakse.com\\\/fr_fr\\\/#\\\/schema\\\/logo\\\/image\\\/\",\"url\":\"https:\\\/\\\/home.diakse.com\\\/wp-content\\\/uploads\\\/2018\\\/01\\\/Diakse-V-business-3.0-Blanc.jpg\",\"contentUrl\":\"https:\\\/\\\/home.diakse.com\\\/wp-content\\\/uploads\\\/2018\\\/01\\\/Diakse-V-business-3.0-Blanc.jpg\",\"width\":1000,\"height\":440,\"caption\":\"Diakse\"},\"image\":{\"@id\":\"https:\\\/\\\/home.diakse.com\\\/fr_fr\\\/#\\\/schema\\\/logo\\\/image\\\/\"},\"sameAs\":[\"https:\\\/\\\/www.facebook.com\\\/diakse\",\"https:\\\/\\\/x.com\\\/Diakse_France\",\"https:\\\/\\\/www.instagram.com\\\/diakse.france\\\/\",\"https:\\\/\\\/www.linkedin.com\\\/company\\\/diakse\",\"https:\\\/\\\/www.youtube.com\\\/channel\\\/UCbymWs9j6MjXmcYDcU-LVJA\"]}]}<\/script>\n<!-- \/ Yoast SEO plugin. -->","yoast_head_json":{"title":"Concession automobile - Diakse concession auto virtuelle","description":"Diakse cr\u00e9e la premi\u00e8re concession automobile virtuelle, en partenariat avec autosphere.fr site leader de la vente de voitures d'occasion","robots":{"index":"index","follow":"follow","max-snippet":"max-snippet:-1","max-image-preview":"max-image-preview:large","max-video-preview":"max-video-preview:-1"},"canonical":"https:\/\/home.diakse.com\/fr_fr\/concession-automobile\/","og_locale":"fr_FR","og_type":"article","og_title":"Concession automobile - Diakse concession auto virtuelle","og_description":"Diakse cr\u00e9e la premi\u00e8re concession automobile virtuelle, en partenariat avec autosphere.fr site leader de la vente de voitures d'occasion","og_url":"https:\/\/home.diakse.com\/fr_fr\/concession-automobile\/","og_site_name":"Diakse","article_publisher":"https:\/\/www.facebook.com\/diakse","article_modified_time":"2022-10-25T21:13:03+00:00","twitter_card":"summary_large_image","twitter_site":"@Diakse_France","twitter_misc":{"Dur\u00e9e de lecture estim\u00e9e":"3 minutes"},"schema":{"@context":"https:\/\/schema.org","@graph":[{"@type":"WebPage","@id":"https:\/\/home.diakse.com\/concession-automobile","url":"https:\/\/home.diakse.com\/concession-automobile","name":"Concession automobile - Diakse concession auto virtuelle","isPartOf":{"@id":"https:\/\/home.diakse.com\/fr_fr\/#website"},"datePublished":"2019-09-11T22:18:10+00:00","dateModified":"2022-10-25T21:13:03+00:00","description":"Diakse cr\u00e9e la premi\u00e8re concession automobile virtuelle, en partenariat avec autosphere.fr site leader de la vente de voitures d'occasion","breadcrumb":{"@id":"https:\/\/home.diakse.com\/concession-automobile#breadcrumb"},"inLanguage":"fr-FR","potentialAction":[{"@type":"ReadAction","target":["https:\/\/home.diakse.com\/concession-automobile"]}]},{"@type":"BreadcrumbList","@id":"https:\/\/home.diakse.com\/concession-automobile#breadcrumb","itemListElement":[{"@type":"ListItem","position":1,"name":"Accueil","item":"https:\/\/home.diakse.com\/fr_fr\/"},{"@type":"ListItem","position":2,"name":"Concession automobile"}]},{"@type":"WebSite","@id":"https:\/\/home.diakse.com\/fr_fr\/#website","url":"https:\/\/home.diakse.com\/fr_fr\/","name":"Diakse","description":"Virtual Shops - La solution de cr\u00e9ation de boutiques virtuelles","publisher":{"@id":"https:\/\/home.diakse.com\/fr_fr\/#organization"},"potentialAction":[{"@type":"SearchAction","target":{"@type":"EntryPoint","urlTemplate":"https:\/\/home.diakse.com\/fr_fr\/?s={search_term_string}"},"query-input":{"@type":"PropertyValueSpecification","valueRequired":true,"valueName":"search_term_string"}}],"inLanguage":"fr-FR"},{"@type":"Organization","@id":"https:\/\/home.diakse.com\/fr_fr\/#organization","name":"Diakse","url":"https:\/\/home.diakse.com\/fr_fr\/","logo":{"@type":"ImageObject","inLanguage":"fr-FR","@id":"https:\/\/home.diakse.com\/fr_fr\/#\/schema\/logo\/image\/","url":"https:\/\/home.diakse.com\/wp-content\/uploads\/2018\/01\/Diakse-V-business-3.0-Blanc.jpg","contentUrl":"https:\/\/home.diakse.com\/wp-content\/uploads\/2018\/01\/Diakse-V-business-3.0-Blanc.jpg","width":1000,"height":440,"caption":"Diakse"},"image":{"@id":"https:\/\/home.diakse.com\/fr_fr\/#\/schema\/logo\/image\/"},"sameAs":["https:\/\/www.facebook.com\/diakse","https:\/\/x.com\/Diakse_France","https:\/\/www.instagram.com\/diakse.france\/","https:\/\/www.linkedin.com\/company\/diakse","https:\/\/www.youtube.com\/channel\/UCbymWs9j6MjXmcYDcU-LVJA"]}]}},"_links":{"self":[{"href":"https:\/\/home.diakse.com\/fr_fr\/wp-json\/wp\/v2\/pages\/3616","targetHints":{"allow":["GET"]}}],"collection":[{"href":"https:\/\/home.diakse.com\/fr_fr\/wp-json\/wp\/v2\/pages"}],"about":[{"href":"https:\/\/home.diakse.com\/fr_fr\/wp-json\/wp\/v2\/types\/page"}],"author":[{"embeddable":true,"href":"https:\/\/home.diakse.com\/fr_fr\/wp-json\/wp\/v2\/users\/1"}],"replies":[{"embeddable":true,"href":"https:\/\/home.diakse.com\/fr_fr\/wp-json\/wp\/v2\/comments?post=3616"}],"version-history":[{"count":51,"href":"https:\/\/home.diakse.com\/fr_fr\/wp-json\/wp\/v2\/pages\/3616\/revisions"}],"predecessor-version":[{"id":4925,"href":"https:\/\/home.diakse.com\/fr_fr\/wp-json\/wp\/v2\/pages\/3616\/revisions\/4925"}],"wp:attachment":[{"href":"https:\/\/home.diakse.com\/fr_fr\/wp-json\/wp\/v2\/media?parent=3616"}],"curies":[{"name":"wp","href":"https:\/\/api.w.org\/{rel}","templated":true}]}}