{"id":3953,"date":"2021-02-21T07:16:15","date_gmt":"2021-02-21T07:16:15","guid":{"rendered":"https:\/\/home.diakse.com\/?page_id=3953"},"modified":"2021-12-09T14:24:39","modified_gmt":"2021-12-09T14:24:39","slug":"confidentialite","status":"publish","type":"page","link":"https:\/\/home.diakse.com\/fr_fr\/confidentialite","title":{"rendered":"Politique de confidentialit\u00e9"},"content":{"rendered":"<p>DIAKSE (\u201cDiakse\u201d ou \u201cnous\u201d) prend la confidentialit\u00e9 de vos donn\u00e9es tr\u00e8s au s\u00e9rieux. Cette Politique d\u00e9crit les pratiques de confidentialit\u00e9 de Diakse concernant l\u2019utilisation de vos donn\u00e9es personnelles sur ses sites internet. Plus pr\u00e9cis\u00e9ment, celle-ci pr\u00e9cise les donn\u00e9es que nous collectons, l\u2019utilisation que nous en faisons et comment nous les conservons et\/ou les transf\u00e9rons.<\/p>\n<p>Cette Politique de Confidentialit\u00e9 s\u2019applique aux personnes qui visitent (\u00ab visiteur(s) \u00bb ou \u00ab vous \u00bb) les sites internet de Diakse (les \u00ab sites \u00bb) et couvre les sites suivants :<\/p>\n<ul>\n<li>diakse.com,<\/li>\n<li>diakse.fr,<\/li>\n<\/ul>\n<p>Nos sites contiennent des liens vers d\u2019autres sites. Les pratiques de confidentialit\u00e9 de ces autres sites sont couvertes par leurs propres politiques de confidentialit\u00e9. Merci de consulter ces politiques de confidentialit\u00e9 si vous souhaitez en savoir davantage.<\/p>\n<p><strong>Quelles donn\u00e9es nous collectons et quelle utilisation nous en faisons<\/strong><\/p>\n<p><strong>Formulaires<\/strong><\/p>\n<p>Nos sites contiennent des formulaires de contact. Quand vous nous pr\u00e9sentez votre projet ou essayez de nous contacter via ces formulaires, nous vous demandons de fournir vos coordonn\u00e9es, qui comprennent les informations suivantes : nom, email, t\u00e9l\u00e9phone. Nous pouvons utiliser ces informations afin de vous envoyer des communications commerciales concernant les produits, services et \u00e9v\u00e9nements de Diakse. Vous pouvez vous d\u00e9sabonner \u00e0 tout moment en cliquant sur le bouton \u00ab se d\u00e9sabonner \u00bb situ\u00e9 au bas des emails que vous recevez.<\/p>\n<p><strong>Liste de mails du Blog Diakse<\/strong><\/p>\n<p>Si vous demandez \u00e0 \u00ab Recevoir les derniers articles du Blog Diakse \u00bb, vous nous fournissez volontairement votre adresse email. Nous utilisons ce service afin de vous tenir au courant des derni\u00e8res actualit\u00e9s en mati\u00e8re de marketplaces. Nous sommes aussi susceptibles d\u2019utiliser ces<br \/>\ndonn\u00e9es \u00e0 des fins marketing. Vous pouvez vous d\u00e9sabonner \u00e0 tout moment en cliquant sur le bouton \u00ab se d\u00e9sabonner \u00bb situ\u00e9 au bas des emails que vous recevez.<\/p>\n<p><strong>Donn\u00e9es de navigation<\/strong><\/p>\n<p>Quand vous visitez nos sites, nous collectons automatiquement vos donn\u00e9es de navigation qui peuvent contenir votre adresse IP, appareil, r\u00e9gion, navigateur, fournisseur d\u2019acc\u00e8s internet et\/ou op\u00e9rateur, les pages et fichiers que vous avez consult\u00e9s, vos recherches, votre syst\u00e8me d\u2019exploitation et donn\u00e9es de configuration syst\u00e8me, ainsi que la date et l\u2019heure de votre visite.<\/p>\n<p>Certaines de ces donn\u00e9es sont utilis\u00e9es pour cr\u00e9er des statistiques g\u00e9n\u00e9rales qui nous permettent d\u2019\u00e9valuer le nombre de visiteurs, quelles pages sont les plus visit\u00e9es et, \u00e0 terme, de rendre nos sites plus faciles \u00e0 utiliser.<\/p>\n<p><strong>Cookies<\/strong><\/p>\n<p>Les cookies sont de petits fichiers texte plac\u00e9s dans votre ordinateur par les sites internet que vous visitez. Ils sont utilis\u00e9s fr\u00e9quemment pour permettre aux sites internet de fonctionner, ou fonctionner plus efficacement, ainsi que pour fournir des informations au propri\u00e9taire du site.<\/p>\n<p><strong>Nos cookies<\/strong><\/p>\n<p>Nous utilisons principalement des cookies de session. Ils se conservent sous la forme d\u2019une session d\u2019identification qui ne vous identifie pas personnellement. Ces cookies n\u2019existent que durant une seule session. Ils disparaissent de votre ordinateur ou appareil une fois que vous fermez le navigateur ou que vous \u00e9teignez votre ordinateur ou appareil.<\/p>\n<p>Vous pouvez contr\u00f4ler l\u2019utilisation des cookies au niveau de votre navigateur, mais si vous choisissez de les d\u00e9sactiver vous risquez de limiter l\u2019utilisation de certaines fonctionnalit\u00e9s de nos sites.<\/p>\n<p><strong>Cookies tiers<\/strong><\/p>\n<p>Nous utilisons \u00e9galement des cookies fournis par des tiers \u00e0 des fins publicitaires et statistiques. Ces cookies sont r\u00e9gis par les politiques de confidentialit\u00e9 de ces tiers. Si vous ne souhaitez pas utiliser ces cookies, merci de consulter ces politiques de confidentialit\u00e9 en cliquant sur les liens ci-dessous.<\/p>\n<table>\n<tbody>\n<tr>\n<td><strong>TYPE DE COOKIE<\/strong><\/td>\n<td><strong>OBJET<\/strong><\/td>\n<td><strong>MORE INFORMATION<\/strong><\/td>\n<\/tr>\n<tr>\n<td>Google Analytics<\/td>\n<td>Ces cookies servent \u00e0 collecter des informations relatives aux visiteurs de nos sites. Ils les collectent d\u2019une fa\u00e7on anonyme qui ne permet pas d\u2019identifier le visiteur. Ils<br \/>\nfournissent des informations concernant le nombre de visiteurs des sites, o\u00f9 ils sont all\u00e9s et les pages qu\u2019ils ont consult\u00e9es. Nous utilisons ces informations pour<br \/>\nam\u00e9liorer la mani\u00e8re dont fonctionnent nos sites.<\/td>\n<td><a href=\"https:\/\/support.google.com\/analytics\/answer\/6004245\">Pour en savoir plus sur les politiques de confidentialit\u00e9 de Google, cliquez ici.<\/a><\/p>\n<p>Pour ne plus \u00eatre suivi par Google Analytics sur tous les sites internet, visitez&nbsp;<a href=\"https:\/\/tools.google.com\/dlpage\/gaoptout\">Google<\/a><\/td>\n<\/tr>\n<tr>\n<td>Hubspot<\/td>\n<td>Ces cookies sont utilis\u00e9s pour vous montrer des publicit\u00e9s pour les solutions Diakse qui nous paraissent susceptibles de vous int\u00e9resser quel que soit le type d\u2019appareil que vous utilisez. Ils permettent \u00e9galement de suivre la performance de ces publicit\u00e9s.<\/td>\n<td><a href=\"https:\/\/knowledge.hubspot.com\/articles\/kcs_article\/reports\/what-cookies-does-hubspot-set-in-a-visitor-s-browser?__hstc=130058960.efc595021576da77c1ddc2651b782eb1.1613889514640.1613889514640.1613889514640.1&amp;__hssc=130058960.4.1613889514643&amp;__hsfp=3669310752\">&nbsp;Pour en savoir plus sur les cookies utilis\u00e9s par Hubspot, cliquez ici.<\/a><\/td>\n<\/tr>\n<tr>\n<td>AppNexus<\/td>\n<td>Ces cookies sont utilis\u00e9s pour construire des groupes d\u2019utilisateurs (segments) pour la publicit\u00e9 cibl\u00e9e. Ils fournissent des informations \u00e0 propos des types de sites web que votre navigateur a visit\u00e9. Ces informations ne sont pas appari\u00e9es \u00e0 des informations personnellement identifiables.<\/td>\n<td><a href=\"https:\/\/www.appnexus.com\/en\/company\/platform-privacy-policy\">Pour en conna\u00eetre plus sur les cookies utilis\u00e9s par AppNexus, cliquez ici.<\/a><\/td>\n<\/tr>\n<tr>\n<td>R\u00e9seaux sociaux<\/td>\n<td>Nous int\u00e9grons des boutons de r\u00e9seaux sociaux dans nos sites web pour vous rediriger vers nos r\u00e9seaux sociaux. Ils peuvent installer des cookies sur votre ordinateur lorsque vous cliquez dessus.<\/td>\n<td><a href=\"https:\/\/www.linkedin.com\/legal\/cookie-table\">Cliquez ici pour un aper\u00e7u de la politique de LinkedIn concernant les cookies.<\/a><\/p>\n<p><a href=\"https:\/\/help.twitter.com\/en\/rules-and-policies\/twitter-cookies\">Cliquez ici pour un aper\u00e7u de la politique de Twitter concernant les cookies.<\/a><\/td>\n<\/tr>\n<\/tbody>\n<\/table>\n<p><strong>Balises web<\/strong><\/p>\n<p>Diakse utilise des balises web, seules ou en compl\u00e9ment de cookies pour compiler des informations \u00e0 propos de l\u2019utilisation de son site internet par ses prospects et les visiteurs ainsi que l\u2019interaction avec les courriels de Diakse. Les balises web sont des images \u00e9lectroniques claires qui peuvent reconna\u00eetre certaines informations de votre ordinateur, comme les cookies, lorsque vous avez consult\u00e9 un site web particulier li\u00e9 \u00e0 la balise web. Par exemple, Diakse peut placer des balises web dans les courriels marketing qui l\u2019avertissent lorsque vous cliquez sur un lien dans l\u2019e-mail qui vous dirige vers l\u2019un des sites web de Diakse. Nous utilisons des balises web pour exploiter et am\u00e9liorer les sites web de Diakse ainsi que les communications par courriel.<\/p>\n<p><strong>T\u00e9moignages de clients<\/strong><\/p>\n<p>Diakse publie sur des sites web des t\u00e9moignages vid\u00e9o de ses clients qui contiennent des donn\u00e9es telles que le nom et le titre des clients. Diakse a obtenu le consentement de chacun des clients avant de publier le contenu de ces t\u00e9moignages.<\/p>\n<p><strong>Avec qui nous partageons vos donn\u00e9es<\/strong><\/p>\n<p><strong>Les affili\u00e9s Diakse<\/strong><\/p>\n<p>Diakse peut partager des donn\u00e9es \u00e0 propos de ses prospects avec ses affili\u00e9s afin de travailler avec eux. Par exemple, Diakse peut avoir besoin de partager des donn\u00e9es avec ses affili\u00e9s \u00e0 des fins d\u2019actions marketing et de gestions de compte. Nous ne divulguons pas de donn\u00e9es \u00e0 d\u2019autres soci\u00e9t\u00e9s \u2013 \u00e0 l\u2019exception de notre fournisseur de solutions de gestion de la relation client, et nous ne les vendons pas non plus.<\/p>\n<p><strong>Tiers<\/strong><\/p>\n<p>Les sections \u201ccookies\u201d et \u201cbalises web\u201d de cette politique traitent sp\u00e9cifiquement des donn\u00e9es que nous ou des tiers recueillons par le biais de cookies et balises web, et de la mani\u00e8re dont vous pouvez contr\u00f4ler les cookies via votre navigateur web.<\/p>\n<p><strong>Divulgation obligatoire<\/strong><\/p>\n<p>Diakse se r\u00e9serve le droit d\u2019utiliser ou de divulguer des informations si la loi l\u2019exige ou si Diakse croit raisonnablement que l\u2019utilisation ou la divulgation de ces informations est n\u00e9cessaire pour prot\u00e9ger les droits de Diakse et\/ou pour se conformer \u00e0 une proc\u00e9dure judiciaire, \u00e0 une ordonnance du tribunal ou \u00e0 une proc\u00e9dure judiciaire.<\/p>\n<p><strong>R\u00e9tention<\/strong><\/p>\n<p>Nous ne conservons les donn\u00e9es personnelles que le temps n\u00e9cessaire pour les utiliser conform\u00e9ment aux fins d\u00e9crites dans cette politique ou pour nous conformer aux lois en vigueur. Quand vos donn\u00e9es ne sont plus n\u00e9cessaires ou pertinentes \u00e0 nos fins ou requises par les lois en vigueur, nous prenons des mesures pour les faire supprimer ou les rendre anonymes.<\/p>\n<p><strong>Comment nous prot\u00e9geons vos donn\u00e9es<\/strong><\/p>\n<p>Diakse met en place toutes les mesures n\u00e9cessaires pour prot\u00e9ger vos donn\u00e9es contre l\u2019acc\u00e8s nonautoris\u00e9 \u00e0 ces donn\u00e9es, leur divulgation, leur modification ou leur perte. En particulier, nous utilisons des certificats SSL pour crypter nos sites web et seul un nombre limit\u00e9 d\u2019employ\u00e9s a acc\u00e8s aux donn\u00e9es que nous utilisons. Nous revoyons et mettons \u00e0 jour nos pratiques afin d\u2019am\u00e9liorer votre confidentialit\u00e9 et de nous assurer que nos politiques internes soient respect\u00e9es.<\/p>\n<p>Si vous avez trouv\u00e9 une vuln\u00e9rabilit\u00e9 ou si vous voulez reporter un incident de s\u00e9curit\u00e9, vous pouvez envoyer un courriel \u00e0&nbsp;<a href=\"mailto:security@mirakl.com\">security@Diakse.com<\/a>.<\/p>\n<p>La s\u00e9curit\u00e9 de nos applications et de notre infrastructure est primordiale pour nous et nos clients. Chez Diakse, nous accordons beaucoup d\u2019importance \u00e0 une divulgation coordonn\u00e9e lorsqu\u2019il s\u2019agit de questions de s\u00e9curit\u00e9. C\u2019est pourquoi nous vous encourageons \u00e0 divulguer en priv\u00e9 vos conclusions et \u00e0 nous fournir un d\u00e9lai raisonnable pour que nous puissions enqu\u00eater, d\u00e9velopper et d\u00e9ployer toute solution n\u00e9cessaire.<\/p>\n<p><strong>Transfert de donn\u00e9es<\/strong><\/p>\n<p>Diakse stocke en premier lieu ses donn\u00e9es au sein de l\u2019Union Europ\u00e9enne. Pour faciliter les op\u00e9rations mondiales de Diakse. Diakse peut parfois transf\u00e9rer des donn\u00e9es \u00e0 ses filiales situ\u00e9es aux Etats-Unis. Cette Politique de Confidentialit\u00e9 s\u2019applique \u00e0 ces transferts.<\/p>\n<p><strong>Contact<\/strong><\/p>\n<p>Conform\u00e9ment aux principes du Bouclier de Protection des Donn\u00e9es, Diakse s\u2019engage \u00e0 r\u00e9soudre les plaintes concernant la collecte ou l\u2019utilisation de vos informations personnelles. Les ressortissants europ\u00e9ens qui ont des questions ou des plaintes concernant notre Politique de Confidentialit\u00e9 doivent d\u2019abord contacter Diakse \u00e0 l\u2019adresse suivante :&nbsp;<a href=\"https:\/\/www.mirakl.fr\/confidentialite\/_wp_link_placeholder\">legal@Diakse.com<\/a>.<\/p>\n<p>Diakse s\u2019est en outre engag\u00e9 \u00e0 coop\u00e9rer avec le panel mis en place par les autorit\u00e9s de protection des donn\u00e9es de l\u2019UE en ce qui concerne les plaintes non r\u00e9solues relatives \u00e0 la protection des donn\u00e9es transf\u00e9r\u00e9es depuis l\u2019UE.<\/p>\n<p><strong>Changement<\/strong><\/p>\n<p>Diakse peut changer cette Politique de Confidentialit\u00e9 de temps \u00e0 autre. Assurez-vous de la consulter r\u00e9guli\u00e8rement.<\/p>\n<p><strong>Droit applicable et attribution de juridiction.<\/strong><\/p>\n<p>Tout litige en relation avec l\u2019utilisation du site Diakse est soumis au droit fran\u00e7ais. En dehors des cas o\u00f9 la loi ne le permet pas, il est fait attribution exclusive de juridiction aux tribunaux comp\u00e9tents de Paris<\/p>\n","protected":false},"excerpt":{"rendered":"<p>DIAKSE (\u201cDiakse\u201d ou \u201cnous\u201d) prend la confidentialit\u00e9 de vos donn\u00e9es tr\u00e8s au s\u00e9rieux. Cette Politique d\u00e9crit les pratiques de confidentialit\u00e9 de Diakse concernant l\u2019utilisation de vos donn\u00e9es personnelles sur ses sites internet. Plus pr\u00e9cis\u00e9ment, celle-ci pr\u00e9cise les donn\u00e9es que nous collectons, l\u2019utilisation que nous en faisons et comment nous les conservons et\/ou les transf\u00e9rons. Cette <a href=\"https:\/\/home.diakse.com\/fr_fr\/confidentialite\" rel=\"nofollow\"><span class=\"sr-only\">En savoir plus surPolitique de confidentialit\u00e9<\/span>[&hellip;]<\/a><\/p>\n","protected":false},"author":1,"featured_media":0,"parent":0,"menu_order":0,"comment_status":"closed","ping_status":"closed","template":"template-fullwidth-no-title.php","meta":{"_exactmetrics_skip_tracking":false,"_exactmetrics_sitenote_active":false,"_exactmetrics_sitenote_note":"","_exactmetrics_sitenote_category":0,"footnotes":""},"class_list":["post-3953","page","type-page","status-publish","hentry"],"yoast_head":"<!-- This site is optimized with the Yoast SEO plugin v27.3 - https:\/\/yoast.com\/product\/yoast-seo-wordpress\/ -->\n<title>Politique de confidentialit\u00e9 - Diakse<\/title>\n<meta name=\"description\" content=\"Politique de confidentialit\u00e9 DIAKSE\" \/>\n<meta name=\"robots\" content=\"noindex, nofollow\" \/>\n<meta property=\"og:locale\" content=\"fr_FR\" \/>\n<meta property=\"og:type\" content=\"article\" \/>\n<meta property=\"og:title\" content=\"Politique de confidentialit\u00e9 - Diakse\" \/>\n<meta property=\"og:description\" content=\"Politique de confidentialit\u00e9 DIAKSE\" \/>\n<meta property=\"og:url\" content=\"https:\/\/home.diakse.com\/fr_fr\/confidentialite\/\" \/>\n<meta property=\"og:site_name\" content=\"Diakse\" \/>\n<meta property=\"article:publisher\" content=\"https:\/\/www.facebook.com\/diakse\" \/>\n<meta property=\"article:modified_time\" content=\"2021-12-09T14:24:39+00:00\" \/>\n<meta name=\"twitter:card\" content=\"summary_large_image\" \/>\n<meta name=\"twitter:site\" content=\"@Diakse_France\" \/>\n<meta name=\"twitter:label1\" content=\"Dur\u00e9e de lecture estim\u00e9e\" \/>\n\t<meta name=\"twitter:data1\" content=\"7 minutes\" \/>\n<script type=\"application\/ld+json\" class=\"yoast-schema-graph\">{\"@context\":\"https:\\\/\\\/schema.org\",\"@graph\":[{\"@type\":\"WebPage\",\"@id\":\"https:\\\/\\\/home.diakse.com\\\/en\\\/confidentialite\",\"url\":\"https:\\\/\\\/home.diakse.com\\\/en\\\/confidentialite\",\"name\":\"Politique de confidentialit\u00e9 - Diakse\",\"isPartOf\":{\"@id\":\"https:\\\/\\\/home.diakse.com\\\/fr_fr\\\/#website\"},\"datePublished\":\"2021-02-21T07:16:15+00:00\",\"dateModified\":\"2021-12-09T14:24:39+00:00\",\"description\":\"Politique de confidentialit\u00e9 DIAKSE\",\"breadcrumb\":{\"@id\":\"https:\\\/\\\/home.diakse.com\\\/en\\\/confidentialite#breadcrumb\"},\"inLanguage\":\"fr-FR\",\"potentialAction\":[{\"@type\":\"ReadAction\",\"target\":[\"https:\\\/\\\/home.diakse.com\\\/en\\\/confidentialite\"]}]},{\"@type\":\"BreadcrumbList\",\"@id\":\"https:\\\/\\\/home.diakse.com\\\/en\\\/confidentialite#breadcrumb\",\"itemListElement\":[{\"@type\":\"ListItem\",\"position\":1,\"name\":\"Accueil\",\"item\":\"https:\\\/\\\/home.diakse.com\\\/fr_fr\\\/\"},{\"@type\":\"ListItem\",\"position\":2,\"name\":\"Politique de confidentialit\u00e9\"}]},{\"@type\":\"WebSite\",\"@id\":\"https:\\\/\\\/home.diakse.com\\\/fr_fr\\\/#website\",\"url\":\"https:\\\/\\\/home.diakse.com\\\/fr_fr\\\/\",\"name\":\"Diakse\",\"description\":\"Virtual Shops - La solution de cr\u00e9ation de boutiques virtuelles\",\"publisher\":{\"@id\":\"https:\\\/\\\/home.diakse.com\\\/fr_fr\\\/#organization\"},\"potentialAction\":[{\"@type\":\"SearchAction\",\"target\":{\"@type\":\"EntryPoint\",\"urlTemplate\":\"https:\\\/\\\/home.diakse.com\\\/fr_fr\\\/?s={search_term_string}\"},\"query-input\":{\"@type\":\"PropertyValueSpecification\",\"valueRequired\":true,\"valueName\":\"search_term_string\"}}],\"inLanguage\":\"fr-FR\"},{\"@type\":\"Organization\",\"@id\":\"https:\\\/\\\/home.diakse.com\\\/fr_fr\\\/#organization\",\"name\":\"Diakse\",\"url\":\"https:\\\/\\\/home.diakse.com\\\/fr_fr\\\/\",\"logo\":{\"@type\":\"ImageObject\",\"inLanguage\":\"fr-FR\",\"@id\":\"https:\\\/\\\/home.diakse.com\\\/fr_fr\\\/#\\\/schema\\\/logo\\\/image\\\/\",\"url\":\"https:\\\/\\\/home.diakse.com\\\/wp-content\\\/uploads\\\/2018\\\/01\\\/Diakse-V-business-3.0-Blanc.jpg\",\"contentUrl\":\"https:\\\/\\\/home.diakse.com\\\/wp-content\\\/uploads\\\/2018\\\/01\\\/Diakse-V-business-3.0-Blanc.jpg\",\"width\":1000,\"height\":440,\"caption\":\"Diakse\"},\"image\":{\"@id\":\"https:\\\/\\\/home.diakse.com\\\/fr_fr\\\/#\\\/schema\\\/logo\\\/image\\\/\"},\"sameAs\":[\"https:\\\/\\\/www.facebook.com\\\/diakse\",\"https:\\\/\\\/x.com\\\/Diakse_France\",\"https:\\\/\\\/www.instagram.com\\\/diakse.france\\\/\",\"https:\\\/\\\/www.linkedin.com\\\/company\\\/diakse\",\"https:\\\/\\\/www.youtube.com\\\/channel\\\/UCbymWs9j6MjXmcYDcU-LVJA\"]}]}<\/script>\n<!-- \/ Yoast SEO plugin. -->","yoast_head_json":{"title":"Politique de confidentialit\u00e9 - Diakse","description":"Politique de confidentialit\u00e9 DIAKSE","robots":{"index":"noindex","follow":"nofollow"},"og_locale":"fr_FR","og_type":"article","og_title":"Politique de confidentialit\u00e9 - Diakse","og_description":"Politique de confidentialit\u00e9 DIAKSE","og_url":"https:\/\/home.diakse.com\/fr_fr\/confidentialite\/","og_site_name":"Diakse","article_publisher":"https:\/\/www.facebook.com\/diakse","article_modified_time":"2021-12-09T14:24:39+00:00","twitter_card":"summary_large_image","twitter_site":"@Diakse_France","twitter_misc":{"Dur\u00e9e de lecture estim\u00e9e":"7 minutes"},"schema":{"@context":"https:\/\/schema.org","@graph":[{"@type":"WebPage","@id":"https:\/\/home.diakse.com\/en\/confidentialite","url":"https:\/\/home.diakse.com\/en\/confidentialite","name":"Politique de confidentialit\u00e9 - Diakse","isPartOf":{"@id":"https:\/\/home.diakse.com\/fr_fr\/#website"},"datePublished":"2021-02-21T07:16:15+00:00","dateModified":"2021-12-09T14:24:39+00:00","description":"Politique de confidentialit\u00e9 DIAKSE","breadcrumb":{"@id":"https:\/\/home.diakse.com\/en\/confidentialite#breadcrumb"},"inLanguage":"fr-FR","potentialAction":[{"@type":"ReadAction","target":["https:\/\/home.diakse.com\/en\/confidentialite"]}]},{"@type":"BreadcrumbList","@id":"https:\/\/home.diakse.com\/en\/confidentialite#breadcrumb","itemListElement":[{"@type":"ListItem","position":1,"name":"Accueil","item":"https:\/\/home.diakse.com\/fr_fr\/"},{"@type":"ListItem","position":2,"name":"Politique de confidentialit\u00e9"}]},{"@type":"WebSite","@id":"https:\/\/home.diakse.com\/fr_fr\/#website","url":"https:\/\/home.diakse.com\/fr_fr\/","name":"Diakse","description":"Virtual Shops - La solution de cr\u00e9ation de boutiques virtuelles","publisher":{"@id":"https:\/\/home.diakse.com\/fr_fr\/#organization"},"potentialAction":[{"@type":"SearchAction","target":{"@type":"EntryPoint","urlTemplate":"https:\/\/home.diakse.com\/fr_fr\/?s={search_term_string}"},"query-input":{"@type":"PropertyValueSpecification","valueRequired":true,"valueName":"search_term_string"}}],"inLanguage":"fr-FR"},{"@type":"Organization","@id":"https:\/\/home.diakse.com\/fr_fr\/#organization","name":"Diakse","url":"https:\/\/home.diakse.com\/fr_fr\/","logo":{"@type":"ImageObject","inLanguage":"fr-FR","@id":"https:\/\/home.diakse.com\/fr_fr\/#\/schema\/logo\/image\/","url":"https:\/\/home.diakse.com\/wp-content\/uploads\/2018\/01\/Diakse-V-business-3.0-Blanc.jpg","contentUrl":"https:\/\/home.diakse.com\/wp-content\/uploads\/2018\/01\/Diakse-V-business-3.0-Blanc.jpg","width":1000,"height":440,"caption":"Diakse"},"image":{"@id":"https:\/\/home.diakse.com\/fr_fr\/#\/schema\/logo\/image\/"},"sameAs":["https:\/\/www.facebook.com\/diakse","https:\/\/x.com\/Diakse_France","https:\/\/www.instagram.com\/diakse.france\/","https:\/\/www.linkedin.com\/company\/diakse","https:\/\/www.youtube.com\/channel\/UCbymWs9j6MjXmcYDcU-LVJA"]}]}},"_links":{"self":[{"href":"https:\/\/home.diakse.com\/fr_fr\/wp-json\/wp\/v2\/pages\/3953","targetHints":{"allow":["GET"]}}],"collection":[{"href":"https:\/\/home.diakse.com\/fr_fr\/wp-json\/wp\/v2\/pages"}],"about":[{"href":"https:\/\/home.diakse.com\/fr_fr\/wp-json\/wp\/v2\/types\/page"}],"author":[{"embeddable":true,"href":"https:\/\/home.diakse.com\/fr_fr\/wp-json\/wp\/v2\/users\/1"}],"replies":[{"embeddable":true,"href":"https:\/\/home.diakse.com\/fr_fr\/wp-json\/wp\/v2\/comments?post=3953"}],"version-history":[{"count":5,"href":"https:\/\/home.diakse.com\/fr_fr\/wp-json\/wp\/v2\/pages\/3953\/revisions"}],"predecessor-version":[{"id":4256,"href":"https:\/\/home.diakse.com\/fr_fr\/wp-json\/wp\/v2\/pages\/3953\/revisions\/4256"}],"wp:attachment":[{"href":"https:\/\/home.diakse.com\/fr_fr\/wp-json\/wp\/v2\/media?parent=3953"}],"curies":[{"name":"wp","href":"https:\/\/api.w.org\/{rel}","templated":true}]}}