{"id":3987,"date":"2021-05-07T16:36:23","date_gmt":"2021-05-07T16:36:23","guid":{"rendered":"https:\/\/home.diakse.com\/?page_id=3987"},"modified":"2022-10-25T21:13:23","modified_gmt":"2022-10-25T21:13:23","slug":"cas-client-le-musee-grevin","status":"publish","type":"page","link":"https:\/\/home.diakse.com\/fr_fr\/cas-client-le-musee-grevin","title":{"rendered":"Le Mus\u00e9e Gr\u00e9vin"},"content":{"rendered":"<div id=\"pl-3987\"  class=\"panel-layout\" ><div id=\"pg-3987-0\"  class=\"panel-grid panel-no-style\" ><div id=\"pgc-3987-0-0\"  class=\"panel-grid-cell\" ><div id=\"panel-3987-0-0-0\" class=\"so-panel widget widget_sow-image panel-first-child panel-last-child\" data-index=\"0\" ><div\n\t\t\t\n\t\t\tclass=\"so-widget-sow-image so-widget-sow-image-default-a258e6bfa2d8-3987\"\n\t\t\t\n\t\t>\n<div class=\"sow-image-container\">\n\t\t\t<a href=\"https:\/\/www.youtube.com\/watch?v=Jd_1uEEvboI\"\n\t\t\ttarget=\"_blank\" rel=\"noopener noreferrer\" \t\t>\n\t\t\t<img fetchpriority=\"high\" \n\tsrc=\"https:\/\/home.diakse.com\/wp-content\/uploads\/2021\/04\/MicrosoftTeams-image-7.jpg\" width=\"1124\" height=\"710\" srcset=\"https:\/\/home.diakse.com\/wp-content\/uploads\/2021\/04\/MicrosoftTeams-image-7.jpg 1124w, https:\/\/home.diakse.com\/wp-content\/uploads\/2021\/04\/MicrosoftTeams-image-7-300x190.jpg 300w, https:\/\/home.diakse.com\/wp-content\/uploads\/2021\/04\/MicrosoftTeams-image-7-1024x647.jpg 1024w, https:\/\/home.diakse.com\/wp-content\/uploads\/2021\/04\/MicrosoftTeams-image-7-768x485.jpg 768w, https:\/\/home.diakse.com\/wp-content\/uploads\/2021\/04\/MicrosoftTeams-image-7-16x10.jpg 16w\" sizes=\"(max-width: 1124px) 100vw, 1124px\" title=\"Mus\u00e9e Gr\u00e9vin\" alt=\"Mus\u00e9e Gr\u00e9vin\" \t\tclass=\"so-widget-image\"\/>\n\t\t\t<\/a><\/div>\n\n<\/div><\/div><\/div><\/div><div id=\"pg-3987-1\"  class=\"panel-grid panel-no-style\" ><div id=\"pgc-3987-1-0\"  class=\"panel-grid-cell\" ><div id=\"panel-3987-1-0-0\" class=\"so-panel widget widget_sow-headline panel-first-child panel-last-child\" data-index=\"1\" ><div\n\t\t\t\n\t\t\tclass=\"so-widget-sow-headline so-widget-sow-headline-default-ea0af4cf39ae-3987\"\n\t\t\t\n\t\t><div class=\"sow-headline-container \">\n\t\t\t\t\t\t\t<h1 class=\"sow-headline\">\n\t\t\t\t\t\tMus\u00e9e Gr\u00e9vin\t\t\t\t\t\t<\/h1>\n\t\t\t\t\t\t\t\t\t\t\t<div class=\"decoration\">\n\t\t\t\t\t\t<div class=\"decoration-inside\"><\/div>\n\t\t\t\t\t<\/div>\n\t\t\t\t\t<\/div>\n<\/div><\/div><\/div><\/div><div id=\"pg-3987-2\"  class=\"panel-grid panel-no-style\" ><div id=\"pgc-3987-2-0\"  class=\"panel-grid-cell\" ><div id=\"panel-3987-2-0-0\" class=\"so-panel widget widget_sow-editor panel-first-child panel-last-child\" data-index=\"2\" ><div\n\t\t\t\n\t\t\tclass=\"so-widget-sow-editor so-widget-sow-editor-base\"\n\t\t\t\n\t\t>\n<div class=\"siteorigin-widget-tinymce textwidget\">\n\t<h3 style=\"text-align: center;\"><em><a href=\"https:\/\/www.grevin-paris.com\/\">Gr\u00e9vin Paris<\/a> voulait mettre en avant la beaut\u00e9 et le r\u00e9alisme des sculptures de cire en cr\u00e9ant cette visite virtuelle.<\/em><\/h3>\n<\/div>\n<\/div><\/div><\/div><\/div><div id=\"pg-3987-3\"  class=\"panel-grid panel-no-style\" ><div id=\"pgc-3987-3-0\"  class=\"panel-grid-cell\" ><div id=\"panel-3987-3-0-0\" class=\"so-panel widget widget_sow-image panel-first-child panel-last-child\" data-index=\"3\" ><div\n\t\t\t\n\t\t\tclass=\"so-widget-sow-image so-widget-sow-image-default-c67d20f9f743-3987\"\n\t\t\t\n\t\t>\n<div class=\"sow-image-container\">\n\t\t<img \n\tsrc=\"https:\/\/home.diakse.com\/wp-content\/uploads\/2021\/04\/MicrosoftTeams-image-8-1024x548.jpg\" width=\"640\" height=\"343\" srcset=\"https:\/\/home.diakse.com\/wp-content\/uploads\/2021\/04\/MicrosoftTeams-image-8-1024x548.jpg 1024w, https:\/\/home.diakse.com\/wp-content\/uploads\/2021\/04\/MicrosoftTeams-image-8-300x161.jpg 300w, https:\/\/home.diakse.com\/wp-content\/uploads\/2021\/04\/MicrosoftTeams-image-8-768x411.jpg 768w, https:\/\/home.diakse.com\/wp-content\/uploads\/2021\/04\/MicrosoftTeams-image-8-16x9.jpg 16w, https:\/\/home.diakse.com\/wp-content\/uploads\/2021\/04\/MicrosoftTeams-image-8.jpg 1124w\" sizes=\"(max-width: 640px) 100vw, 640px\" title=\"MicrosoftTeams-image (8)\" alt=\"\" \t\tclass=\"so-widget-image\"\/>\n\t<\/div>\n\n<\/div><\/div><\/div><div id=\"pgc-3987-3-1\"  class=\"panel-grid-cell\" ><div id=\"panel-3987-3-1-0\" class=\"so-panel widget widget_sow-image panel-first-child\" data-index=\"4\" ><div\n\t\t\t\n\t\t\tclass=\"so-widget-sow-image so-widget-sow-image-default-c67d20f9f743-3987\"\n\t\t\t\n\t\t>\n<div class=\"sow-image-container\">\n\t\t<img \n\tsrc=\"https:\/\/home.diakse.com\/wp-content\/uploads\/2021\/04\/MicrosoftTeams-image-6-300x160.jpg\" width=\"300\" height=\"160\" srcset=\"https:\/\/home.diakse.com\/wp-content\/uploads\/2021\/04\/MicrosoftTeams-image-6-300x160.jpg 300w, https:\/\/home.diakse.com\/wp-content\/uploads\/2021\/04\/MicrosoftTeams-image-6-1024x547.jpg 1024w, https:\/\/home.diakse.com\/wp-content\/uploads\/2021\/04\/MicrosoftTeams-image-6-768x410.jpg 768w, https:\/\/home.diakse.com\/wp-content\/uploads\/2021\/04\/MicrosoftTeams-image-6-16x9.jpg 16w, https:\/\/home.diakse.com\/wp-content\/uploads\/2021\/04\/MicrosoftTeams-image-6.jpg 1124w\" sizes=\"(max-width: 300px) 100vw, 300px\" title=\"MicrosoftTeams-image (6)\" alt=\"\" \t\tclass=\"so-widget-image\"\/>\n\t<\/div>\n\n<\/div><\/div><div id=\"panel-3987-3-1-1\" class=\"so-panel widget widget_sow-editor panel-last-child\" data-index=\"5\" ><div\n\t\t\t\n\t\t\tclass=\"so-widget-sow-editor so-widget-sow-editor-base\"\n\t\t\t\n\t\t>\n<div class=\"siteorigin-widget-tinymce textwidget\">\n\t<h5 style=\"text-align: left;\">Le Mus\u00e9e Gr\u00e9vin, connu pour ses sculptures en cire de personnes c\u00e9l\u00e8bres, propose un service de privatisation au c\u0153ur du Mus\u00e9e Gr\u00e9vin. Cette visite virtuelle est un avant-go\u00fbt de la visite qui vous attend.<\/h5>\n<\/div>\n<\/div><\/div><\/div><\/div><div id=\"pg-3987-4\"  class=\"panel-grid panel-no-style\" ><div id=\"pgc-3987-4-0\"  class=\"panel-grid-cell\" ><div id=\"panel-3987-4-0-0\" class=\"so-panel widget widget_sow-editor panel-first-child panel-last-child\" data-index=\"6\" ><div\n\t\t\t\n\t\t\tclass=\"so-widget-sow-editor so-widget-sow-editor-base\"\n\t\t\t\n\t\t>\n<div class=\"siteorigin-widget-tinymce textwidget\">\n\t<h1 style=\"text-align: center;\">200%<\/h1>\n<h4 style=\"text-align: center;\">de trafic en plus<\/h4>\n<\/div>\n<\/div><\/div><\/div><div id=\"pgc-3987-4-1\"  class=\"panel-grid-cell\" ><div id=\"panel-3987-4-1-0\" class=\"so-panel widget widget_sow-editor panel-first-child panel-last-child\" data-index=\"7\" ><div\n\t\t\t\n\t\t\tclass=\"so-widget-sow-editor so-widget-sow-editor-base\"\n\t\t\t\n\t\t>\n<div class=\"siteorigin-widget-tinymce textwidget\">\n\t<h1 style=\"text-align: center;\">100%<\/h1>\n<h4 style=\"text-align: center;\">de diff\u00e9renciation par rapport aux autres mus\u00e9es<\/h4>\n<\/div>\n<\/div><\/div><\/div><div id=\"pgc-3987-4-2\"  class=\"panel-grid-cell\" ><div id=\"panel-3987-4-2-0\" class=\"so-panel widget widget_sow-editor panel-first-child panel-last-child\" data-index=\"8\" ><div\n\t\t\t\n\t\t\tclass=\"so-widget-sow-editor so-widget-sow-editor-base\"\n\t\t\t\n\t\t>\n<div class=\"siteorigin-widget-tinymce textwidget\">\n\t<h1 style=\"text-align: center;\">30%<\/h1>\n<h4 style=\"text-align: center;\">d'augmentation des ventes<\/h4>\n<\/div>\n<\/div><\/div><\/div><\/div><div id=\"pg-3987-5\"  class=\"panel-grid panel-no-style\" ><div id=\"pgc-3987-5-0\"  class=\"panel-grid-cell\" ><div id=\"panel-3987-5-0-0\" class=\"so-panel widget widget_sow-headline panel-first-child panel-last-child\" data-index=\"9\" ><div\n\t\t\t\n\t\t\tclass=\"so-widget-sow-headline so-widget-sow-headline-default-ea0af4cf39ae-3987\"\n\t\t\t\n\t\t><div class=\"sow-headline-container \">\n\t\t\t\t\t\t\t<h1 class=\"sow-headline\">\n\t\t\t\t\t\tLe projet Mus\u00e9e Gr\u00e9vin\t\t\t\t\t\t<\/h1>\n\t\t\t\t\t\t\t\t\t\t\t<div class=\"decoration\">\n\t\t\t\t\t\t<div class=\"decoration-inside\"><\/div>\n\t\t\t\t\t<\/div>\n\t\t\t\t\t<\/div>\n<\/div><\/div><\/div><\/div><div id=\"pg-3987-6\"  class=\"panel-grid panel-no-style\" ><div id=\"pgc-3987-6-0\"  class=\"panel-grid-cell\" ><div id=\"panel-3987-6-0-0\" class=\"so-panel widget widget_sow-editor panel-first-child panel-last-child\" data-index=\"10\" ><div\n\t\t\t\n\t\t\tclass=\"so-widget-sow-editor so-widget-sow-editor-base\"\n\t\t\t\n\t\t>\n<div class=\"siteorigin-widget-tinymce textwidget\">\n\t<h3 style=\"text-align: center;\"><strong>Contexte et objectifs <\/strong><\/h3>\n<p>Le Mus\u00e9e Gr\u00e9vin et ses sculptures de cires attirent des milliers de visiteurs par an. Pour cette visite virtuelle, le mus\u00e9e voulait montrer la beaut\u00e9, la tr\u00e8s haute qualit\u00e9 des images et une r\u00e9solution in\u00e9gal\u00e9, ainsi que les sosies de cires de nombreuses c\u00e9l\u00e9brit\u00e9s qui sont pr\u00e9sent\u00e9s. La <a href=\"https:\/\/home.diakse.com\/fr_fr\/solutions\">solution<\/a>\u00a0de Diakse s\u2019est donc impos\u00e9e pour montrer la beaut\u00e9 des lieux \u00e0 travers des images de qualit\u00e9.<\/p>\n<\/div>\n<\/div><\/div><\/div><div id=\"pgc-3987-6-1\"  class=\"panel-grid-cell\" ><div id=\"panel-3987-6-1-0\" class=\"so-panel widget widget_sow-editor panel-first-child panel-last-child\" data-index=\"11\" ><div\n\t\t\t\n\t\t\tclass=\"so-widget-sow-editor so-widget-sow-editor-base\"\n\t\t\t\n\t\t>\n<div class=\"siteorigin-widget-tinymce textwidget\">\n\t<h3 style=\"text-align: center;\"><strong>R\u00e9alisation <\/strong><\/h3>\n<p>Pour cr\u00e9er cette visite virtuelle, le d\u00e9cor du mus\u00e9e Gr\u00e9vin a \u00e9t\u00e9 pris en photo sous diff\u00e9rents angles gr\u00e2ce \u00e0 la technologie brevet\u00e9e de Diakse qui a permis un remodelage des lieux et plusieurs ambiance de soir\u00e9e, ainsi que la possibilit\u00e9 d\u2019ajouter et de retirer certaines sculptures de cires, permettant ainsi une visite unique du mus\u00e9e.<\/p>\n<p>&nbsp;<\/p>\n<\/div>\n<\/div><\/div><\/div><div id=\"pgc-3987-6-2\"  class=\"panel-grid-cell\" ><div id=\"panel-3987-6-2-0\" class=\"so-panel widget widget_sow-editor panel-first-child panel-last-child\" data-index=\"12\" ><div\n\t\t\t\n\t\t\tclass=\"so-widget-sow-editor so-widget-sow-editor-base\"\n\t\t\t\n\t\t>\n<div class=\"siteorigin-widget-tinymce textwidget\">\n\t<h3 style=\"text-align: center;\"><strong>R\u00e9sultats <\/strong><\/h3>\n<p style=\"text-align: center;\">Contextualiser les services de privatisation,<\/p>\n<p style=\"text-align: center;\">Un trafic augment\u00e9 par l'insertion de ce showroom virtuel dans les services propos\u00e9s par le mus\u00e9e.<\/p>\n<\/div>\n<\/div><\/div><\/div><\/div><div id=\"pg-3987-7\"  class=\"panel-grid panel-no-style\" ><div id=\"pgc-3987-7-0\"  class=\"panel-grid-cell panel-grid-cell-empty\" ><\/div><div id=\"pgc-3987-7-1\"  class=\"panel-grid-cell panel-grid-cell-mobile-last\" ><div id=\"panel-3987-7-1-0\" class=\"so-panel widget widget_sow-button panel-first-child panel-last-child\" data-index=\"13\" ><div\n\t\t\t\n\t\t\tclass=\"so-widget-sow-button so-widget-sow-button-atom-ddfc18db71d7-3987\"\n\t\t\t\n\t\t><div class=\"ow-button-base ow-button-align-center\"\n>\n\t\t\t<a\n\t\t\t\t\thref=\"https:\/\/home.diakse.com\/contact\"\n\t\t\t\t\tclass=\"sowb-button ow-icon-placement-left ow-button-hover\" \t>\n\t\t<span>\n\t\t\t\n\t\t\t<div id=\"undevis\">OBTENIR UN DEVIS<\/div>\t\t<\/span>\n\t\t\t<\/a>\n\t<\/div>\n<\/div><\/div><\/div><div id=\"pgc-3987-7-2\"  class=\"panel-grid-cell panel-grid-cell-empty\" ><\/div><\/div><div id=\"pg-3987-8\"  class=\"panel-grid panel-no-style\" ><div id=\"pgc-3987-8-0\"  class=\"panel-grid-cell panel-grid-cell-empty\" ><\/div><div id=\"pgc-3987-8-1\"  class=\"panel-grid-cell panel-grid-cell-empty panel-grid-cell-mobile-last\" ><\/div><div id=\"pgc-3987-8-2\"  class=\"panel-grid-cell panel-grid-cell-empty\" ><\/div><\/div><\/div>","protected":false},"excerpt":{"rendered":"<p>Mus\u00e9e Gr\u00e9vin Gr\u00e9vin Paris voulait mettre en avant la beaut\u00e9 et le r\u00e9alisme des sculptures de cire en cr\u00e9ant cette visite virtuelle. Le Mus\u00e9e Gr\u00e9vin, connu pour ses sculptures en cire de personnes c\u00e9l\u00e8bres, propose un service de privatisation au c\u0153ur du Mus\u00e9e Gr\u00e9vin. Cette visite virtuelle est un avant-go\u00fbt de la visite qui vous <a href=\"https:\/\/home.diakse.com\/fr_fr\/cas-client-le-musee-grevin\" rel=\"nofollow\"><span class=\"sr-only\">En savoir plus surLe Mus\u00e9e Gr\u00e9vin<\/span>[&hellip;]<\/a><\/p>\n","protected":false},"author":1,"featured_media":0,"parent":0,"menu_order":0,"comment_status":"closed","ping_status":"closed","template":"template-fullwidth-no-title.php","meta":{"_exactmetrics_skip_tracking":false,"_exactmetrics_sitenote_active":false,"_exactmetrics_sitenote_note":"","_exactmetrics_sitenote_category":0,"footnotes":""},"class_list":["post-3987","page","type-page","status-publish","hentry"],"yoast_head":"<!-- This site is optimized with the Yoast SEO plugin v27.3 - https:\/\/yoast.com\/product\/yoast-seo-wordpress\/ -->\n<title>Le Mus\u00e9e Gr\u00e9vin - Diakse visite virtuelle du Mus\u00e9e Gr\u00e9vin<\/title>\n<meta name=\"description\" content=\"Le Mus\u00e9e Gr\u00e9vin innove en cr\u00e9ant une visite virtuelle pour attirer plus de visiteurs et montrer la beaut\u00e9 de leurs sculptures de cires.\" \/>\n<meta name=\"robots\" content=\"index, follow, max-snippet:-1, max-image-preview:large, max-video-preview:-1\" \/>\n<link rel=\"canonical\" href=\"https:\/\/home.diakse.com\/fr_fr\/cas-client-le-musee-grevin\/\" \/>\n<meta property=\"og:locale\" content=\"fr_FR\" \/>\n<meta property=\"og:type\" content=\"article\" \/>\n<meta property=\"og:title\" content=\"Le Mus\u00e9e Gr\u00e9vin - Diakse visite virtuelle du Mus\u00e9e Gr\u00e9vin\" \/>\n<meta property=\"og:description\" content=\"Le Mus\u00e9e Gr\u00e9vin innove en cr\u00e9ant une visite virtuelle pour attirer plus de visiteurs et montrer la beaut\u00e9 de leurs sculptures de cires.\" \/>\n<meta property=\"og:url\" content=\"https:\/\/home.diakse.com\/fr_fr\/cas-client-le-musee-grevin\/\" \/>\n<meta property=\"og:site_name\" content=\"Diakse\" \/>\n<meta property=\"article:publisher\" content=\"https:\/\/www.facebook.com\/diakse\" \/>\n<meta property=\"article:modified_time\" content=\"2022-10-25T21:13:23+00:00\" \/>\n<meta name=\"twitter:card\" content=\"summary_large_image\" \/>\n<meta name=\"twitter:site\" content=\"@Diakse_France\" \/>\n<meta name=\"twitter:label1\" content=\"Dur\u00e9e de lecture estim\u00e9e\" \/>\n\t<meta name=\"twitter:data1\" content=\"2 minutes\" \/>\n<script type=\"application\/ld+json\" class=\"yoast-schema-graph\">{\"@context\":\"https:\\\/\\\/schema.org\",\"@graph\":[{\"@type\":\"WebPage\",\"@id\":\"https:\\\/\\\/home.diakse.com\\\/cas-client-le-musee-grevin\",\"url\":\"https:\\\/\\\/home.diakse.com\\\/cas-client-le-musee-grevin\",\"name\":\"Le Mus\u00e9e Gr\u00e9vin - Diakse visite virtuelle du Mus\u00e9e Gr\u00e9vin\",\"isPartOf\":{\"@id\":\"https:\\\/\\\/home.diakse.com\\\/fr_fr\\\/#website\"},\"datePublished\":\"2021-05-07T16:36:23+00:00\",\"dateModified\":\"2022-10-25T21:13:23+00:00\",\"description\":\"Le Mus\u00e9e Gr\u00e9vin innove en cr\u00e9ant une visite virtuelle pour attirer plus de visiteurs et montrer la beaut\u00e9 de leurs sculptures de cires.\",\"breadcrumb\":{\"@id\":\"https:\\\/\\\/home.diakse.com\\\/cas-client-le-musee-grevin#breadcrumb\"},\"inLanguage\":\"fr-FR\",\"potentialAction\":[{\"@type\":\"ReadAction\",\"target\":[\"https:\\\/\\\/home.diakse.com\\\/cas-client-le-musee-grevin\"]}]},{\"@type\":\"BreadcrumbList\",\"@id\":\"https:\\\/\\\/home.diakse.com\\\/cas-client-le-musee-grevin#breadcrumb\",\"itemListElement\":[{\"@type\":\"ListItem\",\"position\":1,\"name\":\"Accueil\",\"item\":\"https:\\\/\\\/home.diakse.com\\\/fr_fr\\\/\"},{\"@type\":\"ListItem\",\"position\":2,\"name\":\"Le Mus\u00e9e Gr\u00e9vin\"}]},{\"@type\":\"WebSite\",\"@id\":\"https:\\\/\\\/home.diakse.com\\\/fr_fr\\\/#website\",\"url\":\"https:\\\/\\\/home.diakse.com\\\/fr_fr\\\/\",\"name\":\"Diakse\",\"description\":\"Virtual Shops - La solution de cr\u00e9ation de boutiques virtuelles\",\"publisher\":{\"@id\":\"https:\\\/\\\/home.diakse.com\\\/fr_fr\\\/#organization\"},\"potentialAction\":[{\"@type\":\"SearchAction\",\"target\":{\"@type\":\"EntryPoint\",\"urlTemplate\":\"https:\\\/\\\/home.diakse.com\\\/fr_fr\\\/?s={search_term_string}\"},\"query-input\":{\"@type\":\"PropertyValueSpecification\",\"valueRequired\":true,\"valueName\":\"search_term_string\"}}],\"inLanguage\":\"fr-FR\"},{\"@type\":\"Organization\",\"@id\":\"https:\\\/\\\/home.diakse.com\\\/fr_fr\\\/#organization\",\"name\":\"Diakse\",\"url\":\"https:\\\/\\\/home.diakse.com\\\/fr_fr\\\/\",\"logo\":{\"@type\":\"ImageObject\",\"inLanguage\":\"fr-FR\",\"@id\":\"https:\\\/\\\/home.diakse.com\\\/fr_fr\\\/#\\\/schema\\\/logo\\\/image\\\/\",\"url\":\"https:\\\/\\\/home.diakse.com\\\/wp-content\\\/uploads\\\/2018\\\/01\\\/Diakse-V-business-3.0-Blanc.jpg\",\"contentUrl\":\"https:\\\/\\\/home.diakse.com\\\/wp-content\\\/uploads\\\/2018\\\/01\\\/Diakse-V-business-3.0-Blanc.jpg\",\"width\":1000,\"height\":440,\"caption\":\"Diakse\"},\"image\":{\"@id\":\"https:\\\/\\\/home.diakse.com\\\/fr_fr\\\/#\\\/schema\\\/logo\\\/image\\\/\"},\"sameAs\":[\"https:\\\/\\\/www.facebook.com\\\/diakse\",\"https:\\\/\\\/x.com\\\/Diakse_France\",\"https:\\\/\\\/www.instagram.com\\\/diakse.france\\\/\",\"https:\\\/\\\/www.linkedin.com\\\/company\\\/diakse\",\"https:\\\/\\\/www.youtube.com\\\/channel\\\/UCbymWs9j6MjXmcYDcU-LVJA\"]}]}<\/script>\n<!-- \/ Yoast SEO plugin. -->","yoast_head_json":{"title":"Le Mus\u00e9e Gr\u00e9vin - Diakse visite virtuelle du Mus\u00e9e Gr\u00e9vin","description":"Le Mus\u00e9e Gr\u00e9vin innove en cr\u00e9ant une visite virtuelle pour attirer plus de visiteurs et montrer la beaut\u00e9 de leurs sculptures de cires.","robots":{"index":"index","follow":"follow","max-snippet":"max-snippet:-1","max-image-preview":"max-image-preview:large","max-video-preview":"max-video-preview:-1"},"canonical":"https:\/\/home.diakse.com\/fr_fr\/cas-client-le-musee-grevin\/","og_locale":"fr_FR","og_type":"article","og_title":"Le Mus\u00e9e Gr\u00e9vin - Diakse visite virtuelle du Mus\u00e9e Gr\u00e9vin","og_description":"Le Mus\u00e9e Gr\u00e9vin innove en cr\u00e9ant une visite virtuelle pour attirer plus de visiteurs et montrer la beaut\u00e9 de leurs sculptures de cires.","og_url":"https:\/\/home.diakse.com\/fr_fr\/cas-client-le-musee-grevin\/","og_site_name":"Diakse","article_publisher":"https:\/\/www.facebook.com\/diakse","article_modified_time":"2022-10-25T21:13:23+00:00","twitter_card":"summary_large_image","twitter_site":"@Diakse_France","twitter_misc":{"Dur\u00e9e de lecture estim\u00e9e":"2 minutes"},"schema":{"@context":"https:\/\/schema.org","@graph":[{"@type":"WebPage","@id":"https:\/\/home.diakse.com\/cas-client-le-musee-grevin","url":"https:\/\/home.diakse.com\/cas-client-le-musee-grevin","name":"Le Mus\u00e9e Gr\u00e9vin - Diakse visite virtuelle du Mus\u00e9e Gr\u00e9vin","isPartOf":{"@id":"https:\/\/home.diakse.com\/fr_fr\/#website"},"datePublished":"2021-05-07T16:36:23+00:00","dateModified":"2022-10-25T21:13:23+00:00","description":"Le Mus\u00e9e Gr\u00e9vin innove en cr\u00e9ant une visite virtuelle pour attirer plus de visiteurs et montrer la beaut\u00e9 de leurs sculptures de cires.","breadcrumb":{"@id":"https:\/\/home.diakse.com\/cas-client-le-musee-grevin#breadcrumb"},"inLanguage":"fr-FR","potentialAction":[{"@type":"ReadAction","target":["https:\/\/home.diakse.com\/cas-client-le-musee-grevin"]}]},{"@type":"BreadcrumbList","@id":"https:\/\/home.diakse.com\/cas-client-le-musee-grevin#breadcrumb","itemListElement":[{"@type":"ListItem","position":1,"name":"Accueil","item":"https:\/\/home.diakse.com\/fr_fr\/"},{"@type":"ListItem","position":2,"name":"Le Mus\u00e9e Gr\u00e9vin"}]},{"@type":"WebSite","@id":"https:\/\/home.diakse.com\/fr_fr\/#website","url":"https:\/\/home.diakse.com\/fr_fr\/","name":"Diakse","description":"Virtual Shops - La solution de cr\u00e9ation de boutiques virtuelles","publisher":{"@id":"https:\/\/home.diakse.com\/fr_fr\/#organization"},"potentialAction":[{"@type":"SearchAction","target":{"@type":"EntryPoint","urlTemplate":"https:\/\/home.diakse.com\/fr_fr\/?s={search_term_string}"},"query-input":{"@type":"PropertyValueSpecification","valueRequired":true,"valueName":"search_term_string"}}],"inLanguage":"fr-FR"},{"@type":"Organization","@id":"https:\/\/home.diakse.com\/fr_fr\/#organization","name":"Diakse","url":"https:\/\/home.diakse.com\/fr_fr\/","logo":{"@type":"ImageObject","inLanguage":"fr-FR","@id":"https:\/\/home.diakse.com\/fr_fr\/#\/schema\/logo\/image\/","url":"https:\/\/home.diakse.com\/wp-content\/uploads\/2018\/01\/Diakse-V-business-3.0-Blanc.jpg","contentUrl":"https:\/\/home.diakse.com\/wp-content\/uploads\/2018\/01\/Diakse-V-business-3.0-Blanc.jpg","width":1000,"height":440,"caption":"Diakse"},"image":{"@id":"https:\/\/home.diakse.com\/fr_fr\/#\/schema\/logo\/image\/"},"sameAs":["https:\/\/www.facebook.com\/diakse","https:\/\/x.com\/Diakse_France","https:\/\/www.instagram.com\/diakse.france\/","https:\/\/www.linkedin.com\/company\/diakse","https:\/\/www.youtube.com\/channel\/UCbymWs9j6MjXmcYDcU-LVJA"]}]}},"_links":{"self":[{"href":"https:\/\/home.diakse.com\/fr_fr\/wp-json\/wp\/v2\/pages\/3987","targetHints":{"allow":["GET"]}}],"collection":[{"href":"https:\/\/home.diakse.com\/fr_fr\/wp-json\/wp\/v2\/pages"}],"about":[{"href":"https:\/\/home.diakse.com\/fr_fr\/wp-json\/wp\/v2\/types\/page"}],"author":[{"embeddable":true,"href":"https:\/\/home.diakse.com\/fr_fr\/wp-json\/wp\/v2\/users\/1"}],"replies":[{"embeddable":true,"href":"https:\/\/home.diakse.com\/fr_fr\/wp-json\/wp\/v2\/comments?post=3987"}],"version-history":[{"count":31,"href":"https:\/\/home.diakse.com\/fr_fr\/wp-json\/wp\/v2\/pages\/3987\/revisions"}],"predecessor-version":[{"id":4913,"href":"https:\/\/home.diakse.com\/fr_fr\/wp-json\/wp\/v2\/pages\/3987\/revisions\/4913"}],"wp:attachment":[{"href":"https:\/\/home.diakse.com\/fr_fr\/wp-json\/wp\/v2\/media?parent=3987"}],"curies":[{"name":"wp","href":"https:\/\/api.w.org\/{rel}","templated":true}]}}