{"id":4001,"date":"2021-05-07T16:32:34","date_gmt":"2021-05-07T16:32:34","guid":{"rendered":"https:\/\/home.diakse.com\/?page_id=4001"},"modified":"2022-10-25T21:05:36","modified_gmt":"2022-10-25T21:05:36","slug":"cas-client-darty","status":"publish","type":"page","link":"https:\/\/home.diakse.com\/fr_fr\/cas-client-darty","title":{"rendered":"Darty : Configurez votre cuisine avec Darty"},"content":{"rendered":"<div id=\"pl-4001\"  class=\"panel-layout\" ><div id=\"pg-4001-0\"  class=\"panel-grid panel-no-style\" ><div id=\"pgc-4001-0-0\"  class=\"panel-grid-cell\" ><div id=\"panel-4001-0-0-0\" class=\"so-panel widget widget_sow-image panel-first-child panel-last-child\" data-index=\"0\" ><div\n\t\t\t\n\t\t\tclass=\"so-widget-sow-image so-widget-sow-image-default-a258e6bfa2d8-4001\"\n\t\t\t\n\t\t>\n<div class=\"sow-image-container\">\n\t\t\t<a href=\"https:\/\/www.youtube.com\/watch?v=X4hmYT5UIj0\"\n\t\t\ttarget=\"_blank\" rel=\"noopener noreferrer\" \t\t>\n\t\t\t<img fetchpriority=\"high\" \n\tsrc=\"https:\/\/home.diakse.com\/wp-content\/uploads\/2021\/04\/Capture-decran-14.png\" width=\"1366\" height=\"768\" srcset=\"https:\/\/home.diakse.com\/wp-content\/uploads\/2021\/04\/Capture-decran-14.png 1366w, https:\/\/home.diakse.com\/wp-content\/uploads\/2021\/04\/Capture-decran-14-300x169.png 300w, https:\/\/home.diakse.com\/wp-content\/uploads\/2021\/04\/Capture-decran-14-1024x576.png 1024w, https:\/\/home.diakse.com\/wp-content\/uploads\/2021\/04\/Capture-decran-14-768x432.png 768w, https:\/\/home.diakse.com\/wp-content\/uploads\/2021\/04\/Capture-decran-14-16x9.png 16w\" sizes=\"(max-width: 1366px) 100vw, 1366px\" title=\"Capture d\u2019\u00e9cran (14)\" alt=\"Cuisine Darty\" \t\tclass=\"so-widget-image\"\/>\n\t\t\t<\/a><\/div>\n\n<\/div><\/div><\/div><\/div><div id=\"pg-4001-1\"  class=\"panel-grid panel-no-style\" ><div id=\"pgc-4001-1-0\"  class=\"panel-grid-cell\" ><div id=\"panel-4001-1-0-0\" class=\"so-panel widget widget_sow-headline panel-first-child panel-last-child\" data-index=\"1\" ><div\n\t\t\t\n\t\t\tclass=\"so-widget-sow-headline so-widget-sow-headline-default-ea0af4cf39ae-4001\"\n\t\t\t\n\t\t><div class=\"sow-headline-container \">\n\t\t\t\t\t\t\t<h1 class=\"sow-headline\">\n\t\t\t\t\t\tDarty : Configurez votre cuisine avec Darty\t\t\t\t\t\t<\/h1>\n\t\t\t\t\t\t\t\t\t\t\t<div class=\"decoration\">\n\t\t\t\t\t\t<div class=\"decoration-inside\"><\/div>\n\t\t\t\t\t<\/div>\n\t\t\t\t\t<\/div>\n<\/div><\/div><\/div><\/div><div id=\"pg-4001-2\"  class=\"panel-grid panel-no-style\" ><div id=\"pgc-4001-2-0\"  class=\"panel-grid-cell\" ><div id=\"panel-4001-2-0-0\" class=\"so-panel widget widget_sow-editor panel-first-child panel-last-child\" data-index=\"2\" ><div\n\t\t\t\n\t\t\tclass=\"so-widget-sow-editor so-widget-sow-editor-base\"\n\t\t\t\n\t\t>\n<div class=\"siteorigin-widget-tinymce textwidget\">\n\t<h3 style=\"text-align: center;\">Darty a organis\u00e9 un concours sur les r\u00e9seaux sociaux pour le lancement de la cuisine Colorado.<\/h3>\n<\/div>\n<\/div><\/div><\/div><\/div><div id=\"pg-4001-3\"  class=\"panel-grid panel-no-style\" ><div id=\"pgc-4001-3-0\"  class=\"panel-grid-cell\" ><div id=\"panel-4001-3-0-0\" class=\"so-panel widget widget_sow-image panel-first-child panel-last-child\" data-index=\"3\" ><div\n\t\t\t\n\t\t\tclass=\"so-widget-sow-image so-widget-sow-image-default-c67d20f9f743-4001\"\n\t\t\t\n\t\t>\n<div class=\"sow-image-container\">\n\t\t<img \n\tsrc=\"https:\/\/home.diakse.com\/wp-content\/uploads\/2021\/04\/Capture-decran-16-1024x576.png\" width=\"640\" height=\"360\" srcset=\"https:\/\/home.diakse.com\/wp-content\/uploads\/2021\/04\/Capture-decran-16-1024x576.png 1024w, https:\/\/home.diakse.com\/wp-content\/uploads\/2021\/04\/Capture-decran-16-300x169.png 300w, https:\/\/home.diakse.com\/wp-content\/uploads\/2021\/04\/Capture-decran-16-768x432.png 768w, https:\/\/home.diakse.com\/wp-content\/uploads\/2021\/04\/Capture-decran-16-16x9.png 16w, https:\/\/home.diakse.com\/wp-content\/uploads\/2021\/04\/Capture-decran-16.png 1366w\" sizes=\"(max-width: 640px) 100vw, 640px\" title=\"Capture d\u2019\u00e9cran (16)\" alt=\"\" \t\tclass=\"so-widget-image\"\/>\n\t<\/div>\n\n<\/div><\/div><\/div><div id=\"pgc-4001-3-1\"  class=\"panel-grid-cell\" ><div id=\"panel-4001-3-1-0\" class=\"so-panel widget widget_sow-image panel-first-child\" data-index=\"4\" ><div\n\t\t\t\n\t\t\tclass=\"so-widget-sow-image so-widget-sow-image-default-c67d20f9f743-4001\"\n\t\t\t\n\t\t>\n<div class=\"sow-image-container\">\n\t\t<img \n\tsrc=\"https:\/\/home.diakse.com\/wp-content\/uploads\/2021\/04\/Capture-decran-15-300x169.png\" width=\"300\" height=\"169\" srcset=\"https:\/\/home.diakse.com\/wp-content\/uploads\/2021\/04\/Capture-decran-15-300x169.png 300w, https:\/\/home.diakse.com\/wp-content\/uploads\/2021\/04\/Capture-decran-15-1024x576.png 1024w, https:\/\/home.diakse.com\/wp-content\/uploads\/2021\/04\/Capture-decran-15-768x432.png 768w, https:\/\/home.diakse.com\/wp-content\/uploads\/2021\/04\/Capture-decran-15-16x9.png 16w, https:\/\/home.diakse.com\/wp-content\/uploads\/2021\/04\/Capture-decran-15.png 1366w\" sizes=\"(max-width: 300px) 100vw, 300px\" title=\"Capture d\u2019\u00e9cran (15)\" alt=\"\" \t\tclass=\"so-widget-image\"\/>\n\t<\/div>\n\n<\/div><\/div><div id=\"panel-4001-3-1-1\" class=\"so-panel widget widget_sow-editor panel-last-child\" data-index=\"5\" ><div\n\t\t\t\n\t\t\tclass=\"so-widget-sow-editor so-widget-sow-editor-base\"\n\t\t\t\n\t\t>\n<div class=\"siteorigin-widget-tinymce textwidget\">\n\t<h5 style=\"text-align: left;\">Darty propose des produits \u00e9lectrom\u00e9nager, \u00e9lectronique et des produits culturel. La nouvelle cuisine Colorado, contient des meubles arrondis sans poign\u00e9es disponible en plusieurs coloris.<\/h5>\n<\/div>\n<\/div><\/div><\/div><\/div><div id=\"pg-4001-4\"  class=\"panel-grid panel-no-style\" ><div id=\"pgc-4001-4-0\"  class=\"panel-grid-cell\" ><div id=\"panel-4001-4-0-0\" class=\"so-panel widget widget_sow-editor panel-first-child panel-last-child\" data-index=\"6\" ><div\n\t\t\t\n\t\t\tclass=\"so-widget-sow-editor so-widget-sow-editor-base\"\n\t\t\t\n\t\t>\n<div class=\"siteorigin-widget-tinymce textwidget\">\n\t<h1 style=\"text-align: center;\">200%<\/h1>\n<h4 style=\"text-align: center;\">de trafic en plus<\/h4>\n<\/div>\n<\/div><\/div><\/div><div id=\"pgc-4001-4-1\"  class=\"panel-grid-cell\" ><div id=\"panel-4001-4-1-0\" class=\"so-panel widget widget_sow-editor panel-first-child panel-last-child\" data-index=\"7\" ><div\n\t\t\t\n\t\t\tclass=\"so-widget-sow-editor so-widget-sow-editor-base\"\n\t\t\t\n\t\t>\n<div class=\"siteorigin-widget-tinymce textwidget\">\n\t<h1 style=\"text-align: center;\">3x<\/h1>\n<h4 style=\"text-align: center;\">plus de temps pass\u00e9 dans la cuisine virtuelle<\/h4>\n<\/div>\n<\/div><\/div><\/div><div id=\"pgc-4001-4-2\"  class=\"panel-grid-cell\" ><div id=\"panel-4001-4-2-0\" class=\"so-panel widget widget_sow-editor panel-first-child panel-last-child\" data-index=\"8\" ><div\n\t\t\t\n\t\t\tclass=\"so-widget-sow-editor so-widget-sow-editor-base\"\n\t\t\t\n\t\t>\n<div class=\"siteorigin-widget-tinymce textwidget\">\n\t<h1 style=\"text-align: center;\">100%<\/h1>\n<h4 style=\"text-align: center;\">de diff\u00e9renciation par rapport aux sites web concurrents<\/h4>\n<\/div>\n<\/div><\/div><\/div><\/div><div id=\"pg-4001-5\"  class=\"panel-grid panel-no-style\" ><div id=\"pgc-4001-5-0\"  class=\"panel-grid-cell\" ><div id=\"panel-4001-5-0-0\" class=\"so-panel widget widget_sow-headline panel-first-child panel-last-child\" data-index=\"9\" ><div\n\t\t\t\n\t\t\tclass=\"so-widget-sow-headline so-widget-sow-headline-default-ea0af4cf39ae-4001\"\n\t\t\t\n\t\t><div class=\"sow-headline-container \">\n\t\t\t\t\t\t\t<h1 class=\"sow-headline\">\n\t\t\t\t\t\tLe projet Darty\t\t\t\t\t\t<\/h1>\n\t\t\t\t\t\t\t\t\t\t\t<div class=\"decoration\">\n\t\t\t\t\t\t<div class=\"decoration-inside\"><\/div>\n\t\t\t\t\t<\/div>\n\t\t\t\t\t<\/div>\n<\/div><\/div><\/div><\/div><div id=\"pg-4001-6\"  class=\"panel-grid panel-no-style\" ><div id=\"pgc-4001-6-0\"  class=\"panel-grid-cell\" ><div id=\"panel-4001-6-0-0\" class=\"so-panel widget widget_sow-editor panel-first-child panel-last-child\" data-index=\"10\" ><div\n\t\t\t\n\t\t\tclass=\"so-widget-sow-editor so-widget-sow-editor-base\"\n\t\t\t\n\t\t>\n<div class=\"siteorigin-widget-tinymce textwidget\">\n\t<h3 style=\"text-align: center;\"><strong>Contexte et objectifs <\/strong><\/h3>\n<p>Darty a organis\u00e9 un concours pour les clients qui ont achet\u00e9 une version de la cuisine Colorado, le gagnant a eu la possibilit\u00e9 de voir sa cuisine en r\u00e9alit\u00e9 virtuelle sur le site de Darty. La <a href=\"https:\/\/home.diakse.com\/fr_fr\/solutions\">solution<\/a> de Showroom virtuel de Diakse s\u2019est donc impos\u00e9e pour pouvoir pr\u00e9senter la cuisine du gagnant avec plusieurs options de modifications et de pr\u00e9sentations.<\/p>\n<\/div>\n<\/div><\/div><\/div><div id=\"pgc-4001-6-1\"  class=\"panel-grid-cell\" ><div id=\"panel-4001-6-1-0\" class=\"so-panel widget widget_sow-editor panel-first-child panel-last-child\" data-index=\"11\" ><div\n\t\t\t\n\t\t\tclass=\"so-widget-sow-editor so-widget-sow-editor-base\"\n\t\t\t\n\t\t>\n<div class=\"siteorigin-widget-tinymce textwidget\">\n\t<h3 style=\"text-align: center;\"><strong>R\u00e9alisation <\/strong><\/h3>\n<p>Pour r\u00e9aliser cette cuisine virtuelle, la technologie de Diakse a permis de visualiser plusieurs options de mise en situation comme le changement de couleur des placards, visionner le fonctionnement d\u2019ouverture des meubles et l\u2019option pour allumer les lumi\u00e8res de la cuisine qui sont incluses.<\/p>\n<p>&nbsp;<\/p>\n<\/div>\n<\/div><\/div><\/div><div id=\"pgc-4001-6-2\"  class=\"panel-grid-cell\" ><div id=\"panel-4001-6-2-0\" class=\"so-panel widget widget_sow-editor panel-first-child panel-last-child\" data-index=\"12\" ><div\n\t\t\t\n\t\t\tclass=\"so-widget-sow-editor so-widget-sow-editor-base\"\n\t\t\t\n\t\t>\n<div class=\"siteorigin-widget-tinymce textwidget\">\n\t<h3 style=\"text-align: center;\"><strong>R\u00e9sultats <\/strong><\/h3>\n<p style=\"text-align: center;\">\u00a0Exp\u00e9rience ultra r\u00e9aliste avec visualisation des diff\u00e9rentes options de couleur,<\/p>\n<p style=\"text-align: center;\">\u00a0Une exp\u00e9rience d'achat r\u00e9invent\u00e9e, originale et diff\u00e9renciante.<\/p>\n<\/div>\n<\/div><\/div><\/div><\/div><div id=\"pg-4001-7\"  class=\"panel-grid panel-no-style\" ><div id=\"pgc-4001-7-0\"  class=\"panel-grid-cell panel-grid-cell-empty\" ><\/div><div id=\"pgc-4001-7-1\"  class=\"panel-grid-cell panel-grid-cell-mobile-last\" ><div id=\"panel-4001-7-1-0\" class=\"so-panel widget widget_sow-button panel-first-child panel-last-child\" data-index=\"13\" ><div\n\t\t\t\n\t\t\tclass=\"so-widget-sow-button so-widget-sow-button-atom-ddfc18db71d7-4001\"\n\t\t\t\n\t\t><div class=\"ow-button-base ow-button-align-center\"\n>\n\t\t\t<a\n\t\t\t\t\thref=\"https:\/\/home.diakse.com\/contact\"\n\t\t\t\t\tclass=\"sowb-button ow-icon-placement-left ow-button-hover\" \t>\n\t\t<span>\n\t\t\t\n\t\t\t<div id=\"undevis\">OBTENIR UN DEVIS<\/div>\t\t<\/span>\n\t\t\t<\/a>\n\t<\/div>\n<\/div><\/div><\/div><div id=\"pgc-4001-7-2\"  class=\"panel-grid-cell panel-grid-cell-empty\" ><\/div><\/div><div id=\"pg-4001-8\"  class=\"panel-grid panel-no-style\" ><div id=\"pgc-4001-8-0\"  class=\"panel-grid-cell panel-grid-cell-empty\" ><\/div><div id=\"pgc-4001-8-1\"  class=\"panel-grid-cell panel-grid-cell-empty panel-grid-cell-mobile-last\" ><\/div><div id=\"pgc-4001-8-2\"  class=\"panel-grid-cell panel-grid-cell-empty\" ><\/div><\/div><\/div>","protected":false},"excerpt":{"rendered":"<p>Darty : Configurez votre cuisine avec Darty Darty a organis\u00e9 un concours sur les r\u00e9seaux sociaux pour le lancement de la cuisine Colorado. Darty propose des produits \u00e9lectrom\u00e9nager, \u00e9lectronique et des produits culturel. La nouvelle cuisine Colorado, contient des meubles arrondis sans poign\u00e9es disponible en plusieurs coloris. 200% de trafic en plus 3x plus de <a href=\"https:\/\/home.diakse.com\/fr_fr\/cas-client-darty\" rel=\"nofollow\"><span class=\"sr-only\">En savoir plus surDarty : Configurez votre cuisine avec Darty<\/span>[&hellip;]<\/a><\/p>\n","protected":false},"author":1,"featured_media":0,"parent":0,"menu_order":0,"comment_status":"closed","ping_status":"closed","template":"template-fullwidth-no-title.php","meta":{"_exactmetrics_skip_tracking":false,"_exactmetrics_sitenote_active":false,"_exactmetrics_sitenote_note":"","_exactmetrics_sitenote_category":0,"footnotes":""},"class_list":["post-4001","page","type-page","status-publish","hentry"],"yoast_head":"<!-- This site is optimized with the Yoast SEO plugin v27.3 - https:\/\/yoast.com\/product\/yoast-seo-wordpress\/ -->\n<title>Darty : Configurez votre cuisine avec Darty - Diakse<\/title>\n<meta name=\"description\" content=\"Darty innove l&#039;exp\u00e9rience d&#039;achat de ses clients avec une cuisine virtuelle o\u00f9 l&#039;on peut modifier les meubles pr\u00e9sent\u00e9s.\" \/>\n<meta name=\"robots\" content=\"index, follow, max-snippet:-1, max-image-preview:large, max-video-preview:-1\" \/>\n<link rel=\"canonical\" href=\"https:\/\/home.diakse.com\/fr_fr\/cas-client-darty\/\" \/>\n<meta property=\"og:locale\" content=\"fr_FR\" \/>\n<meta property=\"og:type\" content=\"article\" \/>\n<meta property=\"og:title\" content=\"Darty : Configurez votre cuisine avec Darty - Diakse\" \/>\n<meta property=\"og:description\" content=\"Darty innove l&#039;exp\u00e9rience d&#039;achat de ses clients avec une cuisine virtuelle o\u00f9 l&#039;on peut modifier les meubles pr\u00e9sent\u00e9s.\" \/>\n<meta property=\"og:url\" content=\"https:\/\/home.diakse.com\/fr_fr\/cas-client-darty\/\" \/>\n<meta property=\"og:site_name\" content=\"Diakse\" \/>\n<meta property=\"article:publisher\" content=\"https:\/\/www.facebook.com\/diakse\" \/>\n<meta property=\"article:modified_time\" content=\"2022-10-25T21:05:36+00:00\" \/>\n<meta name=\"twitter:card\" content=\"summary_large_image\" \/>\n<meta name=\"twitter:site\" content=\"@Diakse_France\" \/>\n<meta name=\"twitter:label1\" content=\"Dur\u00e9e de lecture estim\u00e9e\" \/>\n\t<meta name=\"twitter:data1\" content=\"1 minute\" \/>\n<script type=\"application\/ld+json\" class=\"yoast-schema-graph\">{\"@context\":\"https:\\\/\\\/schema.org\",\"@graph\":[{\"@type\":\"WebPage\",\"@id\":\"https:\\\/\\\/home.diakse.com\\\/cas-client-darty\",\"url\":\"https:\\\/\\\/home.diakse.com\\\/cas-client-darty\",\"name\":\"Darty : Configurez votre cuisine avec Darty - Diakse\",\"isPartOf\":{\"@id\":\"https:\\\/\\\/home.diakse.com\\\/fr_fr\\\/#website\"},\"datePublished\":\"2021-05-07T16:32:34+00:00\",\"dateModified\":\"2022-10-25T21:05:36+00:00\",\"description\":\"Darty innove l'exp\u00e9rience d'achat de ses clients avec une cuisine virtuelle o\u00f9 l'on peut modifier les meubles pr\u00e9sent\u00e9s.\",\"breadcrumb\":{\"@id\":\"https:\\\/\\\/home.diakse.com\\\/cas-client-darty#breadcrumb\"},\"inLanguage\":\"fr-FR\",\"potentialAction\":[{\"@type\":\"ReadAction\",\"target\":[\"https:\\\/\\\/home.diakse.com\\\/cas-client-darty\"]}]},{\"@type\":\"BreadcrumbList\",\"@id\":\"https:\\\/\\\/home.diakse.com\\\/cas-client-darty#breadcrumb\",\"itemListElement\":[{\"@type\":\"ListItem\",\"position\":1,\"name\":\"Accueil\",\"item\":\"https:\\\/\\\/home.diakse.com\\\/fr_fr\\\/\"},{\"@type\":\"ListItem\",\"position\":2,\"name\":\"Darty : Configurez votre cuisine avec Darty\"}]},{\"@type\":\"WebSite\",\"@id\":\"https:\\\/\\\/home.diakse.com\\\/fr_fr\\\/#website\",\"url\":\"https:\\\/\\\/home.diakse.com\\\/fr_fr\\\/\",\"name\":\"Diakse\",\"description\":\"Virtual Shops - La solution de cr\u00e9ation de boutiques virtuelles\",\"publisher\":{\"@id\":\"https:\\\/\\\/home.diakse.com\\\/fr_fr\\\/#organization\"},\"potentialAction\":[{\"@type\":\"SearchAction\",\"target\":{\"@type\":\"EntryPoint\",\"urlTemplate\":\"https:\\\/\\\/home.diakse.com\\\/fr_fr\\\/?s={search_term_string}\"},\"query-input\":{\"@type\":\"PropertyValueSpecification\",\"valueRequired\":true,\"valueName\":\"search_term_string\"}}],\"inLanguage\":\"fr-FR\"},{\"@type\":\"Organization\",\"@id\":\"https:\\\/\\\/home.diakse.com\\\/fr_fr\\\/#organization\",\"name\":\"Diakse\",\"url\":\"https:\\\/\\\/home.diakse.com\\\/fr_fr\\\/\",\"logo\":{\"@type\":\"ImageObject\",\"inLanguage\":\"fr-FR\",\"@id\":\"https:\\\/\\\/home.diakse.com\\\/fr_fr\\\/#\\\/schema\\\/logo\\\/image\\\/\",\"url\":\"https:\\\/\\\/home.diakse.com\\\/wp-content\\\/uploads\\\/2018\\\/01\\\/Diakse-V-business-3.0-Blanc.jpg\",\"contentUrl\":\"https:\\\/\\\/home.diakse.com\\\/wp-content\\\/uploads\\\/2018\\\/01\\\/Diakse-V-business-3.0-Blanc.jpg\",\"width\":1000,\"height\":440,\"caption\":\"Diakse\"},\"image\":{\"@id\":\"https:\\\/\\\/home.diakse.com\\\/fr_fr\\\/#\\\/schema\\\/logo\\\/image\\\/\"},\"sameAs\":[\"https:\\\/\\\/www.facebook.com\\\/diakse\",\"https:\\\/\\\/x.com\\\/Diakse_France\",\"https:\\\/\\\/www.instagram.com\\\/diakse.france\\\/\",\"https:\\\/\\\/www.linkedin.com\\\/company\\\/diakse\",\"https:\\\/\\\/www.youtube.com\\\/channel\\\/UCbymWs9j6MjXmcYDcU-LVJA\"]}]}<\/script>\n<!-- \/ Yoast SEO plugin. -->","yoast_head_json":{"title":"Darty : Configurez votre cuisine avec Darty - Diakse","description":"Darty innove l'exp\u00e9rience d'achat de ses clients avec une cuisine virtuelle o\u00f9 l'on peut modifier les meubles pr\u00e9sent\u00e9s.","robots":{"index":"index","follow":"follow","max-snippet":"max-snippet:-1","max-image-preview":"max-image-preview:large","max-video-preview":"max-video-preview:-1"},"canonical":"https:\/\/home.diakse.com\/fr_fr\/cas-client-darty\/","og_locale":"fr_FR","og_type":"article","og_title":"Darty : Configurez votre cuisine avec Darty - Diakse","og_description":"Darty innove l'exp\u00e9rience d'achat de ses clients avec une cuisine virtuelle o\u00f9 l'on peut modifier les meubles pr\u00e9sent\u00e9s.","og_url":"https:\/\/home.diakse.com\/fr_fr\/cas-client-darty\/","og_site_name":"Diakse","article_publisher":"https:\/\/www.facebook.com\/diakse","article_modified_time":"2022-10-25T21:05:36+00:00","twitter_card":"summary_large_image","twitter_site":"@Diakse_France","twitter_misc":{"Dur\u00e9e de lecture estim\u00e9e":"1 minute"},"schema":{"@context":"https:\/\/schema.org","@graph":[{"@type":"WebPage","@id":"https:\/\/home.diakse.com\/cas-client-darty","url":"https:\/\/home.diakse.com\/cas-client-darty","name":"Darty : Configurez votre cuisine avec Darty - Diakse","isPartOf":{"@id":"https:\/\/home.diakse.com\/fr_fr\/#website"},"datePublished":"2021-05-07T16:32:34+00:00","dateModified":"2022-10-25T21:05:36+00:00","description":"Darty innove l'exp\u00e9rience d'achat de ses clients avec une cuisine virtuelle o\u00f9 l'on peut modifier les meubles pr\u00e9sent\u00e9s.","breadcrumb":{"@id":"https:\/\/home.diakse.com\/cas-client-darty#breadcrumb"},"inLanguage":"fr-FR","potentialAction":[{"@type":"ReadAction","target":["https:\/\/home.diakse.com\/cas-client-darty"]}]},{"@type":"BreadcrumbList","@id":"https:\/\/home.diakse.com\/cas-client-darty#breadcrumb","itemListElement":[{"@type":"ListItem","position":1,"name":"Accueil","item":"https:\/\/home.diakse.com\/fr_fr\/"},{"@type":"ListItem","position":2,"name":"Darty : Configurez votre cuisine avec Darty"}]},{"@type":"WebSite","@id":"https:\/\/home.diakse.com\/fr_fr\/#website","url":"https:\/\/home.diakse.com\/fr_fr\/","name":"Diakse","description":"Virtual Shops - La solution de cr\u00e9ation de boutiques virtuelles","publisher":{"@id":"https:\/\/home.diakse.com\/fr_fr\/#organization"},"potentialAction":[{"@type":"SearchAction","target":{"@type":"EntryPoint","urlTemplate":"https:\/\/home.diakse.com\/fr_fr\/?s={search_term_string}"},"query-input":{"@type":"PropertyValueSpecification","valueRequired":true,"valueName":"search_term_string"}}],"inLanguage":"fr-FR"},{"@type":"Organization","@id":"https:\/\/home.diakse.com\/fr_fr\/#organization","name":"Diakse","url":"https:\/\/home.diakse.com\/fr_fr\/","logo":{"@type":"ImageObject","inLanguage":"fr-FR","@id":"https:\/\/home.diakse.com\/fr_fr\/#\/schema\/logo\/image\/","url":"https:\/\/home.diakse.com\/wp-content\/uploads\/2018\/01\/Diakse-V-business-3.0-Blanc.jpg","contentUrl":"https:\/\/home.diakse.com\/wp-content\/uploads\/2018\/01\/Diakse-V-business-3.0-Blanc.jpg","width":1000,"height":440,"caption":"Diakse"},"image":{"@id":"https:\/\/home.diakse.com\/fr_fr\/#\/schema\/logo\/image\/"},"sameAs":["https:\/\/www.facebook.com\/diakse","https:\/\/x.com\/Diakse_France","https:\/\/www.instagram.com\/diakse.france\/","https:\/\/www.linkedin.com\/company\/diakse","https:\/\/www.youtube.com\/channel\/UCbymWs9j6MjXmcYDcU-LVJA"]}]}},"_links":{"self":[{"href":"https:\/\/home.diakse.com\/fr_fr\/wp-json\/wp\/v2\/pages\/4001","targetHints":{"allow":["GET"]}}],"collection":[{"href":"https:\/\/home.diakse.com\/fr_fr\/wp-json\/wp\/v2\/pages"}],"about":[{"href":"https:\/\/home.diakse.com\/fr_fr\/wp-json\/wp\/v2\/types\/page"}],"author":[{"embeddable":true,"href":"https:\/\/home.diakse.com\/fr_fr\/wp-json\/wp\/v2\/users\/1"}],"replies":[{"embeddable":true,"href":"https:\/\/home.diakse.com\/fr_fr\/wp-json\/wp\/v2\/comments?post=4001"}],"version-history":[{"count":30,"href":"https:\/\/home.diakse.com\/fr_fr\/wp-json\/wp\/v2\/pages\/4001\/revisions"}],"predecessor-version":[{"id":4931,"href":"https:\/\/home.diakse.com\/fr_fr\/wp-json\/wp\/v2\/pages\/4001\/revisions\/4931"}],"wp:attachment":[{"href":"https:\/\/home.diakse.com\/fr_fr\/wp-json\/wp\/v2\/media?parent=4001"}],"curies":[{"name":"wp","href":"https:\/\/api.w.org\/{rel}","templated":true}]}}