{"id":4047,"date":"2021-05-07T16:49:45","date_gmt":"2021-05-07T16:49:45","guid":{"rendered":"https:\/\/home.diakse.com\/?page_id=4047"},"modified":"2022-10-25T21:01:30","modified_gmt":"2022-10-25T21:01:30","slug":"cas-client-jacadi","status":"publish","type":"page","link":"https:\/\/home.diakse.com\/fr_fr\/cas-client-jacadi","title":{"rendered":"Jacadi : Le twin digital de vos pop-up stores"},"content":{"rendered":"<div id=\"pl-4047\"  class=\"panel-layout\" ><div id=\"pg-4047-0\"  class=\"panel-grid panel-no-style\" ><div id=\"pgc-4047-0-0\"  class=\"panel-grid-cell\" ><div id=\"panel-4047-0-0-0\" class=\"so-panel widget widget_sow-image panel-first-child panel-last-child\" data-index=\"0\" ><div\n\t\t\t\n\t\t\tclass=\"so-widget-sow-image so-widget-sow-image-default-a258e6bfa2d8-4047\"\n\t\t\t\n\t\t>\n<div class=\"sow-image-container\">\n\t\t\t<a href=\"https:\/\/www.youtube.com\/watch?v=nrMIgPKdHgc\"\n\t\t\ttarget=\"_blank\" rel=\"noopener noreferrer\" \t\t>\n\t\t\t<img fetchpriority=\"high\" \n\tsrc=\"https:\/\/home.diakse.com\/wp-content\/uploads\/2021\/04\/Capture-decran-23.png\" width=\"1366\" height=\"768\" srcset=\"https:\/\/home.diakse.com\/wp-content\/uploads\/2021\/04\/Capture-decran-23.png 1366w, https:\/\/home.diakse.com\/wp-content\/uploads\/2021\/04\/Capture-decran-23-300x169.png 300w, https:\/\/home.diakse.com\/wp-content\/uploads\/2021\/04\/Capture-decran-23-1024x576.png 1024w, https:\/\/home.diakse.com\/wp-content\/uploads\/2021\/04\/Capture-decran-23-768x432.png 768w, https:\/\/home.diakse.com\/wp-content\/uploads\/2021\/04\/Capture-decran-23-16x9.png 16w\" sizes=\"(max-width: 1366px) 100vw, 1366px\" title=\"Jacadi\" alt=\"Lifestore virtuel\" \t\tclass=\"so-widget-image\"\/>\n\t\t\t<\/a><\/div>\n\n<\/div><\/div><\/div><\/div><div id=\"pg-4047-1\"  class=\"panel-grid panel-no-style\" ><div id=\"pgc-4047-1-0\"  class=\"panel-grid-cell\" ><div id=\"panel-4047-1-0-0\" class=\"so-panel widget widget_sow-headline panel-first-child panel-last-child\" data-index=\"1\" ><div\n\t\t\t\n\t\t\tclass=\"so-widget-sow-headline so-widget-sow-headline-default-ea0af4cf39ae-4047\"\n\t\t\t\n\t\t><div class=\"sow-headline-container \">\n\t\t\t\t\t\t\t<h1 class=\"sow-headline\">\n\t\t\t\t\t\tJacadi : Le twin digital de vos pop-up stores\t\t\t\t\t\t<\/h1>\n\t\t\t\t\t\t\t\t\t\t\t<div class=\"decoration\">\n\t\t\t\t\t\t<div class=\"decoration-inside\"><\/div>\n\t\t\t\t\t<\/div>\n\t\t\t\t\t<\/div>\n<\/div><\/div><\/div><\/div><div id=\"pg-4047-2\"  class=\"panel-grid panel-no-style\" ><div id=\"pgc-4047-2-0\"  class=\"panel-grid-cell\" ><div id=\"panel-4047-2-0-0\" class=\"so-panel widget widget_sow-editor panel-first-child panel-last-child\" data-index=\"2\" ><div\n\t\t\t\n\t\t\tclass=\"so-widget-sow-editor so-widget-sow-editor-base\"\n\t\t\t\n\t\t>\n<div class=\"siteorigin-widget-tinymce textwidget\">\n\t<h3 style=\"text-align: center;\"><em>Pour sa nouvelle collection Jacadi a d\u00e9cid\u00e9 d\u2019innover avec un Lifestore virtuel r\u00e9alis\u00e9 par Diakse.<\/em><\/h3>\n<\/div>\n<\/div><\/div><\/div><\/div><div id=\"pg-4047-3\"  class=\"panel-grid panel-no-style\" ><div id=\"pgc-4047-3-0\"  class=\"panel-grid-cell\" ><div id=\"panel-4047-3-0-0\" class=\"so-panel widget widget_sow-image panel-first-child panel-last-child\" data-index=\"3\" ><div\n\t\t\t\n\t\t\tclass=\"so-widget-sow-image so-widget-sow-image-default-c67d20f9f743-4047\"\n\t\t\t\n\t\t>\n<div class=\"sow-image-container\">\n\t\t<img \n\tsrc=\"https:\/\/home.diakse.com\/wp-content\/uploads\/2021\/04\/Capture-decran-26-1024x576.png\" width=\"640\" height=\"360\" srcset=\"https:\/\/home.diakse.com\/wp-content\/uploads\/2021\/04\/Capture-decran-26-1024x576.png 1024w, https:\/\/home.diakse.com\/wp-content\/uploads\/2021\/04\/Capture-decran-26-300x169.png 300w, https:\/\/home.diakse.com\/wp-content\/uploads\/2021\/04\/Capture-decran-26-768x432.png 768w, https:\/\/home.diakse.com\/wp-content\/uploads\/2021\/04\/Capture-decran-26-16x9.png 16w, https:\/\/home.diakse.com\/wp-content\/uploads\/2021\/04\/Capture-decran-26.png 1366w\" sizes=\"(max-width: 640px) 100vw, 640px\" title=\"Capture d\u2019\u00e9cran (26)\" alt=\"\" \t\tclass=\"so-widget-image\"\/>\n\t<\/div>\n\n<\/div><\/div><\/div><div id=\"pgc-4047-3-1\"  class=\"panel-grid-cell\" ><div id=\"panel-4047-3-1-0\" class=\"so-panel widget widget_sow-image panel-first-child\" data-index=\"4\" ><div\n\t\t\t\n\t\t\tclass=\"so-widget-sow-image so-widget-sow-image-default-c67d20f9f743-4047\"\n\t\t\t\n\t\t>\n<div class=\"sow-image-container\">\n\t\t<img \n\tsrc=\"https:\/\/home.diakse.com\/wp-content\/uploads\/2021\/04\/Capture-decran-22-300x169.png\" width=\"300\" height=\"169\" srcset=\"https:\/\/home.diakse.com\/wp-content\/uploads\/2021\/04\/Capture-decran-22-300x169.png 300w, https:\/\/home.diakse.com\/wp-content\/uploads\/2021\/04\/Capture-decran-22-1024x576.png 1024w, https:\/\/home.diakse.com\/wp-content\/uploads\/2021\/04\/Capture-decran-22-768x432.png 768w, https:\/\/home.diakse.com\/wp-content\/uploads\/2021\/04\/Capture-decran-22-16x9.png 16w, https:\/\/home.diakse.com\/wp-content\/uploads\/2021\/04\/Capture-decran-22.png 1366w\" sizes=\"(max-width: 300px) 100vw, 300px\" title=\"Capture d\u2019\u00e9cran (22)\" alt=\"\" \t\tclass=\"so-widget-image\"\/>\n\t<\/div>\n\n<\/div><\/div><div id=\"panel-4047-3-1-1\" class=\"so-panel widget widget_sow-editor panel-last-child\" data-index=\"5\" ><div\n\t\t\t\n\t\t\tclass=\"so-widget-sow-editor so-widget-sow-editor-base\"\n\t\t\t\n\t\t>\n<div class=\"siteorigin-widget-tinymce textwidget\">\n\t<h5 style=\"text-align: left;\">Jacadi est la marque incontournable pour les v\u00eatements et n\u00e9cessaires de toilette pour enfants et b\u00e9b\u00e9s. La nouvelle collection propose des v\u00eatements, des produits de beaut\u00e9 et des ateliers d\u2019\u00e9veil pour b\u00e9b\u00e9s.<\/h5>\n<p class=\"sow-headline\">Le<a href=\"https:\/\/home.diakse.com\/fr_fr\/solutions\"> showroom 3D<\/a> au service des commer\u00e7ants<\/p>\n<\/div>\n<\/div><\/div><\/div><\/div><div id=\"pg-4047-4\"  class=\"panel-grid panel-no-style\" ><div id=\"pgc-4047-4-0\"  class=\"panel-grid-cell\" ><div id=\"panel-4047-4-0-0\" class=\"so-panel widget widget_sow-editor panel-first-child panel-last-child\" data-index=\"6\" ><div\n\t\t\t\n\t\t\tclass=\"so-widget-sow-editor so-widget-sow-editor-base\"\n\t\t\t\n\t\t>\n<div class=\"siteorigin-widget-tinymce textwidget\">\n\t<h1 style=\"text-align: center;\">3x<\/h1>\n<h4 style=\"text-align: center;\">Plus de temps pass\u00e9 dans la boutique<\/h4>\n<\/div>\n<\/div><\/div><\/div><div id=\"pgc-4047-4-1\"  class=\"panel-grid-cell\" ><div id=\"panel-4047-4-1-0\" class=\"so-panel widget widget_sow-editor panel-first-child panel-last-child\" data-index=\"7\" ><div\n\t\t\t\n\t\t\tclass=\"so-widget-sow-editor so-widget-sow-editor-base\"\n\t\t\t\n\t\t>\n<div class=\"siteorigin-widget-tinymce textwidget\">\n\t<h1 style=\"text-align: center;\">2000<\/h1>\n<h4 style=\"text-align: center;\">Connexions \u00e0 la premi\u00e8re annonce de la boutique virtuelle<\/h4>\n<\/div>\n<\/div><\/div><\/div><div id=\"pgc-4047-4-2\"  class=\"panel-grid-cell\" ><div id=\"panel-4047-4-2-0\" class=\"so-panel widget widget_sow-editor panel-first-child panel-last-child\" data-index=\"8\" ><div\n\t\t\t\n\t\t\tclass=\"so-widget-sow-editor so-widget-sow-editor-base\"\n\t\t\t\n\t\t>\n<div class=\"siteorigin-widget-tinymce textwidget\">\n\t<h1 style=\"text-align: center;\">+300<\/h1>\n<h4 style=\"text-align: center;\">Produits pr\u00e9sent\u00e9s<\/h4>\n<\/div>\n<\/div><\/div><\/div><\/div><div id=\"pg-4047-5\"  class=\"panel-grid panel-no-style\" ><div id=\"pgc-4047-5-0\"  class=\"panel-grid-cell\" ><div id=\"panel-4047-5-0-0\" class=\"so-panel widget widget_sow-headline panel-first-child panel-last-child\" data-index=\"9\" ><div\n\t\t\t\n\t\t\tclass=\"so-widget-sow-headline so-widget-sow-headline-default-ea0af4cf39ae-4047\"\n\t\t\t\n\t\t><div class=\"sow-headline-container \">\n\t\t\t\t\t\t\t<h1 class=\"sow-headline\">\n\t\t\t\t\t\tLe projet Jacadi\t\t\t\t\t\t<\/h1>\n\t\t\t\t\t\t\t\t\t\t\t<div class=\"decoration\">\n\t\t\t\t\t\t<div class=\"decoration-inside\"><\/div>\n\t\t\t\t\t<\/div>\n\t\t\t\t\t<\/div>\n<\/div><\/div><\/div><\/div><div id=\"pg-4047-6\"  class=\"panel-grid panel-no-style\" ><div id=\"pgc-4047-6-0\"  class=\"panel-grid-cell\" ><div id=\"panel-4047-6-0-0\" class=\"so-panel widget widget_sow-editor panel-first-child panel-last-child\" data-index=\"10\" ><div\n\t\t\t\n\t\t\tclass=\"so-widget-sow-editor so-widget-sow-editor-base\"\n\t\t\t\n\t\t>\n<div class=\"siteorigin-widget-tinymce textwidget\">\n\t<h3 style=\"text-align: center;\"><strong>Contexte et objectifs <\/strong><\/h3>\n<p>Jacadi propose \u00e0 sa client\u00e8le des ateliers ainsi que ses derni\u00e8res nouveaut\u00e9s au sein d'un lieu d\u00e9di\u00e9 au tout petit. En parall\u00e8le de ce lieu et de cet \u00e9v\u00e8nement r\u00e9el, Jacadi a fait appel \u00e0 <a href=\"https:\/\/home.diakse.com\/fr_fr\/solutions\">Diakse<\/a> pour virtualiser l'exp\u00e9rience et l'a transpos\u00e9 sur internet.<\/p>\n<\/div>\n<\/div><\/div><\/div><div id=\"pgc-4047-6-1\"  class=\"panel-grid-cell\" ><div id=\"panel-4047-6-1-0\" class=\"so-panel widget widget_sow-editor panel-first-child panel-last-child\" data-index=\"11\" ><div\n\t\t\t\n\t\t\tclass=\"so-widget-sow-editor so-widget-sow-editor-base\"\n\t\t\t\n\t\t>\n<div class=\"siteorigin-widget-tinymce textwidget\">\n\t<h3 style=\"text-align: center;\"><strong>R\u00e9alisation <\/strong><\/h3>\n<p>Ce Lifestore a \u00e9t\u00e9 cr\u00e9\u00e9 \u00e0 l\u2019image d\u2019un pop-up \u00e9v\u00e8nementiel Jacadi et propose un contenu \u00e9volutif ainsi qu\u2019un parcours immersif avec des vid\u00e9os interactives d\u2019objets comme la bo\u00eete \u00e0 secret. Diakse propose \u00e9galement une solution d\u2019achat en ligne permettant une approche omnicanal, unique et innovante pour Jacadi.<\/p>\n<p>&nbsp;<\/p>\n<\/div>\n<\/div><\/div><\/div><div id=\"pgc-4047-6-2\"  class=\"panel-grid-cell\" ><div id=\"panel-4047-6-2-0\" class=\"so-panel widget widget_sow-editor panel-first-child panel-last-child\" data-index=\"12\" ><div\n\t\t\t\n\t\t\tclass=\"so-widget-sow-editor so-widget-sow-editor-base\"\n\t\t\t\n\t\t>\n<div class=\"siteorigin-widget-tinymce textwidget\">\n\t<h3 style=\"text-align: center;\"><strong>R\u00e9sultats <\/strong><\/h3>\n<p style=\"text-align: center;\">\u00a0Exp\u00e9rience ultra r\u00e9aliste avec visualisation des produits contextualis\u00e9s,<\/p>\n<p style=\"text-align: center;\">\u00a0Une exp\u00e9rience d'achat r\u00e9invent\u00e9e, originale et diff\u00e9renciante,<\/p>\n<p style=\"text-align: center;\">\n<\/div>\n<\/div><\/div><\/div><\/div><div id=\"pg-4047-7\"  class=\"panel-grid panel-no-style\" ><div id=\"pgc-4047-7-0\"  class=\"panel-grid-cell panel-grid-cell-empty\" ><\/div><div id=\"pgc-4047-7-1\"  class=\"panel-grid-cell panel-grid-cell-mobile-last\" ><div id=\"panel-4047-7-1-0\" class=\"so-panel widget widget_sow-button panel-first-child panel-last-child\" data-index=\"13\" ><div\n\t\t\t\n\t\t\tclass=\"so-widget-sow-button so-widget-sow-button-atom-ddfc18db71d7-4047\"\n\t\t\t\n\t\t><div class=\"ow-button-base ow-button-align-center\"\n>\n\t\t\t<a\n\t\t\t\t\thref=\"https:\/\/home.diakse.com\/contact\"\n\t\t\t\t\tclass=\"sowb-button ow-icon-placement-left ow-button-hover\" \t>\n\t\t<span>\n\t\t\t\n\t\t\t<div id=\"undevis\">OBTENIR UN DEVIS<\/div>\t\t<\/span>\n\t\t\t<\/a>\n\t<\/div>\n<\/div><\/div><\/div><div id=\"pgc-4047-7-2\"  class=\"panel-grid-cell panel-grid-cell-empty\" ><\/div><\/div><div id=\"pg-4047-8\"  class=\"panel-grid panel-no-style\" ><div id=\"pgc-4047-8-0\"  class=\"panel-grid-cell panel-grid-cell-empty\" ><\/div><div id=\"pgc-4047-8-1\"  class=\"panel-grid-cell panel-grid-cell-empty panel-grid-cell-mobile-last\" ><\/div><div id=\"pgc-4047-8-2\"  class=\"panel-grid-cell panel-grid-cell-empty\" ><\/div><\/div><\/div>","protected":false},"excerpt":{"rendered":"<p>Jacadi : Le twin digital de vos pop-up stores Pour sa nouvelle collection Jacadi a d\u00e9cid\u00e9 d\u2019innover avec un Lifestore virtuel r\u00e9alis\u00e9 par Diakse. Jacadi est la marque incontournable pour les v\u00eatements et n\u00e9cessaires de toilette pour enfants et b\u00e9b\u00e9s. La nouvelle collection propose des v\u00eatements, des produits de beaut\u00e9 et des ateliers d\u2019\u00e9veil pour <a href=\"https:\/\/home.diakse.com\/fr_fr\/cas-client-jacadi\" rel=\"nofollow\"><span class=\"sr-only\">En savoir plus surJacadi : Le twin digital de vos pop-up stores<\/span>[&hellip;]<\/a><\/p>\n","protected":false},"author":1,"featured_media":0,"parent":0,"menu_order":0,"comment_status":"closed","ping_status":"closed","template":"template-fullwidth-no-title.php","meta":{"_exactmetrics_skip_tracking":false,"_exactmetrics_sitenote_active":false,"_exactmetrics_sitenote_note":"","_exactmetrics_sitenote_category":0,"footnotes":""},"class_list":["post-4047","page","type-page","status-publish","hentry"],"yoast_head":"<!-- This site is optimized with the Yoast SEO plugin v27.3 - https:\/\/yoast.com\/product\/yoast-seo-wordpress\/ -->\n<title>Jacadi : Le twin digital de vos pop-up stores - Diakse<\/title>\n<meta name=\"description\" content=\"Comment Jacadi innove avec la cr\u00e9ation d&#039;un Lifestore virtuel immersif et interactif permettant une exp\u00e9rience d&#039;achat en ligne unique\" \/>\n<meta name=\"robots\" content=\"index, follow, max-snippet:-1, max-image-preview:large, max-video-preview:-1\" \/>\n<link rel=\"canonical\" href=\"https:\/\/home.diakse.com\/fr_fr\/cas-client-jacadi\/\" \/>\n<meta property=\"og:locale\" content=\"fr_FR\" \/>\n<meta property=\"og:type\" content=\"article\" \/>\n<meta property=\"og:title\" content=\"Jacadi : Le twin digital de vos pop-up stores - Diakse\" \/>\n<meta property=\"og:description\" content=\"Comment Jacadi innove avec la cr\u00e9ation d&#039;un Lifestore virtuel immersif et interactif permettant une exp\u00e9rience d&#039;achat en ligne unique\" \/>\n<meta property=\"og:url\" content=\"https:\/\/home.diakse.com\/fr_fr\/cas-client-jacadi\/\" \/>\n<meta property=\"og:site_name\" content=\"Diakse\" \/>\n<meta property=\"article:publisher\" content=\"https:\/\/www.facebook.com\/diakse\" \/>\n<meta property=\"article:modified_time\" content=\"2022-10-25T21:01:30+00:00\" \/>\n<meta name=\"twitter:card\" content=\"summary_large_image\" \/>\n<meta name=\"twitter:site\" content=\"@Diakse_France\" \/>\n<meta name=\"twitter:label1\" content=\"Dur\u00e9e de lecture estim\u00e9e\" \/>\n\t<meta name=\"twitter:data1\" content=\"2 minutes\" \/>\n<script type=\"application\/ld+json\" class=\"yoast-schema-graph\">{\"@context\":\"https:\\\/\\\/schema.org\",\"@graph\":[{\"@type\":\"WebPage\",\"@id\":\"https:\\\/\\\/home.diakse.com\\\/cas-client-jacadi\",\"url\":\"https:\\\/\\\/home.diakse.com\\\/cas-client-jacadi\",\"name\":\"Jacadi : Le twin digital de vos pop-up stores - Diakse\",\"isPartOf\":{\"@id\":\"https:\\\/\\\/home.diakse.com\\\/fr_fr\\\/#website\"},\"datePublished\":\"2021-05-07T16:49:45+00:00\",\"dateModified\":\"2022-10-25T21:01:30+00:00\",\"description\":\"Comment Jacadi innove avec la cr\u00e9ation d'un Lifestore virtuel immersif et interactif permettant une exp\u00e9rience d'achat en ligne unique\",\"breadcrumb\":{\"@id\":\"https:\\\/\\\/home.diakse.com\\\/cas-client-jacadi#breadcrumb\"},\"inLanguage\":\"fr-FR\",\"potentialAction\":[{\"@type\":\"ReadAction\",\"target\":[\"https:\\\/\\\/home.diakse.com\\\/cas-client-jacadi\"]}]},{\"@type\":\"BreadcrumbList\",\"@id\":\"https:\\\/\\\/home.diakse.com\\\/cas-client-jacadi#breadcrumb\",\"itemListElement\":[{\"@type\":\"ListItem\",\"position\":1,\"name\":\"Accueil\",\"item\":\"https:\\\/\\\/home.diakse.com\\\/fr_fr\\\/\"},{\"@type\":\"ListItem\",\"position\":2,\"name\":\"Jacadi : Le twin digital de vos pop-up stores\"}]},{\"@type\":\"WebSite\",\"@id\":\"https:\\\/\\\/home.diakse.com\\\/fr_fr\\\/#website\",\"url\":\"https:\\\/\\\/home.diakse.com\\\/fr_fr\\\/\",\"name\":\"Diakse\",\"description\":\"Virtual Shops - La solution de cr\u00e9ation de boutiques virtuelles\",\"publisher\":{\"@id\":\"https:\\\/\\\/home.diakse.com\\\/fr_fr\\\/#organization\"},\"potentialAction\":[{\"@type\":\"SearchAction\",\"target\":{\"@type\":\"EntryPoint\",\"urlTemplate\":\"https:\\\/\\\/home.diakse.com\\\/fr_fr\\\/?s={search_term_string}\"},\"query-input\":{\"@type\":\"PropertyValueSpecification\",\"valueRequired\":true,\"valueName\":\"search_term_string\"}}],\"inLanguage\":\"fr-FR\"},{\"@type\":\"Organization\",\"@id\":\"https:\\\/\\\/home.diakse.com\\\/fr_fr\\\/#organization\",\"name\":\"Diakse\",\"url\":\"https:\\\/\\\/home.diakse.com\\\/fr_fr\\\/\",\"logo\":{\"@type\":\"ImageObject\",\"inLanguage\":\"fr-FR\",\"@id\":\"https:\\\/\\\/home.diakse.com\\\/fr_fr\\\/#\\\/schema\\\/logo\\\/image\\\/\",\"url\":\"https:\\\/\\\/home.diakse.com\\\/wp-content\\\/uploads\\\/2018\\\/01\\\/Diakse-V-business-3.0-Blanc.jpg\",\"contentUrl\":\"https:\\\/\\\/home.diakse.com\\\/wp-content\\\/uploads\\\/2018\\\/01\\\/Diakse-V-business-3.0-Blanc.jpg\",\"width\":1000,\"height\":440,\"caption\":\"Diakse\"},\"image\":{\"@id\":\"https:\\\/\\\/home.diakse.com\\\/fr_fr\\\/#\\\/schema\\\/logo\\\/image\\\/\"},\"sameAs\":[\"https:\\\/\\\/www.facebook.com\\\/diakse\",\"https:\\\/\\\/x.com\\\/Diakse_France\",\"https:\\\/\\\/www.instagram.com\\\/diakse.france\\\/\",\"https:\\\/\\\/www.linkedin.com\\\/company\\\/diakse\",\"https:\\\/\\\/www.youtube.com\\\/channel\\\/UCbymWs9j6MjXmcYDcU-LVJA\"]}]}<\/script>\n<!-- \/ Yoast SEO plugin. -->","yoast_head_json":{"title":"Jacadi : Le twin digital de vos pop-up stores - Diakse","description":"Comment Jacadi innove avec la cr\u00e9ation d'un Lifestore virtuel immersif et interactif permettant une exp\u00e9rience d'achat en ligne unique","robots":{"index":"index","follow":"follow","max-snippet":"max-snippet:-1","max-image-preview":"max-image-preview:large","max-video-preview":"max-video-preview:-1"},"canonical":"https:\/\/home.diakse.com\/fr_fr\/cas-client-jacadi\/","og_locale":"fr_FR","og_type":"article","og_title":"Jacadi : Le twin digital de vos pop-up stores - Diakse","og_description":"Comment Jacadi innove avec la cr\u00e9ation d'un Lifestore virtuel immersif et interactif permettant une exp\u00e9rience d'achat en ligne unique","og_url":"https:\/\/home.diakse.com\/fr_fr\/cas-client-jacadi\/","og_site_name":"Diakse","article_publisher":"https:\/\/www.facebook.com\/diakse","article_modified_time":"2022-10-25T21:01:30+00:00","twitter_card":"summary_large_image","twitter_site":"@Diakse_France","twitter_misc":{"Dur\u00e9e de lecture estim\u00e9e":"2 minutes"},"schema":{"@context":"https:\/\/schema.org","@graph":[{"@type":"WebPage","@id":"https:\/\/home.diakse.com\/cas-client-jacadi","url":"https:\/\/home.diakse.com\/cas-client-jacadi","name":"Jacadi : Le twin digital de vos pop-up stores - Diakse","isPartOf":{"@id":"https:\/\/home.diakse.com\/fr_fr\/#website"},"datePublished":"2021-05-07T16:49:45+00:00","dateModified":"2022-10-25T21:01:30+00:00","description":"Comment Jacadi innove avec la cr\u00e9ation d'un Lifestore virtuel immersif et interactif permettant une exp\u00e9rience d'achat en ligne unique","breadcrumb":{"@id":"https:\/\/home.diakse.com\/cas-client-jacadi#breadcrumb"},"inLanguage":"fr-FR","potentialAction":[{"@type":"ReadAction","target":["https:\/\/home.diakse.com\/cas-client-jacadi"]}]},{"@type":"BreadcrumbList","@id":"https:\/\/home.diakse.com\/cas-client-jacadi#breadcrumb","itemListElement":[{"@type":"ListItem","position":1,"name":"Accueil","item":"https:\/\/home.diakse.com\/fr_fr\/"},{"@type":"ListItem","position":2,"name":"Jacadi : Le twin digital de vos pop-up stores"}]},{"@type":"WebSite","@id":"https:\/\/home.diakse.com\/fr_fr\/#website","url":"https:\/\/home.diakse.com\/fr_fr\/","name":"Diakse","description":"Virtual Shops - La solution de cr\u00e9ation de boutiques virtuelles","publisher":{"@id":"https:\/\/home.diakse.com\/fr_fr\/#organization"},"potentialAction":[{"@type":"SearchAction","target":{"@type":"EntryPoint","urlTemplate":"https:\/\/home.diakse.com\/fr_fr\/?s={search_term_string}"},"query-input":{"@type":"PropertyValueSpecification","valueRequired":true,"valueName":"search_term_string"}}],"inLanguage":"fr-FR"},{"@type":"Organization","@id":"https:\/\/home.diakse.com\/fr_fr\/#organization","name":"Diakse","url":"https:\/\/home.diakse.com\/fr_fr\/","logo":{"@type":"ImageObject","inLanguage":"fr-FR","@id":"https:\/\/home.diakse.com\/fr_fr\/#\/schema\/logo\/image\/","url":"https:\/\/home.diakse.com\/wp-content\/uploads\/2018\/01\/Diakse-V-business-3.0-Blanc.jpg","contentUrl":"https:\/\/home.diakse.com\/wp-content\/uploads\/2018\/01\/Diakse-V-business-3.0-Blanc.jpg","width":1000,"height":440,"caption":"Diakse"},"image":{"@id":"https:\/\/home.diakse.com\/fr_fr\/#\/schema\/logo\/image\/"},"sameAs":["https:\/\/www.facebook.com\/diakse","https:\/\/x.com\/Diakse_France","https:\/\/www.instagram.com\/diakse.france\/","https:\/\/www.linkedin.com\/company\/diakse","https:\/\/www.youtube.com\/channel\/UCbymWs9j6MjXmcYDcU-LVJA"]}]}},"_links":{"self":[{"href":"https:\/\/home.diakse.com\/fr_fr\/wp-json\/wp\/v2\/pages\/4047","targetHints":{"allow":["GET"]}}],"collection":[{"href":"https:\/\/home.diakse.com\/fr_fr\/wp-json\/wp\/v2\/pages"}],"about":[{"href":"https:\/\/home.diakse.com\/fr_fr\/wp-json\/wp\/v2\/types\/page"}],"author":[{"embeddable":true,"href":"https:\/\/home.diakse.com\/fr_fr\/wp-json\/wp\/v2\/users\/1"}],"replies":[{"embeddable":true,"href":"https:\/\/home.diakse.com\/fr_fr\/wp-json\/wp\/v2\/comments?post=4047"}],"version-history":[{"count":37,"href":"https:\/\/home.diakse.com\/fr_fr\/wp-json\/wp\/v2\/pages\/4047\/revisions"}],"predecessor-version":[{"id":5294,"href":"https:\/\/home.diakse.com\/fr_fr\/wp-json\/wp\/v2\/pages\/4047\/revisions\/5294"}],"wp:attachment":[{"href":"https:\/\/home.diakse.com\/fr_fr\/wp-json\/wp\/v2\/media?parent=4047"}],"curies":[{"name":"wp","href":"https:\/\/api.w.org\/{rel}","templated":true}]}}