{"id":4226,"date":"2021-10-13T09:08:19","date_gmt":"2021-10-13T09:08:19","guid":{"rendered":"https:\/\/home.diakse.com\/?page_id=4226"},"modified":"2022-10-25T21:02:48","modified_gmt":"2022-10-25T21:02:48","slug":"cas-client-philippe-hurel","status":"publish","type":"page","link":"https:\/\/home.diakse.com\/fr_fr\/cas-client-philippe-hurel","title":{"rendered":"Philippe Hurel : Montrez votre savoir-faire"},"content":{"rendered":"<div id=\"pl-4226\"  class=\"panel-layout\" ><div id=\"pg-4226-0\"  class=\"panel-grid panel-no-style\" ><div id=\"pgc-4226-0-0\"  class=\"panel-grid-cell\" ><div id=\"panel-4226-0-0-0\" class=\"so-panel widget widget_sow-image panel-first-child panel-last-child\" data-index=\"0\" ><div\n\t\t\t\n\t\t\tclass=\"so-widget-sow-image so-widget-sow-image-default-a258e6bfa2d8-4226\"\n\t\t\t\n\t\t>\n<div class=\"sow-image-container\">\n\t\t\t<a href=\"https:\/\/www.youtube.com\/watch?v=zIqWMiqAbQg\"\n\t\t\ttarget=\"_blank\" rel=\"noopener noreferrer\" \t\t>\n\t\t\t<img fetchpriority=\"high\" \n\tsrc=\"https:\/\/home.diakse.com\/wp-content\/uploads\/2021\/10\/Diapositive2.jpg\" width=\"1148\" height=\"720\" srcset=\"https:\/\/home.diakse.com\/wp-content\/uploads\/2021\/10\/Diapositive2.jpg 1148w, https:\/\/home.diakse.com\/wp-content\/uploads\/2021\/10\/Diapositive2-300x188.jpg 300w, https:\/\/home.diakse.com\/wp-content\/uploads\/2021\/10\/Diapositive2-1024x642.jpg 1024w, https:\/\/home.diakse.com\/wp-content\/uploads\/2021\/10\/Diapositive2-768x482.jpg 768w, https:\/\/home.diakse.com\/wp-content\/uploads\/2021\/10\/Diapositive2-18x12.jpg 18w\" sizes=\"(max-width: 1148px) 100vw, 1148px\" title=\"Philippe Hurel\" alt=\"Audrey Alexandre\" \t\tclass=\"so-widget-image\"\/>\n\t\t\t<\/a><\/div>\n\n<\/div><\/div><\/div><\/div><div id=\"pg-4226-1\"  class=\"panel-grid panel-no-style\" ><div id=\"pgc-4226-1-0\"  class=\"panel-grid-cell\" ><div id=\"panel-4226-1-0-0\" class=\"so-panel widget widget_sow-headline panel-first-child panel-last-child\" data-index=\"1\" ><div\n\t\t\t\n\t\t\tclass=\"so-widget-sow-headline so-widget-sow-headline-default-ea0af4cf39ae-4226\"\n\t\t\t\n\t\t><div class=\"sow-headline-container \">\n\t\t\t\t\t\t\t<h1 class=\"sow-headline\">\n\t\t\t\t\t\tPhilippe Hurel : Montrez votre savoir-faire\t\t\t\t\t\t<\/h1>\n\t\t\t\t\t\t\t\t\t\t\t<div class=\"decoration\">\n\t\t\t\t\t\t<div class=\"decoration-inside\"><\/div>\n\t\t\t\t\t<\/div>\n\t\t\t\t\t<\/div>\n<\/div><\/div><\/div><\/div><div id=\"pg-4226-2\"  class=\"panel-grid panel-no-style\" ><div id=\"pgc-4226-2-0\"  class=\"panel-grid-cell\" ><div id=\"panel-4226-2-0-0\" class=\"so-panel widget widget_sow-editor panel-first-child panel-last-child\" data-index=\"2\" ><div\n\t\t\t\n\t\t\tclass=\"so-widget-sow-editor so-widget-sow-editor-base\"\n\t\t\t\n\t\t>\n<div class=\"siteorigin-widget-tinymce textwidget\">\n\t<h3 style=\"text-align: center;\"><em>La Maison Philippe Hurel innove avec Diakse pour sa nouvelle collection.<\/em><\/h3>\n<\/div>\n<\/div><\/div><\/div><\/div><div id=\"pg-4226-3\"  class=\"panel-grid panel-no-style\" ><div id=\"pgc-4226-3-0\"  class=\"panel-grid-cell\" ><div id=\"panel-4226-3-0-0\" class=\"so-panel widget widget_sow-image panel-first-child panel-last-child\" data-index=\"3\" ><div\n\t\t\t\n\t\t\tclass=\"so-widget-sow-image so-widget-sow-image-default-c67d20f9f743-4226\"\n\t\t\t\n\t\t>\n<div class=\"sow-image-container\">\n\t\t<img \n\tsrc=\"https:\/\/home.diakse.com\/wp-content\/uploads\/2021\/10\/Capture-decran-50-1024x576.png\" width=\"640\" height=\"360\" srcset=\"https:\/\/home.diakse.com\/wp-content\/uploads\/2021\/10\/Capture-decran-50-1024x576.png 1024w, https:\/\/home.diakse.com\/wp-content\/uploads\/2021\/10\/Capture-decran-50-300x169.png 300w, https:\/\/home.diakse.com\/wp-content\/uploads\/2021\/10\/Capture-decran-50-768x432.png 768w, https:\/\/home.diakse.com\/wp-content\/uploads\/2021\/10\/Capture-decran-50-18x10.png 18w, https:\/\/home.diakse.com\/wp-content\/uploads\/2021\/10\/Capture-decran-50.png 1366w\" sizes=\"(max-width: 640px) 100vw, 640px\" title=\"Showroom Philippe Hurel\" alt=\"Philippe Hurel\" \t\tclass=\"so-widget-image\"\/>\n\t<\/div>\n\n<\/div><\/div><\/div><div id=\"pgc-4226-3-1\"  class=\"panel-grid-cell\" ><div id=\"panel-4226-3-1-0\" class=\"so-panel widget widget_sow-image panel-first-child\" data-index=\"4\" ><div\n\t\t\t\n\t\t\tclass=\"so-widget-sow-image so-widget-sow-image-default-c67d20f9f743-4226\"\n\t\t\t\n\t\t>\n<div class=\"sow-image-container\">\n\t\t<img \n\tsrc=\"https:\/\/home.diakse.com\/wp-content\/uploads\/2021\/10\/Capture-decran-55-300x169.png\" width=\"300\" height=\"169\" srcset=\"https:\/\/home.diakse.com\/wp-content\/uploads\/2021\/10\/Capture-decran-55-300x169.png 300w, https:\/\/home.diakse.com\/wp-content\/uploads\/2021\/10\/Capture-decran-55-1024x576.png 1024w, https:\/\/home.diakse.com\/wp-content\/uploads\/2021\/10\/Capture-decran-55-768x432.png 768w, https:\/\/home.diakse.com\/wp-content\/uploads\/2021\/10\/Capture-decran-55-18x10.png 18w, https:\/\/home.diakse.com\/wp-content\/uploads\/2021\/10\/Capture-decran-55.png 1366w\" sizes=\"(max-width: 300px) 100vw, 300px\" title=\"Showroom Philippe Hurel 2\" alt=\"Philippe Hurel\" \t\tclass=\"so-widget-image\"\/>\n\t<\/div>\n\n<\/div><\/div><div id=\"panel-4226-3-1-1\" class=\"so-panel widget widget_sow-editor panel-last-child\" data-index=\"5\" ><div\n\t\t\t\n\t\t\tclass=\"so-widget-sow-editor so-widget-sow-editor-base\"\n\t\t\t\n\t\t>\n<div class=\"siteorigin-widget-tinymce textwidget\">\n\t<h5 style=\"text-align: left;\">La Maison Philippe Hurel cr\u00e9e des meubles de haute qualit\u00e9, sa nouvelle collection inspir\u00e9e de la nature et ses \u00e9l\u00e9ments r\u00e9invent\u00e9s, est le r\u00e9sultat d\u2019une cr\u00e9ativit\u00e9 plurielle entre le studio de cr\u00e9ation de la Maison Philippe Hurel et plusieurs designers, anim\u00e9s par Terence Mesguich, directeur artistique : Pierre Gonalons, Anthony Guerr\u00e9e et Allen Kirsch.<\/h5>\n<\/div>\n<\/div><\/div><\/div><\/div><div id=\"pg-4226-4\"  class=\"panel-grid panel-no-style\" ><div id=\"pgc-4226-4-0\"  class=\"panel-grid-cell\" ><div id=\"panel-4226-4-0-0\" class=\"so-panel widget widget_sow-editor panel-first-child panel-last-child\" data-index=\"6\" ><div\n\t\t\t\n\t\t\tclass=\"so-widget-sow-editor so-widget-sow-editor-base\"\n\t\t\t\n\t\t>\n<div class=\"siteorigin-widget-tinymce textwidget\">\n\t<h1 style=\"text-align: center;\">3 414<\/h1>\n<h4 style=\"text-align: center;\">images retouch\u00e9es<\/h4>\n<\/div>\n<\/div><\/div><\/div><div id=\"pgc-4226-4-1\"  class=\"panel-grid-cell\" ><div id=\"panel-4226-4-1-0\" class=\"so-panel widget widget_sow-editor panel-first-child panel-last-child\" data-index=\"7\" ><div\n\t\t\t\n\t\t\tclass=\"so-widget-sow-editor so-widget-sow-editor-base\"\n\t\t\t\n\t\t>\n<div class=\"siteorigin-widget-tinymce textwidget\">\n\t<h1 style=\"text-align: center;\">3x<\/h1>\n<h4 style=\"text-align: center;\">plus de temps pass\u00e9 dans la boutique que si le site internet<\/h4>\n<\/div>\n<\/div><\/div><\/div><div id=\"pgc-4226-4-2\"  class=\"panel-grid-cell\" ><div id=\"panel-4226-4-2-0\" class=\"so-panel widget widget_sow-editor panel-first-child panel-last-child\" data-index=\"8\" ><div\n\t\t\t\n\t\t\tclass=\"so-widget-sow-editor so-widget-sow-editor-base\"\n\t\t\t\n\t\t>\n<div class=\"siteorigin-widget-tinymce textwidget\">\n\t<h1 style=\"text-align: center;\">100%<\/h1>\n<h4 style=\"text-align: center;\">de diff\u00e9renciation par rapport aux sites web concurrents<\/h4>\n<\/div>\n<\/div><\/div><\/div><\/div><div id=\"pg-4226-5\"  class=\"panel-grid panel-no-style\" ><div id=\"pgc-4226-5-0\"  class=\"panel-grid-cell\" ><div id=\"panel-4226-5-0-0\" class=\"so-panel widget widget_sow-headline panel-first-child panel-last-child\" data-index=\"9\" ><div\n\t\t\t\n\t\t\tclass=\"so-widget-sow-headline so-widget-sow-headline-default-ea0af4cf39ae-4226\"\n\t\t\t\n\t\t><div class=\"sow-headline-container \">\n\t\t\t\t\t\t\t<h1 class=\"sow-headline\">\n\t\t\t\t\t\tLe projet Philippe Hurel\t\t\t\t\t\t<\/h1>\n\t\t\t\t\t\t\t\t\t\t\t<div class=\"decoration\">\n\t\t\t\t\t\t<div class=\"decoration-inside\"><\/div>\n\t\t\t\t\t<\/div>\n\t\t\t\t\t<\/div>\n<\/div><\/div><\/div><\/div><div id=\"pg-4226-6\"  class=\"panel-grid panel-no-style\" ><div id=\"pgc-4226-6-0\"  class=\"panel-grid-cell\" ><div id=\"panel-4226-6-0-0\" class=\"so-panel widget widget_sow-editor panel-first-child panel-last-child\" data-index=\"10\" ><div\n\t\t\t\n\t\t\tclass=\"so-widget-sow-editor so-widget-sow-editor-base\"\n\t\t\t\n\t\t>\n<div class=\"siteorigin-widget-tinymce textwidget\">\n\t<h3 style=\"text-align: center;\"><strong>Contexte et objectifs <\/strong><\/h3>\n<p>Pour sa collection 2021, Philippe Hurel a confi\u00e9 \u00e0 Diakse le soin de concevoir un showroom virtuel \u00e0 l\u2019image de la Maison, qui t\u00e9moigne de l\u2019originalit\u00e9 de la collection de la Maison et aussi de ses savoir-faire d\u2019excellence. <a href=\"https:\/\/home.diakse.com\/fr_fr\/solutions\">La solution de Diakse<\/a> permet de voir les meubles de la Maison Philippe Hurel contextualis\u00e9s et agenc\u00e9s dans un espace v\u00e9ritablement inspirant et chaleureux.<\/p>\n<\/div>\n<\/div><\/div><\/div><div id=\"pgc-4226-6-1\"  class=\"panel-grid-cell\" ><div id=\"panel-4226-6-1-0\" class=\"so-panel widget widget_sow-editor panel-first-child panel-last-child\" data-index=\"11\" ><div\n\t\t\t\n\t\t\tclass=\"so-widget-sow-editor so-widget-sow-editor-base\"\n\t\t\t\n\t\t>\n<div class=\"siteorigin-widget-tinymce textwidget\">\n\t<h3 style=\"text-align: center;\"><strong>R\u00e9alisation <\/strong><\/h3>\n<p>Ce<a href=\"https:\/\/home.diakse.com\/fr_fr\/solutions\"> showroom virtuel 3D<\/a> a \u00e9t\u00e9 r\u00e9alis\u00e9 \u00e0 l\u2019image de la boutique parisienne Philippe Hurel, il s\u2019\u00e9tend sur deux \u00e9tages et permet de voir les meubles de la nouvelle collection dans une atmosph\u00e8re qui leur est propre. Vous pouvez \u00e9galement \u00eatre accompagn\u00e9 par un repr\u00e9sentant de la Maison en visio conf\u00e9rence dans le showroom virtuel.<\/p>\n<p>&nbsp;<\/p>\n<\/div>\n<\/div><\/div><\/div><div id=\"pgc-4226-6-2\"  class=\"panel-grid-cell\" ><div id=\"panel-4226-6-2-0\" class=\"so-panel widget widget_sow-editor panel-first-child panel-last-child\" data-index=\"12\" ><div\n\t\t\t\n\t\t\tclass=\"so-widget-sow-editor so-widget-sow-editor-base\"\n\t\t\t\n\t\t>\n<div class=\"siteorigin-widget-tinymce textwidget\">\n\t<h3 style=\"text-align: center;\"><strong>R\u00e9sultats <\/strong><\/h3>\n<p style=\"text-align: center;\">Exp\u00e9rience ultra r\u00e9aliste avec visualisation des produits contextualis\u00e9s,<\/p>\n<p style=\"text-align: center;\">Une exp\u00e9rience d'achat r\u00e9invent\u00e9e, originale et diff\u00e9renciante.<\/p>\n<\/div>\n<\/div><\/div><\/div><\/div><div id=\"pg-4226-7\"  class=\"panel-grid panel-no-style\" ><div id=\"pgc-4226-7-0\"  class=\"panel-grid-cell panel-grid-cell-empty\" ><\/div><div id=\"pgc-4226-7-1\"  class=\"panel-grid-cell panel-grid-cell-mobile-last\" ><div id=\"panel-4226-7-1-0\" class=\"so-panel widget widget_sow-button panel-first-child panel-last-child\" data-index=\"13\" ><div\n\t\t\t\n\t\t\tclass=\"so-widget-sow-button so-widget-sow-button-atom-ddfc18db71d7-4226\"\n\t\t\t\n\t\t><div class=\"ow-button-base ow-button-align-center\"\n>\n\t\t\t<a\n\t\t\t\t\thref=\"https:\/\/home.diakse.com\/contact\"\n\t\t\t\t\tclass=\"sowb-button ow-icon-placement-left ow-button-hover\" \t>\n\t\t<span>\n\t\t\t\n\t\t\t<div id=\"undevis\">OBTENIR UN DEVIS<\/div>\t\t<\/span>\n\t\t\t<\/a>\n\t<\/div>\n<\/div><\/div><\/div><div id=\"pgc-4226-7-2\"  class=\"panel-grid-cell panel-grid-cell-empty\" ><\/div><\/div><div id=\"pg-4226-8\"  class=\"panel-grid panel-no-style\" ><div id=\"pgc-4226-8-0\"  class=\"panel-grid-cell panel-grid-cell-empty\" ><\/div><div id=\"pgc-4226-8-1\"  class=\"panel-grid-cell panel-grid-cell-empty panel-grid-cell-mobile-last\" ><\/div><div id=\"pgc-4226-8-2\"  class=\"panel-grid-cell panel-grid-cell-empty\" ><\/div><\/div><\/div>","protected":false},"excerpt":{"rendered":"<p>Philippe Hurel : Montrez votre savoir-faire La Maison Philippe Hurel innove avec Diakse pour sa nouvelle collection. La Maison Philippe Hurel cr\u00e9e des meubles de haute qualit\u00e9, sa nouvelle collection inspir\u00e9e de la nature et ses \u00e9l\u00e9ments r\u00e9invent\u00e9s, est le r\u00e9sultat d\u2019une cr\u00e9ativit\u00e9 plurielle entre le studio de cr\u00e9ation de la Maison Philippe Hurel et <a href=\"https:\/\/home.diakse.com\/fr_fr\/cas-client-philippe-hurel\" rel=\"nofollow\"><span class=\"sr-only\">En savoir plus surPhilippe Hurel : Montrez votre savoir-faire<\/span>[&hellip;]<\/a><\/p>\n","protected":false},"author":1,"featured_media":4227,"parent":0,"menu_order":0,"comment_status":"closed","ping_status":"closed","template":"template-fullwidth-no-title.php","meta":{"_exactmetrics_skip_tracking":false,"_exactmetrics_sitenote_active":false,"_exactmetrics_sitenote_note":"","_exactmetrics_sitenote_category":0,"footnotes":""},"class_list":["post-4226","page","type-page","status-publish","has-post-thumbnail","hentry"],"yoast_head":"<!-- This site is optimized with the Yoast SEO plugin v27.3 - https:\/\/yoast.com\/product\/yoast-seo-wordpress\/ -->\n<title>Philippe Hurel : Montrez votre savoir-faire - Diakse<\/title>\n<meta name=\"description\" content=\"Comment Philippe Hurel innove en proposant un showroom virtuel avec des meubles contextualis\u00e9s et agenc\u00e9s dans un espace inspirant.\" \/>\n<meta name=\"robots\" content=\"index, follow, max-snippet:-1, max-image-preview:large, max-video-preview:-1\" \/>\n<link rel=\"canonical\" href=\"https:\/\/home.diakse.com\/fr_fr\/cas-client-philippe-hurel\/\" \/>\n<meta property=\"og:locale\" content=\"fr_FR\" \/>\n<meta property=\"og:type\" content=\"article\" \/>\n<meta property=\"og:title\" content=\"Philippe Hurel : Montrez votre savoir-faire - Diakse\" \/>\n<meta property=\"og:description\" content=\"Comment Philippe Hurel innove en proposant un showroom virtuel avec des meubles contextualis\u00e9s et agenc\u00e9s dans un espace inspirant.\" \/>\n<meta property=\"og:url\" content=\"https:\/\/home.diakse.com\/fr_fr\/cas-client-philippe-hurel\/\" \/>\n<meta property=\"og:site_name\" content=\"Diakse\" \/>\n<meta property=\"article:publisher\" content=\"https:\/\/www.facebook.com\/diakse\" \/>\n<meta property=\"article:modified_time\" content=\"2022-10-25T21:02:48+00:00\" \/>\n<meta property=\"og:image\" content=\"https:\/\/home.diakse.com\/wp-content\/uploads\/2021\/10\/Diapositive2.jpg\" \/>\n\t<meta property=\"og:image:width\" content=\"1148\" \/>\n\t<meta property=\"og:image:height\" content=\"720\" \/>\n\t<meta property=\"og:image:type\" content=\"image\/jpeg\" \/>\n<meta name=\"twitter:card\" content=\"summary_large_image\" \/>\n<meta name=\"twitter:site\" content=\"@Diakse_France\" \/>\n<meta name=\"twitter:label1\" content=\"Dur\u00e9e de lecture estim\u00e9e\" \/>\n\t<meta name=\"twitter:data1\" content=\"2 minutes\" \/>\n<script type=\"application\/ld+json\" class=\"yoast-schema-graph\">{\"@context\":\"https:\\\/\\\/schema.org\",\"@graph\":[{\"@type\":\"WebPage\",\"@id\":\"https:\\\/\\\/home.diakse.com\\\/cas-client-philippe-hurel\",\"url\":\"https:\\\/\\\/home.diakse.com\\\/cas-client-philippe-hurel\",\"name\":\"Philippe Hurel : Montrez votre savoir-faire - Diakse\",\"isPartOf\":{\"@id\":\"https:\\\/\\\/home.diakse.com\\\/fr_fr\\\/#website\"},\"primaryImageOfPage\":{\"@id\":\"https:\\\/\\\/home.diakse.com\\\/cas-client-philippe-hurel#primaryimage\"},\"image\":{\"@id\":\"https:\\\/\\\/home.diakse.com\\\/cas-client-philippe-hurel#primaryimage\"},\"thumbnailUrl\":\"https:\\\/\\\/home.diakse.com\\\/wp-content\\\/uploads\\\/2021\\\/10\\\/Diapositive2.jpg\",\"datePublished\":\"2021-10-13T09:08:19+00:00\",\"dateModified\":\"2022-10-25T21:02:48+00:00\",\"description\":\"Comment Philippe Hurel innove en proposant un showroom virtuel avec des meubles contextualis\u00e9s et agenc\u00e9s dans un espace inspirant.\",\"breadcrumb\":{\"@id\":\"https:\\\/\\\/home.diakse.com\\\/cas-client-philippe-hurel#breadcrumb\"},\"inLanguage\":\"fr-FR\",\"potentialAction\":[{\"@type\":\"ReadAction\",\"target\":[\"https:\\\/\\\/home.diakse.com\\\/cas-client-philippe-hurel\"]}]},{\"@type\":\"ImageObject\",\"inLanguage\":\"fr-FR\",\"@id\":\"https:\\\/\\\/home.diakse.com\\\/cas-client-philippe-hurel#primaryimage\",\"url\":\"https:\\\/\\\/home.diakse.com\\\/wp-content\\\/uploads\\\/2021\\\/10\\\/Diapositive2.jpg\",\"contentUrl\":\"https:\\\/\\\/home.diakse.com\\\/wp-content\\\/uploads\\\/2021\\\/10\\\/Diapositive2.jpg\",\"width\":1148,\"height\":720,\"caption\":\"showroom virtuel\"},{\"@type\":\"BreadcrumbList\",\"@id\":\"https:\\\/\\\/home.diakse.com\\\/cas-client-philippe-hurel#breadcrumb\",\"itemListElement\":[{\"@type\":\"ListItem\",\"position\":1,\"name\":\"Accueil\",\"item\":\"https:\\\/\\\/home.diakse.com\\\/fr_fr\\\/\"},{\"@type\":\"ListItem\",\"position\":2,\"name\":\"Philippe Hurel : Montrez votre savoir-faire\"}]},{\"@type\":\"WebSite\",\"@id\":\"https:\\\/\\\/home.diakse.com\\\/fr_fr\\\/#website\",\"url\":\"https:\\\/\\\/home.diakse.com\\\/fr_fr\\\/\",\"name\":\"Diakse\",\"description\":\"Virtual Shops - La solution de cr\u00e9ation de boutiques virtuelles\",\"publisher\":{\"@id\":\"https:\\\/\\\/home.diakse.com\\\/fr_fr\\\/#organization\"},\"potentialAction\":[{\"@type\":\"SearchAction\",\"target\":{\"@type\":\"EntryPoint\",\"urlTemplate\":\"https:\\\/\\\/home.diakse.com\\\/fr_fr\\\/?s={search_term_string}\"},\"query-input\":{\"@type\":\"PropertyValueSpecification\",\"valueRequired\":true,\"valueName\":\"search_term_string\"}}],\"inLanguage\":\"fr-FR\"},{\"@type\":\"Organization\",\"@id\":\"https:\\\/\\\/home.diakse.com\\\/fr_fr\\\/#organization\",\"name\":\"Diakse\",\"url\":\"https:\\\/\\\/home.diakse.com\\\/fr_fr\\\/\",\"logo\":{\"@type\":\"ImageObject\",\"inLanguage\":\"fr-FR\",\"@id\":\"https:\\\/\\\/home.diakse.com\\\/fr_fr\\\/#\\\/schema\\\/logo\\\/image\\\/\",\"url\":\"https:\\\/\\\/home.diakse.com\\\/wp-content\\\/uploads\\\/2018\\\/01\\\/Diakse-V-business-3.0-Blanc.jpg\",\"contentUrl\":\"https:\\\/\\\/home.diakse.com\\\/wp-content\\\/uploads\\\/2018\\\/01\\\/Diakse-V-business-3.0-Blanc.jpg\",\"width\":1000,\"height\":440,\"caption\":\"Diakse\"},\"image\":{\"@id\":\"https:\\\/\\\/home.diakse.com\\\/fr_fr\\\/#\\\/schema\\\/logo\\\/image\\\/\"},\"sameAs\":[\"https:\\\/\\\/www.facebook.com\\\/diakse\",\"https:\\\/\\\/x.com\\\/Diakse_France\",\"https:\\\/\\\/www.instagram.com\\\/diakse.france\\\/\",\"https:\\\/\\\/www.linkedin.com\\\/company\\\/diakse\",\"https:\\\/\\\/www.youtube.com\\\/channel\\\/UCbymWs9j6MjXmcYDcU-LVJA\"]}]}<\/script>\n<!-- \/ Yoast SEO plugin. -->","yoast_head_json":{"title":"Philippe Hurel : Montrez votre savoir-faire - Diakse","description":"Comment Philippe Hurel innove en proposant un showroom virtuel avec des meubles contextualis\u00e9s et agenc\u00e9s dans un espace inspirant.","robots":{"index":"index","follow":"follow","max-snippet":"max-snippet:-1","max-image-preview":"max-image-preview:large","max-video-preview":"max-video-preview:-1"},"canonical":"https:\/\/home.diakse.com\/fr_fr\/cas-client-philippe-hurel\/","og_locale":"fr_FR","og_type":"article","og_title":"Philippe Hurel : Montrez votre savoir-faire - Diakse","og_description":"Comment Philippe Hurel innove en proposant un showroom virtuel avec des meubles contextualis\u00e9s et agenc\u00e9s dans un espace inspirant.","og_url":"https:\/\/home.diakse.com\/fr_fr\/cas-client-philippe-hurel\/","og_site_name":"Diakse","article_publisher":"https:\/\/www.facebook.com\/diakse","article_modified_time":"2022-10-25T21:02:48+00:00","og_image":[{"width":1148,"height":720,"url":"https:\/\/home.diakse.com\/wp-content\/uploads\/2021\/10\/Diapositive2.jpg","type":"image\/jpeg"}],"twitter_card":"summary_large_image","twitter_site":"@Diakse_France","twitter_misc":{"Dur\u00e9e de lecture estim\u00e9e":"2 minutes"},"schema":{"@context":"https:\/\/schema.org","@graph":[{"@type":"WebPage","@id":"https:\/\/home.diakse.com\/cas-client-philippe-hurel","url":"https:\/\/home.diakse.com\/cas-client-philippe-hurel","name":"Philippe Hurel : Montrez votre savoir-faire - Diakse","isPartOf":{"@id":"https:\/\/home.diakse.com\/fr_fr\/#website"},"primaryImageOfPage":{"@id":"https:\/\/home.diakse.com\/cas-client-philippe-hurel#primaryimage"},"image":{"@id":"https:\/\/home.diakse.com\/cas-client-philippe-hurel#primaryimage"},"thumbnailUrl":"https:\/\/home.diakse.com\/wp-content\/uploads\/2021\/10\/Diapositive2.jpg","datePublished":"2021-10-13T09:08:19+00:00","dateModified":"2022-10-25T21:02:48+00:00","description":"Comment Philippe Hurel innove en proposant un showroom virtuel avec des meubles contextualis\u00e9s et agenc\u00e9s dans un espace inspirant.","breadcrumb":{"@id":"https:\/\/home.diakse.com\/cas-client-philippe-hurel#breadcrumb"},"inLanguage":"fr-FR","potentialAction":[{"@type":"ReadAction","target":["https:\/\/home.diakse.com\/cas-client-philippe-hurel"]}]},{"@type":"ImageObject","inLanguage":"fr-FR","@id":"https:\/\/home.diakse.com\/cas-client-philippe-hurel#primaryimage","url":"https:\/\/home.diakse.com\/wp-content\/uploads\/2021\/10\/Diapositive2.jpg","contentUrl":"https:\/\/home.diakse.com\/wp-content\/uploads\/2021\/10\/Diapositive2.jpg","width":1148,"height":720,"caption":"showroom virtuel"},{"@type":"BreadcrumbList","@id":"https:\/\/home.diakse.com\/cas-client-philippe-hurel#breadcrumb","itemListElement":[{"@type":"ListItem","position":1,"name":"Accueil","item":"https:\/\/home.diakse.com\/fr_fr\/"},{"@type":"ListItem","position":2,"name":"Philippe Hurel : Montrez votre savoir-faire"}]},{"@type":"WebSite","@id":"https:\/\/home.diakse.com\/fr_fr\/#website","url":"https:\/\/home.diakse.com\/fr_fr\/","name":"Diakse","description":"Virtual Shops - La solution de cr\u00e9ation de boutiques virtuelles","publisher":{"@id":"https:\/\/home.diakse.com\/fr_fr\/#organization"},"potentialAction":[{"@type":"SearchAction","target":{"@type":"EntryPoint","urlTemplate":"https:\/\/home.diakse.com\/fr_fr\/?s={search_term_string}"},"query-input":{"@type":"PropertyValueSpecification","valueRequired":true,"valueName":"search_term_string"}}],"inLanguage":"fr-FR"},{"@type":"Organization","@id":"https:\/\/home.diakse.com\/fr_fr\/#organization","name":"Diakse","url":"https:\/\/home.diakse.com\/fr_fr\/","logo":{"@type":"ImageObject","inLanguage":"fr-FR","@id":"https:\/\/home.diakse.com\/fr_fr\/#\/schema\/logo\/image\/","url":"https:\/\/home.diakse.com\/wp-content\/uploads\/2018\/01\/Diakse-V-business-3.0-Blanc.jpg","contentUrl":"https:\/\/home.diakse.com\/wp-content\/uploads\/2018\/01\/Diakse-V-business-3.0-Blanc.jpg","width":1000,"height":440,"caption":"Diakse"},"image":{"@id":"https:\/\/home.diakse.com\/fr_fr\/#\/schema\/logo\/image\/"},"sameAs":["https:\/\/www.facebook.com\/diakse","https:\/\/x.com\/Diakse_France","https:\/\/www.instagram.com\/diakse.france\/","https:\/\/www.linkedin.com\/company\/diakse","https:\/\/www.youtube.com\/channel\/UCbymWs9j6MjXmcYDcU-LVJA"]}]}},"_links":{"self":[{"href":"https:\/\/home.diakse.com\/fr_fr\/wp-json\/wp\/v2\/pages\/4226","targetHints":{"allow":["GET"]}}],"collection":[{"href":"https:\/\/home.diakse.com\/fr_fr\/wp-json\/wp\/v2\/pages"}],"about":[{"href":"https:\/\/home.diakse.com\/fr_fr\/wp-json\/wp\/v2\/types\/page"}],"author":[{"embeddable":true,"href":"https:\/\/home.diakse.com\/fr_fr\/wp-json\/wp\/v2\/users\/1"}],"replies":[{"embeddable":true,"href":"https:\/\/home.diakse.com\/fr_fr\/wp-json\/wp\/v2\/comments?post=4226"}],"version-history":[{"count":24,"href":"https:\/\/home.diakse.com\/fr_fr\/wp-json\/wp\/v2\/pages\/4226\/revisions"}],"predecessor-version":[{"id":5196,"href":"https:\/\/home.diakse.com\/fr_fr\/wp-json\/wp\/v2\/pages\/4226\/revisions\/5196"}],"wp:featuredmedia":[{"embeddable":true,"href":"https:\/\/home.diakse.com\/fr_fr\/wp-json\/wp\/v2\/media\/4227"}],"wp:attachment":[{"href":"https:\/\/home.diakse.com\/fr_fr\/wp-json\/wp\/v2\/media?parent=4226"}],"curies":[{"name":"wp","href":"https:\/\/api.w.org\/{rel}","templated":true}]}}