{"id":4645,"date":"2022-03-16T16:07:18","date_gmt":"2022-03-16T16:07:18","guid":{"rendered":"https:\/\/home.diakse.com\/?page_id=4645"},"modified":"2022-10-25T20:57:59","modified_gmt":"2022-10-25T20:57:59","slug":"cas-client-mathilde-m","status":"publish","type":"page","link":"https:\/\/home.diakse.com\/fr_fr\/cas-client-mathilde-m","title":{"rendered":"Mathilde M : Les showrooms virtuels BtoB et BtoC sous un m\u00eame toit"},"content":{"rendered":"<div id=\"pl-4645\"  class=\"panel-layout\" ><div id=\"pg-4645-0\"  class=\"panel-grid panel-no-style\" ><div id=\"pgc-4645-0-0\"  class=\"panel-grid-cell\" ><div id=\"panel-4645-0-0-0\" class=\"so-panel widget widget_sow-image panel-first-child panel-last-child\" data-index=\"0\" ><div\n\t\t\t\n\t\t\tclass=\"so-widget-sow-image so-widget-sow-image-default-a258e6bfa2d8-4645\"\n\t\t\t\n\t\t>\n<div class=\"sow-image-container\">\n\t\t\t<a href=\"https:\/\/www.youtube.com\/watch?v=x_xZeZXHOWc\"\n\t\t\ttarget=\"_blank\" rel=\"noopener noreferrer\" \t\t>\n\t\t\t<img fetchpriority=\"high\" \n\tsrc=\"https:\/\/home.diakse.com\/wp-content\/uploads\/2022\/03\/Image-article-mm.jpg\" width=\"605\" height=\"340\" srcset=\"https:\/\/home.diakse.com\/wp-content\/uploads\/2022\/03\/Image-article-mm.jpg 605w, https:\/\/home.diakse.com\/wp-content\/uploads\/2022\/03\/Image-article-mm-300x169.jpg 300w, https:\/\/home.diakse.com\/wp-content\/uploads\/2022\/03\/Image-article-mm-18x10.jpg 18w\" sizes=\"(max-width: 605px) 100vw, 605px\" title=\"Mathilde M\" alt=\"Audrey Alexandre\" \t\tclass=\"so-widget-image\"\/>\n\t\t\t<\/a><\/div>\n\n<\/div><\/div><\/div><\/div><div id=\"pg-4645-1\"  class=\"panel-grid panel-no-style\" ><div id=\"pgc-4645-1-0\"  class=\"panel-grid-cell\" ><div id=\"panel-4645-1-0-0\" class=\"so-panel widget widget_sow-headline panel-first-child panel-last-child\" data-index=\"1\" ><div\n\t\t\t\n\t\t\tclass=\"so-widget-sow-headline so-widget-sow-headline-default-ea0af4cf39ae-4645\"\n\t\t\t\n\t\t><div class=\"sow-headline-container \">\n\t\t\t\t\t\t\t<h1 class=\"sow-headline\">\n\t\t\t\t\t\tMathilde M : Les showrooms virtuels BtoB et BtoC sous un m\u00eame toit\t\t\t\t\t\t<\/h1>\n\t\t\t\t\t\t\t\t\t\t\t<div class=\"decoration\">\n\t\t\t\t\t\t<div class=\"decoration-inside\"><\/div>\n\t\t\t\t\t<\/div>\n\t\t\t\t\t<\/div>\n<\/div><\/div><\/div><\/div><div id=\"pg-4645-2\"  class=\"panel-grid panel-no-style\" ><div id=\"pgc-4645-2-0\"  class=\"panel-grid-cell\" ><div id=\"panel-4645-2-0-0\" class=\"so-panel widget widget_sow-editor panel-first-child panel-last-child\" data-index=\"2\" ><div\n\t\t\t\n\t\t\tclass=\"so-widget-sow-editor so-widget-sow-editor-base\"\n\t\t\t\n\t\t>\n<div class=\"siteorigin-widget-tinymce textwidget\">\n\t<h3 style=\"text-align: center;\"><em>Donner l\u2019outil ultime de prospection \u00e0 l\u2019international pour vos agents et commerciaux de terrain\u00a0: le showroom virtuel.<\/em><\/h3>\n<\/div>\n<\/div><\/div><\/div><\/div><div id=\"pg-4645-3\"  class=\"panel-grid panel-no-style\" ><div id=\"pgc-4645-3-0\"  class=\"panel-grid-cell\" ><div id=\"panel-4645-3-0-0\" class=\"so-panel widget widget_sow-image panel-first-child panel-last-child\" data-index=\"3\" ><div\n\t\t\t\n\t\t\tclass=\"so-widget-sow-image so-widget-sow-image-default-c67d20f9f743-4645\"\n\t\t\t\n\t\t>\n<div class=\"sow-image-container\">\n\t\t<img \n\tsrc=\"https:\/\/home.diakse.com\/wp-content\/uploads\/2022\/03\/Capture-decran-115-1024x576.png\" width=\"640\" height=\"360\" srcset=\"https:\/\/home.diakse.com\/wp-content\/uploads\/2022\/03\/Capture-decran-115-1024x576.png 1024w, https:\/\/home.diakse.com\/wp-content\/uploads\/2022\/03\/Capture-decran-115-300x169.png 300w, https:\/\/home.diakse.com\/wp-content\/uploads\/2022\/03\/Capture-decran-115-768x432.png 768w, https:\/\/home.diakse.com\/wp-content\/uploads\/2022\/03\/Capture-decran-115-18x10.png 18w, https:\/\/home.diakse.com\/wp-content\/uploads\/2022\/03\/Capture-decran-115.png 1366w\" sizes=\"(max-width: 640px) 100vw, 640px\" title=\"Mathilde M\" alt=\"\" \t\tclass=\"so-widget-image\"\/>\n\t<\/div>\n\n<\/div><\/div><\/div><div id=\"pgc-4645-3-1\"  class=\"panel-grid-cell\" ><div id=\"panel-4645-3-1-0\" class=\"so-panel widget widget_sow-image panel-first-child\" data-index=\"4\" ><div\n\t\t\t\n\t\t\tclass=\"so-widget-sow-image so-widget-sow-image-default-c67d20f9f743-4645\"\n\t\t\t\n\t\t>\n<div class=\"sow-image-container\">\n\t\t<img \n\tsrc=\"https:\/\/home.diakse.com\/wp-content\/uploads\/2022\/03\/Capture-decran-117-300x169.png\" width=\"300\" height=\"169\" srcset=\"https:\/\/home.diakse.com\/wp-content\/uploads\/2022\/03\/Capture-decran-117-300x169.png 300w, https:\/\/home.diakse.com\/wp-content\/uploads\/2022\/03\/Capture-decran-117-1024x576.png 1024w, https:\/\/home.diakse.com\/wp-content\/uploads\/2022\/03\/Capture-decran-117-768x432.png 768w, https:\/\/home.diakse.com\/wp-content\/uploads\/2022\/03\/Capture-decran-117-18x10.png 18w, https:\/\/home.diakse.com\/wp-content\/uploads\/2022\/03\/Capture-decran-117.png 1366w\" sizes=\"(max-width: 300px) 100vw, 300px\" title=\"Mathilde M\" alt=\"Mathilde M\" \t\tclass=\"so-widget-image\"\/>\n\t<\/div>\n\n<\/div><\/div><div id=\"panel-4645-3-1-1\" class=\"so-panel widget widget_sow-editor panel-last-child\" data-index=\"5\" ><div\n\t\t\t\n\t\t\tclass=\"so-widget-sow-editor so-widget-sow-editor-base\"\n\t\t\t\n\t\t>\n<div class=\"siteorigin-widget-tinymce textwidget\">\n\t<h5 style=\"text-align: left;\">Fini les catalogues papier et autre IPad r\u00e9barbatifs pour vos commandes. Nos logiciels permettent de doter votre flotte de commerciaux d\u2019un outil moderne pour les aider \u00e0 vendre.<\/h5>\n<p>Profitez d'une<a href=\"https:\/\/home.diakse.com\/fr_fr\/solutions\"> visite virtuelle showroom<\/a><\/p>\n<\/div>\n<\/div><\/div><\/div><\/div><div id=\"pg-4645-4\"  class=\"panel-grid panel-no-style\" ><div id=\"pgc-4645-4-0\"  class=\"panel-grid-cell\" ><div id=\"panel-4645-4-0-0\" class=\"so-panel widget widget_sow-editor panel-first-child panel-last-child\" data-index=\"6\" ><div\n\t\t\t\n\t\t\tclass=\"so-widget-sow-editor so-widget-sow-editor-base\"\n\t\t\t\n\t\t>\n<div class=\"siteorigin-widget-tinymce textwidget\">\n\t<h1 style=\"text-align: center;\">27<\/h1>\n<h4 style=\"text-align: center;\">agents et commerciaux \u00e0 utiliser le showroom<\/h4>\n<\/div>\n<\/div><\/div><\/div><div id=\"pgc-4645-4-1\"  class=\"panel-grid-cell\" ><div id=\"panel-4645-4-1-0\" class=\"so-panel widget widget_sow-editor panel-first-child panel-last-child\" data-index=\"7\" ><div\n\t\t\t\n\t\t\tclass=\"so-widget-sow-editor so-widget-sow-editor-base\"\n\t\t\t\n\t\t>\n<div class=\"siteorigin-widget-tinymce textwidget\">\n\t<h1 style=\"text-align: center;\">3<\/h1>\n<h4 style=\"text-align: center;\">c\u2019est d\u00e9j\u00e0 la 3<sup>\u00e8me<\/sup> saison o\u00f9 nous pr\u00e9sentons cette collection en virtuel<\/h4>\n<\/div>\n<\/div><\/div><\/div><div id=\"pgc-4645-4-2\"  class=\"panel-grid-cell\" ><div id=\"panel-4645-4-2-0\" class=\"so-panel widget widget_sow-editor panel-first-child panel-last-child\" data-index=\"8\" ><div\n\t\t\t\n\t\t\tclass=\"so-widget-sow-editor so-widget-sow-editor-base\"\n\t\t\t\n\t\t>\n<div class=\"siteorigin-widget-tinymce textwidget\">\n\t<h1 style=\"text-align: center;\">1008<\/h1>\n<h4 style=\"text-align: center;\">nombre de produits pr\u00e9sent\u00e9s<\/h4>\n<\/div>\n<\/div><\/div><\/div><\/div><div id=\"pg-4645-5\"  class=\"panel-grid panel-no-style\" ><div id=\"pgc-4645-5-0\"  class=\"panel-grid-cell\" ><div id=\"panel-4645-5-0-0\" class=\"so-panel widget widget_sow-headline panel-first-child panel-last-child\" data-index=\"9\" ><div\n\t\t\t\n\t\t\tclass=\"so-widget-sow-headline so-widget-sow-headline-default-ea0af4cf39ae-4645\"\n\t\t\t\n\t\t><div class=\"sow-headline-container \">\n\t\t\t\t\t\t\t<h1 class=\"sow-headline\">\n\t\t\t\t\t\tLe projet Mathilde M\t\t\t\t\t\t<\/h1>\n\t\t\t\t\t\t\t\t\t\t\t<div class=\"decoration\">\n\t\t\t\t\t\t<div class=\"decoration-inside\"><\/div>\n\t\t\t\t\t<\/div>\n\t\t\t\t\t<\/div>\n<\/div><\/div><\/div><\/div><div id=\"pg-4645-6\"  class=\"panel-grid panel-no-style\" ><div id=\"pgc-4645-6-0\"  class=\"panel-grid-cell\" ><div id=\"panel-4645-6-0-0\" class=\"so-panel widget widget_sow-editor panel-first-child panel-last-child\" data-index=\"10\" ><div\n\t\t\t\n\t\t\tclass=\"so-widget-sow-editor so-widget-sow-editor-base\"\n\t\t\t\n\t\t>\n<div class=\"siteorigin-widget-tinymce textwidget\">\n\t<h3 style=\"text-align: center;\"><strong>Contexte et objectifs <\/strong><\/h3>\n<p><a href=\"https:\/\/home.diakse.com\/fr_fr\/solutions\">La solution de Diakse<\/a> permet une contextualisation du showroom tout en faisant vivre \u00e0 vos clients et prospects une exp\u00e9rience immersive et digitale. Donnez leur envie de d\u00e9couvrir vos produits en d\u2019en savoir plus au moyens de nos showrooms virtuels. Mathilde M l\u2019a bien compris, c\u2019est d\u00e9j\u00e0 la troisi\u00e8me saison o\u00f9 nous pr\u00e9sentons cette collection dans un showroom virtuel.<\/p>\n<\/div>\n<\/div><\/div><\/div><div id=\"pgc-4645-6-1\"  class=\"panel-grid-cell\" ><div id=\"panel-4645-6-1-0\" class=\"so-panel widget widget_sow-editor panel-first-child panel-last-child\" data-index=\"11\" ><div\n\t\t\t\n\t\t\tclass=\"so-widget-sow-editor so-widget-sow-editor-base\"\n\t\t\t\n\t\t>\n<div class=\"siteorigin-widget-tinymce textwidget\">\n\t<h3 style=\"text-align: center;\"><strong>R\u00e9alisation <\/strong><\/h3>\n<p>Les fonctionnalit\u00e9s de rayonnage reli\u00e9es \u00e0 votre ERP compl\u00e8tent id\u00e9alement le showroom et leur permettent de g\u00e9n\u00e9rer en direct des devis et commandes ou piloter le r\u00e9approvisionnement des boutiques et magasins. Cette nouvelle technologie adopt\u00e9e par les plus grandes marques permet \u00e9galement la standardisation de vos merchandising et le respect par votre r\u00e9seau de boutiques de vos recommandations de mise en situation.<\/p>\n<p><strong>Plus besoin de se d\u00e9placer \u00e0 l\u2019international<\/strong>\u00a0: votre showroom virtuel qui est d\u00e9sormais accessible sur internet par login et mot de passe s\u00e9curis\u00e9 peut \u00e9galement vous servir pour <strong>prospecter en Visio<\/strong> et inviter directement vos clients au sein de votre showroom.<\/p>\n<p>&nbsp;<\/p>\n<\/div>\n<\/div><\/div><\/div><div id=\"pgc-4645-6-2\"  class=\"panel-grid-cell\" ><div id=\"panel-4645-6-2-0\" class=\"so-panel widget widget_sow-editor panel-first-child panel-last-child\" data-index=\"12\" ><div\n\t\t\t\n\t\t\tclass=\"so-widget-sow-editor so-widget-sow-editor-base\"\n\t\t\t\n\t\t>\n<div class=\"siteorigin-widget-tinymce textwidget\">\n\t<h3 style=\"text-align: center;\"><strong>R\u00e9sultats <\/strong><\/h3>\n<p style=\"text-align: center;\">Visualisation en 3D des produits contextualis\u00e9s,<\/p>\n<p style=\"text-align: center;\">Une exp\u00e9rience d'achat r\u00e9invent\u00e9e, originale et diff\u00e9renciante.<\/p>\n<\/div>\n<\/div><\/div><\/div><\/div><div id=\"pg-4645-7\"  class=\"panel-grid panel-no-style\" ><div id=\"pgc-4645-7-0\"  class=\"panel-grid-cell panel-grid-cell-empty\" ><\/div><div id=\"pgc-4645-7-1\"  class=\"panel-grid-cell panel-grid-cell-mobile-last\" ><div id=\"panel-4645-7-1-0\" class=\"so-panel widget widget_sow-button panel-first-child panel-last-child\" data-index=\"13\" ><div\n\t\t\t\n\t\t\tclass=\"so-widget-sow-button so-widget-sow-button-atom-ddfc18db71d7-4645\"\n\t\t\t\n\t\t><div class=\"ow-button-base ow-button-align-center\"\n>\n\t\t\t<a\n\t\t\t\t\thref=\"https:\/\/home.diakse.com\/contact\"\n\t\t\t\t\tclass=\"sowb-button ow-icon-placement-left ow-button-hover\" \t>\n\t\t<span>\n\t\t\t\n\t\t\t<div id=\"undevis\">OBTENIR UN DEVIS<\/div>\t\t<\/span>\n\t\t\t<\/a>\n\t<\/div>\n<\/div><\/div><\/div><div id=\"pgc-4645-7-2\"  class=\"panel-grid-cell panel-grid-cell-empty\" ><\/div><\/div><div id=\"pg-4645-8\"  class=\"panel-grid panel-no-style\" ><div id=\"pgc-4645-8-0\"  class=\"panel-grid-cell panel-grid-cell-empty\" ><\/div><div id=\"pgc-4645-8-1\"  class=\"panel-grid-cell panel-grid-cell-empty panel-grid-cell-mobile-last\" ><\/div><div id=\"pgc-4645-8-2\"  class=\"panel-grid-cell panel-grid-cell-empty\" ><\/div><\/div><\/div>","protected":false},"excerpt":{"rendered":"<p>Mathilde M : Les showrooms virtuels BtoB et BtoC sous un m\u00eame toit Donner l\u2019outil ultime de prospection \u00e0 l\u2019international pour vos agents et commerciaux de terrain\u00a0: le showroom virtuel. Fini les catalogues papier et autre IPad r\u00e9barbatifs pour vos commandes. Nos logiciels permettent de doter votre flotte de commerciaux d\u2019un outil moderne pour les <a href=\"https:\/\/home.diakse.com\/fr_fr\/cas-client-mathilde-m\" rel=\"nofollow\"><span class=\"sr-only\">En savoir plus surMathilde M : Les showrooms virtuels BtoB et BtoC sous un m\u00eame toit<\/span>[&hellip;]<\/a><\/p>\n","protected":false},"author":1,"featured_media":0,"parent":0,"menu_order":0,"comment_status":"closed","ping_status":"closed","template":"template-fullwidth-no-title.php","meta":{"_exactmetrics_skip_tracking":false,"_exactmetrics_sitenote_active":false,"_exactmetrics_sitenote_note":"","_exactmetrics_sitenote_category":0,"footnotes":""},"class_list":["post-4645","page","type-page","status-publish","hentry"],"yoast_head":"<!-- This site is optimized with the Yoast SEO plugin v27.3 - https:\/\/yoast.com\/product\/yoast-seo-wordpress\/ -->\n<title>Mathilde M : Les showrooms virtuels BtoB et BtoC sous un m\u00eame toit<\/title>\n<meta name=\"description\" content=\"Comment Mathilde M propose \u00e0 ses clients une exp\u00e9rience de shopping immersive. Ainsi qu&#039;\u00e0 ses prospects avec un syst\u00e8me de visio.\" \/>\n<meta name=\"robots\" content=\"index, follow, max-snippet:-1, max-image-preview:large, max-video-preview:-1\" \/>\n<link rel=\"canonical\" href=\"https:\/\/home.diakse.com\/fr_fr\/cas-client-mathilde-m\/\" \/>\n<meta property=\"og:locale\" content=\"fr_FR\" \/>\n<meta property=\"og:type\" content=\"article\" \/>\n<meta property=\"og:title\" content=\"Mathilde M : Les showrooms virtuels BtoB et BtoC sous un m\u00eame toit\" \/>\n<meta property=\"og:description\" content=\"Comment Mathilde M propose \u00e0 ses clients une exp\u00e9rience de shopping immersive. Ainsi qu&#039;\u00e0 ses prospects avec un syst\u00e8me de visio.\" \/>\n<meta property=\"og:url\" content=\"https:\/\/home.diakse.com\/fr_fr\/cas-client-mathilde-m\/\" \/>\n<meta property=\"og:site_name\" content=\"Diakse\" \/>\n<meta property=\"article:publisher\" content=\"https:\/\/www.facebook.com\/diakse\" \/>\n<meta property=\"article:modified_time\" content=\"2022-10-25T20:57:59+00:00\" \/>\n<meta name=\"twitter:card\" content=\"summary_large_image\" \/>\n<meta name=\"twitter:site\" content=\"@Diakse_France\" \/>\n<meta name=\"twitter:label1\" content=\"Dur\u00e9e de lecture estim\u00e9e\" \/>\n\t<meta name=\"twitter:data1\" content=\"2 minutes\" \/>\n<script type=\"application\/ld+json\" class=\"yoast-schema-graph\">{\"@context\":\"https:\\\/\\\/schema.org\",\"@graph\":[{\"@type\":\"WebPage\",\"@id\":\"https:\\\/\\\/home.diakse.com\\\/cas-client-mathilde-m\",\"url\":\"https:\\\/\\\/home.diakse.com\\\/cas-client-mathilde-m\",\"name\":\"Mathilde M : Les showrooms virtuels BtoB et BtoC sous un m\u00eame toit\",\"isPartOf\":{\"@id\":\"https:\\\/\\\/home.diakse.com\\\/fr_fr\\\/#website\"},\"datePublished\":\"2022-03-16T16:07:18+00:00\",\"dateModified\":\"2022-10-25T20:57:59+00:00\",\"description\":\"Comment Mathilde M propose \u00e0 ses clients une exp\u00e9rience de shopping immersive. Ainsi qu'\u00e0 ses prospects avec un syst\u00e8me de visio.\",\"breadcrumb\":{\"@id\":\"https:\\\/\\\/home.diakse.com\\\/cas-client-mathilde-m#breadcrumb\"},\"inLanguage\":\"fr-FR\",\"potentialAction\":[{\"@type\":\"ReadAction\",\"target\":[\"https:\\\/\\\/home.diakse.com\\\/cas-client-mathilde-m\"]}]},{\"@type\":\"BreadcrumbList\",\"@id\":\"https:\\\/\\\/home.diakse.com\\\/cas-client-mathilde-m#breadcrumb\",\"itemListElement\":[{\"@type\":\"ListItem\",\"position\":1,\"name\":\"Accueil\",\"item\":\"https:\\\/\\\/home.diakse.com\\\/fr_fr\\\/\"},{\"@type\":\"ListItem\",\"position\":2,\"name\":\"Mathilde M : Les showrooms virtuels BtoB et BtoC sous un m\u00eame toit\"}]},{\"@type\":\"WebSite\",\"@id\":\"https:\\\/\\\/home.diakse.com\\\/fr_fr\\\/#website\",\"url\":\"https:\\\/\\\/home.diakse.com\\\/fr_fr\\\/\",\"name\":\"Diakse\",\"description\":\"Virtual Shops - La solution de cr\u00e9ation de boutiques virtuelles\",\"publisher\":{\"@id\":\"https:\\\/\\\/home.diakse.com\\\/fr_fr\\\/#organization\"},\"potentialAction\":[{\"@type\":\"SearchAction\",\"target\":{\"@type\":\"EntryPoint\",\"urlTemplate\":\"https:\\\/\\\/home.diakse.com\\\/fr_fr\\\/?s={search_term_string}\"},\"query-input\":{\"@type\":\"PropertyValueSpecification\",\"valueRequired\":true,\"valueName\":\"search_term_string\"}}],\"inLanguage\":\"fr-FR\"},{\"@type\":\"Organization\",\"@id\":\"https:\\\/\\\/home.diakse.com\\\/fr_fr\\\/#organization\",\"name\":\"Diakse\",\"url\":\"https:\\\/\\\/home.diakse.com\\\/fr_fr\\\/\",\"logo\":{\"@type\":\"ImageObject\",\"inLanguage\":\"fr-FR\",\"@id\":\"https:\\\/\\\/home.diakse.com\\\/fr_fr\\\/#\\\/schema\\\/logo\\\/image\\\/\",\"url\":\"https:\\\/\\\/home.diakse.com\\\/wp-content\\\/uploads\\\/2018\\\/01\\\/Diakse-V-business-3.0-Blanc.jpg\",\"contentUrl\":\"https:\\\/\\\/home.diakse.com\\\/wp-content\\\/uploads\\\/2018\\\/01\\\/Diakse-V-business-3.0-Blanc.jpg\",\"width\":1000,\"height\":440,\"caption\":\"Diakse\"},\"image\":{\"@id\":\"https:\\\/\\\/home.diakse.com\\\/fr_fr\\\/#\\\/schema\\\/logo\\\/image\\\/\"},\"sameAs\":[\"https:\\\/\\\/www.facebook.com\\\/diakse\",\"https:\\\/\\\/x.com\\\/Diakse_France\",\"https:\\\/\\\/www.instagram.com\\\/diakse.france\\\/\",\"https:\\\/\\\/www.linkedin.com\\\/company\\\/diakse\",\"https:\\\/\\\/www.youtube.com\\\/channel\\\/UCbymWs9j6MjXmcYDcU-LVJA\"]}]}<\/script>\n<!-- \/ Yoast SEO plugin. -->","yoast_head_json":{"title":"Mathilde M : Les showrooms virtuels BtoB et BtoC sous un m\u00eame toit","description":"Comment Mathilde M propose \u00e0 ses clients une exp\u00e9rience de shopping immersive. Ainsi qu'\u00e0 ses prospects avec un syst\u00e8me de visio.","robots":{"index":"index","follow":"follow","max-snippet":"max-snippet:-1","max-image-preview":"max-image-preview:large","max-video-preview":"max-video-preview:-1"},"canonical":"https:\/\/home.diakse.com\/fr_fr\/cas-client-mathilde-m\/","og_locale":"fr_FR","og_type":"article","og_title":"Mathilde M : Les showrooms virtuels BtoB et BtoC sous un m\u00eame toit","og_description":"Comment Mathilde M propose \u00e0 ses clients une exp\u00e9rience de shopping immersive. Ainsi qu'\u00e0 ses prospects avec un syst\u00e8me de visio.","og_url":"https:\/\/home.diakse.com\/fr_fr\/cas-client-mathilde-m\/","og_site_name":"Diakse","article_publisher":"https:\/\/www.facebook.com\/diakse","article_modified_time":"2022-10-25T20:57:59+00:00","twitter_card":"summary_large_image","twitter_site":"@Diakse_France","twitter_misc":{"Dur\u00e9e de lecture estim\u00e9e":"2 minutes"},"schema":{"@context":"https:\/\/schema.org","@graph":[{"@type":"WebPage","@id":"https:\/\/home.diakse.com\/cas-client-mathilde-m","url":"https:\/\/home.diakse.com\/cas-client-mathilde-m","name":"Mathilde M : Les showrooms virtuels BtoB et BtoC sous un m\u00eame toit","isPartOf":{"@id":"https:\/\/home.diakse.com\/fr_fr\/#website"},"datePublished":"2022-03-16T16:07:18+00:00","dateModified":"2022-10-25T20:57:59+00:00","description":"Comment Mathilde M propose \u00e0 ses clients une exp\u00e9rience de shopping immersive. Ainsi qu'\u00e0 ses prospects avec un syst\u00e8me de visio.","breadcrumb":{"@id":"https:\/\/home.diakse.com\/cas-client-mathilde-m#breadcrumb"},"inLanguage":"fr-FR","potentialAction":[{"@type":"ReadAction","target":["https:\/\/home.diakse.com\/cas-client-mathilde-m"]}]},{"@type":"BreadcrumbList","@id":"https:\/\/home.diakse.com\/cas-client-mathilde-m#breadcrumb","itemListElement":[{"@type":"ListItem","position":1,"name":"Accueil","item":"https:\/\/home.diakse.com\/fr_fr\/"},{"@type":"ListItem","position":2,"name":"Mathilde M : Les showrooms virtuels BtoB et BtoC sous un m\u00eame toit"}]},{"@type":"WebSite","@id":"https:\/\/home.diakse.com\/fr_fr\/#website","url":"https:\/\/home.diakse.com\/fr_fr\/","name":"Diakse","description":"Virtual Shops - La solution de cr\u00e9ation de boutiques virtuelles","publisher":{"@id":"https:\/\/home.diakse.com\/fr_fr\/#organization"},"potentialAction":[{"@type":"SearchAction","target":{"@type":"EntryPoint","urlTemplate":"https:\/\/home.diakse.com\/fr_fr\/?s={search_term_string}"},"query-input":{"@type":"PropertyValueSpecification","valueRequired":true,"valueName":"search_term_string"}}],"inLanguage":"fr-FR"},{"@type":"Organization","@id":"https:\/\/home.diakse.com\/fr_fr\/#organization","name":"Diakse","url":"https:\/\/home.diakse.com\/fr_fr\/","logo":{"@type":"ImageObject","inLanguage":"fr-FR","@id":"https:\/\/home.diakse.com\/fr_fr\/#\/schema\/logo\/image\/","url":"https:\/\/home.diakse.com\/wp-content\/uploads\/2018\/01\/Diakse-V-business-3.0-Blanc.jpg","contentUrl":"https:\/\/home.diakse.com\/wp-content\/uploads\/2018\/01\/Diakse-V-business-3.0-Blanc.jpg","width":1000,"height":440,"caption":"Diakse"},"image":{"@id":"https:\/\/home.diakse.com\/fr_fr\/#\/schema\/logo\/image\/"},"sameAs":["https:\/\/www.facebook.com\/diakse","https:\/\/x.com\/Diakse_France","https:\/\/www.instagram.com\/diakse.france\/","https:\/\/www.linkedin.com\/company\/diakse","https:\/\/www.youtube.com\/channel\/UCbymWs9j6MjXmcYDcU-LVJA"]}]}},"_links":{"self":[{"href":"https:\/\/home.diakse.com\/fr_fr\/wp-json\/wp\/v2\/pages\/4645","targetHints":{"allow":["GET"]}}],"collection":[{"href":"https:\/\/home.diakse.com\/fr_fr\/wp-json\/wp\/v2\/pages"}],"about":[{"href":"https:\/\/home.diakse.com\/fr_fr\/wp-json\/wp\/v2\/types\/page"}],"author":[{"embeddable":true,"href":"https:\/\/home.diakse.com\/fr_fr\/wp-json\/wp\/v2\/users\/1"}],"replies":[{"embeddable":true,"href":"https:\/\/home.diakse.com\/fr_fr\/wp-json\/wp\/v2\/comments?post=4645"}],"version-history":[{"count":23,"href":"https:\/\/home.diakse.com\/fr_fr\/wp-json\/wp\/v2\/pages\/4645\/revisions"}],"predecessor-version":[{"id":5290,"href":"https:\/\/home.diakse.com\/fr_fr\/wp-json\/wp\/v2\/pages\/4645\/revisions\/5290"}],"wp:attachment":[{"href":"https:\/\/home.diakse.com\/fr_fr\/wp-json\/wp\/v2\/media?parent=4645"}],"curies":[{"name":"wp","href":"https:\/\/api.w.org\/{rel}","templated":true}]}}