{"id":4938,"date":"2022-03-30T10:33:51","date_gmt":"2022-03-30T10:33:51","guid":{"rendered":"https:\/\/home.diakse.com\/?page_id=4938"},"modified":"2022-10-25T20:58:34","modified_gmt":"2022-10-25T20:58:34","slug":"g-shock","status":"publish","type":"page","link":"https:\/\/home.diakse.com\/fr_fr\/g-shock","title":{"rendered":"G-Shock : La boutique 3D : l\u2019horlogerie sous un nouvel angle"},"content":{"rendered":"<div id=\"pl-4938\"  class=\"panel-layout\" ><div id=\"pg-4938-0\"  class=\"panel-grid panel-no-style\" ><div id=\"pgc-4938-0-0\"  class=\"panel-grid-cell\" ><div id=\"panel-4938-0-0-0\" class=\"so-panel widget widget_sow-image panel-first-child panel-last-child\" data-index=\"0\" ><div\n\t\t\t\n\t\t\tclass=\"so-widget-sow-image so-widget-sow-image-default-a258e6bfa2d8-4938\"\n\t\t\t\n\t\t>\n<div class=\"sow-image-container\">\n\t\t\t<a href=\"https:\/\/www.youtube.com\/watch?v=36CMVq1hypU\"\n\t\t\ttarget=\"_blank\" rel=\"noopener noreferrer\" \t\t>\n\t\t\t<img fetchpriority=\"high\" \n\tsrc=\"https:\/\/home.diakse.com\/wp-content\/uploads\/2022\/03\/image-article-g-shock.jpg\" width=\"1280\" height=\"720\" srcset=\"https:\/\/home.diakse.com\/wp-content\/uploads\/2022\/03\/image-article-g-shock.jpg 1280w, https:\/\/home.diakse.com\/wp-content\/uploads\/2022\/03\/image-article-g-shock-300x169.jpg 300w, https:\/\/home.diakse.com\/wp-content\/uploads\/2022\/03\/image-article-g-shock-1024x576.jpg 1024w, https:\/\/home.diakse.com\/wp-content\/uploads\/2022\/03\/image-article-g-shock-768x432.jpg 768w, https:\/\/home.diakse.com\/wp-content\/uploads\/2022\/03\/image-article-g-shock-18x10.jpg 18w\" sizes=\"(max-width: 1280px) 100vw, 1280px\" title=\"G-Shock\" alt=\"D4PACK\" \t\tclass=\"so-widget-image\"\/>\n\t\t\t<\/a><\/div>\n\n<\/div><\/div><\/div><\/div><div id=\"pg-4938-1\"  class=\"panel-grid panel-no-style\" ><div id=\"pgc-4938-1-0\"  class=\"panel-grid-cell\" ><div id=\"panel-4938-1-0-0\" class=\"so-panel widget widget_sow-headline panel-first-child panel-last-child\" data-index=\"1\" ><div\n\t\t\t\n\t\t\tclass=\"so-widget-sow-headline so-widget-sow-headline-default-ea0af4cf39ae-4938\"\n\t\t\t\n\t\t><div class=\"sow-headline-container \">\n\t\t\t\t\t\t\t<h1 class=\"sow-headline\">\n\t\t\t\t\t\tG-Shock : La boutique 3D : l\u2019horlogerie sous un nouvel angle\t\t\t\t\t\t<\/h1>\n\t\t\t\t\t\t\t\t\t\t\t<div class=\"decoration\">\n\t\t\t\t\t\t<div class=\"decoration-inside\"><\/div>\n\t\t\t\t\t<\/div>\n\t\t\t\t\t<\/div>\n<\/div><\/div><\/div><\/div><div id=\"pg-4938-2\"  class=\"panel-grid panel-no-style\" ><div id=\"pgc-4938-2-0\"  class=\"panel-grid-cell\" ><div id=\"panel-4938-2-0-0\" class=\"so-panel widget widget_sow-editor panel-first-child panel-last-child\" data-index=\"2\" ><div\n\t\t\t\n\t\t\tclass=\"so-widget-sow-editor so-widget-sow-editor-base\"\n\t\t\t\n\t\t>\n<div class=\"siteorigin-widget-tinymce textwidget\">\n\t<h3 style=\"text-align: center;\"><em>Le metavers offre de nombreuses possibilit\u00e9s, G-Shock a voulu cr\u00e9er avec DIAKSE une nouvelle boutique 3D pour d\u00e9couvrir l\u2019horlogerie sous un nouvel angle.<\/em><\/h3>\n<\/div>\n<\/div><\/div><\/div><\/div><div id=\"pg-4938-3\"  class=\"panel-grid panel-no-style\" ><div id=\"pgc-4938-3-0\"  class=\"panel-grid-cell\" ><div id=\"panel-4938-3-0-0\" class=\"so-panel widget widget_sow-image panel-first-child panel-last-child\" data-index=\"3\" ><div\n\t\t\t\n\t\t\tclass=\"so-widget-sow-image so-widget-sow-image-default-c67d20f9f743-4938\"\n\t\t\t\n\t\t>\n<div class=\"sow-image-container\">\n\t\t<img \n\tsrc=\"https:\/\/home.diakse.com\/wp-content\/uploads\/2022\/03\/Capture-decran-166.png\" width=\"640\" height=\"295\" srcset=\"https:\/\/home.diakse.com\/wp-content\/uploads\/2022\/03\/Capture-decran-166.png 993w, https:\/\/home.diakse.com\/wp-content\/uploads\/2022\/03\/Capture-decran-166-300x138.png 300w, https:\/\/home.diakse.com\/wp-content\/uploads\/2022\/03\/Capture-decran-166-768x353.png 768w, https:\/\/home.diakse.com\/wp-content\/uploads\/2022\/03\/Capture-decran-166-18x8.png 18w\" sizes=\"(max-width: 640px) 100vw, 640px\" title=\"G-Shock\" alt=\"G-Shock\" \t\tclass=\"so-widget-image\"\/>\n\t<\/div>\n\n<\/div><\/div><\/div><div id=\"pgc-4938-3-1\"  class=\"panel-grid-cell\" ><div id=\"panel-4938-3-1-0\" class=\"so-panel widget widget_sow-image panel-first-child\" data-index=\"4\" ><div\n\t\t\t\n\t\t\tclass=\"so-widget-sow-image so-widget-sow-image-default-c67d20f9f743-4938\"\n\t\t\t\n\t\t>\n<div class=\"sow-image-container\">\n\t\t<img \n\tsrc=\"https:\/\/home.diakse.com\/wp-content\/uploads\/2022\/03\/Capture-decran-164-300x137.png\" width=\"300\" height=\"137\" srcset=\"https:\/\/home.diakse.com\/wp-content\/uploads\/2022\/03\/Capture-decran-164-300x137.png 300w, https:\/\/home.diakse.com\/wp-content\/uploads\/2022\/03\/Capture-decran-164-768x351.png 768w, https:\/\/home.diakse.com\/wp-content\/uploads\/2022\/03\/Capture-decran-164-18x8.png 18w, https:\/\/home.diakse.com\/wp-content\/uploads\/2022\/03\/Capture-decran-164.png 993w\" sizes=\"(max-width: 300px) 100vw, 300px\" title=\"G-Shock\" alt=\"G-Shock\" \t\tclass=\"so-widget-image\"\/>\n\t<\/div>\n\n<\/div><\/div><div id=\"panel-4938-3-1-1\" class=\"so-panel widget widget_sow-editor panel-last-child\" data-index=\"5\" ><div\n\t\t\t\n\t\t\tclass=\"so-widget-sow-editor so-widget-sow-editor-base\"\n\t\t\t\n\t\t>\n<div class=\"siteorigin-widget-tinymce textwidget\">\n\t<h5 style=\"text-align: left;\">L\u2019univers inspirant de chaque montre G-Shock a permis de cr\u00e9er une exp\u00e9rience immersive et intuitive.<\/h5>\n<p>D\u00e9couvrez notre <a href=\"https:\/\/home.diakse.com\/fr_fr\/solutions\">showroom 3D<\/a><\/p>\n<\/div>\n<\/div><\/div><\/div><\/div><div id=\"pg-4938-4\"  class=\"panel-grid panel-no-style\" ><div id=\"pgc-4938-4-0\"  class=\"panel-grid-cell\" ><div id=\"panel-4938-4-0-0\" class=\"so-panel widget widget_sow-editor panel-first-child panel-last-child\" data-index=\"6\" ><div\n\t\t\t\n\t\t\tclass=\"so-widget-sow-editor so-widget-sow-editor-base\"\n\t\t\t\n\t\t>\n<div class=\"siteorigin-widget-tinymce textwidget\">\n\t<h1 style=\"text-align: center;\">120<\/h1>\n<h4 style=\"text-align: center;\">montres dispos\u00e9es dans la boutique virtuelle<\/h4>\n<\/div>\n<\/div><\/div><\/div><div id=\"pgc-4938-4-1\"  class=\"panel-grid-cell\" ><div id=\"panel-4938-4-1-0\" class=\"so-panel widget widget_sow-editor panel-first-child panel-last-child\" data-index=\"7\" ><div\n\t\t\t\n\t\t\tclass=\"so-widget-sow-editor so-widget-sow-editor-base\"\n\t\t\t\n\t\t>\n<div class=\"siteorigin-widget-tinymce textwidget\">\n\t<h1 style=\"text-align: center;\">8 000<\/h1>\n<h4 style=\"text-align: center;\">heures de travail<\/h4>\n<\/div>\n<\/div><\/div><\/div><div id=\"pgc-4938-4-2\"  class=\"panel-grid-cell\" ><div id=\"panel-4938-4-2-0\" class=\"so-panel widget widget_sow-editor panel-first-child panel-last-child\" data-index=\"8\" ><div\n\t\t\t\n\t\t\tclass=\"so-widget-sow-editor so-widget-sow-editor-base\"\n\t\t\t\n\t\t>\n<div class=\"siteorigin-widget-tinymce textwidget\">\n\t<h1 style=\"text-align: center;\">2x<\/h1>\n<h4 style=\"text-align: center;\">plus d'interactions que sur un site 2D<\/h4>\n<\/div>\n<\/div><\/div><\/div><\/div><div id=\"pg-4938-5\"  class=\"panel-grid panel-no-style\" ><div id=\"pgc-4938-5-0\"  class=\"panel-grid-cell\" ><div id=\"panel-4938-5-0-0\" class=\"so-panel widget widget_sow-headline panel-first-child panel-last-child\" data-index=\"9\" ><div\n\t\t\t\n\t\t\tclass=\"so-widget-sow-headline so-widget-sow-headline-default-ea0af4cf39ae-4938\"\n\t\t\t\n\t\t><div class=\"sow-headline-container \">\n\t\t\t\t\t\t\t<h1 class=\"sow-headline\">\n\t\t\t\t\t\tLe projet G-Shock\t\t\t\t\t\t<\/h1>\n\t\t\t\t\t\t\t\t\t\t\t<div class=\"decoration\">\n\t\t\t\t\t\t<div class=\"decoration-inside\"><\/div>\n\t\t\t\t\t<\/div>\n\t\t\t\t\t<\/div>\n<\/div><\/div><\/div><\/div><div id=\"pg-4938-6\"  class=\"panel-grid panel-no-style\" ><div id=\"pgc-4938-6-0\"  class=\"panel-grid-cell\" ><div id=\"panel-4938-6-0-0\" class=\"so-panel widget widget_sow-editor panel-first-child panel-last-child\" data-index=\"10\" ><div\n\t\t\t\n\t\t\tclass=\"so-widget-sow-editor so-widget-sow-editor-base\"\n\t\t\t\n\t\t>\n<div class=\"siteorigin-widget-tinymce textwidget\">\n\t<h3 style=\"text-align: center;\"><strong>Contexte et objectifs <\/strong><\/h3>\n<p style=\"text-align: left;\">L\u2019horlogerie \u00e9tant de plus en plus avanc\u00e9 en termes de technologie, G-Shock a voulu suivre cette avanc\u00e9e en mettant en avant leurs montres dans une boutique 3D. L\u2019enjeu \u00e9tant de montrer le c\u00f4t\u00e9 high-tech du secteur.<\/p>\n<\/div>\n<\/div><\/div><\/div><div id=\"pgc-4938-6-1\"  class=\"panel-grid-cell\" ><div id=\"panel-4938-6-1-0\" class=\"so-panel widget widget_sow-editor panel-first-child panel-last-child\" data-index=\"11\" ><div\n\t\t\t\n\t\t\tclass=\"so-widget-sow-editor so-widget-sow-editor-base\"\n\t\t\t\n\t\t>\n<div class=\"siteorigin-widget-tinymce textwidget\">\n\t<h3 style=\"text-align: center;\"><strong>R\u00e9alisation <\/strong><\/h3>\n<p>La boutique virtuelle est la copie 3D d\u2019une boutique G-Shock \u00e0 Paris, tous les d\u00e9tails y sont, ainsi que le repr\u00e9sentant de la boutique qui vous accueille \u00ab\u00a0comme dans la vrai vie\u00a0\u00bb. Toutes les collections sont dispos\u00e9es dans la boutique 3D et toutes les fonctionnalit\u00e9s des montres sont list\u00e9es dans les fiches produits.<\/p>\n<p>&nbsp;<\/p>\n<\/div>\n<\/div><\/div><\/div><div id=\"pgc-4938-6-2\"  class=\"panel-grid-cell\" ><div id=\"panel-4938-6-2-0\" class=\"so-panel widget widget_sow-editor panel-first-child panel-last-child\" data-index=\"12\" ><div\n\t\t\t\n\t\t\tclass=\"so-widget-sow-editor so-widget-sow-editor-base\"\n\t\t\t\n\t\t>\n<div class=\"siteorigin-widget-tinymce textwidget\">\n\t<h3 style=\"text-align: center;\"><strong>R\u00e9sultats <\/strong><\/h3>\n<p style=\"text-align: center;\">Exp\u00e9rience ultra r\u00e9aliste avec visualisation des produits contextualis\u00e9s.<\/p>\n<\/div>\n<\/div><\/div><\/div><\/div><div id=\"pg-4938-7\"  class=\"panel-grid panel-no-style\" ><div id=\"pgc-4938-7-0\"  class=\"panel-grid-cell panel-grid-cell-empty\" ><\/div><div id=\"pgc-4938-7-1\"  class=\"panel-grid-cell panel-grid-cell-mobile-last\" ><div id=\"panel-4938-7-1-0\" class=\"so-panel widget widget_sow-button panel-first-child panel-last-child\" data-index=\"13\" ><div\n\t\t\t\n\t\t\tclass=\"so-widget-sow-button so-widget-sow-button-atom-ddfc18db71d7-4938\"\n\t\t\t\n\t\t><div class=\"ow-button-base ow-button-align-center\"\n>\n\t\t\t<a\n\t\t\t\t\thref=\"https:\/\/home.diakse.com\/contact\"\n\t\t\t\t\tclass=\"sowb-button ow-icon-placement-left ow-button-hover\" \t>\n\t\t<span>\n\t\t\t\n\t\t\t<div id=\"undevis\">OBTENIR UN DEVIS<\/div>\t\t<\/span>\n\t\t\t<\/a>\n\t<\/div>\n<\/div><\/div><\/div><div id=\"pgc-4938-7-2\"  class=\"panel-grid-cell panel-grid-cell-empty\" ><\/div><\/div><div id=\"pg-4938-8\"  class=\"panel-grid panel-no-style\" ><div id=\"pgc-4938-8-0\"  class=\"panel-grid-cell panel-grid-cell-empty\" ><\/div><div id=\"pgc-4938-8-1\"  class=\"panel-grid-cell panel-grid-cell-empty panel-grid-cell-mobile-last\" ><\/div><div id=\"pgc-4938-8-2\"  class=\"panel-grid-cell panel-grid-cell-empty\" ><\/div><\/div><\/div>","protected":false},"excerpt":{"rendered":"<p>G-Shock : La boutique 3D : l\u2019horlogerie sous un nouvel angle Le metavers offre de nombreuses possibilit\u00e9s, G-Shock a voulu cr\u00e9er avec DIAKSE une nouvelle boutique 3D pour d\u00e9couvrir l\u2019horlogerie sous un nouvel angle. L\u2019univers inspirant de chaque montre G-Shock a permis de cr\u00e9er une exp\u00e9rience immersive et intuitive. D\u00e9couvrez notre showroom 3D 120 montres <a href=\"https:\/\/home.diakse.com\/fr_fr\/g-shock\" rel=\"nofollow\"><span class=\"sr-only\">En savoir plus surG-Shock : La boutique 3D : l\u2019horlogerie sous un nouvel angle<\/span>[&hellip;]<\/a><\/p>\n","protected":false},"author":1,"featured_media":0,"parent":0,"menu_order":0,"comment_status":"closed","ping_status":"closed","template":"template-fullwidth-no-title.php","meta":{"_exactmetrics_skip_tracking":false,"_exactmetrics_sitenote_active":false,"_exactmetrics_sitenote_note":"","_exactmetrics_sitenote_category":0,"footnotes":""},"class_list":["post-4938","page","type-page","status-publish","hentry"],"yoast_head":"<!-- This site is optimized with the Yoast SEO plugin v27.3 - https:\/\/yoast.com\/product\/yoast-seo-wordpress\/ -->\n<title>G-Shock : La boutique 3D : l\u2019horlogerie sous un nouvel angle<\/title>\n<meta name=\"description\" content=\"Comment G-Shock fait d\u00e9couvrir l&#039;horlogerie sous un nouvel angle avec une boutique virtuelle 3D, et fait le pas vers le metavers\" \/>\n<meta name=\"robots\" content=\"index, follow, max-snippet:-1, max-image-preview:large, max-video-preview:-1\" \/>\n<link rel=\"canonical\" href=\"https:\/\/home.diakse.com\/fr_fr\/g-shock\/\" \/>\n<meta property=\"og:locale\" content=\"fr_FR\" \/>\n<meta property=\"og:type\" content=\"article\" \/>\n<meta property=\"og:title\" content=\"G-Shock : La boutique 3D : l\u2019horlogerie sous un nouvel angle\" \/>\n<meta property=\"og:description\" content=\"Comment G-Shock fait d\u00e9couvrir l&#039;horlogerie sous un nouvel angle avec une boutique virtuelle 3D, et fait le pas vers le metavers\" \/>\n<meta property=\"og:url\" content=\"https:\/\/home.diakse.com\/fr_fr\/g-shock\/\" \/>\n<meta property=\"og:site_name\" content=\"Diakse\" \/>\n<meta property=\"article:publisher\" content=\"https:\/\/www.facebook.com\/diakse\" \/>\n<meta property=\"article:modified_time\" content=\"2022-10-25T20:58:34+00:00\" \/>\n<meta name=\"twitter:card\" content=\"summary_large_image\" \/>\n<meta name=\"twitter:site\" content=\"@Diakse_France\" \/>\n<meta name=\"twitter:label1\" content=\"Dur\u00e9e de lecture estim\u00e9e\" \/>\n\t<meta name=\"twitter:data1\" content=\"1 minute\" \/>\n<script type=\"application\/ld+json\" class=\"yoast-schema-graph\">{\"@context\":\"https:\\\/\\\/schema.org\",\"@graph\":[{\"@type\":\"WebPage\",\"@id\":\"https:\\\/\\\/home.diakse.com\\\/g-shock\",\"url\":\"https:\\\/\\\/home.diakse.com\\\/g-shock\",\"name\":\"G-Shock : La boutique 3D : l\u2019horlogerie sous un nouvel angle\",\"isPartOf\":{\"@id\":\"https:\\\/\\\/home.diakse.com\\\/fr_fr\\\/#website\"},\"datePublished\":\"2022-03-30T10:33:51+00:00\",\"dateModified\":\"2022-10-25T20:58:34+00:00\",\"description\":\"Comment G-Shock fait d\u00e9couvrir l'horlogerie sous un nouvel angle avec une boutique virtuelle 3D, et fait le pas vers le metavers\",\"breadcrumb\":{\"@id\":\"https:\\\/\\\/home.diakse.com\\\/g-shock#breadcrumb\"},\"inLanguage\":\"fr-FR\",\"potentialAction\":[{\"@type\":\"ReadAction\",\"target\":[\"https:\\\/\\\/home.diakse.com\\\/g-shock\"]}]},{\"@type\":\"BreadcrumbList\",\"@id\":\"https:\\\/\\\/home.diakse.com\\\/g-shock#breadcrumb\",\"itemListElement\":[{\"@type\":\"ListItem\",\"position\":1,\"name\":\"Accueil\",\"item\":\"https:\\\/\\\/home.diakse.com\\\/fr_fr\\\/\"},{\"@type\":\"ListItem\",\"position\":2,\"name\":\"G-Shock : La boutique 3D : l\u2019horlogerie sous un nouvel angle\"}]},{\"@type\":\"WebSite\",\"@id\":\"https:\\\/\\\/home.diakse.com\\\/fr_fr\\\/#website\",\"url\":\"https:\\\/\\\/home.diakse.com\\\/fr_fr\\\/\",\"name\":\"Diakse\",\"description\":\"Virtual Shops - La solution de cr\u00e9ation de boutiques virtuelles\",\"publisher\":{\"@id\":\"https:\\\/\\\/home.diakse.com\\\/fr_fr\\\/#organization\"},\"potentialAction\":[{\"@type\":\"SearchAction\",\"target\":{\"@type\":\"EntryPoint\",\"urlTemplate\":\"https:\\\/\\\/home.diakse.com\\\/fr_fr\\\/?s={search_term_string}\"},\"query-input\":{\"@type\":\"PropertyValueSpecification\",\"valueRequired\":true,\"valueName\":\"search_term_string\"}}],\"inLanguage\":\"fr-FR\"},{\"@type\":\"Organization\",\"@id\":\"https:\\\/\\\/home.diakse.com\\\/fr_fr\\\/#organization\",\"name\":\"Diakse\",\"url\":\"https:\\\/\\\/home.diakse.com\\\/fr_fr\\\/\",\"logo\":{\"@type\":\"ImageObject\",\"inLanguage\":\"fr-FR\",\"@id\":\"https:\\\/\\\/home.diakse.com\\\/fr_fr\\\/#\\\/schema\\\/logo\\\/image\\\/\",\"url\":\"https:\\\/\\\/home.diakse.com\\\/wp-content\\\/uploads\\\/2018\\\/01\\\/Diakse-V-business-3.0-Blanc.jpg\",\"contentUrl\":\"https:\\\/\\\/home.diakse.com\\\/wp-content\\\/uploads\\\/2018\\\/01\\\/Diakse-V-business-3.0-Blanc.jpg\",\"width\":1000,\"height\":440,\"caption\":\"Diakse\"},\"image\":{\"@id\":\"https:\\\/\\\/home.diakse.com\\\/fr_fr\\\/#\\\/schema\\\/logo\\\/image\\\/\"},\"sameAs\":[\"https:\\\/\\\/www.facebook.com\\\/diakse\",\"https:\\\/\\\/x.com\\\/Diakse_France\",\"https:\\\/\\\/www.instagram.com\\\/diakse.france\\\/\",\"https:\\\/\\\/www.linkedin.com\\\/company\\\/diakse\",\"https:\\\/\\\/www.youtube.com\\\/channel\\\/UCbymWs9j6MjXmcYDcU-LVJA\"]}]}<\/script>\n<!-- \/ Yoast SEO plugin. -->","yoast_head_json":{"title":"G-Shock : La boutique 3D : l\u2019horlogerie sous un nouvel angle","description":"Comment G-Shock fait d\u00e9couvrir l'horlogerie sous un nouvel angle avec une boutique virtuelle 3D, et fait le pas vers le metavers","robots":{"index":"index","follow":"follow","max-snippet":"max-snippet:-1","max-image-preview":"max-image-preview:large","max-video-preview":"max-video-preview:-1"},"canonical":"https:\/\/home.diakse.com\/fr_fr\/g-shock\/","og_locale":"fr_FR","og_type":"article","og_title":"G-Shock : La boutique 3D : l\u2019horlogerie sous un nouvel angle","og_description":"Comment G-Shock fait d\u00e9couvrir l'horlogerie sous un nouvel angle avec une boutique virtuelle 3D, et fait le pas vers le metavers","og_url":"https:\/\/home.diakse.com\/fr_fr\/g-shock\/","og_site_name":"Diakse","article_publisher":"https:\/\/www.facebook.com\/diakse","article_modified_time":"2022-10-25T20:58:34+00:00","twitter_card":"summary_large_image","twitter_site":"@Diakse_France","twitter_misc":{"Dur\u00e9e de lecture estim\u00e9e":"1 minute"},"schema":{"@context":"https:\/\/schema.org","@graph":[{"@type":"WebPage","@id":"https:\/\/home.diakse.com\/g-shock","url":"https:\/\/home.diakse.com\/g-shock","name":"G-Shock : La boutique 3D : l\u2019horlogerie sous un nouvel angle","isPartOf":{"@id":"https:\/\/home.diakse.com\/fr_fr\/#website"},"datePublished":"2022-03-30T10:33:51+00:00","dateModified":"2022-10-25T20:58:34+00:00","description":"Comment G-Shock fait d\u00e9couvrir l'horlogerie sous un nouvel angle avec une boutique virtuelle 3D, et fait le pas vers le metavers","breadcrumb":{"@id":"https:\/\/home.diakse.com\/g-shock#breadcrumb"},"inLanguage":"fr-FR","potentialAction":[{"@type":"ReadAction","target":["https:\/\/home.diakse.com\/g-shock"]}]},{"@type":"BreadcrumbList","@id":"https:\/\/home.diakse.com\/g-shock#breadcrumb","itemListElement":[{"@type":"ListItem","position":1,"name":"Accueil","item":"https:\/\/home.diakse.com\/fr_fr\/"},{"@type":"ListItem","position":2,"name":"G-Shock : La boutique 3D : l\u2019horlogerie sous un nouvel angle"}]},{"@type":"WebSite","@id":"https:\/\/home.diakse.com\/fr_fr\/#website","url":"https:\/\/home.diakse.com\/fr_fr\/","name":"Diakse","description":"Virtual Shops - La solution de cr\u00e9ation de boutiques virtuelles","publisher":{"@id":"https:\/\/home.diakse.com\/fr_fr\/#organization"},"potentialAction":[{"@type":"SearchAction","target":{"@type":"EntryPoint","urlTemplate":"https:\/\/home.diakse.com\/fr_fr\/?s={search_term_string}"},"query-input":{"@type":"PropertyValueSpecification","valueRequired":true,"valueName":"search_term_string"}}],"inLanguage":"fr-FR"},{"@type":"Organization","@id":"https:\/\/home.diakse.com\/fr_fr\/#organization","name":"Diakse","url":"https:\/\/home.diakse.com\/fr_fr\/","logo":{"@type":"ImageObject","inLanguage":"fr-FR","@id":"https:\/\/home.diakse.com\/fr_fr\/#\/schema\/logo\/image\/","url":"https:\/\/home.diakse.com\/wp-content\/uploads\/2018\/01\/Diakse-V-business-3.0-Blanc.jpg","contentUrl":"https:\/\/home.diakse.com\/wp-content\/uploads\/2018\/01\/Diakse-V-business-3.0-Blanc.jpg","width":1000,"height":440,"caption":"Diakse"},"image":{"@id":"https:\/\/home.diakse.com\/fr_fr\/#\/schema\/logo\/image\/"},"sameAs":["https:\/\/www.facebook.com\/diakse","https:\/\/x.com\/Diakse_France","https:\/\/www.instagram.com\/diakse.france\/","https:\/\/www.linkedin.com\/company\/diakse","https:\/\/www.youtube.com\/channel\/UCbymWs9j6MjXmcYDcU-LVJA"]}]}},"_links":{"self":[{"href":"https:\/\/home.diakse.com\/fr_fr\/wp-json\/wp\/v2\/pages\/4938","targetHints":{"allow":["GET"]}}],"collection":[{"href":"https:\/\/home.diakse.com\/fr_fr\/wp-json\/wp\/v2\/pages"}],"about":[{"href":"https:\/\/home.diakse.com\/fr_fr\/wp-json\/wp\/v2\/types\/page"}],"author":[{"embeddable":true,"href":"https:\/\/home.diakse.com\/fr_fr\/wp-json\/wp\/v2\/users\/1"}],"replies":[{"embeddable":true,"href":"https:\/\/home.diakse.com\/fr_fr\/wp-json\/wp\/v2\/comments?post=4938"}],"version-history":[{"count":12,"href":"https:\/\/home.diakse.com\/fr_fr\/wp-json\/wp\/v2\/pages\/4938\/revisions"}],"predecessor-version":[{"id":5292,"href":"https:\/\/home.diakse.com\/fr_fr\/wp-json\/wp\/v2\/pages\/4938\/revisions\/5292"}],"wp:attachment":[{"href":"https:\/\/home.diakse.com\/fr_fr\/wp-json\/wp\/v2\/media?parent=4938"}],"curies":[{"name":"wp","href":"https:\/\/api.w.org\/{rel}","templated":true}]}}