{"id":5025,"date":"2022-04-13T15:25:49","date_gmt":"2022-04-13T15:25:49","guid":{"rendered":"https:\/\/home.diakse.com\/?page_id=5025"},"modified":"2022-10-25T21:00:12","modified_gmt":"2022-10-25T21:00:12","slug":"blanc-divoire","status":"publish","type":"page","link":"https:\/\/home.diakse.com\/fr_fr\/blanc-divoire","title":{"rendered":"Blanc d&rsquo;Ivoire : L&rsquo;outil de prospection indispensable : le showroom virtuel"},"content":{"rendered":"<div id=\"pl-5025\"  class=\"panel-layout\" ><div id=\"pg-5025-0\"  class=\"panel-grid panel-no-style\" ><div id=\"pgc-5025-0-0\"  class=\"panel-grid-cell\" ><div id=\"panel-5025-0-0-0\" class=\"so-panel widget widget_sow-image panel-first-child panel-last-child\" data-index=\"0\" ><div\n\t\t\t\n\t\t\tclass=\"so-widget-sow-image so-widget-sow-image-default-a258e6bfa2d8-5025\"\n\t\t\t\n\t\t>\n<div class=\"sow-image-container\">\n\t\t\t<a href=\"https:\/\/www.youtube.com\/watch?v=kCpDd-tRZ-M\"\n\t\t\ttarget=\"_blank\" rel=\"noopener noreferrer\" \t\t>\n\t\t\t<img fetchpriority=\"high\" \n\tsrc=\"https:\/\/home.diakse.com\/wp-content\/uploads\/2022\/04\/image-article-BDI.jpg\" width=\"1280\" height=\"720\" srcset=\"https:\/\/home.diakse.com\/wp-content\/uploads\/2022\/04\/image-article-BDI.jpg 1280w, https:\/\/home.diakse.com\/wp-content\/uploads\/2022\/04\/image-article-BDI-300x169.jpg 300w, https:\/\/home.diakse.com\/wp-content\/uploads\/2022\/04\/image-article-BDI-1024x576.jpg 1024w, https:\/\/home.diakse.com\/wp-content\/uploads\/2022\/04\/image-article-BDI-768x432.jpg 768w, https:\/\/home.diakse.com\/wp-content\/uploads\/2022\/04\/image-article-BDI-18x10.jpg 18w\" sizes=\"(max-width: 1280px) 100vw, 1280px\" title=\"Blanc d&rsquo;Ivoire\" alt=\"Blanc d&#039;Ivoire\" \t\tclass=\"so-widget-image\"\/>\n\t\t\t<\/a><\/div>\n\n<\/div><\/div><\/div><\/div><div id=\"pg-5025-1\"  class=\"panel-grid panel-no-style\" ><div id=\"pgc-5025-1-0\"  class=\"panel-grid-cell\" ><div id=\"panel-5025-1-0-0\" class=\"so-panel widget widget_sow-headline panel-first-child panel-last-child\" data-index=\"1\" ><div\n\t\t\t\n\t\t\tclass=\"so-widget-sow-headline so-widget-sow-headline-default-ea0af4cf39ae-5025\"\n\t\t\t\n\t\t><div class=\"sow-headline-container \">\n\t\t\t\t\t\t\t<h1 class=\"sow-headline\">\n\t\t\t\t\t\tBlanc d\u2019Ivoire : L\u2019outil de prospection indispensable : le showroom virtuel\t\t\t\t\t\t<\/h1>\n\t\t\t\t\t\t\t\t\t\t\t<div class=\"decoration\">\n\t\t\t\t\t\t<div class=\"decoration-inside\"><\/div>\n\t\t\t\t\t<\/div>\n\t\t\t\t\t<\/div>\n<\/div><\/div><\/div><\/div><div id=\"pg-5025-2\"  class=\"panel-grid panel-no-style\" ><div id=\"pgc-5025-2-0\"  class=\"panel-grid-cell\" ><div id=\"panel-5025-2-0-0\" class=\"so-panel widget widget_sow-editor panel-first-child panel-last-child\" data-index=\"2\" ><div\n\t\t\t\n\t\t\tclass=\"so-widget-sow-editor so-widget-sow-editor-base\"\n\t\t\t\n\t\t>\n<div class=\"siteorigin-widget-tinymce textwidget\">\n\t<h3 style=\"text-align: center;\"><em>Blanc d\u2019Ivoire refait confiance \u00e0 DIAKSE pour son troisi\u00e8me Showroom virtuel\u00a0!<\/em><\/h3>\n<\/div>\n<\/div><\/div><\/div><\/div><div id=\"pg-5025-3\"  class=\"panel-grid panel-no-style\" ><div id=\"pgc-5025-3-0\"  class=\"panel-grid-cell\" ><div id=\"panel-5025-3-0-0\" class=\"so-panel widget widget_sow-image panel-first-child panel-last-child\" data-index=\"3\" ><div\n\t\t\t\n\t\t\tclass=\"so-widget-sow-image so-widget-sow-image-default-c67d20f9f743-5025\"\n\t\t\t\n\t\t>\n<div class=\"sow-image-container\">\n\t\t<img \n\tsrc=\"https:\/\/home.diakse.com\/wp-content\/uploads\/2022\/04\/Capture-decran-109-1024x576.png\" width=\"640\" height=\"360\" srcset=\"https:\/\/home.diakse.com\/wp-content\/uploads\/2022\/04\/Capture-decran-109-1024x576.png 1024w, https:\/\/home.diakse.com\/wp-content\/uploads\/2022\/04\/Capture-decran-109-300x169.png 300w, https:\/\/home.diakse.com\/wp-content\/uploads\/2022\/04\/Capture-decran-109-768x432.png 768w, https:\/\/home.diakse.com\/wp-content\/uploads\/2022\/04\/Capture-decran-109-18x10.png 18w, https:\/\/home.diakse.com\/wp-content\/uploads\/2022\/04\/Capture-decran-109.png 1366w\" sizes=\"(max-width: 640px) 100vw, 640px\" title=\"Blanc d&rsquo;Ivoire\" alt=\"Blanc d&#039;Ivoire\" \t\tclass=\"so-widget-image\"\/>\n\t<\/div>\n\n<\/div><\/div><\/div><div id=\"pgc-5025-3-1\"  class=\"panel-grid-cell\" ><div id=\"panel-5025-3-1-0\" class=\"so-panel widget widget_sow-image panel-first-child\" data-index=\"4\" ><div\n\t\t\t\n\t\t\tclass=\"so-widget-sow-image so-widget-sow-image-default-c67d20f9f743-5025\"\n\t\t\t\n\t\t>\n<div class=\"sow-image-container\">\n\t\t<img \n\tsrc=\"https:\/\/home.diakse.com\/wp-content\/uploads\/2022\/04\/Capture-decran-112-300x169.png\" width=\"300\" height=\"169\" srcset=\"https:\/\/home.diakse.com\/wp-content\/uploads\/2022\/04\/Capture-decran-112-300x169.png 300w, https:\/\/home.diakse.com\/wp-content\/uploads\/2022\/04\/Capture-decran-112-1024x576.png 1024w, https:\/\/home.diakse.com\/wp-content\/uploads\/2022\/04\/Capture-decran-112-768x432.png 768w, https:\/\/home.diakse.com\/wp-content\/uploads\/2022\/04\/Capture-decran-112-18x10.png 18w, https:\/\/home.diakse.com\/wp-content\/uploads\/2022\/04\/Capture-decran-112.png 1366w\" sizes=\"(max-width: 300px) 100vw, 300px\" title=\"Blanc d&rsquo;Ivoire\" alt=\"Blanc d&#039;Ivoire\" \t\tclass=\"so-widget-image\"\/>\n\t<\/div>\n\n<\/div><\/div><div id=\"panel-5025-3-1-1\" class=\"so-panel widget widget_sow-editor panel-last-child\" data-index=\"5\" ><div\n\t\t\t\n\t\t\tclass=\"so-widget-sow-editor so-widget-sow-editor-base\"\n\t\t\t\n\t\t>\n<div class=\"siteorigin-widget-tinymce textwidget\">\n\t<p>Blanc d\u2019Ivoire est une marque fran\u00e7aise de d\u00e9coration d\u2019int\u00e9rieur haut de gamme, empreinte de douceur et de chaleur qui a fait de la mixit\u00e9 des genres sa marque de fabrique et redonn\u00e9 ses lettres de noblesse \u00e0 la d\u00e9coration d\u2019int\u00e9rieurs. Blanc d\u2019Ivoire imagine un langage nouveau en revisitant les classiques avec modernit\u00e9 et \u00e9l\u00e9gance, donnant naissance \u00e0 une nouvelle tendance. D\u00e9couvrez notre<a href=\"https:\/\/home.diakse.com\/fr_fr\/solutions\"> showroom virtuel<\/a>.<\/p>\n<\/div>\n<\/div><\/div><\/div><\/div><div id=\"pg-5025-4\"  class=\"panel-grid panel-no-style\" ><div id=\"pgc-5025-4-0\"  class=\"panel-grid-cell\" ><div id=\"panel-5025-4-0-0\" class=\"so-panel widget widget_sow-editor panel-first-child panel-last-child\" data-index=\"6\" ><div\n\t\t\t\n\t\t\tclass=\"so-widget-sow-editor so-widget-sow-editor-base\"\n\t\t\t\n\t\t>\n<div class=\"siteorigin-widget-tinymce textwidget\">\n\t<h1 style=\"text-align: center;\">27<\/h1>\n<h4 style=\"text-align: center;\">agents et commerciaux \u00e0 utiliser le showroom<\/h4>\n<\/div>\n<\/div><\/div><\/div><div id=\"pgc-5025-4-1\"  class=\"panel-grid-cell\" ><div id=\"panel-5025-4-1-0\" class=\"so-panel widget widget_sow-editor panel-first-child panel-last-child\" data-index=\"7\" ><div\n\t\t\t\n\t\t\tclass=\"so-widget-sow-editor so-widget-sow-editor-base\"\n\t\t\t\n\t\t>\n<div class=\"siteorigin-widget-tinymce textwidget\">\n\t<h1 style=\"text-align: center;\">3<\/h1>\n<h4 style=\"text-align: center;\">c\u2019est d\u00e9j\u00e0 la 3<sup>\u00e8me<\/sup> saison o\u00f9 nous pr\u00e9sentons cette collection en virtuel<\/h4>\n<\/div>\n<\/div><\/div><\/div><div id=\"pgc-5025-4-2\"  class=\"panel-grid-cell\" ><div id=\"panel-5025-4-2-0\" class=\"so-panel widget widget_sow-editor panel-first-child panel-last-child\" data-index=\"8\" ><div\n\t\t\t\n\t\t\tclass=\"so-widget-sow-editor so-widget-sow-editor-base\"\n\t\t\t\n\t\t>\n<div class=\"siteorigin-widget-tinymce textwidget\">\n\t<h1 style=\"text-align: center;\">100%<\/h1>\n<h4 style=\"text-align: center;\">de diff\u00e9renciation<\/h4>\n<\/div>\n<\/div><\/div><\/div><\/div><div id=\"pg-5025-5\"  class=\"panel-grid panel-no-style\" ><div id=\"pgc-5025-5-0\"  class=\"panel-grid-cell\" ><div id=\"panel-5025-5-0-0\" class=\"so-panel widget widget_sow-headline panel-first-child panel-last-child\" data-index=\"9\" ><div\n\t\t\t\n\t\t\tclass=\"so-widget-sow-headline so-widget-sow-headline-default-ea0af4cf39ae-5025\"\n\t\t\t\n\t\t><div class=\"sow-headline-container \">\n\t\t\t\t\t\t\t<h1 class=\"sow-headline\">\n\t\t\t\t\t\tLe projet Blanc d'Ivoire\t\t\t\t\t\t<\/h1>\n\t\t\t\t\t\t\t\t\t\t\t<div class=\"decoration\">\n\t\t\t\t\t\t<div class=\"decoration-inside\"><\/div>\n\t\t\t\t\t<\/div>\n\t\t\t\t\t<\/div>\n<\/div><\/div><\/div><\/div><div id=\"pg-5025-6\"  class=\"panel-grid panel-no-style\" ><div id=\"pgc-5025-6-0\"  class=\"panel-grid-cell\" ><div id=\"panel-5025-6-0-0\" class=\"so-panel widget widget_sow-editor panel-first-child panel-last-child\" data-index=\"10\" ><div\n\t\t\t\n\t\t\tclass=\"so-widget-sow-editor so-widget-sow-editor-base\"\n\t\t\t\n\t\t>\n<div class=\"siteorigin-widget-tinymce textwidget\">\n\t<h3 style=\"text-align: center;\"><strong>Contexte et objectifs <\/strong><\/h3>\n<p>Blanc d\u2019Ivoire a voulu montrer l\u2019\u00e9l\u00e9gance de ses produits pour la troisi\u00e8me fois dans un showroom virtuel fait par <a href=\"https:\/\/home.diakse.com\/solutions\">DIAKSE<\/a> \u00e0 l\u2019image de la marque. En utilisant ce showroom virtuel comme outil de prospection et de communication la marque d\u00e9ploie tout son potentiel commercial.<\/p>\n<\/div>\n<\/div><\/div><\/div><div id=\"pgc-5025-6-1\"  class=\"panel-grid-cell\" ><div id=\"panel-5025-6-1-0\" class=\"so-panel widget widget_sow-editor panel-first-child panel-last-child\" data-index=\"11\" ><div\n\t\t\t\n\t\t\tclass=\"so-widget-sow-editor so-widget-sow-editor-base\"\n\t\t\t\n\t\t>\n<div class=\"siteorigin-widget-tinymce textwidget\">\n\t<h3 style=\"text-align: center;\"><strong>R\u00e9alisation <\/strong><\/h3>\n<p>Dans le but de montrer autant de produits que possible dans le showroom virtuel, la solution de DIAKSE a \u00e9t\u00e9 de faire des rayons avec des produits des m\u00eames gammes, cela permet de visualiser tous les produits d\u2019une gamme en une fois. Le d\u00e9cor, inspir\u00e9 d\u2019une boutique existante de Blanc d\u2019Ivoire montre plusieurs pi\u00e8ces d\u00e9cor\u00e9es et contextualis\u00e9es.<\/p>\n<p>&nbsp;<\/p>\n<\/div>\n<\/div><\/div><\/div><div id=\"pgc-5025-6-2\"  class=\"panel-grid-cell\" ><div id=\"panel-5025-6-2-0\" class=\"so-panel widget widget_sow-editor panel-first-child panel-last-child\" data-index=\"12\" ><div\n\t\t\t\n\t\t\tclass=\"so-widget-sow-editor so-widget-sow-editor-base\"\n\t\t\t\n\t\t>\n<div class=\"siteorigin-widget-tinymce textwidget\">\n\t<h3 style=\"text-align: center;\"><strong>R\u00e9sultats <\/strong><\/h3>\n<p style=\"text-align: center;\">Visualisation en 3D des produits contextualis\u00e9s,<\/p>\n<p style=\"text-align: center;\">Une exp\u00e9rience r\u00e9invent\u00e9e, originale et diff\u00e9renciante.<\/p>\n<\/div>\n<\/div><\/div><\/div><\/div><div id=\"pg-5025-7\"  class=\"panel-grid panel-no-style\" ><div id=\"pgc-5025-7-0\"  class=\"panel-grid-cell panel-grid-cell-empty\" ><\/div><div id=\"pgc-5025-7-1\"  class=\"panel-grid-cell panel-grid-cell-mobile-last\" ><div id=\"panel-5025-7-1-0\" class=\"so-panel widget widget_sow-button panel-first-child panel-last-child\" data-index=\"13\" ><div\n\t\t\t\n\t\t\tclass=\"so-widget-sow-button so-widget-sow-button-atom-ddfc18db71d7-5025\"\n\t\t\t\n\t\t><div class=\"ow-button-base ow-button-align-center\"\n>\n\t\t\t<a\n\t\t\t\t\thref=\"https:\/\/home.diakse.com\/contact\"\n\t\t\t\t\tclass=\"sowb-button ow-icon-placement-left ow-button-hover\" \t>\n\t\t<span>\n\t\t\t\n\t\t\t<div id=\"undevis\">OBTENIR UN DEVIS<\/div>\t\t<\/span>\n\t\t\t<\/a>\n\t<\/div>\n<\/div><\/div><\/div><div id=\"pgc-5025-7-2\"  class=\"panel-grid-cell panel-grid-cell-empty\" ><\/div><\/div><div id=\"pg-5025-8\"  class=\"panel-grid panel-no-style\" ><div id=\"pgc-5025-8-0\"  class=\"panel-grid-cell panel-grid-cell-empty\" ><\/div><div id=\"pgc-5025-8-1\"  class=\"panel-grid-cell panel-grid-cell-empty panel-grid-cell-mobile-last\" ><\/div><div id=\"pgc-5025-8-2\"  class=\"panel-grid-cell panel-grid-cell-empty\" ><\/div><\/div><\/div>","protected":false},"excerpt":{"rendered":"<p>Blanc d\u2019Ivoire : L\u2019outil de prospection indispensable : le showroom virtuel Blanc d\u2019Ivoire refait confiance \u00e0 DIAKSE pour son troisi\u00e8me Showroom virtuel\u00a0! Blanc d\u2019Ivoire est une marque fran\u00e7aise de d\u00e9coration d\u2019int\u00e9rieur haut de gamme, empreinte de douceur et de chaleur qui a fait de la mixit\u00e9 des genres sa marque de fabrique et redonn\u00e9 ses <a href=\"https:\/\/home.diakse.com\/fr_fr\/blanc-divoire\" rel=\"nofollow\"><span class=\"sr-only\">En savoir plus surBlanc d&rsquo;Ivoire : L&rsquo;outil de prospection indispensable : le showroom virtuel<\/span>[&hellip;]<\/a><\/p>\n","protected":false},"author":1,"featured_media":0,"parent":0,"menu_order":0,"comment_status":"closed","ping_status":"closed","template":"template-fullwidth-no-title.php","meta":{"_exactmetrics_skip_tracking":false,"_exactmetrics_sitenote_active":false,"_exactmetrics_sitenote_note":"","_exactmetrics_sitenote_category":0,"footnotes":""},"class_list":["post-5025","page","type-page","status-publish","hentry"],"yoast_head":"<!-- This site is optimized with the Yoast SEO plugin v27.3 - https:\/\/yoast.com\/product\/yoast-seo-wordpress\/ -->\n<title>Blanc d&#039;Ivoire : L&#039;outil de prospection indispensable : le showroom virtuel<\/title>\n<meta name=\"description\" content=\"Comment Blanc d&#039;Ivoire propose \u00e0 ses clients une exp\u00e9rience de shopping immersive. Ainsi qu&#039;\u00e0 ses prospects avec un syst\u00e8me de visio.\" \/>\n<meta name=\"robots\" content=\"index, follow, max-snippet:-1, max-image-preview:large, max-video-preview:-1\" \/>\n<link rel=\"canonical\" href=\"https:\/\/home.diakse.com\/fr_fr\/blanc-divoire\/\" \/>\n<meta property=\"og:locale\" content=\"fr_FR\" \/>\n<meta property=\"og:type\" content=\"article\" \/>\n<meta property=\"og:title\" content=\"Blanc d&#039;Ivoire : L&#039;outil de prospection indispensable : le showroom virtuel\" \/>\n<meta property=\"og:description\" content=\"Comment Blanc d&#039;Ivoire propose \u00e0 ses clients une exp\u00e9rience de shopping immersive. Ainsi qu&#039;\u00e0 ses prospects avec un syst\u00e8me de visio.\" \/>\n<meta property=\"og:url\" content=\"https:\/\/home.diakse.com\/fr_fr\/blanc-divoire\/\" \/>\n<meta property=\"og:site_name\" content=\"Diakse\" \/>\n<meta property=\"article:publisher\" content=\"https:\/\/www.facebook.com\/diakse\" \/>\n<meta property=\"article:modified_time\" content=\"2022-10-25T21:00:12+00:00\" \/>\n<meta name=\"twitter:card\" content=\"summary_large_image\" \/>\n<meta name=\"twitter:site\" content=\"@Diakse_France\" \/>\n<meta name=\"twitter:label1\" content=\"Dur\u00e9e de lecture estim\u00e9e\" \/>\n\t<meta name=\"twitter:data1\" content=\"2 minutes\" \/>\n<script type=\"application\/ld+json\" class=\"yoast-schema-graph\">{\"@context\":\"https:\\\/\\\/schema.org\",\"@graph\":[{\"@type\":\"WebPage\",\"@id\":\"https:\\\/\\\/home.diakse.com\\\/blanc-divoire\",\"url\":\"https:\\\/\\\/home.diakse.com\\\/blanc-divoire\",\"name\":\"Blanc d'Ivoire : L'outil de prospection indispensable : le showroom virtuel\",\"isPartOf\":{\"@id\":\"https:\\\/\\\/home.diakse.com\\\/fr_fr\\\/#website\"},\"datePublished\":\"2022-04-13T15:25:49+00:00\",\"dateModified\":\"2022-10-25T21:00:12+00:00\",\"description\":\"Comment Blanc d'Ivoire propose \u00e0 ses clients une exp\u00e9rience de shopping immersive. Ainsi qu'\u00e0 ses prospects avec un syst\u00e8me de visio.\",\"breadcrumb\":{\"@id\":\"https:\\\/\\\/home.diakse.com\\\/blanc-divoire#breadcrumb\"},\"inLanguage\":\"fr-FR\",\"potentialAction\":[{\"@type\":\"ReadAction\",\"target\":[\"https:\\\/\\\/home.diakse.com\\\/blanc-divoire\"]}]},{\"@type\":\"BreadcrumbList\",\"@id\":\"https:\\\/\\\/home.diakse.com\\\/blanc-divoire#breadcrumb\",\"itemListElement\":[{\"@type\":\"ListItem\",\"position\":1,\"name\":\"Accueil\",\"item\":\"https:\\\/\\\/home.diakse.com\\\/fr_fr\\\/\"},{\"@type\":\"ListItem\",\"position\":2,\"name\":\"Blanc d&rsquo;Ivoire : L&rsquo;outil de prospection indispensable : le showroom virtuel\"}]},{\"@type\":\"WebSite\",\"@id\":\"https:\\\/\\\/home.diakse.com\\\/fr_fr\\\/#website\",\"url\":\"https:\\\/\\\/home.diakse.com\\\/fr_fr\\\/\",\"name\":\"Diakse\",\"description\":\"Virtual Shops - La solution de cr\u00e9ation de boutiques virtuelles\",\"publisher\":{\"@id\":\"https:\\\/\\\/home.diakse.com\\\/fr_fr\\\/#organization\"},\"potentialAction\":[{\"@type\":\"SearchAction\",\"target\":{\"@type\":\"EntryPoint\",\"urlTemplate\":\"https:\\\/\\\/home.diakse.com\\\/fr_fr\\\/?s={search_term_string}\"},\"query-input\":{\"@type\":\"PropertyValueSpecification\",\"valueRequired\":true,\"valueName\":\"search_term_string\"}}],\"inLanguage\":\"fr-FR\"},{\"@type\":\"Organization\",\"@id\":\"https:\\\/\\\/home.diakse.com\\\/fr_fr\\\/#organization\",\"name\":\"Diakse\",\"url\":\"https:\\\/\\\/home.diakse.com\\\/fr_fr\\\/\",\"logo\":{\"@type\":\"ImageObject\",\"inLanguage\":\"fr-FR\",\"@id\":\"https:\\\/\\\/home.diakse.com\\\/fr_fr\\\/#\\\/schema\\\/logo\\\/image\\\/\",\"url\":\"https:\\\/\\\/home.diakse.com\\\/wp-content\\\/uploads\\\/2018\\\/01\\\/Diakse-V-business-3.0-Blanc.jpg\",\"contentUrl\":\"https:\\\/\\\/home.diakse.com\\\/wp-content\\\/uploads\\\/2018\\\/01\\\/Diakse-V-business-3.0-Blanc.jpg\",\"width\":1000,\"height\":440,\"caption\":\"Diakse\"},\"image\":{\"@id\":\"https:\\\/\\\/home.diakse.com\\\/fr_fr\\\/#\\\/schema\\\/logo\\\/image\\\/\"},\"sameAs\":[\"https:\\\/\\\/www.facebook.com\\\/diakse\",\"https:\\\/\\\/x.com\\\/Diakse_France\",\"https:\\\/\\\/www.instagram.com\\\/diakse.france\\\/\",\"https:\\\/\\\/www.linkedin.com\\\/company\\\/diakse\",\"https:\\\/\\\/www.youtube.com\\\/channel\\\/UCbymWs9j6MjXmcYDcU-LVJA\"]}]}<\/script>\n<!-- \/ Yoast SEO plugin. -->","yoast_head_json":{"title":"Blanc d'Ivoire : L'outil de prospection indispensable : le showroom virtuel","description":"Comment Blanc d'Ivoire propose \u00e0 ses clients une exp\u00e9rience de shopping immersive. Ainsi qu'\u00e0 ses prospects avec un syst\u00e8me de visio.","robots":{"index":"index","follow":"follow","max-snippet":"max-snippet:-1","max-image-preview":"max-image-preview:large","max-video-preview":"max-video-preview:-1"},"canonical":"https:\/\/home.diakse.com\/fr_fr\/blanc-divoire\/","og_locale":"fr_FR","og_type":"article","og_title":"Blanc d'Ivoire : L'outil de prospection indispensable : le showroom virtuel","og_description":"Comment Blanc d'Ivoire propose \u00e0 ses clients une exp\u00e9rience de shopping immersive. Ainsi qu'\u00e0 ses prospects avec un syst\u00e8me de visio.","og_url":"https:\/\/home.diakse.com\/fr_fr\/blanc-divoire\/","og_site_name":"Diakse","article_publisher":"https:\/\/www.facebook.com\/diakse","article_modified_time":"2022-10-25T21:00:12+00:00","twitter_card":"summary_large_image","twitter_site":"@Diakse_France","twitter_misc":{"Dur\u00e9e de lecture estim\u00e9e":"2 minutes"},"schema":{"@context":"https:\/\/schema.org","@graph":[{"@type":"WebPage","@id":"https:\/\/home.diakse.com\/blanc-divoire","url":"https:\/\/home.diakse.com\/blanc-divoire","name":"Blanc d'Ivoire : L'outil de prospection indispensable : le showroom virtuel","isPartOf":{"@id":"https:\/\/home.diakse.com\/fr_fr\/#website"},"datePublished":"2022-04-13T15:25:49+00:00","dateModified":"2022-10-25T21:00:12+00:00","description":"Comment Blanc d'Ivoire propose \u00e0 ses clients une exp\u00e9rience de shopping immersive. Ainsi qu'\u00e0 ses prospects avec un syst\u00e8me de visio.","breadcrumb":{"@id":"https:\/\/home.diakse.com\/blanc-divoire#breadcrumb"},"inLanguage":"fr-FR","potentialAction":[{"@type":"ReadAction","target":["https:\/\/home.diakse.com\/blanc-divoire"]}]},{"@type":"BreadcrumbList","@id":"https:\/\/home.diakse.com\/blanc-divoire#breadcrumb","itemListElement":[{"@type":"ListItem","position":1,"name":"Accueil","item":"https:\/\/home.diakse.com\/fr_fr\/"},{"@type":"ListItem","position":2,"name":"Blanc d&rsquo;Ivoire : L&rsquo;outil de prospection indispensable : le showroom virtuel"}]},{"@type":"WebSite","@id":"https:\/\/home.diakse.com\/fr_fr\/#website","url":"https:\/\/home.diakse.com\/fr_fr\/","name":"Diakse","description":"Virtual Shops - La solution de cr\u00e9ation de boutiques virtuelles","publisher":{"@id":"https:\/\/home.diakse.com\/fr_fr\/#organization"},"potentialAction":[{"@type":"SearchAction","target":{"@type":"EntryPoint","urlTemplate":"https:\/\/home.diakse.com\/fr_fr\/?s={search_term_string}"},"query-input":{"@type":"PropertyValueSpecification","valueRequired":true,"valueName":"search_term_string"}}],"inLanguage":"fr-FR"},{"@type":"Organization","@id":"https:\/\/home.diakse.com\/fr_fr\/#organization","name":"Diakse","url":"https:\/\/home.diakse.com\/fr_fr\/","logo":{"@type":"ImageObject","inLanguage":"fr-FR","@id":"https:\/\/home.diakse.com\/fr_fr\/#\/schema\/logo\/image\/","url":"https:\/\/home.diakse.com\/wp-content\/uploads\/2018\/01\/Diakse-V-business-3.0-Blanc.jpg","contentUrl":"https:\/\/home.diakse.com\/wp-content\/uploads\/2018\/01\/Diakse-V-business-3.0-Blanc.jpg","width":1000,"height":440,"caption":"Diakse"},"image":{"@id":"https:\/\/home.diakse.com\/fr_fr\/#\/schema\/logo\/image\/"},"sameAs":["https:\/\/www.facebook.com\/diakse","https:\/\/x.com\/Diakse_France","https:\/\/www.instagram.com\/diakse.france\/","https:\/\/www.linkedin.com\/company\/diakse","https:\/\/www.youtube.com\/channel\/UCbymWs9j6MjXmcYDcU-LVJA"]}]}},"_links":{"self":[{"href":"https:\/\/home.diakse.com\/fr_fr\/wp-json\/wp\/v2\/pages\/5025","targetHints":{"allow":["GET"]}}],"collection":[{"href":"https:\/\/home.diakse.com\/fr_fr\/wp-json\/wp\/v2\/pages"}],"about":[{"href":"https:\/\/home.diakse.com\/fr_fr\/wp-json\/wp\/v2\/types\/page"}],"author":[{"embeddable":true,"href":"https:\/\/home.diakse.com\/fr_fr\/wp-json\/wp\/v2\/users\/1"}],"replies":[{"embeddable":true,"href":"https:\/\/home.diakse.com\/fr_fr\/wp-json\/wp\/v2\/comments?post=5025"}],"version-history":[{"count":17,"href":"https:\/\/home.diakse.com\/fr_fr\/wp-json\/wp\/v2\/pages\/5025\/revisions"}],"predecessor-version":[{"id":5274,"href":"https:\/\/home.diakse.com\/fr_fr\/wp-json\/wp\/v2\/pages\/5025\/revisions\/5274"}],"wp:attachment":[{"href":"https:\/\/home.diakse.com\/fr_fr\/wp-json\/wp\/v2\/media?parent=5025"}],"curies":[{"name":"wp","href":"https:\/\/api.w.org\/{rel}","templated":true}]}}